{"id":1791,"date":"2022-04-21T03:36:59","date_gmt":"2022-04-21T03:36:59","guid":{"rendered":"https:\/\/gooddealersmeds.com\/sk\/?post_type=product&#038;p=1791"},"modified":"2022-10-03T22:05:23","modified_gmt":"2022-10-03T22:05:23","slug":"buy-anesket-online","status":"publish","type":"product","link":"https:\/\/gooddealersmeds.com\/sk\/product\/buy-anesket-online\/","title":{"rendered":"K\u00fapi\u0165 Anesket online"},"content":{"rendered":"<p>Na\u0161ou hlavnou \u010dinnos\u0165ou v <a href=\"https:\/\/gooddealersmeds.com\/sk\/\">Good Dealer Meds<\/a> je pon\u00fakanie anesketu na predaj. Z tohto d\u00f4vodu pon\u00fakame alebo dod\u00e1vame anesket na lek\u00e1rsky predpis alebo bez neho. Z\u00e1kazn\u00edci z cel\u00e9ho sveta si m\u00f4\u017eu k\u00fapi\u0165 Anesket Online na lek\u00e1rsky predpis alebo bez neho. Tento liek m\u00e1 v\u0161ak rovnak\u00fd \u00fa\u010dinok ako ketam\u00edn. Pou\u017e\u00edva sa na sed\u00e1ciu pacientov po\u010das ve\u013ek\u00fdch chirurgick\u00fdch z\u00e1krokov. V d\u00f4sledku toho patr\u00ed do rovnakej lek\u00e1rskej skupiny (Anestetikum).<\/p>\n<p>Droga sa dod\u00e1va v bezfarebnej injek\u010dnej liekovke, pod\u00e1va sa injek\u010dne a je mimoriadne \u00fa\u010dinn\u00e1 v\u010faka svojim halucinog\u00e9nnym a sedat\u00edvam. V\u00e4\u010d\u0161ina kraj\u00edn na celom svete pou\u017e\u00edva anesket na predaj ako prostriedok na uvo\u013enenie svalov. Okrem toho, \u017ee sa pou\u017e\u00edva ako sedat\u00edvum alebo anestetikum, liek m\u00f4\u017ee by\u0165 celkom prospe\u0161n\u00fd pri lie\u010dbe bolesti, depresie a zoznam pokra\u010duje.<\/p>\n<p>Anasket je liek schv\u00e1len\u00fd v\u00e4\u010d\u0161inou kraj\u00edn a pou\u017e\u00edva sa na celom svete. Na\u0161e dod\u00e1vky poch\u00e1dzaj\u00fa priamo od v\u00fdrobcu. Toto je laborat\u00f3rna kontrola, ktor\u00fa poskytujeme pod zna\u010dkou Anesket.<\/p>\n<p><strong>Lek\u00e1rsky predpis<\/strong><\/p>\n<p>Pure Anesket je liek na predpis. Je dos\u0165 siln\u00fd a v\u00e4\u010d\u0161ina \u013eud\u00ed ho pou\u017e\u00edva pod doh\u013eadom lek\u00e1ra. Nezvy\u0161ujte d\u00e1vku bez predch\u00e1dzaj\u00facej n\u00e1v\u0161tevy lek\u00e1ra. Deti jeho pou\u017e\u00edvanie neosved\u010dili, preto sa e\u0161te raz pora\u010fte s odborn\u00edkom. Uchov\u00e1vajte tento liek mimo dosahu mlad\u00fdch \u013eud\u00ed. V pr\u00edpade pred\u00e1vkovania jedom okam\u017eite vyh\u013eadajte lek\u00e1rsku pomoc.<\/p>\n<p><strong>Ved\u013eaj\u0161\u00ed \u00fa\u010dinok<\/strong><\/p>\n<p>Naj\u010dastej\u0161ie ved\u013eaj\u0161ie \u00fa\u010dinky zah\u0155\u0148aj\u00fa vyr\u00e1\u017eku, nevo\u013enos\u0165 alebo vracanie. Informujte svojho lek\u00e1ra, ak ste tehotn\u00e1 alebo trp\u00edte z\u00e1va\u017en\u00fdm srdcov\u00fdm ochoren\u00edm alebo ste ned\u00e1vno prekonali mozgov\u00fa pr\u00edhodu alebo ste utrpeli v\u00e1\u017ene poranenie hlavy alebo mozgu. Je bezpe\u010dn\u00fd na pou\u017eitie u doj\u010diacich matiek.<\/p>\n<p><strong>Doru\u010denie<\/strong><\/p>\n<p>Dobr\u00ed predajcovia Meds s\u00fa ve\u013emi zn\u00e1mymi\u00a0a\u00a0 spo\u013eahliv\u00fdm dod\u00e1vate\u013eom Pure Anesket 1000 mg \/ 10 ml na predaj . Na\u0161a dod\u00e1vka je bezpe\u010dn\u00e1, bezpe\u010dn\u00e1, r\u00fdchla, garancia a 100% diskr\u00e9tna dod\u00e1vka. Z bal\u00edka nie s\u00fa zverejnen\u00e9 \u017eiadne osobn\u00e9 \u00fadaje z\u00e1kazn\u00edka.<\/p>\n<p>M\u00f4\u017eete si k\u00fapi\u0165 <a href=\"https:\/\/gooddealersmeds.com\/sk\/product\/buy-anesket-online\/\">Anesket<\/a> online z n\u00e1\u0161ho obchodu s bezpe\u010dnou dopravou po celej Eur\u00f3pe.<\/p>\n","protected":false},"excerpt":{"rendered":"<p>K\u00fapte si Anesket online, ktor\u00fd sa pou\u017e\u00edva na usp\u00e1vanie pred oper\u00e1ciou a na prevenciu bolesti a nepohodlia. K\u00fapte si Anesket online od n\u00e1s online lacno.<\/p>\n","protected":false},"featured_media":1798,"comment_status":"open","ping_status":"closed","template":"","meta":{"inline_featured_image":false},"product_brand":[],"product_cat":[343],"product_tag":[],"class_list":{"0":"post-1791","1":"product","2":"type-product","3":"status-publish","4":"has-post-thumbnail","6":"product_cat-in","7":"pa_pills-100-pills","8":"pa_pills-1000-pills","9":"pa_pills-30-pills","10":"pa_pills-300-pills","11":"pa_pills-50-pills","12":"pa_pills-500-pills","14":"first","15":"instock","16":"shipping-taxable","17":"purchasable","18":"product-type-variable","19":"has-default-attributes"},"yoast_head":"<!-- This site is optimized with the Yoast SEO Premium plugin v20.6 (Yoast SEO v27.3) - https:\/\/yoast.com\/product\/yoast-seo-premium-wordpress\/ -->\n<title>K\u00fapi\u0165 Anesket online | Objedna\u0165 Anesket online Good Dealers Meds<\/title>\n<meta name=\"description\" content=\"K\u00fapte si Anesket online pon\u00fakan\u00fd dobr\u00fdmi predajcami Lieky pou\u017e\u00edvan\u00e9 na usp\u00e1vanie po\u010das ve\u013ek\u00fdch chirurgick\u00fdch z\u00e1krokov a na prevenciu bolesti a nepohodlia.\" \/>\n<meta name=\"robots\" content=\"index, follow, max-snippet:-1, max-image-preview:large, max-video-preview:-1\" \/>\n<link rel=\"canonical\" href=\"https:\/\/gooddealersmeds.com\/sk\/product\/buy-anesket-online\/\" \/>\n<meta property=\"og:locale\" content=\"en_US\" \/>\n<meta property=\"og:type\" content=\"article\" \/>\n<meta property=\"og:title\" content=\"K\u00fapi\u0165 Anesket online\" \/>\n<meta property=\"og:description\" content=\"K\u00fapte si Anesket online pon\u00fakan\u00fd dobr\u00fdmi predajcami Lieky pou\u017e\u00edvan\u00e9 na usp\u00e1vanie po\u010das ve\u013ek\u00fdch chirurgick\u00fdch z\u00e1krokov a na prevenciu bolesti a nepohodlia.\" \/>\n<meta property=\"og:url\" content=\"https:\/\/gooddealersmeds.com\/sk\/product\/buy-anesket-online\/\" \/>\n<meta property=\"og:site_name\" content=\"Good Dealers Meds\" \/>\n<meta property=\"article:modified_time\" content=\"2022-10-03T22:05:23+00:00\" \/>\n<meta property=\"og:image\" content=\"https:\/\/gooddealersmeds.com\/sk\/wp-content\/uploads\/sites\/9\/2022\/04\/anesket-1000mg-10ml-for-sale.png\" \/>\n\t<meta property=\"og:image:width\" content=\"500\" \/>\n\t<meta property=\"og:image:height\" content=\"500\" \/>\n\t<meta property=\"og:image:type\" content=\"image\/png\" \/>\n<meta name=\"twitter:card\" content=\"summary_large_image\" \/>\n<meta name=\"twitter:label1\" content=\"Est. reading time\" \/>\n\t<meta name=\"twitter:data1\" content=\"2 minutes\" \/>\n<script type=\"application\/ld+json\" class=\"yoast-schema-graph\">{\"@context\":\"https:\\\/\\\/schema.org\",\"@graph\":[{\"@type\":\"WebPage\",\"@id\":\"https:\\\/\\\/gooddealersmeds.com\\\/sk\\\/product\\\/buy-anesket-online\\\/\",\"url\":\"https:\\\/\\\/gooddealersmeds.com\\\/sk\\\/product\\\/buy-anesket-online\\\/\",\"name\":\"K\u00fapi\u0165 Anesket online | Objedna\u0165 Anesket online Good Dealers Meds\",\"isPartOf\":{\"@id\":\"https:\\\/\\\/gooddealersmeds.com\\\/sk\\\/#website\"},\"primaryImageOfPage\":{\"@id\":\"https:\\\/\\\/gooddealersmeds.com\\\/sk\\\/product\\\/buy-anesket-online\\\/#primaryimage\"},\"image\":{\"@id\":\"https:\\\/\\\/gooddealersmeds.com\\\/sk\\\/product\\\/buy-anesket-online\\\/#primaryimage\"},\"thumbnailUrl\":\"https:\\\/\\\/gooddealersmeds.com\\\/sk\\\/wp-content\\\/uploads\\\/sites\\\/9\\\/2022\\\/04\\\/anesket-1000mg-10ml-for-sale.png\",\"datePublished\":\"2022-04-21T03:36:59+00:00\",\"dateModified\":\"2022-10-03T22:05:23+00:00\",\"description\":\"K\u00fapte si Anesket online pon\u00fakan\u00fd dobr\u00fdmi predajcami Lieky pou\u017e\u00edvan\u00e9 na usp\u00e1vanie po\u010das ve\u013ek\u00fdch chirurgick\u00fdch z\u00e1krokov a na prevenciu bolesti a nepohodlia.\",\"breadcrumb\":{\"@id\":\"https:\\\/\\\/gooddealersmeds.com\\\/sk\\\/product\\\/buy-anesket-online\\\/#breadcrumb\"},\"inLanguage\":\"en-US\",\"potentialAction\":[{\"@type\":\"ReadAction\",\"target\":[\"https:\\\/\\\/gooddealersmeds.com\\\/sk\\\/product\\\/buy-anesket-online\\\/\"]}]},{\"@type\":\"ImageObject\",\"inLanguage\":\"en-US\",\"@id\":\"https:\\\/\\\/gooddealersmeds.com\\\/sk\\\/product\\\/buy-anesket-online\\\/#primaryimage\",\"url\":\"https:\\\/\\\/gooddealersmeds.com\\\/sk\\\/wp-content\\\/uploads\\\/sites\\\/9\\\/2022\\\/04\\\/anesket-1000mg-10ml-for-sale.png\",\"contentUrl\":\"https:\\\/\\\/gooddealersmeds.com\\\/sk\\\/wp-content\\\/uploads\\\/sites\\\/9\\\/2022\\\/04\\\/anesket-1000mg-10ml-for-sale.png\",\"width\":500,\"height\":500,\"caption\":\"Buy Anesket online\"},{\"@type\":\"BreadcrumbList\",\"@id\":\"https:\\\/\\\/gooddealersmeds.com\\\/sk\\\/product\\\/buy-anesket-online\\\/#breadcrumb\",\"itemListElement\":[{\"@type\":\"ListItem\",\"position\":1,\"name\":\"Home\",\"item\":\"https:\\\/\\\/gooddealersmeds.com\\\/sk\\\/\"},{\"@type\":\"ListItem\",\"position\":2,\"name\":\"Produkty\",\"item\":\"https:\\\/\\\/gooddealersmeds.com\\\/sk\\\/produkty\\\/\"},{\"@type\":\"ListItem\",\"position\":3,\"name\":\"K\u00fapi\u0165 Anesket online\"}]},{\"@type\":\"WebSite\",\"@id\":\"https:\\\/\\\/gooddealersmeds.com\\\/sk\\\/#website\",\"url\":\"https:\\\/\\\/gooddealersmeds.com\\\/sk\\\/\",\"name\":\"Good Dealers Meds\",\"description\":\"All our best\",\"publisher\":{\"@id\":\"https:\\\/\\\/gooddealersmeds.com\\\/sk\\\/#organization\"},\"potentialAction\":[{\"@type\":\"SearchAction\",\"target\":{\"@type\":\"EntryPoint\",\"urlTemplate\":\"https:\\\/\\\/gooddealersmeds.com\\\/sk\\\/?s={search_term_string}\"},\"query-input\":{\"@type\":\"PropertyValueSpecification\",\"valueRequired\":true,\"valueName\":\"search_term_string\"}}],\"inLanguage\":\"en-US\"},{\"@type\":\"Organization\",\"@id\":\"https:\\\/\\\/gooddealersmeds.com\\\/sk\\\/#organization\",\"name\":\"Good Dealers Meds\",\"url\":\"https:\\\/\\\/gooddealersmeds.com\\\/sk\\\/\",\"logo\":{\"@type\":\"ImageObject\",\"inLanguage\":\"en-US\",\"@id\":\"https:\\\/\\\/gooddealersmeds.com\\\/sk\\\/#\\\/schema\\\/logo\\\/image\\\/\",\"url\":\"https:\\\/\\\/gooddealersmeds.com\\\/sk\\\/wp-content\\\/uploads\\\/sites\\\/9\\\/2022\\\/03\\\/gooddealersmeds__logo__20220317T222800Z.00.png\",\"contentUrl\":\"https:\\\/\\\/gooddealersmeds.com\\\/sk\\\/wp-content\\\/uploads\\\/sites\\\/9\\\/2022\\\/03\\\/gooddealersmeds__logo__20220317T222800Z.00.png\",\"width\":500,\"height\":325,\"caption\":\"Good Dealers Meds\"},\"image\":{\"@id\":\"https:\\\/\\\/gooddealersmeds.com\\\/sk\\\/#\\\/schema\\\/logo\\\/image\\\/\"}}]}<\/script>\n<!-- \/ Yoast SEO Premium plugin. -->","yoast_head_json":{"title":"K\u00fapi\u0165 Anesket online | Objedna\u0165 Anesket online Good Dealers Meds","description":"K\u00fapte si Anesket online pon\u00fakan\u00fd dobr\u00fdmi predajcami Lieky pou\u017e\u00edvan\u00e9 na usp\u00e1vanie po\u010das ve\u013ek\u00fdch chirurgick\u00fdch z\u00e1krokov a na prevenciu bolesti a nepohodlia.","robots":{"index":"index","follow":"follow","max-snippet":"max-snippet:-1","max-image-preview":"max-image-preview:large","max-video-preview":"max-video-preview:-1"},"canonical":"https:\/\/gooddealersmeds.com\/sk\/product\/buy-anesket-online\/","og_locale":"en_US","og_type":"article","og_title":"K\u00fapi\u0165 Anesket online","og_description":"K\u00fapte si Anesket online pon\u00fakan\u00fd dobr\u00fdmi predajcami Lieky pou\u017e\u00edvan\u00e9 na usp\u00e1vanie po\u010das ve\u013ek\u00fdch chirurgick\u00fdch z\u00e1krokov a na prevenciu bolesti a nepohodlia.","og_url":"https:\/\/gooddealersmeds.com\/sk\/product\/buy-anesket-online\/","og_site_name":"Good Dealers Meds","article_modified_time":"2022-10-03T22:05:23+00:00","og_image":[{"width":500,"height":500,"url":"https:\/\/gooddealersmeds.com\/sk\/wp-content\/uploads\/sites\/9\/2022\/04\/anesket-1000mg-10ml-for-sale.png","type":"image\/png"}],"twitter_card":"summary_large_image","twitter_misc":{"Est. reading time":"2 minutes"},"schema":{"@context":"https:\/\/schema.org","@graph":[{"@type":"WebPage","@id":"https:\/\/gooddealersmeds.com\/sk\/product\/buy-anesket-online\/","url":"https:\/\/gooddealersmeds.com\/sk\/product\/buy-anesket-online\/","name":"K\u00fapi\u0165 Anesket online | Objedna\u0165 Anesket online Good Dealers Meds","isPartOf":{"@id":"https:\/\/gooddealersmeds.com\/sk\/#website"},"primaryImageOfPage":{"@id":"https:\/\/gooddealersmeds.com\/sk\/product\/buy-anesket-online\/#primaryimage"},"image":{"@id":"https:\/\/gooddealersmeds.com\/sk\/product\/buy-anesket-online\/#primaryimage"},"thumbnailUrl":"https:\/\/gooddealersmeds.com\/sk\/wp-content\/uploads\/sites\/9\/2022\/04\/anesket-1000mg-10ml-for-sale.png","datePublished":"2022-04-21T03:36:59+00:00","dateModified":"2022-10-03T22:05:23+00:00","description":"K\u00fapte si Anesket online pon\u00fakan\u00fd dobr\u00fdmi predajcami Lieky pou\u017e\u00edvan\u00e9 na usp\u00e1vanie po\u010das ve\u013ek\u00fdch chirurgick\u00fdch z\u00e1krokov a na prevenciu bolesti a nepohodlia.","breadcrumb":{"@id":"https:\/\/gooddealersmeds.com\/sk\/product\/buy-anesket-online\/#breadcrumb"},"inLanguage":"en-US","potentialAction":[{"@type":"ReadAction","target":["https:\/\/gooddealersmeds.com\/sk\/product\/buy-anesket-online\/"]}]},{"@type":"ImageObject","inLanguage":"en-US","@id":"https:\/\/gooddealersmeds.com\/sk\/product\/buy-anesket-online\/#primaryimage","url":"https:\/\/gooddealersmeds.com\/sk\/wp-content\/uploads\/sites\/9\/2022\/04\/anesket-1000mg-10ml-for-sale.png","contentUrl":"https:\/\/gooddealersmeds.com\/sk\/wp-content\/uploads\/sites\/9\/2022\/04\/anesket-1000mg-10ml-for-sale.png","width":500,"height":500,"caption":"Buy Anesket online"},{"@type":"BreadcrumbList","@id":"https:\/\/gooddealersmeds.com\/sk\/product\/buy-anesket-online\/#breadcrumb","itemListElement":[{"@type":"ListItem","position":1,"name":"Home","item":"https:\/\/gooddealersmeds.com\/sk\/"},{"@type":"ListItem","position":2,"name":"Produkty","item":"https:\/\/gooddealersmeds.com\/sk\/produkty\/"},{"@type":"ListItem","position":3,"name":"K\u00fapi\u0165 Anesket online"}]},{"@type":"WebSite","@id":"https:\/\/gooddealersmeds.com\/sk\/#website","url":"https:\/\/gooddealersmeds.com\/sk\/","name":"Good Dealers Meds","description":"All our best","publisher":{"@id":"https:\/\/gooddealersmeds.com\/sk\/#organization"},"potentialAction":[{"@type":"SearchAction","target":{"@type":"EntryPoint","urlTemplate":"https:\/\/gooddealersmeds.com\/sk\/?s={search_term_string}"},"query-input":{"@type":"PropertyValueSpecification","valueRequired":true,"valueName":"search_term_string"}}],"inLanguage":"en-US"},{"@type":"Organization","@id":"https:\/\/gooddealersmeds.com\/sk\/#organization","name":"Good Dealers Meds","url":"https:\/\/gooddealersmeds.com\/sk\/","logo":{"@type":"ImageObject","inLanguage":"en-US","@id":"https:\/\/gooddealersmeds.com\/sk\/#\/schema\/logo\/image\/","url":"https:\/\/gooddealersmeds.com\/sk\/wp-content\/uploads\/sites\/9\/2022\/03\/gooddealersmeds__logo__20220317T222800Z.00.png","contentUrl":"https:\/\/gooddealersmeds.com\/sk\/wp-content\/uploads\/sites\/9\/2022\/03\/gooddealersmeds__logo__20220317T222800Z.00.png","width":500,"height":325,"caption":"Good Dealers Meds"},"image":{"@id":"https:\/\/gooddealersmeds.com\/sk\/#\/schema\/logo\/image\/"}}]}},"_links":{"self":[{"href":"https:\/\/gooddealersmeds.com\/sk\/wp-json\/wp\/v2\/product\/1791","targetHints":{"allow":["GET"]}}],"collection":[{"href":"https:\/\/gooddealersmeds.com\/sk\/wp-json\/wp\/v2\/product"}],"about":[{"href":"https:\/\/gooddealersmeds.com\/sk\/wp-json\/wp\/v2\/types\/product"}],"replies":[{"embeddable":true,"href":"https:\/\/gooddealersmeds.com\/sk\/wp-json\/wp\/v2\/comments?post=1791"}],"wp:featuredmedia":[{"embeddable":true,"href":"https:\/\/gooddealersmeds.com\/sk\/wp-json\/wp\/v2\/media\/1798"}],"wp:attachment":[{"href":"https:\/\/gooddealersmeds.com\/sk\/wp-json\/wp\/v2\/media?parent=1791"}],"wp:term":[{"taxonomy":"product_brand","embeddable":true,"href":"https:\/\/gooddealersmeds.com\/sk\/wp-json\/wp\/v2\/product_brand?post=1791"},{"taxonomy":"product_cat","embeddable":true,"href":"https:\/\/gooddealersmeds.com\/sk\/wp-json\/wp\/v2\/product_cat?post=1791"},{"taxonomy":"product_tag","embeddable":true,"href":"https:\/\/gooddealersmeds.com\/sk\/wp-json\/wp\/v2\/product_tag?post=1791"}],"curies":[{"name":"wp","href":"https:\/\/api.w.org\/{rel}","templated":true}]}}