{"id":1749,"date":"2022-03-19T02:56:20","date_gmt":"2022-03-19T02:56:20","guid":{"rendered":"https:\/\/gooddealersmeds.com\/sk\/?post_type=product&#038;p=1749"},"modified":"2022-10-03T22:05:29","modified_gmt":"2022-10-03T22:05:29","slug":"kupit-fentanyl-nosovy-sprej","status":"publish","type":"product","link":"https:\/\/gooddealersmeds.com\/sk\/product\/kupit-fentanyl-nosovy-sprej\/","title":{"rendered":"K\u00fapte si Fentanyl nosov\u00fd sprej"},"content":{"rendered":"<p>K\u00fapte si fentanylov\u00fa nosov\u00fa aerodisperziu, ktor\u00e1 sa pou\u017e\u00edva na lie\u010dbu prelomovej bolesti (bolesti, ktor\u00e1 sa vyskytuje napriek nepretr\u017eitej lie\u010dbe liekmi proti bolesti) u pacientov s rakovinou vo veku 18 rokov alebo star\u0161\u00edch, ktor\u00ed pravidelne u\u017e\u00edvaj\u00fa pl\u00e1novan\u00e9 d\u00e1vky in\u00e9ho narkotick\u00e9ho (opi\u00e1tov\u00e9ho) lieku proti bolesti a s\u00fa tolerantn\u00ed (zvyknut\u00ed na \u00fa\u010dinky liekov). Fentanyl patr\u00ed do triedy liekov zn\u00e1mych ako narkotick\u00e9 (opi\u00e1tov\u00e9) analgetik\u00e1. \u00da\u010dinkuje tak, \u017ee men\u00ed reakciu mozgu a nervov\u00e9ho syst\u00e9mu na boles\u0165.<\/p>\n<p>Tento liek je ur\u010den\u00fd na pou\u017eitie v nose. Skontrolujte, \u010di pou\u017e\u00edvate nosov\u00fd sprej spr\u00e1vne. Ak m\u00e1te nejak\u00e9 ot\u00e1zky, obr\u00e1\u0165te sa na svojho lek\u00e1ra alebo zdravotn\u00edckeho pracovn\u00edka. Neu\u017e\u00edvajte ho \u010dastej\u0161ie, ako je predp\u00edsan\u00e9.<\/p>\n<p>V\u00e1\u0161 lek\u00e1r v\u00e1m nasad\u00ed n\u00edzku d\u00e1vku fentanylu v nosovej aerodisperzii a bude v\u00e1m postupne zvy\u0161ova\u0165 d\u00e1vku, k\u00fdm nen\u00e1jdete d\u00e1vku, ktor\u00e1 v\u00e1m u\u013eav\u00ed od prelomovej bolesti. Ak m\u00e1te boles\u0165 aj 30 min\u00fat po pou\u017eit\u00ed fentanylu v nosovej aerodisperzii, v\u00e1\u0161 lek\u00e1r v\u00e1m m\u00f4\u017ee poveda\u0165, aby ste pou\u017eili in\u00fd liek proti bolesti na zmiernenie tejto bolesti a m\u00f4\u017ee zv\u00fd\u0161i\u0165 va\u0161u d\u00e1vku fentanylu v nosovej aerodisperzii na lie\u010dbu \u010fal\u0161ej epiz\u00f3dy bolesti. <em>Nezvy\u0161ujte svoju d\u00e1vku fentanylu v nosovej aerodisperzii, pokia\u013e v\u00e1m to nepovie v\u00e1\u0161 lek\u00e1r<\/em>.<\/p>\n<p>Ved\u013eaj\u0161ie \u00fa\u010dinky, ktor\u00e9 by ste mali \u010do najsk\u00f4r nahl\u00e1si\u0165 svojmu lek\u00e1rovi alebo zdravotn\u00edckemu pracovn\u00edkovi: <\/p>\n<ul>\n<li>Alergick\u00e9 reakcie ako ko\u017en\u00e1 vyr\u00e1\u017eka, svrbenie alebo \u017eih\u013eavka, opuch tv\u00e1re, pier alebo jazyka<\/li>\n<li>Probl\u00e9my s d\u00fdchan\u00edm<\/li>\n<li>Zm\u00e4tenos\u0165<\/li>\n<li>Znaky a pr\u00edznaky n\u00edzkeho krvn\u00e9ho tlaku, ako je z\u00e1vrat; pocit mdloby alebo to\u010denia hlavy, p\u00e1dy; nezvy\u010dajne slab\u00fd alebo unaven\u00fd<\/li>\n<li>Probl\u00e9my s mo\u010den\u00edm alebo zmena mno\u017estva mo\u010du<\/li>\n<\/ul>\n<p>Fentanyl nosov\u00fa aerodisperziu uchov\u00e1vajte v obale zabezpe\u010denom pred de\u0165mi, tesne uzavret\u00fd a mimo dosahu det\u00ed. N\u00e1dobu a vrecko s detskou poistkou uchov\u00e1vajte v kart\u00f3novej \u0161katuli, v ktorej boli dodan\u00e9, ke\u010f sa nepou\u017e\u00edvaj\u00fa.<\/p>\n<p>Z\u00e1kazn\u00edci z celej Eur\u00f3py si m\u00f4\u017eu jednoducho k\u00fapi\u0165 fentanylov\u00fd nosov\u00fd sprej v na\u0161om internetovom obchode.<\/p>\n","protected":false},"excerpt":{"rendered":"<p>FENTANYL (FEN ta nil) je liek proti bolesti. Pou\u017e\u00edva sa na lie\u010dbu prelomovej bolesti sp\u00f4sobenej rakovinou, ktor\u00fa v\u00e1\u0161 dlhodobo p\u00f4sobiaci liek proti bolesti nekontroluje. Nepou\u017e\u00edvajte tento liek na boles\u0165, ktor\u00e1 ust\u00fapi za nieko\u013eko dn\u00ed, ako je boles\u0165 po oper\u00e1cii, n\u00e1v\u0161teve lek\u00e1ra alebo zub\u00e1ra. Liek pou\u017e\u00edvaj\u00fa iba \u013eudia, ktor\u00ed aspo\u0148 t\u00fd\u017ede\u0148 u\u017e\u00edvali opioidn\u00e9 alebo narkotick\u00e9 lieky proti bolesti.<\/p>\n<p>&nbsp;<\/p>\n<p>Tento liek mo\u017eno pou\u017ei\u0165 na in\u00e9 \u00fa\u010dely; ak m\u00e1te ot\u00e1zky, op\u00fdtajte sa svojho poskytovate\u013ea zdravotnej starostlivosti alebo lek\u00e1rnika.<\/p>\n","protected":false},"featured_media":1755,"comment_status":"open","ping_status":"closed","template":"","meta":{"inline_featured_image":false},"product_brand":[],"product_cat":[347],"product_tag":[],"class_list":{"0":"post-1749","1":"product","2":"type-product","3":"status-publish","4":"has-post-thumbnail","6":"product_cat-opioidn-liek-proti-bolesti","8":"first","9":"instock","10":"shipping-taxable","11":"purchasable","12":"product-type-variable","13":"has-default-attributes"},"yoast_head":"<!-- This site is optimized with the Yoast SEO Premium plugin v20.6 (Yoast SEO v27.4) - https:\/\/yoast.com\/product\/yoast-seo-premium-wordpress\/ -->\n<title>K\u00fapte si Fentanyl nosov\u00fd sprej | Good Dealers Meds<\/title>\n<meta name=\"description\" content=\"K\u00fapte si Fentanyl nosov\u00fd sprej, dod\u00e1vame vysoko kvalitn\u00fd fentanylov\u00fd nosov\u00fd sprej za dobr\u00fa a dostupn\u00fa cenu, kontaktujte n\u00e1s pre viac inform\u00e1ci\u00ed.\" \/>\n<meta name=\"robots\" content=\"index, follow, max-snippet:-1, max-image-preview:large, max-video-preview:-1\" \/>\n<link rel=\"canonical\" href=\"https:\/\/gooddealersmeds.com\/sk\/product\/kupit-fentanyl-nosovy-sprej\/\" \/>\n<meta property=\"og:locale\" content=\"en_US\" \/>\n<meta property=\"og:type\" content=\"article\" \/>\n<meta property=\"og:title\" content=\"K\u00fapte si Fentanyl nosov\u00fd sprej\" \/>\n<meta property=\"og:description\" content=\"K\u00fapte si Fentanyl nosov\u00fd sprej, dod\u00e1vame vysoko kvalitn\u00fd fentanylov\u00fd nosov\u00fd sprej za dobr\u00fa a dostupn\u00fa cenu, kontaktujte n\u00e1s pre viac inform\u00e1ci\u00ed.\" \/>\n<meta property=\"og:url\" content=\"https:\/\/gooddealersmeds.com\/sk\/product\/kupit-fentanyl-nosovy-sprej\/\" \/>\n<meta property=\"og:site_name\" content=\"Good Dealers Meds\" \/>\n<meta property=\"article:modified_time\" content=\"2022-10-03T22:05:29+00:00\" \/>\n<meta property=\"og:image\" content=\"https:\/\/gooddealersmeds.com\/sk\/wp-content\/uploads\/sites\/9\/2022\/03\/Fentanyl-Nasal-Spray-20201024234300-600x600-1.jpg\" \/>\n\t<meta property=\"og:image:width\" content=\"600\" \/>\n\t<meta property=\"og:image:height\" content=\"600\" \/>\n\t<meta property=\"og:image:type\" content=\"image\/jpeg\" \/>\n<meta name=\"twitter:card\" content=\"summary_large_image\" \/>\n<meta name=\"twitter:label1\" content=\"Est. reading time\" \/>\n\t<meta name=\"twitter:data1\" content=\"2 minutes\" \/>\n<script type=\"application\/ld+json\" class=\"yoast-schema-graph\">{\"@context\":\"https:\\\/\\\/schema.org\",\"@graph\":[{\"@type\":\"WebPage\",\"@id\":\"https:\\\/\\\/gooddealersmeds.com\\\/sk\\\/product\\\/kupit-fentanyl-nosovy-sprej\\\/\",\"url\":\"https:\\\/\\\/gooddealersmeds.com\\\/sk\\\/product\\\/kupit-fentanyl-nosovy-sprej\\\/\",\"name\":\"K\u00fapte si Fentanyl nosov\u00fd sprej | Good Dealers Meds\",\"isPartOf\":{\"@id\":\"https:\\\/\\\/gooddealersmeds.com\\\/sk\\\/#website\"},\"primaryImageOfPage\":{\"@id\":\"https:\\\/\\\/gooddealersmeds.com\\\/sk\\\/product\\\/kupit-fentanyl-nosovy-sprej\\\/#primaryimage\"},\"image\":{\"@id\":\"https:\\\/\\\/gooddealersmeds.com\\\/sk\\\/product\\\/kupit-fentanyl-nosovy-sprej\\\/#primaryimage\"},\"thumbnailUrl\":\"https:\\\/\\\/gooddealersmeds.com\\\/sk\\\/wp-content\\\/uploads\\\/sites\\\/9\\\/2022\\\/03\\\/Fentanyl-Nasal-Spray-20201024234300-600x600-1.jpg\",\"datePublished\":\"2022-03-19T02:56:20+00:00\",\"dateModified\":\"2022-10-03T22:05:29+00:00\",\"description\":\"K\u00fapte si Fentanyl nosov\u00fd sprej, dod\u00e1vame vysoko kvalitn\u00fd fentanylov\u00fd nosov\u00fd sprej za dobr\u00fa a dostupn\u00fa cenu, kontaktujte n\u00e1s pre viac inform\u00e1ci\u00ed.\",\"breadcrumb\":{\"@id\":\"https:\\\/\\\/gooddealersmeds.com\\\/sk\\\/product\\\/kupit-fentanyl-nosovy-sprej\\\/#breadcrumb\"},\"inLanguage\":\"en-US\",\"potentialAction\":[{\"@type\":\"ReadAction\",\"target\":[\"https:\\\/\\\/gooddealersmeds.com\\\/sk\\\/product\\\/kupit-fentanyl-nosovy-sprej\\\/\"]}]},{\"@type\":\"ImageObject\",\"inLanguage\":\"en-US\",\"@id\":\"https:\\\/\\\/gooddealersmeds.com\\\/sk\\\/product\\\/kupit-fentanyl-nosovy-sprej\\\/#primaryimage\",\"url\":\"https:\\\/\\\/gooddealersmeds.com\\\/sk\\\/wp-content\\\/uploads\\\/sites\\\/9\\\/2022\\\/03\\\/Fentanyl-Nasal-Spray-20201024234300-600x600-1.jpg\",\"contentUrl\":\"https:\\\/\\\/gooddealersmeds.com\\\/sk\\\/wp-content\\\/uploads\\\/sites\\\/9\\\/2022\\\/03\\\/Fentanyl-Nasal-Spray-20201024234300-600x600-1.jpg\",\"width\":600,\"height\":600},{\"@type\":\"BreadcrumbList\",\"@id\":\"https:\\\/\\\/gooddealersmeds.com\\\/sk\\\/product\\\/kupit-fentanyl-nosovy-sprej\\\/#breadcrumb\",\"itemListElement\":[{\"@type\":\"ListItem\",\"position\":1,\"name\":\"Home\",\"item\":\"https:\\\/\\\/gooddealersmeds.com\\\/sk\\\/\"},{\"@type\":\"ListItem\",\"position\":2,\"name\":\"Produkty\",\"item\":\"https:\\\/\\\/gooddealersmeds.com\\\/sk\\\/produkty\\\/\"},{\"@type\":\"ListItem\",\"position\":3,\"name\":\"K\u00fapte si Fentanyl nosov\u00fd sprej\"}]},{\"@type\":\"WebSite\",\"@id\":\"https:\\\/\\\/gooddealersmeds.com\\\/sk\\\/#website\",\"url\":\"https:\\\/\\\/gooddealersmeds.com\\\/sk\\\/\",\"name\":\"Good Dealers Meds\",\"description\":\"All our best\",\"publisher\":{\"@id\":\"https:\\\/\\\/gooddealersmeds.com\\\/sk\\\/#organization\"},\"potentialAction\":[{\"@type\":\"SearchAction\",\"target\":{\"@type\":\"EntryPoint\",\"urlTemplate\":\"https:\\\/\\\/gooddealersmeds.com\\\/sk\\\/?s={search_term_string}\"},\"query-input\":{\"@type\":\"PropertyValueSpecification\",\"valueRequired\":true,\"valueName\":\"search_term_string\"}}],\"inLanguage\":\"en-US\"},{\"@type\":\"Organization\",\"@id\":\"https:\\\/\\\/gooddealersmeds.com\\\/sk\\\/#organization\",\"name\":\"Good Dealers Meds\",\"url\":\"https:\\\/\\\/gooddealersmeds.com\\\/sk\\\/\",\"logo\":{\"@type\":\"ImageObject\",\"inLanguage\":\"en-US\",\"@id\":\"https:\\\/\\\/gooddealersmeds.com\\\/sk\\\/#\\\/schema\\\/logo\\\/image\\\/\",\"url\":\"https:\\\/\\\/gooddealersmeds.com\\\/sk\\\/wp-content\\\/uploads\\\/sites\\\/9\\\/2022\\\/03\\\/gooddealersmeds__logo__20220317T222800Z.00.png\",\"contentUrl\":\"https:\\\/\\\/gooddealersmeds.com\\\/sk\\\/wp-content\\\/uploads\\\/sites\\\/9\\\/2022\\\/03\\\/gooddealersmeds__logo__20220317T222800Z.00.png\",\"width\":500,\"height\":325,\"caption\":\"Good Dealers Meds\"},\"image\":{\"@id\":\"https:\\\/\\\/gooddealersmeds.com\\\/sk\\\/#\\\/schema\\\/logo\\\/image\\\/\"}}]}<\/script>\n<!-- \/ Yoast SEO Premium plugin. -->","yoast_head_json":{"title":"K\u00fapte si Fentanyl nosov\u00fd sprej | Good Dealers Meds","description":"K\u00fapte si Fentanyl nosov\u00fd sprej, dod\u00e1vame vysoko kvalitn\u00fd fentanylov\u00fd nosov\u00fd sprej za dobr\u00fa a dostupn\u00fa cenu, kontaktujte n\u00e1s pre viac inform\u00e1ci\u00ed.","robots":{"index":"index","follow":"follow","max-snippet":"max-snippet:-1","max-image-preview":"max-image-preview:large","max-video-preview":"max-video-preview:-1"},"canonical":"https:\/\/gooddealersmeds.com\/sk\/product\/kupit-fentanyl-nosovy-sprej\/","og_locale":"en_US","og_type":"article","og_title":"K\u00fapte si Fentanyl nosov\u00fd sprej","og_description":"K\u00fapte si Fentanyl nosov\u00fd sprej, dod\u00e1vame vysoko kvalitn\u00fd fentanylov\u00fd nosov\u00fd sprej za dobr\u00fa a dostupn\u00fa cenu, kontaktujte n\u00e1s pre viac inform\u00e1ci\u00ed.","og_url":"https:\/\/gooddealersmeds.com\/sk\/product\/kupit-fentanyl-nosovy-sprej\/","og_site_name":"Good Dealers Meds","article_modified_time":"2022-10-03T22:05:29+00:00","og_image":[{"width":600,"height":600,"url":"https:\/\/gooddealersmeds.com\/sk\/wp-content\/uploads\/sites\/9\/2022\/03\/Fentanyl-Nasal-Spray-20201024234300-600x600-1.jpg","type":"image\/jpeg"}],"twitter_card":"summary_large_image","twitter_misc":{"Est. reading time":"2 minutes"},"schema":{"@context":"https:\/\/schema.org","@graph":[{"@type":"WebPage","@id":"https:\/\/gooddealersmeds.com\/sk\/product\/kupit-fentanyl-nosovy-sprej\/","url":"https:\/\/gooddealersmeds.com\/sk\/product\/kupit-fentanyl-nosovy-sprej\/","name":"K\u00fapte si Fentanyl nosov\u00fd sprej | Good Dealers Meds","isPartOf":{"@id":"https:\/\/gooddealersmeds.com\/sk\/#website"},"primaryImageOfPage":{"@id":"https:\/\/gooddealersmeds.com\/sk\/product\/kupit-fentanyl-nosovy-sprej\/#primaryimage"},"image":{"@id":"https:\/\/gooddealersmeds.com\/sk\/product\/kupit-fentanyl-nosovy-sprej\/#primaryimage"},"thumbnailUrl":"https:\/\/gooddealersmeds.com\/sk\/wp-content\/uploads\/sites\/9\/2022\/03\/Fentanyl-Nasal-Spray-20201024234300-600x600-1.jpg","datePublished":"2022-03-19T02:56:20+00:00","dateModified":"2022-10-03T22:05:29+00:00","description":"K\u00fapte si Fentanyl nosov\u00fd sprej, dod\u00e1vame vysoko kvalitn\u00fd fentanylov\u00fd nosov\u00fd sprej za dobr\u00fa a dostupn\u00fa cenu, kontaktujte n\u00e1s pre viac inform\u00e1ci\u00ed.","breadcrumb":{"@id":"https:\/\/gooddealersmeds.com\/sk\/product\/kupit-fentanyl-nosovy-sprej\/#breadcrumb"},"inLanguage":"en-US","potentialAction":[{"@type":"ReadAction","target":["https:\/\/gooddealersmeds.com\/sk\/product\/kupit-fentanyl-nosovy-sprej\/"]}]},{"@type":"ImageObject","inLanguage":"en-US","@id":"https:\/\/gooddealersmeds.com\/sk\/product\/kupit-fentanyl-nosovy-sprej\/#primaryimage","url":"https:\/\/gooddealersmeds.com\/sk\/wp-content\/uploads\/sites\/9\/2022\/03\/Fentanyl-Nasal-Spray-20201024234300-600x600-1.jpg","contentUrl":"https:\/\/gooddealersmeds.com\/sk\/wp-content\/uploads\/sites\/9\/2022\/03\/Fentanyl-Nasal-Spray-20201024234300-600x600-1.jpg","width":600,"height":600},{"@type":"BreadcrumbList","@id":"https:\/\/gooddealersmeds.com\/sk\/product\/kupit-fentanyl-nosovy-sprej\/#breadcrumb","itemListElement":[{"@type":"ListItem","position":1,"name":"Home","item":"https:\/\/gooddealersmeds.com\/sk\/"},{"@type":"ListItem","position":2,"name":"Produkty","item":"https:\/\/gooddealersmeds.com\/sk\/produkty\/"},{"@type":"ListItem","position":3,"name":"K\u00fapte si Fentanyl nosov\u00fd sprej"}]},{"@type":"WebSite","@id":"https:\/\/gooddealersmeds.com\/sk\/#website","url":"https:\/\/gooddealersmeds.com\/sk\/","name":"Good Dealers Meds","description":"All our best","publisher":{"@id":"https:\/\/gooddealersmeds.com\/sk\/#organization"},"potentialAction":[{"@type":"SearchAction","target":{"@type":"EntryPoint","urlTemplate":"https:\/\/gooddealersmeds.com\/sk\/?s={search_term_string}"},"query-input":{"@type":"PropertyValueSpecification","valueRequired":true,"valueName":"search_term_string"}}],"inLanguage":"en-US"},{"@type":"Organization","@id":"https:\/\/gooddealersmeds.com\/sk\/#organization","name":"Good Dealers Meds","url":"https:\/\/gooddealersmeds.com\/sk\/","logo":{"@type":"ImageObject","inLanguage":"en-US","@id":"https:\/\/gooddealersmeds.com\/sk\/#\/schema\/logo\/image\/","url":"https:\/\/gooddealersmeds.com\/sk\/wp-content\/uploads\/sites\/9\/2022\/03\/gooddealersmeds__logo__20220317T222800Z.00.png","contentUrl":"https:\/\/gooddealersmeds.com\/sk\/wp-content\/uploads\/sites\/9\/2022\/03\/gooddealersmeds__logo__20220317T222800Z.00.png","width":500,"height":325,"caption":"Good Dealers Meds"},"image":{"@id":"https:\/\/gooddealersmeds.com\/sk\/#\/schema\/logo\/image\/"}}]}},"_links":{"self":[{"href":"https:\/\/gooddealersmeds.com\/sk\/wp-json\/wp\/v2\/product\/1749","targetHints":{"allow":["GET"]}}],"collection":[{"href":"https:\/\/gooddealersmeds.com\/sk\/wp-json\/wp\/v2\/product"}],"about":[{"href":"https:\/\/gooddealersmeds.com\/sk\/wp-json\/wp\/v2\/types\/product"}],"replies":[{"embeddable":true,"href":"https:\/\/gooddealersmeds.com\/sk\/wp-json\/wp\/v2\/comments?post=1749"}],"wp:featuredmedia":[{"embeddable":true,"href":"https:\/\/gooddealersmeds.com\/sk\/wp-json\/wp\/v2\/media\/1755"}],"wp:attachment":[{"href":"https:\/\/gooddealersmeds.com\/sk\/wp-json\/wp\/v2\/media?parent=1749"}],"wp:term":[{"taxonomy":"product_brand","embeddable":true,"href":"https:\/\/gooddealersmeds.com\/sk\/wp-json\/wp\/v2\/product_brand?post=1749"},{"taxonomy":"product_cat","embeddable":true,"href":"https:\/\/gooddealersmeds.com\/sk\/wp-json\/wp\/v2\/product_cat?post=1749"},{"taxonomy":"product_tag","embeddable":true,"href":"https:\/\/gooddealersmeds.com\/sk\/wp-json\/wp\/v2\/product_tag?post=1749"}],"curies":[{"name":"wp","href":"https:\/\/api.w.org\/{rel}","templated":true}]}}