{"id":1744,"date":"2022-03-19T02:44:47","date_gmt":"2022-03-19T02:44:47","guid":{"rendered":"https:\/\/gooddealersmeds.com\/sk\/?post_type=product&#038;p=1744"},"modified":"2022-10-03T22:05:38","modified_gmt":"2022-10-03T22:05:38","slug":"kupit-lsd-tablety-online","status":"publish","type":"product","link":"https:\/\/gooddealersmeds.com\/sk\/product\/kupit-lsd-tablety-online\/","title":{"rendered":"K\u00fapte si LSD tablety online"},"content":{"rendered":"<h1>K\u00fapte si 50 mcg LSD tablety online.<\/h1>\n<p>Nakupujte LSD tablety online, objednajte si LSD tablety v na\u0161ich LSD tabletoch <a href=\"https:\/\/gooddealersmeds.com\/sk\/products\/\"><span style=\"color: #333333\">obchod<\/span>.<\/a>\u00a0Ak si chcete k\u00fapi\u0165 tablety LSD v dobrej kvalite, neh\u013eadajte \u010falej, ste na spr\u00e1vnom mieste. Na\u0161e tablety LSD s\u00fa moment\u00e1lne najlep\u0161ie na trhu.<\/p>\n<p>Dietylamid kyseliny lysergovej (LSD), tie\u017e zn\u00e1my ako kyselina, je psychedelick\u00e1 droga zn\u00e1ma svoj\u00edm <span style=\"color: #333333\"><a style=\"color: #333333\" href=\"https:\/\/adf.org.au\/drug-facts\/psychedelics\/\">psychedelick\u00e9 \u00fa\u010dinky<\/a><\/span>. LSD je najsilnej\u0161\u00ed a najzn\u00e1mej\u0161\u00ed z halucinog\u00e9nov a ten, ktor\u00fd priniesol t\u00fato triedu drog do o\u010d\u00ed verejnosti v 60. rokoch. LSD bolo p\u00f4vodne syntetizovan\u00e9 z n\u00e1me\u013eov\u00fdch alkaloidov extrahovan\u00fdch z n\u00e1me\u013eovej huby Claviceps purpurea. To m\u00f4\u017ee zah\u0155\u0148a\u0165 zmenen\u00e9 povedomie o okol\u00ed, vn\u00edmanie a pocity, ako aj pocity a obrazy, ktor\u00e9 sa zdaj\u00fa skuto\u010dn\u00e9, hoci nie s\u00fa. Pou\u017e\u00edva sa hlavne ako rekrea\u010dn\u00e1 droga a z duchovn\u00fdch d\u00f4vodov.<\/p>\n<p>LSD je droga, ktor\u00e1 men\u00ed myse\u013e. Interakciou so seroton\u00ednov\u00fdmi receptormi v mozgu sa predpoklad\u00e1, \u017ee LSD sp\u00f4sobuje jeho charakteristick\u00e9 halucinog\u00e9nne \u00fa\u010dinky. Seroton\u00edn je neurotransmiter, ktor\u00fd pom\u00e1ha regulova\u0165 va\u0161u n\u00e1ladu a spr\u00e1vanie, reguluje va\u0161e zmysly a moderuje va\u0161e\u00a0my\u0161lienky.<\/p>\n<p>V\u0161eobecn\u00fd n\u00e1zov: dietylamid kyseliny lysergovej<br \/> Be\u017en\u00e9 n\u00e1zvy alebo n\u00e1zvy ul\u00edc: LSD sa pred\u00e1va pod viac ako 80 n\u00e1zvy ul\u00edc vr\u00e1tane acid, pijavice, cid, d\u00e1vok, bodiek a v\u00fdletov, ako aj n\u00e1zvy, ktor\u00e9 odzrkad\u013euj\u00fa vzory na h\u00e1rkoch pijav\u00e9ho papiera (napr\u00edklad \u201epurpurov\u00fd drak\u201c)<\/p>\n<p>&nbsp;<\/p>\n<p>&nbsp;<\/p>\n<pre><strong>K\u00fapi\u0165 50 mcg LSD tablety online \u2013 k\u00fapi\u0165 LSD tablety , k\u00fapi\u0165 50 mcg LSD tablety , k\u00fapi\u0165 50 mcg LSD online, Kde k\u00fapi\u0165 50 mcg LSD tablety , 50 mcg LSD tablety na predaj, LSD tablety na predaj, k\u00fapi\u0165 tablety online, kde k\u00fapi\u0165 50 mcg LSD tablety online, 50 mcg LSD tablety na predaj v USA, USA, Kanade, Ve\u013ekej Brit\u00e1nii, k\u00fapi\u0165, online, dod\u00e1vatelia, bezpe\u010dn\u00e9 doru\u010denie, St\u00e1le m\u00f4\u017eete z\u00edska\u0165 50 mcg LSD tablety, je 50 mcg LSD tablety leg\u00e1lne v USA, k\u00fapi\u0165 50 mcg LSD tablety online usa, ako objedna\u0165 50 mcg LSD tablety , S\u00fa 50 mcg LSD tablety leg\u00e1lne v Kanade<\/strong><\/pre>\n","protected":false},"excerpt":{"rendered":"<p>K\u00fapte si 50 mcg LSD tablety online od Good Dealers Meds. Tablety LSD na predaj v USA a Kanade za ve\u013emi n\u00edzku cenu a doru\u010denie v\u00e1m bude k dver\u00e1m v \u010dasovom r\u00e1mci.<\/p>\n","protected":false},"featured_media":1748,"comment_status":"open","ping_status":"closed","template":"","meta":{"inline_featured_image":false},"product_brand":[],"product_cat":[345],"product_tag":[306,310,110,107,101,105,109,302,305,301,300,309,299,108,303,304,307,308,311,106,104],"class_list":{"0":"post-1744","1":"product","2":"type-product","3":"status-publish","4":"has-post-thumbnail","6":"product_cat-psychedelick-drogy","7":"product_tag-50mcg-lsd-tablety-na-predaj-v-usa","8":"product_tag-ako-si-objedna-50mcg-lsd-tablety","9":"product_tag-bezpen-doruenie","10":"product_tag-buy","11":"product_tag-buy-tablets-online","12":"product_tag-canada","13":"product_tag-dodvateov","14":"product_tag-kde-kpi-50mcg-lsd-tablety","15":"product_tag-kde-kpi-50mcg-lsd-tablety-online","16":"product_tag-kpi-50mcg-lsd-online","17":"product_tag-kpi-50mcg-lsd-tableta","18":"product_tag-kpi-50mcg-lsd-tablety-online-usa","19":"product_tag-kpi-50mcg-lsd-tablety-online-kpi-lsd-tablety","20":"product_tag-online","21":"product_tag-50mcg-lsd-tablety-na-predaj","22":"product_tag-lsd-tablety-na-predaj","23":"product_tag-stle-mete-dosta-50mcg-lsd-tablety","24":"product_tag-je-50mcg-lsd-tablet-legal-in-usa","25":"product_tag-je-50mcg-lsd-tablet-legal-in-canada","26":"product_tag-uk","27":"product_tag-usa","29":"first","30":"instock","31":"shipping-taxable","32":"purchasable","33":"product-type-variable","34":"has-default-attributes"},"yoast_head":"<!-- This site is optimized with the Yoast SEO Premium plugin v20.6 (Yoast SEO v27.4) - https:\/\/yoast.com\/product\/yoast-seo-premium-wordpress\/ -->\n<title>K\u00fapte si LSD tablety online \u2013 najkvalitnej\u0161ie tablety |<\/title>\n<meta name=\"description\" content=\"K\u00fapte si 50 mcg LSD tablety online v obchode Casadelamedicina. Tablety LSD na predaj v USA a Kanade za lacn\u00e9 ceny, nechajte si ich doru\u010di\u0165 a\u017e k dver\u00e1m!\" \/>\n<meta name=\"robots\" content=\"index, follow, max-snippet:-1, max-image-preview:large, max-video-preview:-1\" \/>\n<link rel=\"canonical\" href=\"https:\/\/gooddealersmeds.com\/sk\/product\/kupit-lsd-tablety-online\/\" \/>\n<meta property=\"og:locale\" content=\"en_US\" \/>\n<meta property=\"og:type\" content=\"article\" \/>\n<meta property=\"og:title\" content=\"K\u00fapte si LSD tablety online\" \/>\n<meta property=\"og:description\" content=\"K\u00fapte si 50 mcg LSD tablety online v obchode Casadelamedicina. Tablety LSD na predaj v USA a Kanade za lacn\u00e9 ceny, nechajte si ich doru\u010di\u0165 a\u017e k dver\u00e1m!\" \/>\n<meta property=\"og:url\" content=\"https:\/\/gooddealersmeds.com\/sk\/product\/kupit-lsd-tablety-online\/\" \/>\n<meta property=\"og:site_name\" content=\"Good Dealers Meds\" \/>\n<meta property=\"article:modified_time\" content=\"2022-10-03T22:05:38+00:00\" \/>\n<meta property=\"og:image\" content=\"https:\/\/gooddealersmeds.com\/sk\/wp-content\/uploads\/sites\/9\/2022\/03\/buy-50mcg-lsd-tablets-online.jpg\" \/>\n\t<meta property=\"og:image:width\" content=\"600\" \/>\n\t<meta property=\"og:image:height\" content=\"600\" \/>\n\t<meta property=\"og:image:type\" content=\"image\/jpeg\" \/>\n<meta name=\"twitter:card\" content=\"summary_large_image\" \/>\n<meta name=\"twitter:label1\" content=\"Est. reading time\" \/>\n\t<meta name=\"twitter:data1\" content=\"2 minutes\" \/>\n<script type=\"application\/ld+json\" class=\"yoast-schema-graph\">{\"@context\":\"https:\\\/\\\/schema.org\",\"@graph\":[{\"@type\":\"WebPage\",\"@id\":\"https:\\\/\\\/gooddealersmeds.com\\\/sk\\\/product\\\/kupit-lsd-tablety-online\\\/\",\"url\":\"https:\\\/\\\/gooddealersmeds.com\\\/sk\\\/product\\\/kupit-lsd-tablety-online\\\/\",\"name\":\"K\u00fapte si LSD tablety online \u2013 najkvalitnej\u0161ie tablety |\",\"isPartOf\":{\"@id\":\"https:\\\/\\\/gooddealersmeds.com\\\/sk\\\/#website\"},\"primaryImageOfPage\":{\"@id\":\"https:\\\/\\\/gooddealersmeds.com\\\/sk\\\/product\\\/kupit-lsd-tablety-online\\\/#primaryimage\"},\"image\":{\"@id\":\"https:\\\/\\\/gooddealersmeds.com\\\/sk\\\/product\\\/kupit-lsd-tablety-online\\\/#primaryimage\"},\"thumbnailUrl\":\"https:\\\/\\\/gooddealersmeds.com\\\/sk\\\/wp-content\\\/uploads\\\/sites\\\/9\\\/2022\\\/03\\\/buy-50mcg-lsd-tablets-online.jpg\",\"datePublished\":\"2022-03-19T02:44:47+00:00\",\"dateModified\":\"2022-10-03T22:05:38+00:00\",\"description\":\"K\u00fapte si 50 mcg LSD tablety online v obchode Casadelamedicina. Tablety LSD na predaj v USA a Kanade za lacn\u00e9 ceny, nechajte si ich doru\u010di\u0165 a\u017e k dver\u00e1m!\",\"breadcrumb\":{\"@id\":\"https:\\\/\\\/gooddealersmeds.com\\\/sk\\\/product\\\/kupit-lsd-tablety-online\\\/#breadcrumb\"},\"inLanguage\":\"en-US\",\"potentialAction\":[{\"@type\":\"ReadAction\",\"target\":[\"https:\\\/\\\/gooddealersmeds.com\\\/sk\\\/product\\\/kupit-lsd-tablety-online\\\/\"]}]},{\"@type\":\"ImageObject\",\"inLanguage\":\"en-US\",\"@id\":\"https:\\\/\\\/gooddealersmeds.com\\\/sk\\\/product\\\/kupit-lsd-tablety-online\\\/#primaryimage\",\"url\":\"https:\\\/\\\/gooddealersmeds.com\\\/sk\\\/wp-content\\\/uploads\\\/sites\\\/9\\\/2022\\\/03\\\/buy-50mcg-lsd-tablets-online.jpg\",\"contentUrl\":\"https:\\\/\\\/gooddealersmeds.com\\\/sk\\\/wp-content\\\/uploads\\\/sites\\\/9\\\/2022\\\/03\\\/buy-50mcg-lsd-tablets-online.jpg\",\"width\":600,\"height\":600,\"caption\":\"Buy LSD Tablets Online\"},{\"@type\":\"BreadcrumbList\",\"@id\":\"https:\\\/\\\/gooddealersmeds.com\\\/sk\\\/product\\\/kupit-lsd-tablety-online\\\/#breadcrumb\",\"itemListElement\":[{\"@type\":\"ListItem\",\"position\":1,\"name\":\"Home\",\"item\":\"https:\\\/\\\/gooddealersmeds.com\\\/sk\\\/\"},{\"@type\":\"ListItem\",\"position\":2,\"name\":\"Produkty\",\"item\":\"https:\\\/\\\/gooddealersmeds.com\\\/sk\\\/produkty\\\/\"},{\"@type\":\"ListItem\",\"position\":3,\"name\":\"K\u00fapte si LSD tablety online\"}]},{\"@type\":\"WebSite\",\"@id\":\"https:\\\/\\\/gooddealersmeds.com\\\/sk\\\/#website\",\"url\":\"https:\\\/\\\/gooddealersmeds.com\\\/sk\\\/\",\"name\":\"Good Dealers Meds\",\"description\":\"All our best\",\"publisher\":{\"@id\":\"https:\\\/\\\/gooddealersmeds.com\\\/sk\\\/#organization\"},\"potentialAction\":[{\"@type\":\"SearchAction\",\"target\":{\"@type\":\"EntryPoint\",\"urlTemplate\":\"https:\\\/\\\/gooddealersmeds.com\\\/sk\\\/?s={search_term_string}\"},\"query-input\":{\"@type\":\"PropertyValueSpecification\",\"valueRequired\":true,\"valueName\":\"search_term_string\"}}],\"inLanguage\":\"en-US\"},{\"@type\":\"Organization\",\"@id\":\"https:\\\/\\\/gooddealersmeds.com\\\/sk\\\/#organization\",\"name\":\"Good Dealers Meds\",\"url\":\"https:\\\/\\\/gooddealersmeds.com\\\/sk\\\/\",\"logo\":{\"@type\":\"ImageObject\",\"inLanguage\":\"en-US\",\"@id\":\"https:\\\/\\\/gooddealersmeds.com\\\/sk\\\/#\\\/schema\\\/logo\\\/image\\\/\",\"url\":\"https:\\\/\\\/gooddealersmeds.com\\\/sk\\\/wp-content\\\/uploads\\\/sites\\\/9\\\/2022\\\/03\\\/gooddealersmeds__logo__20220317T222800Z.00.png\",\"contentUrl\":\"https:\\\/\\\/gooddealersmeds.com\\\/sk\\\/wp-content\\\/uploads\\\/sites\\\/9\\\/2022\\\/03\\\/gooddealersmeds__logo__20220317T222800Z.00.png\",\"width\":500,\"height\":325,\"caption\":\"Good Dealers Meds\"},\"image\":{\"@id\":\"https:\\\/\\\/gooddealersmeds.com\\\/sk\\\/#\\\/schema\\\/logo\\\/image\\\/\"}}]}<\/script>\n<!-- \/ Yoast SEO Premium plugin. -->","yoast_head_json":{"title":"K\u00fapte si LSD tablety online \u2013 najkvalitnej\u0161ie tablety |","description":"K\u00fapte si 50 mcg LSD tablety online v obchode Casadelamedicina. Tablety LSD na predaj v USA a Kanade za lacn\u00e9 ceny, nechajte si ich doru\u010di\u0165 a\u017e k dver\u00e1m!","robots":{"index":"index","follow":"follow","max-snippet":"max-snippet:-1","max-image-preview":"max-image-preview:large","max-video-preview":"max-video-preview:-1"},"canonical":"https:\/\/gooddealersmeds.com\/sk\/product\/kupit-lsd-tablety-online\/","og_locale":"en_US","og_type":"article","og_title":"K\u00fapte si LSD tablety online","og_description":"K\u00fapte si 50 mcg LSD tablety online v obchode Casadelamedicina. Tablety LSD na predaj v USA a Kanade za lacn\u00e9 ceny, nechajte si ich doru\u010di\u0165 a\u017e k dver\u00e1m!","og_url":"https:\/\/gooddealersmeds.com\/sk\/product\/kupit-lsd-tablety-online\/","og_site_name":"Good Dealers Meds","article_modified_time":"2022-10-03T22:05:38+00:00","og_image":[{"width":600,"height":600,"url":"https:\/\/gooddealersmeds.com\/sk\/wp-content\/uploads\/sites\/9\/2022\/03\/buy-50mcg-lsd-tablets-online.jpg","type":"image\/jpeg"}],"twitter_card":"summary_large_image","twitter_misc":{"Est. reading time":"2 minutes"},"schema":{"@context":"https:\/\/schema.org","@graph":[{"@type":"WebPage","@id":"https:\/\/gooddealersmeds.com\/sk\/product\/kupit-lsd-tablety-online\/","url":"https:\/\/gooddealersmeds.com\/sk\/product\/kupit-lsd-tablety-online\/","name":"K\u00fapte si LSD tablety online \u2013 najkvalitnej\u0161ie tablety |","isPartOf":{"@id":"https:\/\/gooddealersmeds.com\/sk\/#website"},"primaryImageOfPage":{"@id":"https:\/\/gooddealersmeds.com\/sk\/product\/kupit-lsd-tablety-online\/#primaryimage"},"image":{"@id":"https:\/\/gooddealersmeds.com\/sk\/product\/kupit-lsd-tablety-online\/#primaryimage"},"thumbnailUrl":"https:\/\/gooddealersmeds.com\/sk\/wp-content\/uploads\/sites\/9\/2022\/03\/buy-50mcg-lsd-tablets-online.jpg","datePublished":"2022-03-19T02:44:47+00:00","dateModified":"2022-10-03T22:05:38+00:00","description":"K\u00fapte si 50 mcg LSD tablety online v obchode Casadelamedicina. Tablety LSD na predaj v USA a Kanade za lacn\u00e9 ceny, nechajte si ich doru\u010di\u0165 a\u017e k dver\u00e1m!","breadcrumb":{"@id":"https:\/\/gooddealersmeds.com\/sk\/product\/kupit-lsd-tablety-online\/#breadcrumb"},"inLanguage":"en-US","potentialAction":[{"@type":"ReadAction","target":["https:\/\/gooddealersmeds.com\/sk\/product\/kupit-lsd-tablety-online\/"]}]},{"@type":"ImageObject","inLanguage":"en-US","@id":"https:\/\/gooddealersmeds.com\/sk\/product\/kupit-lsd-tablety-online\/#primaryimage","url":"https:\/\/gooddealersmeds.com\/sk\/wp-content\/uploads\/sites\/9\/2022\/03\/buy-50mcg-lsd-tablets-online.jpg","contentUrl":"https:\/\/gooddealersmeds.com\/sk\/wp-content\/uploads\/sites\/9\/2022\/03\/buy-50mcg-lsd-tablets-online.jpg","width":600,"height":600,"caption":"Buy LSD Tablets Online"},{"@type":"BreadcrumbList","@id":"https:\/\/gooddealersmeds.com\/sk\/product\/kupit-lsd-tablety-online\/#breadcrumb","itemListElement":[{"@type":"ListItem","position":1,"name":"Home","item":"https:\/\/gooddealersmeds.com\/sk\/"},{"@type":"ListItem","position":2,"name":"Produkty","item":"https:\/\/gooddealersmeds.com\/sk\/produkty\/"},{"@type":"ListItem","position":3,"name":"K\u00fapte si LSD tablety online"}]},{"@type":"WebSite","@id":"https:\/\/gooddealersmeds.com\/sk\/#website","url":"https:\/\/gooddealersmeds.com\/sk\/","name":"Good Dealers Meds","description":"All our best","publisher":{"@id":"https:\/\/gooddealersmeds.com\/sk\/#organization"},"potentialAction":[{"@type":"SearchAction","target":{"@type":"EntryPoint","urlTemplate":"https:\/\/gooddealersmeds.com\/sk\/?s={search_term_string}"},"query-input":{"@type":"PropertyValueSpecification","valueRequired":true,"valueName":"search_term_string"}}],"inLanguage":"en-US"},{"@type":"Organization","@id":"https:\/\/gooddealersmeds.com\/sk\/#organization","name":"Good Dealers Meds","url":"https:\/\/gooddealersmeds.com\/sk\/","logo":{"@type":"ImageObject","inLanguage":"en-US","@id":"https:\/\/gooddealersmeds.com\/sk\/#\/schema\/logo\/image\/","url":"https:\/\/gooddealersmeds.com\/sk\/wp-content\/uploads\/sites\/9\/2022\/03\/gooddealersmeds__logo__20220317T222800Z.00.png","contentUrl":"https:\/\/gooddealersmeds.com\/sk\/wp-content\/uploads\/sites\/9\/2022\/03\/gooddealersmeds__logo__20220317T222800Z.00.png","width":500,"height":325,"caption":"Good Dealers Meds"},"image":{"@id":"https:\/\/gooddealersmeds.com\/sk\/#\/schema\/logo\/image\/"}}]}},"_links":{"self":[{"href":"https:\/\/gooddealersmeds.com\/sk\/wp-json\/wp\/v2\/product\/1744","targetHints":{"allow":["GET"]}}],"collection":[{"href":"https:\/\/gooddealersmeds.com\/sk\/wp-json\/wp\/v2\/product"}],"about":[{"href":"https:\/\/gooddealersmeds.com\/sk\/wp-json\/wp\/v2\/types\/product"}],"replies":[{"embeddable":true,"href":"https:\/\/gooddealersmeds.com\/sk\/wp-json\/wp\/v2\/comments?post=1744"}],"wp:featuredmedia":[{"embeddable":true,"href":"https:\/\/gooddealersmeds.com\/sk\/wp-json\/wp\/v2\/media\/1748"}],"wp:attachment":[{"href":"https:\/\/gooddealersmeds.com\/sk\/wp-json\/wp\/v2\/media?parent=1744"}],"wp:term":[{"taxonomy":"product_brand","embeddable":true,"href":"https:\/\/gooddealersmeds.com\/sk\/wp-json\/wp\/v2\/product_brand?post=1744"},{"taxonomy":"product_cat","embeddable":true,"href":"https:\/\/gooddealersmeds.com\/sk\/wp-json\/wp\/v2\/product_cat?post=1744"},{"taxonomy":"product_tag","embeddable":true,"href":"https:\/\/gooddealersmeds.com\/sk\/wp-json\/wp\/v2\/product_tag?post=1744"}],"curies":[{"name":"wp","href":"https:\/\/api.w.org\/{rel}","templated":true}]}}