{"id":1728,"date":"2022-03-19T02:16:28","date_gmt":"2022-03-19T02:16:28","guid":{"rendered":"https:\/\/gooddealersmeds.com\/sk\/?post_type=product&#038;p=1728"},"modified":"2022-10-03T22:05:52","modified_gmt":"2022-10-03T22:05:52","slug":"fentanylove-naplasti","status":"publish","type":"product","link":"https:\/\/gooddealersmeds.com\/sk\/product\/fentanylove-naplasti\/","title":{"rendered":"K\u00fapte si fentanylov\u00e9 n\u00e1plasti online"},"content":{"rendered":"<p>K\u00fapte si fentanylov\u00e9 n\u00e1plasti online (zn\u00e1me aj ako fentanil) je siln\u00fd syntetick\u00fd opioidn\u00fd liek proti bolesti s kr\u00e1tkym trvan\u00edm \u00fa\u010dinku. Je to siln\u00fd agonista na -opioidn\u00fdch receptoroch. Odhaduje sa, \u017ee fentanyl je 50 a\u017e 100-kr\u00e1t silnej\u0161\u00ed ako morf\u00edn.<\/p>\n<p>Fentanyl patr\u00ed do skupiny liekov naz\u00fdvan\u00fdch opioidy. <a href=\"https:\/\/gooddealersmeds.com\/sk\/product\/fentanyl-patches\/\">Fentanyl<\/a> sa pou\u017e\u00edva na lie\u010dbu pretrv\u00e1vaj\u00facej chronickej (dlhodobej) silnej bolesti u t\u00fdch, ktor\u00ed potrebuj\u00fa neust\u00e1lu \u00fa\u013eavu od bolesti a s\u00fa v s\u00fa\u010dasnosti u\u017e\u00edvate in\u00e9 opioidn\u00e9 (narkotick\u00e9) lieky.<\/p>\n<p>Opioidn\u00fd liek proti bolesti vo fentanylovej n\u00e1plasti vstupuje do v\u00e1\u0161ho tela postupne. M\u00f4\u017ee trva\u0165 a\u017e dva dni, k\u00fdm va\u0161a po\u010diato\u010dn\u00e1 fentanylov\u00e1 n\u00e1plas\u0165 bude ma\u0165 zjavn\u00fd \u00fa\u010dinok, ale nasleduj\u00face n\u00e1plasti si tento \u00fa\u010dinok zachovaj\u00fa. To znamen\u00e1, \u017ee \u00fa\u013eavu od bolesti m\u00f4\u017eete udr\u017eiava\u0165 tak dlho, ako si zapam\u00e4t\u00e1te, \u017ee si budete n\u00e1plas\u0165 meni\u0165 ka\u017ed\u00e9 tri dni. N\u00e1plas\u0165 si vymie\u0148ajte ka\u017ed\u00fd de\u0148 v rovnakom \u010dase.<\/p>\n<p>Opi\u00e1ty (ako s\u00fa fentanylov\u00e9 n\u00e1plasti) len zriedka poskytuj\u00fa \u00fapln\u00fa \u00fa\u013eavu od bolesti. V\u00e1\u0161 lek\u00e1r, zdravotn\u00e1 sestra alebo miestny lek\u00e1rnik ur\u010d\u00ed najlep\u0161\u00ed pr\u00edstup na zvl\u00e1dnutie bolesti a uprav\u00ed d\u00e1vku tak, aby v\u00e1m v\u00e4\u010d\u0161inu \u010dasu poskytla \u00fa\u013eavu od bolesti. Bud\u00fa sa tie\u017e sna\u017ei\u0165 obmedzi\u0165 negat\u00edvne \u00fa\u010dinky na minimum.<\/p>\n<p>Ak tieto ne\u017eiaduce \u00fa\u010dinky pretrv\u00e1vaj\u00fa dlh\u0161ie ako nieko\u013eko dn\u00ed, v\u00e1\u0161 lek\u00e1r v\u00e1m m\u00f4\u017ee na pomoc predp\u00edsa\u0165 \u010fal\u0161ie lieky, ako s\u00fa lieky proti nevo\u013enosti. Z\u00e1pcha je be\u017en\u00fd ved\u013eaj\u0161\u00ed \u00fa\u010dinok, ktor\u00fd po nieko\u013ek\u00fdch d\u0148och nezmizne. Ak chcete rie\u0161i\u0165 z\u00e1pchu, mo\u017eno budete musie\u0165 vysk\u00fa\u0161a\u0165 laxat\u00edva alebo zv\u00fd\u0161i\u0165 mno\u017estvo vl\u00e1kniny a vody vo va\u0161ej strave.<\/p>\n<p>Nevo\u013enos\u0165, vracanie, z\u00e1pcha, to\u010denie hlavy, z\u00e1vrat, ospalos\u0165 alebo boles\u0165 hlavy s\u00fa v\u0161etky mo\u017en\u00e9 ved\u013eaj\u0161ie \u00fa\u010dinky. V mieste aplik\u00e1cie sa m\u00f4\u017ee objavi\u0165 aj mierny nepr\u00edjemn\u00fd pocit, svrbenie alebo za\u010dervenanie. Niektor\u00e9 z t\u00fdchto ne\u017eiaducich \u00fa\u010dinkov m\u00f4\u017eu po ur\u010ditom obdob\u00ed u\u017e\u00edvania tohto lieku vymizn\u00fa\u0165. Okam\u017eite informujte svojho lek\u00e1ra alebo lek\u00e1rnika, ak niektor\u00fd z t\u00fdchto ved\u013eaj\u0161\u00edch \u00fa\u010dinkov pretrv\u00e1va alebo sa zhor\u0161uje.<\/p>\n<p>Fentanylov\u00e9 n\u00e1plasti si m\u00f4\u017eete k\u00fapi\u0165 online v na\u0161om obchode bez ak\u00e9hoko\u013evek lek\u00e1rskeho predpisu.<\/p>\n","protected":false},"excerpt":{"rendered":"<p>Fentanyl, tie\u017e naz\u00fdvan\u00fd fentanil, je opioid pou\u017e\u00edvan\u00fd ako liek proti bolesti a spolu s in\u00fdmi liekmi na anest\u00e9ziu. Fentanyl sa pou\u017e\u00edva aj ako rekrea\u010dn\u00e1 droga, \u010dasto sa mie\u0161a s hero\u00ednom alebo koka\u00ednom. M\u00e1 r\u00fdchly n\u00e1stup a jeho \u00fa\u010dinky zvy\u010dajne trvaj\u00fa menej ako dve hodiny. K\u00fapi\u0165 fentanyl online, k\u00fapi\u0165 n\u00e1plasti fentanylu online<\/p>\n<p>&nbsp;<\/p>\n<p><strong>5 n\u00e1plast\u00ed v balen\u00ed<\/strong><\/p>\n","protected":false},"featured_media":1734,"comment_status":"open","ping_status":"closed","template":"","meta":{"inline_featured_image":false},"product_brand":[],"product_cat":[347],"product_tag":[97,297,298],"class_list":{"0":"post-1728","1":"product","2":"type-product","3":"status-publish","4":"has-post-thumbnail","6":"product_cat-opioidn-liek-proti-bolesti","7":"product_tag-buy-fentanyl-online","8":"product_tag-buy-fentanyl-patches","9":"product_tag-buy-fentanyl-patches-online","11":"first","12":"instock","13":"featured","14":"shipping-taxable","15":"purchasable","16":"product-type-variable","17":"has-default-attributes"},"yoast_head":"<!-- This site is optimized with the Yoast SEO Premium plugin v20.6 (Yoast SEO v27.4) - https:\/\/yoast.com\/product\/yoast-seo-premium-wordpress\/ -->\n<title>K\u00fapte si online fentanylov\u00e9 n\u00e1plasti - fentanyl na predaj |<\/title>\n<meta name=\"description\" content=\"K\u00fapte si fentanylov\u00e9 n\u00e1plasti online bez lek\u00e1rskeho predpisu. Fentanyl je opioid pou\u017e\u00edvan\u00fd ako liek proti bolesti na anest\u00e9ziu alebo pretrv\u00e1vaj\u00facu chronick\u00fa boles\u0165.\" \/>\n<meta name=\"robots\" content=\"index, follow, max-snippet:-1, max-image-preview:large, max-video-preview:-1\" \/>\n<link rel=\"canonical\" href=\"https:\/\/gooddealersmeds.com\/sk\/product\/fentanylove-naplasti\/\" \/>\n<meta property=\"og:locale\" content=\"en_US\" \/>\n<meta property=\"og:type\" content=\"article\" \/>\n<meta property=\"og:title\" content=\"K\u00fapte si fentanylov\u00e9 n\u00e1plasti online\" \/>\n<meta property=\"og:description\" content=\"K\u00fapte si fentanylov\u00e9 n\u00e1plasti online bez lek\u00e1rskeho predpisu. Fentanyl je opioid pou\u017e\u00edvan\u00fd ako liek proti bolesti na anest\u00e9ziu alebo pretrv\u00e1vaj\u00facu chronick\u00fa boles\u0165.\" \/>\n<meta property=\"og:url\" content=\"https:\/\/gooddealersmeds.com\/sk\/product\/fentanylove-naplasti\/\" \/>\n<meta property=\"og:site_name\" content=\"Good Dealers Meds\" \/>\n<meta property=\"article:modified_time\" content=\"2022-10-03T22:05:52+00:00\" \/>\n<meta property=\"og:image\" content=\"https:\/\/gooddealersmeds.com\/sk\/wp-content\/uploads\/sites\/9\/2022\/03\/Fentanyl-Patch-75mcg-e1573043473107-500x500-1.jpg\" \/>\n\t<meta property=\"og:image:width\" content=\"500\" \/>\n\t<meta property=\"og:image:height\" content=\"500\" \/>\n\t<meta property=\"og:image:type\" content=\"image\/jpeg\" \/>\n<meta name=\"twitter:card\" content=\"summary_large_image\" \/>\n<meta name=\"twitter:label1\" content=\"Est. reading time\" \/>\n\t<meta name=\"twitter:data1\" content=\"2 minutes\" \/>\n<script type=\"application\/ld+json\" class=\"yoast-schema-graph\">{\"@context\":\"https:\\\/\\\/schema.org\",\"@graph\":[{\"@type\":\"WebPage\",\"@id\":\"https:\\\/\\\/gooddealersmeds.com\\\/sk\\\/product\\\/fentanylove-naplasti\\\/\",\"url\":\"https:\\\/\\\/gooddealersmeds.com\\\/sk\\\/product\\\/fentanylove-naplasti\\\/\",\"name\":\"K\u00fapte si online fentanylov\u00e9 n\u00e1plasti - fentanyl na predaj |\",\"isPartOf\":{\"@id\":\"https:\\\/\\\/gooddealersmeds.com\\\/sk\\\/#website\"},\"primaryImageOfPage\":{\"@id\":\"https:\\\/\\\/gooddealersmeds.com\\\/sk\\\/product\\\/fentanylove-naplasti\\\/#primaryimage\"},\"image\":{\"@id\":\"https:\\\/\\\/gooddealersmeds.com\\\/sk\\\/product\\\/fentanylove-naplasti\\\/#primaryimage\"},\"thumbnailUrl\":\"https:\\\/\\\/gooddealersmeds.com\\\/sk\\\/wp-content\\\/uploads\\\/sites\\\/9\\\/2022\\\/03\\\/Fentanyl-Patch-75mcg-e1573043473107-500x500-1.jpg\",\"datePublished\":\"2022-03-19T02:16:28+00:00\",\"dateModified\":\"2022-10-03T22:05:52+00:00\",\"description\":\"K\u00fapte si fentanylov\u00e9 n\u00e1plasti online bez lek\u00e1rskeho predpisu. Fentanyl je opioid pou\u017e\u00edvan\u00fd ako liek proti bolesti na anest\u00e9ziu alebo pretrv\u00e1vaj\u00facu chronick\u00fa boles\u0165.\",\"breadcrumb\":{\"@id\":\"https:\\\/\\\/gooddealersmeds.com\\\/sk\\\/product\\\/fentanylove-naplasti\\\/#breadcrumb\"},\"inLanguage\":\"en-US\",\"potentialAction\":[{\"@type\":\"ReadAction\",\"target\":[\"https:\\\/\\\/gooddealersmeds.com\\\/sk\\\/product\\\/fentanylove-naplasti\\\/\"]}]},{\"@type\":\"ImageObject\",\"inLanguage\":\"en-US\",\"@id\":\"https:\\\/\\\/gooddealersmeds.com\\\/sk\\\/product\\\/fentanylove-naplasti\\\/#primaryimage\",\"url\":\"https:\\\/\\\/gooddealersmeds.com\\\/sk\\\/wp-content\\\/uploads\\\/sites\\\/9\\\/2022\\\/03\\\/Fentanyl-Patch-75mcg-e1573043473107-500x500-1.jpg\",\"contentUrl\":\"https:\\\/\\\/gooddealersmeds.com\\\/sk\\\/wp-content\\\/uploads\\\/sites\\\/9\\\/2022\\\/03\\\/Fentanyl-Patch-75mcg-e1573043473107-500x500-1.jpg\",\"width\":500,\"height\":500,\"caption\":\"Buy Fentanyl Online\"},{\"@type\":\"BreadcrumbList\",\"@id\":\"https:\\\/\\\/gooddealersmeds.com\\\/sk\\\/product\\\/fentanylove-naplasti\\\/#breadcrumb\",\"itemListElement\":[{\"@type\":\"ListItem\",\"position\":1,\"name\":\"Home\",\"item\":\"https:\\\/\\\/gooddealersmeds.com\\\/sk\\\/\"},{\"@type\":\"ListItem\",\"position\":2,\"name\":\"Produkty\",\"item\":\"https:\\\/\\\/gooddealersmeds.com\\\/sk\\\/produkty\\\/\"},{\"@type\":\"ListItem\",\"position\":3,\"name\":\"K\u00fapte si fentanylov\u00e9 n\u00e1plasti online\"}]},{\"@type\":\"WebSite\",\"@id\":\"https:\\\/\\\/gooddealersmeds.com\\\/sk\\\/#website\",\"url\":\"https:\\\/\\\/gooddealersmeds.com\\\/sk\\\/\",\"name\":\"Good Dealers Meds\",\"description\":\"All our best\",\"publisher\":{\"@id\":\"https:\\\/\\\/gooddealersmeds.com\\\/sk\\\/#organization\"},\"potentialAction\":[{\"@type\":\"SearchAction\",\"target\":{\"@type\":\"EntryPoint\",\"urlTemplate\":\"https:\\\/\\\/gooddealersmeds.com\\\/sk\\\/?s={search_term_string}\"},\"query-input\":{\"@type\":\"PropertyValueSpecification\",\"valueRequired\":true,\"valueName\":\"search_term_string\"}}],\"inLanguage\":\"en-US\"},{\"@type\":\"Organization\",\"@id\":\"https:\\\/\\\/gooddealersmeds.com\\\/sk\\\/#organization\",\"name\":\"Good Dealers Meds\",\"url\":\"https:\\\/\\\/gooddealersmeds.com\\\/sk\\\/\",\"logo\":{\"@type\":\"ImageObject\",\"inLanguage\":\"en-US\",\"@id\":\"https:\\\/\\\/gooddealersmeds.com\\\/sk\\\/#\\\/schema\\\/logo\\\/image\\\/\",\"url\":\"https:\\\/\\\/gooddealersmeds.com\\\/sk\\\/wp-content\\\/uploads\\\/sites\\\/9\\\/2022\\\/03\\\/gooddealersmeds__logo__20220317T222800Z.00.png\",\"contentUrl\":\"https:\\\/\\\/gooddealersmeds.com\\\/sk\\\/wp-content\\\/uploads\\\/sites\\\/9\\\/2022\\\/03\\\/gooddealersmeds__logo__20220317T222800Z.00.png\",\"width\":500,\"height\":325,\"caption\":\"Good Dealers Meds\"},\"image\":{\"@id\":\"https:\\\/\\\/gooddealersmeds.com\\\/sk\\\/#\\\/schema\\\/logo\\\/image\\\/\"}}]}<\/script>\n<!-- \/ Yoast SEO Premium plugin. -->","yoast_head_json":{"title":"K\u00fapte si online fentanylov\u00e9 n\u00e1plasti - fentanyl na predaj |","description":"K\u00fapte si fentanylov\u00e9 n\u00e1plasti online bez lek\u00e1rskeho predpisu. Fentanyl je opioid pou\u017e\u00edvan\u00fd ako liek proti bolesti na anest\u00e9ziu alebo pretrv\u00e1vaj\u00facu chronick\u00fa boles\u0165.","robots":{"index":"index","follow":"follow","max-snippet":"max-snippet:-1","max-image-preview":"max-image-preview:large","max-video-preview":"max-video-preview:-1"},"canonical":"https:\/\/gooddealersmeds.com\/sk\/product\/fentanylove-naplasti\/","og_locale":"en_US","og_type":"article","og_title":"K\u00fapte si fentanylov\u00e9 n\u00e1plasti online","og_description":"K\u00fapte si fentanylov\u00e9 n\u00e1plasti online bez lek\u00e1rskeho predpisu. Fentanyl je opioid pou\u017e\u00edvan\u00fd ako liek proti bolesti na anest\u00e9ziu alebo pretrv\u00e1vaj\u00facu chronick\u00fa boles\u0165.","og_url":"https:\/\/gooddealersmeds.com\/sk\/product\/fentanylove-naplasti\/","og_site_name":"Good Dealers Meds","article_modified_time":"2022-10-03T22:05:52+00:00","og_image":[{"width":500,"height":500,"url":"https:\/\/gooddealersmeds.com\/sk\/wp-content\/uploads\/sites\/9\/2022\/03\/Fentanyl-Patch-75mcg-e1573043473107-500x500-1.jpg","type":"image\/jpeg"}],"twitter_card":"summary_large_image","twitter_misc":{"Est. reading time":"2 minutes"},"schema":{"@context":"https:\/\/schema.org","@graph":[{"@type":"WebPage","@id":"https:\/\/gooddealersmeds.com\/sk\/product\/fentanylove-naplasti\/","url":"https:\/\/gooddealersmeds.com\/sk\/product\/fentanylove-naplasti\/","name":"K\u00fapte si online fentanylov\u00e9 n\u00e1plasti - fentanyl na predaj |","isPartOf":{"@id":"https:\/\/gooddealersmeds.com\/sk\/#website"},"primaryImageOfPage":{"@id":"https:\/\/gooddealersmeds.com\/sk\/product\/fentanylove-naplasti\/#primaryimage"},"image":{"@id":"https:\/\/gooddealersmeds.com\/sk\/product\/fentanylove-naplasti\/#primaryimage"},"thumbnailUrl":"https:\/\/gooddealersmeds.com\/sk\/wp-content\/uploads\/sites\/9\/2022\/03\/Fentanyl-Patch-75mcg-e1573043473107-500x500-1.jpg","datePublished":"2022-03-19T02:16:28+00:00","dateModified":"2022-10-03T22:05:52+00:00","description":"K\u00fapte si fentanylov\u00e9 n\u00e1plasti online bez lek\u00e1rskeho predpisu. Fentanyl je opioid pou\u017e\u00edvan\u00fd ako liek proti bolesti na anest\u00e9ziu alebo pretrv\u00e1vaj\u00facu chronick\u00fa boles\u0165.","breadcrumb":{"@id":"https:\/\/gooddealersmeds.com\/sk\/product\/fentanylove-naplasti\/#breadcrumb"},"inLanguage":"en-US","potentialAction":[{"@type":"ReadAction","target":["https:\/\/gooddealersmeds.com\/sk\/product\/fentanylove-naplasti\/"]}]},{"@type":"ImageObject","inLanguage":"en-US","@id":"https:\/\/gooddealersmeds.com\/sk\/product\/fentanylove-naplasti\/#primaryimage","url":"https:\/\/gooddealersmeds.com\/sk\/wp-content\/uploads\/sites\/9\/2022\/03\/Fentanyl-Patch-75mcg-e1573043473107-500x500-1.jpg","contentUrl":"https:\/\/gooddealersmeds.com\/sk\/wp-content\/uploads\/sites\/9\/2022\/03\/Fentanyl-Patch-75mcg-e1573043473107-500x500-1.jpg","width":500,"height":500,"caption":"Buy Fentanyl Online"},{"@type":"BreadcrumbList","@id":"https:\/\/gooddealersmeds.com\/sk\/product\/fentanylove-naplasti\/#breadcrumb","itemListElement":[{"@type":"ListItem","position":1,"name":"Home","item":"https:\/\/gooddealersmeds.com\/sk\/"},{"@type":"ListItem","position":2,"name":"Produkty","item":"https:\/\/gooddealersmeds.com\/sk\/produkty\/"},{"@type":"ListItem","position":3,"name":"K\u00fapte si fentanylov\u00e9 n\u00e1plasti online"}]},{"@type":"WebSite","@id":"https:\/\/gooddealersmeds.com\/sk\/#website","url":"https:\/\/gooddealersmeds.com\/sk\/","name":"Good Dealers Meds","description":"All our best","publisher":{"@id":"https:\/\/gooddealersmeds.com\/sk\/#organization"},"potentialAction":[{"@type":"SearchAction","target":{"@type":"EntryPoint","urlTemplate":"https:\/\/gooddealersmeds.com\/sk\/?s={search_term_string}"},"query-input":{"@type":"PropertyValueSpecification","valueRequired":true,"valueName":"search_term_string"}}],"inLanguage":"en-US"},{"@type":"Organization","@id":"https:\/\/gooddealersmeds.com\/sk\/#organization","name":"Good Dealers Meds","url":"https:\/\/gooddealersmeds.com\/sk\/","logo":{"@type":"ImageObject","inLanguage":"en-US","@id":"https:\/\/gooddealersmeds.com\/sk\/#\/schema\/logo\/image\/","url":"https:\/\/gooddealersmeds.com\/sk\/wp-content\/uploads\/sites\/9\/2022\/03\/gooddealersmeds__logo__20220317T222800Z.00.png","contentUrl":"https:\/\/gooddealersmeds.com\/sk\/wp-content\/uploads\/sites\/9\/2022\/03\/gooddealersmeds__logo__20220317T222800Z.00.png","width":500,"height":325,"caption":"Good Dealers Meds"},"image":{"@id":"https:\/\/gooddealersmeds.com\/sk\/#\/schema\/logo\/image\/"}}]}},"_links":{"self":[{"href":"https:\/\/gooddealersmeds.com\/sk\/wp-json\/wp\/v2\/product\/1728","targetHints":{"allow":["GET"]}}],"collection":[{"href":"https:\/\/gooddealersmeds.com\/sk\/wp-json\/wp\/v2\/product"}],"about":[{"href":"https:\/\/gooddealersmeds.com\/sk\/wp-json\/wp\/v2\/types\/product"}],"replies":[{"embeddable":true,"href":"https:\/\/gooddealersmeds.com\/sk\/wp-json\/wp\/v2\/comments?post=1728"}],"wp:featuredmedia":[{"embeddable":true,"href":"https:\/\/gooddealersmeds.com\/sk\/wp-json\/wp\/v2\/media\/1734"}],"wp:attachment":[{"href":"https:\/\/gooddealersmeds.com\/sk\/wp-json\/wp\/v2\/media?parent=1728"}],"wp:term":[{"taxonomy":"product_brand","embeddable":true,"href":"https:\/\/gooddealersmeds.com\/sk\/wp-json\/wp\/v2\/product_brand?post=1728"},{"taxonomy":"product_cat","embeddable":true,"href":"https:\/\/gooddealersmeds.com\/sk\/wp-json\/wp\/v2\/product_cat?post=1728"},{"taxonomy":"product_tag","embeddable":true,"href":"https:\/\/gooddealersmeds.com\/sk\/wp-json\/wp\/v2\/product_tag?post=1728"}],"curies":[{"name":"wp","href":"https:\/\/api.w.org\/{rel}","templated":true}]}}