{"id":1718,"date":"2022-03-19T01:50:33","date_gmt":"2022-03-19T01:50:33","guid":{"rendered":"https:\/\/gooddealersmeds.com\/sk\/?post_type=product&#038;p=1718"},"modified":"2022-10-03T22:06:01","modified_gmt":"2022-10-03T22:06:01","slug":"kupit-morfin-sulfat-online","status":"publish","type":"product","link":"https:\/\/gooddealersmeds.com\/sk\/product\/kupit-morfin-sulfat-online\/","title":{"rendered":"K\u00fapte si morf\u00edn sulf\u00e1t online"},"content":{"rendered":"<p>Nakupujte morf\u00edn sulf\u00e1t online. Morf\u00edn je siln\u00fd liek proti bolesti. Pou\u017e\u00edva sa na lie\u010dbu silnej bolesti. Tento liek sa pou\u017e\u00edva na lie\u010dbu silnej chronickej bolesti (napr\u00edklad v d\u00f4sledku rakoviny). Morf\u00edn patr\u00ed do skupiny opioidn\u00fdch analget\u00edk. P\u00f4soben\u00edm na mozog men\u00ed to, ako va\u0161e telo vn\u00edma boles\u0165 a ako na \u0148u reaguje. Vy\u0161\u0161ie sily tohto lieku (90 a 120 miligramov na kapsulu) by sa mali pou\u017e\u00edva\u0165 iba vtedy, ak ste pravidelne u\u017e\u00edvali stredn\u00e9 a\u017e vysok\u00e9 d\u00e1vky opioidn\u00e9ho lieku proti bolesti.<\/p>\n<p>&#8220;Nikdy ne\u017euvajte, nedrvte, alebo rozpustite tento liek alebo obsah kaps\u00fal. Po\u010das u\u017e\u00edvania tohto lieku tie\u017e nekonzumujte alkohol ani nepou\u017e\u00edvajte in\u00e9 produkty obsahuj\u00face alkohol. U\u017e\u00edvanie morf\u00ednsulf\u00e1tu spolu s alkoholom alebo rozdrven\u00fdch, \u017euvan\u00fdch alebo rozpusten\u00fdch druhov morf\u00ednu s pred\u013a\u017een\u00fdm uvo\u013e\u0148ovan\u00edm m\u00f4\u017ee vies\u0165 k smrte\u013en\u00e9 pred\u00e1vkovanie.&#8221;<\/p>\n<p>Sk\u00f4r ako za\u010dnete pou\u017e\u00edva\u0165 morf\u00edn a zaka\u017ed\u00fdm, ke\u010f dostanete n\u00e1pl\u0148, pre\u010d\u00edtajte si pr\u00edru\u010dku o liekoch, ktor\u00fa vydal v\u00e1\u0161 lek\u00e1rnik. Ak m\u00e1te nejak\u00e9 ot\u00e1zky, pora\u010fte sa so svoj\u00edm lek\u00e1rom alebo lek\u00e1rnikom.<\/p>\n<p>Morphine \u00fa\u010dinkuje tak, \u017ee zabra\u0148uje sign\u00e1lom bolesti dosta\u0165 sa do mozgu cez nervy. Naj\u010dastej\u0161\u00edmi ne\u017eiaducimi \u00fa\u010dinkami morf\u00ednu s\u00fa z\u00e1pcha, nevo\u013enos\u0165 a \u00fanava. Z\u00e1vislos\u0165 na morfiu je myslite\u013en\u00e1, ale je nezvy\u010dajn\u00e1, ak ho u\u017e\u00edvate na zvl\u00e1dnutie bolesti a v\u00e1\u0161 lek\u00e1r \u010dasto posudzuje va\u0161u medik\u00e1ciu.<\/p>\n<p>Morf\u00edn m\u00f4\u017eu u\u017e\u00edva\u0165 deti a dospel\u00ed v\u0161etk\u00fdch vekov\u00fdch kateg\u00f3ri\u00ed. Av\u0161ak deti, mal\u00e9 deti a star\u0161\u00ed \u013eudia maj\u00fa v\u00e4\u010d\u0161iu pravdepodobnos\u0165 v\u00fdskytu ved\u013eaj\u0161\u00edch \u00fa\u010dinkov. Povedzte svojmu lek\u00e1rovi sk\u00f4r, ako za\u010dnete u\u017e\u00edva\u0165 liek, ak:<\/p>\n<ul>\n<li>Mali ste niekedy alergick\u00fa reakciu na morf\u00edn alebo ak\u00fdko\u013evek in\u00fd liek<\/li>\n<li>M\u00e1te \u0165a\u017ekosti s d\u00fdchan\u00edm alebo probl\u00e9my s p\u013e\u00facami<\/li>\n<li>M\u00e1te z\u00e1vislos\u0165 od alkoholu<\/li>\n<li>M\u00e1te stav, ktor\u00fd sp\u00f4sobuje z\u00e1chvaty alebo z\u00e1chvaty<\/li>\n<li>M\u00e1te poranenie hlavy<\/li>\n<li>M\u00e1te n\u00edzke hladiny \u0161t\u00edtnej \u017e\u013eazy<\/li>\n<li>M\u00e1te probl\u00e9my s nadobli\u010dkami<\/li>\n<li>M\u00e1te probl\u00e9my s obli\u010dkami alebo pe\u010de\u0148ou<\/li>\n<li>M\u00e1te zv\u00e4\u010d\u0161en\u00fa prostatu<\/li>\n<li>M\u00e1te n\u00edzky krvn\u00fd tlak<\/li>\n<\/ul>\n<p>Tu si m\u00f4\u017eete objedna\u0165 morf\u00edn sulf\u00e1t, jeden z najlep\u0161\u00edch z nich, ktor\u00fd sa m\u00f4\u017eete oslobodi\u0165.<\/p>\n<p>Zd\u00f4raz\u0148ujeme dokonalos\u0165 produktov a zabezpe\u010dujeme, \u017ee na\u0161e lieky s\u00fa za rozumn\u00fa cenu. Ke\u010f nakupujete v Medications and Chem Store, va\u0161e s\u00fakromie je v\u017edy zabezpe\u010den\u00e9. Morfinsulf\u00e1t si m\u00f4\u017eete jednoducho k\u00fapi\u0165 online v na\u0161om internetovom obchode.<\/p>\n","protected":false},"excerpt":{"rendered":"<p>Morf\u00edn sa pou\u017e\u00edva na zmiernenie silnej bolesti. Patr\u00ed do triedy liekov zn\u00e1mych ako opioidn\u00e9 analgetik\u00e1. Funguje v mozgu, aby zmenil to, ako sa va\u0161e telo c\u00edti a ako reaguje na boles\u0165.<\/p>\n","protected":false},"featured_media":1727,"comment_status":"open","ping_status":"closed","template":"","meta":{"inline_featured_image":false},"product_brand":[],"product_cat":[347],"product_tag":[],"class_list":{"0":"post-1718","1":"product","2":"type-product","3":"status-publish","4":"has-post-thumbnail","6":"product_cat-opioidn-liek-proti-bolesti","7":"pa_milliliters-100-ml","8":"pa_milliliters-250-ml","9":"pa_milliliters-50-ml","10":"pa_milliliters-500-ml","12":"first","13":"instock","14":"featured","15":"shipping-taxable","16":"purchasable","17":"product-type-variable","18":"has-default-attributes"},"yoast_head":"<!-- This site is optimized with the Yoast SEO Premium plugin v20.6 (Yoast SEO v27.3) - https:\/\/yoast.com\/product\/yoast-seo-premium-wordpress\/ -->\n<title>K\u00fapi\u0165 morf\u00edn sulf\u00e1t online |<\/title>\n<meta name=\"description\" content=\"K\u00fapte si morf\u00edn sulf\u00e1t online 50 mg\/ml 20 ml od Bell Medical Services za najlep\u0161iu cenu. Pou\u017e\u00edva sa na zmiernenie stredne silnej a\u017e silnej bolesti.\" \/>\n<meta name=\"robots\" content=\"index, follow, max-snippet:-1, max-image-preview:large, max-video-preview:-1\" \/>\n<link rel=\"canonical\" href=\"https:\/\/gooddealersmeds.com\/sk\/product\/kupit-morfin-sulfat-online\/\" \/>\n<meta property=\"og:locale\" content=\"en_US\" \/>\n<meta property=\"og:type\" content=\"article\" \/>\n<meta property=\"og:title\" content=\"K\u00fapte si morf\u00edn sulf\u00e1t online\" \/>\n<meta property=\"og:description\" content=\"K\u00fapte si morf\u00edn sulf\u00e1t online 50 mg\/ml 20 ml od Bell Medical Services za najlep\u0161iu cenu. Pou\u017e\u00edva sa na zmiernenie stredne silnej a\u017e silnej bolesti.\" \/>\n<meta property=\"og:url\" content=\"https:\/\/gooddealersmeds.com\/sk\/product\/kupit-morfin-sulfat-online\/\" \/>\n<meta property=\"og:site_name\" content=\"Good Dealers Meds\" \/>\n<meta property=\"article:modified_time\" content=\"2022-10-03T22:06:01+00:00\" \/>\n<meta property=\"og:image\" content=\"https:\/\/gooddealersmeds.com\/sk\/wp-content\/uploads\/sites\/9\/2022\/03\/Morphine.jpeg\" \/>\n\t<meta property=\"og:image:width\" content=\"800\" \/>\n\t<meta property=\"og:image:height\" content=\"800\" \/>\n\t<meta property=\"og:image:type\" content=\"image\/jpeg\" \/>\n<meta name=\"twitter:card\" content=\"summary_large_image\" \/>\n<meta name=\"twitter:label1\" content=\"Est. reading time\" \/>\n\t<meta name=\"twitter:data1\" content=\"2 minutes\" \/>\n<script type=\"application\/ld+json\" class=\"yoast-schema-graph\">{\"@context\":\"https:\\\/\\\/schema.org\",\"@graph\":[{\"@type\":\"WebPage\",\"@id\":\"https:\\\/\\\/gooddealersmeds.com\\\/sk\\\/product\\\/kupit-morfin-sulfat-online\\\/\",\"url\":\"https:\\\/\\\/gooddealersmeds.com\\\/sk\\\/product\\\/kupit-morfin-sulfat-online\\\/\",\"name\":\"K\u00fapi\u0165 morf\u00edn sulf\u00e1t online |\",\"isPartOf\":{\"@id\":\"https:\\\/\\\/gooddealersmeds.com\\\/sk\\\/#website\"},\"primaryImageOfPage\":{\"@id\":\"https:\\\/\\\/gooddealersmeds.com\\\/sk\\\/product\\\/kupit-morfin-sulfat-online\\\/#primaryimage\"},\"image\":{\"@id\":\"https:\\\/\\\/gooddealersmeds.com\\\/sk\\\/product\\\/kupit-morfin-sulfat-online\\\/#primaryimage\"},\"thumbnailUrl\":\"https:\\\/\\\/gooddealersmeds.com\\\/sk\\\/wp-content\\\/uploads\\\/sites\\\/9\\\/2022\\\/03\\\/Morphine.jpeg\",\"datePublished\":\"2022-03-19T01:50:33+00:00\",\"dateModified\":\"2022-10-03T22:06:01+00:00\",\"description\":\"K\u00fapte si morf\u00edn sulf\u00e1t online 50 mg\\\/ml 20 ml od Bell Medical Services za najlep\u0161iu cenu. Pou\u017e\u00edva sa na zmiernenie stredne silnej a\u017e silnej bolesti.\",\"breadcrumb\":{\"@id\":\"https:\\\/\\\/gooddealersmeds.com\\\/sk\\\/product\\\/kupit-morfin-sulfat-online\\\/#breadcrumb\"},\"inLanguage\":\"en-US\",\"potentialAction\":[{\"@type\":\"ReadAction\",\"target\":[\"https:\\\/\\\/gooddealersmeds.com\\\/sk\\\/product\\\/kupit-morfin-sulfat-online\\\/\"]}]},{\"@type\":\"ImageObject\",\"inLanguage\":\"en-US\",\"@id\":\"https:\\\/\\\/gooddealersmeds.com\\\/sk\\\/product\\\/kupit-morfin-sulfat-online\\\/#primaryimage\",\"url\":\"https:\\\/\\\/gooddealersmeds.com\\\/sk\\\/wp-content\\\/uploads\\\/sites\\\/9\\\/2022\\\/03\\\/Morphine.jpeg\",\"contentUrl\":\"https:\\\/\\\/gooddealersmeds.com\\\/sk\\\/wp-content\\\/uploads\\\/sites\\\/9\\\/2022\\\/03\\\/Morphine.jpeg\",\"width\":800,\"height\":800,\"caption\":\"Buy Morphine Sulfate Online\"},{\"@type\":\"BreadcrumbList\",\"@id\":\"https:\\\/\\\/gooddealersmeds.com\\\/sk\\\/product\\\/kupit-morfin-sulfat-online\\\/#breadcrumb\",\"itemListElement\":[{\"@type\":\"ListItem\",\"position\":1,\"name\":\"Home\",\"item\":\"https:\\\/\\\/gooddealersmeds.com\\\/sk\\\/\"},{\"@type\":\"ListItem\",\"position\":2,\"name\":\"Produkty\",\"item\":\"https:\\\/\\\/gooddealersmeds.com\\\/sk\\\/produkty\\\/\"},{\"@type\":\"ListItem\",\"position\":3,\"name\":\"K\u00fapte si morf\u00edn sulf\u00e1t online\"}]},{\"@type\":\"WebSite\",\"@id\":\"https:\\\/\\\/gooddealersmeds.com\\\/sk\\\/#website\",\"url\":\"https:\\\/\\\/gooddealersmeds.com\\\/sk\\\/\",\"name\":\"Good Dealers Meds\",\"description\":\"All our best\",\"publisher\":{\"@id\":\"https:\\\/\\\/gooddealersmeds.com\\\/sk\\\/#organization\"},\"potentialAction\":[{\"@type\":\"SearchAction\",\"target\":{\"@type\":\"EntryPoint\",\"urlTemplate\":\"https:\\\/\\\/gooddealersmeds.com\\\/sk\\\/?s={search_term_string}\"},\"query-input\":{\"@type\":\"PropertyValueSpecification\",\"valueRequired\":true,\"valueName\":\"search_term_string\"}}],\"inLanguage\":\"en-US\"},{\"@type\":\"Organization\",\"@id\":\"https:\\\/\\\/gooddealersmeds.com\\\/sk\\\/#organization\",\"name\":\"Good Dealers Meds\",\"url\":\"https:\\\/\\\/gooddealersmeds.com\\\/sk\\\/\",\"logo\":{\"@type\":\"ImageObject\",\"inLanguage\":\"en-US\",\"@id\":\"https:\\\/\\\/gooddealersmeds.com\\\/sk\\\/#\\\/schema\\\/logo\\\/image\\\/\",\"url\":\"https:\\\/\\\/gooddealersmeds.com\\\/sk\\\/wp-content\\\/uploads\\\/sites\\\/9\\\/2022\\\/03\\\/gooddealersmeds__logo__20220317T222800Z.00.png\",\"contentUrl\":\"https:\\\/\\\/gooddealersmeds.com\\\/sk\\\/wp-content\\\/uploads\\\/sites\\\/9\\\/2022\\\/03\\\/gooddealersmeds__logo__20220317T222800Z.00.png\",\"width\":500,\"height\":325,\"caption\":\"Good Dealers Meds\"},\"image\":{\"@id\":\"https:\\\/\\\/gooddealersmeds.com\\\/sk\\\/#\\\/schema\\\/logo\\\/image\\\/\"}}]}<\/script>\n<!-- \/ Yoast SEO Premium plugin. -->","yoast_head_json":{"title":"K\u00fapi\u0165 morf\u00edn sulf\u00e1t online |","description":"K\u00fapte si morf\u00edn sulf\u00e1t online 50 mg\/ml 20 ml od Bell Medical Services za najlep\u0161iu cenu. Pou\u017e\u00edva sa na zmiernenie stredne silnej a\u017e silnej bolesti.","robots":{"index":"index","follow":"follow","max-snippet":"max-snippet:-1","max-image-preview":"max-image-preview:large","max-video-preview":"max-video-preview:-1"},"canonical":"https:\/\/gooddealersmeds.com\/sk\/product\/kupit-morfin-sulfat-online\/","og_locale":"en_US","og_type":"article","og_title":"K\u00fapte si morf\u00edn sulf\u00e1t online","og_description":"K\u00fapte si morf\u00edn sulf\u00e1t online 50 mg\/ml 20 ml od Bell Medical Services za najlep\u0161iu cenu. Pou\u017e\u00edva sa na zmiernenie stredne silnej a\u017e silnej bolesti.","og_url":"https:\/\/gooddealersmeds.com\/sk\/product\/kupit-morfin-sulfat-online\/","og_site_name":"Good Dealers Meds","article_modified_time":"2022-10-03T22:06:01+00:00","og_image":[{"width":800,"height":800,"url":"https:\/\/gooddealersmeds.com\/sk\/wp-content\/uploads\/sites\/9\/2022\/03\/Morphine.jpeg","type":"image\/jpeg"}],"twitter_card":"summary_large_image","twitter_misc":{"Est. reading time":"2 minutes"},"schema":{"@context":"https:\/\/schema.org","@graph":[{"@type":"WebPage","@id":"https:\/\/gooddealersmeds.com\/sk\/product\/kupit-morfin-sulfat-online\/","url":"https:\/\/gooddealersmeds.com\/sk\/product\/kupit-morfin-sulfat-online\/","name":"K\u00fapi\u0165 morf\u00edn sulf\u00e1t online |","isPartOf":{"@id":"https:\/\/gooddealersmeds.com\/sk\/#website"},"primaryImageOfPage":{"@id":"https:\/\/gooddealersmeds.com\/sk\/product\/kupit-morfin-sulfat-online\/#primaryimage"},"image":{"@id":"https:\/\/gooddealersmeds.com\/sk\/product\/kupit-morfin-sulfat-online\/#primaryimage"},"thumbnailUrl":"https:\/\/gooddealersmeds.com\/sk\/wp-content\/uploads\/sites\/9\/2022\/03\/Morphine.jpeg","datePublished":"2022-03-19T01:50:33+00:00","dateModified":"2022-10-03T22:06:01+00:00","description":"K\u00fapte si morf\u00edn sulf\u00e1t online 50 mg\/ml 20 ml od Bell Medical Services za najlep\u0161iu cenu. Pou\u017e\u00edva sa na zmiernenie stredne silnej a\u017e silnej bolesti.","breadcrumb":{"@id":"https:\/\/gooddealersmeds.com\/sk\/product\/kupit-morfin-sulfat-online\/#breadcrumb"},"inLanguage":"en-US","potentialAction":[{"@type":"ReadAction","target":["https:\/\/gooddealersmeds.com\/sk\/product\/kupit-morfin-sulfat-online\/"]}]},{"@type":"ImageObject","inLanguage":"en-US","@id":"https:\/\/gooddealersmeds.com\/sk\/product\/kupit-morfin-sulfat-online\/#primaryimage","url":"https:\/\/gooddealersmeds.com\/sk\/wp-content\/uploads\/sites\/9\/2022\/03\/Morphine.jpeg","contentUrl":"https:\/\/gooddealersmeds.com\/sk\/wp-content\/uploads\/sites\/9\/2022\/03\/Morphine.jpeg","width":800,"height":800,"caption":"Buy Morphine Sulfate Online"},{"@type":"BreadcrumbList","@id":"https:\/\/gooddealersmeds.com\/sk\/product\/kupit-morfin-sulfat-online\/#breadcrumb","itemListElement":[{"@type":"ListItem","position":1,"name":"Home","item":"https:\/\/gooddealersmeds.com\/sk\/"},{"@type":"ListItem","position":2,"name":"Produkty","item":"https:\/\/gooddealersmeds.com\/sk\/produkty\/"},{"@type":"ListItem","position":3,"name":"K\u00fapte si morf\u00edn sulf\u00e1t online"}]},{"@type":"WebSite","@id":"https:\/\/gooddealersmeds.com\/sk\/#website","url":"https:\/\/gooddealersmeds.com\/sk\/","name":"Good Dealers Meds","description":"All our best","publisher":{"@id":"https:\/\/gooddealersmeds.com\/sk\/#organization"},"potentialAction":[{"@type":"SearchAction","target":{"@type":"EntryPoint","urlTemplate":"https:\/\/gooddealersmeds.com\/sk\/?s={search_term_string}"},"query-input":{"@type":"PropertyValueSpecification","valueRequired":true,"valueName":"search_term_string"}}],"inLanguage":"en-US"},{"@type":"Organization","@id":"https:\/\/gooddealersmeds.com\/sk\/#organization","name":"Good Dealers Meds","url":"https:\/\/gooddealersmeds.com\/sk\/","logo":{"@type":"ImageObject","inLanguage":"en-US","@id":"https:\/\/gooddealersmeds.com\/sk\/#\/schema\/logo\/image\/","url":"https:\/\/gooddealersmeds.com\/sk\/wp-content\/uploads\/sites\/9\/2022\/03\/gooddealersmeds__logo__20220317T222800Z.00.png","contentUrl":"https:\/\/gooddealersmeds.com\/sk\/wp-content\/uploads\/sites\/9\/2022\/03\/gooddealersmeds__logo__20220317T222800Z.00.png","width":500,"height":325,"caption":"Good Dealers Meds"},"image":{"@id":"https:\/\/gooddealersmeds.com\/sk\/#\/schema\/logo\/image\/"}}]}},"_links":{"self":[{"href":"https:\/\/gooddealersmeds.com\/sk\/wp-json\/wp\/v2\/product\/1718","targetHints":{"allow":["GET"]}}],"collection":[{"href":"https:\/\/gooddealersmeds.com\/sk\/wp-json\/wp\/v2\/product"}],"about":[{"href":"https:\/\/gooddealersmeds.com\/sk\/wp-json\/wp\/v2\/types\/product"}],"replies":[{"embeddable":true,"href":"https:\/\/gooddealersmeds.com\/sk\/wp-json\/wp\/v2\/comments?post=1718"}],"wp:featuredmedia":[{"embeddable":true,"href":"https:\/\/gooddealersmeds.com\/sk\/wp-json\/wp\/v2\/media\/1727"}],"wp:attachment":[{"href":"https:\/\/gooddealersmeds.com\/sk\/wp-json\/wp\/v2\/media?parent=1718"}],"wp:term":[{"taxonomy":"product_brand","embeddable":true,"href":"https:\/\/gooddealersmeds.com\/sk\/wp-json\/wp\/v2\/product_brand?post=1718"},{"taxonomy":"product_cat","embeddable":true,"href":"https:\/\/gooddealersmeds.com\/sk\/wp-json\/wp\/v2\/product_cat?post=1718"},{"taxonomy":"product_tag","embeddable":true,"href":"https:\/\/gooddealersmeds.com\/sk\/wp-json\/wp\/v2\/product_tag?post=1718"}],"curies":[{"name":"wp","href":"https:\/\/api.w.org\/{rel}","templated":true}]}}