{"id":1715,"date":"2022-03-19T01:50:06","date_gmt":"2022-03-19T01:50:06","guid":{"rendered":"https:\/\/gooddealersmeds.com\/sk\/?post_type=product&#038;p=1715"},"modified":"2022-10-03T22:06:08","modified_gmt":"2022-10-03T22:06:08","slug":"kupit-fentanyl-injekcie-online","status":"publish","type":"product","link":"https:\/\/gooddealersmeds.com\/sk\/product\/kupit-fentanyl-injekcie-online\/","title":{"rendered":"K\u00fapte si injekcie fentanylu online"},"content":{"rendered":"<h1><strong>Injekcia fentanylu<\/strong><\/h1>\n<p>Injekcie fentanylu sa pou\u017e\u00edvaj\u00fa na lie\u010dbu extr\u00e9mnej bolesti po\u010das oper\u00e1cie a po nej. M\u00f4\u017ee sa tie\u017e u\u017e\u00edva\u0165 spolu s in\u00fdmi liekmi tesne pred chirurgick\u00fdm z\u00e1krokom alebo po\u010das neho na zv\u00fd\u0161enie \u00fa\u010dinnosti anestetika (znecitlivuj\u00faceho \u010dinidla). K\u00fapte si injekciu fentanylu online<\/p>\n<p>&nbsp;<\/p>\n<p>Fentanyl je \u010dlenom triedy liekov zn\u00e1mych ako narkotick\u00e9 analgetik\u00e1 (lieky proti bolesti). Fentanyl je siln\u00e9 opioidn\u00e9 analgetikum. P\u00f4sob\u00ed na zn\u00ed\u017eenie bolesti p\u00f4soben\u00edm na mozog alebo centr\u00e1lny nervov\u00fd syst\u00e9m (CNS). CNS je tie\u017e zodpovedn\u00fd za nieko\u013eko jeho ne\u017eiaducich \u00fa\u010dinkov, vr\u00e1tane ospalosti a vertiga. Injekcia fentanylu na predaj &#8211; Pri rozhodovan\u00ed o tom, \u010di ju pou\u017ei\u0165, je potrebn\u00e9 vyhodnoti\u0165 v\u00fdhody injekcie fentanylu v porovnan\u00ed s rizikami. O tom rozhodnete vy a v\u00e1\u0161 lek\u00e1r.<\/p>\n<p>Fentanyl sa m\u00f4\u017ee pou\u017ei\u0165 na lie\u010dbu silnej bolesti. Pod\u00e1va sa, ke\u010f s\u00fa in\u00e9 lieky proti bolesti ne\u00fa\u010dinn\u00e9 alebo netolerovate\u013en\u00e9. Funguje tak, \u017ee br\u00e1ni mozgu prij\u00edma\u0165 boles\u0165. Patr\u00ed do skupiny opioidov.<\/p>\n<p>&nbsp;<\/p>\n<p>Tento liek sa m\u00f4\u017ee pou\u017ei\u0165 aj na in\u00e9 \u00fa\u010dely. Nikdy neu\u017e\u00edvajte viac lieku, ako sa odpor\u00fa\u010da. Ak m\u00e1te \u0165a\u017ekosti s d\u00fdchan\u00edm alebo sa c\u00edtite nezvy\u010dajne slab\u00fd alebo ospal\u00fd, ihne\u010f zavolajte pohotovostn\u00fa pomoc. Injekcia fentanylu m\u00f4\u017ee by\u0165 pre v\u00e1s zl\u00e1, ak ste niekedy mali alergick\u00e9 reakcie na fentanyl alebo in\u00e9 lieky alebo ak m\u00e1te probl\u00e9my s d\u00fdchan\u00edm, ako je astma alebo ak\u00fdko\u013evek predch\u00e1dzaj\u00faci stav p\u013e\u00fac. Fentanylu by ste sa mali vyh\u00fdba\u0165, ak sa pok\u00fa\u0161ate otehotnie\u0165 alebo ak ste tehotn\u00e1 alebo doj\u010d\u00edte. S\u00favis\u00ed to s nieko\u013ek\u00fdmi probl\u00e9mami pre va\u0161e die\u0165a v po\u010diato\u010dn\u00fdch \u0161t\u00e1di\u00e1ch tehotenstva. Existuje \u0161anca, \u017ee ak u\u017e\u00edvate fentanyl ku koncu tehotenstva, u v\u00e1\u0161ho nenaroden\u00e9ho die\u0165a\u0165a sa vyvinie z\u00e1vislos\u0165 na fentanyle alebo sa u neho prejavia abstinen\u010dn\u00e9 pr\u00edznaky. Je v\u0161ak d\u00f4le\u017eit\u00e9 zvl\u00e1dnu\u0165 boles\u0165 s\u00favisiacu s tehotenstvom. Fentanyl m\u00f4\u017ee by\u0165 najlep\u0161\u00edm rie\u0161en\u00edm pre niektor\u00e9 tehotn\u00e9 \u017eeny, ktor\u00e9 maj\u00fa v\u00e1\u017ene nepohodlie. Najlep\u0161ou osobou, ktor\u00e1 v\u00e1m pom\u00f4\u017ee pri v\u00fdbere najlep\u0161ej vo\u013eby pre v\u00e1s a va\u0161e nenaroden\u00e9 die\u0165a, je v\u00e1\u0161 lek\u00e1r.<\/p>\n<p>&nbsp;<\/p>\n<p>Aj ke\u010f si mysl\u00edte, \u017ee odpor\u00fa\u010dan\u00e9 d\u00e1vkovanie nesta\u010d\u00ed na lie\u010dbu bolesti, <a href=\"https:\/\/gooddealersmeds.com\/sk\/product\/buy-fentanyl-injections-online\/\">objednajte si injekciu fentanylu online<\/a>, je d\u00f4le\u017eit\u00e9 presne dodr\u017eiava\u0165 pokyny. Ak si mysl\u00edte, \u017ee potrebujete in\u00fa d\u00e1vku, pora\u010fte sa najsk\u00f4r so svoj\u00edm lek\u00e1rom. Nadmern\u00e9 mno\u017estvo fentanylu m\u00f4\u017ee by\u0165 nebezpe\u010dn\u00e9. Mno\u017estvo, ktor\u00e9 m\u00f4\u017ee sp\u00f4sobi\u0165 pred\u00e1vkovanie, sa l\u00ed\u0161i od \u010dloveka k \u010dloveku. Rovnako ako in\u00e9 opioidy, injekcie fentanylu m\u00f4\u017eu by\u0165 n\u00e1vykov\u00e9, ak sa nevenuje pozornos\u0165.<\/p>\n","protected":false},"excerpt":{"rendered":"<p>Fentanyl Citrate Injection, USP je steriln\u00fd, nepyrog\u00e9nny vodn\u00fd roztok bez konzerva\u010dn\u00fdch l\u00e1tok na intraven\u00f3znu alebo<br \/> intramuskul\u00e1rnu injekciu<\/p>\n","protected":false},"featured_media":1725,"comment_status":"open","ping_status":"closed","template":"","meta":{"inline_featured_image":false},"product_brand":[],"product_cat":[347],"product_tag":[295,110,107,285,284,294,97,105,109,287,291,288,296,293,286,290,289,108,292,106,104],"class_list":{"0":"post-1715","1":"product","2":"type-product","3":"status-publish","4":"has-post-thumbnail","6":"product_cat-opioidn-liek-proti-bolesti","7":"product_tag-ako-si-objedna-injekcie-fentanylu","8":"product_tag-bezpen-doruenie","9":"product_tag-buy","10":"product_tag-buy-fentanyl-injections","11":"product_tag-buy-fentanyl-injections-online-buy-injections","12":"product_tag-buy-fentanyl-injections-online-usa","13":"product_tag-buy-fentanyl-online","14":"product_tag-canada","15":"product_tag-dodvateov","16":"product_tag-fentanyl-injekcie-na-predaj","17":"product_tag-fentanyl-injekcie-na-predaj-v-usa","18":"product_tag-injekcie-na-predaj","19":"product_tag-is-fentanyl-injections-legal-in-canada","20":"product_tag-is-fentanyl-injections-legal-in-usa","21":"product_tag-kde-kpi-injekcie-fentanylu","22":"product_tag-kde-kpi-fentanyl-injekcie-online","23":"product_tag-kpi-injekcie-online","24":"product_tag-online","25":"product_tag-stle-mete-dosta-injekcie-fentanylu","26":"product_tag-uk","27":"product_tag-usa","28":"pa_milliliters-100-ml","29":"pa_milliliters-250-ml","30":"pa_milliliters-50-ml","31":"pa_milliliters-500-ml","33":"first","34":"instock","35":"featured","36":"shipping-taxable","37":"purchasable","38":"product-type-variable","39":"has-default-attributes"},"yoast_head":"<!-- This site is optimized with the Yoast SEO Premium plugin v20.6 (Yoast SEO v27.3) - https:\/\/yoast.com\/product\/yoast-seo-premium-wordpress\/ -->\n<title>K\u00fapte si injekciu fentanylu online \u2013 objednajte si injekciu fentanylu | Good Dealers Meds<\/title>\n<meta name=\"description\" content=\"K\u00fapte si injekciu fentanylu online, USP je steriln\u00fd, nepyrog\u00e9nny vodn\u00fd roztok bez konzerva\u010dn\u00fdch l\u00e1tok na intraven\u00f3znu alebo intramuskul\u00e1rnu injekciu\" \/>\n<meta name=\"robots\" content=\"index, follow, max-snippet:-1, max-image-preview:large, max-video-preview:-1\" \/>\n<link rel=\"canonical\" href=\"https:\/\/gooddealersmeds.com\/sk\/product\/kupit-fentanyl-injekcie-online\/\" \/>\n<meta property=\"og:locale\" content=\"en_US\" \/>\n<meta property=\"og:type\" content=\"article\" \/>\n<meta property=\"og:title\" content=\"K\u00fapte si injekcie fentanylu online\" \/>\n<meta property=\"og:description\" content=\"K\u00fapte si injekciu fentanylu online, USP je steriln\u00fd, nepyrog\u00e9nny vodn\u00fd roztok bez konzerva\u010dn\u00fdch l\u00e1tok na intraven\u00f3znu alebo intramuskul\u00e1rnu injekciu\" \/>\n<meta property=\"og:url\" content=\"https:\/\/gooddealersmeds.com\/sk\/product\/kupit-fentanyl-injekcie-online\/\" \/>\n<meta property=\"og:site_name\" content=\"Good Dealers Meds\" \/>\n<meta property=\"article:modified_time\" content=\"2022-10-03T22:06:08+00:00\" \/>\n<meta property=\"og:image\" content=\"https:\/\/gooddealersmeds.com\/sk\/wp-content\/uploads\/sites\/9\/2022\/03\/buy-fentanyl-injections-online.jpg\" \/>\n\t<meta property=\"og:image:width\" content=\"600\" \/>\n\t<meta property=\"og:image:height\" content=\"600\" \/>\n\t<meta property=\"og:image:type\" content=\"image\/jpeg\" \/>\n<meta name=\"twitter:card\" content=\"summary_large_image\" \/>\n<meta name=\"twitter:label1\" content=\"Est. reading time\" \/>\n\t<meta name=\"twitter:data1\" content=\"2 minutes\" \/>\n<script type=\"application\/ld+json\" class=\"yoast-schema-graph\">{\"@context\":\"https:\\\/\\\/schema.org\",\"@graph\":[{\"@type\":\"WebPage\",\"@id\":\"https:\\\/\\\/gooddealersmeds.com\\\/sk\\\/product\\\/kupit-fentanyl-injekcie-online\\\/\",\"url\":\"https:\\\/\\\/gooddealersmeds.com\\\/sk\\\/product\\\/kupit-fentanyl-injekcie-online\\\/\",\"name\":\"K\u00fapte si injekciu fentanylu online \u2013 objednajte si injekciu fentanylu | Good Dealers Meds\",\"isPartOf\":{\"@id\":\"https:\\\/\\\/gooddealersmeds.com\\\/sk\\\/#website\"},\"primaryImageOfPage\":{\"@id\":\"https:\\\/\\\/gooddealersmeds.com\\\/sk\\\/product\\\/kupit-fentanyl-injekcie-online\\\/#primaryimage\"},\"image\":{\"@id\":\"https:\\\/\\\/gooddealersmeds.com\\\/sk\\\/product\\\/kupit-fentanyl-injekcie-online\\\/#primaryimage\"},\"thumbnailUrl\":\"https:\\\/\\\/gooddealersmeds.com\\\/sk\\\/wp-content\\\/uploads\\\/sites\\\/9\\\/2022\\\/03\\\/buy-fentanyl-injections-online.jpg\",\"datePublished\":\"2022-03-19T01:50:06+00:00\",\"dateModified\":\"2022-10-03T22:06:08+00:00\",\"description\":\"K\u00fapte si injekciu fentanylu online, USP je steriln\u00fd, nepyrog\u00e9nny vodn\u00fd roztok bez konzerva\u010dn\u00fdch l\u00e1tok na intraven\u00f3znu alebo intramuskul\u00e1rnu injekciu\",\"breadcrumb\":{\"@id\":\"https:\\\/\\\/gooddealersmeds.com\\\/sk\\\/product\\\/kupit-fentanyl-injekcie-online\\\/#breadcrumb\"},\"inLanguage\":\"en-US\",\"potentialAction\":[{\"@type\":\"ReadAction\",\"target\":[\"https:\\\/\\\/gooddealersmeds.com\\\/sk\\\/product\\\/kupit-fentanyl-injekcie-online\\\/\"]}]},{\"@type\":\"ImageObject\",\"inLanguage\":\"en-US\",\"@id\":\"https:\\\/\\\/gooddealersmeds.com\\\/sk\\\/product\\\/kupit-fentanyl-injekcie-online\\\/#primaryimage\",\"url\":\"https:\\\/\\\/gooddealersmeds.com\\\/sk\\\/wp-content\\\/uploads\\\/sites\\\/9\\\/2022\\\/03\\\/buy-fentanyl-injections-online.jpg\",\"contentUrl\":\"https:\\\/\\\/gooddealersmeds.com\\\/sk\\\/wp-content\\\/uploads\\\/sites\\\/9\\\/2022\\\/03\\\/buy-fentanyl-injections-online.jpg\",\"width\":600,\"height\":600,\"caption\":\"Buy fentanyl Injections Online\"},{\"@type\":\"BreadcrumbList\",\"@id\":\"https:\\\/\\\/gooddealersmeds.com\\\/sk\\\/product\\\/kupit-fentanyl-injekcie-online\\\/#breadcrumb\",\"itemListElement\":[{\"@type\":\"ListItem\",\"position\":1,\"name\":\"Home\",\"item\":\"https:\\\/\\\/gooddealersmeds.com\\\/sk\\\/\"},{\"@type\":\"ListItem\",\"position\":2,\"name\":\"Produkty\",\"item\":\"https:\\\/\\\/gooddealersmeds.com\\\/sk\\\/produkty\\\/\"},{\"@type\":\"ListItem\",\"position\":3,\"name\":\"K\u00fapte si injekcie fentanylu online\"}]},{\"@type\":\"WebSite\",\"@id\":\"https:\\\/\\\/gooddealersmeds.com\\\/sk\\\/#website\",\"url\":\"https:\\\/\\\/gooddealersmeds.com\\\/sk\\\/\",\"name\":\"Good Dealers Meds\",\"description\":\"All our best\",\"publisher\":{\"@id\":\"https:\\\/\\\/gooddealersmeds.com\\\/sk\\\/#organization\"},\"potentialAction\":[{\"@type\":\"SearchAction\",\"target\":{\"@type\":\"EntryPoint\",\"urlTemplate\":\"https:\\\/\\\/gooddealersmeds.com\\\/sk\\\/?s={search_term_string}\"},\"query-input\":{\"@type\":\"PropertyValueSpecification\",\"valueRequired\":true,\"valueName\":\"search_term_string\"}}],\"inLanguage\":\"en-US\"},{\"@type\":\"Organization\",\"@id\":\"https:\\\/\\\/gooddealersmeds.com\\\/sk\\\/#organization\",\"name\":\"Good Dealers Meds\",\"url\":\"https:\\\/\\\/gooddealersmeds.com\\\/sk\\\/\",\"logo\":{\"@type\":\"ImageObject\",\"inLanguage\":\"en-US\",\"@id\":\"https:\\\/\\\/gooddealersmeds.com\\\/sk\\\/#\\\/schema\\\/logo\\\/image\\\/\",\"url\":\"https:\\\/\\\/gooddealersmeds.com\\\/sk\\\/wp-content\\\/uploads\\\/sites\\\/9\\\/2022\\\/03\\\/gooddealersmeds__logo__20220317T222800Z.00.png\",\"contentUrl\":\"https:\\\/\\\/gooddealersmeds.com\\\/sk\\\/wp-content\\\/uploads\\\/sites\\\/9\\\/2022\\\/03\\\/gooddealersmeds__logo__20220317T222800Z.00.png\",\"width\":500,\"height\":325,\"caption\":\"Good Dealers Meds\"},\"image\":{\"@id\":\"https:\\\/\\\/gooddealersmeds.com\\\/sk\\\/#\\\/schema\\\/logo\\\/image\\\/\"}}]}<\/script>\n<!-- \/ Yoast SEO Premium plugin. -->","yoast_head_json":{"title":"K\u00fapte si injekciu fentanylu online \u2013 objednajte si injekciu fentanylu | Good Dealers Meds","description":"K\u00fapte si injekciu fentanylu online, USP je steriln\u00fd, nepyrog\u00e9nny vodn\u00fd roztok bez konzerva\u010dn\u00fdch l\u00e1tok na intraven\u00f3znu alebo intramuskul\u00e1rnu injekciu","robots":{"index":"index","follow":"follow","max-snippet":"max-snippet:-1","max-image-preview":"max-image-preview:large","max-video-preview":"max-video-preview:-1"},"canonical":"https:\/\/gooddealersmeds.com\/sk\/product\/kupit-fentanyl-injekcie-online\/","og_locale":"en_US","og_type":"article","og_title":"K\u00fapte si injekcie fentanylu online","og_description":"K\u00fapte si injekciu fentanylu online, USP je steriln\u00fd, nepyrog\u00e9nny vodn\u00fd roztok bez konzerva\u010dn\u00fdch l\u00e1tok na intraven\u00f3znu alebo intramuskul\u00e1rnu injekciu","og_url":"https:\/\/gooddealersmeds.com\/sk\/product\/kupit-fentanyl-injekcie-online\/","og_site_name":"Good Dealers Meds","article_modified_time":"2022-10-03T22:06:08+00:00","og_image":[{"width":600,"height":600,"url":"https:\/\/gooddealersmeds.com\/sk\/wp-content\/uploads\/sites\/9\/2022\/03\/buy-fentanyl-injections-online.jpg","type":"image\/jpeg"}],"twitter_card":"summary_large_image","twitter_misc":{"Est. reading time":"2 minutes"},"schema":{"@context":"https:\/\/schema.org","@graph":[{"@type":"WebPage","@id":"https:\/\/gooddealersmeds.com\/sk\/product\/kupit-fentanyl-injekcie-online\/","url":"https:\/\/gooddealersmeds.com\/sk\/product\/kupit-fentanyl-injekcie-online\/","name":"K\u00fapte si injekciu fentanylu online \u2013 objednajte si injekciu fentanylu | Good Dealers Meds","isPartOf":{"@id":"https:\/\/gooddealersmeds.com\/sk\/#website"},"primaryImageOfPage":{"@id":"https:\/\/gooddealersmeds.com\/sk\/product\/kupit-fentanyl-injekcie-online\/#primaryimage"},"image":{"@id":"https:\/\/gooddealersmeds.com\/sk\/product\/kupit-fentanyl-injekcie-online\/#primaryimage"},"thumbnailUrl":"https:\/\/gooddealersmeds.com\/sk\/wp-content\/uploads\/sites\/9\/2022\/03\/buy-fentanyl-injections-online.jpg","datePublished":"2022-03-19T01:50:06+00:00","dateModified":"2022-10-03T22:06:08+00:00","description":"K\u00fapte si injekciu fentanylu online, USP je steriln\u00fd, nepyrog\u00e9nny vodn\u00fd roztok bez konzerva\u010dn\u00fdch l\u00e1tok na intraven\u00f3znu alebo intramuskul\u00e1rnu injekciu","breadcrumb":{"@id":"https:\/\/gooddealersmeds.com\/sk\/product\/kupit-fentanyl-injekcie-online\/#breadcrumb"},"inLanguage":"en-US","potentialAction":[{"@type":"ReadAction","target":["https:\/\/gooddealersmeds.com\/sk\/product\/kupit-fentanyl-injekcie-online\/"]}]},{"@type":"ImageObject","inLanguage":"en-US","@id":"https:\/\/gooddealersmeds.com\/sk\/product\/kupit-fentanyl-injekcie-online\/#primaryimage","url":"https:\/\/gooddealersmeds.com\/sk\/wp-content\/uploads\/sites\/9\/2022\/03\/buy-fentanyl-injections-online.jpg","contentUrl":"https:\/\/gooddealersmeds.com\/sk\/wp-content\/uploads\/sites\/9\/2022\/03\/buy-fentanyl-injections-online.jpg","width":600,"height":600,"caption":"Buy fentanyl Injections Online"},{"@type":"BreadcrumbList","@id":"https:\/\/gooddealersmeds.com\/sk\/product\/kupit-fentanyl-injekcie-online\/#breadcrumb","itemListElement":[{"@type":"ListItem","position":1,"name":"Home","item":"https:\/\/gooddealersmeds.com\/sk\/"},{"@type":"ListItem","position":2,"name":"Produkty","item":"https:\/\/gooddealersmeds.com\/sk\/produkty\/"},{"@type":"ListItem","position":3,"name":"K\u00fapte si injekcie fentanylu online"}]},{"@type":"WebSite","@id":"https:\/\/gooddealersmeds.com\/sk\/#website","url":"https:\/\/gooddealersmeds.com\/sk\/","name":"Good Dealers Meds","description":"All our best","publisher":{"@id":"https:\/\/gooddealersmeds.com\/sk\/#organization"},"potentialAction":[{"@type":"SearchAction","target":{"@type":"EntryPoint","urlTemplate":"https:\/\/gooddealersmeds.com\/sk\/?s={search_term_string}"},"query-input":{"@type":"PropertyValueSpecification","valueRequired":true,"valueName":"search_term_string"}}],"inLanguage":"en-US"},{"@type":"Organization","@id":"https:\/\/gooddealersmeds.com\/sk\/#organization","name":"Good Dealers Meds","url":"https:\/\/gooddealersmeds.com\/sk\/","logo":{"@type":"ImageObject","inLanguage":"en-US","@id":"https:\/\/gooddealersmeds.com\/sk\/#\/schema\/logo\/image\/","url":"https:\/\/gooddealersmeds.com\/sk\/wp-content\/uploads\/sites\/9\/2022\/03\/gooddealersmeds__logo__20220317T222800Z.00.png","contentUrl":"https:\/\/gooddealersmeds.com\/sk\/wp-content\/uploads\/sites\/9\/2022\/03\/gooddealersmeds__logo__20220317T222800Z.00.png","width":500,"height":325,"caption":"Good Dealers Meds"},"image":{"@id":"https:\/\/gooddealersmeds.com\/sk\/#\/schema\/logo\/image\/"}}]}},"_links":{"self":[{"href":"https:\/\/gooddealersmeds.com\/sk\/wp-json\/wp\/v2\/product\/1715","targetHints":{"allow":["GET"]}}],"collection":[{"href":"https:\/\/gooddealersmeds.com\/sk\/wp-json\/wp\/v2\/product"}],"about":[{"href":"https:\/\/gooddealersmeds.com\/sk\/wp-json\/wp\/v2\/types\/product"}],"replies":[{"embeddable":true,"href":"https:\/\/gooddealersmeds.com\/sk\/wp-json\/wp\/v2\/comments?post=1715"}],"wp:featuredmedia":[{"embeddable":true,"href":"https:\/\/gooddealersmeds.com\/sk\/wp-json\/wp\/v2\/media\/1725"}],"wp:attachment":[{"href":"https:\/\/gooddealersmeds.com\/sk\/wp-json\/wp\/v2\/media?parent=1715"}],"wp:term":[{"taxonomy":"product_brand","embeddable":true,"href":"https:\/\/gooddealersmeds.com\/sk\/wp-json\/wp\/v2\/product_brand?post=1715"},{"taxonomy":"product_cat","embeddable":true,"href":"https:\/\/gooddealersmeds.com\/sk\/wp-json\/wp\/v2\/product_cat?post=1715"},{"taxonomy":"product_tag","embeddable":true,"href":"https:\/\/gooddealersmeds.com\/sk\/wp-json\/wp\/v2\/product_tag?post=1715"}],"curies":[{"name":"wp","href":"https:\/\/api.w.org\/{rel}","templated":true}]}}