{"id":1701,"date":"2022-03-19T01:31:58","date_gmt":"2022-03-19T01:31:58","guid":{"rendered":"https:\/\/gooddealersmeds.com\/sk\/?post_type=product&#038;p=1701"},"modified":"2022-10-03T22:06:18","modified_gmt":"2022-10-03T22:06:18","slug":"kupit-ketamin-tekuty-online","status":"publish","type":"product","link":"https:\/\/gooddealersmeds.com\/sk\/product\/kupit-ketamin-tekuty-online\/","title":{"rendered":"K\u00fapte si tekut\u00fd ketam\u00edn online"},"content":{"rendered":"<p>Nakupujte tekut\u00fd ketam\u00edn online bez probl\u00e9mov a bez skryt\u00fdch poplatkov v priemyselnej chemik\u00e1lii online. Ketam\u00edn je jedine\u010dn\u00fd liek a \u013eudia sa z\u013eakli, boli zranen\u00ed, okradnut\u00ed alebo ohmatan\u00ed, preto\u017ee si neboli vedom\u00ed \u201edisasocia\u010dn\u00fdch\u201c vlastnost\u00ed ketam\u00ednu.<\/p>\n<p>Ketam\u00edn m\u00f4\u017ee sp\u00f4sobi\u0165 pocity nere\u00e1lnosti, ako aj zrakov\u00e9 a zmyslov\u00e9 skreslenia, skreslen\u00fd pocit vlastn\u00e9ho tela, do\u010dasne zvl\u00e1\u0161tne my\u0161lienky a presved\u010denia a nad\u0161enie alebo bzu\u010danie.<\/p>\n<p>Ketam\u00edn s\u00edce trv\u00e1 len 15-40 min\u00fat, ale odde\u013euje vedomie od tela, tak\u017ee nie je schopn\u00e9 c\u00edti\u0165 alebo ovl\u00e1da\u0165 svoje telo s istotou. Ch\u00f4dza, beh alebo dokonca pohyb m\u00f4\u017ee by\u0165 nemo\u017en\u00e9, \u010do m\u00f4\u017ee by\u0165 \u0161kodliv\u00e9, ak sa n\u00e1hle ocitnete v nebezpe\u010dnej situ\u00e1cii.<\/p>\n<p>Disociat\u00edvne lieky m\u00f4\u017eu sp\u00f4sobi\u0165 skreslenie zraku, farby, zvuku, seba sam\u00e9ho a prostredia. Ketam\u00edn sa dod\u00e1va ako \u010d\u00edra tekutina alebo sivobiely pr\u00e1\u0161ok na intraven\u00f3znu injekciu alebo nosov\u00fd sprej.<\/p>\n<p>Pre\u010do sa ketam\u00edn pou\u017e\u00edva v medic\u00edne? Ketam\u00edn m\u00f4\u017ee zmierni\u0165 boles\u0165 a sp\u00f4sobi\u0165 kr\u00e1tkodob\u00fa stratu pam\u00e4ti (napr\u00edklad amn\u00e9ziu z lek\u00e1rskeho z\u00e1kroku).<\/p>\n<ul>\n<li><a href=\"https:\/\/gooddealersmeds.com\/sk\/product\/buy -ketamine-liquid-online\/\">Ketam\u00edn<\/a> prostredn\u00edctvom blokovania v mieste N-metyl-D-aspart\u00e1tu (NMDA) m\u00e1 r\u00fdchly \u00fa\u010dinok pri zni\u017eovan\u00ed sympt\u00f3mov depresie a ak\u00fatnych samovra\u017eedn\u00fdch my\u0161lienok.<\/li>\n<li>V chirurgii sa pou\u017e\u00edva ako induk\u010dn\u00e1 a udr\u017eiavacia l\u00e1tka na sed\u00e1ciu a na poskytnutie celkovej anest\u00e9zie.<\/li>\n<li>Pou\u017e\u00edva sa aj na kontrolu bolesti pri lie\u010dbe pop\u00e1len\u00edn, poranen\u00ed na bojisku au det\u00ed, ktor\u00e9 nem\u00f4\u017eu pou\u017e\u00edva\u0165 in\u00e9 anestetik\u00e1 v d\u00f4sledku ved\u013eaj\u0161\u00edch \u00fa\u010dinkov alebo alergi\u00ed.<\/li>\n<\/ul>\n<p>Preto\u017ee sa m\u00f4\u017eu vyskytn\u00fa\u0165 z\u00e1va\u017en\u00e9 ne\u017eiaduce \u00fa\u010dinky, ako je nepravideln\u00fd srdcov\u00fd rytmus, je potrebn\u00e9 pou\u017ei\u0165 amiodar\u00f3n alebo droxidopa. Toto nie je \u00fapln\u00fd zoznam v\u0161etk\u00fdch mo\u017en\u00fdch interakci\u00ed. Informujte sa u svojho lek\u00e1ra, \u010di ketam\u00edn m\u00f4\u017ee interferova\u0165 s ak\u00fdmiko\u013evek in\u00fdmi liekmi, ktor\u00e9 u\u017e\u00edvate. Sk\u00f4r ako za\u010dnete alebo prestanete, pora\u010fte sa so svoj\u00edm poskytovate\u013eom zdravotnej starostlivosti.<\/p>\n<p>K\u00fapte si tekut\u00fd ketam\u00edn online na <a href=\"https:\/\/gooddealersmeds.com\/sk\">gooddealersmeds.com\/sk<\/a>. Najlep\u0161ie ponuky! K dispoz\u00edcii vysoko \u010dist\u00fd ketam\u00ednov\u00fd pr\u00e1\u0161ok a kvapalina na injekciu. Nevy\u017eaduje sa \u017eiadny predpis. Diskr\u00e9tne balenie. Bezplatn\u00e9 doru\u010denie do cel\u00e9ho sveta.<\/p>\n","protected":false},"excerpt":{"rendered":"<p>TEKUT\u00dd KETAM\u00cdN NA PREDAJ je anestetikum, ketam\u00edn je v skuto\u010dnosti \u0161peci\u00e1lny druh anestetika zn\u00e1my ako disociat\u00edvne anestetikum.<\/p>\n","protected":false},"featured_media":1866,"comment_status":"open","ping_status":"closed","template":"","meta":{"inline_featured_image":false},"product_brand":[],"product_cat":[347],"product_tag":[264,265,266,268,269,270,272,273,274,275,276,277,279,280,281,282,283,278,271,267],"class_list":{"0":"post-1701","1":"product","2":"type-product","3":"status-publish","4":"has-post-thumbnail","6":"product_cat-opioidn-liek-proti-bolesti","7":"product_tag-gymnopilus-aeruginosus","8":"product_tag-gymnopilus-luteofolius","9":"product_tag-gymnopilus-luteoviridis","10":"product_tag-gymnopilus-purpuratus","11":"product_tag-gymnopilus-viridans","12":"product_tag-inocybe-aeruginascens","13":"product_tag-mycena-cyanorrhiza","14":"product_tag-panaeolus-ps","15":"product_tag-panaeolus-cyanescens","16":"product_tag-pholiotina-cyanopus","17":"product_tag-pholiotina-smithii","18":"product_tag-pluteus-nigroviridis","19":"product_tag-pluteus-villosus","20":"product_tag-psilocybe-allenii","21":"product_tag-psilocybe-azurescens","22":"product_tag-psilocybe-mexicana","23":"product_tag-psilocybe-subaeruginosa","24":"product_tag-police-vba","25":"product_tag-posilova-na-smiech","26":"product_tag-gymnopilus-ps","27":"pa_milliliters-100-ml","28":"pa_milliliters-250-ml","29":"pa_milliliters-50-ml","30":"pa_milliliters-500-ml","32":"first","33":"instock","34":"featured","35":"shipping-taxable","36":"purchasable","37":"product-type-variable","38":"has-default-attributes"},"yoast_head":"<!-- This site is optimized with the Yoast SEO Premium plugin v20.6 (Yoast SEO v27.4) - https:\/\/yoast.com\/product\/yoast-seo-premium-wordpress\/ -->\n<title>K\u00fapi\u0165 ketam\u00ednov\u00fd tekut\u00fd online - ketam\u00edn na predaj | Dobr\u00ed predajcovia liekov<\/title>\n<meta name=\"description\" content=\"K\u00fapi\u0165 ketam\u00ednov\u00fa kvapalinu online; vlastne \u0161peci\u00e1lny druh anestetika zn\u00e1my ako disociat\u00edvne anestetikum, ktor\u00e9 vedie k \u010diasto\u010dnej strate citlivosti.\" \/>\n<meta name=\"robots\" content=\"index, follow, max-snippet:-1, max-image-preview:large, max-video-preview:-1\" \/>\n<link rel=\"canonical\" href=\"https:\/\/gooddealersmeds.com\/sk\/product\/kupit-ketamin-tekuty-online\/\" \/>\n<meta property=\"og:locale\" content=\"en_US\" \/>\n<meta property=\"og:type\" content=\"article\" \/>\n<meta property=\"og:title\" content=\"K\u00fapte si tekut\u00fd ketam\u00edn online\" \/>\n<meta property=\"og:description\" content=\"K\u00fapi\u0165 ketam\u00ednov\u00fa kvapalinu online; vlastne \u0161peci\u00e1lny druh anestetika zn\u00e1my ako disociat\u00edvne anestetikum, ktor\u00e9 vedie k \u010diasto\u010dnej strate citlivosti.\" \/>\n<meta property=\"og:url\" content=\"https:\/\/gooddealersmeds.com\/sk\/product\/kupit-ketamin-tekuty-online\/\" \/>\n<meta property=\"og:site_name\" content=\"Good Dealers Meds\" \/>\n<meta property=\"article:modified_time\" content=\"2022-10-03T22:06:18+00:00\" \/>\n<meta property=\"og:image\" content=\"https:\/\/gooddealersmeds.com\/sk\/wp-content\/uploads\/sites\/9\/2022\/03\/page_1_thumb_large.jpg\" \/>\n\t<meta property=\"og:image:width\" content=\"480\" \/>\n\t<meta property=\"og:image:height\" content=\"360\" \/>\n\t<meta property=\"og:image:type\" content=\"image\/jpeg\" \/>\n<meta name=\"twitter:card\" content=\"summary_large_image\" \/>\n<meta name=\"twitter:label1\" content=\"Est. reading time\" \/>\n\t<meta name=\"twitter:data1\" content=\"2 minutes\" \/>\n<script type=\"application\/ld+json\" class=\"yoast-schema-graph\">{\"@context\":\"https:\\\/\\\/schema.org\",\"@graph\":[{\"@type\":\"WebPage\",\"@id\":\"https:\\\/\\\/gooddealersmeds.com\\\/sk\\\/product\\\/kupit-ketamin-tekuty-online\\\/\",\"url\":\"https:\\\/\\\/gooddealersmeds.com\\\/sk\\\/product\\\/kupit-ketamin-tekuty-online\\\/\",\"name\":\"K\u00fapi\u0165 ketam\u00ednov\u00fd tekut\u00fd online - ketam\u00edn na predaj | Dobr\u00ed predajcovia liekov\",\"isPartOf\":{\"@id\":\"https:\\\/\\\/gooddealersmeds.com\\\/sk\\\/#website\"},\"primaryImageOfPage\":{\"@id\":\"https:\\\/\\\/gooddealersmeds.com\\\/sk\\\/product\\\/kupit-ketamin-tekuty-online\\\/#primaryimage\"},\"image\":{\"@id\":\"https:\\\/\\\/gooddealersmeds.com\\\/sk\\\/product\\\/kupit-ketamin-tekuty-online\\\/#primaryimage\"},\"thumbnailUrl\":\"https:\\\/\\\/gooddealersmeds.com\\\/sk\\\/wp-content\\\/uploads\\\/sites\\\/9\\\/2022\\\/03\\\/page_1_thumb_large.jpg\",\"datePublished\":\"2022-03-19T01:31:58+00:00\",\"dateModified\":\"2022-10-03T22:06:18+00:00\",\"description\":\"K\u00fapi\u0165 ketam\u00ednov\u00fa kvapalinu online; vlastne \u0161peci\u00e1lny druh anestetika zn\u00e1my ako disociat\u00edvne anestetikum, ktor\u00e9 vedie k \u010diasto\u010dnej strate citlivosti.\",\"breadcrumb\":{\"@id\":\"https:\\\/\\\/gooddealersmeds.com\\\/sk\\\/product\\\/kupit-ketamin-tekuty-online\\\/#breadcrumb\"},\"inLanguage\":\"en-US\",\"potentialAction\":[{\"@type\":\"ReadAction\",\"target\":[\"https:\\\/\\\/gooddealersmeds.com\\\/sk\\\/product\\\/kupit-ketamin-tekuty-online\\\/\"]}]},{\"@type\":\"ImageObject\",\"inLanguage\":\"en-US\",\"@id\":\"https:\\\/\\\/gooddealersmeds.com\\\/sk\\\/product\\\/kupit-ketamin-tekuty-online\\\/#primaryimage\",\"url\":\"https:\\\/\\\/gooddealersmeds.com\\\/sk\\\/wp-content\\\/uploads\\\/sites\\\/9\\\/2022\\\/03\\\/page_1_thumb_large.jpg\",\"contentUrl\":\"https:\\\/\\\/gooddealersmeds.com\\\/sk\\\/wp-content\\\/uploads\\\/sites\\\/9\\\/2022\\\/03\\\/page_1_thumb_large.jpg\",\"width\":480,\"height\":360,\"caption\":\"Buy Ketamine Liquid Online\"},{\"@type\":\"BreadcrumbList\",\"@id\":\"https:\\\/\\\/gooddealersmeds.com\\\/sk\\\/product\\\/kupit-ketamin-tekuty-online\\\/#breadcrumb\",\"itemListElement\":[{\"@type\":\"ListItem\",\"position\":1,\"name\":\"Home\",\"item\":\"https:\\\/\\\/gooddealersmeds.com\\\/sk\\\/\"},{\"@type\":\"ListItem\",\"position\":2,\"name\":\"Produkty\",\"item\":\"https:\\\/\\\/gooddealersmeds.com\\\/sk\\\/produkty\\\/\"},{\"@type\":\"ListItem\",\"position\":3,\"name\":\"K\u00fapte si tekut\u00fd ketam\u00edn online\"}]},{\"@type\":\"WebSite\",\"@id\":\"https:\\\/\\\/gooddealersmeds.com\\\/sk\\\/#website\",\"url\":\"https:\\\/\\\/gooddealersmeds.com\\\/sk\\\/\",\"name\":\"Good Dealers Meds\",\"description\":\"All our best\",\"publisher\":{\"@id\":\"https:\\\/\\\/gooddealersmeds.com\\\/sk\\\/#organization\"},\"potentialAction\":[{\"@type\":\"SearchAction\",\"target\":{\"@type\":\"EntryPoint\",\"urlTemplate\":\"https:\\\/\\\/gooddealersmeds.com\\\/sk\\\/?s={search_term_string}\"},\"query-input\":{\"@type\":\"PropertyValueSpecification\",\"valueRequired\":true,\"valueName\":\"search_term_string\"}}],\"inLanguage\":\"en-US\"},{\"@type\":\"Organization\",\"@id\":\"https:\\\/\\\/gooddealersmeds.com\\\/sk\\\/#organization\",\"name\":\"Good Dealers Meds\",\"url\":\"https:\\\/\\\/gooddealersmeds.com\\\/sk\\\/\",\"logo\":{\"@type\":\"ImageObject\",\"inLanguage\":\"en-US\",\"@id\":\"https:\\\/\\\/gooddealersmeds.com\\\/sk\\\/#\\\/schema\\\/logo\\\/image\\\/\",\"url\":\"https:\\\/\\\/gooddealersmeds.com\\\/sk\\\/wp-content\\\/uploads\\\/sites\\\/9\\\/2022\\\/03\\\/gooddealersmeds__logo__20220317T222800Z.00.png\",\"contentUrl\":\"https:\\\/\\\/gooddealersmeds.com\\\/sk\\\/wp-content\\\/uploads\\\/sites\\\/9\\\/2022\\\/03\\\/gooddealersmeds__logo__20220317T222800Z.00.png\",\"width\":500,\"height\":325,\"caption\":\"Good Dealers Meds\"},\"image\":{\"@id\":\"https:\\\/\\\/gooddealersmeds.com\\\/sk\\\/#\\\/schema\\\/logo\\\/image\\\/\"}}]}<\/script>\n<!-- \/ Yoast SEO Premium plugin. -->","yoast_head_json":{"title":"K\u00fapi\u0165 ketam\u00ednov\u00fd tekut\u00fd online - ketam\u00edn na predaj | Dobr\u00ed predajcovia liekov","description":"K\u00fapi\u0165 ketam\u00ednov\u00fa kvapalinu online; vlastne \u0161peci\u00e1lny druh anestetika zn\u00e1my ako disociat\u00edvne anestetikum, ktor\u00e9 vedie k \u010diasto\u010dnej strate citlivosti.","robots":{"index":"index","follow":"follow","max-snippet":"max-snippet:-1","max-image-preview":"max-image-preview:large","max-video-preview":"max-video-preview:-1"},"canonical":"https:\/\/gooddealersmeds.com\/sk\/product\/kupit-ketamin-tekuty-online\/","og_locale":"en_US","og_type":"article","og_title":"K\u00fapte si tekut\u00fd ketam\u00edn online","og_description":"K\u00fapi\u0165 ketam\u00ednov\u00fa kvapalinu online; vlastne \u0161peci\u00e1lny druh anestetika zn\u00e1my ako disociat\u00edvne anestetikum, ktor\u00e9 vedie k \u010diasto\u010dnej strate citlivosti.","og_url":"https:\/\/gooddealersmeds.com\/sk\/product\/kupit-ketamin-tekuty-online\/","og_site_name":"Good Dealers Meds","article_modified_time":"2022-10-03T22:06:18+00:00","og_image":[{"width":480,"height":360,"url":"https:\/\/gooddealersmeds.com\/sk\/wp-content\/uploads\/sites\/9\/2022\/03\/page_1_thumb_large.jpg","type":"image\/jpeg"}],"twitter_card":"summary_large_image","twitter_misc":{"Est. reading time":"2 minutes"},"schema":{"@context":"https:\/\/schema.org","@graph":[{"@type":"WebPage","@id":"https:\/\/gooddealersmeds.com\/sk\/product\/kupit-ketamin-tekuty-online\/","url":"https:\/\/gooddealersmeds.com\/sk\/product\/kupit-ketamin-tekuty-online\/","name":"K\u00fapi\u0165 ketam\u00ednov\u00fd tekut\u00fd online - ketam\u00edn na predaj | Dobr\u00ed predajcovia liekov","isPartOf":{"@id":"https:\/\/gooddealersmeds.com\/sk\/#website"},"primaryImageOfPage":{"@id":"https:\/\/gooddealersmeds.com\/sk\/product\/kupit-ketamin-tekuty-online\/#primaryimage"},"image":{"@id":"https:\/\/gooddealersmeds.com\/sk\/product\/kupit-ketamin-tekuty-online\/#primaryimage"},"thumbnailUrl":"https:\/\/gooddealersmeds.com\/sk\/wp-content\/uploads\/sites\/9\/2022\/03\/page_1_thumb_large.jpg","datePublished":"2022-03-19T01:31:58+00:00","dateModified":"2022-10-03T22:06:18+00:00","description":"K\u00fapi\u0165 ketam\u00ednov\u00fa kvapalinu online; vlastne \u0161peci\u00e1lny druh anestetika zn\u00e1my ako disociat\u00edvne anestetikum, ktor\u00e9 vedie k \u010diasto\u010dnej strate citlivosti.","breadcrumb":{"@id":"https:\/\/gooddealersmeds.com\/sk\/product\/kupit-ketamin-tekuty-online\/#breadcrumb"},"inLanguage":"en-US","potentialAction":[{"@type":"ReadAction","target":["https:\/\/gooddealersmeds.com\/sk\/product\/kupit-ketamin-tekuty-online\/"]}]},{"@type":"ImageObject","inLanguage":"en-US","@id":"https:\/\/gooddealersmeds.com\/sk\/product\/kupit-ketamin-tekuty-online\/#primaryimage","url":"https:\/\/gooddealersmeds.com\/sk\/wp-content\/uploads\/sites\/9\/2022\/03\/page_1_thumb_large.jpg","contentUrl":"https:\/\/gooddealersmeds.com\/sk\/wp-content\/uploads\/sites\/9\/2022\/03\/page_1_thumb_large.jpg","width":480,"height":360,"caption":"Buy Ketamine Liquid Online"},{"@type":"BreadcrumbList","@id":"https:\/\/gooddealersmeds.com\/sk\/product\/kupit-ketamin-tekuty-online\/#breadcrumb","itemListElement":[{"@type":"ListItem","position":1,"name":"Home","item":"https:\/\/gooddealersmeds.com\/sk\/"},{"@type":"ListItem","position":2,"name":"Produkty","item":"https:\/\/gooddealersmeds.com\/sk\/produkty\/"},{"@type":"ListItem","position":3,"name":"K\u00fapte si tekut\u00fd ketam\u00edn online"}]},{"@type":"WebSite","@id":"https:\/\/gooddealersmeds.com\/sk\/#website","url":"https:\/\/gooddealersmeds.com\/sk\/","name":"Good Dealers Meds","description":"All our best","publisher":{"@id":"https:\/\/gooddealersmeds.com\/sk\/#organization"},"potentialAction":[{"@type":"SearchAction","target":{"@type":"EntryPoint","urlTemplate":"https:\/\/gooddealersmeds.com\/sk\/?s={search_term_string}"},"query-input":{"@type":"PropertyValueSpecification","valueRequired":true,"valueName":"search_term_string"}}],"inLanguage":"en-US"},{"@type":"Organization","@id":"https:\/\/gooddealersmeds.com\/sk\/#organization","name":"Good Dealers Meds","url":"https:\/\/gooddealersmeds.com\/sk\/","logo":{"@type":"ImageObject","inLanguage":"en-US","@id":"https:\/\/gooddealersmeds.com\/sk\/#\/schema\/logo\/image\/","url":"https:\/\/gooddealersmeds.com\/sk\/wp-content\/uploads\/sites\/9\/2022\/03\/gooddealersmeds__logo__20220317T222800Z.00.png","contentUrl":"https:\/\/gooddealersmeds.com\/sk\/wp-content\/uploads\/sites\/9\/2022\/03\/gooddealersmeds__logo__20220317T222800Z.00.png","width":500,"height":325,"caption":"Good Dealers Meds"},"image":{"@id":"https:\/\/gooddealersmeds.com\/sk\/#\/schema\/logo\/image\/"}}]}},"_links":{"self":[{"href":"https:\/\/gooddealersmeds.com\/sk\/wp-json\/wp\/v2\/product\/1701","targetHints":{"allow":["GET"]}}],"collection":[{"href":"https:\/\/gooddealersmeds.com\/sk\/wp-json\/wp\/v2\/product"}],"about":[{"href":"https:\/\/gooddealersmeds.com\/sk\/wp-json\/wp\/v2\/types\/product"}],"replies":[{"embeddable":true,"href":"https:\/\/gooddealersmeds.com\/sk\/wp-json\/wp\/v2\/comments?post=1701"}],"wp:featuredmedia":[{"embeddable":true,"href":"https:\/\/gooddealersmeds.com\/sk\/wp-json\/wp\/v2\/media\/1866"}],"wp:attachment":[{"href":"https:\/\/gooddealersmeds.com\/sk\/wp-json\/wp\/v2\/media?parent=1701"}],"wp:term":[{"taxonomy":"product_brand","embeddable":true,"href":"https:\/\/gooddealersmeds.com\/sk\/wp-json\/wp\/v2\/product_brand?post=1701"},{"taxonomy":"product_cat","embeddable":true,"href":"https:\/\/gooddealersmeds.com\/sk\/wp-json\/wp\/v2\/product_cat?post=1701"},{"taxonomy":"product_tag","embeddable":true,"href":"https:\/\/gooddealersmeds.com\/sk\/wp-json\/wp\/v2\/product_tag?post=1701"}],"curies":[{"name":"wp","href":"https:\/\/api.w.org\/{rel}","templated":true}]}}