{"id":1689,"date":"2022-03-19T01:19:42","date_gmt":"2022-03-19T01:19:42","guid":{"rendered":"https:\/\/gooddealersmeds.com\/sk\/?post_type=product&#038;p=1689"},"modified":"2022-10-03T22:06:28","modified_gmt":"2022-10-03T22:06:28","slug":"kupit-kokain-online","status":"publish","type":"product","link":"https:\/\/gooddealersmeds.com\/sk\/product\/kupit-kokain-online\/","title":{"rendered":"K\u00fapte si koka\u00edn online"},"content":{"rendered":"<p>Z\u00e1kazn\u00edci z celej Eur\u00f3py si m\u00f4\u017eu k\u00fapi\u0165 koka\u00edn online na na\u0161ej str\u00e1nke na lek\u00e1rsky predpis alebo bez neho. Koka\u00edn je biely pr\u00e1\u0161ok. Je to stimulant centr\u00e1lneho nervov\u00e9ho syst\u00e9mu, ktor\u00fd sp\u00f4sobuje uvo\u013e\u0148ovanie vysok\u00fdch hlad\u00edn dopam\u00ednu. Mozog n\u00e1s \u201eodme\u0148uje\u201c za to, \u017ee sa zap\u00e1jame do spr\u00e1vania zlep\u0161uj\u00faceho \u017eivot t\u00fdm, \u017ee uvo\u013e\u0148uje z\u00e1plavu pr\u00edjemn\u00fdch neurochemik\u00e1li\u00ed.<\/p>\n<p>Koka\u00edn je biely pr\u00e1\u0161ok s horkou, znecitlivuj\u00facou chu\u0165ou. Dod\u00e1va sa v 3 hlavn\u00fdch form\u00e1ch: hydrochlorid koka\u00ednu, vo\u013en\u00e1 b\u00e1za a crack. M\u00f4\u017ee sa \u0161nupa\u0165 do nosa alebo zmie\u0161a\u0165 s vodou a vstrekn\u00fa\u0165 ihlou. M\u00f4\u017ee sa tie\u017e pod\u00e1va\u0165 injek\u010dne, vtiera\u0165 do \u010fasien alebo prid\u00e1va\u0165 do jedla a n\u00e1pojov. Z koka\u00ednu sa daj\u00fa vyrobi\u0165 aj mal\u00e9 biele kamienky, naz\u00fdvan\u00e9 crack. Crack sa faj\u010d\u00ed v malej sklenenej fajke.<\/p>\n<p>Zr\u00fdchli to cel\u00e9 va\u0161e telo. M\u00f4\u017eete sa c\u00edti\u0165 pln\u00ed energie, \u0161\u0165astn\u00ed a nad\u0161en\u00ed. Ale potom sa va\u0161a n\u00e1lada m\u00f4\u017ee zmeni\u0165. M\u00f4\u017eete by\u0165 nahnevan\u00ed, nerv\u00f3zni a ma\u0165 strach, \u017ee po v\u00e1s niekto ide. Koka\u00edn zvy\u0161uje srdcov\u00fa frekvenciu, d\u00fdchanie a krvn\u00fd tlak. N\u00e1stupn\u00e1 f\u00e1za je r\u00fdchla, vedie k euf\u00f3rii a pocitu sily a intelektu\u00e1lnej sily. Koka\u00edn m\u00f4\u017ee napodob\u0148ova\u0165 zv\u00fd\u0161en\u00fa bdelos\u0165, br\u00e1ni\u0165 pocitom \u00fanavy a fyzick\u00e9ho \u0161oku. M\u00f4\u017eete robi\u0165 veci, ktor\u00e9 ned\u00e1vaj\u00fa zmysel. Potom, \u010do pominie \u201ehigh\u201c, m\u00f4\u017eete sa \u201ezr\u00fati\u0165\u201c a cel\u00e9 dni sa c\u00edti\u0165 unaven\u00ed a smutn\u00ed. Tie\u017e dostanete siln\u00fa t\u00fa\u017ebu u\u017ei\u0165 drogu znova, aby ste sa pok\u00fasili c\u00edti\u0165 lep\u0161ie.<\/p>\n<p>Je to silne n\u00e1vykov\u00e1 stimula\u010dn\u00e1 droga vyroben\u00e1 z listov rastliny koky p\u00f4vodom z Ju\u017enej Ameriky. Hoci ho poskytovatelia zdravotnej starostlivosti m\u00f4\u017eu pou\u017ei\u0165 na platn\u00e9 lek\u00e1rske \u00fa\u010dely, ako je lok\u00e1lna anest\u00e9zia pri niektor\u00fdch oper\u00e1ci\u00e1ch, koka\u00edn je neleg\u00e1lna droga. Je \u013eahk\u00e9 strati\u0165 kontrolu nad jeho pou\u017e\u00edvan\u00edm a sta\u0165 sa z\u00e1visl\u00fdm. Potom, aj ke\u010f dostanete lie\u010dbu, m\u00f4\u017ee by\u0165 \u0165a\u017ek\u00e9 vyhn\u00fa\u0165 sa drog\u00e1m. \u013dudia, ktor\u00ed prestali u\u017e\u00edva\u0165 koka\u00edn, m\u00f4\u017eu st\u00e1le poci\u0165ova\u0165 siln\u00fa t\u00fa\u017ebu po droge, niekedy dokonca aj po rokoch.<\/p>\n<p>Koka\u00edn si m\u00f4\u017eete k\u00fapi\u0165 online na na\u0161om <a href=\"https:\/\/gooddealersmeds.com\/sk\/products\/\">obchod<\/a> s bezpe\u010dnou dopravou po celej Eur\u00f3pe.<\/p>\n<p>&nbsp;<\/p>\n","protected":false},"excerpt":{"rendered":"<p>Koka\u00edn si teraz m\u00f4\u017eete k\u00fapi\u0165 online v na\u0161om obchode, je to stimula\u010dn\u00e1 droga extrahovan\u00e1 z listov Erythroxylon coca Lam, druhu rastliny koky, ktor\u00e1 sa pestuje v andskej oblasti Ju\u017enej Ameriky. M\u00f4\u017ee sa konzumova\u0165 vo forme pr\u00e1\u0161kov\u00e9ho koka\u00ednu, ktor\u00fd sa zvy\u010dajne \u0161nupe alebo injek\u010dne pod\u00e1va. M\u00f4\u017ee sa tie\u017e konzumova\u0165 vo forme cracku, ktor\u00fd sa zvy\u010dajne faj\u010d\u00ed, a vo forme pasty, ktor\u00e1 sa tie\u017e faj\u010d\u00ed.<\/p>\n","protected":false},"featured_media":1700,"comment_status":"open","ping_status":"closed","template":"","meta":{"inline_featured_image":false},"product_brand":[],"product_cat":[343],"product_tag":[592,244,248,255,256,257,258,259,589,260,590,241,242,245,243,246,247,249,250,251,252,253,254,261,591,262,263],"class_list":{"0":"post-1689","1":"product","2":"type-product","3":"status-publish","4":"has-post-thumbnail","6":"product_cat-in","7":"product_tag-ako-diskrtne-kpi-kokan","8":"product_tag-buy-dmt-online","9":"product_tag-buy-methamphetamine-online","10":"product_tag-buy-psilocybe-weilii-online","11":"product_tag-buy-sea-salt-dark-chocolate","12":"product_tag-buy-transkei-magic-mushroom","13":"product_tag-buy-variety-pack-online","14":"product_tag-cherry-lime-gummy-bears","15":"product_tag-cocaine-for-sale","16":"product_tag-cookies-and-cream-chocolate","17":"product_tag-kde-kpi-kokan","18":"product_tag-buy-albino-p-e-hub","19":"product_tag-buy-berry-sour-stars","20":"product_tag-buy-lysergic-kyselina-dietylamid","21":"product_tag-kpi-kokan-online","22":"product_tag-kpi-malabarsk-magick-huby","23":"product_tag-kpi-mazatapec-magic-huba","24":"product_tag-kpi-panaeolus-cyanescens-online","25":"product_tag-kpi-psilocybe-azurenscens-online","26":"product_tag-buy-psilocybe-mckennaii-online","27":"product_tag-kpi-psilocybe-mexicana-online","28":"product_tag-kpi-psilocybe-stuntzil-online","29":"product_tag-kpi-psilocybe-tempensis-online","30":"product_tag-mastermind-tmav-okoldov-tyinky","31":"product_tag-ist-kokan-objednvka-online","32":"product_tag-penis-zvis-magick-huba","33":"product_tag-top-lsd-na-predaj","34":"pa_grams-1-kg-1000-g","35":"pa_grams-10-g","36":"pa_grams-100-g","37":"pa_grams-20-g","38":"pa_grams-200-g","39":"pa_grams-35-g","40":"pa_grams-50-g","41":"pa_grams-500-g","43":"first","44":"instock","45":"featured","46":"shipping-taxable","47":"purchasable","48":"product-type-variable","49":"has-default-attributes"},"yoast_head":"<!-- This site is optimized with the Yoast SEO Premium plugin v20.6 (Yoast SEO v27.4) - https:\/\/yoast.com\/product\/yoast-seo-premium-wordpress\/ -->\n<title>K\u00fapi\u0165 koka\u00edn online - koka\u00edn na predaj | Dobr\u00ed predajcovia liekov<\/title>\n<meta name=\"description\" content=\"K\u00fapte si teraz koka\u00edn online v na\u0161om obchode, je to stimula\u010dn\u00e1 droga extrahovan\u00e1 z listov Erythroxylon coca Lam, druhu rastliny koky.\" \/>\n<meta name=\"robots\" content=\"index, follow, max-snippet:-1, max-image-preview:large, max-video-preview:-1\" \/>\n<link rel=\"canonical\" href=\"https:\/\/gooddealersmeds.com\/sk\/product\/kupit-kokain-online\/\" \/>\n<meta property=\"og:locale\" content=\"en_US\" \/>\n<meta property=\"og:type\" content=\"article\" \/>\n<meta property=\"og:title\" content=\"K\u00fapte si koka\u00edn online\" \/>\n<meta property=\"og:description\" content=\"K\u00fapte si teraz koka\u00edn online v na\u0161om obchode, je to stimula\u010dn\u00e1 droga extrahovan\u00e1 z listov Erythroxylon coca Lam, druhu rastliny koky.\" \/>\n<meta property=\"og:url\" content=\"https:\/\/gooddealersmeds.com\/sk\/product\/kupit-kokain-online\/\" \/>\n<meta property=\"og:site_name\" content=\"Good Dealers Meds\" \/>\n<meta property=\"article:modified_time\" content=\"2022-10-03T22:06:28+00:00\" \/>\n<meta property=\"og:image\" content=\"https:\/\/gooddealersmeds.com\/sk\/wp-content\/uploads\/sites\/9\/2022\/03\/8097e257-2271-4a0c-9aeb-1705fa7333e8.jpg\" \/>\n\t<meta property=\"og:image:width\" content=\"687\" \/>\n\t<meta property=\"og:image:height\" content=\"687\" \/>\n\t<meta property=\"og:image:type\" content=\"image\/jpeg\" \/>\n<meta name=\"twitter:card\" content=\"summary_large_image\" \/>\n<meta name=\"twitter:label1\" content=\"Est. reading time\" \/>\n\t<meta name=\"twitter:data1\" content=\"2 minutes\" \/>\n<script type=\"application\/ld+json\" class=\"yoast-schema-graph\">{\"@context\":\"https:\\\/\\\/schema.org\",\"@graph\":[{\"@type\":\"WebPage\",\"@id\":\"https:\\\/\\\/gooddealersmeds.com\\\/sk\\\/product\\\/kupit-kokain-online\\\/\",\"url\":\"https:\\\/\\\/gooddealersmeds.com\\\/sk\\\/product\\\/kupit-kokain-online\\\/\",\"name\":\"K\u00fapi\u0165 koka\u00edn online - koka\u00edn na predaj | Dobr\u00ed predajcovia liekov\",\"isPartOf\":{\"@id\":\"https:\\\/\\\/gooddealersmeds.com\\\/sk\\\/#website\"},\"primaryImageOfPage\":{\"@id\":\"https:\\\/\\\/gooddealersmeds.com\\\/sk\\\/product\\\/kupit-kokain-online\\\/#primaryimage\"},\"image\":{\"@id\":\"https:\\\/\\\/gooddealersmeds.com\\\/sk\\\/product\\\/kupit-kokain-online\\\/#primaryimage\"},\"thumbnailUrl\":\"https:\\\/\\\/gooddealersmeds.com\\\/sk\\\/wp-content\\\/uploads\\\/sites\\\/9\\\/2022\\\/03\\\/8097e257-2271-4a0c-9aeb-1705fa7333e8.jpg\",\"datePublished\":\"2022-03-19T01:19:42+00:00\",\"dateModified\":\"2022-10-03T22:06:28+00:00\",\"description\":\"K\u00fapte si teraz koka\u00edn online v na\u0161om obchode, je to stimula\u010dn\u00e1 droga extrahovan\u00e1 z listov Erythroxylon coca Lam, druhu rastliny koky.\",\"breadcrumb\":{\"@id\":\"https:\\\/\\\/gooddealersmeds.com\\\/sk\\\/product\\\/kupit-kokain-online\\\/#breadcrumb\"},\"inLanguage\":\"en-US\",\"potentialAction\":[{\"@type\":\"ReadAction\",\"target\":[\"https:\\\/\\\/gooddealersmeds.com\\\/sk\\\/product\\\/kupit-kokain-online\\\/\"]}]},{\"@type\":\"ImageObject\",\"inLanguage\":\"en-US\",\"@id\":\"https:\\\/\\\/gooddealersmeds.com\\\/sk\\\/product\\\/kupit-kokain-online\\\/#primaryimage\",\"url\":\"https:\\\/\\\/gooddealersmeds.com\\\/sk\\\/wp-content\\\/uploads\\\/sites\\\/9\\\/2022\\\/03\\\/8097e257-2271-4a0c-9aeb-1705fa7333e8.jpg\",\"contentUrl\":\"https:\\\/\\\/gooddealersmeds.com\\\/sk\\\/wp-content\\\/uploads\\\/sites\\\/9\\\/2022\\\/03\\\/8097e257-2271-4a0c-9aeb-1705fa7333e8.jpg\",\"width\":687,\"height\":687,\"caption\":\"Buy Cocaine Online\"},{\"@type\":\"BreadcrumbList\",\"@id\":\"https:\\\/\\\/gooddealersmeds.com\\\/sk\\\/product\\\/kupit-kokain-online\\\/#breadcrumb\",\"itemListElement\":[{\"@type\":\"ListItem\",\"position\":1,\"name\":\"Home\",\"item\":\"https:\\\/\\\/gooddealersmeds.com\\\/sk\\\/\"},{\"@type\":\"ListItem\",\"position\":2,\"name\":\"Produkty\",\"item\":\"https:\\\/\\\/gooddealersmeds.com\\\/sk\\\/produkty\\\/\"},{\"@type\":\"ListItem\",\"position\":3,\"name\":\"K\u00fapte si koka\u00edn online\"}]},{\"@type\":\"WebSite\",\"@id\":\"https:\\\/\\\/gooddealersmeds.com\\\/sk\\\/#website\",\"url\":\"https:\\\/\\\/gooddealersmeds.com\\\/sk\\\/\",\"name\":\"Good Dealers Meds\",\"description\":\"All our best\",\"publisher\":{\"@id\":\"https:\\\/\\\/gooddealersmeds.com\\\/sk\\\/#organization\"},\"potentialAction\":[{\"@type\":\"SearchAction\",\"target\":{\"@type\":\"EntryPoint\",\"urlTemplate\":\"https:\\\/\\\/gooddealersmeds.com\\\/sk\\\/?s={search_term_string}\"},\"query-input\":{\"@type\":\"PropertyValueSpecification\",\"valueRequired\":true,\"valueName\":\"search_term_string\"}}],\"inLanguage\":\"en-US\"},{\"@type\":\"Organization\",\"@id\":\"https:\\\/\\\/gooddealersmeds.com\\\/sk\\\/#organization\",\"name\":\"Good Dealers Meds\",\"url\":\"https:\\\/\\\/gooddealersmeds.com\\\/sk\\\/\",\"logo\":{\"@type\":\"ImageObject\",\"inLanguage\":\"en-US\",\"@id\":\"https:\\\/\\\/gooddealersmeds.com\\\/sk\\\/#\\\/schema\\\/logo\\\/image\\\/\",\"url\":\"https:\\\/\\\/gooddealersmeds.com\\\/sk\\\/wp-content\\\/uploads\\\/sites\\\/9\\\/2022\\\/03\\\/gooddealersmeds__logo__20220317T222800Z.00.png\",\"contentUrl\":\"https:\\\/\\\/gooddealersmeds.com\\\/sk\\\/wp-content\\\/uploads\\\/sites\\\/9\\\/2022\\\/03\\\/gooddealersmeds__logo__20220317T222800Z.00.png\",\"width\":500,\"height\":325,\"caption\":\"Good Dealers Meds\"},\"image\":{\"@id\":\"https:\\\/\\\/gooddealersmeds.com\\\/sk\\\/#\\\/schema\\\/logo\\\/image\\\/\"}}]}<\/script>\n<!-- \/ Yoast SEO Premium plugin. -->","yoast_head_json":{"title":"K\u00fapi\u0165 koka\u00edn online - koka\u00edn na predaj | Dobr\u00ed predajcovia liekov","description":"K\u00fapte si teraz koka\u00edn online v na\u0161om obchode, je to stimula\u010dn\u00e1 droga extrahovan\u00e1 z listov Erythroxylon coca Lam, druhu rastliny koky.","robots":{"index":"index","follow":"follow","max-snippet":"max-snippet:-1","max-image-preview":"max-image-preview:large","max-video-preview":"max-video-preview:-1"},"canonical":"https:\/\/gooddealersmeds.com\/sk\/product\/kupit-kokain-online\/","og_locale":"en_US","og_type":"article","og_title":"K\u00fapte si koka\u00edn online","og_description":"K\u00fapte si teraz koka\u00edn online v na\u0161om obchode, je to stimula\u010dn\u00e1 droga extrahovan\u00e1 z listov Erythroxylon coca Lam, druhu rastliny koky.","og_url":"https:\/\/gooddealersmeds.com\/sk\/product\/kupit-kokain-online\/","og_site_name":"Good Dealers Meds","article_modified_time":"2022-10-03T22:06:28+00:00","og_image":[{"width":687,"height":687,"url":"https:\/\/gooddealersmeds.com\/sk\/wp-content\/uploads\/sites\/9\/2022\/03\/8097e257-2271-4a0c-9aeb-1705fa7333e8.jpg","type":"image\/jpeg"}],"twitter_card":"summary_large_image","twitter_misc":{"Est. reading time":"2 minutes"},"schema":{"@context":"https:\/\/schema.org","@graph":[{"@type":"WebPage","@id":"https:\/\/gooddealersmeds.com\/sk\/product\/kupit-kokain-online\/","url":"https:\/\/gooddealersmeds.com\/sk\/product\/kupit-kokain-online\/","name":"K\u00fapi\u0165 koka\u00edn online - koka\u00edn na predaj | Dobr\u00ed predajcovia liekov","isPartOf":{"@id":"https:\/\/gooddealersmeds.com\/sk\/#website"},"primaryImageOfPage":{"@id":"https:\/\/gooddealersmeds.com\/sk\/product\/kupit-kokain-online\/#primaryimage"},"image":{"@id":"https:\/\/gooddealersmeds.com\/sk\/product\/kupit-kokain-online\/#primaryimage"},"thumbnailUrl":"https:\/\/gooddealersmeds.com\/sk\/wp-content\/uploads\/sites\/9\/2022\/03\/8097e257-2271-4a0c-9aeb-1705fa7333e8.jpg","datePublished":"2022-03-19T01:19:42+00:00","dateModified":"2022-10-03T22:06:28+00:00","description":"K\u00fapte si teraz koka\u00edn online v na\u0161om obchode, je to stimula\u010dn\u00e1 droga extrahovan\u00e1 z listov Erythroxylon coca Lam, druhu rastliny koky.","breadcrumb":{"@id":"https:\/\/gooddealersmeds.com\/sk\/product\/kupit-kokain-online\/#breadcrumb"},"inLanguage":"en-US","potentialAction":[{"@type":"ReadAction","target":["https:\/\/gooddealersmeds.com\/sk\/product\/kupit-kokain-online\/"]}]},{"@type":"ImageObject","inLanguage":"en-US","@id":"https:\/\/gooddealersmeds.com\/sk\/product\/kupit-kokain-online\/#primaryimage","url":"https:\/\/gooddealersmeds.com\/sk\/wp-content\/uploads\/sites\/9\/2022\/03\/8097e257-2271-4a0c-9aeb-1705fa7333e8.jpg","contentUrl":"https:\/\/gooddealersmeds.com\/sk\/wp-content\/uploads\/sites\/9\/2022\/03\/8097e257-2271-4a0c-9aeb-1705fa7333e8.jpg","width":687,"height":687,"caption":"Buy Cocaine Online"},{"@type":"BreadcrumbList","@id":"https:\/\/gooddealersmeds.com\/sk\/product\/kupit-kokain-online\/#breadcrumb","itemListElement":[{"@type":"ListItem","position":1,"name":"Home","item":"https:\/\/gooddealersmeds.com\/sk\/"},{"@type":"ListItem","position":2,"name":"Produkty","item":"https:\/\/gooddealersmeds.com\/sk\/produkty\/"},{"@type":"ListItem","position":3,"name":"K\u00fapte si koka\u00edn online"}]},{"@type":"WebSite","@id":"https:\/\/gooddealersmeds.com\/sk\/#website","url":"https:\/\/gooddealersmeds.com\/sk\/","name":"Good Dealers Meds","description":"All our best","publisher":{"@id":"https:\/\/gooddealersmeds.com\/sk\/#organization"},"potentialAction":[{"@type":"SearchAction","target":{"@type":"EntryPoint","urlTemplate":"https:\/\/gooddealersmeds.com\/sk\/?s={search_term_string}"},"query-input":{"@type":"PropertyValueSpecification","valueRequired":true,"valueName":"search_term_string"}}],"inLanguage":"en-US"},{"@type":"Organization","@id":"https:\/\/gooddealersmeds.com\/sk\/#organization","name":"Good Dealers Meds","url":"https:\/\/gooddealersmeds.com\/sk\/","logo":{"@type":"ImageObject","inLanguage":"en-US","@id":"https:\/\/gooddealersmeds.com\/sk\/#\/schema\/logo\/image\/","url":"https:\/\/gooddealersmeds.com\/sk\/wp-content\/uploads\/sites\/9\/2022\/03\/gooddealersmeds__logo__20220317T222800Z.00.png","contentUrl":"https:\/\/gooddealersmeds.com\/sk\/wp-content\/uploads\/sites\/9\/2022\/03\/gooddealersmeds__logo__20220317T222800Z.00.png","width":500,"height":325,"caption":"Good Dealers Meds"},"image":{"@id":"https:\/\/gooddealersmeds.com\/sk\/#\/schema\/logo\/image\/"}}]}},"_links":{"self":[{"href":"https:\/\/gooddealersmeds.com\/sk\/wp-json\/wp\/v2\/product\/1689","targetHints":{"allow":["GET"]}}],"collection":[{"href":"https:\/\/gooddealersmeds.com\/sk\/wp-json\/wp\/v2\/product"}],"about":[{"href":"https:\/\/gooddealersmeds.com\/sk\/wp-json\/wp\/v2\/types\/product"}],"replies":[{"embeddable":true,"href":"https:\/\/gooddealersmeds.com\/sk\/wp-json\/wp\/v2\/comments?post=1689"}],"wp:featuredmedia":[{"embeddable":true,"href":"https:\/\/gooddealersmeds.com\/sk\/wp-json\/wp\/v2\/media\/1700"}],"wp:attachment":[{"href":"https:\/\/gooddealersmeds.com\/sk\/wp-json\/wp\/v2\/media?parent=1689"}],"wp:term":[{"taxonomy":"product_brand","embeddable":true,"href":"https:\/\/gooddealersmeds.com\/sk\/wp-json\/wp\/v2\/product_brand?post=1689"},{"taxonomy":"product_cat","embeddable":true,"href":"https:\/\/gooddealersmeds.com\/sk\/wp-json\/wp\/v2\/product_cat?post=1689"},{"taxonomy":"product_tag","embeddable":true,"href":"https:\/\/gooddealersmeds.com\/sk\/wp-json\/wp\/v2\/product_tag?post=1689"}],"curies":[{"name":"wp","href":"https:\/\/api.w.org\/{rel}","templated":true}]}}