{"id":1678,"date":"2022-03-19T01:13:31","date_gmt":"2022-03-19T01:13:31","guid":{"rendered":"https:\/\/gooddealersmeds.com\/sk\/?post_type=product&#038;p=1678"},"modified":"2022-10-03T22:06:36","modified_gmt":"2022-10-03T22:06:36","slug":"buy-dmt-crystal-online","status":"publish","type":"product","link":"https:\/\/gooddealersmeds.com\/sk\/product\/buy-dmt-crystal-online\/","title":{"rendered":"K\u00fapte si DMT Crystal online"},"content":{"rendered":"<p>K\u00fapte si DMT Crystal online v na\u0161om obchode. DMT je psychedelick\u00e1 a halucinog\u00e9nna zl\u00fa\u010denina z\u00edskan\u00e1 z rastliny Ayahuasca. DMT je prirodzene sa vyskytuj\u00faca chemik\u00e1lia nach\u00e1dzaj\u00faca sa v r\u00f4znych \u017eivo\u010d\u00edchoch a rastlin\u00e1ch.<\/p>\n<p>Zistilo sa, \u017ee sa prirodzene vyskytuje aj u \u013eud\u00ed. DMT poch\u00e1dza najm\u00e4 z Ju\u017enej Ameriky, konkr\u00e9tne z Amazonsk\u00e9ho pralesa. Je zn\u00e1me, \u017ee pri konzum\u00e1cii DMT sp\u00f4sobuje cel\u00fd rad vizu\u00e1lnych a halucinog\u00e9nnych \u00fa\u010dinkov. Je tie\u017e zn\u00e1me, \u017ee poskytuje v\u0161etky v\u00fdhody pre du\u0161evn\u00e9 zdravie in\u00fdch psychedelick\u00fdch l\u00e1tok.<\/p>\n<p>K\u00fapte si kry\u0161t\u00e1ly DMT online za ve\u013emi dobr\u00fa cenu. Kry\u0161t\u00e1ly DMT m\u00e1me len na laborat\u00f3rne pou\u017eitie, preto\u017ee maj\u00fa \u010distotu pribli\u017ene 98,98 %. To nazna\u010duje, \u017ee je extr\u00e9mne siln\u00fd a ak sa skonzumuje, m\u00f4\u017ee jednotlivca zrani\u0165.<\/p>\n<p>DMT Crystals na predaj v Eur\u00f3pe. Toto je DMT v kry\u0161talickej forme. DMT Crystals je skratka pre N,N-dimetyltryptam\u00edn. Je to siln\u00e1 psychedelick\u00e1 droga so serotonergn\u00fdmi \u00fa\u010dinkami na \u013eudsk\u00fd mozog, ktor\u00e1 m\u00f4\u017ee poskytn\u00fa\u0165 r\u00fdchly a intenz\u00edvny psychedelick\u00fd z\u00e1\u017eitok zn\u00e1my ako \u201eDMT trip\u201c. Z\u00e1\u017eitky DMT sa zvy\u010dajne vyzna\u010duj\u00fa vizu\u00e1lnymi halucin\u00e1ciami, ktor\u00e9 \u010dasto zah\u0155\u0148aj\u00fa siln\u00e9 entity, a s\u00fa \u010dasto spojen\u00e9 s hlb\u0161\u00edm v\u00fdznamom. T\u00e1to hlbok\u00e1 sk\u00fasenos\u0165 sa \u010dasto ozna\u010duje ako \u201eprelom v DMT\u201c. DMT vo svojej kry\u0161talickej forme mo\u017eno faj\u010di\u0165, \u0161nupa\u0165 alebo injek\u010dne pod\u00e1va\u0165 ako rekrea\u010dn\u00fa drogu.<\/p>\n<p>DMT zvy\u010dajne nie je ur\u010den\u00e9 na peror\u00e1lne pou\u017eitie, s v\u00fdnimkou kombin\u00e1cie s inhib\u00edtorom monoaminooxid\u00e1zy. Existuje viacero strat\u00e9gi\u00ed absorpcie; napr\u00edklad odparovan\u00edm, inf\u00faziou alebo insufl\u00e1ciou drogy by sa na kr\u00e1tky \u010das vytvorili prelomov\u00e9 predstavy.<\/p>\n<p>DMT mo\u017eno konzumova\u0165 ako \u010daj (ayahuasca), ale najbe\u017enej\u0161\u00edm sp\u00f4sobom konzum\u00e1cie DMT je faj\u010denie \/odpari\u0165 to. Pri faj\u010den\u00ed\/vyparovan\u00ed je n\u00e1stup r\u00fdchly a \u00fa\u010dinky intenz\u00edvne a kr\u00e1tkodob\u00e9.<\/p>\n<p>Pre \u00fa\u010dely harm reduction nie je vhodn\u00e9 l\u00e1tky kombinova\u0165. Kombin\u00e1cia l\u00e1tok nemus\u00ed nevyhnutne vies\u0165 k rovnak\u00e9mu zmie\u0161aniu \u00fa\u010dinkov. A je to v podstate nov\u00e1 droga sama osebe.<\/p>\n<p>Kry\u0161t\u00e1l DMT si m\u00f4\u017eete k\u00fapi\u0165 online v na\u0161om obchode.<\/p>\n<p>&nbsp;<\/p>\n","protected":false},"excerpt":{"rendered":"<p>N,N-Dimetyltryptam\u00edn je chemick\u00e1 l\u00e1tka, ktor\u00e1 sa vyskytuje v mnoh\u00fdch rastlin\u00e1ch a \u017eivo\u010d\u00edchoch a ktor\u00e1 je deriv\u00e1tom aj \u0161trukt\u00farnym anal\u00f3gom tryptam\u00ednu. D\u00e1 sa konzumova\u0165 ako psychedelick\u00e1 droga a historicky ju r\u00f4zne kult\u00fary pripravovali na ritu\u00e1lne \u00fa\u010dely ako enteog\u00e9n<\/p>\n","protected":false},"featured_media":2018,"comment_status":"open","ping_status":"closed","template":"","meta":{"inline_featured_image":false},"product_brand":[],"product_cat":[345],"product_tag":[],"class_list":{"0":"post-1678","1":"product","2":"type-product","3":"status-publish","4":"has-post-thumbnail","6":"product_cat-psychedelick-drogy","7":"pa_grams-1-kg-1000-g","8":"pa_grams-10-g","9":"pa_grams-100-g","10":"pa_grams-20-g","11":"pa_grams-200-g","12":"pa_grams-35-g","13":"pa_grams-50-g","14":"pa_grams-500-g","16":"first","17":"instock","18":"featured","19":"shipping-taxable","20":"purchasable","21":"product-type-variable","22":"has-default-attributes"},"yoast_head":"<!-- This site is optimized with the Yoast SEO Premium plugin v20.6 (Yoast SEO v27.3) - https:\/\/yoast.com\/product\/yoast-seo-premium-wordpress\/ -->\n<title>K\u00fapte si DMT Crystal online \u2013 produkty najvy\u0161\u0161ej kvality |<\/title>\n<meta name=\"description\" content=\"K\u00fapi\u0165 DMT Crystal Online: DMT je halucinog\u00e9nna a psychedelick\u00e1 droga, ktor\u00e1 men\u00ed individu\u00e1lne vn\u00edmanie sveta okolo seba.\" \/>\n<meta name=\"robots\" content=\"index, follow, max-snippet:-1, max-image-preview:large, max-video-preview:-1\" \/>\n<link rel=\"canonical\" href=\"https:\/\/gooddealersmeds.com\/sk\/product\/buy-dmt-crystal-online\/\" \/>\n<meta property=\"og:locale\" content=\"en_US\" \/>\n<meta property=\"og:type\" content=\"article\" \/>\n<meta property=\"og:title\" content=\"K\u00fapte si DMT Crystal online\" \/>\n<meta property=\"og:description\" content=\"K\u00fapi\u0165 DMT Crystal Online: DMT je halucinog\u00e9nna a psychedelick\u00e1 droga, ktor\u00e1 men\u00ed individu\u00e1lne vn\u00edmanie sveta okolo seba.\" \/>\n<meta property=\"og:url\" content=\"https:\/\/gooddealersmeds.com\/sk\/product\/buy-dmt-crystal-online\/\" \/>\n<meta property=\"og:site_name\" content=\"Good Dealers Meds\" \/>\n<meta property=\"article:modified_time\" content=\"2022-10-03T22:06:36+00:00\" \/>\n<meta property=\"og:image\" content=\"https:\/\/gooddealersmeds.com\/sk\/wp-content\/uploads\/sites\/9\/2022\/03\/wcafo2x8fv051-scaled.webp\" \/>\n\t<meta property=\"og:image:width\" content=\"2560\" \/>\n\t<meta property=\"og:image:height\" content=\"1920\" \/>\n\t<meta property=\"og:image:type\" content=\"image\/webp\" \/>\n<meta name=\"twitter:card\" content=\"summary_large_image\" \/>\n<meta name=\"twitter:label1\" content=\"Est. reading time\" \/>\n\t<meta name=\"twitter:data1\" content=\"2 minutes\" \/>\n<script type=\"application\/ld+json\" class=\"yoast-schema-graph\">{\"@context\":\"https:\\\/\\\/schema.org\",\"@graph\":[{\"@type\":\"WebPage\",\"@id\":\"https:\\\/\\\/gooddealersmeds.com\\\/sk\\\/product\\\/buy-dmt-crystal-online\\\/\",\"url\":\"https:\\\/\\\/gooddealersmeds.com\\\/sk\\\/product\\\/buy-dmt-crystal-online\\\/\",\"name\":\"K\u00fapte si DMT Crystal online \u2013 produkty najvy\u0161\u0161ej kvality |\",\"isPartOf\":{\"@id\":\"https:\\\/\\\/gooddealersmeds.com\\\/sk\\\/#website\"},\"primaryImageOfPage\":{\"@id\":\"https:\\\/\\\/gooddealersmeds.com\\\/sk\\\/product\\\/buy-dmt-crystal-online\\\/#primaryimage\"},\"image\":{\"@id\":\"https:\\\/\\\/gooddealersmeds.com\\\/sk\\\/product\\\/buy-dmt-crystal-online\\\/#primaryimage\"},\"thumbnailUrl\":\"https:\\\/\\\/gooddealersmeds.com\\\/sk\\\/wp-content\\\/uploads\\\/sites\\\/9\\\/2022\\\/03\\\/wcafo2x8fv051-scaled.webp\",\"datePublished\":\"2022-03-19T01:13:31+00:00\",\"dateModified\":\"2022-10-03T22:06:36+00:00\",\"description\":\"K\u00fapi\u0165 DMT Crystal Online: DMT je halucinog\u00e9nna a psychedelick\u00e1 droga, ktor\u00e1 men\u00ed individu\u00e1lne vn\u00edmanie sveta okolo seba.\",\"breadcrumb\":{\"@id\":\"https:\\\/\\\/gooddealersmeds.com\\\/sk\\\/product\\\/buy-dmt-crystal-online\\\/#breadcrumb\"},\"inLanguage\":\"en-US\",\"potentialAction\":[{\"@type\":\"ReadAction\",\"target\":[\"https:\\\/\\\/gooddealersmeds.com\\\/sk\\\/product\\\/buy-dmt-crystal-online\\\/\"]}]},{\"@type\":\"ImageObject\",\"inLanguage\":\"en-US\",\"@id\":\"https:\\\/\\\/gooddealersmeds.com\\\/sk\\\/product\\\/buy-dmt-crystal-online\\\/#primaryimage\",\"url\":\"https:\\\/\\\/gooddealersmeds.com\\\/sk\\\/wp-content\\\/uploads\\\/sites\\\/9\\\/2022\\\/03\\\/wcafo2x8fv051-scaled.webp\",\"contentUrl\":\"https:\\\/\\\/gooddealersmeds.com\\\/sk\\\/wp-content\\\/uploads\\\/sites\\\/9\\\/2022\\\/03\\\/wcafo2x8fv051-scaled.webp\",\"width\":2560,\"height\":1920,\"caption\":\"Buy DMT Crystal Online\"},{\"@type\":\"BreadcrumbList\",\"@id\":\"https:\\\/\\\/gooddealersmeds.com\\\/sk\\\/product\\\/buy-dmt-crystal-online\\\/#breadcrumb\",\"itemListElement\":[{\"@type\":\"ListItem\",\"position\":1,\"name\":\"Home\",\"item\":\"https:\\\/\\\/gooddealersmeds.com\\\/sk\\\/\"},{\"@type\":\"ListItem\",\"position\":2,\"name\":\"Produkty\",\"item\":\"https:\\\/\\\/gooddealersmeds.com\\\/sk\\\/produkty\\\/\"},{\"@type\":\"ListItem\",\"position\":3,\"name\":\"K\u00fapte si DMT Crystal online\"}]},{\"@type\":\"WebSite\",\"@id\":\"https:\\\/\\\/gooddealersmeds.com\\\/sk\\\/#website\",\"url\":\"https:\\\/\\\/gooddealersmeds.com\\\/sk\\\/\",\"name\":\"Good Dealers Meds\",\"description\":\"All our best\",\"publisher\":{\"@id\":\"https:\\\/\\\/gooddealersmeds.com\\\/sk\\\/#organization\"},\"potentialAction\":[{\"@type\":\"SearchAction\",\"target\":{\"@type\":\"EntryPoint\",\"urlTemplate\":\"https:\\\/\\\/gooddealersmeds.com\\\/sk\\\/?s={search_term_string}\"},\"query-input\":{\"@type\":\"PropertyValueSpecification\",\"valueRequired\":true,\"valueName\":\"search_term_string\"}}],\"inLanguage\":\"en-US\"},{\"@type\":\"Organization\",\"@id\":\"https:\\\/\\\/gooddealersmeds.com\\\/sk\\\/#organization\",\"name\":\"Good Dealers Meds\",\"url\":\"https:\\\/\\\/gooddealersmeds.com\\\/sk\\\/\",\"logo\":{\"@type\":\"ImageObject\",\"inLanguage\":\"en-US\",\"@id\":\"https:\\\/\\\/gooddealersmeds.com\\\/sk\\\/#\\\/schema\\\/logo\\\/image\\\/\",\"url\":\"https:\\\/\\\/gooddealersmeds.com\\\/sk\\\/wp-content\\\/uploads\\\/sites\\\/9\\\/2022\\\/03\\\/gooddealersmeds__logo__20220317T222800Z.00.png\",\"contentUrl\":\"https:\\\/\\\/gooddealersmeds.com\\\/sk\\\/wp-content\\\/uploads\\\/sites\\\/9\\\/2022\\\/03\\\/gooddealersmeds__logo__20220317T222800Z.00.png\",\"width\":500,\"height\":325,\"caption\":\"Good Dealers Meds\"},\"image\":{\"@id\":\"https:\\\/\\\/gooddealersmeds.com\\\/sk\\\/#\\\/schema\\\/logo\\\/image\\\/\"}}]}<\/script>\n<!-- \/ Yoast SEO Premium plugin. -->","yoast_head_json":{"title":"K\u00fapte si DMT Crystal online \u2013 produkty najvy\u0161\u0161ej kvality |","description":"K\u00fapi\u0165 DMT Crystal Online: DMT je halucinog\u00e9nna a psychedelick\u00e1 droga, ktor\u00e1 men\u00ed individu\u00e1lne vn\u00edmanie sveta okolo seba.","robots":{"index":"index","follow":"follow","max-snippet":"max-snippet:-1","max-image-preview":"max-image-preview:large","max-video-preview":"max-video-preview:-1"},"canonical":"https:\/\/gooddealersmeds.com\/sk\/product\/buy-dmt-crystal-online\/","og_locale":"en_US","og_type":"article","og_title":"K\u00fapte si DMT Crystal online","og_description":"K\u00fapi\u0165 DMT Crystal Online: DMT je halucinog\u00e9nna a psychedelick\u00e1 droga, ktor\u00e1 men\u00ed individu\u00e1lne vn\u00edmanie sveta okolo seba.","og_url":"https:\/\/gooddealersmeds.com\/sk\/product\/buy-dmt-crystal-online\/","og_site_name":"Good Dealers Meds","article_modified_time":"2022-10-03T22:06:36+00:00","og_image":[{"width":2560,"height":1920,"url":"https:\/\/gooddealersmeds.com\/sk\/wp-content\/uploads\/sites\/9\/2022\/03\/wcafo2x8fv051-scaled.webp","type":"image\/webp"}],"twitter_card":"summary_large_image","twitter_misc":{"Est. reading time":"2 minutes"},"schema":{"@context":"https:\/\/schema.org","@graph":[{"@type":"WebPage","@id":"https:\/\/gooddealersmeds.com\/sk\/product\/buy-dmt-crystal-online\/","url":"https:\/\/gooddealersmeds.com\/sk\/product\/buy-dmt-crystal-online\/","name":"K\u00fapte si DMT Crystal online \u2013 produkty najvy\u0161\u0161ej kvality |","isPartOf":{"@id":"https:\/\/gooddealersmeds.com\/sk\/#website"},"primaryImageOfPage":{"@id":"https:\/\/gooddealersmeds.com\/sk\/product\/buy-dmt-crystal-online\/#primaryimage"},"image":{"@id":"https:\/\/gooddealersmeds.com\/sk\/product\/buy-dmt-crystal-online\/#primaryimage"},"thumbnailUrl":"https:\/\/gooddealersmeds.com\/sk\/wp-content\/uploads\/sites\/9\/2022\/03\/wcafo2x8fv051-scaled.webp","datePublished":"2022-03-19T01:13:31+00:00","dateModified":"2022-10-03T22:06:36+00:00","description":"K\u00fapi\u0165 DMT Crystal Online: DMT je halucinog\u00e9nna a psychedelick\u00e1 droga, ktor\u00e1 men\u00ed individu\u00e1lne vn\u00edmanie sveta okolo seba.","breadcrumb":{"@id":"https:\/\/gooddealersmeds.com\/sk\/product\/buy-dmt-crystal-online\/#breadcrumb"},"inLanguage":"en-US","potentialAction":[{"@type":"ReadAction","target":["https:\/\/gooddealersmeds.com\/sk\/product\/buy-dmt-crystal-online\/"]}]},{"@type":"ImageObject","inLanguage":"en-US","@id":"https:\/\/gooddealersmeds.com\/sk\/product\/buy-dmt-crystal-online\/#primaryimage","url":"https:\/\/gooddealersmeds.com\/sk\/wp-content\/uploads\/sites\/9\/2022\/03\/wcafo2x8fv051-scaled.webp","contentUrl":"https:\/\/gooddealersmeds.com\/sk\/wp-content\/uploads\/sites\/9\/2022\/03\/wcafo2x8fv051-scaled.webp","width":2560,"height":1920,"caption":"Buy DMT Crystal Online"},{"@type":"BreadcrumbList","@id":"https:\/\/gooddealersmeds.com\/sk\/product\/buy-dmt-crystal-online\/#breadcrumb","itemListElement":[{"@type":"ListItem","position":1,"name":"Home","item":"https:\/\/gooddealersmeds.com\/sk\/"},{"@type":"ListItem","position":2,"name":"Produkty","item":"https:\/\/gooddealersmeds.com\/sk\/produkty\/"},{"@type":"ListItem","position":3,"name":"K\u00fapte si DMT Crystal online"}]},{"@type":"WebSite","@id":"https:\/\/gooddealersmeds.com\/sk\/#website","url":"https:\/\/gooddealersmeds.com\/sk\/","name":"Good Dealers Meds","description":"All our best","publisher":{"@id":"https:\/\/gooddealersmeds.com\/sk\/#organization"},"potentialAction":[{"@type":"SearchAction","target":{"@type":"EntryPoint","urlTemplate":"https:\/\/gooddealersmeds.com\/sk\/?s={search_term_string}"},"query-input":{"@type":"PropertyValueSpecification","valueRequired":true,"valueName":"search_term_string"}}],"inLanguage":"en-US"},{"@type":"Organization","@id":"https:\/\/gooddealersmeds.com\/sk\/#organization","name":"Good Dealers Meds","url":"https:\/\/gooddealersmeds.com\/sk\/","logo":{"@type":"ImageObject","inLanguage":"en-US","@id":"https:\/\/gooddealersmeds.com\/sk\/#\/schema\/logo\/image\/","url":"https:\/\/gooddealersmeds.com\/sk\/wp-content\/uploads\/sites\/9\/2022\/03\/gooddealersmeds__logo__20220317T222800Z.00.png","contentUrl":"https:\/\/gooddealersmeds.com\/sk\/wp-content\/uploads\/sites\/9\/2022\/03\/gooddealersmeds__logo__20220317T222800Z.00.png","width":500,"height":325,"caption":"Good Dealers Meds"},"image":{"@id":"https:\/\/gooddealersmeds.com\/sk\/#\/schema\/logo\/image\/"}}]}},"_links":{"self":[{"href":"https:\/\/gooddealersmeds.com\/sk\/wp-json\/wp\/v2\/product\/1678","targetHints":{"allow":["GET"]}}],"collection":[{"href":"https:\/\/gooddealersmeds.com\/sk\/wp-json\/wp\/v2\/product"}],"about":[{"href":"https:\/\/gooddealersmeds.com\/sk\/wp-json\/wp\/v2\/types\/product"}],"replies":[{"embeddable":true,"href":"https:\/\/gooddealersmeds.com\/sk\/wp-json\/wp\/v2\/comments?post=1678"}],"wp:featuredmedia":[{"embeddable":true,"href":"https:\/\/gooddealersmeds.com\/sk\/wp-json\/wp\/v2\/media\/2018"}],"wp:attachment":[{"href":"https:\/\/gooddealersmeds.com\/sk\/wp-json\/wp\/v2\/media?parent=1678"}],"wp:term":[{"taxonomy":"product_brand","embeddable":true,"href":"https:\/\/gooddealersmeds.com\/sk\/wp-json\/wp\/v2\/product_brand?post=1678"},{"taxonomy":"product_cat","embeddable":true,"href":"https:\/\/gooddealersmeds.com\/sk\/wp-json\/wp\/v2\/product_cat?post=1678"},{"taxonomy":"product_tag","embeddable":true,"href":"https:\/\/gooddealersmeds.com\/sk\/wp-json\/wp\/v2\/product_tag?post=1678"}],"curies":[{"name":"wp","href":"https:\/\/api.w.org\/{rel}","templated":true}]}}