{"id":1667,"date":"2022-03-19T01:05:58","date_gmt":"2022-03-19T01:05:58","guid":{"rendered":"https:\/\/gooddealersmeds.com\/sk\/?post_type=product&#038;p=1667"},"modified":"2022-10-03T22:07:02","modified_gmt":"2022-10-03T22:07:02","slug":"kupit-biely-heroin-100-cisty-online","status":"publish","type":"product","link":"https:\/\/gooddealersmeds.com\/sk\/product\/kupit-biely-heroin-100-cisty-online\/","title":{"rendered":"K\u00fapte si biely hero\u00edn 100% \u010dist\u00fd online"},"content":{"rendered":"<h1>K\u00fapi\u0165 biely hero\u00edn 100% \u010dist\u00fd online<\/h1>\n<p>K\u00fapi\u0165 biely hero\u00edn 100% syr online od n\u00e1\u0161ho <a href=\"https:\/\/gooddealersmeds.com\/sk\/products\/\"><span>internetov\u00fd obchod<\/span><\/a>. Hero\u00edn je biely alebo hned\u00fd pr\u00e1\u0161ok alebo \u010dierna lepkav\u00e1 hmota. Ide o\u00a0<span style=\"color: #333333\"><a id=\"anch_43\" style=\"color: #333333\" href=\"https:\/\/medlineplus.gov\/opioidmisuseandaddiction.html\">opioidn\u00e1 droga<\/a> <\/span>\u00a0vyroben\u00e9 z morf\u00ednu, pr\u00edrodnej l\u00e1tky v strukoch \u00e1zijsk\u00e9ho maku. M\u00f4\u017ee sa zmie\u0161a\u0165 s vodou a vstrekn\u00fa\u0165 ihlou. Hero\u00edn sa d\u00e1 aj faj\u010di\u0165 alebo \u0161nupa\u0165 do nosa. V\u0161etky tieto sp\u00f4soby u\u017e\u00edvania hero\u00ednu ho ve\u013emi r\u00fdchlo posielaj\u00fa do mozgu. V\u010faka tomu je ve\u013emi n\u00e1vykov\u00fd. K\u00fapte si biely hero\u00edn online.<\/p>\n<p>Psychick\u00e9 n\u00e1sledky m\u00f4\u017eu zah\u0155\u0148a\u0165 siln\u00fd pocit euf\u00f3rie, sexu\u00e1lne vzru\u0161enie, stratu spojenia s realitou alebo z\u00farivos\u0165. Fyzick\u00e9 pr\u00edznaky m\u00f4\u017eu zah\u0155\u0148a\u0165 r\u00fdchly tlkot srdca, potenie a ve\u013ek\u00e9 k\u0155dle. K\u00fapte si koka\u00edn online.<\/p>\n<p>V\u0161etky produkty odosielame priamo z n\u00e1\u0161ho skladu prostredn\u00edctvom diskr\u00e9tnej prepravnej slu\u017eby. Z bezpe\u010dnostn\u00fdch d\u00f4vodov dostanete n\u00e1\u0161 najlep\u0161\u00ed koka\u00edn v obaloch od drog\/potrav\u00edn alebo v t\u00e9glikoch. Z\u00e1vis\u00ed od hmotnosti a dostupnosti obalov\u00fdch materi\u00e1lov.<\/p>\n<p>Ke\u010f\u017ee biely pr\u00e1\u0161kov\u00fd hero\u00edn je \u013eahko rozpustn\u00fd vo vode, v\u00e4\u010d\u0161ina u\u017e\u00edvate\u013eov hero\u00ednu t\u00fato drogu strie\u013ea. Niektor\u00ed to \u010duchaj\u00fa. Zvy\u010dajne sa nefaj\u010d\u00ed, preto\u017ee hor\u00ed pri ove\u013ea vy\u0161\u0161ej teplote ako in\u00e9 formy hero\u00ednu.<\/p>\n<p>Biely hero\u00ednov\u00fd pr\u00e1\u0161ok niekedy zap\u00e1cha ako ocot a chut\u00ed horko. Jemn\u00fd biely pr\u00e1\u0161ok si mo\u017eno \u013eahko pom\u00fdli\u0165 s koka\u00ednom.<\/p>\n<p>&nbsp;<\/p>\n<pre><strong>K\u00fapte si biely hero\u00edn 100 % \u010dist\u00fd online \u2013 k\u00fapte si biely hero\u00edn, k\u00fapte si biely hero\u00edn 100 % \u010dist\u00fd, k\u00fapte Biely hero\u00edn 100% online, Kde k\u00fapi\u0165 Biely Hero\u00edn 100% \u010dist\u00fd, Biely Hero\u00edn 100% \u010dist\u00fd na predaj, Biely Hero\u00edn 100% \u010dist\u00fd na predaj, K\u00fapi\u0165 Biely Hero\u00edn online, kde k\u00fapi\u0165 Biely Hero\u00edn 100% \u010dist\u00fd online, Biely Hero\u00edn 100% \u010dist\u00fd na predaj v usa, USA, kanada, uk, k\u00fapi\u0165, online, dod\u00e1vatelia, bezpe\u010dn\u00e9 doru\u010denie, st\u00e1le m\u00f4\u017eete z\u00edska\u0165 biely hero\u00edn 100% \u010dist\u00fd, je biely hero\u00edn 100% \u010dist\u00fd leg\u00e1lny v usa, k\u00fapi\u0165 biely hero\u00edn 100% \u010dist\u00fd online usa, ako si objedna\u0165 biely hero\u00edn 100% \u010dist\u00fd , Je biely hero\u00edn 100% \u010dist\u00fd leg\u00e1lny v Kanade<\/strong><\/pre>\n","protected":false},"excerpt":{"rendered":"<p>V t\u00fdchto d\u0148och je n\u00e1kup bieleho hero\u00ednu 100% \u010dist\u00e9ho online ve\u013emi zlo\u017eit\u00fd. Ale tu na str\u00e1nke Buy Heroin Online n\u00e1jdete mnoho druhov hero\u00ednu dostupn\u00fdch na predaj s dopravou zdarma pri ve\u013ekoobchodn\u00fdch objedn\u00e1vkach.<\/p>\n","protected":false},"featured_media":1677,"comment_status":"open","ping_status":"closed","template":"","meta":{"inline_featured_image":false},"product_brand":[],"product_cat":[343],"product_tag":[236,110,232,107,230,105,109,237,234,228,231,226,235,227,225,108,229,233,106,104],"class_list":{"0":"post-1667","1":"product","2":"type-product","3":"status-publish","4":"has-post-thumbnail","6":"product_cat-in","7":"product_tag-ako-si-objedna-biely-heron-100-ist","8":"product_tag-bezpen-doruenie","9":"product_tag-biely-heron-100-ist-na-predaj-v-usa","10":"product_tag-buy","11":"product_tag-buy-white-heroin-online","12":"product_tag-canada","13":"product_tag-dodvateov","14":"product_tag-je-biely-heron-100-ist-leglny-v-kanade","15":"product_tag-je-biely-heron-100-ist-leglny-v-usa","16":"product_tag-kde-kpi-biely-100-ist-heron","17":"product_tag-kde-kpi-biely-100-ist-heron-online","18":"product_tag-kpi-biely-100-ist-heron","19":"product_tag-kpi-biely-heron-100-ist-online-usa","20":"product_tag-kpi-biely-heron-100-online","21":"product_tag-kpi-biely-heron-100ist-online-kpi-biely-heron","22":"product_tag-online","23":"product_tag-biely-heron-100-ist-na-predaj","24":"product_tag-stle-mete-zska-biely-100-ist-heron","25":"product_tag-uk","26":"product_tag-usa","27":"pa_grams-1-kg-1000-g","28":"pa_grams-10-g","29":"pa_grams-100-g","30":"pa_grams-20-g","31":"pa_grams-200-g","32":"pa_grams-35-g","33":"pa_grams-50-g","34":"pa_grams-500-g","36":"first","37":"instock","38":"featured","39":"shipping-taxable","40":"purchasable","41":"product-type-variable","42":"has-default-attributes"},"yoast_head":"<!-- This site is optimized with the Yoast SEO Premium plugin v20.6 (Yoast SEO v27.3) - https:\/\/yoast.com\/product\/yoast-seo-premium-wordpress\/ -->\n<title>K\u00fapi\u0165 online biely hero\u00edn (100% \u010dist\u00fd) | Hero\u00edn na predaj Good Dealers Meds<\/title>\n<meta name=\"description\" content=\"V dne\u0161nej dobe je n\u00e1kup 100% \u010dist\u00e9ho bieleho hero\u00ednu online ve\u013emi zlo\u017eit\u00fd. Ale tu na Buy Heroin Online m\u00f4\u017eete n\u00e1js\u0165 ve\u013ea druhov hero\u00ednu.\" \/>\n<meta name=\"robots\" content=\"index, follow, max-snippet:-1, max-image-preview:large, max-video-preview:-1\" \/>\n<link rel=\"canonical\" href=\"https:\/\/gooddealersmeds.com\/sk\/product\/kupit-biely-heroin-100-cisty-online\/\" \/>\n<meta property=\"og:locale\" content=\"en_US\" \/>\n<meta property=\"og:type\" content=\"article\" \/>\n<meta property=\"og:title\" content=\"K\u00fapte si biely hero\u00edn 100% \u010dist\u00fd online\" \/>\n<meta property=\"og:description\" content=\"V dne\u0161nej dobe je n\u00e1kup 100% \u010dist\u00e9ho bieleho hero\u00ednu online ve\u013emi zlo\u017eit\u00fd. Ale tu na Buy Heroin Online m\u00f4\u017eete n\u00e1js\u0165 ve\u013ea druhov hero\u00ednu.\" \/>\n<meta property=\"og:url\" content=\"https:\/\/gooddealersmeds.com\/sk\/product\/kupit-biely-heroin-100-cisty-online\/\" \/>\n<meta property=\"og:site_name\" content=\"Good Dealers Meds\" \/>\n<meta property=\"article:modified_time\" content=\"2022-10-03T22:07:02+00:00\" \/>\n<meta property=\"og:image\" content=\"https:\/\/gooddealersmeds.com\/sk\/wp-content\/uploads\/sites\/9\/2022\/03\/Buy-White-Heroin-100-pure-online.jpg\" \/>\n\t<meta property=\"og:image:width\" content=\"600\" \/>\n\t<meta property=\"og:image:height\" content=\"600\" \/>\n\t<meta property=\"og:image:type\" content=\"image\/jpeg\" \/>\n<meta name=\"twitter:card\" content=\"summary_large_image\" \/>\n<meta name=\"twitter:label1\" content=\"Est. reading time\" \/>\n\t<meta name=\"twitter:data1\" content=\"2 minutes\" \/>\n<script type=\"application\/ld+json\" class=\"yoast-schema-graph\">{\"@context\":\"https:\\\/\\\/schema.org\",\"@graph\":[{\"@type\":\"WebPage\",\"@id\":\"https:\\\/\\\/gooddealersmeds.com\\\/sk\\\/product\\\/kupit-biely-heroin-100-cisty-online\\\/\",\"url\":\"https:\\\/\\\/gooddealersmeds.com\\\/sk\\\/product\\\/kupit-biely-heroin-100-cisty-online\\\/\",\"name\":\"K\u00fapi\u0165 online biely hero\u00edn (100% \u010dist\u00fd) | Hero\u00edn na predaj Good Dealers Meds\",\"isPartOf\":{\"@id\":\"https:\\\/\\\/gooddealersmeds.com\\\/sk\\\/#website\"},\"primaryImageOfPage\":{\"@id\":\"https:\\\/\\\/gooddealersmeds.com\\\/sk\\\/product\\\/kupit-biely-heroin-100-cisty-online\\\/#primaryimage\"},\"image\":{\"@id\":\"https:\\\/\\\/gooddealersmeds.com\\\/sk\\\/product\\\/kupit-biely-heroin-100-cisty-online\\\/#primaryimage\"},\"thumbnailUrl\":\"https:\\\/\\\/gooddealersmeds.com\\\/sk\\\/wp-content\\\/uploads\\\/sites\\\/9\\\/2022\\\/03\\\/Buy-White-Heroin-100-pure-online.jpg\",\"datePublished\":\"2022-03-19T01:05:58+00:00\",\"dateModified\":\"2022-10-03T22:07:02+00:00\",\"description\":\"V dne\u0161nej dobe je n\u00e1kup 100% \u010dist\u00e9ho bieleho hero\u00ednu online ve\u013emi zlo\u017eit\u00fd. Ale tu na Buy Heroin Online m\u00f4\u017eete n\u00e1js\u0165 ve\u013ea druhov hero\u00ednu.\",\"breadcrumb\":{\"@id\":\"https:\\\/\\\/gooddealersmeds.com\\\/sk\\\/product\\\/kupit-biely-heroin-100-cisty-online\\\/#breadcrumb\"},\"inLanguage\":\"en-US\",\"potentialAction\":[{\"@type\":\"ReadAction\",\"target\":[\"https:\\\/\\\/gooddealersmeds.com\\\/sk\\\/product\\\/kupit-biely-heroin-100-cisty-online\\\/\"]}]},{\"@type\":\"ImageObject\",\"inLanguage\":\"en-US\",\"@id\":\"https:\\\/\\\/gooddealersmeds.com\\\/sk\\\/product\\\/kupit-biely-heroin-100-cisty-online\\\/#primaryimage\",\"url\":\"https:\\\/\\\/gooddealersmeds.com\\\/sk\\\/wp-content\\\/uploads\\\/sites\\\/9\\\/2022\\\/03\\\/Buy-White-Heroin-100-pure-online.jpg\",\"contentUrl\":\"https:\\\/\\\/gooddealersmeds.com\\\/sk\\\/wp-content\\\/uploads\\\/sites\\\/9\\\/2022\\\/03\\\/Buy-White-Heroin-100-pure-online.jpg\",\"width\":600,\"height\":600,\"caption\":\"Buy White Heroin Online\"},{\"@type\":\"BreadcrumbList\",\"@id\":\"https:\\\/\\\/gooddealersmeds.com\\\/sk\\\/product\\\/kupit-biely-heroin-100-cisty-online\\\/#breadcrumb\",\"itemListElement\":[{\"@type\":\"ListItem\",\"position\":1,\"name\":\"Home\",\"item\":\"https:\\\/\\\/gooddealersmeds.com\\\/sk\\\/\"},{\"@type\":\"ListItem\",\"position\":2,\"name\":\"Produkty\",\"item\":\"https:\\\/\\\/gooddealersmeds.com\\\/sk\\\/produkty\\\/\"},{\"@type\":\"ListItem\",\"position\":3,\"name\":\"K\u00fapte si biely hero\u00edn 100% \u010dist\u00fd online\"}]},{\"@type\":\"WebSite\",\"@id\":\"https:\\\/\\\/gooddealersmeds.com\\\/sk\\\/#website\",\"url\":\"https:\\\/\\\/gooddealersmeds.com\\\/sk\\\/\",\"name\":\"Good Dealers Meds\",\"description\":\"All our best\",\"publisher\":{\"@id\":\"https:\\\/\\\/gooddealersmeds.com\\\/sk\\\/#organization\"},\"potentialAction\":[{\"@type\":\"SearchAction\",\"target\":{\"@type\":\"EntryPoint\",\"urlTemplate\":\"https:\\\/\\\/gooddealersmeds.com\\\/sk\\\/?s={search_term_string}\"},\"query-input\":{\"@type\":\"PropertyValueSpecification\",\"valueRequired\":true,\"valueName\":\"search_term_string\"}}],\"inLanguage\":\"en-US\"},{\"@type\":\"Organization\",\"@id\":\"https:\\\/\\\/gooddealersmeds.com\\\/sk\\\/#organization\",\"name\":\"Good Dealers Meds\",\"url\":\"https:\\\/\\\/gooddealersmeds.com\\\/sk\\\/\",\"logo\":{\"@type\":\"ImageObject\",\"inLanguage\":\"en-US\",\"@id\":\"https:\\\/\\\/gooddealersmeds.com\\\/sk\\\/#\\\/schema\\\/logo\\\/image\\\/\",\"url\":\"https:\\\/\\\/gooddealersmeds.com\\\/sk\\\/wp-content\\\/uploads\\\/sites\\\/9\\\/2022\\\/03\\\/gooddealersmeds__logo__20220317T222800Z.00.png\",\"contentUrl\":\"https:\\\/\\\/gooddealersmeds.com\\\/sk\\\/wp-content\\\/uploads\\\/sites\\\/9\\\/2022\\\/03\\\/gooddealersmeds__logo__20220317T222800Z.00.png\",\"width\":500,\"height\":325,\"caption\":\"Good Dealers Meds\"},\"image\":{\"@id\":\"https:\\\/\\\/gooddealersmeds.com\\\/sk\\\/#\\\/schema\\\/logo\\\/image\\\/\"}}]}<\/script>\n<!-- \/ Yoast SEO Premium plugin. -->","yoast_head_json":{"title":"K\u00fapi\u0165 online biely hero\u00edn (100% \u010dist\u00fd) | Hero\u00edn na predaj Good Dealers Meds","description":"V dne\u0161nej dobe je n\u00e1kup 100% \u010dist\u00e9ho bieleho hero\u00ednu online ve\u013emi zlo\u017eit\u00fd. Ale tu na Buy Heroin Online m\u00f4\u017eete n\u00e1js\u0165 ve\u013ea druhov hero\u00ednu.","robots":{"index":"index","follow":"follow","max-snippet":"max-snippet:-1","max-image-preview":"max-image-preview:large","max-video-preview":"max-video-preview:-1"},"canonical":"https:\/\/gooddealersmeds.com\/sk\/product\/kupit-biely-heroin-100-cisty-online\/","og_locale":"en_US","og_type":"article","og_title":"K\u00fapte si biely hero\u00edn 100% \u010dist\u00fd online","og_description":"V dne\u0161nej dobe je n\u00e1kup 100% \u010dist\u00e9ho bieleho hero\u00ednu online ve\u013emi zlo\u017eit\u00fd. Ale tu na Buy Heroin Online m\u00f4\u017eete n\u00e1js\u0165 ve\u013ea druhov hero\u00ednu.","og_url":"https:\/\/gooddealersmeds.com\/sk\/product\/kupit-biely-heroin-100-cisty-online\/","og_site_name":"Good Dealers Meds","article_modified_time":"2022-10-03T22:07:02+00:00","og_image":[{"width":600,"height":600,"url":"https:\/\/gooddealersmeds.com\/sk\/wp-content\/uploads\/sites\/9\/2022\/03\/Buy-White-Heroin-100-pure-online.jpg","type":"image\/jpeg"}],"twitter_card":"summary_large_image","twitter_misc":{"Est. reading time":"2 minutes"},"schema":{"@context":"https:\/\/schema.org","@graph":[{"@type":"WebPage","@id":"https:\/\/gooddealersmeds.com\/sk\/product\/kupit-biely-heroin-100-cisty-online\/","url":"https:\/\/gooddealersmeds.com\/sk\/product\/kupit-biely-heroin-100-cisty-online\/","name":"K\u00fapi\u0165 online biely hero\u00edn (100% \u010dist\u00fd) | Hero\u00edn na predaj Good Dealers Meds","isPartOf":{"@id":"https:\/\/gooddealersmeds.com\/sk\/#website"},"primaryImageOfPage":{"@id":"https:\/\/gooddealersmeds.com\/sk\/product\/kupit-biely-heroin-100-cisty-online\/#primaryimage"},"image":{"@id":"https:\/\/gooddealersmeds.com\/sk\/product\/kupit-biely-heroin-100-cisty-online\/#primaryimage"},"thumbnailUrl":"https:\/\/gooddealersmeds.com\/sk\/wp-content\/uploads\/sites\/9\/2022\/03\/Buy-White-Heroin-100-pure-online.jpg","datePublished":"2022-03-19T01:05:58+00:00","dateModified":"2022-10-03T22:07:02+00:00","description":"V dne\u0161nej dobe je n\u00e1kup 100% \u010dist\u00e9ho bieleho hero\u00ednu online ve\u013emi zlo\u017eit\u00fd. Ale tu na Buy Heroin Online m\u00f4\u017eete n\u00e1js\u0165 ve\u013ea druhov hero\u00ednu.","breadcrumb":{"@id":"https:\/\/gooddealersmeds.com\/sk\/product\/kupit-biely-heroin-100-cisty-online\/#breadcrumb"},"inLanguage":"en-US","potentialAction":[{"@type":"ReadAction","target":["https:\/\/gooddealersmeds.com\/sk\/product\/kupit-biely-heroin-100-cisty-online\/"]}]},{"@type":"ImageObject","inLanguage":"en-US","@id":"https:\/\/gooddealersmeds.com\/sk\/product\/kupit-biely-heroin-100-cisty-online\/#primaryimage","url":"https:\/\/gooddealersmeds.com\/sk\/wp-content\/uploads\/sites\/9\/2022\/03\/Buy-White-Heroin-100-pure-online.jpg","contentUrl":"https:\/\/gooddealersmeds.com\/sk\/wp-content\/uploads\/sites\/9\/2022\/03\/Buy-White-Heroin-100-pure-online.jpg","width":600,"height":600,"caption":"Buy White Heroin Online"},{"@type":"BreadcrumbList","@id":"https:\/\/gooddealersmeds.com\/sk\/product\/kupit-biely-heroin-100-cisty-online\/#breadcrumb","itemListElement":[{"@type":"ListItem","position":1,"name":"Home","item":"https:\/\/gooddealersmeds.com\/sk\/"},{"@type":"ListItem","position":2,"name":"Produkty","item":"https:\/\/gooddealersmeds.com\/sk\/produkty\/"},{"@type":"ListItem","position":3,"name":"K\u00fapte si biely hero\u00edn 100% \u010dist\u00fd online"}]},{"@type":"WebSite","@id":"https:\/\/gooddealersmeds.com\/sk\/#website","url":"https:\/\/gooddealersmeds.com\/sk\/","name":"Good Dealers Meds","description":"All our best","publisher":{"@id":"https:\/\/gooddealersmeds.com\/sk\/#organization"},"potentialAction":[{"@type":"SearchAction","target":{"@type":"EntryPoint","urlTemplate":"https:\/\/gooddealersmeds.com\/sk\/?s={search_term_string}"},"query-input":{"@type":"PropertyValueSpecification","valueRequired":true,"valueName":"search_term_string"}}],"inLanguage":"en-US"},{"@type":"Organization","@id":"https:\/\/gooddealersmeds.com\/sk\/#organization","name":"Good Dealers Meds","url":"https:\/\/gooddealersmeds.com\/sk\/","logo":{"@type":"ImageObject","inLanguage":"en-US","@id":"https:\/\/gooddealersmeds.com\/sk\/#\/schema\/logo\/image\/","url":"https:\/\/gooddealersmeds.com\/sk\/wp-content\/uploads\/sites\/9\/2022\/03\/gooddealersmeds__logo__20220317T222800Z.00.png","contentUrl":"https:\/\/gooddealersmeds.com\/sk\/wp-content\/uploads\/sites\/9\/2022\/03\/gooddealersmeds__logo__20220317T222800Z.00.png","width":500,"height":325,"caption":"Good Dealers Meds"},"image":{"@id":"https:\/\/gooddealersmeds.com\/sk\/#\/schema\/logo\/image\/"}}]}},"_links":{"self":[{"href":"https:\/\/gooddealersmeds.com\/sk\/wp-json\/wp\/v2\/product\/1667","targetHints":{"allow":["GET"]}}],"collection":[{"href":"https:\/\/gooddealersmeds.com\/sk\/wp-json\/wp\/v2\/product"}],"about":[{"href":"https:\/\/gooddealersmeds.com\/sk\/wp-json\/wp\/v2\/types\/product"}],"replies":[{"embeddable":true,"href":"https:\/\/gooddealersmeds.com\/sk\/wp-json\/wp\/v2\/comments?post=1667"}],"wp:featuredmedia":[{"embeddable":true,"href":"https:\/\/gooddealersmeds.com\/sk\/wp-json\/wp\/v2\/media\/1677"}],"wp:attachment":[{"href":"https:\/\/gooddealersmeds.com\/sk\/wp-json\/wp\/v2\/media?parent=1667"}],"wp:term":[{"taxonomy":"product_brand","embeddable":true,"href":"https:\/\/gooddealersmeds.com\/sk\/wp-json\/wp\/v2\/product_brand?post=1667"},{"taxonomy":"product_cat","embeddable":true,"href":"https:\/\/gooddealersmeds.com\/sk\/wp-json\/wp\/v2\/product_cat?post=1667"},{"taxonomy":"product_tag","embeddable":true,"href":"https:\/\/gooddealersmeds.com\/sk\/wp-json\/wp\/v2\/product_tag?post=1667"}],"curies":[{"name":"wp","href":"https:\/\/api.w.org\/{rel}","templated":true}]}}