{"id":1657,"date":"2022-03-19T00:58:27","date_gmt":"2022-03-19T00:58:27","guid":{"rendered":"https:\/\/gooddealersmeds.com\/sk\/?post_type=product&#038;p=1657"},"modified":"2022-10-03T22:07:09","modified_gmt":"2022-10-03T22:07:09","slug":"objednat-praskovy-kokain-online-98-8-cisty","status":"publish","type":"product","link":"https:\/\/gooddealersmeds.com\/sk\/product\/objednat-praskovy-kokain-online-98-8-cisty\/","title":{"rendered":"Objednajte si pr\u00e1\u0161kov\u00fd koka\u00edn online s \u010distotou 98,8 %."},"content":{"rendered":"<h1>Nakupujte koka\u00ednov\u00fd pr\u00e1\u0161ok online<\/h1>\n<p>Nakupujte \u010dist\u00fd koka\u00ednov\u00fd pr\u00e1\u0161ok online v najlep\u0161ej kvalite od na\u0161ich <a href=\"https:\/\/gooddealersmeds.com\/sk\/products\/\"><span style=\"color: #333333\">internetov\u00fd obchod<\/span><\/a>. Koka\u00ednov\u00fd pr\u00e1\u0161ok je najbe\u017enej\u0161ou formou koka\u00ednu. Z tohto d\u00f4vodu je tie\u017e zn\u00e1my ako pouli\u010dn\u00e1 droga. Tento pr\u00e1\u0161ok sa vyr\u00e1ba z rastl\u00edn koky, ktor\u00e9 sa v\u00e4\u010d\u0161inou a be\u017ene vyskytuj\u00fa v ju\u017en\u00fdch krajin\u00e1ch.<\/p>\n<p>Je to siln\u00fd stimulant, ktor\u00fd sa pou\u017e\u00edva pri lie\u010dbe mnoh\u00fdch chor\u00f4b t\u00fdm, \u017ee p\u00f4sob\u00ed priamo na centr\u00e1lny mozog. Tento stimulant posil\u0148uje konkr\u00e9tne chemick\u00e9 l\u00e1tky v mozgu, aby vykonali niektor\u00e9 po\u017eadovan\u00e9 akcie na \u013eudskom org\u00e1novom syst\u00e9me. Kv\u00f4li viacer\u00fdm vlastnostiam je v\u00e4\u010d\u0161inou pou\u017e\u00edvanou formou koka\u00ednu na celom svete.<\/p>\n<p>Koka\u00ednov\u00fd pr\u00e1\u0161ok verzus in\u00e1 forma koka\u00ednu<\/p>\n<p>Sp\u00f4sob pou\u017eitia koka\u00ednov\u00e9ho pr\u00e1\u0161ku<\/p>\n<p> Koka\u00ednov\u00fd pr\u00e1\u0161ok nie je u\u017eito\u010dn\u00fd len pre \u013eudsk\u00e9 telo. Ale je tie\u017e menej \u0161kodliv\u00e9 pre \u013eudsk\u00e9 zdravie, \u010do je k\u013e\u00fa\u010dov\u00fdm znakom jeho \u00faspechu. \u010casto sa pou\u017e\u00edva zmie\u0161an\u00edm s in\u00fdmi prolie\u010divami, ako je fentanyl, mastenec at\u010f. Ale m\u00f4\u017ee by\u0165 \u0161kodliv\u00e9 pre \u013eudsk\u00e9 zdravie, ak sa nekontrolovane pou\u017e\u00edva zmie\u0161an\u00edm s fentanylom.<\/p>\n<p>Preto by sa mal pri pou\u017e\u00edvan\u00ed skontrolova\u0165 tak\u00fd siln\u00fd prolie\u010divo. Existuje mnoho sp\u00f4sobov, ako \u013eudia pou\u017e\u00edvaj\u00fa toto pr\u00e1\u0161kov\u00e9 \u0161nupanie, faj\u010denie vo forme cigariet alebo injekciou priamo do \u017eily. Sp\u00f4sob, ak\u00fdm by sa mal pou\u017ei\u0165, z\u00e1vis\u00ed od fyzick\u00e9ho a du\u0161evn\u00e9ho stavu \u013eud\u00ed.<\/p>\n<p>Niektor\u00ed \u013eudia tie\u017e pou\u017e\u00edvali tento pr\u00e1\u0161ok zmie\u0161an\u00edm s nealkoholick\u00fdm n\u00e1pojom, ale je to ve\u013emi nebezpe\u010dn\u00fd sp\u00f4sob jeho u\u017e\u00edvania.<\/p>\n<p>Lek\u00e1rske pou\u017eitie koka\u00ednov\u00e9ho pr\u00e1\u0161ku<\/p>\n<p>Koka\u00ednov\u00fd pr\u00e1\u0161ok tie\u017e zvy\u0161uje citliv\u00fd syst\u00e9m \u013eudsk\u00e9ho mozgu t\u00fdm, \u017ee zvy\u0161uje mno\u017estvo chemik\u00e1lie v \u0148om. Lek\u00e1ri predpisuj\u00fa tento liek, ke\u010f maj\u00fa do \u010dinenia s \u013eu\u010fmi, ktor\u00ed trpia lenivos\u0165ou v pohybe a konan\u00ed. Koka\u00edn hydrochlorid na predaj<\/p>\n<p>Pou\u017e\u00edvaj\u00fa ho aj lek\u00e1ri pri mnoh\u00fdch chirurgick\u00fdch oper\u00e1ci\u00e1ch na zn\u00ed\u017eenie pocitu bolesti. Jeho kr\u00e1tkodob\u00e9 u\u017e\u00edvanie je pre \u010dloveka ve\u013emi u\u017eito\u010dn\u00e9, preto\u017ee dod\u00e1va \u013eudskej mysli pocit \u0161\u0165astia a energie. V\u010faka t\u00fdmto vlastnostiam je popul\u00e1rny medzi v\u0161etk\u00fdmi druhmi \u013eud\u00ed na tomto svete.<\/p>\n<p>Koka\u00ednov\u00fd pr\u00e1\u0161ok je dostupn\u00fd a \u013eahko dostupn\u00fd pre ka\u017ed\u00e9ho na online trhu. N\u00e1\u0161 internetov\u00fd obchod sa tie\u017e zaober\u00e1 t\u00fdmto jedine\u010dn\u00fdm pr\u00e1\u0161kom za ve\u013emi priazniv\u00e9 ceny. Poskytujeme tie\u017e najr\u00fdchlej\u0161ie doru\u010denie produktu k va\u0161im dver\u00e1m.<\/p>\n<p>&nbsp;<\/p>\n<p>&nbsp;<\/p>\n<pre><strong>Objednajte si pr\u00e1\u0161kov\u00fd koka\u00edn online s \u010distotou 98,8 % - k\u00fapi\u0165 pr\u00e1\u0161kov\u00fd koka\u00edn, k\u00fapi\u0165 pr\u00e1\u0161kov\u00fd koka\u00edn online 98,8% \u010dist\u00fd, k\u00fapi\u0165 pr\u00e1\u0161kov\u00fd koka\u00edn online, Kde k\u00fapi\u0165 pr\u00e1\u0161kov\u00fd koka\u00edn online 98,8% \u010dist\u00fd, pr\u00e1\u0161kov\u00fd koka\u00edn online 98,8% \u010dist\u00fd na predaj, pr\u00e1\u0161kov\u00fd koka\u00edn online 98,8% \u010dist\u00fd na predaj, k\u00fapi\u0165 pr\u00e1\u0161kov\u00fd koka\u00edn online , kde k\u00fapi\u0165 pr\u00e1\u0161kov\u00fd koka\u00edn online, pr\u00e1\u0161kov\u00fd koka\u00edn online 98,8 % \u010dist\u00fd na predaj v USA , USA, Kanada, Spojen\u00e9 kr\u00e1\u013eovstvo, k\u00fapi\u0165, online, dod\u00e1vatelia, bezpe\u010dn\u00e9 doru\u010denie, st\u00e1le m\u00f4\u017eete z\u00edska\u0165 pr\u00e1\u0161kov\u00fd koka\u00edn online 98,8 % \u010dist\u00fd, Je pr\u00e1\u0161kov\u00fd koka\u00edn online 98,8 % \u010dist\u00fd leg\u00e1lny v USA, k\u00fapi\u0165 pr\u00e1\u0161kov\u00fd koka\u00edn online 98,8 % \u010dist\u00fd online usa, ako si objedna\u0165 pr\u00e1\u0161kov\u00fd koka\u00edn online 98,8 % \u010dist\u00fd, Je pr\u00e1\u0161kov\u00fd koka\u00edn online 98,8 % \u010dist\u00fd leg\u00e1lny v Kanade<\/strong><\/pre>\n","protected":false},"excerpt":{"rendered":"<p>Nakupujte pr\u00e1\u0161kov\u00fd koka\u00edn online. K\u00fapte si koka\u00edn, koka\u00edn, krakujte koka\u00edn. \u010cist\u00fd biely pr\u00e1\u0161ok nerezan\u00fd a narezan\u00fd dostupn\u00fd na sklade Balenie a preprava je ve\u013emi diskr\u00e9tna a obch\u00e1dza v\u0161etky zvyky alebo org\u00e1ny \u010dinn\u00e9 v trestnom konan\u00ed. k\u00fapi\u0165 koka\u00edn online,Koka\u00edn na predaj, leg\u00e1lny koka\u00edn, k\u00fapi\u0165 koka\u00edn online s kreditnou kartou,na predaj pr\u00e1\u0161kov\u00fd koka\u00edn.<\/p>\n","protected":false},"featured_media":1666,"comment_status":"open","ping_status":"closed","template":"","meta":{"inline_featured_image":false},"product_brand":[],"product_cat":[343],"product_tag":[222,110,107,105,109,220,223,217,215,214,221,213,212,108,216,218,219],"class_list":{"0":"post-1657","1":"product","2":"type-product","3":"status-publish","4":"has-post-thumbnail","6":"product_cat-in","7":"product_tag-ako-objednat-praskovy-kokain-online-98-8-cisty","8":"product_tag-bezpen-doruenie","9":"product_tag-buy","10":"product_tag-canada","11":"product_tag-dodvateov","12":"product_tag-is-praskovy-kokain-online-98-8-pure-legal-in-usa","13":"product_tag-is-praskovy-kokain-online-98-8-pure-legal-in-canada","14":"product_tag-kde-kpi-prkov-kokan-online","15":"product_tag-kde-kpi-prkov-kokan-online-98-8-ist","16":"product_tag-kpi-prkov-kokan-online","17":"product_tag-kupit-praskovy-kokain-online-98-8-cisty-online-usa","18":"product_tag-kpi-prkov-kokan-online-98-8-ist","19":"product_tag-objedna-prkov-kokan-online-98-8-ist-kpi-prkov-kokan","20":"product_tag-online","21":"product_tag-prkov-kokan-online-98-8-ist-na-predaj","22":"product_tag-prkov-kokan-online-98-8-ist-na-predaj-v-usa","23":"product_tag-mete-stle-dosta-prkov-kokan-online-98-8-ist","24":"pa_grams-1-kg-1000-g","25":"pa_grams-10-g","26":"pa_grams-100-g","27":"pa_grams-20-g","28":"pa_grams-200-g","29":"pa_grams-35-g","30":"pa_grams-50-g","31":"pa_grams-500-g","33":"first","34":"instock","35":"featured","36":"shipping-taxable","37":"purchasable","38":"product-type-variable","39":"has-default-attributes"},"yoast_head":"<!-- This site is optimized with the Yoast SEO Premium plugin v20.6 (Yoast SEO v27.4) - https:\/\/yoast.com\/product\/yoast-seo-premium-wordpress\/ -->\n<title>K\u00fapi\u0165 koka\u00ednov\u00fd pr\u00e1\u0161ok online (98,8% \u010dist\u00fd) |<\/title>\n<meta name=\"description\" content=\"K\u00fapte si \u010dist\u00fd koka\u00ednov\u00fd pr\u00e1\u0161ok online v najlep\u0161ej kvalite. Sme najspo\u013eahlivej\u0161\u00edm a najdiskr\u00e9tnej\u0161\u00edm dod\u00e1vate\u013eom lacn\u00e9ho crack koka\u00ednu online.\" \/>\n<meta name=\"robots\" content=\"index, follow, max-snippet:-1, max-image-preview:large, max-video-preview:-1\" \/>\n<link rel=\"canonical\" href=\"https:\/\/gooddealersmeds.com\/sk\/product\/objednat-praskovy-kokain-online-98-8-cisty\/\" \/>\n<meta property=\"og:locale\" content=\"en_US\" \/>\n<meta property=\"og:type\" content=\"article\" \/>\n<meta property=\"og:title\" content=\"Objednajte si pr\u00e1\u0161kov\u00fd koka\u00edn online s \u010distotou 98,8 %.\" \/>\n<meta property=\"og:description\" content=\"K\u00fapte si \u010dist\u00fd koka\u00ednov\u00fd pr\u00e1\u0161ok online v najlep\u0161ej kvalite. Sme najspo\u013eahlivej\u0161\u00edm a najdiskr\u00e9tnej\u0161\u00edm dod\u00e1vate\u013eom lacn\u00e9ho crack koka\u00ednu online.\" \/>\n<meta property=\"og:url\" content=\"https:\/\/gooddealersmeds.com\/sk\/product\/objednat-praskovy-kokain-online-98-8-cisty\/\" \/>\n<meta property=\"og:site_name\" content=\"Good Dealers Meds\" \/>\n<meta property=\"article:modified_time\" content=\"2022-10-03T22:07:09+00:00\" \/>\n<meta property=\"og:image\" content=\"https:\/\/gooddealersmeds.com\/sk\/wp-content\/uploads\/sites\/9\/2022\/03\/coc.jpg\" \/>\n\t<meta property=\"og:image:width\" content=\"600\" \/>\n\t<meta property=\"og:image:height\" content=\"600\" \/>\n\t<meta property=\"og:image:type\" content=\"image\/jpeg\" \/>\n<meta name=\"twitter:card\" content=\"summary_large_image\" \/>\n<meta name=\"twitter:label1\" content=\"Est. reading time\" \/>\n\t<meta name=\"twitter:data1\" content=\"3 minutes\" \/>\n<script type=\"application\/ld+json\" class=\"yoast-schema-graph\">{\"@context\":\"https:\\\/\\\/schema.org\",\"@graph\":[{\"@type\":\"WebPage\",\"@id\":\"https:\\\/\\\/gooddealersmeds.com\\\/sk\\\/product\\\/objednat-praskovy-kokain-online-98-8-cisty\\\/\",\"url\":\"https:\\\/\\\/gooddealersmeds.com\\\/sk\\\/product\\\/objednat-praskovy-kokain-online-98-8-cisty\\\/\",\"name\":\"K\u00fapi\u0165 koka\u00ednov\u00fd pr\u00e1\u0161ok online (98,8% \u010dist\u00fd) |\",\"isPartOf\":{\"@id\":\"https:\\\/\\\/gooddealersmeds.com\\\/sk\\\/#website\"},\"primaryImageOfPage\":{\"@id\":\"https:\\\/\\\/gooddealersmeds.com\\\/sk\\\/product\\\/objednat-praskovy-kokain-online-98-8-cisty\\\/#primaryimage\"},\"image\":{\"@id\":\"https:\\\/\\\/gooddealersmeds.com\\\/sk\\\/product\\\/objednat-praskovy-kokain-online-98-8-cisty\\\/#primaryimage\"},\"thumbnailUrl\":\"https:\\\/\\\/gooddealersmeds.com\\\/sk\\\/wp-content\\\/uploads\\\/sites\\\/9\\\/2022\\\/03\\\/coc.jpg\",\"datePublished\":\"2022-03-19T00:58:27+00:00\",\"dateModified\":\"2022-10-03T22:07:09+00:00\",\"description\":\"K\u00fapte si \u010dist\u00fd koka\u00ednov\u00fd pr\u00e1\u0161ok online v najlep\u0161ej kvalite. Sme najspo\u013eahlivej\u0161\u00edm a najdiskr\u00e9tnej\u0161\u00edm dod\u00e1vate\u013eom lacn\u00e9ho crack koka\u00ednu online.\",\"breadcrumb\":{\"@id\":\"https:\\\/\\\/gooddealersmeds.com\\\/sk\\\/product\\\/objednat-praskovy-kokain-online-98-8-cisty\\\/#breadcrumb\"},\"inLanguage\":\"en-US\",\"potentialAction\":[{\"@type\":\"ReadAction\",\"target\":[\"https:\\\/\\\/gooddealersmeds.com\\\/sk\\\/product\\\/objednat-praskovy-kokain-online-98-8-cisty\\\/\"]}]},{\"@type\":\"ImageObject\",\"inLanguage\":\"en-US\",\"@id\":\"https:\\\/\\\/gooddealersmeds.com\\\/sk\\\/product\\\/objednat-praskovy-kokain-online-98-8-cisty\\\/#primaryimage\",\"url\":\"https:\\\/\\\/gooddealersmeds.com\\\/sk\\\/wp-content\\\/uploads\\\/sites\\\/9\\\/2022\\\/03\\\/coc.jpg\",\"contentUrl\":\"https:\\\/\\\/gooddealersmeds.com\\\/sk\\\/wp-content\\\/uploads\\\/sites\\\/9\\\/2022\\\/03\\\/coc.jpg\",\"width\":600,\"height\":600,\"caption\":\"Buy Cocaine Powder Online\"},{\"@type\":\"BreadcrumbList\",\"@id\":\"https:\\\/\\\/gooddealersmeds.com\\\/sk\\\/product\\\/objednat-praskovy-kokain-online-98-8-cisty\\\/#breadcrumb\",\"itemListElement\":[{\"@type\":\"ListItem\",\"position\":1,\"name\":\"Home\",\"item\":\"https:\\\/\\\/gooddealersmeds.com\\\/sk\\\/\"},{\"@type\":\"ListItem\",\"position\":2,\"name\":\"Produkty\",\"item\":\"https:\\\/\\\/gooddealersmeds.com\\\/sk\\\/produkty\\\/\"},{\"@type\":\"ListItem\",\"position\":3,\"name\":\"Objednajte si pr\u00e1\u0161kov\u00fd koka\u00edn online s \u010distotou 98,8 %.\"}]},{\"@type\":\"WebSite\",\"@id\":\"https:\\\/\\\/gooddealersmeds.com\\\/sk\\\/#website\",\"url\":\"https:\\\/\\\/gooddealersmeds.com\\\/sk\\\/\",\"name\":\"Good Dealers Meds\",\"description\":\"All our best\",\"publisher\":{\"@id\":\"https:\\\/\\\/gooddealersmeds.com\\\/sk\\\/#organization\"},\"potentialAction\":[{\"@type\":\"SearchAction\",\"target\":{\"@type\":\"EntryPoint\",\"urlTemplate\":\"https:\\\/\\\/gooddealersmeds.com\\\/sk\\\/?s={search_term_string}\"},\"query-input\":{\"@type\":\"PropertyValueSpecification\",\"valueRequired\":true,\"valueName\":\"search_term_string\"}}],\"inLanguage\":\"en-US\"},{\"@type\":\"Organization\",\"@id\":\"https:\\\/\\\/gooddealersmeds.com\\\/sk\\\/#organization\",\"name\":\"Good Dealers Meds\",\"url\":\"https:\\\/\\\/gooddealersmeds.com\\\/sk\\\/\",\"logo\":{\"@type\":\"ImageObject\",\"inLanguage\":\"en-US\",\"@id\":\"https:\\\/\\\/gooddealersmeds.com\\\/sk\\\/#\\\/schema\\\/logo\\\/image\\\/\",\"url\":\"https:\\\/\\\/gooddealersmeds.com\\\/sk\\\/wp-content\\\/uploads\\\/sites\\\/9\\\/2022\\\/03\\\/gooddealersmeds__logo__20220317T222800Z.00.png\",\"contentUrl\":\"https:\\\/\\\/gooddealersmeds.com\\\/sk\\\/wp-content\\\/uploads\\\/sites\\\/9\\\/2022\\\/03\\\/gooddealersmeds__logo__20220317T222800Z.00.png\",\"width\":500,\"height\":325,\"caption\":\"Good Dealers Meds\"},\"image\":{\"@id\":\"https:\\\/\\\/gooddealersmeds.com\\\/sk\\\/#\\\/schema\\\/logo\\\/image\\\/\"}}]}<\/script>\n<!-- \/ Yoast SEO Premium plugin. -->","yoast_head_json":{"title":"K\u00fapi\u0165 koka\u00ednov\u00fd pr\u00e1\u0161ok online (98,8% \u010dist\u00fd) |","description":"K\u00fapte si \u010dist\u00fd koka\u00ednov\u00fd pr\u00e1\u0161ok online v najlep\u0161ej kvalite. Sme najspo\u013eahlivej\u0161\u00edm a najdiskr\u00e9tnej\u0161\u00edm dod\u00e1vate\u013eom lacn\u00e9ho crack koka\u00ednu online.","robots":{"index":"index","follow":"follow","max-snippet":"max-snippet:-1","max-image-preview":"max-image-preview:large","max-video-preview":"max-video-preview:-1"},"canonical":"https:\/\/gooddealersmeds.com\/sk\/product\/objednat-praskovy-kokain-online-98-8-cisty\/","og_locale":"en_US","og_type":"article","og_title":"Objednajte si pr\u00e1\u0161kov\u00fd koka\u00edn online s \u010distotou 98,8 %.","og_description":"K\u00fapte si \u010dist\u00fd koka\u00ednov\u00fd pr\u00e1\u0161ok online v najlep\u0161ej kvalite. Sme najspo\u013eahlivej\u0161\u00edm a najdiskr\u00e9tnej\u0161\u00edm dod\u00e1vate\u013eom lacn\u00e9ho crack koka\u00ednu online.","og_url":"https:\/\/gooddealersmeds.com\/sk\/product\/objednat-praskovy-kokain-online-98-8-cisty\/","og_site_name":"Good Dealers Meds","article_modified_time":"2022-10-03T22:07:09+00:00","og_image":[{"width":600,"height":600,"url":"https:\/\/gooddealersmeds.com\/sk\/wp-content\/uploads\/sites\/9\/2022\/03\/coc.jpg","type":"image\/jpeg"}],"twitter_card":"summary_large_image","twitter_misc":{"Est. reading time":"3 minutes"},"schema":{"@context":"https:\/\/schema.org","@graph":[{"@type":"WebPage","@id":"https:\/\/gooddealersmeds.com\/sk\/product\/objednat-praskovy-kokain-online-98-8-cisty\/","url":"https:\/\/gooddealersmeds.com\/sk\/product\/objednat-praskovy-kokain-online-98-8-cisty\/","name":"K\u00fapi\u0165 koka\u00ednov\u00fd pr\u00e1\u0161ok online (98,8% \u010dist\u00fd) |","isPartOf":{"@id":"https:\/\/gooddealersmeds.com\/sk\/#website"},"primaryImageOfPage":{"@id":"https:\/\/gooddealersmeds.com\/sk\/product\/objednat-praskovy-kokain-online-98-8-cisty\/#primaryimage"},"image":{"@id":"https:\/\/gooddealersmeds.com\/sk\/product\/objednat-praskovy-kokain-online-98-8-cisty\/#primaryimage"},"thumbnailUrl":"https:\/\/gooddealersmeds.com\/sk\/wp-content\/uploads\/sites\/9\/2022\/03\/coc.jpg","datePublished":"2022-03-19T00:58:27+00:00","dateModified":"2022-10-03T22:07:09+00:00","description":"K\u00fapte si \u010dist\u00fd koka\u00ednov\u00fd pr\u00e1\u0161ok online v najlep\u0161ej kvalite. Sme najspo\u013eahlivej\u0161\u00edm a najdiskr\u00e9tnej\u0161\u00edm dod\u00e1vate\u013eom lacn\u00e9ho crack koka\u00ednu online.","breadcrumb":{"@id":"https:\/\/gooddealersmeds.com\/sk\/product\/objednat-praskovy-kokain-online-98-8-cisty\/#breadcrumb"},"inLanguage":"en-US","potentialAction":[{"@type":"ReadAction","target":["https:\/\/gooddealersmeds.com\/sk\/product\/objednat-praskovy-kokain-online-98-8-cisty\/"]}]},{"@type":"ImageObject","inLanguage":"en-US","@id":"https:\/\/gooddealersmeds.com\/sk\/product\/objednat-praskovy-kokain-online-98-8-cisty\/#primaryimage","url":"https:\/\/gooddealersmeds.com\/sk\/wp-content\/uploads\/sites\/9\/2022\/03\/coc.jpg","contentUrl":"https:\/\/gooddealersmeds.com\/sk\/wp-content\/uploads\/sites\/9\/2022\/03\/coc.jpg","width":600,"height":600,"caption":"Buy Cocaine Powder Online"},{"@type":"BreadcrumbList","@id":"https:\/\/gooddealersmeds.com\/sk\/product\/objednat-praskovy-kokain-online-98-8-cisty\/#breadcrumb","itemListElement":[{"@type":"ListItem","position":1,"name":"Home","item":"https:\/\/gooddealersmeds.com\/sk\/"},{"@type":"ListItem","position":2,"name":"Produkty","item":"https:\/\/gooddealersmeds.com\/sk\/produkty\/"},{"@type":"ListItem","position":3,"name":"Objednajte si pr\u00e1\u0161kov\u00fd koka\u00edn online s \u010distotou 98,8 %."}]},{"@type":"WebSite","@id":"https:\/\/gooddealersmeds.com\/sk\/#website","url":"https:\/\/gooddealersmeds.com\/sk\/","name":"Good Dealers Meds","description":"All our best","publisher":{"@id":"https:\/\/gooddealersmeds.com\/sk\/#organization"},"potentialAction":[{"@type":"SearchAction","target":{"@type":"EntryPoint","urlTemplate":"https:\/\/gooddealersmeds.com\/sk\/?s={search_term_string}"},"query-input":{"@type":"PropertyValueSpecification","valueRequired":true,"valueName":"search_term_string"}}],"inLanguage":"en-US"},{"@type":"Organization","@id":"https:\/\/gooddealersmeds.com\/sk\/#organization","name":"Good Dealers Meds","url":"https:\/\/gooddealersmeds.com\/sk\/","logo":{"@type":"ImageObject","inLanguage":"en-US","@id":"https:\/\/gooddealersmeds.com\/sk\/#\/schema\/logo\/image\/","url":"https:\/\/gooddealersmeds.com\/sk\/wp-content\/uploads\/sites\/9\/2022\/03\/gooddealersmeds__logo__20220317T222800Z.00.png","contentUrl":"https:\/\/gooddealersmeds.com\/sk\/wp-content\/uploads\/sites\/9\/2022\/03\/gooddealersmeds__logo__20220317T222800Z.00.png","width":500,"height":325,"caption":"Good Dealers Meds"},"image":{"@id":"https:\/\/gooddealersmeds.com\/sk\/#\/schema\/logo\/image\/"}}]}},"_links":{"self":[{"href":"https:\/\/gooddealersmeds.com\/sk\/wp-json\/wp\/v2\/product\/1657","targetHints":{"allow":["GET"]}}],"collection":[{"href":"https:\/\/gooddealersmeds.com\/sk\/wp-json\/wp\/v2\/product"}],"about":[{"href":"https:\/\/gooddealersmeds.com\/sk\/wp-json\/wp\/v2\/types\/product"}],"replies":[{"embeddable":true,"href":"https:\/\/gooddealersmeds.com\/sk\/wp-json\/wp\/v2\/comments?post=1657"}],"wp:featuredmedia":[{"embeddable":true,"href":"https:\/\/gooddealersmeds.com\/sk\/wp-json\/wp\/v2\/media\/1666"}],"wp:attachment":[{"href":"https:\/\/gooddealersmeds.com\/sk\/wp-json\/wp\/v2\/media?parent=1657"}],"wp:term":[{"taxonomy":"product_brand","embeddable":true,"href":"https:\/\/gooddealersmeds.com\/sk\/wp-json\/wp\/v2\/product_brand?post=1657"},{"taxonomy":"product_cat","embeddable":true,"href":"https:\/\/gooddealersmeds.com\/sk\/wp-json\/wp\/v2\/product_cat?post=1657"},{"taxonomy":"product_tag","embeddable":true,"href":"https:\/\/gooddealersmeds.com\/sk\/wp-json\/wp\/v2\/product_tag?post=1657"}],"curies":[{"name":"wp","href":"https:\/\/api.w.org\/{rel}","templated":true}]}}