{"id":1639,"date":"2022-03-19T00:39:57","date_gmt":"2022-03-19T00:39:57","guid":{"rendered":"https:\/\/gooddealersmeds.com\/sk\/?post_type=product&#038;p=1639"},"modified":"2022-10-03T22:07:16","modified_gmt":"2022-10-03T22:07:16","slug":"kupit-fentanyl-prasok-online","status":"publish","type":"product","link":"https:\/\/gooddealersmeds.com\/sk\/product\/kupit-fentanyl-prasok-online\/","title":{"rendered":"K\u00fapte si fentanylov\u00fd pr\u00e1\u0161ok online"},"content":{"rendered":"<h1><b>K\u00fapi\u0165 fentanylov\u00fd pr\u00e1\u0161ok online<br \/> <\/b><\/h1>\n<p><strong><em>K\u00fapi\u0165 fentanylov\u00fd pr\u00e1\u0161ok online<\/em><\/strong>; Fentanyl je \u010dlenom rodiny prolie\u010div zn\u00e1mych ako opioid. Tento pr\u00e1\u0161ok sa pou\u017e\u00edva pri lie\u010dbe mnoh\u00fdch chor\u00f4b. Nach\u00e1dza sa v tabletk\u00e1ch aj vo forme pr\u00e1\u0161ku. Fentanylov\u00fd pr\u00e1\u0161ok je liek proti bolesti, ktor\u00fd sa pou\u017e\u00edva na \u00fa\u013eavu od bolesti.<\/p>\n<p>Fentanyl sa tie\u017e pou\u017e\u00edva na zn\u00ed\u017eenie alebo odstr\u00e1nenie ak\u00e9hoko\u013evek typu bolesti, t. j. aj chronickej bolesti. Prv\u00fdkr\u00e1t bol syntetizovan\u00fd v 60. rokoch 20. storo\u010dia a pri\u0161iel na trh ako liek. Potom sa pou\u017e\u00edval na men\u0161ie \u00fa\u010dely. V posledn\u00fdch rokoch sa v\u0161ak pou\u017e\u00edva nielen ako liek, ale v niektor\u00fdch pr\u00edpadoch aj ako droga.<\/p>\n<p>Fentanylov\u00fd pr\u00e1\u0161ok sa \u010dasto porovn\u00e1va s najzn\u00e1mej\u0161\u00edm prolie\u010divom, ktor\u00e9 je zn\u00e1me ako Morphine. Je to ve\u013emi vysoko potenci\u00e1lne prolie\u010divo, ktor\u00e9 sa pou\u017e\u00edva a vyr\u00e1ba e\u0161te v lek\u00e1rskej oblasti.<\/p>\n<p>Fentanylov\u00fd pr\u00e1\u0161ok je takmer 50-100-kr\u00e1t silnej\u0161\u00edm prolie\u010divom ako morf\u00edn. To je hlavn\u00fd d\u00f4vod jeho \u00faspechu a pou\u017e\u00edvania v takom ve\u013ekom rozsahu.<\/p>\n<p>Fentanylov\u00fd pr\u00e1\u0161ok p\u00f4sob\u00ed priamo na mozog a \u00faplne men\u00ed pocit bolesti. Trvalo alebo \u010diasto\u010dne odstra\u0148uje boles\u0165 z tela v z\u00e1vislosti od stavu bolesti. V\u010faka svojej vysokej \u00fa\u010dinnosti sa be\u017ene pou\u017e\u00edva na lie\u010dbu ak\u00e9hoko\u013evek typu bolesti, od po\u010diato\u010dnej a\u017e po chronick\u00fa boles\u0165.<\/p>\n<p>Toto s\u00fa niektor\u00e9 vlastnosti, kv\u00f4li ktor\u00fdm mnoh\u00ed lek\u00e1ri pou\u017e\u00edvaj\u00fa tento prekurzor pri svojej lie\u010dbe. Mnoh\u00e9 lieky pou\u017e\u00edvan\u00e9 pri chirurgick\u00fdch oper\u00e1ci\u00e1ch maj\u00fa ur\u010dit\u00fd podiel tohto prekurzora na zn\u00ed\u017eenie bolesti pri oper\u00e1cii.<\/p>\n<p>Fentanylov\u00fd pr\u00e1\u0161ok je ob\u013e\u00faben\u00fd nielen medzi lek\u00e1rmi, ale je ob\u013e\u00faben\u00fd aj medzi \u013eu\u010fmi, ktor\u00ed prich\u00e1dzaj\u00fa do tane\u010dn\u00fdch barov a klubov. \u013dudia pou\u017e\u00edvaj\u00fa toto prolie\u010divo na relax\u00e1ciu, ke\u010f s\u00fa unaven\u00ed zo svojej pr\u00e1ce a chc\u00fa si u\u017e\u00edva\u0165 \u017eivot.<\/p>\n<p>Zlo\u017eky pou\u017e\u00edvan\u00e9 na v\u00fdrobu tohto prekurzora maj\u00fa tie\u017e ur\u010dit\u00fa vlastnos\u0165, ktor\u00e1 je u\u017eito\u010dn\u00e1 pri spr\u00e1vnom sp\u00e1nku. Z tohto d\u00f4vodu sa stal ve\u013emi popul\u00e1rnym medzi \u013eu\u010fmi, ktor\u00ed \u010delia probl\u00e9mom, ako je depresia.<\/p>\n<p>Fentanylov\u00fd pr\u00e1\u0161ok je \u013eahko dostupn\u00fd na online trhu. N\u00e1\u0161 <span style=\"color: #333333\"><a style=\"color: #333333\" href=\"https:\/\/gooddealersmeds.com\/sk\/\">internetov\u00fd obchod<\/a><\/span> tie\u017e rie\u0161i s t\u00fdmto prolie\u010divom vo forme piluliek aj pr\u00e1\u0161ku. N\u00e1\u0161 obchod tie\u017e zabezpe\u010duje doru\u010denie produktu vo ve\u013emi kr\u00e1tkom \u010dase k va\u0161im dver\u00e1m.<\/p>\n<p>&nbsp;<\/p>\n<p>&nbsp;<\/p>\n<pre><strong>K\u00fapi\u0165 fentanylov\u00fd pr\u00e1\u0161ok Online - k\u00fapi\u0165 pr\u00e1\u0161ok, k\u00fapi\u0165 fentanylov\u00fd pr\u00e1\u0161ok, k\u00fapi\u0165 fentanyl online, kde k\u00fapi\u0165 fentanylov\u00fd pr\u00e1\u0161ok, fentanylov\u00fd pr\u00e1\u0161ok na predaj, pr\u00e1\u0161ok na predaj, k\u00fapi\u0165 pr\u00e1\u0161ok online, kde k\u00fapi\u0165 fentanylov\u00fd pr\u00e1\u0161ok online, fentanylov\u00fd pr\u00e1\u0161ok na predaj v usa, USA, Kanada, uk, k\u00fapi\u0165, online, dod\u00e1vatelia, bezpe\u010dn\u00e9 doru\u010denie, st\u00e1le m\u00f4\u017eete z\u00edska\u0165 fentanylov\u00fd pr\u00e1\u0161ok , je fentanylov\u00fd pr\u00e1\u0161ok leg\u00e1lny v USA, k\u00fapi\u0165 fentanylov\u00fd pr\u00e1\u0161ok online v usa, ako objedna\u0165 fentanylov\u00fd pr\u00e1\u0161ok , je fentanylov\u00fd pr\u00e1\u0161ok leg\u00e1lny v Kanade<\/strong><\/pre>\n","protected":false},"excerpt":{"rendered":"<p>Fentanyl lie\u010di siln\u00fa pretrv\u00e1vaj\u00facu boles\u0165, ktor\u00fa nemo\u017eno kontrolova\u0165 in\u00fdmi liekmi. Tento liek je liekom proti bolestiam narkot\u00edk.<br \/> K\u00fapte si fentanyl najvy\u0161\u0161ej kvality online e\u0161te dnes za ve\u013emi n\u00edzke ceny od Pon\u00fakame diskr\u00e9tnu dopravu a z\u00e1ruku vr\u00e1tenia pe\u0148az\u00ed.<\/p>\n<p>Cena produktu je: za gram<\/p>\n","protected":false},"featured_media":1648,"comment_status":"open","ping_status":"closed","template":"","meta":{"inline_featured_image":false},"product_brand":[],"product_cat":[347],"product_tag":[209,110,107,97,199,198,208,105,109,205,210,207,200,204,203,108,202,201,206,106,104],"class_list":{"0":"post-1639","1":"product","2":"type-product","3":"status-publish","4":"has-post-thumbnail","6":"product_cat-opioidn-liek-proti-bolesti","7":"product_tag-ako-si-objedna-fentanyl-prok","8":"product_tag-bezpen-doruenie","9":"product_tag-buy","10":"product_tag-buy-fentanyl-online","11":"product_tag-buy-fentanyl-powder","12":"product_tag-buy-fentanyl-powder-online-buy-powder","13":"product_tag-buy-fentanyl-powder-online-usa","14":"product_tag-canada","15":"product_tag-dodvateov","16":"product_tag-fentanyl-prok-na-predaj-v-usa","17":"product_tag-is-fentanyl-powder-legal-in-canada","18":"product_tag-is-fentanyl-powder-legal-in-usa","19":"product_tag-kde-kpi-fentanyl-prok","20":"product_tag-kde-kpi-fentanyl-prok-online","21":"product_tag-kpi-prok-online","22":"product_tag-online","23":"product_tag-prok-na-predaj","24":"product_tag-fentanyl-prok-na-predaj","25":"product_tag-stle-mete-zska-fentanylov-prok","26":"product_tag-uk","27":"product_tag-usa","28":"pa_grams-1-kg-1000-g","29":"pa_grams-10-g","30":"pa_grams-100-g","31":"pa_grams-20-g","32":"pa_grams-200-g","33":"pa_grams-35-g","34":"pa_grams-50-g","35":"pa_grams-500-g","37":"first","38":"instock","39":"featured","40":"shipping-taxable","41":"purchasable","42":"product-type-variable","43":"has-default-attributes"},"yoast_head":"<!-- This site is optimized with the Yoast SEO Premium plugin v20.6 (Yoast SEO v27.4) - https:\/\/yoast.com\/product\/yoast-seo-premium-wordpress\/ -->\n<title>K\u00fapte si fentanylov\u00fd pr\u00e1\u0161ok online | Dobr\u00ed predajcovia liekov<\/title>\n<meta name=\"description\" content=\"Fentanylov\u00fd pr\u00e1\u0161ok je \u0161iroko pou\u017e\u00edvan\u00fd ako extr\u00e9mna droga. K\u00fapte si fentanylov\u00fd pr\u00e1\u0161ok online bez lek\u00e1rskeho predpisu za najlep\u0161ie ceny od Good Dealers Meds.\" \/>\n<meta name=\"robots\" content=\"index, follow, max-snippet:-1, max-image-preview:large, max-video-preview:-1\" \/>\n<link rel=\"canonical\" href=\"https:\/\/gooddealersmeds.com\/sk\/product\/kupit-fentanyl-prasok-online\/\" \/>\n<meta property=\"og:locale\" content=\"en_US\" \/>\n<meta property=\"og:type\" content=\"article\" \/>\n<meta property=\"og:title\" content=\"K\u00fapte si fentanylov\u00fd pr\u00e1\u0161ok online\" \/>\n<meta property=\"og:description\" content=\"Fentanylov\u00fd pr\u00e1\u0161ok je \u0161iroko pou\u017e\u00edvan\u00fd ako extr\u00e9mna droga. K\u00fapte si fentanylov\u00fd pr\u00e1\u0161ok online bez lek\u00e1rskeho predpisu za najlep\u0161ie ceny od Good Dealers Meds.\" \/>\n<meta property=\"og:url\" content=\"https:\/\/gooddealersmeds.com\/sk\/product\/kupit-fentanyl-prasok-online\/\" \/>\n<meta property=\"og:site_name\" content=\"Good Dealers Meds\" \/>\n<meta property=\"article:modified_time\" content=\"2022-10-03T22:07:16+00:00\" \/>\n<meta property=\"og:image\" content=\"https:\/\/gooddealersmeds.com\/sk\/wp-content\/uploads\/sites\/9\/2022\/03\/buy-metizolam-powder-online.jpg\" \/>\n\t<meta property=\"og:image:width\" content=\"600\" \/>\n\t<meta property=\"og:image:height\" content=\"600\" \/>\n\t<meta property=\"og:image:type\" content=\"image\/jpeg\" \/>\n<meta name=\"twitter:card\" content=\"summary_large_image\" \/>\n<meta name=\"twitter:label1\" content=\"Est. reading time\" \/>\n\t<meta name=\"twitter:data1\" content=\"3 minutes\" \/>\n<script type=\"application\/ld+json\" class=\"yoast-schema-graph\">{\"@context\":\"https:\\\/\\\/schema.org\",\"@graph\":[{\"@type\":\"WebPage\",\"@id\":\"https:\\\/\\\/gooddealersmeds.com\\\/sk\\\/product\\\/kupit-fentanyl-prasok-online\\\/\",\"url\":\"https:\\\/\\\/gooddealersmeds.com\\\/sk\\\/product\\\/kupit-fentanyl-prasok-online\\\/\",\"name\":\"K\u00fapte si fentanylov\u00fd pr\u00e1\u0161ok online | Dobr\u00ed predajcovia liekov\",\"isPartOf\":{\"@id\":\"https:\\\/\\\/gooddealersmeds.com\\\/sk\\\/#website\"},\"primaryImageOfPage\":{\"@id\":\"https:\\\/\\\/gooddealersmeds.com\\\/sk\\\/product\\\/kupit-fentanyl-prasok-online\\\/#primaryimage\"},\"image\":{\"@id\":\"https:\\\/\\\/gooddealersmeds.com\\\/sk\\\/product\\\/kupit-fentanyl-prasok-online\\\/#primaryimage\"},\"thumbnailUrl\":\"https:\\\/\\\/gooddealersmeds.com\\\/sk\\\/wp-content\\\/uploads\\\/sites\\\/9\\\/2022\\\/03\\\/buy-metizolam-powder-online.jpg\",\"datePublished\":\"2022-03-19T00:39:57+00:00\",\"dateModified\":\"2022-10-03T22:07:16+00:00\",\"description\":\"Fentanylov\u00fd pr\u00e1\u0161ok je \u0161iroko pou\u017e\u00edvan\u00fd ako extr\u00e9mna droga. K\u00fapte si fentanylov\u00fd pr\u00e1\u0161ok online bez lek\u00e1rskeho predpisu za najlep\u0161ie ceny od Good Dealers Meds.\",\"breadcrumb\":{\"@id\":\"https:\\\/\\\/gooddealersmeds.com\\\/sk\\\/product\\\/kupit-fentanyl-prasok-online\\\/#breadcrumb\"},\"inLanguage\":\"en-US\",\"potentialAction\":[{\"@type\":\"ReadAction\",\"target\":[\"https:\\\/\\\/gooddealersmeds.com\\\/sk\\\/product\\\/kupit-fentanyl-prasok-online\\\/\"]}]},{\"@type\":\"ImageObject\",\"inLanguage\":\"en-US\",\"@id\":\"https:\\\/\\\/gooddealersmeds.com\\\/sk\\\/product\\\/kupit-fentanyl-prasok-online\\\/#primaryimage\",\"url\":\"https:\\\/\\\/gooddealersmeds.com\\\/sk\\\/wp-content\\\/uploads\\\/sites\\\/9\\\/2022\\\/03\\\/buy-metizolam-powder-online.jpg\",\"contentUrl\":\"https:\\\/\\\/gooddealersmeds.com\\\/sk\\\/wp-content\\\/uploads\\\/sites\\\/9\\\/2022\\\/03\\\/buy-metizolam-powder-online.jpg\",\"width\":600,\"height\":600,\"caption\":\"Buy Fentanyl Powder Online\"},{\"@type\":\"BreadcrumbList\",\"@id\":\"https:\\\/\\\/gooddealersmeds.com\\\/sk\\\/product\\\/kupit-fentanyl-prasok-online\\\/#breadcrumb\",\"itemListElement\":[{\"@type\":\"ListItem\",\"position\":1,\"name\":\"Home\",\"item\":\"https:\\\/\\\/gooddealersmeds.com\\\/sk\\\/\"},{\"@type\":\"ListItem\",\"position\":2,\"name\":\"Produkty\",\"item\":\"https:\\\/\\\/gooddealersmeds.com\\\/sk\\\/produkty\\\/\"},{\"@type\":\"ListItem\",\"position\":3,\"name\":\"K\u00fapte si fentanylov\u00fd pr\u00e1\u0161ok online\"}]},{\"@type\":\"WebSite\",\"@id\":\"https:\\\/\\\/gooddealersmeds.com\\\/sk\\\/#website\",\"url\":\"https:\\\/\\\/gooddealersmeds.com\\\/sk\\\/\",\"name\":\"Good Dealers Meds\",\"description\":\"All our best\",\"publisher\":{\"@id\":\"https:\\\/\\\/gooddealersmeds.com\\\/sk\\\/#organization\"},\"potentialAction\":[{\"@type\":\"SearchAction\",\"target\":{\"@type\":\"EntryPoint\",\"urlTemplate\":\"https:\\\/\\\/gooddealersmeds.com\\\/sk\\\/?s={search_term_string}\"},\"query-input\":{\"@type\":\"PropertyValueSpecification\",\"valueRequired\":true,\"valueName\":\"search_term_string\"}}],\"inLanguage\":\"en-US\"},{\"@type\":\"Organization\",\"@id\":\"https:\\\/\\\/gooddealersmeds.com\\\/sk\\\/#organization\",\"name\":\"Good Dealers Meds\",\"url\":\"https:\\\/\\\/gooddealersmeds.com\\\/sk\\\/\",\"logo\":{\"@type\":\"ImageObject\",\"inLanguage\":\"en-US\",\"@id\":\"https:\\\/\\\/gooddealersmeds.com\\\/sk\\\/#\\\/schema\\\/logo\\\/image\\\/\",\"url\":\"https:\\\/\\\/gooddealersmeds.com\\\/sk\\\/wp-content\\\/uploads\\\/sites\\\/9\\\/2022\\\/03\\\/gooddealersmeds__logo__20220317T222800Z.00.png\",\"contentUrl\":\"https:\\\/\\\/gooddealersmeds.com\\\/sk\\\/wp-content\\\/uploads\\\/sites\\\/9\\\/2022\\\/03\\\/gooddealersmeds__logo__20220317T222800Z.00.png\",\"width\":500,\"height\":325,\"caption\":\"Good Dealers Meds\"},\"image\":{\"@id\":\"https:\\\/\\\/gooddealersmeds.com\\\/sk\\\/#\\\/schema\\\/logo\\\/image\\\/\"}}]}<\/script>\n<!-- \/ Yoast SEO Premium plugin. -->","yoast_head_json":{"title":"K\u00fapte si fentanylov\u00fd pr\u00e1\u0161ok online | Dobr\u00ed predajcovia liekov","description":"Fentanylov\u00fd pr\u00e1\u0161ok je \u0161iroko pou\u017e\u00edvan\u00fd ako extr\u00e9mna droga. K\u00fapte si fentanylov\u00fd pr\u00e1\u0161ok online bez lek\u00e1rskeho predpisu za najlep\u0161ie ceny od Good Dealers Meds.","robots":{"index":"index","follow":"follow","max-snippet":"max-snippet:-1","max-image-preview":"max-image-preview:large","max-video-preview":"max-video-preview:-1"},"canonical":"https:\/\/gooddealersmeds.com\/sk\/product\/kupit-fentanyl-prasok-online\/","og_locale":"en_US","og_type":"article","og_title":"K\u00fapte si fentanylov\u00fd pr\u00e1\u0161ok online","og_description":"Fentanylov\u00fd pr\u00e1\u0161ok je \u0161iroko pou\u017e\u00edvan\u00fd ako extr\u00e9mna droga. K\u00fapte si fentanylov\u00fd pr\u00e1\u0161ok online bez lek\u00e1rskeho predpisu za najlep\u0161ie ceny od Good Dealers Meds.","og_url":"https:\/\/gooddealersmeds.com\/sk\/product\/kupit-fentanyl-prasok-online\/","og_site_name":"Good Dealers Meds","article_modified_time":"2022-10-03T22:07:16+00:00","og_image":[{"width":600,"height":600,"url":"https:\/\/gooddealersmeds.com\/sk\/wp-content\/uploads\/sites\/9\/2022\/03\/buy-metizolam-powder-online.jpg","type":"image\/jpeg"}],"twitter_card":"summary_large_image","twitter_misc":{"Est. reading time":"3 minutes"},"schema":{"@context":"https:\/\/schema.org","@graph":[{"@type":"WebPage","@id":"https:\/\/gooddealersmeds.com\/sk\/product\/kupit-fentanyl-prasok-online\/","url":"https:\/\/gooddealersmeds.com\/sk\/product\/kupit-fentanyl-prasok-online\/","name":"K\u00fapte si fentanylov\u00fd pr\u00e1\u0161ok online | Dobr\u00ed predajcovia liekov","isPartOf":{"@id":"https:\/\/gooddealersmeds.com\/sk\/#website"},"primaryImageOfPage":{"@id":"https:\/\/gooddealersmeds.com\/sk\/product\/kupit-fentanyl-prasok-online\/#primaryimage"},"image":{"@id":"https:\/\/gooddealersmeds.com\/sk\/product\/kupit-fentanyl-prasok-online\/#primaryimage"},"thumbnailUrl":"https:\/\/gooddealersmeds.com\/sk\/wp-content\/uploads\/sites\/9\/2022\/03\/buy-metizolam-powder-online.jpg","datePublished":"2022-03-19T00:39:57+00:00","dateModified":"2022-10-03T22:07:16+00:00","description":"Fentanylov\u00fd pr\u00e1\u0161ok je \u0161iroko pou\u017e\u00edvan\u00fd ako extr\u00e9mna droga. K\u00fapte si fentanylov\u00fd pr\u00e1\u0161ok online bez lek\u00e1rskeho predpisu za najlep\u0161ie ceny od Good Dealers Meds.","breadcrumb":{"@id":"https:\/\/gooddealersmeds.com\/sk\/product\/kupit-fentanyl-prasok-online\/#breadcrumb"},"inLanguage":"en-US","potentialAction":[{"@type":"ReadAction","target":["https:\/\/gooddealersmeds.com\/sk\/product\/kupit-fentanyl-prasok-online\/"]}]},{"@type":"ImageObject","inLanguage":"en-US","@id":"https:\/\/gooddealersmeds.com\/sk\/product\/kupit-fentanyl-prasok-online\/#primaryimage","url":"https:\/\/gooddealersmeds.com\/sk\/wp-content\/uploads\/sites\/9\/2022\/03\/buy-metizolam-powder-online.jpg","contentUrl":"https:\/\/gooddealersmeds.com\/sk\/wp-content\/uploads\/sites\/9\/2022\/03\/buy-metizolam-powder-online.jpg","width":600,"height":600,"caption":"Buy Fentanyl Powder Online"},{"@type":"BreadcrumbList","@id":"https:\/\/gooddealersmeds.com\/sk\/product\/kupit-fentanyl-prasok-online\/#breadcrumb","itemListElement":[{"@type":"ListItem","position":1,"name":"Home","item":"https:\/\/gooddealersmeds.com\/sk\/"},{"@type":"ListItem","position":2,"name":"Produkty","item":"https:\/\/gooddealersmeds.com\/sk\/produkty\/"},{"@type":"ListItem","position":3,"name":"K\u00fapte si fentanylov\u00fd pr\u00e1\u0161ok online"}]},{"@type":"WebSite","@id":"https:\/\/gooddealersmeds.com\/sk\/#website","url":"https:\/\/gooddealersmeds.com\/sk\/","name":"Good Dealers Meds","description":"All our best","publisher":{"@id":"https:\/\/gooddealersmeds.com\/sk\/#organization"},"potentialAction":[{"@type":"SearchAction","target":{"@type":"EntryPoint","urlTemplate":"https:\/\/gooddealersmeds.com\/sk\/?s={search_term_string}"},"query-input":{"@type":"PropertyValueSpecification","valueRequired":true,"valueName":"search_term_string"}}],"inLanguage":"en-US"},{"@type":"Organization","@id":"https:\/\/gooddealersmeds.com\/sk\/#organization","name":"Good Dealers Meds","url":"https:\/\/gooddealersmeds.com\/sk\/","logo":{"@type":"ImageObject","inLanguage":"en-US","@id":"https:\/\/gooddealersmeds.com\/sk\/#\/schema\/logo\/image\/","url":"https:\/\/gooddealersmeds.com\/sk\/wp-content\/uploads\/sites\/9\/2022\/03\/gooddealersmeds__logo__20220317T222800Z.00.png","contentUrl":"https:\/\/gooddealersmeds.com\/sk\/wp-content\/uploads\/sites\/9\/2022\/03\/gooddealersmeds__logo__20220317T222800Z.00.png","width":500,"height":325,"caption":"Good Dealers Meds"},"image":{"@id":"https:\/\/gooddealersmeds.com\/sk\/#\/schema\/logo\/image\/"}}]}},"_links":{"self":[{"href":"https:\/\/gooddealersmeds.com\/sk\/wp-json\/wp\/v2\/product\/1639","targetHints":{"allow":["GET"]}}],"collection":[{"href":"https:\/\/gooddealersmeds.com\/sk\/wp-json\/wp\/v2\/product"}],"about":[{"href":"https:\/\/gooddealersmeds.com\/sk\/wp-json\/wp\/v2\/types\/product"}],"replies":[{"embeddable":true,"href":"https:\/\/gooddealersmeds.com\/sk\/wp-json\/wp\/v2\/comments?post=1639"}],"wp:featuredmedia":[{"embeddable":true,"href":"https:\/\/gooddealersmeds.com\/sk\/wp-json\/wp\/v2\/media\/1648"}],"wp:attachment":[{"href":"https:\/\/gooddealersmeds.com\/sk\/wp-json\/wp\/v2\/media?parent=1639"}],"wp:term":[{"taxonomy":"product_brand","embeddable":true,"href":"https:\/\/gooddealersmeds.com\/sk\/wp-json\/wp\/v2\/product_brand?post=1639"},{"taxonomy":"product_cat","embeddable":true,"href":"https:\/\/gooddealersmeds.com\/sk\/wp-json\/wp\/v2\/product_cat?post=1639"},{"taxonomy":"product_tag","embeddable":true,"href":"https:\/\/gooddealersmeds.com\/sk\/wp-json\/wp\/v2\/product_tag?post=1639"}],"curies":[{"name":"wp","href":"https:\/\/api.w.org\/{rel}","templated":true}]}}