{"id":1627,"date":"2022-03-19T00:28:52","date_gmt":"2022-03-19T00:28:52","guid":{"rendered":"https:\/\/gooddealersmeds.com\/sk\/?post_type=product&#038;p=1627"},"modified":"2022-10-03T22:07:23","modified_gmt":"2022-10-03T22:07:23","slug":"kupit-ciste-mdma-krystaly-online","status":"publish","type":"product","link":"https:\/\/gooddealersmeds.com\/sk\/product\/kupit-ciste-mdma-krystaly-online\/","title":{"rendered":"K\u00fapte si \u010dist\u00e9 kry\u0161t\u00e1ly MDMA online"},"content":{"rendered":"<p>K\u00fapte si \u010dist\u00e9 kry\u0161t\u00e1ly Mdma online v na\u0161om obchode. <a href=\"https:\/\/gooddealersmeds.com\/sk\/product\/buy-pure-mdma-crystals-online\/\">MDMA<\/a> je stimula\u010dn\u00e1 droga s euforick\u00fdmi a mierne halucinog\u00e9nnymi vlastnos\u0165ami. MDMA sa dod\u00e1va v dvoch form\u00e1ch, pilulky a pr\u00e1\u0161ok\/kry\u0161t\u00e1ly a mo\u017eno ho u\u017e\u00edva\u0165 peror\u00e1lne alebo \u0161nupa\u0165.<\/p>\n<p>L\u00e1tka 3, 4-metyl\u00e9ndioxymetamfetam\u00edn je deriv\u00e1t amfetam\u00ednu, ktor\u00fd si v posledn\u00fdch rokoch z\u00edskal v\u00fdznamn\u00fa popularitu a stal sa rekrea\u010dn\u00fdm liek vo\u013eby pre mnoh\u00fdch dospievaj\u00facich a mlad\u00fdch dospel\u00fdch. Jednotlivci, ktor\u00ed u\u017e\u00edvaj\u00fa MDMA, opisuj\u00fa pocit euf\u00f3rie, stratu z\u00e1bran, pocit bl\u00edzkosti a\/alebo empatie a zv\u00fd\u0161en\u00fa zmyselnos\u0165. \u201eMolly\u201c, pr\u00e1\u0161kov\u00e1 alebo kry\u0161talick\u00e1 forma MDMA, chemik\u00e1lie pou\u017e\u00edvanej pri ext\u00e1ze, je popul\u00e1rnou drogou.<\/p>\n<p>D\u00e1vkovanie bude z\u00e1visie\u0165 od mnoh\u00fdch faktorov vr\u00e1tane tolerancie, pohlavia a sp\u00f4sobu u\u017e\u00edvania (bu\u010f nosom alebo \u00fastne). Toto je len n\u00e1vod.<\/p>\n<p>Odpor\u00fa\u010dan\u00e1 d\u00e1vka = 50 mg + va\u0161a telesn\u00e1 hmotnos\u0165 v kilogramoch<\/p>\n<p>Medzi \u00fa\u010dinky, ktor\u00e9 sa m\u00f4\u017eu vyskytn\u00fa\u0165 v d\u00f4sledku u\u017e\u00edvania MDMA, patria:<\/p>\n<ul>\n<li>Zv\u00fd\u0161en\u00e1 vitalita\/uvedomenie<\/li>\n<li>Euf\u00f3ria<\/li>\n<li>Zv\u00fd\u0161en\u00e1 empatia alebo pocit, \u017ee ste \u201emilovan\u00ed\u201c<\/li>\n<li>Zv\u00fd\u0161en\u00e1 \u00facta k hudbe<\/li>\n<li>Mierne halucin\u00e1cie<\/li>\n<li>Zv\u00fd\u0161enie teploty<\/li>\n<li>Zovretie\u00a0\u010de\u013euste, \u0161kr\u00edpanie zubami a \u017euvanie jazyka a l\u00edc (grunting)<\/li>\n<li>Nevo\u013enos\u0165\/vracanie<\/li>\n<li>Neschopnos\u0165 dosiahnu\u0165 orgazmus\/erektiln\u00e1 dysfunkcia<\/li>\n<\/ul>\n<p>Na\u0161a objedn\u00e1vka je \u00faplne s\u00fakromn\u00e1 a bezpe\u010dn\u00e1. Okrem toho pristupujeme k na\u0161im objedn\u00e1vkam s maxim\u00e1lnym oh\u013eadom na va\u0161e s\u00fakromie ako klienta. Po druh\u00e9, tvrdo pracujeme na tom, aby bola va\u0161a dod\u00e1vka \u010do najdiskr\u00e9tnej\u0161ia. Pre va\u0161e VIP doru\u010denie vyu\u017e\u00edvame renomovan\u00fa prepravn\u00fa spolo\u010dnos\u0165.<\/p>\n<p>Okrem toho m\u00f4\u017eeme v\u00e1\u0161 bal\u00edk poisti\u0165, aby sme zaistili jeho bezpe\u010dnos\u0165 po\u010das tranzitu z lode k va\u0161im dver\u00e1m. Nakoniec uchov\u00e1vame v\u0161etky va\u0161e inform\u00e1cie v bezpe\u010d\u00ed a nikdy ich neposkytneme ani nezverejn\u00edme bez v\u00e1\u0161ho s\u00fahlasu.<\/p>\n<p>Z\u00e1kazn\u00edci na celom svete si m\u00f4\u017eu k\u00fapi\u0165 \u010dist\u00e9 kry\u0161t\u00e1ly MDMA online na lek\u00e1rsky predpis alebo bez neho od n\u00e1\u0161ho <a href=\"https:\/\/gooddealersmeds.com\/sk\/products\/\">obchod<\/a>.<\/p>\n","protected":false},"excerpt":{"rendered":"<p>Kry\u0161t\u00e1ly ext\u00e1zy\/Molly na predaj (k\u00fapte si kry\u0161t\u00e1ly ext\u00e1zy\/Molly online). K\u00fapi\u0165 \u010dist\u00e9 kry\u0161t\u00e1ly MDMA online, kry\u0161t\u00e1ly metyl\u00f3nu online, k\u00fapi\u0165 metyl\u00f3n online, k\u00fapi\u0165 kry\u0161t\u00e1ly ext\u00e1zy online, k\u00fapi\u0165 kry\u0161t\u00e1ly Molly online<\/p>\n","protected":false},"featured_media":1637,"comment_status":"open","ping_status":"closed","template":"","meta":{"inline_featured_image":false},"product_brand":[],"product_cat":[343],"product_tag":[196,107,185,191,187,186,193,190,188,192,189,194,197,195],"class_list":{"0":"post-1627","1":"product","2":"type-product","3":"status-publish","4":"has-post-thumbnail","6":"product_cat-in","7":"product_tag-ako-objedna-ist-mdma-krytly","8":"product_tag-buy","9":"product_tag-buy-pure-mdma-crystals-online-buy-pure-mdma-crystals","10":"product_tag-buy-pure-mdma-crystals-online-near-me","11":"product_tag-buy-pure-mdma-crystals-online-usa","12":"product_tag-buy-pure-mdma-crystals-usa","13":"product_tag-ist-mdma-krytly-na-predaj-v-usa","14":"product_tag-ist-mdma-krytly-na-predaj-v-mojej-blzkosti","15":"product_tag-kde-na-kpi-ist-mdma-krytly","16":"product_tag-kde-k-kupit-ciste-mdma-krystaly-online","17":"product_tag-ist-mdma-krytly-na-predaj","18":"product_tag-stle-mete-zska-ist-krytly-mdma","19":"product_tag-is-pure-mdma-crystals-legal-in-canada","20":"product_tag-is-pure-mdma-crystals-legal-in-usa","21":"pa_grams-1-kg-1000-g","22":"pa_grams-100-g","23":"pa_grams-20-g","24":"pa_grams-200-g","25":"pa_grams-250-g","26":"pa_grams-35-g","27":"pa_grams-50-g","28":"pa_grams-500-g","30":"first","31":"instock","32":"featured","33":"shipping-taxable","34":"purchasable","35":"product-type-variable","36":"has-default-attributes"},"yoast_head":"<!-- This site is optimized with the Yoast SEO Premium plugin v20.6 (Yoast SEO v27.4) - https:\/\/yoast.com\/product\/yoast-seo-premium-wordpress\/ -->\n<title>K\u00fapi\u0165 \u010dist\u00e9 MDMA kry\u0161t\u00e1ly online | MDMA na predajGood Dealers Meds<\/title>\n<meta name=\"description\" content=\"K\u00fapte si \u010dist\u00e9 kry\u0161t\u00e1ly MDMA online. Pred\u00e1vame Pure MDMA s lacnej\u0161\u00edmi ponukami, ktor\u00e9 je mo\u017en\u00e9 zak\u00fapi\u0165 vo ve\u013ekom od Good Dealers Meds a zosta\u0165 v anonymite.\" \/>\n<meta name=\"robots\" content=\"index, follow, max-snippet:-1, max-image-preview:large, max-video-preview:-1\" \/>\n<link rel=\"canonical\" href=\"https:\/\/gooddealersmeds.com\/sk\/product\/kupit-ciste-mdma-krystaly-online\/\" \/>\n<meta property=\"og:locale\" content=\"en_US\" \/>\n<meta property=\"og:type\" content=\"article\" \/>\n<meta property=\"og:title\" content=\"K\u00fapte si \u010dist\u00e9 kry\u0161t\u00e1ly MDMA online\" \/>\n<meta property=\"og:description\" content=\"K\u00fapte si \u010dist\u00e9 kry\u0161t\u00e1ly MDMA online. Pred\u00e1vame Pure MDMA s lacnej\u0161\u00edmi ponukami, ktor\u00e9 je mo\u017en\u00e9 zak\u00fapi\u0165 vo ve\u013ekom od Good Dealers Meds a zosta\u0165 v anonymite.\" \/>\n<meta property=\"og:url\" content=\"https:\/\/gooddealersmeds.com\/sk\/product\/kupit-ciste-mdma-krystaly-online\/\" \/>\n<meta property=\"og:site_name\" content=\"Good Dealers Meds\" \/>\n<meta property=\"article:modified_time\" content=\"2022-10-03T22:07:23+00:00\" \/>\n<meta property=\"og:image\" content=\"https:\/\/gooddealersmeds.com\/sk\/wp-content\/uploads\/sites\/9\/2022\/03\/Buy-pure-MDMA-Crystals-online.jpg\" \/>\n\t<meta property=\"og:image:width\" content=\"600\" \/>\n\t<meta property=\"og:image:height\" content=\"600\" \/>\n\t<meta property=\"og:image:type\" content=\"image\/jpeg\" \/>\n<meta name=\"twitter:card\" content=\"summary_large_image\" \/>\n<meta name=\"twitter:label1\" content=\"Est. reading time\" \/>\n\t<meta name=\"twitter:data1\" content=\"2 minutes\" \/>\n<script type=\"application\/ld+json\" class=\"yoast-schema-graph\">{\"@context\":\"https:\\\/\\\/schema.org\",\"@graph\":[{\"@type\":\"WebPage\",\"@id\":\"https:\\\/\\\/gooddealersmeds.com\\\/sk\\\/product\\\/kupit-ciste-mdma-krystaly-online\\\/\",\"url\":\"https:\\\/\\\/gooddealersmeds.com\\\/sk\\\/product\\\/kupit-ciste-mdma-krystaly-online\\\/\",\"name\":\"K\u00fapi\u0165 \u010dist\u00e9 MDMA kry\u0161t\u00e1ly online | MDMA na predajGood Dealers Meds\",\"isPartOf\":{\"@id\":\"https:\\\/\\\/gooddealersmeds.com\\\/sk\\\/#website\"},\"primaryImageOfPage\":{\"@id\":\"https:\\\/\\\/gooddealersmeds.com\\\/sk\\\/product\\\/kupit-ciste-mdma-krystaly-online\\\/#primaryimage\"},\"image\":{\"@id\":\"https:\\\/\\\/gooddealersmeds.com\\\/sk\\\/product\\\/kupit-ciste-mdma-krystaly-online\\\/#primaryimage\"},\"thumbnailUrl\":\"https:\\\/\\\/gooddealersmeds.com\\\/sk\\\/wp-content\\\/uploads\\\/sites\\\/9\\\/2022\\\/03\\\/Buy-pure-MDMA-Crystals-online.jpg\",\"datePublished\":\"2022-03-19T00:28:52+00:00\",\"dateModified\":\"2022-10-03T22:07:23+00:00\",\"description\":\"K\u00fapte si \u010dist\u00e9 kry\u0161t\u00e1ly MDMA online. Pred\u00e1vame Pure MDMA s lacnej\u0161\u00edmi ponukami, ktor\u00e9 je mo\u017en\u00e9 zak\u00fapi\u0165 vo ve\u013ekom od Good Dealers Meds a zosta\u0165 v anonymite.\",\"breadcrumb\":{\"@id\":\"https:\\\/\\\/gooddealersmeds.com\\\/sk\\\/product\\\/kupit-ciste-mdma-krystaly-online\\\/#breadcrumb\"},\"inLanguage\":\"en-US\",\"potentialAction\":[{\"@type\":\"ReadAction\",\"target\":[\"https:\\\/\\\/gooddealersmeds.com\\\/sk\\\/product\\\/kupit-ciste-mdma-krystaly-online\\\/\"]}]},{\"@type\":\"ImageObject\",\"inLanguage\":\"en-US\",\"@id\":\"https:\\\/\\\/gooddealersmeds.com\\\/sk\\\/product\\\/kupit-ciste-mdma-krystaly-online\\\/#primaryimage\",\"url\":\"https:\\\/\\\/gooddealersmeds.com\\\/sk\\\/wp-content\\\/uploads\\\/sites\\\/9\\\/2022\\\/03\\\/Buy-pure-MDMA-Crystals-online.jpg\",\"contentUrl\":\"https:\\\/\\\/gooddealersmeds.com\\\/sk\\\/wp-content\\\/uploads\\\/sites\\\/9\\\/2022\\\/03\\\/Buy-pure-MDMA-Crystals-online.jpg\",\"width\":600,\"height\":600,\"caption\":\"Buy MDMA Powder Online\"},{\"@type\":\"BreadcrumbList\",\"@id\":\"https:\\\/\\\/gooddealersmeds.com\\\/sk\\\/product\\\/kupit-ciste-mdma-krystaly-online\\\/#breadcrumb\",\"itemListElement\":[{\"@type\":\"ListItem\",\"position\":1,\"name\":\"Home\",\"item\":\"https:\\\/\\\/gooddealersmeds.com\\\/sk\\\/\"},{\"@type\":\"ListItem\",\"position\":2,\"name\":\"Produkty\",\"item\":\"https:\\\/\\\/gooddealersmeds.com\\\/sk\\\/produkty\\\/\"},{\"@type\":\"ListItem\",\"position\":3,\"name\":\"K\u00fapte si \u010dist\u00e9 kry\u0161t\u00e1ly MDMA online\"}]},{\"@type\":\"WebSite\",\"@id\":\"https:\\\/\\\/gooddealersmeds.com\\\/sk\\\/#website\",\"url\":\"https:\\\/\\\/gooddealersmeds.com\\\/sk\\\/\",\"name\":\"Good Dealers Meds\",\"description\":\"All our best\",\"publisher\":{\"@id\":\"https:\\\/\\\/gooddealersmeds.com\\\/sk\\\/#organization\"},\"potentialAction\":[{\"@type\":\"SearchAction\",\"target\":{\"@type\":\"EntryPoint\",\"urlTemplate\":\"https:\\\/\\\/gooddealersmeds.com\\\/sk\\\/?s={search_term_string}\"},\"query-input\":{\"@type\":\"PropertyValueSpecification\",\"valueRequired\":true,\"valueName\":\"search_term_string\"}}],\"inLanguage\":\"en-US\"},{\"@type\":\"Organization\",\"@id\":\"https:\\\/\\\/gooddealersmeds.com\\\/sk\\\/#organization\",\"name\":\"Good Dealers Meds\",\"url\":\"https:\\\/\\\/gooddealersmeds.com\\\/sk\\\/\",\"logo\":{\"@type\":\"ImageObject\",\"inLanguage\":\"en-US\",\"@id\":\"https:\\\/\\\/gooddealersmeds.com\\\/sk\\\/#\\\/schema\\\/logo\\\/image\\\/\",\"url\":\"https:\\\/\\\/gooddealersmeds.com\\\/sk\\\/wp-content\\\/uploads\\\/sites\\\/9\\\/2022\\\/03\\\/gooddealersmeds__logo__20220317T222800Z.00.png\",\"contentUrl\":\"https:\\\/\\\/gooddealersmeds.com\\\/sk\\\/wp-content\\\/uploads\\\/sites\\\/9\\\/2022\\\/03\\\/gooddealersmeds__logo__20220317T222800Z.00.png\",\"width\":500,\"height\":325,\"caption\":\"Good Dealers Meds\"},\"image\":{\"@id\":\"https:\\\/\\\/gooddealersmeds.com\\\/sk\\\/#\\\/schema\\\/logo\\\/image\\\/\"}}]}<\/script>\n<!-- \/ Yoast SEO Premium plugin. -->","yoast_head_json":{"title":"K\u00fapi\u0165 \u010dist\u00e9 MDMA kry\u0161t\u00e1ly online | MDMA na predajGood Dealers Meds","description":"K\u00fapte si \u010dist\u00e9 kry\u0161t\u00e1ly MDMA online. Pred\u00e1vame Pure MDMA s lacnej\u0161\u00edmi ponukami, ktor\u00e9 je mo\u017en\u00e9 zak\u00fapi\u0165 vo ve\u013ekom od Good Dealers Meds a zosta\u0165 v anonymite.","robots":{"index":"index","follow":"follow","max-snippet":"max-snippet:-1","max-image-preview":"max-image-preview:large","max-video-preview":"max-video-preview:-1"},"canonical":"https:\/\/gooddealersmeds.com\/sk\/product\/kupit-ciste-mdma-krystaly-online\/","og_locale":"en_US","og_type":"article","og_title":"K\u00fapte si \u010dist\u00e9 kry\u0161t\u00e1ly MDMA online","og_description":"K\u00fapte si \u010dist\u00e9 kry\u0161t\u00e1ly MDMA online. Pred\u00e1vame Pure MDMA s lacnej\u0161\u00edmi ponukami, ktor\u00e9 je mo\u017en\u00e9 zak\u00fapi\u0165 vo ve\u013ekom od Good Dealers Meds a zosta\u0165 v anonymite.","og_url":"https:\/\/gooddealersmeds.com\/sk\/product\/kupit-ciste-mdma-krystaly-online\/","og_site_name":"Good Dealers Meds","article_modified_time":"2022-10-03T22:07:23+00:00","og_image":[{"width":600,"height":600,"url":"https:\/\/gooddealersmeds.com\/sk\/wp-content\/uploads\/sites\/9\/2022\/03\/Buy-pure-MDMA-Crystals-online.jpg","type":"image\/jpeg"}],"twitter_card":"summary_large_image","twitter_misc":{"Est. reading time":"2 minutes"},"schema":{"@context":"https:\/\/schema.org","@graph":[{"@type":"WebPage","@id":"https:\/\/gooddealersmeds.com\/sk\/product\/kupit-ciste-mdma-krystaly-online\/","url":"https:\/\/gooddealersmeds.com\/sk\/product\/kupit-ciste-mdma-krystaly-online\/","name":"K\u00fapi\u0165 \u010dist\u00e9 MDMA kry\u0161t\u00e1ly online | MDMA na predajGood Dealers Meds","isPartOf":{"@id":"https:\/\/gooddealersmeds.com\/sk\/#website"},"primaryImageOfPage":{"@id":"https:\/\/gooddealersmeds.com\/sk\/product\/kupit-ciste-mdma-krystaly-online\/#primaryimage"},"image":{"@id":"https:\/\/gooddealersmeds.com\/sk\/product\/kupit-ciste-mdma-krystaly-online\/#primaryimage"},"thumbnailUrl":"https:\/\/gooddealersmeds.com\/sk\/wp-content\/uploads\/sites\/9\/2022\/03\/Buy-pure-MDMA-Crystals-online.jpg","datePublished":"2022-03-19T00:28:52+00:00","dateModified":"2022-10-03T22:07:23+00:00","description":"K\u00fapte si \u010dist\u00e9 kry\u0161t\u00e1ly MDMA online. Pred\u00e1vame Pure MDMA s lacnej\u0161\u00edmi ponukami, ktor\u00e9 je mo\u017en\u00e9 zak\u00fapi\u0165 vo ve\u013ekom od Good Dealers Meds a zosta\u0165 v anonymite.","breadcrumb":{"@id":"https:\/\/gooddealersmeds.com\/sk\/product\/kupit-ciste-mdma-krystaly-online\/#breadcrumb"},"inLanguage":"en-US","potentialAction":[{"@type":"ReadAction","target":["https:\/\/gooddealersmeds.com\/sk\/product\/kupit-ciste-mdma-krystaly-online\/"]}]},{"@type":"ImageObject","inLanguage":"en-US","@id":"https:\/\/gooddealersmeds.com\/sk\/product\/kupit-ciste-mdma-krystaly-online\/#primaryimage","url":"https:\/\/gooddealersmeds.com\/sk\/wp-content\/uploads\/sites\/9\/2022\/03\/Buy-pure-MDMA-Crystals-online.jpg","contentUrl":"https:\/\/gooddealersmeds.com\/sk\/wp-content\/uploads\/sites\/9\/2022\/03\/Buy-pure-MDMA-Crystals-online.jpg","width":600,"height":600,"caption":"Buy MDMA Powder Online"},{"@type":"BreadcrumbList","@id":"https:\/\/gooddealersmeds.com\/sk\/product\/kupit-ciste-mdma-krystaly-online\/#breadcrumb","itemListElement":[{"@type":"ListItem","position":1,"name":"Home","item":"https:\/\/gooddealersmeds.com\/sk\/"},{"@type":"ListItem","position":2,"name":"Produkty","item":"https:\/\/gooddealersmeds.com\/sk\/produkty\/"},{"@type":"ListItem","position":3,"name":"K\u00fapte si \u010dist\u00e9 kry\u0161t\u00e1ly MDMA online"}]},{"@type":"WebSite","@id":"https:\/\/gooddealersmeds.com\/sk\/#website","url":"https:\/\/gooddealersmeds.com\/sk\/","name":"Good Dealers Meds","description":"All our best","publisher":{"@id":"https:\/\/gooddealersmeds.com\/sk\/#organization"},"potentialAction":[{"@type":"SearchAction","target":{"@type":"EntryPoint","urlTemplate":"https:\/\/gooddealersmeds.com\/sk\/?s={search_term_string}"},"query-input":{"@type":"PropertyValueSpecification","valueRequired":true,"valueName":"search_term_string"}}],"inLanguage":"en-US"},{"@type":"Organization","@id":"https:\/\/gooddealersmeds.com\/sk\/#organization","name":"Good Dealers Meds","url":"https:\/\/gooddealersmeds.com\/sk\/","logo":{"@type":"ImageObject","inLanguage":"en-US","@id":"https:\/\/gooddealersmeds.com\/sk\/#\/schema\/logo\/image\/","url":"https:\/\/gooddealersmeds.com\/sk\/wp-content\/uploads\/sites\/9\/2022\/03\/gooddealersmeds__logo__20220317T222800Z.00.png","contentUrl":"https:\/\/gooddealersmeds.com\/sk\/wp-content\/uploads\/sites\/9\/2022\/03\/gooddealersmeds__logo__20220317T222800Z.00.png","width":500,"height":325,"caption":"Good Dealers Meds"},"image":{"@id":"https:\/\/gooddealersmeds.com\/sk\/#\/schema\/logo\/image\/"}}]}},"_links":{"self":[{"href":"https:\/\/gooddealersmeds.com\/sk\/wp-json\/wp\/v2\/product\/1627","targetHints":{"allow":["GET"]}}],"collection":[{"href":"https:\/\/gooddealersmeds.com\/sk\/wp-json\/wp\/v2\/product"}],"about":[{"href":"https:\/\/gooddealersmeds.com\/sk\/wp-json\/wp\/v2\/types\/product"}],"replies":[{"embeddable":true,"href":"https:\/\/gooddealersmeds.com\/sk\/wp-json\/wp\/v2\/comments?post=1627"}],"wp:featuredmedia":[{"embeddable":true,"href":"https:\/\/gooddealersmeds.com\/sk\/wp-json\/wp\/v2\/media\/1637"}],"wp:attachment":[{"href":"https:\/\/gooddealersmeds.com\/sk\/wp-json\/wp\/v2\/media?parent=1627"}],"wp:term":[{"taxonomy":"product_brand","embeddable":true,"href":"https:\/\/gooddealersmeds.com\/sk\/wp-json\/wp\/v2\/product_brand?post=1627"},{"taxonomy":"product_cat","embeddable":true,"href":"https:\/\/gooddealersmeds.com\/sk\/wp-json\/wp\/v2\/product_cat?post=1627"},{"taxonomy":"product_tag","embeddable":true,"href":"https:\/\/gooddealersmeds.com\/sk\/wp-json\/wp\/v2\/product_tag?post=1627"}],"curies":[{"name":"wp","href":"https:\/\/api.w.org\/{rel}","templated":true}]}}