{"id":1615,"date":"2022-03-19T00:11:34","date_gmt":"2022-03-19T00:11:34","guid":{"rendered":"https:\/\/gooddealersmeds.com\/sk\/?post_type=product&#038;p=1615"},"modified":"2022-10-03T22:07:30","modified_gmt":"2022-10-03T22:07:30","slug":"kupit-krystal-metamfetamin-online","status":"publish","type":"product","link":"https:\/\/gooddealersmeds.com\/sk\/product\/kupit-krystal-metamfetamin-online\/","title":{"rendered":"K\u00fapte si Crystal Meth (metamfetam\u00edn) online"},"content":{"rendered":"<p>\u013dad (kry\u0161talick\u00fd metamfetam\u00edn) je metamfetam\u00edn, ktor\u00fd patr\u00ed do skupiny amfetam\u00ednov\u00fdch drog. Je to siln\u00fd, vysoko n\u00e1vykov\u00fd stimulant, ktor\u00fd ovplyv\u0148uje centr\u00e1lny nervov\u00fd syst\u00e9m. K\u00fapi\u0165 Crystal M\u0435th Online je zle obchodovan\u00e9 a pred\u00e1van\u00e9 v\u010faka ich potenci\u00e1lu na rekrea\u010dn\u00e9 pou\u017eitie.<\/p>\n<p>Metamfetam\u00edn je \u010dlenom rodiny fenetylam\u00ednov, ktor\u00e1 zah\u0155\u0148a cel\u00fd rad l\u00e1tok, l\u00e1tok, ktor\u00e9 m\u00f4\u017eu by\u0165 stimulanty. Kry\u0161talick\u00fd metamfetam\u00edn je stimulant CNS, ktor\u00fd sp\u00f4sobuje hypertenziu a tachykardiu s pocitmi zv\u00fd\u0161enej sebad\u00f4very, spolo\u010denskosti a energie. Metamfetam\u00edn m\u00e1 pr\u00edle\u017eitostn\u00e9 terapeutick\u00e9 vyu\u017eitie pri lie\u010dbe narkolepsie a poruchy pozornosti s hyperaktivitou (ADHD).<\/p>\n<p>Tie\u017e zn\u00e1my ako pervit\u00edn, krieda, \u013ead a kry\u0161t\u00e1l, okrem mnoh\u00fdch in\u00fdch v\u00fdrazov m\u00e1 formu bieleho , kry\u0161talick\u00fd pr\u00e1\u0161ok bez z\u00e1pachu, horkej chuti, ktor\u00fd sa \u013eahko rozp\u00fa\u0161\u0165a vo vode alebo alkohole. bola vyvinut\u00e1 za\u010diatkom 20. storo\u010dia zo svojej p\u00f4vodnej chemik\u00e1lie, amfetam\u00ednu, a p\u00f4vodne sa pou\u017e\u00edvala v nosov\u00fdch dekongest\u00edvach a bronchi\u00e1lnych inhal\u00e1toroch.<\/p>\n<p>T\u00e1to relat\u00edvne be\u017en\u00e1 droga zostala popul\u00e1rna medzi rekrea\u010dn\u00fdmi u\u017e\u00edvate\u013emi drog, preto\u017ee \u00fa\u010dinkuje r\u00fdchlo a vytv\u00e1ra intenz\u00edvny euforick\u00fd pocit. Ke\u010f\u017ee sa \u013eahko vyr\u00e1ba v dom\u00e1cich laborat\u00f3ri\u00e1ch, existuje st\u00e1ly a \u013eahko dostupn\u00fd pr\u00fad produktu pre t\u00fdch, ktor\u00ed sa stan\u00fa z\u00e1visl\u00fdmi.<\/p>\n<p>Rovnako ako amfetam\u00edn sp\u00f4sobuje pervit\u00edn zv\u00fd\u0161en\u00fa aktivitu a zhovor\u010divos\u0165, zn\u00ed\u017een\u00fa chu\u0165 do jedla a pr\u00edjemn\u00fd pocit pohodu alebo euf\u00f3riu. Kry\u0161talick\u00fd pervit\u00edn sa v\u0161ak od amfetam\u00ednu l\u00ed\u0161i t\u00fdm, \u017ee pri porovnate\u013en\u00fdch d\u00e1vkach sa do mozgu dostane ove\u013ea v\u00e4\u010d\u0161ie mno\u017estvo l\u00e1tky, \u010do z neho rob\u00ed \u00fa\u010dinnej\u0161\u00ed stimulant. M\u00e1 tie\u017e dlh\u0161ie trvaj\u00face a z\u00e1va\u017enej\u0161ie \u00fa\u010dinky na centr\u00e1lny nervov\u00fd syst\u00e9m. Tieto vlastnosti z neho robia liek s v\u00fdznamn\u00fdm potenci\u00e1lom pre roz\u0161\u00edren\u00e9 zneu\u017e\u00edvanie.<\/p>\n<p>Kry\u0161t\u00e1lov\u00fd pervit\u00edn mo\u017eno faj\u010di\u0165, \u0161nupa\u0165, preh\u013ata\u0165 alebo injek\u010dne pod\u00e1va\u0165. \u010casto sa pou\u017e\u00edva na ve\u010dierkoch, preto\u017ee zvy\u0161uje bdelos\u0165 a umo\u017e\u0148uje v\u00e1m zosta\u0165 v strehu dlh\u0161ie, ne\u017e je obvykl\u00e9.<\/p>\n<p>Siln\u00fd zhon, ktor\u00fd \u013eudia u\u017e\u00edvaj\u00fa pervit\u00edn, sp\u00f4sobuje, \u017ee mnoh\u00ed sa hne\u010f od za\u010diatku chytia. Ke\u010f sa pou\u017e\u00edva, chemik\u00e1lia naz\u00fdvan\u00e1 dopam\u00edn zaplavuje \u010dasti mozgu, ktor\u00e9 reguluj\u00fa pocity pote\u0161enia. Pou\u017e\u00edvatelia sa tie\u017e c\u00edtia sebavedom\u00ed a energick\u00ed.<\/p>\n<p>Krystalov\u00fd Meth si m\u00f4\u017eete objedna\u0165 online v na\u0161om <a href=\"https:\/\/gooddealersmeds.com\/sk\/products\/\">obchode<\/a> s bezpe\u010dnou dopravou. nad Eur\u00f3pou.<\/p>\n","protected":false},"excerpt":{"rendered":"<p>Najlep\u0161\u00ed obchod na objednanie skla. <strong>kry\u0161talick\u00fd metamfetam\u00edn<\/strong> si teraz m\u00f4\u017eete k\u00fapi\u0165 online a doru\u010di\u0165 v\u00e1m ho nasleduj\u00faci de\u0148. Najnov\u0161ia alebo najnov\u0161ia forma kry\u0161talick\u00e9ho metamfetam\u00ednu je takmer 100 percent \u010dist\u00e1. Je bez z\u00e1pachu a m\u00f4\u017ee sa faj\u010di\u0165 v sklenen\u00fdch fajk\u00e1ch.<\/p>\n<p>Dod\u00e1vame produkty vysokej \u010distoty s ve\u013emi dobr\u00fdm a diskr\u00e9tnym prepravn\u00fdm syst\u00e9mom. S 12-ro\u010dn\u00fdmi sk\u00fasenos\u0165ami s dod\u00e1vkou v\u00fdskumn\u00fdch chemik\u00e1li\u00ed; zameriavame sa na bezpe\u010dnos\u0165.<\/p>\n<p>Sme spo\u013eahliv\u00ed, d\u00f4veryhodn\u00ed, r\u00fdchle dodanie a vysoko kvalitn\u00e9 produkty len za prijate\u013en\u00fa cenu.<\/p>\n","protected":false},"featured_media":1626,"comment_status":"open","ping_status":"closed","template":"","meta":{"inline_featured_image":false},"product_brand":[],"product_cat":[343],"product_tag":[180,107,166,167,164,165,168,172,183,173,171,177,182,170,174,179,178,176,169,175,108,181,184],"class_list":{"0":"post-1615","1":"product","2":"type-product","3":"status-publish","4":"has-post-thumbnail","6":"product_cat-in","7":"product_tag-bezpen","8":"product_tag-buy","9":"product_tag-buy-meth-crystal","10":"product_tag-buy-meth-crystal-methamphetamine-online","11":"product_tag-buy-meth-crystal-methamphetamine-online-cheaply","12":"product_tag-buy-meth-crystal-online","13":"product_tag-buy-methamphetamine","14":"product_tag-buy-research-chemicals-online-buy-crystal-meth","15":"product_tag-crystal","16":"product_tag-kde-kpi-krytl-meth","17":"product_tag-kde-kpi-metamfetamn","18":"product_tag-nkup-krytl-metamfetamn","19":"product_tag-metamfetamn","20":"product_tag-metamfetamn-na-predaj","21":"product_tag-metamfetamn-na-predaj-online","22":"product_tag-nkup","23":"product_tag-objednvka-krytl-metamfetamn","24":"product_tag-objedna-krytl-meth-online","25":"product_tag-objedna-metamfetamn-online","26":"product_tag-objednvka-met","27":"product_tag-online","28":"product_tag-pervitn","29":"product_tag-prok","30":"pa_grams-1-kg-1000-g","31":"pa_grams-100-g","32":"pa_grams-20-g","33":"pa_grams-200-g","34":"pa_grams-250-g","35":"pa_grams-35-g","36":"pa_grams-50-g","37":"pa_grams-500-g","39":"first","40":"instock","41":"featured","42":"shipping-taxable","43":"purchasable","44":"product-type-variable","45":"has-default-attributes"},"yoast_head":"<!-- This site is optimized with the Yoast SEO Premium plugin v20.6 (Yoast SEO v27.4) - https:\/\/yoast.com\/product\/yoast-seo-premium-wordpress\/ -->\n<title>K\u00fapi\u0165 Crystal Meth Online (metamfetam\u00edn) | Dobr\u00ed predajcovia liekov<\/title>\n<meta name=\"description\" content=\"K\u00fapte si Crystal Meth Metamfetam\u00edn online od Good Dealers Meds. Dod\u00e1vame bezpe\u010dn\u00e9 a zabezpe\u010den\u00e9 z\u00e1sielky do USA, Kanady a sveta.\" \/>\n<meta name=\"robots\" content=\"index, follow, max-snippet:-1, max-image-preview:large, max-video-preview:-1\" \/>\n<link rel=\"canonical\" href=\"https:\/\/gooddealersmeds.com\/sk\/product\/kupit-krystal-metamfetamin-online\/\" \/>\n<meta property=\"og:locale\" content=\"en_US\" \/>\n<meta property=\"og:type\" content=\"article\" \/>\n<meta property=\"og:title\" content=\"K\u00fapte si Crystal Meth (metamfetam\u00edn) online\" \/>\n<meta property=\"og:description\" content=\"K\u00fapte si Crystal Meth Metamfetam\u00edn online od Good Dealers Meds. Dod\u00e1vame bezpe\u010dn\u00e9 a zabezpe\u010den\u00e9 z\u00e1sielky do USA, Kanady a sveta.\" \/>\n<meta property=\"og:url\" content=\"https:\/\/gooddealersmeds.com\/sk\/product\/kupit-krystal-metamfetamin-online\/\" \/>\n<meta property=\"og:site_name\" content=\"Good Dealers Meds\" \/>\n<meta property=\"article:modified_time\" content=\"2022-10-03T22:07:30+00:00\" \/>\n<meta property=\"og:image\" content=\"https:\/\/gooddealersmeds.com\/sk\/wp-content\/uploads\/sites\/9\/2022\/03\/Buy-Crystal-Meth-Online.jpg\" \/>\n\t<meta property=\"og:image:width\" content=\"600\" \/>\n\t<meta property=\"og:image:height\" content=\"600\" \/>\n\t<meta property=\"og:image:type\" content=\"image\/jpeg\" \/>\n<meta name=\"twitter:card\" content=\"summary_large_image\" \/>\n<meta name=\"twitter:label1\" content=\"Est. reading time\" \/>\n\t<meta name=\"twitter:data1\" content=\"2 minutes\" \/>\n<script type=\"application\/ld+json\" class=\"yoast-schema-graph\">{\"@context\":\"https:\\\/\\\/schema.org\",\"@graph\":[{\"@type\":\"WebPage\",\"@id\":\"https:\\\/\\\/gooddealersmeds.com\\\/sk\\\/product\\\/kupit-krystal-metamfetamin-online\\\/\",\"url\":\"https:\\\/\\\/gooddealersmeds.com\\\/sk\\\/product\\\/kupit-krystal-metamfetamin-online\\\/\",\"name\":\"K\u00fapi\u0165 Crystal Meth Online (metamfetam\u00edn) | Dobr\u00ed predajcovia liekov\",\"isPartOf\":{\"@id\":\"https:\\\/\\\/gooddealersmeds.com\\\/sk\\\/#website\"},\"primaryImageOfPage\":{\"@id\":\"https:\\\/\\\/gooddealersmeds.com\\\/sk\\\/product\\\/kupit-krystal-metamfetamin-online\\\/#primaryimage\"},\"image\":{\"@id\":\"https:\\\/\\\/gooddealersmeds.com\\\/sk\\\/product\\\/kupit-krystal-metamfetamin-online\\\/#primaryimage\"},\"thumbnailUrl\":\"https:\\\/\\\/gooddealersmeds.com\\\/sk\\\/wp-content\\\/uploads\\\/sites\\\/9\\\/2022\\\/03\\\/Buy-Crystal-Meth-Online.jpg\",\"datePublished\":\"2022-03-19T00:11:34+00:00\",\"dateModified\":\"2022-10-03T22:07:30+00:00\",\"description\":\"K\u00fapte si Crystal Meth Metamfetam\u00edn online od Good Dealers Meds. Dod\u00e1vame bezpe\u010dn\u00e9 a zabezpe\u010den\u00e9 z\u00e1sielky do USA, Kanady a sveta.\",\"breadcrumb\":{\"@id\":\"https:\\\/\\\/gooddealersmeds.com\\\/sk\\\/product\\\/kupit-krystal-metamfetamin-online\\\/#breadcrumb\"},\"inLanguage\":\"en-US\",\"potentialAction\":[{\"@type\":\"ReadAction\",\"target\":[\"https:\\\/\\\/gooddealersmeds.com\\\/sk\\\/product\\\/kupit-krystal-metamfetamin-online\\\/\"]}]},{\"@type\":\"ImageObject\",\"inLanguage\":\"en-US\",\"@id\":\"https:\\\/\\\/gooddealersmeds.com\\\/sk\\\/product\\\/kupit-krystal-metamfetamin-online\\\/#primaryimage\",\"url\":\"https:\\\/\\\/gooddealersmeds.com\\\/sk\\\/wp-content\\\/uploads\\\/sites\\\/9\\\/2022\\\/03\\\/Buy-Crystal-Meth-Online.jpg\",\"contentUrl\":\"https:\\\/\\\/gooddealersmeds.com\\\/sk\\\/wp-content\\\/uploads\\\/sites\\\/9\\\/2022\\\/03\\\/Buy-Crystal-Meth-Online.jpg\",\"width\":600,\"height\":600,\"caption\":\"Buy Crystal Meth Online\"},{\"@type\":\"BreadcrumbList\",\"@id\":\"https:\\\/\\\/gooddealersmeds.com\\\/sk\\\/product\\\/kupit-krystal-metamfetamin-online\\\/#breadcrumb\",\"itemListElement\":[{\"@type\":\"ListItem\",\"position\":1,\"name\":\"Home\",\"item\":\"https:\\\/\\\/gooddealersmeds.com\\\/sk\\\/\"},{\"@type\":\"ListItem\",\"position\":2,\"name\":\"Produkty\",\"item\":\"https:\\\/\\\/gooddealersmeds.com\\\/sk\\\/produkty\\\/\"},{\"@type\":\"ListItem\",\"position\":3,\"name\":\"K\u00fapte si Crystal Meth (metamfetam\u00edn) online\"}]},{\"@type\":\"WebSite\",\"@id\":\"https:\\\/\\\/gooddealersmeds.com\\\/sk\\\/#website\",\"url\":\"https:\\\/\\\/gooddealersmeds.com\\\/sk\\\/\",\"name\":\"Good Dealers Meds\",\"description\":\"All our best\",\"publisher\":{\"@id\":\"https:\\\/\\\/gooddealersmeds.com\\\/sk\\\/#organization\"},\"potentialAction\":[{\"@type\":\"SearchAction\",\"target\":{\"@type\":\"EntryPoint\",\"urlTemplate\":\"https:\\\/\\\/gooddealersmeds.com\\\/sk\\\/?s={search_term_string}\"},\"query-input\":{\"@type\":\"PropertyValueSpecification\",\"valueRequired\":true,\"valueName\":\"search_term_string\"}}],\"inLanguage\":\"en-US\"},{\"@type\":\"Organization\",\"@id\":\"https:\\\/\\\/gooddealersmeds.com\\\/sk\\\/#organization\",\"name\":\"Good Dealers Meds\",\"url\":\"https:\\\/\\\/gooddealersmeds.com\\\/sk\\\/\",\"logo\":{\"@type\":\"ImageObject\",\"inLanguage\":\"en-US\",\"@id\":\"https:\\\/\\\/gooddealersmeds.com\\\/sk\\\/#\\\/schema\\\/logo\\\/image\\\/\",\"url\":\"https:\\\/\\\/gooddealersmeds.com\\\/sk\\\/wp-content\\\/uploads\\\/sites\\\/9\\\/2022\\\/03\\\/gooddealersmeds__logo__20220317T222800Z.00.png\",\"contentUrl\":\"https:\\\/\\\/gooddealersmeds.com\\\/sk\\\/wp-content\\\/uploads\\\/sites\\\/9\\\/2022\\\/03\\\/gooddealersmeds__logo__20220317T222800Z.00.png\",\"width\":500,\"height\":325,\"caption\":\"Good Dealers Meds\"},\"image\":{\"@id\":\"https:\\\/\\\/gooddealersmeds.com\\\/sk\\\/#\\\/schema\\\/logo\\\/image\\\/\"}}]}<\/script>\n<!-- \/ Yoast SEO Premium plugin. -->","yoast_head_json":{"title":"K\u00fapi\u0165 Crystal Meth Online (metamfetam\u00edn) | Dobr\u00ed predajcovia liekov","description":"K\u00fapte si Crystal Meth Metamfetam\u00edn online od Good Dealers Meds. Dod\u00e1vame bezpe\u010dn\u00e9 a zabezpe\u010den\u00e9 z\u00e1sielky do USA, Kanady a sveta.","robots":{"index":"index","follow":"follow","max-snippet":"max-snippet:-1","max-image-preview":"max-image-preview:large","max-video-preview":"max-video-preview:-1"},"canonical":"https:\/\/gooddealersmeds.com\/sk\/product\/kupit-krystal-metamfetamin-online\/","og_locale":"en_US","og_type":"article","og_title":"K\u00fapte si Crystal Meth (metamfetam\u00edn) online","og_description":"K\u00fapte si Crystal Meth Metamfetam\u00edn online od Good Dealers Meds. Dod\u00e1vame bezpe\u010dn\u00e9 a zabezpe\u010den\u00e9 z\u00e1sielky do USA, Kanady a sveta.","og_url":"https:\/\/gooddealersmeds.com\/sk\/product\/kupit-krystal-metamfetamin-online\/","og_site_name":"Good Dealers Meds","article_modified_time":"2022-10-03T22:07:30+00:00","og_image":[{"width":600,"height":600,"url":"https:\/\/gooddealersmeds.com\/sk\/wp-content\/uploads\/sites\/9\/2022\/03\/Buy-Crystal-Meth-Online.jpg","type":"image\/jpeg"}],"twitter_card":"summary_large_image","twitter_misc":{"Est. reading time":"2 minutes"},"schema":{"@context":"https:\/\/schema.org","@graph":[{"@type":"WebPage","@id":"https:\/\/gooddealersmeds.com\/sk\/product\/kupit-krystal-metamfetamin-online\/","url":"https:\/\/gooddealersmeds.com\/sk\/product\/kupit-krystal-metamfetamin-online\/","name":"K\u00fapi\u0165 Crystal Meth Online (metamfetam\u00edn) | Dobr\u00ed predajcovia liekov","isPartOf":{"@id":"https:\/\/gooddealersmeds.com\/sk\/#website"},"primaryImageOfPage":{"@id":"https:\/\/gooddealersmeds.com\/sk\/product\/kupit-krystal-metamfetamin-online\/#primaryimage"},"image":{"@id":"https:\/\/gooddealersmeds.com\/sk\/product\/kupit-krystal-metamfetamin-online\/#primaryimage"},"thumbnailUrl":"https:\/\/gooddealersmeds.com\/sk\/wp-content\/uploads\/sites\/9\/2022\/03\/Buy-Crystal-Meth-Online.jpg","datePublished":"2022-03-19T00:11:34+00:00","dateModified":"2022-10-03T22:07:30+00:00","description":"K\u00fapte si Crystal Meth Metamfetam\u00edn online od Good Dealers Meds. Dod\u00e1vame bezpe\u010dn\u00e9 a zabezpe\u010den\u00e9 z\u00e1sielky do USA, Kanady a sveta.","breadcrumb":{"@id":"https:\/\/gooddealersmeds.com\/sk\/product\/kupit-krystal-metamfetamin-online\/#breadcrumb"},"inLanguage":"en-US","potentialAction":[{"@type":"ReadAction","target":["https:\/\/gooddealersmeds.com\/sk\/product\/kupit-krystal-metamfetamin-online\/"]}]},{"@type":"ImageObject","inLanguage":"en-US","@id":"https:\/\/gooddealersmeds.com\/sk\/product\/kupit-krystal-metamfetamin-online\/#primaryimage","url":"https:\/\/gooddealersmeds.com\/sk\/wp-content\/uploads\/sites\/9\/2022\/03\/Buy-Crystal-Meth-Online.jpg","contentUrl":"https:\/\/gooddealersmeds.com\/sk\/wp-content\/uploads\/sites\/9\/2022\/03\/Buy-Crystal-Meth-Online.jpg","width":600,"height":600,"caption":"Buy Crystal Meth Online"},{"@type":"BreadcrumbList","@id":"https:\/\/gooddealersmeds.com\/sk\/product\/kupit-krystal-metamfetamin-online\/#breadcrumb","itemListElement":[{"@type":"ListItem","position":1,"name":"Home","item":"https:\/\/gooddealersmeds.com\/sk\/"},{"@type":"ListItem","position":2,"name":"Produkty","item":"https:\/\/gooddealersmeds.com\/sk\/produkty\/"},{"@type":"ListItem","position":3,"name":"K\u00fapte si Crystal Meth (metamfetam\u00edn) online"}]},{"@type":"WebSite","@id":"https:\/\/gooddealersmeds.com\/sk\/#website","url":"https:\/\/gooddealersmeds.com\/sk\/","name":"Good Dealers Meds","description":"All our best","publisher":{"@id":"https:\/\/gooddealersmeds.com\/sk\/#organization"},"potentialAction":[{"@type":"SearchAction","target":{"@type":"EntryPoint","urlTemplate":"https:\/\/gooddealersmeds.com\/sk\/?s={search_term_string}"},"query-input":{"@type":"PropertyValueSpecification","valueRequired":true,"valueName":"search_term_string"}}],"inLanguage":"en-US"},{"@type":"Organization","@id":"https:\/\/gooddealersmeds.com\/sk\/#organization","name":"Good Dealers Meds","url":"https:\/\/gooddealersmeds.com\/sk\/","logo":{"@type":"ImageObject","inLanguage":"en-US","@id":"https:\/\/gooddealersmeds.com\/sk\/#\/schema\/logo\/image\/","url":"https:\/\/gooddealersmeds.com\/sk\/wp-content\/uploads\/sites\/9\/2022\/03\/gooddealersmeds__logo__20220317T222800Z.00.png","contentUrl":"https:\/\/gooddealersmeds.com\/sk\/wp-content\/uploads\/sites\/9\/2022\/03\/gooddealersmeds__logo__20220317T222800Z.00.png","width":500,"height":325,"caption":"Good Dealers Meds"},"image":{"@id":"https:\/\/gooddealersmeds.com\/sk\/#\/schema\/logo\/image\/"}}]}},"_links":{"self":[{"href":"https:\/\/gooddealersmeds.com\/sk\/wp-json\/wp\/v2\/product\/1615","targetHints":{"allow":["GET"]}}],"collection":[{"href":"https:\/\/gooddealersmeds.com\/sk\/wp-json\/wp\/v2\/product"}],"about":[{"href":"https:\/\/gooddealersmeds.com\/sk\/wp-json\/wp\/v2\/types\/product"}],"replies":[{"embeddable":true,"href":"https:\/\/gooddealersmeds.com\/sk\/wp-json\/wp\/v2\/comments?post=1615"}],"wp:featuredmedia":[{"embeddable":true,"href":"https:\/\/gooddealersmeds.com\/sk\/wp-json\/wp\/v2\/media\/1626"}],"wp:attachment":[{"href":"https:\/\/gooddealersmeds.com\/sk\/wp-json\/wp\/v2\/media?parent=1615"}],"wp:term":[{"taxonomy":"product_brand","embeddable":true,"href":"https:\/\/gooddealersmeds.com\/sk\/wp-json\/wp\/v2\/product_brand?post=1615"},{"taxonomy":"product_cat","embeddable":true,"href":"https:\/\/gooddealersmeds.com\/sk\/wp-json\/wp\/v2\/product_cat?post=1615"},{"taxonomy":"product_tag","embeddable":true,"href":"https:\/\/gooddealersmeds.com\/sk\/wp-json\/wp\/v2\/product_tag?post=1615"}],"curies":[{"name":"wp","href":"https:\/\/api.w.org\/{rel}","templated":true}]}}