{"id":1605,"date":"2022-03-19T00:01:04","date_gmt":"2022-03-19T00:01:04","guid":{"rendered":"https:\/\/gooddealersmeds.com\/sk\/?post_type=product&#038;p=1605"},"modified":"2022-10-03T22:07:37","modified_gmt":"2022-10-03T22:07:37","slug":"kupit-4mmc-mefedron-online","status":"publish","type":"product","link":"https:\/\/gooddealersmeds.com\/sk\/product\/kupit-4mmc-mefedron-online\/","title":{"rendered":"K\u00fapte si 4MMC ( mefedron ) online"},"content":{"rendered":"<p>K\u00fapte si mefedron online na na\u0161ej webovej str\u00e1nke na lek\u00e1rsky predpis alebo bez neho. Pon\u00fakame vysokokvalitn\u00e9 v\u00fdskumn\u00e9 chemik\u00e1lie. Na\u0161e chemik\u00e1lie maj\u00fa \u010distotu 99,5 % a boli \u0161tandardizovan\u00e9 pre v\u00fdskum aj osobn\u00e9 pou\u017eitie. Pred\u00e1vame za ve\u013emi n\u00edzke ceny a poskytujeme mno\u017estevn\u00e9 z\u013eavy. Ke\u010f\u017ee m\u00e1me priamy pr\u00edstup do v\u00fdrobn\u00e9ho zariadenia, na\u0161e v\u00fdskumn\u00e9 chemick\u00e9 produkty s\u00fa cenovo ve\u013emi konkurencieschopn\u00e9.<\/p>\n<p>Mefedr\u00f3n <a href=\"https:\/\/gooddealersmeds.com\/sk\/product\/buy-4mmc-mephedrone- online\/\">4MMC na predaj<\/a> online. Naz\u00fdva sa tie\u017e 4-metylmetkatin\u00f3n (4-MMC) alebo 4-metylefedr\u00f3n a nemal by sa zamie\u0148a\u0165<br \/> s metad\u00f3nom, \u010do je \u00faplne in\u00e1 l\u00e1tka. Je to chir\u00e1lna chemik\u00e1lia a obe jej molekuly maj\u00fa podobn\u00fa \u00fa\u010dinnos\u0165 ako substr\u00e1ty transport\u00e9ra dopam\u00ednu. R-mefedr\u00f3n je v\u00fdrazne slab\u0161\u00ed substr\u00e1t ako S-mefedr\u00f3n. Mefedr\u00f3n je mo\u017en\u00e9 zak\u00fapi\u0165 online.<\/p>\n<p>Mefedr\u00f3n (4-MMC) je \u0161iroko pou\u017e\u00edvan\u00fd v spojen\u00ed s alkoholom. \u0160t\u00fadia na my\u0161iach sa zamerala na interakciu t\u00fdchto dvoch liekov a zamerala sa na psychostimula\u010dn\u00e9 a odme\u0148ovacie vlastnosti 4-MMC. Uk\u00e1zalo sa, \u017ee n\u00edzke d\u00e1vky lik\u00e9ru (bez energie) z\u00e1sadne zlep\u0161ili psychostimula\u010dn\u00e9 \u00fa\u010dinky 4-MMC. Tento \u00fa\u010dinok bol zmiernen\u00fd zv\u00fd\u0161en\u00edm synaptick\u00e9ho dopam\u00ednu, preto\u017ee haloperidol, ale nie ketanser\u00edn, mal schopnos\u0165 zabr\u00e1ni\u0165 potenci\u00e1cii lik\u00e9rom. Men\u0161ia, nekompenza\u010dn\u00e1 \u010das\u0165 l\u00fahu bola tie\u017e pridan\u00e1 k odme\u0148ovac\u00edm vlastnostiam 4-MMC.<\/p>\n<p>Mefedr\u00f3n, podobne ako in\u00e9 fenyletylam\u00edny, funguje ako dopam\u00ednov\u00fd (DA) a seroton\u00ednov\u00fd (5-HT) transportn\u00fd substr\u00e1t, ktor\u00fd preru\u0161uje vezikul\u00e1rne ukladanie a v\u00fdrazn\u00e9 zv\u00fd\u0161enie hlad\u00edn dopam\u00ednu a seroton\u00ednu, \u010do vedie k siln\u00fdm psychostimula\u010dn\u00fdm, enaktog\u00e9nnym a halucinog\u00e9nnym \u00fa\u010dinkom.<\/p>\n<p>Pou\u017e\u00edvatelia mefedr\u00f3nu tvrdia, \u017ee poskytuje pocit stimul\u00e1cie a \u017ee posil\u0148uje nasleduj\u00face funkcie:<\/p>\n<p> p&gt; <\/p>\n<ul>\n<li>Bdelos\u0165<\/li>\n<li>Nepokoj<\/li>\n<li>Euf\u00f3ria<\/li>\n<li>Vzru\u0161enie<\/li>\n<li>T\u00fa\u017eba hovori\u0165<\/li>\n<li>Otvorenos\u0165<\/li>\n<li>T\u00fa\u017eba po sexe<\/li>\n<\/ul>\n<p>Objedna\u0165 si mefedron (4-MMC) online je v\u017edy dobr\u00e9 rozhodnutie, preto\u017ee v\u00e1m pom\u00f4\u017ee u\u0161etri\u0165 peniaze aj \u010das. A jedin\u00fd spo\u013eahliv\u00fd sp\u00f4sob, ako si k\u00fapi\u0165 mefedron (4-MMC) online, je spoji\u0165 sa s online lek\u00e1r\u0148ou. M\u00f4\u017eete od nich o\u010dak\u00e1va\u0165 produkty najvy\u0161\u0161ej kvality a v\u010dasn\u00e9 dodanie a nec\u00edtite \u017eiadnu z\u00e1\u0165a\u017e.<\/p>\n<p>Mefedr\u00f3n si m\u00f4\u017eete jednoducho k\u00fapi\u0165 online na na\u0161om <a href=\"https:\/\/gooddealersmeds.com\/sk \/products\/\">webov\u00e9 str\u00e1nky<\/a> na lek\u00e1rsky predpis alebo bez neho.<\/p>\n<p>&nbsp;<\/p>\n","protected":false},"excerpt":{"rendered":"<p><strong>Sme tu, aby sme v\u00e1m pomohli so v\u0161etk\u00fdmi va\u0161imi potrebami a po\u017eiadavkami. Spojte sa jednoducho s na\u0161\u00edm internetov\u00fdm obchodom a nakupujte pohodlne. Va\u0161e po\u017eiadavky s\u00fa teraz vzdialen\u00e9 len jedno kliknutie. Spojte sa s nami okam\u017eite! (K\u00fapi\u0165 mefedron 4MMC)<\/strong><\/p>\n<p>Dod\u00e1vame produkty vysokej \u010distoty s ve\u013emi dobr\u00fdm a diskr\u00e9tnym prepravn\u00fdm syst\u00e9mom. S 12-ro\u010dn\u00fdmi sk\u00fasenos\u0165ami s dod\u00e1vkou v\u00fdskumn\u00fdch chemik\u00e1li\u00ed; zameriavame sa na bezpe\u010dnos\u0165.<\/p>\n","protected":false},"featured_media":1698,"comment_status":"open","ping_status":"closed","template":"","meta":{"inline_featured_image":false},"product_brand":[],"product_cat":[343],"product_tag":[158,161,121,118,147,127,110,107,117,129,135,132,137,131,133,130,144,134,142,143,156,105,141,109,163,125,128,119,123,150,145,148,136,151,122,126,140,160,155,116,146,138,153,154,157,162,152,149,108,120,139,159,124,106,104],"class_list":{"0":"post-1605","1":"product","2":"type-product","3":"status-publish","4":"has-post-thumbnail","6":"product_cat-in","7":"product_tag-4-mmc-mefedrn","8":"product_tag-4-metylmetkatnn-mefedrn","9":"product_tag-4mmc-mefedron-na-predaj-v-usa","10":"product_tag-ako-na-kpi-4mmc-mefedron-online","11":"product_tag-ako-kpi-mefedron-online","12":"product_tag-ako-si-objedna-4mmc-mefedron","13":"product_tag-bezpen-doruenie","14":"product_tag-buy","15":"product_tag-buy-4mmc-mephedrone-near-me","16":"product_tag-buy-mephedrone-4mmc-online-buy-mephedrone","17":"product_tag-buy-mephedrone-bath-salts","18":"product_tag-buy-mephedrone-czech-republic","19":"product_tag-buy-mephedrone-from-china","20":"product_tag-buy-mephedrone-online","21":"product_tag-buy-mephedrone-online-usa","22":"product_tag-buy-mephedrone-plant-food","23":"product_tag-buy-mephedrone-plant-food-for-marijuana-plant","24":"product_tag-buy-mephedrone-plant-food-online-supplier","25":"product_tag-buy-mephedrone-powder","26":"product_tag-buy-mephedrone-usa-mastercard","27":"product_tag-buy-mephedrone-wholesale","28":"product_tag-canada","29":"product_tag-rastlinno-potravinov-mefedronov-dodvatelia","30":"product_tag-dodvateov","31":"product_tag-drogy-forum-mefedron","32":"product_tag-je-4mmc-mefedrone-legal-in-usa","33":"product_tag-is-4mmc-mefedrone-in-canada","34":"product_tag-kde-kpi-4mmc-mefedron","35":"product_tag-kde-kpi-4mmc-mefedron-online","36":"product_tag-kde-na-kupit-mefedron-v-usa","37":"product_tag-kde-mem-kpi-mefedron","38":"product_tag-kde-mem-kpi-mefedron-online","39":"product_tag-kde-mem-kpi-mefedron-uk","40":"product_tag-kde-si-mozem-kupit-mefedron-v-usa","41":"product_tag-k-c3-bapi-c5-a5-4mmc-mefedron-online-teraz","42":"product_tag-buy-4mmc-mephedrone-online-usa","43":"product_tag-nkup-mefedrn-online","44":"product_tag-kpi-rastlina-hnojivo-mefedron","45":"product_tag-kpi-rastlinn-jedlo-online-mefedron","46":"product_tag-buy-4mmc-mefedrone-online-buy-mefedrone","47":"product_tag-mefedrn-na-nkup","48":"product_tag-mefedrn-na-predaj","49":"product_tag-mefedron-rastlinna-potrava-kupit","50":"product_tag-mefedrn-rastlinn-potrava-kpi-online","51":"product_tag-mephedrone-4-mmc","52":"product_tag-mephedrone-4-methylmethcathinone","53":"product_tag-mephedrone-buy-online-usa","54":"product_tag-najlepia-strnka-na-nkup-mefedrnu","55":"product_tag-online","56":"product_tag-4mmc-mefedron-na-predaj","57":"product_tag-mefedrn-rastlinn-potrava","58":"product_tag-snort-mefedron","59":"product_tag-stle-mete-zska-4mmc-mefedron","60":"product_tag-uk","61":"product_tag-usa","62":"pa_grams-1-kg-1000-g","63":"pa_grams-100-g","64":"pa_grams-20-g","65":"pa_grams-200-g","66":"pa_grams-250-g","67":"pa_grams-35-g","68":"pa_grams-50-g","69":"pa_grams-500-g","71":"first","72":"instock","73":"featured","74":"shipping-taxable","75":"purchasable","76":"product-type-variable","77":"has-default-attributes"},"yoast_head":"<!-- This site is optimized with the Yoast SEO Premium plugin v20.6 (Yoast SEO v27.4) - https:\/\/yoast.com\/product\/yoast-seo-premium-wordpress\/ -->\n<title>K\u00fapi\u0165 mefedron online (4MMC) | Dobr\u00ed predajcovia liekov<\/title>\n<meta name=\"description\" content=\"K\u00fapte si mefedron online (4MMC). Kvalitn\u00e9 lieky proti \u00fazkosti a chemik\u00e1lie pre v\u00fdskum, ktor\u00e9 je mo\u017en\u00e9 zak\u00fapi\u0165 online u Good Dealers Meds.\" \/>\n<meta name=\"robots\" content=\"index, follow, max-snippet:-1, max-image-preview:large, max-video-preview:-1\" \/>\n<link rel=\"canonical\" href=\"https:\/\/gooddealersmeds.com\/sk\/product\/kupit-4mmc-mefedron-online\/\" \/>\n<meta property=\"og:locale\" content=\"en_US\" \/>\n<meta property=\"og:type\" content=\"article\" \/>\n<meta property=\"og:title\" content=\"K\u00fapte si 4MMC ( mefedron ) online\" \/>\n<meta property=\"og:description\" content=\"K\u00fapte si mefedron online (4MMC). Kvalitn\u00e9 lieky proti \u00fazkosti a chemik\u00e1lie pre v\u00fdskum, ktor\u00e9 je mo\u017en\u00e9 zak\u00fapi\u0165 online u Good Dealers Meds.\" \/>\n<meta property=\"og:url\" content=\"https:\/\/gooddealersmeds.com\/sk\/product\/kupit-4mmc-mefedron-online\/\" \/>\n<meta property=\"og:site_name\" content=\"Good Dealers Meds\" \/>\n<meta property=\"article:modified_time\" content=\"2022-10-03T22:07:37+00:00\" \/>\n<meta property=\"og:image\" content=\"https:\/\/gooddealersmeds.com\/sk\/wp-content\/uploads\/sites\/9\/2022\/03\/ff.jpg\" \/>\n\t<meta property=\"og:image:width\" content=\"550\" \/>\n\t<meta property=\"og:image:height\" content=\"412\" \/>\n\t<meta property=\"og:image:type\" content=\"image\/jpeg\" \/>\n<meta name=\"twitter:card\" content=\"summary_large_image\" \/>\n<meta name=\"twitter:label1\" content=\"Est. reading time\" \/>\n\t<meta name=\"twitter:data1\" content=\"2 minutes\" \/>\n<script type=\"application\/ld+json\" class=\"yoast-schema-graph\">{\"@context\":\"https:\\\/\\\/schema.org\",\"@graph\":[{\"@type\":\"WebPage\",\"@id\":\"https:\\\/\\\/gooddealersmeds.com\\\/sk\\\/product\\\/kupit-4mmc-mefedron-online\\\/\",\"url\":\"https:\\\/\\\/gooddealersmeds.com\\\/sk\\\/product\\\/kupit-4mmc-mefedron-online\\\/\",\"name\":\"K\u00fapi\u0165 mefedron online (4MMC) | Dobr\u00ed predajcovia liekov\",\"isPartOf\":{\"@id\":\"https:\\\/\\\/gooddealersmeds.com\\\/sk\\\/#website\"},\"primaryImageOfPage\":{\"@id\":\"https:\\\/\\\/gooddealersmeds.com\\\/sk\\\/product\\\/kupit-4mmc-mefedron-online\\\/#primaryimage\"},\"image\":{\"@id\":\"https:\\\/\\\/gooddealersmeds.com\\\/sk\\\/product\\\/kupit-4mmc-mefedron-online\\\/#primaryimage\"},\"thumbnailUrl\":\"https:\\\/\\\/gooddealersmeds.com\\\/sk\\\/wp-content\\\/uploads\\\/sites\\\/9\\\/2022\\\/03\\\/ff.jpg\",\"datePublished\":\"2022-03-19T00:01:04+00:00\",\"dateModified\":\"2022-10-03T22:07:37+00:00\",\"description\":\"K\u00fapte si mefedron online (4MMC). Kvalitn\u00e9 lieky proti \u00fazkosti a chemik\u00e1lie pre v\u00fdskum, ktor\u00e9 je mo\u017en\u00e9 zak\u00fapi\u0165 online u Good Dealers Meds.\",\"breadcrumb\":{\"@id\":\"https:\\\/\\\/gooddealersmeds.com\\\/sk\\\/product\\\/kupit-4mmc-mefedron-online\\\/#breadcrumb\"},\"inLanguage\":\"en-US\",\"potentialAction\":[{\"@type\":\"ReadAction\",\"target\":[\"https:\\\/\\\/gooddealersmeds.com\\\/sk\\\/product\\\/kupit-4mmc-mefedron-online\\\/\"]}]},{\"@type\":\"ImageObject\",\"inLanguage\":\"en-US\",\"@id\":\"https:\\\/\\\/gooddealersmeds.com\\\/sk\\\/product\\\/kupit-4mmc-mefedron-online\\\/#primaryimage\",\"url\":\"https:\\\/\\\/gooddealersmeds.com\\\/sk\\\/wp-content\\\/uploads\\\/sites\\\/9\\\/2022\\\/03\\\/ff.jpg\",\"contentUrl\":\"https:\\\/\\\/gooddealersmeds.com\\\/sk\\\/wp-content\\\/uploads\\\/sites\\\/9\\\/2022\\\/03\\\/ff.jpg\",\"width\":550,\"height\":412,\"caption\":\"Buy 4MMC Mephedrone Online\"},{\"@type\":\"BreadcrumbList\",\"@id\":\"https:\\\/\\\/gooddealersmeds.com\\\/sk\\\/product\\\/kupit-4mmc-mefedron-online\\\/#breadcrumb\",\"itemListElement\":[{\"@type\":\"ListItem\",\"position\":1,\"name\":\"Home\",\"item\":\"https:\\\/\\\/gooddealersmeds.com\\\/sk\\\/\"},{\"@type\":\"ListItem\",\"position\":2,\"name\":\"Produkty\",\"item\":\"https:\\\/\\\/gooddealersmeds.com\\\/sk\\\/produkty\\\/\"},{\"@type\":\"ListItem\",\"position\":3,\"name\":\"K\u00fapte si 4MMC ( mefedron ) online\"}]},{\"@type\":\"WebSite\",\"@id\":\"https:\\\/\\\/gooddealersmeds.com\\\/sk\\\/#website\",\"url\":\"https:\\\/\\\/gooddealersmeds.com\\\/sk\\\/\",\"name\":\"Good Dealers Meds\",\"description\":\"All our best\",\"publisher\":{\"@id\":\"https:\\\/\\\/gooddealersmeds.com\\\/sk\\\/#organization\"},\"potentialAction\":[{\"@type\":\"SearchAction\",\"target\":{\"@type\":\"EntryPoint\",\"urlTemplate\":\"https:\\\/\\\/gooddealersmeds.com\\\/sk\\\/?s={search_term_string}\"},\"query-input\":{\"@type\":\"PropertyValueSpecification\",\"valueRequired\":true,\"valueName\":\"search_term_string\"}}],\"inLanguage\":\"en-US\"},{\"@type\":\"Organization\",\"@id\":\"https:\\\/\\\/gooddealersmeds.com\\\/sk\\\/#organization\",\"name\":\"Good Dealers Meds\",\"url\":\"https:\\\/\\\/gooddealersmeds.com\\\/sk\\\/\",\"logo\":{\"@type\":\"ImageObject\",\"inLanguage\":\"en-US\",\"@id\":\"https:\\\/\\\/gooddealersmeds.com\\\/sk\\\/#\\\/schema\\\/logo\\\/image\\\/\",\"url\":\"https:\\\/\\\/gooddealersmeds.com\\\/sk\\\/wp-content\\\/uploads\\\/sites\\\/9\\\/2022\\\/03\\\/gooddealersmeds__logo__20220317T222800Z.00.png\",\"contentUrl\":\"https:\\\/\\\/gooddealersmeds.com\\\/sk\\\/wp-content\\\/uploads\\\/sites\\\/9\\\/2022\\\/03\\\/gooddealersmeds__logo__20220317T222800Z.00.png\",\"width\":500,\"height\":325,\"caption\":\"Good Dealers Meds\"},\"image\":{\"@id\":\"https:\\\/\\\/gooddealersmeds.com\\\/sk\\\/#\\\/schema\\\/logo\\\/image\\\/\"}}]}<\/script>\n<!-- \/ Yoast SEO Premium plugin. -->","yoast_head_json":{"title":"K\u00fapi\u0165 mefedron online (4MMC) | Dobr\u00ed predajcovia liekov","description":"K\u00fapte si mefedron online (4MMC). Kvalitn\u00e9 lieky proti \u00fazkosti a chemik\u00e1lie pre v\u00fdskum, ktor\u00e9 je mo\u017en\u00e9 zak\u00fapi\u0165 online u Good Dealers Meds.","robots":{"index":"index","follow":"follow","max-snippet":"max-snippet:-1","max-image-preview":"max-image-preview:large","max-video-preview":"max-video-preview:-1"},"canonical":"https:\/\/gooddealersmeds.com\/sk\/product\/kupit-4mmc-mefedron-online\/","og_locale":"en_US","og_type":"article","og_title":"K\u00fapte si 4MMC ( mefedron ) online","og_description":"K\u00fapte si mefedron online (4MMC). Kvalitn\u00e9 lieky proti \u00fazkosti a chemik\u00e1lie pre v\u00fdskum, ktor\u00e9 je mo\u017en\u00e9 zak\u00fapi\u0165 online u Good Dealers Meds.","og_url":"https:\/\/gooddealersmeds.com\/sk\/product\/kupit-4mmc-mefedron-online\/","og_site_name":"Good Dealers Meds","article_modified_time":"2022-10-03T22:07:37+00:00","og_image":[{"width":550,"height":412,"url":"https:\/\/gooddealersmeds.com\/sk\/wp-content\/uploads\/sites\/9\/2022\/03\/ff.jpg","type":"image\/jpeg"}],"twitter_card":"summary_large_image","twitter_misc":{"Est. reading time":"2 minutes"},"schema":{"@context":"https:\/\/schema.org","@graph":[{"@type":"WebPage","@id":"https:\/\/gooddealersmeds.com\/sk\/product\/kupit-4mmc-mefedron-online\/","url":"https:\/\/gooddealersmeds.com\/sk\/product\/kupit-4mmc-mefedron-online\/","name":"K\u00fapi\u0165 mefedron online (4MMC) | Dobr\u00ed predajcovia liekov","isPartOf":{"@id":"https:\/\/gooddealersmeds.com\/sk\/#website"},"primaryImageOfPage":{"@id":"https:\/\/gooddealersmeds.com\/sk\/product\/kupit-4mmc-mefedron-online\/#primaryimage"},"image":{"@id":"https:\/\/gooddealersmeds.com\/sk\/product\/kupit-4mmc-mefedron-online\/#primaryimage"},"thumbnailUrl":"https:\/\/gooddealersmeds.com\/sk\/wp-content\/uploads\/sites\/9\/2022\/03\/ff.jpg","datePublished":"2022-03-19T00:01:04+00:00","dateModified":"2022-10-03T22:07:37+00:00","description":"K\u00fapte si mefedron online (4MMC). Kvalitn\u00e9 lieky proti \u00fazkosti a chemik\u00e1lie pre v\u00fdskum, ktor\u00e9 je mo\u017en\u00e9 zak\u00fapi\u0165 online u Good Dealers Meds.","breadcrumb":{"@id":"https:\/\/gooddealersmeds.com\/sk\/product\/kupit-4mmc-mefedron-online\/#breadcrumb"},"inLanguage":"en-US","potentialAction":[{"@type":"ReadAction","target":["https:\/\/gooddealersmeds.com\/sk\/product\/kupit-4mmc-mefedron-online\/"]}]},{"@type":"ImageObject","inLanguage":"en-US","@id":"https:\/\/gooddealersmeds.com\/sk\/product\/kupit-4mmc-mefedron-online\/#primaryimage","url":"https:\/\/gooddealersmeds.com\/sk\/wp-content\/uploads\/sites\/9\/2022\/03\/ff.jpg","contentUrl":"https:\/\/gooddealersmeds.com\/sk\/wp-content\/uploads\/sites\/9\/2022\/03\/ff.jpg","width":550,"height":412,"caption":"Buy 4MMC Mephedrone Online"},{"@type":"BreadcrumbList","@id":"https:\/\/gooddealersmeds.com\/sk\/product\/kupit-4mmc-mefedron-online\/#breadcrumb","itemListElement":[{"@type":"ListItem","position":1,"name":"Home","item":"https:\/\/gooddealersmeds.com\/sk\/"},{"@type":"ListItem","position":2,"name":"Produkty","item":"https:\/\/gooddealersmeds.com\/sk\/produkty\/"},{"@type":"ListItem","position":3,"name":"K\u00fapte si 4MMC ( mefedron ) online"}]},{"@type":"WebSite","@id":"https:\/\/gooddealersmeds.com\/sk\/#website","url":"https:\/\/gooddealersmeds.com\/sk\/","name":"Good Dealers Meds","description":"All our best","publisher":{"@id":"https:\/\/gooddealersmeds.com\/sk\/#organization"},"potentialAction":[{"@type":"SearchAction","target":{"@type":"EntryPoint","urlTemplate":"https:\/\/gooddealersmeds.com\/sk\/?s={search_term_string}"},"query-input":{"@type":"PropertyValueSpecification","valueRequired":true,"valueName":"search_term_string"}}],"inLanguage":"en-US"},{"@type":"Organization","@id":"https:\/\/gooddealersmeds.com\/sk\/#organization","name":"Good Dealers Meds","url":"https:\/\/gooddealersmeds.com\/sk\/","logo":{"@type":"ImageObject","inLanguage":"en-US","@id":"https:\/\/gooddealersmeds.com\/sk\/#\/schema\/logo\/image\/","url":"https:\/\/gooddealersmeds.com\/sk\/wp-content\/uploads\/sites\/9\/2022\/03\/gooddealersmeds__logo__20220317T222800Z.00.png","contentUrl":"https:\/\/gooddealersmeds.com\/sk\/wp-content\/uploads\/sites\/9\/2022\/03\/gooddealersmeds__logo__20220317T222800Z.00.png","width":500,"height":325,"caption":"Good Dealers Meds"},"image":{"@id":"https:\/\/gooddealersmeds.com\/sk\/#\/schema\/logo\/image\/"}}]}},"_links":{"self":[{"href":"https:\/\/gooddealersmeds.com\/sk\/wp-json\/wp\/v2\/product\/1605","targetHints":{"allow":["GET"]}}],"collection":[{"href":"https:\/\/gooddealersmeds.com\/sk\/wp-json\/wp\/v2\/product"}],"about":[{"href":"https:\/\/gooddealersmeds.com\/sk\/wp-json\/wp\/v2\/types\/product"}],"replies":[{"embeddable":true,"href":"https:\/\/gooddealersmeds.com\/sk\/wp-json\/wp\/v2\/comments?post=1605"}],"wp:featuredmedia":[{"embeddable":true,"href":"https:\/\/gooddealersmeds.com\/sk\/wp-json\/wp\/v2\/media\/1698"}],"wp:attachment":[{"href":"https:\/\/gooddealersmeds.com\/sk\/wp-json\/wp\/v2\/media?parent=1605"}],"wp:term":[{"taxonomy":"product_brand","embeddable":true,"href":"https:\/\/gooddealersmeds.com\/sk\/wp-json\/wp\/v2\/product_brand?post=1605"},{"taxonomy":"product_cat","embeddable":true,"href":"https:\/\/gooddealersmeds.com\/sk\/wp-json\/wp\/v2\/product_cat?post=1605"},{"taxonomy":"product_tag","embeddable":true,"href":"https:\/\/gooddealersmeds.com\/sk\/wp-json\/wp\/v2\/product_tag?post=1605"}],"curies":[{"name":"wp","href":"https:\/\/api.w.org\/{rel}","templated":true}]}}