{"id":1588,"date":"2022-03-18T23:47:24","date_gmt":"2022-03-18T23:47:24","guid":{"rendered":"https:\/\/gooddealersmeds.com\/sk\/?post_type=product&#038;p=1588"},"modified":"2022-10-03T22:07:52","modified_gmt":"2022-10-03T22:07:52","slug":"kupit-fentanyl-tablety-online","status":"publish","type":"product","link":"https:\/\/gooddealersmeds.com\/sk\/product\/kupit-fentanyl-tablety-online\/","title":{"rendered":"K\u00fapte si fentanylov\u00e9 tablety online"},"content":{"rendered":"<h1><strong>Fentanyl Powder<\/strong><\/h1>\n<p>Fentanyl je \u010dlenom triedy liekov zn\u00e1mych ako fentanyl; je to r\u00fdchlo p\u00f4sobiaci opioid (syntetick\u00fd opi\u00e1t), ktor\u00fd tlm\u00ed boles\u0165 bez toho, aby sp\u00f4sobil stratu vedomia (analgetikum) &#8211; K\u00fapte si fentanyl tablety online. Fentanyl zni\u017euje funkciu centr\u00e1lneho nervov\u00e9ho syst\u00e9mu (CNS) a funkciu d\u00fdchania. Je 50- a\u017e 100-kr\u00e1t silnej\u0161\u00ed ako morf\u00edn, ale je s n\u00edm ve\u013emi identick\u00fd.<\/p>\n<p>&nbsp;<\/p>\n<p>D\u00fdchanie obet\u00ed pred\u00e1vkovania fentanylom sa m\u00f4\u017ee s\u0165a\u017ei\u0165 alebo \u00faplne presta\u0165. K pred\u00e1vkovaniu doch\u00e1dza, ke\u010f liek vyvol\u00e1va z\u00e1va\u017en\u00e9 ne\u017eiaduce \u00fa\u010dinky a \u017eivot ohrozuj\u00face sympt\u00f3my. Ke\u010f sa \u013eudia pred\u00e1vkuj\u00fa fentanylom, ich d\u00fdchanie sa m\u00f4\u017ee spomali\u0165 alebo zastavi\u0165. To m\u00f4\u017ee zn\u00ed\u017ei\u0165 mno\u017estvo kysl\u00edka, ktor\u00e9 sa dost\u00e1va do buniek tela, stav naz\u00fdvan\u00fd hypoxia. V\u010faka potencii fentanylu je n\u00e1vykov\u00fd. Pri u\u017e\u00edvan\u00ed fentanylu na lek\u00e1rsky predpis pod\u013ea pokynov lek\u00e1ra m\u00f4\u017ee u \u010dloveka vznikn\u00fa\u0165 z\u00e1vislos\u0165, ktor\u00e1 sa po vysaden\u00ed lieku prejavuje abstinen\u010dn\u00fdmi pr\u00edznakmi. Hoci \u010dlovek m\u00f4\u017ee by\u0165 z\u00e1visl\u00fd na l\u00e1tke bez toho, aby bol na nej z\u00e1visl\u00fd, z\u00e1vislos\u0165 m\u00f4\u017ee ob\u010das nasledova\u0165 po z\u00e1vislosti mozgu &#8211; Ako si m\u00f4\u017eem k\u00fapi\u0165 fentanylov\u00fa tabletu. Je to naj\u00fa\u010dinnej\u0161\u00ed opioidn\u00fd liek proti bolesti, ktor\u00fd sa v s\u00fa\u010dasnosti pou\u017e\u00edva v lek\u00e1rskej starostlivosti.<\/p>\n<p>Napriek skuto\u010dnosti, \u017ee fentanyl je pova\u017eovan\u00fd za bezpe\u010dn\u00fd a \u00fa\u010dinn\u00fd, ke\u010f sa pou\u017e\u00edva v kontrolovanom lek\u00e1rskom prostred\u00ed, m\u00e1 tento liek vysok\u00fd potenci\u00e1l na zneu\u017e\u00edvanie. Niektor\u00ed \u013eudia vyr\u00e1baj\u00fa anal\u00f3gy fentanylu, ktor\u00e9 s\u00fa ve\u013emi podobn\u00e9 p\u00f4vodn\u00e9mu lieku. Fentanyl sa via\u017ee na receptory v mozgu, ktor\u00e9 kontroluj\u00fa boles\u0165 a em\u00f3cie, rovnako ako in\u00e9 opioidn\u00e9 lieky. Fentanyl zvy\u010dajne sp\u00f4sobuje ne\u017eiaduce reakcie, ako je nevo\u013enos\u0165, vracanie, z\u00e1pcha, svrbenie, ospalos\u0165, zm\u00e4tenos\u0165 a zranenie z nedostatku koordin\u00e1cie. Respira\u010dn\u00e1 depresia, halucin\u00e1cie, seroton\u00ednov\u00fd syndr\u00f3m, n\u00edzky krvn\u00fd tlak alebo vznik probl\u00e9mu s u\u017e\u00edvan\u00edm opi\u00e1tov s\u00fa pr\u00edklady z\u00e1va\u017en\u00fdch negat\u00edvnych \u00fa\u010dinkov.<\/p>\n<p>Okrem toho sa pou\u017e\u00edva na lie\u010dbu pretrv\u00e1vaj\u00facej bolesti, ako je boles\u0165 pri rakovine . Pacienti, ktor\u00ed nem\u00f4\u017eu u\u017e\u00edva\u0165 morf\u00edn alebo ktor\u00fdch d\u00fdchavi\u010dnos\u0165 je rezistentn\u00e1 na morf\u00edn, m\u00f4\u017eu tie\u017e pou\u017ei\u0165 fentanyl na lie\u010dbu svojich sympt\u00f3mov. V prostrediach paliat\u00edvnej starostlivosti, kde sa siln\u00e1 boles\u0165 a d\u00fdchavi\u010dnos\u0165 musia lie\u010di\u0165 vysoko \u00fa\u010dinn\u00fdmi opioidmi, je fentanyl obzvl\u00e1\u0161\u0165 u\u017eito\u010dn\u00fd na zobrazenie kombin\u00e1cie.<\/p>\n<p>Vzh\u013eadom na extr\u00e9mne variabiln\u00e9 smrte\u013en\u00e9 d\u00e1vkovanie v kombin\u00e1cii s in\u00fdmi liekmi, fentanyl predstavuje mimoriadne vysok\u00e9 nebezpe\u010denstvo pred\u00e1vkovania u \u013eud\u00ed. Pred\u00e1vkovanie je len okrajovo nepredv\u00eddate\u013en\u00e9 vo svojej naj\u010distej\u0161ej forme. Kde z\u00edska\u0165 tablety fentanylu bez lek\u00e1rskeho predpisu<\/p>\n<p><a href=\"https:\/\/gooddealersmeds.com\/sk\/product\/buy-fentanyl-tablets-online\/\">Tabletky fentanylu na predaj<\/a> na GoodDealersMeds, Bolo by vhodn\u00e9 zd\u00f4razni\u0165, \u017ee prospe\u0161n\u00e9 a rekrea\u010dn\u00e9 vlastnosti uveden\u00fdch produktov z\u00e1visia od zodpovedn\u00e9ho pou\u017e\u00edvania.<\/p>\n","protected":false},"excerpt":{"rendered":"<h1>K\u00fapi\u0165 fentanylov\u00fa n\u00e1plas\u0165 na transderm\u00e1lny syst\u00e9m<\/h1>\n<p>Riziko z\u00e1va\u017en\u00fdch ved\u013eaj\u0161\u00edch \u00fa\u010dinkov (ako je pomal\u00e9\/plytk\u00e9 d\u00fdchanie, \u0165a\u017ek\u00e1 ospalos\u0165\/z\u00e1vrat) sa m\u00f4\u017ee zv\u00fd\u0161i\u0165, ak sa tento liek pou\u017e\u00edva s in\u00fdmi produktmi, ktor\u00e9 m\u00f4\u017eu tie\u017e sp\u00f4sobi\u0165 ospalos\u0165 alebo probl\u00e9my s d\u00fdchan\u00edm.<\/p>\n","protected":false},"featured_media":1596,"comment_status":"open","ping_status":"closed","template":"","meta":{"inline_featured_image":false},"product_brand":[],"product_cat":[347],"product_tag":[114,110,97,96,95,113,101,103,98,102,99,111,112,115,100],"class_list":{"0":"post-1588","1":"product","2":"type-product","3":"status-publish","4":"has-post-thumbnail","6":"product_cat-opioidn-liek-proti-bolesti","7":"product_tag-ako-si-objedna-tablety-fentanylu","8":"product_tag-bezpen-doruenie","9":"product_tag-buy-fentanyl-online","10":"product_tag-buy-fentanyl-tablets","11":"product_tag-buy-fentanyl-tablets-online-buy-tablets","12":"product_tag-buy-fentanyl-tablets-online-usa","13":"product_tag-buy-tablets-online","14":"product_tag-fentanyl-tablety-na-predaj-v-usa","15":"product_tag-kde-kpi-fentanyl-tablety","16":"product_tag-kde-kpi-fentanyl-tablety-online","17":"product_tag-fentanyl-tablety-na-predaj","18":"product_tag-stle-mete-dosta-fentanyl-tablety","19":"product_tag-je-fentanyl-tablety-legal-in-usa","20":"product_tag-je-fentanyl-tablet-legal-in-canada","21":"product_tag-tablety-na-predaj","22":"pa_pills-100-pills","23":"pa_pills-1000-pills","24":"pa_pills-30-pills","25":"pa_pills-300-pills","26":"pa_pills-50-pills","27":"pa_pills-500-pills","29":"first","30":"instock","31":"featured","32":"shipping-taxable","33":"purchasable","34":"product-type-variable","35":"has-default-attributes"},"yoast_head":"<!-- This site is optimized with the Yoast SEO Premium plugin v20.6 (Yoast SEO v27.3) - https:\/\/yoast.com\/product\/yoast-seo-premium-wordpress\/ -->\n<title>K\u00fapi\u0165 Fentanyl tablety online bez lek\u00e1rskeho predpisu | Dobr\u00ed predajcovia liekov<\/title>\n<meta name=\"description\" content=\"K\u00fapte si fentanylov\u00e9 tablety online od spolo\u010dnosti GoodDealersMeds. Fentanylov\u00e9 pilulky na predaj po celom svete. Objednajte si teraz a dostanete z\u00e1sielku a\u017e k va\u0161im dver\u00e1m.\" \/>\n<meta name=\"robots\" content=\"index, follow, max-snippet:-1, max-image-preview:large, max-video-preview:-1\" \/>\n<link rel=\"canonical\" href=\"https:\/\/gooddealersmeds.com\/sk\/product\/kupit-fentanyl-tablety-online\/\" \/>\n<meta property=\"og:locale\" content=\"en_US\" \/>\n<meta property=\"og:type\" content=\"article\" \/>\n<meta property=\"og:title\" content=\"K\u00fapte si fentanylov\u00e9 tablety online\" \/>\n<meta property=\"og:description\" content=\"K\u00fapte si fentanylov\u00e9 tablety online od spolo\u010dnosti GoodDealersMeds. Fentanylov\u00e9 pilulky na predaj po celom svete. Objednajte si teraz a dostanete z\u00e1sielku a\u017e k va\u0161im dver\u00e1m.\" \/>\n<meta property=\"og:url\" content=\"https:\/\/gooddealersmeds.com\/sk\/product\/kupit-fentanyl-tablety-online\/\" \/>\n<meta property=\"og:site_name\" content=\"Good Dealers Meds\" \/>\n<meta property=\"article:modified_time\" content=\"2022-10-03T22:07:52+00:00\" \/>\n<meta property=\"og:image\" content=\"https:\/\/gooddealersmeds.com\/sk\/wp-content\/uploads\/sites\/9\/2022\/03\/buy-fentanyl-tablets-online.jpg\" \/>\n\t<meta property=\"og:image:width\" content=\"600\" \/>\n\t<meta property=\"og:image:height\" content=\"600\" \/>\n\t<meta property=\"og:image:type\" content=\"image\/jpeg\" \/>\n<meta name=\"twitter:card\" content=\"summary_large_image\" \/>\n<meta name=\"twitter:label1\" content=\"Est. reading time\" \/>\n\t<meta name=\"twitter:data1\" content=\"3 minutes\" \/>\n<script type=\"application\/ld+json\" class=\"yoast-schema-graph\">{\"@context\":\"https:\\\/\\\/schema.org\",\"@graph\":[{\"@type\":\"WebPage\",\"@id\":\"https:\\\/\\\/gooddealersmeds.com\\\/sk\\\/product\\\/kupit-fentanyl-tablety-online\\\/\",\"url\":\"https:\\\/\\\/gooddealersmeds.com\\\/sk\\\/product\\\/kupit-fentanyl-tablety-online\\\/\",\"name\":\"K\u00fapi\u0165 Fentanyl tablety online bez lek\u00e1rskeho predpisu | Dobr\u00ed predajcovia liekov\",\"isPartOf\":{\"@id\":\"https:\\\/\\\/gooddealersmeds.com\\\/sk\\\/#website\"},\"primaryImageOfPage\":{\"@id\":\"https:\\\/\\\/gooddealersmeds.com\\\/sk\\\/product\\\/kupit-fentanyl-tablety-online\\\/#primaryimage\"},\"image\":{\"@id\":\"https:\\\/\\\/gooddealersmeds.com\\\/sk\\\/product\\\/kupit-fentanyl-tablety-online\\\/#primaryimage\"},\"thumbnailUrl\":\"https:\\\/\\\/gooddealersmeds.com\\\/sk\\\/wp-content\\\/uploads\\\/sites\\\/9\\\/2022\\\/03\\\/buy-fentanyl-tablets-online.jpg\",\"datePublished\":\"2022-03-18T23:47:24+00:00\",\"dateModified\":\"2022-10-03T22:07:52+00:00\",\"description\":\"K\u00fapte si fentanylov\u00e9 tablety online od spolo\u010dnosti GoodDealersMeds. Fentanylov\u00e9 pilulky na predaj po celom svete. Objednajte si teraz a dostanete z\u00e1sielku a\u017e k va\u0161im dver\u00e1m.\",\"breadcrumb\":{\"@id\":\"https:\\\/\\\/gooddealersmeds.com\\\/sk\\\/product\\\/kupit-fentanyl-tablety-online\\\/#breadcrumb\"},\"inLanguage\":\"en-US\",\"potentialAction\":[{\"@type\":\"ReadAction\",\"target\":[\"https:\\\/\\\/gooddealersmeds.com\\\/sk\\\/product\\\/kupit-fentanyl-tablety-online\\\/\"]}]},{\"@type\":\"ImageObject\",\"inLanguage\":\"en-US\",\"@id\":\"https:\\\/\\\/gooddealersmeds.com\\\/sk\\\/product\\\/kupit-fentanyl-tablety-online\\\/#primaryimage\",\"url\":\"https:\\\/\\\/gooddealersmeds.com\\\/sk\\\/wp-content\\\/uploads\\\/sites\\\/9\\\/2022\\\/03\\\/buy-fentanyl-tablets-online.jpg\",\"contentUrl\":\"https:\\\/\\\/gooddealersmeds.com\\\/sk\\\/wp-content\\\/uploads\\\/sites\\\/9\\\/2022\\\/03\\\/buy-fentanyl-tablets-online.jpg\",\"width\":600,\"height\":600,\"caption\":\"Buy Fentanyl Tablets Online\"},{\"@type\":\"BreadcrumbList\",\"@id\":\"https:\\\/\\\/gooddealersmeds.com\\\/sk\\\/product\\\/kupit-fentanyl-tablety-online\\\/#breadcrumb\",\"itemListElement\":[{\"@type\":\"ListItem\",\"position\":1,\"name\":\"Home\",\"item\":\"https:\\\/\\\/gooddealersmeds.com\\\/sk\\\/\"},{\"@type\":\"ListItem\",\"position\":2,\"name\":\"Produkty\",\"item\":\"https:\\\/\\\/gooddealersmeds.com\\\/sk\\\/produkty\\\/\"},{\"@type\":\"ListItem\",\"position\":3,\"name\":\"K\u00fapte si fentanylov\u00e9 tablety online\"}]},{\"@type\":\"WebSite\",\"@id\":\"https:\\\/\\\/gooddealersmeds.com\\\/sk\\\/#website\",\"url\":\"https:\\\/\\\/gooddealersmeds.com\\\/sk\\\/\",\"name\":\"Good Dealers Meds\",\"description\":\"All our best\",\"publisher\":{\"@id\":\"https:\\\/\\\/gooddealersmeds.com\\\/sk\\\/#organization\"},\"potentialAction\":[{\"@type\":\"SearchAction\",\"target\":{\"@type\":\"EntryPoint\",\"urlTemplate\":\"https:\\\/\\\/gooddealersmeds.com\\\/sk\\\/?s={search_term_string}\"},\"query-input\":{\"@type\":\"PropertyValueSpecification\",\"valueRequired\":true,\"valueName\":\"search_term_string\"}}],\"inLanguage\":\"en-US\"},{\"@type\":\"Organization\",\"@id\":\"https:\\\/\\\/gooddealersmeds.com\\\/sk\\\/#organization\",\"name\":\"Good Dealers Meds\",\"url\":\"https:\\\/\\\/gooddealersmeds.com\\\/sk\\\/\",\"logo\":{\"@type\":\"ImageObject\",\"inLanguage\":\"en-US\",\"@id\":\"https:\\\/\\\/gooddealersmeds.com\\\/sk\\\/#\\\/schema\\\/logo\\\/image\\\/\",\"url\":\"https:\\\/\\\/gooddealersmeds.com\\\/sk\\\/wp-content\\\/uploads\\\/sites\\\/9\\\/2022\\\/03\\\/gooddealersmeds__logo__20220317T222800Z.00.png\",\"contentUrl\":\"https:\\\/\\\/gooddealersmeds.com\\\/sk\\\/wp-content\\\/uploads\\\/sites\\\/9\\\/2022\\\/03\\\/gooddealersmeds__logo__20220317T222800Z.00.png\",\"width\":500,\"height\":325,\"caption\":\"Good Dealers Meds\"},\"image\":{\"@id\":\"https:\\\/\\\/gooddealersmeds.com\\\/sk\\\/#\\\/schema\\\/logo\\\/image\\\/\"}}]}<\/script>\n<!-- \/ Yoast SEO Premium plugin. -->","yoast_head_json":{"title":"K\u00fapi\u0165 Fentanyl tablety online bez lek\u00e1rskeho predpisu | Dobr\u00ed predajcovia liekov","description":"K\u00fapte si fentanylov\u00e9 tablety online od spolo\u010dnosti GoodDealersMeds. Fentanylov\u00e9 pilulky na predaj po celom svete. Objednajte si teraz a dostanete z\u00e1sielku a\u017e k va\u0161im dver\u00e1m.","robots":{"index":"index","follow":"follow","max-snippet":"max-snippet:-1","max-image-preview":"max-image-preview:large","max-video-preview":"max-video-preview:-1"},"canonical":"https:\/\/gooddealersmeds.com\/sk\/product\/kupit-fentanyl-tablety-online\/","og_locale":"en_US","og_type":"article","og_title":"K\u00fapte si fentanylov\u00e9 tablety online","og_description":"K\u00fapte si fentanylov\u00e9 tablety online od spolo\u010dnosti GoodDealersMeds. Fentanylov\u00e9 pilulky na predaj po celom svete. Objednajte si teraz a dostanete z\u00e1sielku a\u017e k va\u0161im dver\u00e1m.","og_url":"https:\/\/gooddealersmeds.com\/sk\/product\/kupit-fentanyl-tablety-online\/","og_site_name":"Good Dealers Meds","article_modified_time":"2022-10-03T22:07:52+00:00","og_image":[{"width":600,"height":600,"url":"https:\/\/gooddealersmeds.com\/sk\/wp-content\/uploads\/sites\/9\/2022\/03\/buy-fentanyl-tablets-online.jpg","type":"image\/jpeg"}],"twitter_card":"summary_large_image","twitter_misc":{"Est. reading time":"3 minutes"},"schema":{"@context":"https:\/\/schema.org","@graph":[{"@type":"WebPage","@id":"https:\/\/gooddealersmeds.com\/sk\/product\/kupit-fentanyl-tablety-online\/","url":"https:\/\/gooddealersmeds.com\/sk\/product\/kupit-fentanyl-tablety-online\/","name":"K\u00fapi\u0165 Fentanyl tablety online bez lek\u00e1rskeho predpisu | Dobr\u00ed predajcovia liekov","isPartOf":{"@id":"https:\/\/gooddealersmeds.com\/sk\/#website"},"primaryImageOfPage":{"@id":"https:\/\/gooddealersmeds.com\/sk\/product\/kupit-fentanyl-tablety-online\/#primaryimage"},"image":{"@id":"https:\/\/gooddealersmeds.com\/sk\/product\/kupit-fentanyl-tablety-online\/#primaryimage"},"thumbnailUrl":"https:\/\/gooddealersmeds.com\/sk\/wp-content\/uploads\/sites\/9\/2022\/03\/buy-fentanyl-tablets-online.jpg","datePublished":"2022-03-18T23:47:24+00:00","dateModified":"2022-10-03T22:07:52+00:00","description":"K\u00fapte si fentanylov\u00e9 tablety online od spolo\u010dnosti GoodDealersMeds. Fentanylov\u00e9 pilulky na predaj po celom svete. Objednajte si teraz a dostanete z\u00e1sielku a\u017e k va\u0161im dver\u00e1m.","breadcrumb":{"@id":"https:\/\/gooddealersmeds.com\/sk\/product\/kupit-fentanyl-tablety-online\/#breadcrumb"},"inLanguage":"en-US","potentialAction":[{"@type":"ReadAction","target":["https:\/\/gooddealersmeds.com\/sk\/product\/kupit-fentanyl-tablety-online\/"]}]},{"@type":"ImageObject","inLanguage":"en-US","@id":"https:\/\/gooddealersmeds.com\/sk\/product\/kupit-fentanyl-tablety-online\/#primaryimage","url":"https:\/\/gooddealersmeds.com\/sk\/wp-content\/uploads\/sites\/9\/2022\/03\/buy-fentanyl-tablets-online.jpg","contentUrl":"https:\/\/gooddealersmeds.com\/sk\/wp-content\/uploads\/sites\/9\/2022\/03\/buy-fentanyl-tablets-online.jpg","width":600,"height":600,"caption":"Buy Fentanyl Tablets Online"},{"@type":"BreadcrumbList","@id":"https:\/\/gooddealersmeds.com\/sk\/product\/kupit-fentanyl-tablety-online\/#breadcrumb","itemListElement":[{"@type":"ListItem","position":1,"name":"Home","item":"https:\/\/gooddealersmeds.com\/sk\/"},{"@type":"ListItem","position":2,"name":"Produkty","item":"https:\/\/gooddealersmeds.com\/sk\/produkty\/"},{"@type":"ListItem","position":3,"name":"K\u00fapte si fentanylov\u00e9 tablety online"}]},{"@type":"WebSite","@id":"https:\/\/gooddealersmeds.com\/sk\/#website","url":"https:\/\/gooddealersmeds.com\/sk\/","name":"Good Dealers Meds","description":"All our best","publisher":{"@id":"https:\/\/gooddealersmeds.com\/sk\/#organization"},"potentialAction":[{"@type":"SearchAction","target":{"@type":"EntryPoint","urlTemplate":"https:\/\/gooddealersmeds.com\/sk\/?s={search_term_string}"},"query-input":{"@type":"PropertyValueSpecification","valueRequired":true,"valueName":"search_term_string"}}],"inLanguage":"en-US"},{"@type":"Organization","@id":"https:\/\/gooddealersmeds.com\/sk\/#organization","name":"Good Dealers Meds","url":"https:\/\/gooddealersmeds.com\/sk\/","logo":{"@type":"ImageObject","inLanguage":"en-US","@id":"https:\/\/gooddealersmeds.com\/sk\/#\/schema\/logo\/image\/","url":"https:\/\/gooddealersmeds.com\/sk\/wp-content\/uploads\/sites\/9\/2022\/03\/gooddealersmeds__logo__20220317T222800Z.00.png","contentUrl":"https:\/\/gooddealersmeds.com\/sk\/wp-content\/uploads\/sites\/9\/2022\/03\/gooddealersmeds__logo__20220317T222800Z.00.png","width":500,"height":325,"caption":"Good Dealers Meds"},"image":{"@id":"https:\/\/gooddealersmeds.com\/sk\/#\/schema\/logo\/image\/"}}]}},"_links":{"self":[{"href":"https:\/\/gooddealersmeds.com\/sk\/wp-json\/wp\/v2\/product\/1588","targetHints":{"allow":["GET"]}}],"collection":[{"href":"https:\/\/gooddealersmeds.com\/sk\/wp-json\/wp\/v2\/product"}],"about":[{"href":"https:\/\/gooddealersmeds.com\/sk\/wp-json\/wp\/v2\/types\/product"}],"replies":[{"embeddable":true,"href":"https:\/\/gooddealersmeds.com\/sk\/wp-json\/wp\/v2\/comments?post=1588"}],"wp:featuredmedia":[{"embeddable":true,"href":"https:\/\/gooddealersmeds.com\/sk\/wp-json\/wp\/v2\/media\/1596"}],"wp:attachment":[{"href":"https:\/\/gooddealersmeds.com\/sk\/wp-json\/wp\/v2\/media?parent=1588"}],"wp:term":[{"taxonomy":"product_brand","embeddable":true,"href":"https:\/\/gooddealersmeds.com\/sk\/wp-json\/wp\/v2\/product_brand?post=1588"},{"taxonomy":"product_cat","embeddable":true,"href":"https:\/\/gooddealersmeds.com\/sk\/wp-json\/wp\/v2\/product_cat?post=1588"},{"taxonomy":"product_tag","embeddable":true,"href":"https:\/\/gooddealersmeds.com\/sk\/wp-json\/wp\/v2\/product_tag?post=1588"}],"curies":[{"name":"wp","href":"https:\/\/api.w.org\/{rel}","templated":true}]}}