{"id":1582,"date":"2022-03-18T23:46:33","date_gmt":"2022-03-18T23:46:33","guid":{"rendered":"https:\/\/gooddealersmeds.com\/sk\/?post_type=product&#038;p=1582"},"modified":"2022-10-03T22:08:01","modified_gmt":"2022-10-03T22:08:01","slug":"amfetaminova-kapsula","status":"publish","type":"product","link":"https:\/\/gooddealersmeds.com\/sk\/product\/amfetaminova-kapsula\/","title":{"rendered":"K\u00fapte si amfetam\u00ednov\u00fa kapsulu online"},"content":{"rendered":"<h3>Amfetam\u00edn<\/h3>\n<p>Amfetam\u00edn (z\u00edskan\u00fd od <u>a<\/u>lpha\u2013<u>m<\/u>etyl<u>ph<\/u>en<u>et<\/u>hyl<u>am\u00edn<\/u>) je stimulant centr\u00e1lneho nervov\u00e9ho syst\u00e9mu (CNS) pred\u00e1van\u00fd okrem in\u00e9ho pod zna\u010dkou Evekeo. Po prv\u00e9, pou\u017e\u00edva sa pri lie\u010dbe ADHD, narkolepsie a obezity. Okrem toho s\u00fa amfetam\u00edny stimula\u010dn\u00e9 drogy, \u010do znamen\u00e1, \u017ee ur\u00fdch\u013euj\u00fa prenos spr\u00e1v medzi mozgom a telom. Amfetam\u00ednov\u00fd pr\u00e1\u0161ok. Objednajte si amfetam\u00edn online.<\/p>\n<p>Okrem toho sa amfetam\u00edn pou\u017e\u00edva aj ako prostriedok na zv\u00fd\u0161enie \u0161portov\u00e9ho v\u00fdkonu a kognit\u00edvnych schopnost\u00ed a rekrea\u010dne ako afrodiziakum a euf\u00f3rium. Okrem toho je v mnoh\u00fdch krajin\u00e1ch liekom na predpis a neopr\u00e1vnen\u00e9 dr\u017eanie a distrib\u00facia amfetam\u00ednu s\u00fa \u010dasto pr\u00edsne kontrolovan\u00e9 z d\u00f4vodu v\u00fdznamn\u00fdch zdravotn\u00fdch riz\u00edk spojen\u00fdch s rekrea\u010dn\u00fdm u\u017e\u00edvan\u00edm. Amfetam\u00ednov\u00fd pr\u00e1\u0161ok.<\/p>\n<h3>\u010eal\u0161ie inform\u00e1cie<\/h3>\n<p>Niektor\u00e9 typy amfetam\u00ednov s\u00fa leg\u00e1lne predpisovan\u00e9 lek\u00e1rmi na lie\u010dbu stavov, ako je ADHD a narkolepsia (ke\u010f m\u00e1 \u010dlovek nekontrolovate\u013en\u00fa t\u00fa\u017ebu spa\u0165).<\/p>\n<p> p&gt; <\/p>\n<p>Okrem toho sa vzh\u013ead amfetam\u00ednov l\u00ed\u0161i. \u010ealej m\u00f4\u017eu by\u0165 vo forme pr\u00e1\u0161ku, tabliet, kry\u0161t\u00e1lov a kaps\u00fal. Pri preprave tie\u017e bal\u00edme do \u201ef\u00f3li\u00ed\u201c (hlin\u00edkov\u00e1 f\u00f3lia), plastov\u00fdch vrec\u00fa\u0161ok alebo mal\u00fdch bal\u00f3nov. Objednajte si amfetam\u00edn online.<\/p>\n<p>Amfetam\u00ednov\u00fd pr\u00e1\u0161ok m\u00f4\u017ee ma\u0165 r\u00f4zne farby od bielej po hned\u00fa, niekedy m\u00f4\u017ee ma\u0165 stopy sivej alebo ru\u017eovej. M\u00e1 siln\u00fa v\u00f4\u0148u a hork\u00fa chu\u0165. Okrem toho sa kapsuly a tablety amfetam\u00ednu zna\u010dne l\u00ed\u0161ia ve\u013ekos\u0165ou a farbou. Amfetam\u00edn na predaj.<\/p>\n<p>Neleg\u00e1lne vyroben\u00e9 amfetam\u00edny m\u00f4\u017eu by\u0165 navy\u0161e zmesou drog, spojiva, kofe\u00ednu a cukru. Objednajte si amfetam\u00edn online.<\/p>\n<h3>Ako ho pou\u017e\u00edva\u0165<\/h3>\n<p>Amfetam\u00edny sa vo v\u0161eobecnosti preh\u013ataj\u00fa, injek\u010dne pod\u00e1vaj\u00fa alebo faj\u010dia. S\u00fa tie\u017e odfl\u00e1knut\u00e9. K\u00fapte si amfetam\u00ednov\u00fd pr\u00e1\u0161ok online.<\/p>\n<h3>\u00da\u010dinky amfetam\u00ednov<\/h3>\n<p>Po prv\u00e9, amfetam\u00edny ovplyv\u0148uj\u00fa ka\u017ed\u00e9ho inak, v z\u00e1vislosti od ve\u013ekosti, hmotnosti a zdravotn\u00e9ho stavu, od toho, \u010di je dan\u00fd \u010dlovek zvyknut\u00fd u\u017e\u00edva\u0165, \u010di in\u00e9 drogy prijat\u00e9 pribli\u017ene v rovnakom \u010dase, prijat\u00e9 mno\u017estvo, sila lieku (l\u00ed\u0161i sa od \u0161ar\u017ee k \u0161ar\u017ei pri neleg\u00e1lne vyroben\u00fdch drog\u00e1ch). K\u00fapte si amfetam\u00edn online.<\/p>\n<p>\u00da\u010dinok amfetam\u00ednov sa preto m\u00f4\u017ee prejavi\u0165 okam\u017eite (pri injek\u010dnom podan\u00ed alebo faj\u010den\u00ed) alebo do 30 min\u00fat (v pr\u00edpade \u0161nupania alebo prehltnutia). K\u00fapte si amfetam\u00edn online.<\/p>\n<p>Okrem toho sa m\u00f4\u017eu prejavi\u0165 tieto \u00fa\u010dinky:<\/p>\n<ul>\n<li>\u0160\u0165astie a sebad\u00f4vera<\/li>\n<li>Viac rozpr\u00e1va\u0165 a c\u00edti\u0165 sa energicky<\/li>\n<li>Opakovanie jednoduch\u00fdch vec\u00ed, ako je svrbenie a \u0161krabanie<\/li>\n<li>Ve\u013ek\u00e9 zreni\u010dky a sucho v \u00fastach<\/li>\n<li>R\u00fdchly tlkot srdca a d\u00fdchanie<\/li>\n<li>\u0160kr\u00edpanie zubov<\/li>\n<li>Zn\u00ed\u017een\u00e9 apet\u00edt<\/li>\n<li>Nadmern\u00e9 potenie<\/li>\n<li>Zv\u00fd\u0161en\u00fd sexu\u00e1lny apet\u00edt<\/li>\n<\/ul>\n<p>\u010ealej u\u017e\u00edvanie tlmiacej drogy, ako je alkohol, benzodiazep\u00edny alebo kanabis, na pomoc down&#8217; \u00fa\u010dinky m\u00f4\u017eu vies\u0165 k cyklu z\u00e1vislosti od oboch typov drog. Okrem toho si k\u00fapte amfetam\u00edn online. <a href=\"https:\/\/gooddealersmeds.com\/sk\/product\/amphetamine-capsule\/\">Amfetam\u00edn vysokej kvality na predaj<\/a><\/p>\n<h3>Amfetam\u00ednov\u00e1 psych\u00f3za<\/h3>\n<p>A vysok\u00e1 d\u00e1vky a \u010dast\u00e9 nadmern\u00e9 u\u017e\u00edvanie m\u00f4\u017ee tie\u017e sp\u00f4sobi\u0165 \u201eamfetam\u00ednov\u00fa psych\u00f3zu\u201c, ktor\u00e1 sa vyzna\u010duje paranoidn\u00fdmi bludmi, halucin\u00e1ciami a neprirodzen\u00fdm agres\u00edvnym alebo n\u00e1siln\u00fdm spr\u00e1van\u00edm. Tieto pr\u00edznaky tie\u017e zvy\u010dajne vymizn\u00fa nieko\u013eko dn\u00ed po tom, \u010do osoba prestane u\u017e\u00edva\u0165 amfetam\u00edny.<\/p>\n<h3>Mie\u0161anie amfetam\u00ednov s in\u00fdmi drogami<\/h3>\n<p>Po prv\u00e9, liekov\u00e9 interakcie m\u00f4\u017eu zmeni\u0165 sp\u00f4sob \u00fa\u010dinku amfetam\u00ednu alebo zv\u00fd\u0161i\u0165 riziko z\u00e1va\u017en\u00fdch ved\u013eaj\u0161ie \u00fa\u010dinky. Uchovajte si zoznam v\u0161etk\u00fdch produktov, ktor\u00e9 pou\u017e\u00edvate (vr\u00e1tane liekov na predpis alebo bez lek\u00e1rskeho predpisu a rastlinn\u00fdch produktov) a zdie\u013eajte ho s nami:<\/p>\n<p>Okrem toho amfetam\u00edny a niektor\u00e9 antidepres\u00edva m\u00f4\u017eu zv\u00fd\u0161i\u0165 krvn\u00fd tlak, \u010do m\u00f4\u017ee vies\u0165 k nepravideln\u00e9mu srdcov\u00e9mu rytmu , srdcov\u00e9 zlyhanie a m\u0155tvica. Najkvalitnej\u0161\u00ed amfetam\u00edn na predaj online na <span style=\"color: #333333\"><a style=\"color: #333333\" href=\"https:\/\/gooddealersmeds.com\/sk\/\">Leds Good Dealers<\/a> <\/span>.<\/p>\n<p>Tie\u017e mie\u0161anie amfetam\u00ednov s alkoholom, kanabisom alebo benzodiazep\u00edny vystavuj\u00fa telo vysok\u00e9mu stup\u0148u stresu, preto\u017ee sa pok\u00fa\u0161a vyrovna\u0165 s protichodn\u00fdmi \u00fa\u010dinkami oboch typov drog, \u010do m\u00f4\u017ee vies\u0165 k pred\u00e1vkovaniu. Amfetam\u00edn na predaj.<\/p>\n","protected":false},"excerpt":{"rendered":"<p>Nakupujte amfetam\u00edn online od d\u00f4veryhodn\u00e9ho dod\u00e1vate\u013ea a z\u00edskajte najlep\u0161iu kvalitu. Pon\u00fakame v\u00e1m najlep\u0161\u00ed z\u00e1\u017eitok z prepravy. K\u00fapte si metamfetam\u00edn.<\/p>\n","protected":false},"featured_media":1950,"comment_status":"open","ping_status":"closed","template":"","meta":{"inline_featured_image":false},"product_brand":[],"product_cat":[346],"product_tag":[],"class_list":{"0":"post-1582","1":"product","2":"type-product","3":"status-publish","4":"has-post-thumbnail","6":"product_cat-stimulanty","7":"pa_pills-100-pills","8":"pa_pills-1000-pills","9":"pa_pills-30-pills","10":"pa_pills-300-pills","11":"pa_pills-50-pills","12":"pa_pills-500-pills","14":"first","15":"instock","16":"featured","17":"shipping-taxable","18":"purchasable","19":"product-type-variable","20":"has-default-attributes"},"yoast_head":"<!-- This site is optimized with the Yoast SEO Premium plugin v20.6 (Yoast SEO v27.4) - https:\/\/yoast.com\/product\/yoast-seo-premium-wordpress\/ -->\n<title>K\u00fapi\u0165 amfetam\u00edn online - amfetam\u00edn na predaj | Dobr\u00ed predajcovia liekov<\/title>\n<meta name=\"description\" content=\"K\u00fapte si amfetam\u00edn online za n\u00edzku cenu od Good Dealers Meds v najlep\u0161ej kvalite na lie\u010dbu ADHD, narkolepsie a obezity.\" \/>\n<meta name=\"robots\" content=\"index, follow, max-snippet:-1, max-image-preview:large, max-video-preview:-1\" \/>\n<link rel=\"canonical\" href=\"https:\/\/gooddealersmeds.com\/sk\/product\/amfetaminova-kapsula\/\" \/>\n<meta property=\"og:locale\" content=\"en_US\" \/>\n<meta property=\"og:type\" content=\"article\" \/>\n<meta property=\"og:title\" content=\"K\u00fapte si amfetam\u00ednov\u00fa kapsulu online\" \/>\n<meta property=\"og:description\" content=\"K\u00fapte si amfetam\u00edn online za n\u00edzku cenu od Good Dealers Meds v najlep\u0161ej kvalite na lie\u010dbu ADHD, narkolepsie a obezity.\" \/>\n<meta property=\"og:url\" content=\"https:\/\/gooddealersmeds.com\/sk\/product\/amfetaminova-kapsula\/\" \/>\n<meta property=\"og:site_name\" content=\"Good Dealers Meds\" \/>\n<meta property=\"article:modified_time\" content=\"2022-10-03T22:08:01+00:00\" \/>\n<meta property=\"og:image\" content=\"https:\/\/gooddealersmeds.com\/sk\/wp-content\/uploads\/sites\/9\/2022\/03\/Amphetamine-Capsule.jpg\" \/>\n\t<meta property=\"og:image:width\" content=\"400\" \/>\n\t<meta property=\"og:image:height\" content=\"533\" \/>\n\t<meta property=\"og:image:type\" content=\"image\/jpeg\" \/>\n<meta name=\"twitter:card\" content=\"summary_large_image\" \/>\n<meta name=\"twitter:label1\" content=\"Est. reading time\" \/>\n\t<meta name=\"twitter:data1\" content=\"4 minutes\" \/>\n<script type=\"application\/ld+json\" class=\"yoast-schema-graph\">{\"@context\":\"https:\\\/\\\/schema.org\",\"@graph\":[{\"@type\":\"WebPage\",\"@id\":\"https:\\\/\\\/gooddealersmeds.com\\\/sk\\\/product\\\/amfetaminova-kapsula\\\/\",\"url\":\"https:\\\/\\\/gooddealersmeds.com\\\/sk\\\/product\\\/amfetaminova-kapsula\\\/\",\"name\":\"K\u00fapi\u0165 amfetam\u00edn online - amfetam\u00edn na predaj | Dobr\u00ed predajcovia liekov\",\"isPartOf\":{\"@id\":\"https:\\\/\\\/gooddealersmeds.com\\\/sk\\\/#website\"},\"primaryImageOfPage\":{\"@id\":\"https:\\\/\\\/gooddealersmeds.com\\\/sk\\\/product\\\/amfetaminova-kapsula\\\/#primaryimage\"},\"image\":{\"@id\":\"https:\\\/\\\/gooddealersmeds.com\\\/sk\\\/product\\\/amfetaminova-kapsula\\\/#primaryimage\"},\"thumbnailUrl\":\"https:\\\/\\\/gooddealersmeds.com\\\/sk\\\/wp-content\\\/uploads\\\/sites\\\/9\\\/2022\\\/03\\\/Amphetamine-Capsule.jpg\",\"datePublished\":\"2022-03-18T23:46:33+00:00\",\"dateModified\":\"2022-10-03T22:08:01+00:00\",\"description\":\"K\u00fapte si amfetam\u00edn online za n\u00edzku cenu od Good Dealers Meds v najlep\u0161ej kvalite na lie\u010dbu ADHD, narkolepsie a obezity.\",\"breadcrumb\":{\"@id\":\"https:\\\/\\\/gooddealersmeds.com\\\/sk\\\/product\\\/amfetaminova-kapsula\\\/#breadcrumb\"},\"inLanguage\":\"en-US\",\"potentialAction\":[{\"@type\":\"ReadAction\",\"target\":[\"https:\\\/\\\/gooddealersmeds.com\\\/sk\\\/product\\\/amfetaminova-kapsula\\\/\"]}]},{\"@type\":\"ImageObject\",\"inLanguage\":\"en-US\",\"@id\":\"https:\\\/\\\/gooddealersmeds.com\\\/sk\\\/product\\\/amfetaminova-kapsula\\\/#primaryimage\",\"url\":\"https:\\\/\\\/gooddealersmeds.com\\\/sk\\\/wp-content\\\/uploads\\\/sites\\\/9\\\/2022\\\/03\\\/Amphetamine-Capsule.jpg\",\"contentUrl\":\"https:\\\/\\\/gooddealersmeds.com\\\/sk\\\/wp-content\\\/uploads\\\/sites\\\/9\\\/2022\\\/03\\\/Amphetamine-Capsule.jpg\",\"width\":400,\"height\":533,\"caption\":\"Buy Amphetamine Online\"},{\"@type\":\"BreadcrumbList\",\"@id\":\"https:\\\/\\\/gooddealersmeds.com\\\/sk\\\/product\\\/amfetaminova-kapsula\\\/#breadcrumb\",\"itemListElement\":[{\"@type\":\"ListItem\",\"position\":1,\"name\":\"Home\",\"item\":\"https:\\\/\\\/gooddealersmeds.com\\\/sk\\\/\"},{\"@type\":\"ListItem\",\"position\":2,\"name\":\"Produkty\",\"item\":\"https:\\\/\\\/gooddealersmeds.com\\\/sk\\\/produkty\\\/\"},{\"@type\":\"ListItem\",\"position\":3,\"name\":\"K\u00fapte si amfetam\u00ednov\u00fa kapsulu online\"}]},{\"@type\":\"WebSite\",\"@id\":\"https:\\\/\\\/gooddealersmeds.com\\\/sk\\\/#website\",\"url\":\"https:\\\/\\\/gooddealersmeds.com\\\/sk\\\/\",\"name\":\"Good Dealers Meds\",\"description\":\"All our best\",\"publisher\":{\"@id\":\"https:\\\/\\\/gooddealersmeds.com\\\/sk\\\/#organization\"},\"potentialAction\":[{\"@type\":\"SearchAction\",\"target\":{\"@type\":\"EntryPoint\",\"urlTemplate\":\"https:\\\/\\\/gooddealersmeds.com\\\/sk\\\/?s={search_term_string}\"},\"query-input\":{\"@type\":\"PropertyValueSpecification\",\"valueRequired\":true,\"valueName\":\"search_term_string\"}}],\"inLanguage\":\"en-US\"},{\"@type\":\"Organization\",\"@id\":\"https:\\\/\\\/gooddealersmeds.com\\\/sk\\\/#organization\",\"name\":\"Good Dealers Meds\",\"url\":\"https:\\\/\\\/gooddealersmeds.com\\\/sk\\\/\",\"logo\":{\"@type\":\"ImageObject\",\"inLanguage\":\"en-US\",\"@id\":\"https:\\\/\\\/gooddealersmeds.com\\\/sk\\\/#\\\/schema\\\/logo\\\/image\\\/\",\"url\":\"https:\\\/\\\/gooddealersmeds.com\\\/sk\\\/wp-content\\\/uploads\\\/sites\\\/9\\\/2022\\\/03\\\/gooddealersmeds__logo__20220317T222800Z.00.png\",\"contentUrl\":\"https:\\\/\\\/gooddealersmeds.com\\\/sk\\\/wp-content\\\/uploads\\\/sites\\\/9\\\/2022\\\/03\\\/gooddealersmeds__logo__20220317T222800Z.00.png\",\"width\":500,\"height\":325,\"caption\":\"Good Dealers Meds\"},\"image\":{\"@id\":\"https:\\\/\\\/gooddealersmeds.com\\\/sk\\\/#\\\/schema\\\/logo\\\/image\\\/\"}}]}<\/script>\n<!-- \/ Yoast SEO Premium plugin. -->","yoast_head_json":{"title":"K\u00fapi\u0165 amfetam\u00edn online - amfetam\u00edn na predaj | Dobr\u00ed predajcovia liekov","description":"K\u00fapte si amfetam\u00edn online za n\u00edzku cenu od Good Dealers Meds v najlep\u0161ej kvalite na lie\u010dbu ADHD, narkolepsie a obezity.","robots":{"index":"index","follow":"follow","max-snippet":"max-snippet:-1","max-image-preview":"max-image-preview:large","max-video-preview":"max-video-preview:-1"},"canonical":"https:\/\/gooddealersmeds.com\/sk\/product\/amfetaminova-kapsula\/","og_locale":"en_US","og_type":"article","og_title":"K\u00fapte si amfetam\u00ednov\u00fa kapsulu online","og_description":"K\u00fapte si amfetam\u00edn online za n\u00edzku cenu od Good Dealers Meds v najlep\u0161ej kvalite na lie\u010dbu ADHD, narkolepsie a obezity.","og_url":"https:\/\/gooddealersmeds.com\/sk\/product\/amfetaminova-kapsula\/","og_site_name":"Good Dealers Meds","article_modified_time":"2022-10-03T22:08:01+00:00","og_image":[{"width":400,"height":533,"url":"https:\/\/gooddealersmeds.com\/sk\/wp-content\/uploads\/sites\/9\/2022\/03\/Amphetamine-Capsule.jpg","type":"image\/jpeg"}],"twitter_card":"summary_large_image","twitter_misc":{"Est. reading time":"4 minutes"},"schema":{"@context":"https:\/\/schema.org","@graph":[{"@type":"WebPage","@id":"https:\/\/gooddealersmeds.com\/sk\/product\/amfetaminova-kapsula\/","url":"https:\/\/gooddealersmeds.com\/sk\/product\/amfetaminova-kapsula\/","name":"K\u00fapi\u0165 amfetam\u00edn online - amfetam\u00edn na predaj | Dobr\u00ed predajcovia liekov","isPartOf":{"@id":"https:\/\/gooddealersmeds.com\/sk\/#website"},"primaryImageOfPage":{"@id":"https:\/\/gooddealersmeds.com\/sk\/product\/amfetaminova-kapsula\/#primaryimage"},"image":{"@id":"https:\/\/gooddealersmeds.com\/sk\/product\/amfetaminova-kapsula\/#primaryimage"},"thumbnailUrl":"https:\/\/gooddealersmeds.com\/sk\/wp-content\/uploads\/sites\/9\/2022\/03\/Amphetamine-Capsule.jpg","datePublished":"2022-03-18T23:46:33+00:00","dateModified":"2022-10-03T22:08:01+00:00","description":"K\u00fapte si amfetam\u00edn online za n\u00edzku cenu od Good Dealers Meds v najlep\u0161ej kvalite na lie\u010dbu ADHD, narkolepsie a obezity.","breadcrumb":{"@id":"https:\/\/gooddealersmeds.com\/sk\/product\/amfetaminova-kapsula\/#breadcrumb"},"inLanguage":"en-US","potentialAction":[{"@type":"ReadAction","target":["https:\/\/gooddealersmeds.com\/sk\/product\/amfetaminova-kapsula\/"]}]},{"@type":"ImageObject","inLanguage":"en-US","@id":"https:\/\/gooddealersmeds.com\/sk\/product\/amfetaminova-kapsula\/#primaryimage","url":"https:\/\/gooddealersmeds.com\/sk\/wp-content\/uploads\/sites\/9\/2022\/03\/Amphetamine-Capsule.jpg","contentUrl":"https:\/\/gooddealersmeds.com\/sk\/wp-content\/uploads\/sites\/9\/2022\/03\/Amphetamine-Capsule.jpg","width":400,"height":533,"caption":"Buy Amphetamine Online"},{"@type":"BreadcrumbList","@id":"https:\/\/gooddealersmeds.com\/sk\/product\/amfetaminova-kapsula\/#breadcrumb","itemListElement":[{"@type":"ListItem","position":1,"name":"Home","item":"https:\/\/gooddealersmeds.com\/sk\/"},{"@type":"ListItem","position":2,"name":"Produkty","item":"https:\/\/gooddealersmeds.com\/sk\/produkty\/"},{"@type":"ListItem","position":3,"name":"K\u00fapte si amfetam\u00ednov\u00fa kapsulu online"}]},{"@type":"WebSite","@id":"https:\/\/gooddealersmeds.com\/sk\/#website","url":"https:\/\/gooddealersmeds.com\/sk\/","name":"Good Dealers Meds","description":"All our best","publisher":{"@id":"https:\/\/gooddealersmeds.com\/sk\/#organization"},"potentialAction":[{"@type":"SearchAction","target":{"@type":"EntryPoint","urlTemplate":"https:\/\/gooddealersmeds.com\/sk\/?s={search_term_string}"},"query-input":{"@type":"PropertyValueSpecification","valueRequired":true,"valueName":"search_term_string"}}],"inLanguage":"en-US"},{"@type":"Organization","@id":"https:\/\/gooddealersmeds.com\/sk\/#organization","name":"Good Dealers Meds","url":"https:\/\/gooddealersmeds.com\/sk\/","logo":{"@type":"ImageObject","inLanguage":"en-US","@id":"https:\/\/gooddealersmeds.com\/sk\/#\/schema\/logo\/image\/","url":"https:\/\/gooddealersmeds.com\/sk\/wp-content\/uploads\/sites\/9\/2022\/03\/gooddealersmeds__logo__20220317T222800Z.00.png","contentUrl":"https:\/\/gooddealersmeds.com\/sk\/wp-content\/uploads\/sites\/9\/2022\/03\/gooddealersmeds__logo__20220317T222800Z.00.png","width":500,"height":325,"caption":"Good Dealers Meds"},"image":{"@id":"https:\/\/gooddealersmeds.com\/sk\/#\/schema\/logo\/image\/"}}]}},"_links":{"self":[{"href":"https:\/\/gooddealersmeds.com\/sk\/wp-json\/wp\/v2\/product\/1582","targetHints":{"allow":["GET"]}}],"collection":[{"href":"https:\/\/gooddealersmeds.com\/sk\/wp-json\/wp\/v2\/product"}],"about":[{"href":"https:\/\/gooddealersmeds.com\/sk\/wp-json\/wp\/v2\/types\/product"}],"replies":[{"embeddable":true,"href":"https:\/\/gooddealersmeds.com\/sk\/wp-json\/wp\/v2\/comments?post=1582"}],"wp:featuredmedia":[{"embeddable":true,"href":"https:\/\/gooddealersmeds.com\/sk\/wp-json\/wp\/v2\/media\/1950"}],"wp:attachment":[{"href":"https:\/\/gooddealersmeds.com\/sk\/wp-json\/wp\/v2\/media?parent=1582"}],"wp:term":[{"taxonomy":"product_brand","embeddable":true,"href":"https:\/\/gooddealersmeds.com\/sk\/wp-json\/wp\/v2\/product_brand?post=1582"},{"taxonomy":"product_cat","embeddable":true,"href":"https:\/\/gooddealersmeds.com\/sk\/wp-json\/wp\/v2\/product_cat?post=1582"},{"taxonomy":"product_tag","embeddable":true,"href":"https:\/\/gooddealersmeds.com\/sk\/wp-json\/wp\/v2\/product_tag?post=1582"}],"curies":[{"name":"wp","href":"https:\/\/api.w.org\/{rel}","templated":true}]}}