{"id":1572,"date":"2022-03-18T01:52:51","date_gmt":"2022-03-18T01:52:51","guid":{"rendered":"https:\/\/gooddealersmeds.com\/sk\/?post_type=product&#038;p=1572"},"modified":"2022-10-03T22:08:09","modified_gmt":"2022-10-03T22:08:09","slug":"mdma-extaza-alebo-molly","status":"publish","type":"product","link":"https:\/\/gooddealersmeds.com\/sk\/product\/mdma-extaza-alebo-molly\/","title":{"rendered":"MDMA (ext\u00e1za alebo Molly)"},"content":{"rendered":"<p><strong>K\u00fapi\u0165 MDMA online (MOLLY\/EXSTASY)<\/strong><\/p>\n<p>&#8220;<strong><em>K\u00fapi\u0165 MDMA online&#8221; <\/em><\/strong>od <span><a style=\"color: #333333\" href=\"https:\/\/gooddealersmeds.com\/sk\/\">Ledky Good Dealers<\/a><\/span>. MDMA alebo 3,4-metyl\u00e9ndioxymetamfetam\u00edn be\u017ene ozna\u010dovan\u00fd ako <a href=\"https:\/\/gooddealersmeds.com\/sk\/product\/mdma-ecstasy-or-molly\/\">ext\u00e1za<\/a> m\u00f4\u017ee by\u0165 droga, ktor\u00e1 men\u00ed myse\u013e prim\u00e1rne pou\u017e\u00edvan\u00e9 ako <span style=\"color: #333333\"><a style=\"color: #333333\" href=\"https:\/\/en.wikipedia.org\/wiki\/Narcotic\">narkotikum<\/a>. Po\u017eadovan\u00e9 \u00fa\u010dinky MDMA zah\u0155\u0148aj\u00fa zmenen\u00e9 pocity a zv\u00fd\u0161en\u00fa energiu, empatiu a pote\u0161enie.<\/p>\n<p>ABON MDMA test je r\u00fdchly, jednokrokov\u00fd imunochromatografick\u00fd test ur\u010den\u00fd na kvalitat\u00edvnu detekciu metabolitu lieku v \u013eudskom mo\u010di na hranici koncentr\u00e1cia.<\/p>\n<p>V\u00e4\u010d\u0161ina predch\u00e1dzaj\u00faceho v\u00fdskumu sa s\u00fastredila na nebezpe\u010denstv\u00e1 spojen\u00e9 s neklinick\u00fdm (\u201erekrea\u010dn\u00fdm\u201c) pou\u017e\u00edvan\u00edm MDMA. T\u00e9mu, \u010di rekrea\u010dn\u00ed u\u017e\u00edvatelia MDMA m\u00f4\u017eu poci\u0165ova\u0165 nejak\u00e9 priazniv\u00e9 dlhodob\u00e9 \u00fa\u010dinky u\u017e\u00edvania MDMA, vyvol\u00e1vaj\u00fa potenci\u00e1lne v\u00fdhody, ktor\u00e9 prin\u00e1\u0161a psychoterapia s asistenciou MDMA.<\/p>\n<p><strong>AKO OVPLYV\u0147UJE MDMA MOZOG?<\/p>\n<p> strong&gt;<\/p>\n<p>MDMA zvy\u0161uje aktivity troch mozgov\u00fdch chemik\u00e1li\u00ed, ktor\u00fdmi s\u00fa:<\/p>\n<ul>\n<li>DOPAM\u00cdN zvy\u0161uje energiu\/aktivitu a p\u00f4sob\u00ed ako syst\u00e9m na posilnenie spr\u00e1vania.<\/li>\n<li>NOREPINEFR\u00cdN \u2013 zvy\u0161uje pulz a vit\u00e1lne funkcie, ktor\u00e9 s\u00fa rizikov\u00e9 pre \u013eud\u00ed so srdcov\u00fdmi a cievnymi probl\u00e9mami.<\/li>\n<li>SEROTON\u00cdN \u2013 ovplyv\u0148uje n\u00e1ladu, chu\u0165 do jedla, sp\u00e1nok a \u010fal\u0161ie funkcie. Tie\u017e sp\u00fa\u0161\u0165a horm\u00f3ny, ktor\u00e9 m\u00f4\u017eu ovplyvni\u0165 sexu\u00e1lne vzru\u0161enie a d\u00f4veru. Uvo\u013e\u0148ovanie obrovsk\u00e9ho mno\u017estva seroton\u00ednu m\u00f4\u017ee pravdepodobne sp\u00f4sobi\u0165 emocion\u00e1lnu bl\u00edzkos\u0165, pozdvihnutie n\u00e1lady a empatiu, ktor\u00fa poci\u0165uj\u00fa t\u00ed, ktor\u00ed u\u017e\u00edvaj\u00fa MDMA.<\/li>\n<\/ul>\n<p><strong>\u010eAL\u0160IE \u00da\u010cINKY NA ZDRAVIE MAJ\u00da:<\/strong><\/p>\n<ul>\n<li>Nevo\u013enos\u0165<\/li>\n<li>Svalov\u00e9 k\u0155\u010de<\/li>\n<li>Nedobrovo\u013en\u00e9 zat\u00ednanie zubov<\/li>\n<li>Rozmazan\u00e9 videnie<\/li>\n<li>zimnica<\/li>\n<li>Potenie<\/li>\n<\/ul>\n","protected":false},"excerpt":{"rendered":"<p>MDMA alebo 3,4-metyl\u00e9ndioxymetamfetam\u00edn be\u017ene ozna\u010dovan\u00fd ako ext\u00e1za m\u00f4\u017ee by\u0165 drogou meniacou myse\u013e, ktor\u00e1 sa prim\u00e1rne pou\u017e\u00edva ako narkotikum. Po\u017eadovan\u00e9 \u00fa\u010dinky MDMA zah\u0155\u0148aj\u00fa zmenen\u00e9 pocity a zv\u00fd\u0161en\u00fa energiu, empatiu a pote\u0161enie.<\/p>\n","protected":false},"featured_media":1581,"comment_status":"open","ping_status":"closed","template":"","meta":{"inline_featured_image":false},"product_brand":[],"product_cat":[345],"product_tag":[],"class_list":{"0":"post-1572","1":"product","2":"type-product","3":"status-publish","4":"has-post-thumbnail","6":"product_cat-psychedelick-drogy","7":"pa_pills-100-pills","8":"pa_pills-1000-pills","9":"pa_pills-30-pills","10":"pa_pills-300-pills","11":"pa_pills-50-pills","12":"pa_pills-500-pills","14":"first","15":"instock","16":"featured","17":"shipping-taxable","18":"purchasable","19":"product-type-variable","20":"has-default-attributes"},"yoast_head":"<!-- This site is optimized with the Yoast SEO Premium plugin v20.6 (Yoast SEO v27.3) - https:\/\/yoast.com\/product\/yoast-seo-premium-wordpress\/ -->\n<title>K\u00fapi\u0165 MDMA online bez lek\u00e1rskeho predpisu | Dobr\u00ed predajcovia liekov<\/title>\n<meta name=\"description\" content=\"K\u00fapi\u0165 MDMA online, be\u017ene ozna\u010dovan\u00e9 ako ext\u00e1za, m\u00f4\u017ee by\u0165 drogou meniacou myse\u013e, ktor\u00e1 sa prim\u00e1rne pou\u017e\u00edva ako narkotikum od Good Dealers Meds.\" \/>\n<meta name=\"robots\" content=\"index, follow, max-snippet:-1, max-image-preview:large, max-video-preview:-1\" \/>\n<link rel=\"canonical\" href=\"https:\/\/gooddealersmeds.com\/sk\/product\/mdma-extaza-alebo-molly\/\" \/>\n<meta property=\"og:locale\" content=\"en_US\" \/>\n<meta property=\"og:type\" content=\"article\" \/>\n<meta property=\"og:title\" content=\"MDMA (ext\u00e1za alebo Molly)\" \/>\n<meta property=\"og:description\" content=\"K\u00fapi\u0165 MDMA online, be\u017ene ozna\u010dovan\u00e9 ako ext\u00e1za, m\u00f4\u017ee by\u0165 drogou meniacou myse\u013e, ktor\u00e1 sa prim\u00e1rne pou\u017e\u00edva ako narkotikum od Good Dealers Meds.\" \/>\n<meta property=\"og:url\" content=\"https:\/\/gooddealersmeds.com\/sk\/product\/mdma-extaza-alebo-molly\/\" \/>\n<meta property=\"og:site_name\" content=\"Good Dealers Meds\" \/>\n<meta property=\"article:modified_time\" content=\"2022-10-03T22:08:09+00:00\" \/>\n<meta property=\"og:image\" content=\"https:\/\/gooddealersmeds.com\/sk\/wp-content\/uploads\/sites\/9\/2022\/03\/MDMA-Ecstasy-or-Molly-1.jpeg\" \/>\n\t<meta property=\"og:image:width\" content=\"600\" \/>\n\t<meta property=\"og:image:height\" content=\"600\" \/>\n\t<meta property=\"og:image:type\" content=\"image\/jpeg\" \/>\n<meta name=\"twitter:card\" content=\"summary_large_image\" \/>\n<meta name=\"twitter:label1\" content=\"Est. reading time\" \/>\n\t<meta name=\"twitter:data1\" content=\"1 minute\" \/>\n<script type=\"application\/ld+json\" class=\"yoast-schema-graph\">{\"@context\":\"https:\\\/\\\/schema.org\",\"@graph\":[{\"@type\":\"WebPage\",\"@id\":\"https:\\\/\\\/gooddealersmeds.com\\\/sk\\\/product\\\/mdma-extaza-alebo-molly\\\/\",\"url\":\"https:\\\/\\\/gooddealersmeds.com\\\/sk\\\/product\\\/mdma-extaza-alebo-molly\\\/\",\"name\":\"K\u00fapi\u0165 MDMA online bez lek\u00e1rskeho predpisu | Dobr\u00ed predajcovia liekov\",\"isPartOf\":{\"@id\":\"https:\\\/\\\/gooddealersmeds.com\\\/sk\\\/#website\"},\"primaryImageOfPage\":{\"@id\":\"https:\\\/\\\/gooddealersmeds.com\\\/sk\\\/product\\\/mdma-extaza-alebo-molly\\\/#primaryimage\"},\"image\":{\"@id\":\"https:\\\/\\\/gooddealersmeds.com\\\/sk\\\/product\\\/mdma-extaza-alebo-molly\\\/#primaryimage\"},\"thumbnailUrl\":\"https:\\\/\\\/gooddealersmeds.com\\\/sk\\\/wp-content\\\/uploads\\\/sites\\\/9\\\/2022\\\/03\\\/MDMA-Ecstasy-or-Molly-1.jpeg\",\"datePublished\":\"2022-03-18T01:52:51+00:00\",\"dateModified\":\"2022-10-03T22:08:09+00:00\",\"description\":\"K\u00fapi\u0165 MDMA online, be\u017ene ozna\u010dovan\u00e9 ako ext\u00e1za, m\u00f4\u017ee by\u0165 drogou meniacou myse\u013e, ktor\u00e1 sa prim\u00e1rne pou\u017e\u00edva ako narkotikum od Good Dealers Meds.\",\"breadcrumb\":{\"@id\":\"https:\\\/\\\/gooddealersmeds.com\\\/sk\\\/product\\\/mdma-extaza-alebo-molly\\\/#breadcrumb\"},\"inLanguage\":\"en-US\",\"potentialAction\":[{\"@type\":\"ReadAction\",\"target\":[\"https:\\\/\\\/gooddealersmeds.com\\\/sk\\\/product\\\/mdma-extaza-alebo-molly\\\/\"]}]},{\"@type\":\"ImageObject\",\"inLanguage\":\"en-US\",\"@id\":\"https:\\\/\\\/gooddealersmeds.com\\\/sk\\\/product\\\/mdma-extaza-alebo-molly\\\/#primaryimage\",\"url\":\"https:\\\/\\\/gooddealersmeds.com\\\/sk\\\/wp-content\\\/uploads\\\/sites\\\/9\\\/2022\\\/03\\\/MDMA-Ecstasy-or-Molly-1.jpeg\",\"contentUrl\":\"https:\\\/\\\/gooddealersmeds.com\\\/sk\\\/wp-content\\\/uploads\\\/sites\\\/9\\\/2022\\\/03\\\/MDMA-Ecstasy-or-Molly-1.jpeg\",\"width\":600,\"height\":600,\"caption\":\"Buy MDMA Online\"},{\"@type\":\"BreadcrumbList\",\"@id\":\"https:\\\/\\\/gooddealersmeds.com\\\/sk\\\/product\\\/mdma-extaza-alebo-molly\\\/#breadcrumb\",\"itemListElement\":[{\"@type\":\"ListItem\",\"position\":1,\"name\":\"Home\",\"item\":\"https:\\\/\\\/gooddealersmeds.com\\\/sk\\\/\"},{\"@type\":\"ListItem\",\"position\":2,\"name\":\"Produkty\",\"item\":\"https:\\\/\\\/gooddealersmeds.com\\\/sk\\\/produkty\\\/\"},{\"@type\":\"ListItem\",\"position\":3,\"name\":\"MDMA (ext\u00e1za alebo Molly)\"}]},{\"@type\":\"WebSite\",\"@id\":\"https:\\\/\\\/gooddealersmeds.com\\\/sk\\\/#website\",\"url\":\"https:\\\/\\\/gooddealersmeds.com\\\/sk\\\/\",\"name\":\"Good Dealers Meds\",\"description\":\"All our best\",\"publisher\":{\"@id\":\"https:\\\/\\\/gooddealersmeds.com\\\/sk\\\/#organization\"},\"potentialAction\":[{\"@type\":\"SearchAction\",\"target\":{\"@type\":\"EntryPoint\",\"urlTemplate\":\"https:\\\/\\\/gooddealersmeds.com\\\/sk\\\/?s={search_term_string}\"},\"query-input\":{\"@type\":\"PropertyValueSpecification\",\"valueRequired\":true,\"valueName\":\"search_term_string\"}}],\"inLanguage\":\"en-US\"},{\"@type\":\"Organization\",\"@id\":\"https:\\\/\\\/gooddealersmeds.com\\\/sk\\\/#organization\",\"name\":\"Good Dealers Meds\",\"url\":\"https:\\\/\\\/gooddealersmeds.com\\\/sk\\\/\",\"logo\":{\"@type\":\"ImageObject\",\"inLanguage\":\"en-US\",\"@id\":\"https:\\\/\\\/gooddealersmeds.com\\\/sk\\\/#\\\/schema\\\/logo\\\/image\\\/\",\"url\":\"https:\\\/\\\/gooddealersmeds.com\\\/sk\\\/wp-content\\\/uploads\\\/sites\\\/9\\\/2022\\\/03\\\/gooddealersmeds__logo__20220317T222800Z.00.png\",\"contentUrl\":\"https:\\\/\\\/gooddealersmeds.com\\\/sk\\\/wp-content\\\/uploads\\\/sites\\\/9\\\/2022\\\/03\\\/gooddealersmeds__logo__20220317T222800Z.00.png\",\"width\":500,\"height\":325,\"caption\":\"Good Dealers Meds\"},\"image\":{\"@id\":\"https:\\\/\\\/gooddealersmeds.com\\\/sk\\\/#\\\/schema\\\/logo\\\/image\\\/\"}}]}<\/script>\n<!-- \/ Yoast SEO Premium plugin. -->","yoast_head_json":{"title":"K\u00fapi\u0165 MDMA online bez lek\u00e1rskeho predpisu | Dobr\u00ed predajcovia liekov","description":"K\u00fapi\u0165 MDMA online, be\u017ene ozna\u010dovan\u00e9 ako ext\u00e1za, m\u00f4\u017ee by\u0165 drogou meniacou myse\u013e, ktor\u00e1 sa prim\u00e1rne pou\u017e\u00edva ako narkotikum od Good Dealers Meds.","robots":{"index":"index","follow":"follow","max-snippet":"max-snippet:-1","max-image-preview":"max-image-preview:large","max-video-preview":"max-video-preview:-1"},"canonical":"https:\/\/gooddealersmeds.com\/sk\/product\/mdma-extaza-alebo-molly\/","og_locale":"en_US","og_type":"article","og_title":"MDMA (ext\u00e1za alebo Molly)","og_description":"K\u00fapi\u0165 MDMA online, be\u017ene ozna\u010dovan\u00e9 ako ext\u00e1za, m\u00f4\u017ee by\u0165 drogou meniacou myse\u013e, ktor\u00e1 sa prim\u00e1rne pou\u017e\u00edva ako narkotikum od Good Dealers Meds.","og_url":"https:\/\/gooddealersmeds.com\/sk\/product\/mdma-extaza-alebo-molly\/","og_site_name":"Good Dealers Meds","article_modified_time":"2022-10-03T22:08:09+00:00","og_image":[{"width":600,"height":600,"url":"https:\/\/gooddealersmeds.com\/sk\/wp-content\/uploads\/sites\/9\/2022\/03\/MDMA-Ecstasy-or-Molly-1.jpeg","type":"image\/jpeg"}],"twitter_card":"summary_large_image","twitter_misc":{"Est. reading time":"1 minute"},"schema":{"@context":"https:\/\/schema.org","@graph":[{"@type":"WebPage","@id":"https:\/\/gooddealersmeds.com\/sk\/product\/mdma-extaza-alebo-molly\/","url":"https:\/\/gooddealersmeds.com\/sk\/product\/mdma-extaza-alebo-molly\/","name":"K\u00fapi\u0165 MDMA online bez lek\u00e1rskeho predpisu | Dobr\u00ed predajcovia liekov","isPartOf":{"@id":"https:\/\/gooddealersmeds.com\/sk\/#website"},"primaryImageOfPage":{"@id":"https:\/\/gooddealersmeds.com\/sk\/product\/mdma-extaza-alebo-molly\/#primaryimage"},"image":{"@id":"https:\/\/gooddealersmeds.com\/sk\/product\/mdma-extaza-alebo-molly\/#primaryimage"},"thumbnailUrl":"https:\/\/gooddealersmeds.com\/sk\/wp-content\/uploads\/sites\/9\/2022\/03\/MDMA-Ecstasy-or-Molly-1.jpeg","datePublished":"2022-03-18T01:52:51+00:00","dateModified":"2022-10-03T22:08:09+00:00","description":"K\u00fapi\u0165 MDMA online, be\u017ene ozna\u010dovan\u00e9 ako ext\u00e1za, m\u00f4\u017ee by\u0165 drogou meniacou myse\u013e, ktor\u00e1 sa prim\u00e1rne pou\u017e\u00edva ako narkotikum od Good Dealers Meds.","breadcrumb":{"@id":"https:\/\/gooddealersmeds.com\/sk\/product\/mdma-extaza-alebo-molly\/#breadcrumb"},"inLanguage":"en-US","potentialAction":[{"@type":"ReadAction","target":["https:\/\/gooddealersmeds.com\/sk\/product\/mdma-extaza-alebo-molly\/"]}]},{"@type":"ImageObject","inLanguage":"en-US","@id":"https:\/\/gooddealersmeds.com\/sk\/product\/mdma-extaza-alebo-molly\/#primaryimage","url":"https:\/\/gooddealersmeds.com\/sk\/wp-content\/uploads\/sites\/9\/2022\/03\/MDMA-Ecstasy-or-Molly-1.jpeg","contentUrl":"https:\/\/gooddealersmeds.com\/sk\/wp-content\/uploads\/sites\/9\/2022\/03\/MDMA-Ecstasy-or-Molly-1.jpeg","width":600,"height":600,"caption":"Buy MDMA Online"},{"@type":"BreadcrumbList","@id":"https:\/\/gooddealersmeds.com\/sk\/product\/mdma-extaza-alebo-molly\/#breadcrumb","itemListElement":[{"@type":"ListItem","position":1,"name":"Home","item":"https:\/\/gooddealersmeds.com\/sk\/"},{"@type":"ListItem","position":2,"name":"Produkty","item":"https:\/\/gooddealersmeds.com\/sk\/produkty\/"},{"@type":"ListItem","position":3,"name":"MDMA (ext\u00e1za alebo Molly)"}]},{"@type":"WebSite","@id":"https:\/\/gooddealersmeds.com\/sk\/#website","url":"https:\/\/gooddealersmeds.com\/sk\/","name":"Good Dealers Meds","description":"All our best","publisher":{"@id":"https:\/\/gooddealersmeds.com\/sk\/#organization"},"potentialAction":[{"@type":"SearchAction","target":{"@type":"EntryPoint","urlTemplate":"https:\/\/gooddealersmeds.com\/sk\/?s={search_term_string}"},"query-input":{"@type":"PropertyValueSpecification","valueRequired":true,"valueName":"search_term_string"}}],"inLanguage":"en-US"},{"@type":"Organization","@id":"https:\/\/gooddealersmeds.com\/sk\/#organization","name":"Good Dealers Meds","url":"https:\/\/gooddealersmeds.com\/sk\/","logo":{"@type":"ImageObject","inLanguage":"en-US","@id":"https:\/\/gooddealersmeds.com\/sk\/#\/schema\/logo\/image\/","url":"https:\/\/gooddealersmeds.com\/sk\/wp-content\/uploads\/sites\/9\/2022\/03\/gooddealersmeds__logo__20220317T222800Z.00.png","contentUrl":"https:\/\/gooddealersmeds.com\/sk\/wp-content\/uploads\/sites\/9\/2022\/03\/gooddealersmeds__logo__20220317T222800Z.00.png","width":500,"height":325,"caption":"Good Dealers Meds"},"image":{"@id":"https:\/\/gooddealersmeds.com\/sk\/#\/schema\/logo\/image\/"}}]}},"_links":{"self":[{"href":"https:\/\/gooddealersmeds.com\/sk\/wp-json\/wp\/v2\/product\/1572","targetHints":{"allow":["GET"]}}],"collection":[{"href":"https:\/\/gooddealersmeds.com\/sk\/wp-json\/wp\/v2\/product"}],"about":[{"href":"https:\/\/gooddealersmeds.com\/sk\/wp-json\/wp\/v2\/types\/product"}],"replies":[{"embeddable":true,"href":"https:\/\/gooddealersmeds.com\/sk\/wp-json\/wp\/v2\/comments?post=1572"}],"wp:featuredmedia":[{"embeddable":true,"href":"https:\/\/gooddealersmeds.com\/sk\/wp-json\/wp\/v2\/media\/1581"}],"wp:attachment":[{"href":"https:\/\/gooddealersmeds.com\/sk\/wp-json\/wp\/v2\/media?parent=1572"}],"wp:term":[{"taxonomy":"product_brand","embeddable":true,"href":"https:\/\/gooddealersmeds.com\/sk\/wp-json\/wp\/v2\/product_brand?post=1572"},{"taxonomy":"product_cat","embeddable":true,"href":"https:\/\/gooddealersmeds.com\/sk\/wp-json\/wp\/v2\/product_cat?post=1572"},{"taxonomy":"product_tag","embeddable":true,"href":"https:\/\/gooddealersmeds.com\/sk\/wp-json\/wp\/v2\/product_tag?post=1572"}],"curies":[{"name":"wp","href":"https:\/\/api.w.org\/{rel}","templated":true}]}}