{"id":1563,"date":"2022-03-18T01:19:50","date_gmt":"2022-03-18T01:19:50","guid":{"rendered":"https:\/\/gooddealersmeds.com\/sk\/?post_type=product&#038;p=1563"},"modified":"2022-10-03T22:08:20","modified_gmt":"2022-10-03T22:08:20","slug":"kupit-amfetaminovy-prasok-online","status":"publish","type":"product","link":"https:\/\/gooddealersmeds.com\/sk\/product\/kupit-amfetaminovy-prasok-online\/","title":{"rendered":"K\u00fapte si amfetam\u00ednov\u00fd pr\u00e1\u0161ok online"},"content":{"rendered":"<p>K\u00fapte si amfetam\u00ednov\u00fd pr\u00e1\u0161ok online. Amfetam\u00edny s\u00fa stimula\u010dn\u00e9 lieky, ktor\u00e9 stimuluj\u00fa aktivitu ur\u010dit\u00fdch mozgov\u00fdch chemik\u00e1li\u00ed. Tieto lieky obsahuj\u00fa amfetam\u00edn, stimulant centr\u00e1lneho nervov\u00e9ho syst\u00e9mu, ktor\u00fd sa pou\u017e\u00edva na lie\u010dbu poruchy pozornosti s hyperaktivitou, narkolepsie a obezity. Vo v\u00e4\u010d\u0161ine pr\u00edpadov sa dve chemik\u00e1lie spoja, aby ju vytvorili. Existuj\u00fa dva z nich: levoamfetam\u00edn a dextroamfetam\u00edn. Skuto\u010dn\u00fd liek pou\u017e\u00edvan\u00fd na lie\u010dbu ADHD je dextroamfetam\u00edn. Na druhej strane levoamfetam\u00edn je psychostimulant, ktor\u00fd podporuje bdelos\u0165 a s\u00fastredenie.<\/p>\n<p>\u010eal\u0161\u00edmi pr\u00edkladmi s\u00fa dexamfetam\u00edn, sulf\u00e1t a metamfetam\u00edn, \u00fa\u010dinnej\u0161ia verzia amfetam\u00ednu. Av\u0161ak lieky obsahuj\u00face amfetam\u00edn sa v Eur\u00f3pe pred\u00e1vaj\u00fa pod r\u00f4znymi obchodn\u00fdmi n\u00e1zvami. <a href=\"https:\/\/gooddealersmeds.com\/sk\/product\/buy-amphetamine-powder-online\/\">Amfetam\u00ednov\u00fd pr\u00e1\u0161ok na predaj<\/a> sa pou\u017e\u00edva na lie\u010dbu poruchy pozornosti s hyperaktivitou prostredn\u00edctvom lek\u00e1rov s odpor\u00fa\u010dan\u00edm .<\/p>\n<p>Pr\u00e1\u0161ok je prehltnut\u00fd alebo \u0161\u0148upan\u00fd. Amfetam\u00edn sulf\u00e1t je na faj\u010denie nedostato\u010dne prchav\u00fd Na rozdiel od hydrochloridovej soli metamfetam\u00ednu.<\/p>\n<p><strong>\u00da\u010dinky<\/strong><\/p>\n<p>Po prv\u00e9, na ka\u017ed\u00e9ho p\u00f4sob\u00ed inak, v z\u00e1vislosti od ve\u013ekosti, hmotnosti, a zdravie, \u010di je jednotlivec zvyknut\u00fd ho u\u017e\u00edva\u0165, \u010di sa s\u00fa\u010dasne u\u017e\u00edvaj\u00fa aj in\u00e9 drogy, skonzumovan\u00e9 mno\u017estvo a sila lieku (l\u00ed\u0161i sa od \u0161ar\u017ee k \u0161ar\u017ei pri neleg\u00e1lne vyroben\u00fdch drog\u00e1ch).<\/p>\n<p>Ako v\u00fdsledkom je, \u017ee jeho \u00fa\u010dinky je mo\u017en\u00e9 poc\u00edti\u0165 okam\u017eite (pri injek\u010dnom podan\u00ed alebo faj\u010den\u00ed) alebo do 30 min\u00fat (pri smrkan\u00ed alebo po\u017eit\u00ed).<\/p>\n<p>M\u00f4\u017eu sa vyskytn\u00fa\u0165 nasleduj\u00face \u00fa\u010dinky:<\/p>\n<ul>\n<li> \u0160\u0165astie a sebad\u00f4vera<\/li>\n<li>Viac rozpr\u00e1va\u0165 a c\u00edti\u0165 sa energicky<\/li>\n<li>Opakova\u0165 jednoduch\u00e9 veci, ako je svrbenie a \u0161krabanie<\/li>\n<li>Ve\u013ek\u00e9 zreni\u010dky a sucho v \u00fastach<\/li>\n<li>R\u00fdchly tlkot srdca a d\u00fdchanie<\/li>\n<li>\u0161kr\u00edpanie zubov<\/li>\n<li>zn\u00ed\u017eenie chuti do jedla<\/li>\n<li>nadmern\u00e9 potenie<\/li>\n<li>zv\u00fd\u0161en\u00e1 sexu\u00e1lna t\u00fa\u017eba<\/li>\n<\/ul>\n<p> <strong>Ako funguje amfetam\u00ednov\u00fd pr\u00e1\u0161ok?<\/strong><\/p>\n<p>T m\u00e1 sa u\u017e\u00edva\u0165 pod\u013ea pokynov lek\u00e1ra pre lek\u00e1rske potreby. Za\u010dnite s najmen\u0161\u00edm mo\u017en\u00fdm mno\u017estvom na rekrea\u010dn\u00e9 \u00fa\u010dely, aby sa zabezpe\u010dilo, \u017ee l\u00e1tka nebude ma\u0165 negat\u00edvny vplyv. Mierna d\u00e1vka je 5-20 mg, zatia\u013e \u010do \u010doko\u013evek vy\u0161\u0161ie sa pova\u017euje za siln\u00fa d\u00e1vku (40-70 mg).<\/p>\n<p><strong>Ved\u013eaj\u0161ie \u00fa\u010dinky<\/strong><\/p>\n<p>Nepravideln\u00fd srdcov\u00fd tep, vysok\u00fd krvn\u00fd tlak a vysok\u00e1 teplota. Existuje tie\u017e mo\u017enos\u0165 prasknutia krvn\u00fdch ciev, srdcov\u00e9ho infarktu alebo m\u0155tvice. M\u00f4\u017ee nasta\u0165 aj smr\u0165.<\/p>\n<p>M\u00f4\u017eete si k\u00fapi\u0165 Amfetam\u00ednov\u00fd pr\u00e1\u0161ok online v na\u0161om <a href=\"https:\/\/gooddealersmeds.com\/sk\/products\/\">obchode<\/a> s bezpe\u010dnou dopravou po celej Eur\u00f3pe .<\/p>\n","protected":false},"excerpt":{"rendered":"<p>Nak\u00fapte amfetam\u00ednov\u00fd pr\u00e1\u0161ok online od d\u00f4veryhodn\u00e9ho dod\u00e1vate\u013ea a z\u00edskajte najlep\u0161iu kvalitu. Pon\u00fakame v\u00e1m najlep\u0161\u00ed z\u00e1\u017eitok z prepravy. K\u00fapte si metamfetam\u00edn.<\/p>\n","protected":false},"featured_media":1571,"comment_status":"open","ping_status":"closed","template":"","meta":{"inline_featured_image":false},"product_brand":[],"product_cat":[343],"product_tag":[],"class_list":{"0":"post-1563","1":"product","2":"type-product","3":"status-publish","4":"has-post-thumbnail","6":"product_cat-in","7":"pa_grams-1-kg-1000-g","8":"pa_grams-100-g","9":"pa_grams-20-g","10":"pa_grams-200-g","11":"pa_grams-250-g","12":"pa_grams-35-g","13":"pa_grams-50-g","14":"pa_grams-500-g","16":"first","17":"instock","18":"featured","19":"shipping-taxable","20":"purchasable","21":"product-type-variable","22":"has-default-attributes"},"yoast_head":"<!-- This site is optimized with the Yoast SEO Premium plugin v20.6 (Yoast SEO v27.4) - https:\/\/yoast.com\/product\/yoast-seo-premium-wordpress\/ -->\n<title>K\u00fapi\u0165 Amfetam\u00ednov\u00fd pr\u00e1\u0161ok online | Dobr\u00ed predajcovia liekov<\/title>\n<meta name=\"description\" content=\"K\u00fapte si amfetam\u00ednov\u00fd pr\u00e1\u0161ok online od d\u00f4veryhodn\u00e9ho dod\u00e1vate\u013ea a z\u00edskajte najlep\u0161iu kvalitu. Pon\u00fakame v\u00e1m najlep\u0161\u00ed z\u00e1\u017eitok z prepravy.\" \/>\n<meta name=\"robots\" content=\"index, follow, max-snippet:-1, max-image-preview:large, max-video-preview:-1\" \/>\n<link rel=\"canonical\" href=\"https:\/\/gooddealersmeds.com\/sk\/product\/kupit-amfetaminovy-prasok-online\/\" \/>\n<meta property=\"og:locale\" content=\"en_US\" \/>\n<meta property=\"og:type\" content=\"article\" \/>\n<meta property=\"og:title\" content=\"K\u00fapte si amfetam\u00ednov\u00fd pr\u00e1\u0161ok online\" \/>\n<meta property=\"og:description\" content=\"K\u00fapte si amfetam\u00ednov\u00fd pr\u00e1\u0161ok online od d\u00f4veryhodn\u00e9ho dod\u00e1vate\u013ea a z\u00edskajte najlep\u0161iu kvalitu. Pon\u00fakame v\u00e1m najlep\u0161\u00ed z\u00e1\u017eitok z prepravy.\" \/>\n<meta property=\"og:url\" content=\"https:\/\/gooddealersmeds.com\/sk\/product\/kupit-amfetaminovy-prasok-online\/\" \/>\n<meta property=\"og:site_name\" content=\"Good Dealers Meds\" \/>\n<meta property=\"article:modified_time\" content=\"2022-10-03T22:08:20+00:00\" \/>\n<meta property=\"og:image\" content=\"https:\/\/gooddealersmeds.com\/sk\/wp-content\/uploads\/sites\/9\/2022\/03\/AMPHETAMINE-POWDER.jpg\" \/>\n\t<meta property=\"og:image:width\" content=\"480\" \/>\n\t<meta property=\"og:image:height\" content=\"480\" \/>\n\t<meta property=\"og:image:type\" content=\"image\/jpeg\" \/>\n<meta name=\"twitter:card\" content=\"summary_large_image\" \/>\n<meta name=\"twitter:label1\" content=\"Est. reading time\" \/>\n\t<meta name=\"twitter:data1\" content=\"2 minutes\" \/>\n<script type=\"application\/ld+json\" class=\"yoast-schema-graph\">{\"@context\":\"https:\\\/\\\/schema.org\",\"@graph\":[{\"@type\":\"WebPage\",\"@id\":\"https:\\\/\\\/gooddealersmeds.com\\\/sk\\\/product\\\/kupit-amfetaminovy-prasok-online\\\/\",\"url\":\"https:\\\/\\\/gooddealersmeds.com\\\/sk\\\/product\\\/kupit-amfetaminovy-prasok-online\\\/\",\"name\":\"K\u00fapi\u0165 Amfetam\u00ednov\u00fd pr\u00e1\u0161ok online | Dobr\u00ed predajcovia liekov\",\"isPartOf\":{\"@id\":\"https:\\\/\\\/gooddealersmeds.com\\\/sk\\\/#website\"},\"primaryImageOfPage\":{\"@id\":\"https:\\\/\\\/gooddealersmeds.com\\\/sk\\\/product\\\/kupit-amfetaminovy-prasok-online\\\/#primaryimage\"},\"image\":{\"@id\":\"https:\\\/\\\/gooddealersmeds.com\\\/sk\\\/product\\\/kupit-amfetaminovy-prasok-online\\\/#primaryimage\"},\"thumbnailUrl\":\"https:\\\/\\\/gooddealersmeds.com\\\/sk\\\/wp-content\\\/uploads\\\/sites\\\/9\\\/2022\\\/03\\\/AMPHETAMINE-POWDER.jpg\",\"datePublished\":\"2022-03-18T01:19:50+00:00\",\"dateModified\":\"2022-10-03T22:08:20+00:00\",\"description\":\"K\u00fapte si amfetam\u00ednov\u00fd pr\u00e1\u0161ok online od d\u00f4veryhodn\u00e9ho dod\u00e1vate\u013ea a z\u00edskajte najlep\u0161iu kvalitu. Pon\u00fakame v\u00e1m najlep\u0161\u00ed z\u00e1\u017eitok z prepravy.\",\"breadcrumb\":{\"@id\":\"https:\\\/\\\/gooddealersmeds.com\\\/sk\\\/product\\\/kupit-amfetaminovy-prasok-online\\\/#breadcrumb\"},\"inLanguage\":\"en-US\",\"potentialAction\":[{\"@type\":\"ReadAction\",\"target\":[\"https:\\\/\\\/gooddealersmeds.com\\\/sk\\\/product\\\/kupit-amfetaminovy-prasok-online\\\/\"]}]},{\"@type\":\"ImageObject\",\"inLanguage\":\"en-US\",\"@id\":\"https:\\\/\\\/gooddealersmeds.com\\\/sk\\\/product\\\/kupit-amfetaminovy-prasok-online\\\/#primaryimage\",\"url\":\"https:\\\/\\\/gooddealersmeds.com\\\/sk\\\/wp-content\\\/uploads\\\/sites\\\/9\\\/2022\\\/03\\\/AMPHETAMINE-POWDER.jpg\",\"contentUrl\":\"https:\\\/\\\/gooddealersmeds.com\\\/sk\\\/wp-content\\\/uploads\\\/sites\\\/9\\\/2022\\\/03\\\/AMPHETAMINE-POWDER.jpg\",\"width\":480,\"height\":480,\"caption\":\"Buy Amphetamine Powder Online\"},{\"@type\":\"BreadcrumbList\",\"@id\":\"https:\\\/\\\/gooddealersmeds.com\\\/sk\\\/product\\\/kupit-amfetaminovy-prasok-online\\\/#breadcrumb\",\"itemListElement\":[{\"@type\":\"ListItem\",\"position\":1,\"name\":\"Home\",\"item\":\"https:\\\/\\\/gooddealersmeds.com\\\/sk\\\/\"},{\"@type\":\"ListItem\",\"position\":2,\"name\":\"Produkty\",\"item\":\"https:\\\/\\\/gooddealersmeds.com\\\/sk\\\/produkty\\\/\"},{\"@type\":\"ListItem\",\"position\":3,\"name\":\"K\u00fapte si amfetam\u00ednov\u00fd pr\u00e1\u0161ok online\"}]},{\"@type\":\"WebSite\",\"@id\":\"https:\\\/\\\/gooddealersmeds.com\\\/sk\\\/#website\",\"url\":\"https:\\\/\\\/gooddealersmeds.com\\\/sk\\\/\",\"name\":\"Good Dealers Meds\",\"description\":\"All our best\",\"publisher\":{\"@id\":\"https:\\\/\\\/gooddealersmeds.com\\\/sk\\\/#organization\"},\"potentialAction\":[{\"@type\":\"SearchAction\",\"target\":{\"@type\":\"EntryPoint\",\"urlTemplate\":\"https:\\\/\\\/gooddealersmeds.com\\\/sk\\\/?s={search_term_string}\"},\"query-input\":{\"@type\":\"PropertyValueSpecification\",\"valueRequired\":true,\"valueName\":\"search_term_string\"}}],\"inLanguage\":\"en-US\"},{\"@type\":\"Organization\",\"@id\":\"https:\\\/\\\/gooddealersmeds.com\\\/sk\\\/#organization\",\"name\":\"Good Dealers Meds\",\"url\":\"https:\\\/\\\/gooddealersmeds.com\\\/sk\\\/\",\"logo\":{\"@type\":\"ImageObject\",\"inLanguage\":\"en-US\",\"@id\":\"https:\\\/\\\/gooddealersmeds.com\\\/sk\\\/#\\\/schema\\\/logo\\\/image\\\/\",\"url\":\"https:\\\/\\\/gooddealersmeds.com\\\/sk\\\/wp-content\\\/uploads\\\/sites\\\/9\\\/2022\\\/03\\\/gooddealersmeds__logo__20220317T222800Z.00.png\",\"contentUrl\":\"https:\\\/\\\/gooddealersmeds.com\\\/sk\\\/wp-content\\\/uploads\\\/sites\\\/9\\\/2022\\\/03\\\/gooddealersmeds__logo__20220317T222800Z.00.png\",\"width\":500,\"height\":325,\"caption\":\"Good Dealers Meds\"},\"image\":{\"@id\":\"https:\\\/\\\/gooddealersmeds.com\\\/sk\\\/#\\\/schema\\\/logo\\\/image\\\/\"}}]}<\/script>\n<!-- \/ Yoast SEO Premium plugin. -->","yoast_head_json":{"title":"K\u00fapi\u0165 Amfetam\u00ednov\u00fd pr\u00e1\u0161ok online | Dobr\u00ed predajcovia liekov","description":"K\u00fapte si amfetam\u00ednov\u00fd pr\u00e1\u0161ok online od d\u00f4veryhodn\u00e9ho dod\u00e1vate\u013ea a z\u00edskajte najlep\u0161iu kvalitu. Pon\u00fakame v\u00e1m najlep\u0161\u00ed z\u00e1\u017eitok z prepravy.","robots":{"index":"index","follow":"follow","max-snippet":"max-snippet:-1","max-image-preview":"max-image-preview:large","max-video-preview":"max-video-preview:-1"},"canonical":"https:\/\/gooddealersmeds.com\/sk\/product\/kupit-amfetaminovy-prasok-online\/","og_locale":"en_US","og_type":"article","og_title":"K\u00fapte si amfetam\u00ednov\u00fd pr\u00e1\u0161ok online","og_description":"K\u00fapte si amfetam\u00ednov\u00fd pr\u00e1\u0161ok online od d\u00f4veryhodn\u00e9ho dod\u00e1vate\u013ea a z\u00edskajte najlep\u0161iu kvalitu. Pon\u00fakame v\u00e1m najlep\u0161\u00ed z\u00e1\u017eitok z prepravy.","og_url":"https:\/\/gooddealersmeds.com\/sk\/product\/kupit-amfetaminovy-prasok-online\/","og_site_name":"Good Dealers Meds","article_modified_time":"2022-10-03T22:08:20+00:00","og_image":[{"width":480,"height":480,"url":"https:\/\/gooddealersmeds.com\/sk\/wp-content\/uploads\/sites\/9\/2022\/03\/AMPHETAMINE-POWDER.jpg","type":"image\/jpeg"}],"twitter_card":"summary_large_image","twitter_misc":{"Est. reading time":"2 minutes"},"schema":{"@context":"https:\/\/schema.org","@graph":[{"@type":"WebPage","@id":"https:\/\/gooddealersmeds.com\/sk\/product\/kupit-amfetaminovy-prasok-online\/","url":"https:\/\/gooddealersmeds.com\/sk\/product\/kupit-amfetaminovy-prasok-online\/","name":"K\u00fapi\u0165 Amfetam\u00ednov\u00fd pr\u00e1\u0161ok online | Dobr\u00ed predajcovia liekov","isPartOf":{"@id":"https:\/\/gooddealersmeds.com\/sk\/#website"},"primaryImageOfPage":{"@id":"https:\/\/gooddealersmeds.com\/sk\/product\/kupit-amfetaminovy-prasok-online\/#primaryimage"},"image":{"@id":"https:\/\/gooddealersmeds.com\/sk\/product\/kupit-amfetaminovy-prasok-online\/#primaryimage"},"thumbnailUrl":"https:\/\/gooddealersmeds.com\/sk\/wp-content\/uploads\/sites\/9\/2022\/03\/AMPHETAMINE-POWDER.jpg","datePublished":"2022-03-18T01:19:50+00:00","dateModified":"2022-10-03T22:08:20+00:00","description":"K\u00fapte si amfetam\u00ednov\u00fd pr\u00e1\u0161ok online od d\u00f4veryhodn\u00e9ho dod\u00e1vate\u013ea a z\u00edskajte najlep\u0161iu kvalitu. Pon\u00fakame v\u00e1m najlep\u0161\u00ed z\u00e1\u017eitok z prepravy.","breadcrumb":{"@id":"https:\/\/gooddealersmeds.com\/sk\/product\/kupit-amfetaminovy-prasok-online\/#breadcrumb"},"inLanguage":"en-US","potentialAction":[{"@type":"ReadAction","target":["https:\/\/gooddealersmeds.com\/sk\/product\/kupit-amfetaminovy-prasok-online\/"]}]},{"@type":"ImageObject","inLanguage":"en-US","@id":"https:\/\/gooddealersmeds.com\/sk\/product\/kupit-amfetaminovy-prasok-online\/#primaryimage","url":"https:\/\/gooddealersmeds.com\/sk\/wp-content\/uploads\/sites\/9\/2022\/03\/AMPHETAMINE-POWDER.jpg","contentUrl":"https:\/\/gooddealersmeds.com\/sk\/wp-content\/uploads\/sites\/9\/2022\/03\/AMPHETAMINE-POWDER.jpg","width":480,"height":480,"caption":"Buy Amphetamine Powder Online"},{"@type":"BreadcrumbList","@id":"https:\/\/gooddealersmeds.com\/sk\/product\/kupit-amfetaminovy-prasok-online\/#breadcrumb","itemListElement":[{"@type":"ListItem","position":1,"name":"Home","item":"https:\/\/gooddealersmeds.com\/sk\/"},{"@type":"ListItem","position":2,"name":"Produkty","item":"https:\/\/gooddealersmeds.com\/sk\/produkty\/"},{"@type":"ListItem","position":3,"name":"K\u00fapte si amfetam\u00ednov\u00fd pr\u00e1\u0161ok online"}]},{"@type":"WebSite","@id":"https:\/\/gooddealersmeds.com\/sk\/#website","url":"https:\/\/gooddealersmeds.com\/sk\/","name":"Good Dealers Meds","description":"All our best","publisher":{"@id":"https:\/\/gooddealersmeds.com\/sk\/#organization"},"potentialAction":[{"@type":"SearchAction","target":{"@type":"EntryPoint","urlTemplate":"https:\/\/gooddealersmeds.com\/sk\/?s={search_term_string}"},"query-input":{"@type":"PropertyValueSpecification","valueRequired":true,"valueName":"search_term_string"}}],"inLanguage":"en-US"},{"@type":"Organization","@id":"https:\/\/gooddealersmeds.com\/sk\/#organization","name":"Good Dealers Meds","url":"https:\/\/gooddealersmeds.com\/sk\/","logo":{"@type":"ImageObject","inLanguage":"en-US","@id":"https:\/\/gooddealersmeds.com\/sk\/#\/schema\/logo\/image\/","url":"https:\/\/gooddealersmeds.com\/sk\/wp-content\/uploads\/sites\/9\/2022\/03\/gooddealersmeds__logo__20220317T222800Z.00.png","contentUrl":"https:\/\/gooddealersmeds.com\/sk\/wp-content\/uploads\/sites\/9\/2022\/03\/gooddealersmeds__logo__20220317T222800Z.00.png","width":500,"height":325,"caption":"Good Dealers Meds"},"image":{"@id":"https:\/\/gooddealersmeds.com\/sk\/#\/schema\/logo\/image\/"}}]}},"_links":{"self":[{"href":"https:\/\/gooddealersmeds.com\/sk\/wp-json\/wp\/v2\/product\/1563","targetHints":{"allow":["GET"]}}],"collection":[{"href":"https:\/\/gooddealersmeds.com\/sk\/wp-json\/wp\/v2\/product"}],"about":[{"href":"https:\/\/gooddealersmeds.com\/sk\/wp-json\/wp\/v2\/types\/product"}],"replies":[{"embeddable":true,"href":"https:\/\/gooddealersmeds.com\/sk\/wp-json\/wp\/v2\/comments?post=1563"}],"wp:featuredmedia":[{"embeddable":true,"href":"https:\/\/gooddealersmeds.com\/sk\/wp-json\/wp\/v2\/media\/1571"}],"wp:attachment":[{"href":"https:\/\/gooddealersmeds.com\/sk\/wp-json\/wp\/v2\/media?parent=1563"}],"wp:term":[{"taxonomy":"product_brand","embeddable":true,"href":"https:\/\/gooddealersmeds.com\/sk\/wp-json\/wp\/v2\/product_brand?post=1563"},{"taxonomy":"product_cat","embeddable":true,"href":"https:\/\/gooddealersmeds.com\/sk\/wp-json\/wp\/v2\/product_cat?post=1563"},{"taxonomy":"product_tag","embeddable":true,"href":"https:\/\/gooddealersmeds.com\/sk\/wp-json\/wp\/v2\/product_tag?post=1563"}],"curies":[{"name":"wp","href":"https:\/\/api.w.org\/{rel}","templated":true}]}}