{"id":1554,"date":"2022-03-18T00:49:43","date_gmt":"2022-03-18T00:49:43","guid":{"rendered":"https:\/\/gooddealersmeds.com\/sk\/?post_type=product&#038;p=1554"},"modified":"2022-10-03T22:08:29","modified_gmt":"2022-10-03T22:08:29","slug":"efedrin-hcl","status":"publish","type":"product","link":"https:\/\/gooddealersmeds.com\/sk\/product\/efedrin-hcl\/","title":{"rendered":"K\u00fapi\u0165 Efedr\u00edn HCL online"},"content":{"rendered":"<h1>Nakupujte efedr\u00edn online bez lek\u00e1rskeho predpisu za dostupn\u00fa cenu<\/h1>\n<p>Efedr\u00edn je liek a stimulant. \u010casto sa pou\u017e\u00edva na prevenciu n\u00edzkeho krvn\u00e9ho tlaku po\u010das spin\u00e1lnej anest\u00e9zie. Pou\u017e\u00edva sa aj pri <a href=\"https:\/\/www.cdc.gov\/astma\/faqs.htm\" target=\"_blank\" rel=\"noopener\"><span style=\"color: #333333\">astme<\/span><\/a>, narkolepsia a obezita, ale nie je to preferovan\u00e1 lie\u010dba. M\u00e1 nejasn\u00fd pr\u00ednos pri naz\u00e1lnej kongescii. M\u00f4\u017ee sa u\u017e\u00edva\u0165 \u00fastami alebo injekciou do svalu, \u017eily alebo tesne pod ko\u017eu. k\u00fapte si tento produkt u n\u00e1s, N\u00e1stup pri intraven\u00f3znom podan\u00ed je r\u00fdchly, k\u00fdm injekcia do svalu m\u00f4\u017ee trva\u0165 20 min\u00fat a \u00fastne m\u00f4\u017ee trva\u0165 hodinu. Pri injek\u010dnom podan\u00ed trv\u00e1 pribli\u017ene hodinu a pri peror\u00e1lnom podan\u00ed m\u00f4\u017ee trva\u0165 a\u017e \u0161tyri hodiny. <a href=\"https:\/\/gooddealersmeds.com\/sk\/product\/ephedrine-hcl\/\">efedr\u00edn na predaj<\/a> online od <span style=\"color: #333333\"><a style=\"color: #333333\" href=\"https:\/\/gooddealersmeds.com\/sk\/\" target=\"_blank\" rel=\"noopener\">Leds Good Dealers<\/a><\/span>.<\/p>\n<p>Aj ke\u010f je pravdepodobne bezpe\u010dn\u00e9 v tehotenstve, ich pou\u017eitie v tejto popul\u00e1cii je nedostato\u010dne \u0161tudovan\u00fd. U\u017e\u00edvanie po\u010das doj\u010denia sa neodpor\u00fa\u010da. Efedr\u00edn \u00fa\u010dinkuje tak, \u017ee zvy\u0161uje aktivitu \u03b1 a \u03b2 adrenergn\u00fdch receptorov.<\/p>\n<p>Efedr\u00edn sa pou\u017e\u00edva na do\u010dasn\u00fa \u00fa\u013eavu pri d\u00fdchavi\u010dnosti, tlaku na hrudn\u00edku a sipotu v d\u00f4sledku bronchi\u00e1lnej astmy. Efedr\u00edn sa m\u00f4\u017ee pou\u017ei\u0165 aj pri in\u00fdch ochoreniach, ktor\u00e9 ur\u010d\u00ed v\u00e1\u0161 lek\u00e1r.<\/p>\n<p>Efedr\u00edn je dekongestant a bronchodilat\u00e1tor. Funguje tak, \u017ee zni\u017euje opuch a s\u0165ahuje krvn\u00e9 cievy v nosov\u00fdch priechodoch a roz\u0161iruje p\u013e\u00facne d\u00fdchacie cesty, \u010do v\u00e1m umo\u017e\u0148uje \u013eah\u0161ie d\u00fdcha\u0165.<\/p>\n<p>So sk\u00fasenos\u0165ami a skuto\u010dn\u00fdm charakterom na\u0161ich liekov sme pomohli mnoh\u00fdm pacientom z\u00edska\u0165 dobr\u00e9 zdravie. N\u00e1\u0161 efekt\u00edvny t\u00edm farmaceutov a technikov sa sna\u017e\u00ed poskytova\u0165 r\u00fdchle a priate\u013esk\u00e9 slu\u017eby. Kvalita a presnos\u0165 s\u00fa hodnoty, ktor\u00e9 odmietame robi\u0165 kompromisy. k\u00fapi\u0165 efedr\u00edn online<\/p>\n","protected":false},"excerpt":{"rendered":"<p>Efedr\u00edn sa pou\u017e\u00edva na do\u010dasn\u00fa \u00fa\u013eavu pri d\u00fdchavi\u010dnosti, tlaku na hrudn\u00edku a sipotu v d\u00f4sledku bronchi\u00e1lnej astmy.<\/p>\n","protected":false},"featured_media":1562,"comment_status":"open","ping_status":"closed","template":"","meta":{"inline_featured_image":false},"product_brand":[],"product_cat":[346],"product_tag":[],"class_list":{"0":"post-1554","1":"product","2":"type-product","3":"status-publish","4":"has-post-thumbnail","6":"product_cat-stimulanty","7":"pa_pills-100-pills","8":"pa_pills-1000-pills","9":"pa_pills-30-pills","10":"pa_pills-300-pills","11":"pa_pills-50-pills","12":"pa_pills-500-pills","14":"first","15":"instock","16":"featured","17":"shipping-taxable","18":"purchasable","19":"product-type-variable","20":"has-default-attributes"},"yoast_head":"<!-- This site is optimized with the Yoast SEO Premium plugin v20.6 (Yoast SEO v27.4) - https:\/\/yoast.com\/product\/yoast-seo-premium-wordpress\/ -->\n<title>K\u00fapi\u0165 efedr\u00edn online bez lek\u00e1rskeho predpisu | Dobr\u00ed predajcovia liekov<\/title>\n<meta name=\"description\" content=\"K\u00fapte si efedr\u00edn online v najlep\u0161ej kvalite od dobr\u00fdch predajcov Lieky pou\u017e\u00edvan\u00e9 na do\u010dasn\u00fa \u00fa\u013eavu pri d\u00fdchavi\u010dnosti, stiahnut\u00ed hrudn\u00edka a sipotu.\" \/>\n<meta name=\"robots\" content=\"index, follow, max-snippet:-1, max-image-preview:large, max-video-preview:-1\" \/>\n<link rel=\"canonical\" href=\"https:\/\/gooddealersmeds.com\/sk\/product\/efedrin-hcl\/\" \/>\n<meta property=\"og:locale\" content=\"en_US\" \/>\n<meta property=\"og:type\" content=\"article\" \/>\n<meta property=\"og:title\" content=\"K\u00fapi\u0165 Efedr\u00edn HCL online\" \/>\n<meta property=\"og:description\" content=\"K\u00fapte si efedr\u00edn online v najlep\u0161ej kvalite od dobr\u00fdch predajcov Lieky pou\u017e\u00edvan\u00e9 na do\u010dasn\u00fa \u00fa\u013eavu pri d\u00fdchavi\u010dnosti, stiahnut\u00ed hrudn\u00edka a sipotu.\" \/>\n<meta property=\"og:url\" content=\"https:\/\/gooddealersmeds.com\/sk\/product\/efedrin-hcl\/\" \/>\n<meta property=\"og:site_name\" content=\"Good Dealers Meds\" \/>\n<meta property=\"article:modified_time\" content=\"2022-10-03T22:08:29+00:00\" \/>\n<meta property=\"og:image\" content=\"https:\/\/gooddealersmeds.com\/sk\/wp-content\/uploads\/sites\/9\/2022\/03\/buy-ephedrine-online.jpg\" \/>\n\t<meta property=\"og:image:width\" content=\"900\" \/>\n\t<meta property=\"og:image:height\" content=\"800\" \/>\n\t<meta property=\"og:image:type\" content=\"image\/jpeg\" \/>\n<meta name=\"twitter:card\" content=\"summary_large_image\" \/>\n<meta name=\"twitter:label1\" content=\"Est. reading time\" \/>\n\t<meta name=\"twitter:data1\" content=\"2 minutes\" \/>\n<script type=\"application\/ld+json\" class=\"yoast-schema-graph\">{\"@context\":\"https:\\\/\\\/schema.org\",\"@graph\":[{\"@type\":\"WebPage\",\"@id\":\"https:\\\/\\\/gooddealersmeds.com\\\/sk\\\/product\\\/efedrin-hcl\\\/\",\"url\":\"https:\\\/\\\/gooddealersmeds.com\\\/sk\\\/product\\\/efedrin-hcl\\\/\",\"name\":\"K\u00fapi\u0165 efedr\u00edn online bez lek\u00e1rskeho predpisu | Dobr\u00ed predajcovia liekov\",\"isPartOf\":{\"@id\":\"https:\\\/\\\/gooddealersmeds.com\\\/sk\\\/#website\"},\"primaryImageOfPage\":{\"@id\":\"https:\\\/\\\/gooddealersmeds.com\\\/sk\\\/product\\\/efedrin-hcl\\\/#primaryimage\"},\"image\":{\"@id\":\"https:\\\/\\\/gooddealersmeds.com\\\/sk\\\/product\\\/efedrin-hcl\\\/#primaryimage\"},\"thumbnailUrl\":\"https:\\\/\\\/gooddealersmeds.com\\\/sk\\\/wp-content\\\/uploads\\\/sites\\\/9\\\/2022\\\/03\\\/buy-ephedrine-online.jpg\",\"datePublished\":\"2022-03-18T00:49:43+00:00\",\"dateModified\":\"2022-10-03T22:08:29+00:00\",\"description\":\"K\u00fapte si efedr\u00edn online v najlep\u0161ej kvalite od dobr\u00fdch predajcov Lieky pou\u017e\u00edvan\u00e9 na do\u010dasn\u00fa \u00fa\u013eavu pri d\u00fdchavi\u010dnosti, stiahnut\u00ed hrudn\u00edka a sipotu.\",\"breadcrumb\":{\"@id\":\"https:\\\/\\\/gooddealersmeds.com\\\/sk\\\/product\\\/efedrin-hcl\\\/#breadcrumb\"},\"inLanguage\":\"en-US\",\"potentialAction\":[{\"@type\":\"ReadAction\",\"target\":[\"https:\\\/\\\/gooddealersmeds.com\\\/sk\\\/product\\\/efedrin-hcl\\\/\"]}]},{\"@type\":\"ImageObject\",\"inLanguage\":\"en-US\",\"@id\":\"https:\\\/\\\/gooddealersmeds.com\\\/sk\\\/product\\\/efedrin-hcl\\\/#primaryimage\",\"url\":\"https:\\\/\\\/gooddealersmeds.com\\\/sk\\\/wp-content\\\/uploads\\\/sites\\\/9\\\/2022\\\/03\\\/buy-ephedrine-online.jpg\",\"contentUrl\":\"https:\\\/\\\/gooddealersmeds.com\\\/sk\\\/wp-content\\\/uploads\\\/sites\\\/9\\\/2022\\\/03\\\/buy-ephedrine-online.jpg\",\"width\":900,\"height\":800,\"caption\":\"Buy Ephedrine Online\"},{\"@type\":\"BreadcrumbList\",\"@id\":\"https:\\\/\\\/gooddealersmeds.com\\\/sk\\\/product\\\/efedrin-hcl\\\/#breadcrumb\",\"itemListElement\":[{\"@type\":\"ListItem\",\"position\":1,\"name\":\"Home\",\"item\":\"https:\\\/\\\/gooddealersmeds.com\\\/sk\\\/\"},{\"@type\":\"ListItem\",\"position\":2,\"name\":\"Produkty\",\"item\":\"https:\\\/\\\/gooddealersmeds.com\\\/sk\\\/produkty\\\/\"},{\"@type\":\"ListItem\",\"position\":3,\"name\":\"K\u00fapi\u0165 Efedr\u00edn HCL online\"}]},{\"@type\":\"WebSite\",\"@id\":\"https:\\\/\\\/gooddealersmeds.com\\\/sk\\\/#website\",\"url\":\"https:\\\/\\\/gooddealersmeds.com\\\/sk\\\/\",\"name\":\"Good Dealers Meds\",\"description\":\"All our best\",\"publisher\":{\"@id\":\"https:\\\/\\\/gooddealersmeds.com\\\/sk\\\/#organization\"},\"potentialAction\":[{\"@type\":\"SearchAction\",\"target\":{\"@type\":\"EntryPoint\",\"urlTemplate\":\"https:\\\/\\\/gooddealersmeds.com\\\/sk\\\/?s={search_term_string}\"},\"query-input\":{\"@type\":\"PropertyValueSpecification\",\"valueRequired\":true,\"valueName\":\"search_term_string\"}}],\"inLanguage\":\"en-US\"},{\"@type\":\"Organization\",\"@id\":\"https:\\\/\\\/gooddealersmeds.com\\\/sk\\\/#organization\",\"name\":\"Good Dealers Meds\",\"url\":\"https:\\\/\\\/gooddealersmeds.com\\\/sk\\\/\",\"logo\":{\"@type\":\"ImageObject\",\"inLanguage\":\"en-US\",\"@id\":\"https:\\\/\\\/gooddealersmeds.com\\\/sk\\\/#\\\/schema\\\/logo\\\/image\\\/\",\"url\":\"https:\\\/\\\/gooddealersmeds.com\\\/sk\\\/wp-content\\\/uploads\\\/sites\\\/9\\\/2022\\\/03\\\/gooddealersmeds__logo__20220317T222800Z.00.png\",\"contentUrl\":\"https:\\\/\\\/gooddealersmeds.com\\\/sk\\\/wp-content\\\/uploads\\\/sites\\\/9\\\/2022\\\/03\\\/gooddealersmeds__logo__20220317T222800Z.00.png\",\"width\":500,\"height\":325,\"caption\":\"Good Dealers Meds\"},\"image\":{\"@id\":\"https:\\\/\\\/gooddealersmeds.com\\\/sk\\\/#\\\/schema\\\/logo\\\/image\\\/\"}}]}<\/script>\n<!-- \/ Yoast SEO Premium plugin. -->","yoast_head_json":{"title":"K\u00fapi\u0165 efedr\u00edn online bez lek\u00e1rskeho predpisu | Dobr\u00ed predajcovia liekov","description":"K\u00fapte si efedr\u00edn online v najlep\u0161ej kvalite od dobr\u00fdch predajcov Lieky pou\u017e\u00edvan\u00e9 na do\u010dasn\u00fa \u00fa\u013eavu pri d\u00fdchavi\u010dnosti, stiahnut\u00ed hrudn\u00edka a sipotu.","robots":{"index":"index","follow":"follow","max-snippet":"max-snippet:-1","max-image-preview":"max-image-preview:large","max-video-preview":"max-video-preview:-1"},"canonical":"https:\/\/gooddealersmeds.com\/sk\/product\/efedrin-hcl\/","og_locale":"en_US","og_type":"article","og_title":"K\u00fapi\u0165 Efedr\u00edn HCL online","og_description":"K\u00fapte si efedr\u00edn online v najlep\u0161ej kvalite od dobr\u00fdch predajcov Lieky pou\u017e\u00edvan\u00e9 na do\u010dasn\u00fa \u00fa\u013eavu pri d\u00fdchavi\u010dnosti, stiahnut\u00ed hrudn\u00edka a sipotu.","og_url":"https:\/\/gooddealersmeds.com\/sk\/product\/efedrin-hcl\/","og_site_name":"Good Dealers Meds","article_modified_time":"2022-10-03T22:08:29+00:00","og_image":[{"width":900,"height":800,"url":"https:\/\/gooddealersmeds.com\/sk\/wp-content\/uploads\/sites\/9\/2022\/03\/buy-ephedrine-online.jpg","type":"image\/jpeg"}],"twitter_card":"summary_large_image","twitter_misc":{"Est. reading time":"2 minutes"},"schema":{"@context":"https:\/\/schema.org","@graph":[{"@type":"WebPage","@id":"https:\/\/gooddealersmeds.com\/sk\/product\/efedrin-hcl\/","url":"https:\/\/gooddealersmeds.com\/sk\/product\/efedrin-hcl\/","name":"K\u00fapi\u0165 efedr\u00edn online bez lek\u00e1rskeho predpisu | Dobr\u00ed predajcovia liekov","isPartOf":{"@id":"https:\/\/gooddealersmeds.com\/sk\/#website"},"primaryImageOfPage":{"@id":"https:\/\/gooddealersmeds.com\/sk\/product\/efedrin-hcl\/#primaryimage"},"image":{"@id":"https:\/\/gooddealersmeds.com\/sk\/product\/efedrin-hcl\/#primaryimage"},"thumbnailUrl":"https:\/\/gooddealersmeds.com\/sk\/wp-content\/uploads\/sites\/9\/2022\/03\/buy-ephedrine-online.jpg","datePublished":"2022-03-18T00:49:43+00:00","dateModified":"2022-10-03T22:08:29+00:00","description":"K\u00fapte si efedr\u00edn online v najlep\u0161ej kvalite od dobr\u00fdch predajcov Lieky pou\u017e\u00edvan\u00e9 na do\u010dasn\u00fa \u00fa\u013eavu pri d\u00fdchavi\u010dnosti, stiahnut\u00ed hrudn\u00edka a sipotu.","breadcrumb":{"@id":"https:\/\/gooddealersmeds.com\/sk\/product\/efedrin-hcl\/#breadcrumb"},"inLanguage":"en-US","potentialAction":[{"@type":"ReadAction","target":["https:\/\/gooddealersmeds.com\/sk\/product\/efedrin-hcl\/"]}]},{"@type":"ImageObject","inLanguage":"en-US","@id":"https:\/\/gooddealersmeds.com\/sk\/product\/efedrin-hcl\/#primaryimage","url":"https:\/\/gooddealersmeds.com\/sk\/wp-content\/uploads\/sites\/9\/2022\/03\/buy-ephedrine-online.jpg","contentUrl":"https:\/\/gooddealersmeds.com\/sk\/wp-content\/uploads\/sites\/9\/2022\/03\/buy-ephedrine-online.jpg","width":900,"height":800,"caption":"Buy Ephedrine Online"},{"@type":"BreadcrumbList","@id":"https:\/\/gooddealersmeds.com\/sk\/product\/efedrin-hcl\/#breadcrumb","itemListElement":[{"@type":"ListItem","position":1,"name":"Home","item":"https:\/\/gooddealersmeds.com\/sk\/"},{"@type":"ListItem","position":2,"name":"Produkty","item":"https:\/\/gooddealersmeds.com\/sk\/produkty\/"},{"@type":"ListItem","position":3,"name":"K\u00fapi\u0165 Efedr\u00edn HCL online"}]},{"@type":"WebSite","@id":"https:\/\/gooddealersmeds.com\/sk\/#website","url":"https:\/\/gooddealersmeds.com\/sk\/","name":"Good Dealers Meds","description":"All our best","publisher":{"@id":"https:\/\/gooddealersmeds.com\/sk\/#organization"},"potentialAction":[{"@type":"SearchAction","target":{"@type":"EntryPoint","urlTemplate":"https:\/\/gooddealersmeds.com\/sk\/?s={search_term_string}"},"query-input":{"@type":"PropertyValueSpecification","valueRequired":true,"valueName":"search_term_string"}}],"inLanguage":"en-US"},{"@type":"Organization","@id":"https:\/\/gooddealersmeds.com\/sk\/#organization","name":"Good Dealers Meds","url":"https:\/\/gooddealersmeds.com\/sk\/","logo":{"@type":"ImageObject","inLanguage":"en-US","@id":"https:\/\/gooddealersmeds.com\/sk\/#\/schema\/logo\/image\/","url":"https:\/\/gooddealersmeds.com\/sk\/wp-content\/uploads\/sites\/9\/2022\/03\/gooddealersmeds__logo__20220317T222800Z.00.png","contentUrl":"https:\/\/gooddealersmeds.com\/sk\/wp-content\/uploads\/sites\/9\/2022\/03\/gooddealersmeds__logo__20220317T222800Z.00.png","width":500,"height":325,"caption":"Good Dealers Meds"},"image":{"@id":"https:\/\/gooddealersmeds.com\/sk\/#\/schema\/logo\/image\/"}}]}},"_links":{"self":[{"href":"https:\/\/gooddealersmeds.com\/sk\/wp-json\/wp\/v2\/product\/1554","targetHints":{"allow":["GET"]}}],"collection":[{"href":"https:\/\/gooddealersmeds.com\/sk\/wp-json\/wp\/v2\/product"}],"about":[{"href":"https:\/\/gooddealersmeds.com\/sk\/wp-json\/wp\/v2\/types\/product"}],"replies":[{"embeddable":true,"href":"https:\/\/gooddealersmeds.com\/sk\/wp-json\/wp\/v2\/comments?post=1554"}],"wp:featuredmedia":[{"embeddable":true,"href":"https:\/\/gooddealersmeds.com\/sk\/wp-json\/wp\/v2\/media\/1562"}],"wp:attachment":[{"href":"https:\/\/gooddealersmeds.com\/sk\/wp-json\/wp\/v2\/media?parent=1554"}],"wp:term":[{"taxonomy":"product_brand","embeddable":true,"href":"https:\/\/gooddealersmeds.com\/sk\/wp-json\/wp\/v2\/product_brand?post=1554"},{"taxonomy":"product_cat","embeddable":true,"href":"https:\/\/gooddealersmeds.com\/sk\/wp-json\/wp\/v2\/product_cat?post=1554"},{"taxonomy":"product_tag","embeddable":true,"href":"https:\/\/gooddealersmeds.com\/sk\/wp-json\/wp\/v2\/product_tag?post=1554"}],"curies":[{"name":"wp","href":"https:\/\/api.w.org\/{rel}","templated":true}]}}