{"id":1544,"date":"2022-03-18T00:24:33","date_gmt":"2022-03-18T00:24:33","guid":{"rendered":"https:\/\/gooddealersmeds.com\/sk\/?post_type=product&#038;p=1544"},"modified":"2022-10-03T22:08:41","modified_gmt":"2022-10-03T22:08:41","slug":"oxycontin","status":"publish","type":"product","link":"https:\/\/gooddealersmeds.com\/sk\/product\/oxycontin\/","title":{"rendered":"Oxycontin na predaj"},"content":{"rendered":"<h1>K\u00fapi\u0165 Oxycontin online<\/h1>\n<p class=\"p1\">&#8220;<em><strong>K\u00fapi\u0165 Oxycontin online<\/strong><\/em>&#8220;, Tento liek sa pou\u017e\u00edva na zmiernenie silnej pretrv\u00e1vaj\u00facej bolesti (napr. ako v d\u00f4sledku rakoviny). Oxykod\u00f3n patr\u00ed do triedy liekov zn\u00e1mych ako opioidn\u00e9 analgetik\u00e1. Funguje v mozgu, aby zmenil to, ako sa va\u0161e telo c\u00edti a ako reaguje na boles\u0165. <a href=\"https:\/\/gooddealersmeds.com\/sk\/product\/oxycontin\/\">K\u00fapi\u0165 Oxycontin<\/a> online, k\u00fapi\u0165 oxy online bez lek\u00e1rskeho predpisu<\/p>\n<p class=\"p1\">Vy\u0161\u0161ie siln\u00e9 str\u00e1nky tento liek (viac ako 40 miligramov na tabletu) by ste mali u\u017e\u00edva\u0165 len vtedy, ak ste pravidelne u\u017e\u00edvali stredn\u00e9 a\u017e ve\u013ek\u00e9 mno\u017estv\u00e1 opioidn\u00fdch liekov proti bolesti. Tieto siln\u00e9 l\u00e1tky m\u00f4\u017eu sp\u00f4sobi\u0165 pred\u00e1vkovanie (dokonca smr\u0165), ak ich u\u017e\u00edva osoba, ktor\u00e1 pravidelne neu\u017e\u00edva opioidy.<\/p>\n<p class=\"p1\">Nepou\u017e\u00edvajte formu oxykod\u00f3nu s pred\u013a\u017een\u00fdm uvo\u013e\u0148ovan\u00edm na zmiernenie miernej bolesti alebo to za p\u00e1r dn\u00ed zmizne. Tento liek nie je na pr\u00edle\u017eitostn\u00e9 (\u201epod\u013ea potreby\u201c) pou\u017eitie.<\/p>\n<p class=\"p1\">Tento liek sa pou\u017e\u00edva na zmiernenie silnej pretrv\u00e1vaj\u00facej bolesti (napr\u00edklad v d\u00f4sledku rakoviny). Oxykod\u00f3n patr\u00ed do triedy liekov zn\u00e1mych ako opioidn\u00e9 analgetik\u00e1. Funguje v mozgu, aby zmenil to, ako sa va\u0161e telo c\u00edti a ako reaguje na boles\u0165.<\/p>\n<p class=\"p1\">Nepou\u017e\u00edvajte formu oxykod\u00f3nu s pred\u013a\u017een\u00fdm uvo\u013e\u0148ovan\u00edm na zmiernenie bolesti, ktor\u00e1 je mierna alebo pominie. nieko\u013eko dn\u00ed. Tento liek nie je ur\u010den\u00fd na pr\u00edle\u017eitostn\u00e9 (\u201epod\u013ea potreby\u201c) pou\u017eitie.<\/p>\n<h3 class=\"p1\"><strong>Zneu\u017eitie, zneu\u017e\u00edvanie a zneu\u017e\u00edvanie opioidov<\/strong><\/h3>\n<p class=\" p1\">Oxykod\u00f3n je opioidn\u00fd agonista morf\u00ednov\u00e9ho typu. Tak\u00e9to drogy vyh\u013ead\u00e1vaj\u00fa u\u017e\u00edvatelia drog a \u013eudia s poruchami z\u00e1vislosti a s\u00fa predmetom krimin\u00e1lneho zneu\u017e\u00edvania. <span style=\"color: #000000\"><a style=\"color: #000000\" href=\"https:\/\/gooddealersmeds.com\/sk\/products\/\">Oxykod\u00f3n<\/a><\/span> m\u00f4\u017ee by\u0165 zneu\u017eit\u00fd sp\u00f4sobom podobn\u00fdm in\u00fdm agonistom opioidov, leg\u00e1lnym alebo nez\u00e1konn\u00fdm. Toto je potrebn\u00e9 zv\u00e1\u017ei\u0165 pri predpisovan\u00ed alebo vyd\u00e1van\u00ed OxyContinu v situ\u00e1ci\u00e1ch, ke\u010f m\u00e1 lek\u00e1r alebo lek\u00e1rnik obavy zo zv\u00fd\u0161en\u00e9ho rizika nespr\u00e1vneho pou\u017eitia, zneu\u017eitia alebo zneu\u017eitia. OxyContin bol hl\u00e1sen\u00fd ako zneu\u017e\u00edvan\u00fd drven\u00edm, \u017euvan\u00edm, \u0161nupan\u00edm alebo vstrekovan\u00edm rozpusten\u00e9ho produktu.<\/p>\n<h3 class=\"p1\"><strong>BEZPE\u010cNOSTN\u00c9 OPATRENIA<\/strong><\/h3>\n<p> &lt;p class=&quot;p1 Opioidn\u00e9 analgetik\u00e1 maj\u00fa u ur\u010dit\u00fdch skup\u00edn pacientov \u00fazky terapeutick\u00fd index, najm\u00e4 ak s\u00fa kombinovan\u00e9 s liekmi tlmiacimi CNS, a mali by by\u0165 vyhraden\u00e9 pre pr\u00edpady, ke\u010f pr\u00ednos opioidnej analg\u00e9zie preva\u017euje nad zn\u00e1mymi rizikami respira\u010dnej depresie, zmenen\u00e9ho du\u0161evn\u00e9ho stavu a postur\u00e1lnej hypotenzie. Pou\u017eitie Oxycontinu je spojen\u00e9 so zv\u00fd\u0161en\u00fdmi potenci\u00e1lnymi rizikami a mal by sa pou\u017e\u00edva\u0165 len s opatrnos\u0165ou pri nasleduj\u00facich stavoch: ak\u00fatny alkoholizmus; adrenokortik\u00e1lna nedostato\u010dnos\u0165 (napr\u00edklad Addisonova choroba); depresia CNS alebo k\u00f3ma; del\u00edrium tremens; oslaben\u00ed pacienti; kyfoskoli\u00f3za spojen\u00e1 s \u00fatlmom d\u00fdchania; myxed\u00e9m alebo hypotyre\u00f3za; hypertrofia prostaty alebo strikt\u00fara uretry; z\u00e1va\u017en\u00e9 po\u0161kodenie funkcie pe\u010dene, p\u013e\u00fac alebo obli\u010diek; a toxick\u00e1 psych\u00f3za. Pod\u00e1vanie oxykod\u00f3nu m\u00f4\u017ee zatemni\u0165 diagn\u00f3zu alebo klinick\u00fd priebeh u pacientov s ak\u00fatnym <span style=\"color: #333333\"><a style=\"color: #333333\" href=\"https:\/\/www.mountsinai.org\/health -kni\u017enica\/symptomy\/bolesti brucha\">abdomin\u00e1lne stavy<\/a><\/span>. Oxykod\u00f3n m\u00f4\u017ee zhor\u0161i\u0165 k\u0155\u010de u pacientov s konvulz\u00edvnymi poruchami a v\u0161etky opioidy m\u00f4\u017eu v niektor\u00fdch klinick\u00fdch situ\u00e1ci\u00e1ch vyvola\u0165 alebo zhor\u0161i\u0165 z\u00e1chvaty.<\/p>\n","protected":false},"excerpt":{"rendered":"<p>Oxycontin 40 mg je liek proti bolesti. Pou\u017e\u00edva sa na lie\u010dbu neust\u00e1lej bolesti, ktor\u00e1 trv\u00e1 dlh\u0161ie ako nieko\u013eko dn\u00ed. Pou\u017e\u00edvaj\u00fa ho \u013eudia, ktor\u00ed u\u017e\u00edvali opioidn\u00e9 alebo narkotick\u00e9 lieky proti bolesti<\/p>\n","protected":false},"featured_media":1553,"comment_status":"open","ping_status":"closed","template":"","meta":{"inline_featured_image":false},"product_brand":[],"product_cat":[347],"product_tag":[85,88,86,87,89,90,91,92],"class_list":{"0":"post-1544","1":"product","2":"type-product","3":"status-publish","4":"has-post-thumbnail","6":"product_cat-opioidn-liek-proti-bolesti","7":"product_tag-buy-legal-oxycontin-online","8":"product_tag-buy-oxycontin-online-lekra","9":"product_tag-kpi-online-oxycontin","10":"product_tag-kpi-oxycontin-online-bez-predpisu","11":"product_tag-buy-oxycontin-online-uk","12":"product_tag-oxycontin-for-sale-australia","13":"product_tag-oxycontin-pilulky-na-predaj","14":"product_tag-oxycontin-tablety-na-predaj","15":"pa_pills-100-pills","16":"pa_pills-1000-pills","17":"pa_pills-30-pills","18":"pa_pills-300-pills","19":"pa_pills-50-pills","20":"pa_pills-500-pills","22":"first","23":"instock","24":"featured","25":"shipping-taxable","26":"purchasable","27":"product-type-variable","28":"has-default-attributes"},"yoast_head":"<!-- This site is optimized with the Yoast SEO Premium plugin v20.6 (Yoast SEO v27.4) - https:\/\/yoast.com\/product\/yoast-seo-premium-wordpress\/ -->\n<title>K\u00fapi\u0165 Oxycontin online | K\u00fapte si Oxy online bez lek\u00e1rskeho predpisu<\/title>\n<meta name=\"description\" content=\"Oxycontin sa pou\u017e\u00edva na zmiernenie silnej bolesti. Ovplyv\u0148uje mozog, aby umo\u017enil telu odol\u00e1va\u0165 bolesti. k\u00fapi\u0165 Oxycontin online, k\u00fapi\u0165 oxy online.\" \/>\n<meta name=\"robots\" content=\"index, follow, max-snippet:-1, max-image-preview:large, max-video-preview:-1\" \/>\n<link rel=\"canonical\" href=\"https:\/\/gooddealersmeds.com\/sk\/product\/oxycontin\/\" \/>\n<meta property=\"og:locale\" content=\"en_US\" \/>\n<meta property=\"og:type\" content=\"article\" \/>\n<meta property=\"og:title\" content=\"Oxycontin na predaj\" \/>\n<meta property=\"og:description\" content=\"Oxycontin sa pou\u017e\u00edva na zmiernenie silnej bolesti. Ovplyv\u0148uje mozog, aby umo\u017enil telu odol\u00e1va\u0165 bolesti. k\u00fapi\u0165 Oxycontin online, k\u00fapi\u0165 oxy online.\" \/>\n<meta property=\"og:url\" content=\"https:\/\/gooddealersmeds.com\/sk\/product\/oxycontin\/\" \/>\n<meta property=\"og:site_name\" content=\"Good Dealers Meds\" \/>\n<meta property=\"article:modified_time\" content=\"2022-10-03T22:08:41+00:00\" \/>\n<meta property=\"og:image\" content=\"https:\/\/gooddealersmeds.com\/sk\/wp-content\/uploads\/sites\/9\/2022\/03\/Buy-Oxycontin-online-one.jpg\" \/>\n\t<meta property=\"og:image:width\" content=\"600\" \/>\n\t<meta property=\"og:image:height\" content=\"450\" \/>\n\t<meta property=\"og:image:type\" content=\"image\/jpeg\" \/>\n<meta name=\"twitter:card\" content=\"summary_large_image\" \/>\n<meta name=\"twitter:label1\" content=\"Est. reading time\" \/>\n\t<meta name=\"twitter:data1\" content=\"3 minutes\" \/>\n<script type=\"application\/ld+json\" class=\"yoast-schema-graph\">{\"@context\":\"https:\\\/\\\/schema.org\",\"@graph\":[{\"@type\":\"WebPage\",\"@id\":\"https:\\\/\\\/gooddealersmeds.com\\\/sk\\\/product\\\/oxycontin\\\/\",\"url\":\"https:\\\/\\\/gooddealersmeds.com\\\/sk\\\/product\\\/oxycontin\\\/\",\"name\":\"K\u00fapi\u0165 Oxycontin online | K\u00fapte si Oxy online bez lek\u00e1rskeho predpisu\",\"isPartOf\":{\"@id\":\"https:\\\/\\\/gooddealersmeds.com\\\/sk\\\/#website\"},\"primaryImageOfPage\":{\"@id\":\"https:\\\/\\\/gooddealersmeds.com\\\/sk\\\/product\\\/oxycontin\\\/#primaryimage\"},\"image\":{\"@id\":\"https:\\\/\\\/gooddealersmeds.com\\\/sk\\\/product\\\/oxycontin\\\/#primaryimage\"},\"thumbnailUrl\":\"https:\\\/\\\/gooddealersmeds.com\\\/sk\\\/wp-content\\\/uploads\\\/sites\\\/9\\\/2022\\\/03\\\/Buy-Oxycontin-online-one.jpg\",\"datePublished\":\"2022-03-18T00:24:33+00:00\",\"dateModified\":\"2022-10-03T22:08:41+00:00\",\"description\":\"Oxycontin sa pou\u017e\u00edva na zmiernenie silnej bolesti. Ovplyv\u0148uje mozog, aby umo\u017enil telu odol\u00e1va\u0165 bolesti. k\u00fapi\u0165 Oxycontin online, k\u00fapi\u0165 oxy online.\",\"breadcrumb\":{\"@id\":\"https:\\\/\\\/gooddealersmeds.com\\\/sk\\\/product\\\/oxycontin\\\/#breadcrumb\"},\"inLanguage\":\"en-US\",\"potentialAction\":[{\"@type\":\"ReadAction\",\"target\":[\"https:\\\/\\\/gooddealersmeds.com\\\/sk\\\/product\\\/oxycontin\\\/\"]}]},{\"@type\":\"ImageObject\",\"inLanguage\":\"en-US\",\"@id\":\"https:\\\/\\\/gooddealersmeds.com\\\/sk\\\/product\\\/oxycontin\\\/#primaryimage\",\"url\":\"https:\\\/\\\/gooddealersmeds.com\\\/sk\\\/wp-content\\\/uploads\\\/sites\\\/9\\\/2022\\\/03\\\/Buy-Oxycontin-online-one.jpg\",\"contentUrl\":\"https:\\\/\\\/gooddealersmeds.com\\\/sk\\\/wp-content\\\/uploads\\\/sites\\\/9\\\/2022\\\/03\\\/Buy-Oxycontin-online-one.jpg\",\"width\":600,\"height\":450,\"caption\":\"Buy Oxycontin Online\"},{\"@type\":\"BreadcrumbList\",\"@id\":\"https:\\\/\\\/gooddealersmeds.com\\\/sk\\\/product\\\/oxycontin\\\/#breadcrumb\",\"itemListElement\":[{\"@type\":\"ListItem\",\"position\":1,\"name\":\"Home\",\"item\":\"https:\\\/\\\/gooddealersmeds.com\\\/sk\\\/\"},{\"@type\":\"ListItem\",\"position\":2,\"name\":\"Produkty\",\"item\":\"https:\\\/\\\/gooddealersmeds.com\\\/sk\\\/produkty\\\/\"},{\"@type\":\"ListItem\",\"position\":3,\"name\":\"Oxycontin na predaj\"}]},{\"@type\":\"WebSite\",\"@id\":\"https:\\\/\\\/gooddealersmeds.com\\\/sk\\\/#website\",\"url\":\"https:\\\/\\\/gooddealersmeds.com\\\/sk\\\/\",\"name\":\"Good Dealers Meds\",\"description\":\"All our best\",\"publisher\":{\"@id\":\"https:\\\/\\\/gooddealersmeds.com\\\/sk\\\/#organization\"},\"potentialAction\":[{\"@type\":\"SearchAction\",\"target\":{\"@type\":\"EntryPoint\",\"urlTemplate\":\"https:\\\/\\\/gooddealersmeds.com\\\/sk\\\/?s={search_term_string}\"},\"query-input\":{\"@type\":\"PropertyValueSpecification\",\"valueRequired\":true,\"valueName\":\"search_term_string\"}}],\"inLanguage\":\"en-US\"},{\"@type\":\"Organization\",\"@id\":\"https:\\\/\\\/gooddealersmeds.com\\\/sk\\\/#organization\",\"name\":\"Good Dealers Meds\",\"url\":\"https:\\\/\\\/gooddealersmeds.com\\\/sk\\\/\",\"logo\":{\"@type\":\"ImageObject\",\"inLanguage\":\"en-US\",\"@id\":\"https:\\\/\\\/gooddealersmeds.com\\\/sk\\\/#\\\/schema\\\/logo\\\/image\\\/\",\"url\":\"https:\\\/\\\/gooddealersmeds.com\\\/sk\\\/wp-content\\\/uploads\\\/sites\\\/9\\\/2022\\\/03\\\/gooddealersmeds__logo__20220317T222800Z.00.png\",\"contentUrl\":\"https:\\\/\\\/gooddealersmeds.com\\\/sk\\\/wp-content\\\/uploads\\\/sites\\\/9\\\/2022\\\/03\\\/gooddealersmeds__logo__20220317T222800Z.00.png\",\"width\":500,\"height\":325,\"caption\":\"Good Dealers Meds\"},\"image\":{\"@id\":\"https:\\\/\\\/gooddealersmeds.com\\\/sk\\\/#\\\/schema\\\/logo\\\/image\\\/\"}}]}<\/script>\n<!-- \/ Yoast SEO Premium plugin. -->","yoast_head_json":{"title":"K\u00fapi\u0165 Oxycontin online | K\u00fapte si Oxy online bez lek\u00e1rskeho predpisu","description":"Oxycontin sa pou\u017e\u00edva na zmiernenie silnej bolesti. Ovplyv\u0148uje mozog, aby umo\u017enil telu odol\u00e1va\u0165 bolesti. k\u00fapi\u0165 Oxycontin online, k\u00fapi\u0165 oxy online.","robots":{"index":"index","follow":"follow","max-snippet":"max-snippet:-1","max-image-preview":"max-image-preview:large","max-video-preview":"max-video-preview:-1"},"canonical":"https:\/\/gooddealersmeds.com\/sk\/product\/oxycontin\/","og_locale":"en_US","og_type":"article","og_title":"Oxycontin na predaj","og_description":"Oxycontin sa pou\u017e\u00edva na zmiernenie silnej bolesti. Ovplyv\u0148uje mozog, aby umo\u017enil telu odol\u00e1va\u0165 bolesti. k\u00fapi\u0165 Oxycontin online, k\u00fapi\u0165 oxy online.","og_url":"https:\/\/gooddealersmeds.com\/sk\/product\/oxycontin\/","og_site_name":"Good Dealers Meds","article_modified_time":"2022-10-03T22:08:41+00:00","og_image":[{"width":600,"height":450,"url":"https:\/\/gooddealersmeds.com\/sk\/wp-content\/uploads\/sites\/9\/2022\/03\/Buy-Oxycontin-online-one.jpg","type":"image\/jpeg"}],"twitter_card":"summary_large_image","twitter_misc":{"Est. reading time":"3 minutes"},"schema":{"@context":"https:\/\/schema.org","@graph":[{"@type":"WebPage","@id":"https:\/\/gooddealersmeds.com\/sk\/product\/oxycontin\/","url":"https:\/\/gooddealersmeds.com\/sk\/product\/oxycontin\/","name":"K\u00fapi\u0165 Oxycontin online | K\u00fapte si Oxy online bez lek\u00e1rskeho predpisu","isPartOf":{"@id":"https:\/\/gooddealersmeds.com\/sk\/#website"},"primaryImageOfPage":{"@id":"https:\/\/gooddealersmeds.com\/sk\/product\/oxycontin\/#primaryimage"},"image":{"@id":"https:\/\/gooddealersmeds.com\/sk\/product\/oxycontin\/#primaryimage"},"thumbnailUrl":"https:\/\/gooddealersmeds.com\/sk\/wp-content\/uploads\/sites\/9\/2022\/03\/Buy-Oxycontin-online-one.jpg","datePublished":"2022-03-18T00:24:33+00:00","dateModified":"2022-10-03T22:08:41+00:00","description":"Oxycontin sa pou\u017e\u00edva na zmiernenie silnej bolesti. Ovplyv\u0148uje mozog, aby umo\u017enil telu odol\u00e1va\u0165 bolesti. k\u00fapi\u0165 Oxycontin online, k\u00fapi\u0165 oxy online.","breadcrumb":{"@id":"https:\/\/gooddealersmeds.com\/sk\/product\/oxycontin\/#breadcrumb"},"inLanguage":"en-US","potentialAction":[{"@type":"ReadAction","target":["https:\/\/gooddealersmeds.com\/sk\/product\/oxycontin\/"]}]},{"@type":"ImageObject","inLanguage":"en-US","@id":"https:\/\/gooddealersmeds.com\/sk\/product\/oxycontin\/#primaryimage","url":"https:\/\/gooddealersmeds.com\/sk\/wp-content\/uploads\/sites\/9\/2022\/03\/Buy-Oxycontin-online-one.jpg","contentUrl":"https:\/\/gooddealersmeds.com\/sk\/wp-content\/uploads\/sites\/9\/2022\/03\/Buy-Oxycontin-online-one.jpg","width":600,"height":450,"caption":"Buy Oxycontin Online"},{"@type":"BreadcrumbList","@id":"https:\/\/gooddealersmeds.com\/sk\/product\/oxycontin\/#breadcrumb","itemListElement":[{"@type":"ListItem","position":1,"name":"Home","item":"https:\/\/gooddealersmeds.com\/sk\/"},{"@type":"ListItem","position":2,"name":"Produkty","item":"https:\/\/gooddealersmeds.com\/sk\/produkty\/"},{"@type":"ListItem","position":3,"name":"Oxycontin na predaj"}]},{"@type":"WebSite","@id":"https:\/\/gooddealersmeds.com\/sk\/#website","url":"https:\/\/gooddealersmeds.com\/sk\/","name":"Good Dealers Meds","description":"All our best","publisher":{"@id":"https:\/\/gooddealersmeds.com\/sk\/#organization"},"potentialAction":[{"@type":"SearchAction","target":{"@type":"EntryPoint","urlTemplate":"https:\/\/gooddealersmeds.com\/sk\/?s={search_term_string}"},"query-input":{"@type":"PropertyValueSpecification","valueRequired":true,"valueName":"search_term_string"}}],"inLanguage":"en-US"},{"@type":"Organization","@id":"https:\/\/gooddealersmeds.com\/sk\/#organization","name":"Good Dealers Meds","url":"https:\/\/gooddealersmeds.com\/sk\/","logo":{"@type":"ImageObject","inLanguage":"en-US","@id":"https:\/\/gooddealersmeds.com\/sk\/#\/schema\/logo\/image\/","url":"https:\/\/gooddealersmeds.com\/sk\/wp-content\/uploads\/sites\/9\/2022\/03\/gooddealersmeds__logo__20220317T222800Z.00.png","contentUrl":"https:\/\/gooddealersmeds.com\/sk\/wp-content\/uploads\/sites\/9\/2022\/03\/gooddealersmeds__logo__20220317T222800Z.00.png","width":500,"height":325,"caption":"Good Dealers Meds"},"image":{"@id":"https:\/\/gooddealersmeds.com\/sk\/#\/schema\/logo\/image\/"}}]}},"_links":{"self":[{"href":"https:\/\/gooddealersmeds.com\/sk\/wp-json\/wp\/v2\/product\/1544","targetHints":{"allow":["GET"]}}],"collection":[{"href":"https:\/\/gooddealersmeds.com\/sk\/wp-json\/wp\/v2\/product"}],"about":[{"href":"https:\/\/gooddealersmeds.com\/sk\/wp-json\/wp\/v2\/types\/product"}],"replies":[{"embeddable":true,"href":"https:\/\/gooddealersmeds.com\/sk\/wp-json\/wp\/v2\/comments?post=1544"}],"wp:featuredmedia":[{"embeddable":true,"href":"https:\/\/gooddealersmeds.com\/sk\/wp-json\/wp\/v2\/media\/1553"}],"wp:attachment":[{"href":"https:\/\/gooddealersmeds.com\/sk\/wp-json\/wp\/v2\/media?parent=1544"}],"wp:term":[{"taxonomy":"product_brand","embeddable":true,"href":"https:\/\/gooddealersmeds.com\/sk\/wp-json\/wp\/v2\/product_brand?post=1544"},{"taxonomy":"product_cat","embeddable":true,"href":"https:\/\/gooddealersmeds.com\/sk\/wp-json\/wp\/v2\/product_cat?post=1544"},{"taxonomy":"product_tag","embeddable":true,"href":"https:\/\/gooddealersmeds.com\/sk\/wp-json\/wp\/v2\/product_tag?post=1544"}],"curies":[{"name":"wp","href":"https:\/\/api.w.org\/{rel}","templated":true}]}}