{"id":1524,"date":"2022-03-17T23:13:27","date_gmt":"2022-03-17T23:13:27","guid":{"rendered":"https:\/\/gooddealersmeds.com\/sk\/?post_type=product&#038;p=1524"},"modified":"2022-10-03T22:09:13","modified_gmt":"2022-10-03T22:09:13","slug":"buy-adderall-online","status":"publish","type":"product","link":"https:\/\/gooddealersmeds.com\/sk\/product\/buy-adderall-online\/","title":{"rendered":"K\u00fapi\u0165 Adderall online"},"content":{"rendered":"<p>V\u00e4\u010d\u0161ina z\u00e1kazn\u00edkov, ktor\u00ed h\u013eadaj\u00fa 30-d\u0148ov\u00fa dod\u00e1vku generick\u00e9ho lieku Adderall, uprednost\u0148uje z\u00edskanie a doplnenie predpisu z renomovan\u00e9ho zdroja. Na\u0161\u00edm cie\u013eom je poskytn\u00fa\u0165 pacientom miesto, kde m\u00f4\u017eu z\u00edska\u0165 recepty bez oh\u013eadu na ich poistn\u00e9 krytie alebo finan\u010dn\u00fa situ\u00e1ciu. S na\u0161ou pomocou si m\u00f4\u017eete \u013eahko k\u00fapi\u0165 Adderall online a spravova\u0165 svoje predpisy!<\/p>\n<p>Generick\u00fd Adderall (dextroamfetam\u00edn\/amfetam\u00edn) je zmes dvoch liekov stimuluj\u00facich centr\u00e1lny nervov\u00fd syst\u00e9m pou\u017e\u00edvan\u00fdch na lie\u010dbu poruchy pozornosti s hyperaktivitou \u2013 ADHD. Funguje tak, \u017ee zvy\u0161uje norepinefr\u00edn a dopam\u00edn, dve prirodzene sa vyskytuj\u00face chemick\u00e9 l\u00e1tky v mozgu, ktor\u00e9 stimuluj\u00fa mozgov\u00fa aktivitu a m\u00f4\u017eu v\u00e1m pom\u00f4c\u0165 venova\u0165 pozornos\u0165, s\u00fastredi\u0165 sa na \u00falohu a kontrolova\u0165 probl\u00e9my so spr\u00e1van\u00edm. Funguje tak, \u017ee men\u00ed mno\u017estvo ur\u010dit\u00fdch chemick\u00fdch molek\u00fal v mozgu.<\/p>\n<p>Amfetam\u00edn\/dextroamfetam\u00edn patr\u00ed do skupiny stimulantov. M\u00f4\u017ee tie\u017e pom\u00f4c\u0165 s organiz\u00e1ciou pr\u00e1ce a rozvojom schopnost\u00ed po\u010d\u00fava\u0165. Tento liek sa tie\u017e pou\u017e\u00edva na lie\u010dbu \u0161pecifickej poruchy sp\u00e1nku zn\u00e1mej ako narkolepsia, aby v\u00e1m pomohol zosta\u0165 po\u010das d\u0148a bdel\u00fdm. Nemal by sa pou\u017e\u00edva\u0165 na lie\u010dbu \u00fanavy alebo na odklad sp\u00e1nku u t\u00fdch, ktor\u00ed nemaj\u00fa probl\u00e9my so sp\u00e1nkom.<\/p>\n<p>D\u00e1vka z\u00e1vis\u00ed od v\u00e1\u0161ho zdravotn\u00e9ho stavu a odpovede na lie\u010dbu. Ak chcete z\u00edska\u0165 \u010do najv\u00e4\u010d\u0161\u00ed \u00fa\u017eitok z tohto lieku, u\u017e\u00edvajte ho \u010dasto. U\u017e\u00edvajte ho ka\u017ed\u00fd de\u0148 v rovnakom \u010dase, aby ste si zapam\u00e4tali. Neakt\u00edvne chemik\u00e1lie v tomto produkte m\u00f4\u017eu sp\u00f4sobi\u0165 alergick\u00e9 reakcie alebo in\u00e9 komplik\u00e1cie.<\/p>\n<p>V spr\u00e1vnej online lek\u00e1rni n\u00e1jdete n\u00e1plne pre v\u00e1\u0161 <a href=\"https:\/\/gooddealersmeds.com\/sk\/product\/buy -adderall-online\/\">Adderall<\/a> predpis za rozumn\u00e9 ceny. Chceme b\u00fara\u0165 bari\u00e9ry medzi pacientmi a liekmi, ktor\u00e9 potrebuj\u00fa na \u017eivot, s minim\u00e1lnymi ved\u013eaj\u0161\u00edmi \u00fa\u010dinkami. Z\u00edskan\u00edm dod\u00e1vky generick\u00e9ho Adderall s nami z\u00edskate pr\u00edstup k najdostupnej\u0161iemu sp\u00f4sobu z\u00edskania liekov na ADHD.<\/p>\n<p>Adderall si m\u00f4\u017eete k\u00fapi\u0165 online na na\u0161om <a href=\"https:\/\/gooddealersmeds.com \/sk\/products\/\">obchod<\/a> s bezpe\u010dnou dopravou po celej Eur\u00f3pe.<\/p>\n","protected":false},"excerpt":{"rendered":"<p>ADHD a narkolepsia s\u00fa dve hlavn\u00e9 poruchy, ktor\u00e9 by mohli zdevastova\u0165 be\u017en\u00e9 \u017eivoty \u013eud\u00ed na celom svete. ADHD je vo v\u0161eobecnosti porucha pozornosti s hypersenzitivitou, pri ktorej v\u00e4\u010d\u0161ina \u013eud\u00ed nemus\u00ed by\u0165 schopn\u00e1 venova\u0165 pozornos\u0165 alebo sa s\u00fastredi\u0165 na ur\u010dit\u00e9 \u00falohy a veci v \u017eivote. Je to kv\u00f4li nerovnov\u00e1he chemick\u00fdch l\u00e1tok v mozgu, ktor\u00e1 vedie k nepozornosti. Na lie\u010dbu probl\u00e9mu nepozornosti, narkolepsie a hyperaktivity je mo\u017en\u00e9 pou\u017ei\u0165 lieky Adderall. Pocit rozpt\u00fdlenia je ve\u013emi \u010dast\u00fd pri poruch\u00e1ch ADHD a pri narkolepsii; \u013eudia maj\u00fa tendenciu spa\u0165 aj v nep\u00e1rnych hodin\u00e1ch \u010dasu. So v\u0161etk\u00fdm, \u010do bolo povedan\u00e9, Adderall sa m\u00f4\u017ee sta\u0165 zvykom, ak sa nespr\u00e1vne pou\u017e\u00edva bez riadnej konzult\u00e1cie s lek\u00e1rom. Tie\u017e sa uistite, \u017ee Adderall 30 mg neposkytnete nezn\u00e1mym cudzincom alebo priate\u013eom s anamn\u00e9zou drogovej z\u00e1vislosti a zneu\u017e\u00edvania.<\/p>\n","protected":false},"featured_media":1532,"comment_status":"open","ping_status":"closed","template":"","meta":{"inline_featured_image":false},"product_brand":[],"product_cat":[346],"product_tag":[],"class_list":{"0":"post-1524","1":"product","2":"type-product","3":"status-publish","4":"has-post-thumbnail","6":"product_cat-stimulanty","7":"pa_pills-100-pills","8":"pa_pills-1000-pills","9":"pa_pills-30-pills","10":"pa_pills-300-pills","11":"pa_pills-50-pills","12":"pa_pills-500-pills","14":"first","15":"instock","16":"featured","17":"shipping-taxable","18":"purchasable","19":"product-type-variable","20":"has-default-attributes"},"yoast_head":"<!-- This site is optimized with the Yoast SEO Premium plugin v20.6 (Yoast SEO v27.3) - https:\/\/yoast.com\/product\/yoast-seo-premium-wordpress\/ -->\n<title>K\u00fapi\u0165 Adderall online - Lacn\u00fd Adderall na predaj 30 mg | Dobr\u00ed predajcovia liekov<\/title>\n<meta name=\"description\" content=\"K\u00fapte si adderall online 30 mg bez lek\u00e1rskeho predpisu za n\u00edzku cenu od Good Dealers Meds na lie\u010dbu ADHD a narkolepsie.\" \/>\n<meta name=\"robots\" content=\"index, follow, max-snippet:-1, max-image-preview:large, max-video-preview:-1\" \/>\n<link rel=\"canonical\" href=\"https:\/\/gooddealersmeds.com\/sk\/product\/buy-adderall-online\/\" \/>\n<meta property=\"og:locale\" content=\"en_US\" \/>\n<meta property=\"og:type\" content=\"article\" \/>\n<meta property=\"og:title\" content=\"K\u00fapi\u0165 Adderall online\" \/>\n<meta property=\"og:description\" content=\"K\u00fapte si adderall online 30 mg bez lek\u00e1rskeho predpisu za n\u00edzku cenu od Good Dealers Meds na lie\u010dbu ADHD a narkolepsie.\" \/>\n<meta property=\"og:url\" content=\"https:\/\/gooddealersmeds.com\/sk\/product\/buy-adderall-online\/\" \/>\n<meta property=\"og:site_name\" content=\"Good Dealers Meds\" \/>\n<meta property=\"article:modified_time\" content=\"2022-10-03T22:09:13+00:00\" \/>\n<meta property=\"og:image\" content=\"https:\/\/gooddealersmeds.com\/sk\/wp-content\/uploads\/sites\/9\/2022\/03\/buy-adderall-online1.jpg\" \/>\n\t<meta property=\"og:image:width\" content=\"300\" \/>\n\t<meta property=\"og:image:height\" content=\"300\" \/>\n\t<meta property=\"og:image:type\" content=\"image\/jpeg\" \/>\n<meta name=\"twitter:card\" content=\"summary_large_image\" \/>\n<meta name=\"twitter:label1\" content=\"Est. reading time\" \/>\n\t<meta name=\"twitter:data1\" content=\"2 minutes\" \/>\n<script type=\"application\/ld+json\" class=\"yoast-schema-graph\">{\"@context\":\"https:\\\/\\\/schema.org\",\"@graph\":[{\"@type\":\"WebPage\",\"@id\":\"https:\\\/\\\/gooddealersmeds.com\\\/sk\\\/product\\\/buy-adderall-online\\\/\",\"url\":\"https:\\\/\\\/gooddealersmeds.com\\\/sk\\\/product\\\/buy-adderall-online\\\/\",\"name\":\"K\u00fapi\u0165 Adderall online - Lacn\u00fd Adderall na predaj 30 mg | Dobr\u00ed predajcovia liekov\",\"isPartOf\":{\"@id\":\"https:\\\/\\\/gooddealersmeds.com\\\/sk\\\/#website\"},\"primaryImageOfPage\":{\"@id\":\"https:\\\/\\\/gooddealersmeds.com\\\/sk\\\/product\\\/buy-adderall-online\\\/#primaryimage\"},\"image\":{\"@id\":\"https:\\\/\\\/gooddealersmeds.com\\\/sk\\\/product\\\/buy-adderall-online\\\/#primaryimage\"},\"thumbnailUrl\":\"https:\\\/\\\/gooddealersmeds.com\\\/sk\\\/wp-content\\\/uploads\\\/sites\\\/9\\\/2022\\\/03\\\/buy-adderall-online1.jpg\",\"datePublished\":\"2022-03-17T23:13:27+00:00\",\"dateModified\":\"2022-10-03T22:09:13+00:00\",\"description\":\"K\u00fapte si adderall online 30 mg bez lek\u00e1rskeho predpisu za n\u00edzku cenu od Good Dealers Meds na lie\u010dbu ADHD a narkolepsie.\",\"breadcrumb\":{\"@id\":\"https:\\\/\\\/gooddealersmeds.com\\\/sk\\\/product\\\/buy-adderall-online\\\/#breadcrumb\"},\"inLanguage\":\"en-US\",\"potentialAction\":[{\"@type\":\"ReadAction\",\"target\":[\"https:\\\/\\\/gooddealersmeds.com\\\/sk\\\/product\\\/buy-adderall-online\\\/\"]}]},{\"@type\":\"ImageObject\",\"inLanguage\":\"en-US\",\"@id\":\"https:\\\/\\\/gooddealersmeds.com\\\/sk\\\/product\\\/buy-adderall-online\\\/#primaryimage\",\"url\":\"https:\\\/\\\/gooddealersmeds.com\\\/sk\\\/wp-content\\\/uploads\\\/sites\\\/9\\\/2022\\\/03\\\/buy-adderall-online1.jpg\",\"contentUrl\":\"https:\\\/\\\/gooddealersmeds.com\\\/sk\\\/wp-content\\\/uploads\\\/sites\\\/9\\\/2022\\\/03\\\/buy-adderall-online1.jpg\",\"width\":300,\"height\":300,\"caption\":\"Buy Adderall Online\"},{\"@type\":\"BreadcrumbList\",\"@id\":\"https:\\\/\\\/gooddealersmeds.com\\\/sk\\\/product\\\/buy-adderall-online\\\/#breadcrumb\",\"itemListElement\":[{\"@type\":\"ListItem\",\"position\":1,\"name\":\"Home\",\"item\":\"https:\\\/\\\/gooddealersmeds.com\\\/sk\\\/\"},{\"@type\":\"ListItem\",\"position\":2,\"name\":\"Produkty\",\"item\":\"https:\\\/\\\/gooddealersmeds.com\\\/sk\\\/produkty\\\/\"},{\"@type\":\"ListItem\",\"position\":3,\"name\":\"K\u00fapi\u0165 Adderall online\"}]},{\"@type\":\"WebSite\",\"@id\":\"https:\\\/\\\/gooddealersmeds.com\\\/sk\\\/#website\",\"url\":\"https:\\\/\\\/gooddealersmeds.com\\\/sk\\\/\",\"name\":\"Good Dealers Meds\",\"description\":\"All our best\",\"publisher\":{\"@id\":\"https:\\\/\\\/gooddealersmeds.com\\\/sk\\\/#organization\"},\"potentialAction\":[{\"@type\":\"SearchAction\",\"target\":{\"@type\":\"EntryPoint\",\"urlTemplate\":\"https:\\\/\\\/gooddealersmeds.com\\\/sk\\\/?s={search_term_string}\"},\"query-input\":{\"@type\":\"PropertyValueSpecification\",\"valueRequired\":true,\"valueName\":\"search_term_string\"}}],\"inLanguage\":\"en-US\"},{\"@type\":\"Organization\",\"@id\":\"https:\\\/\\\/gooddealersmeds.com\\\/sk\\\/#organization\",\"name\":\"Good Dealers Meds\",\"url\":\"https:\\\/\\\/gooddealersmeds.com\\\/sk\\\/\",\"logo\":{\"@type\":\"ImageObject\",\"inLanguage\":\"en-US\",\"@id\":\"https:\\\/\\\/gooddealersmeds.com\\\/sk\\\/#\\\/schema\\\/logo\\\/image\\\/\",\"url\":\"https:\\\/\\\/gooddealersmeds.com\\\/sk\\\/wp-content\\\/uploads\\\/sites\\\/9\\\/2022\\\/03\\\/gooddealersmeds__logo__20220317T222800Z.00.png\",\"contentUrl\":\"https:\\\/\\\/gooddealersmeds.com\\\/sk\\\/wp-content\\\/uploads\\\/sites\\\/9\\\/2022\\\/03\\\/gooddealersmeds__logo__20220317T222800Z.00.png\",\"width\":500,\"height\":325,\"caption\":\"Good Dealers Meds\"},\"image\":{\"@id\":\"https:\\\/\\\/gooddealersmeds.com\\\/sk\\\/#\\\/schema\\\/logo\\\/image\\\/\"}}]}<\/script>\n<!-- \/ Yoast SEO Premium plugin. -->","yoast_head_json":{"title":"K\u00fapi\u0165 Adderall online - Lacn\u00fd Adderall na predaj 30 mg | Dobr\u00ed predajcovia liekov","description":"K\u00fapte si adderall online 30 mg bez lek\u00e1rskeho predpisu za n\u00edzku cenu od Good Dealers Meds na lie\u010dbu ADHD a narkolepsie.","robots":{"index":"index","follow":"follow","max-snippet":"max-snippet:-1","max-image-preview":"max-image-preview:large","max-video-preview":"max-video-preview:-1"},"canonical":"https:\/\/gooddealersmeds.com\/sk\/product\/buy-adderall-online\/","og_locale":"en_US","og_type":"article","og_title":"K\u00fapi\u0165 Adderall online","og_description":"K\u00fapte si adderall online 30 mg bez lek\u00e1rskeho predpisu za n\u00edzku cenu od Good Dealers Meds na lie\u010dbu ADHD a narkolepsie.","og_url":"https:\/\/gooddealersmeds.com\/sk\/product\/buy-adderall-online\/","og_site_name":"Good Dealers Meds","article_modified_time":"2022-10-03T22:09:13+00:00","og_image":[{"width":300,"height":300,"url":"https:\/\/gooddealersmeds.com\/sk\/wp-content\/uploads\/sites\/9\/2022\/03\/buy-adderall-online1.jpg","type":"image\/jpeg"}],"twitter_card":"summary_large_image","twitter_misc":{"Est. reading time":"2 minutes"},"schema":{"@context":"https:\/\/schema.org","@graph":[{"@type":"WebPage","@id":"https:\/\/gooddealersmeds.com\/sk\/product\/buy-adderall-online\/","url":"https:\/\/gooddealersmeds.com\/sk\/product\/buy-adderall-online\/","name":"K\u00fapi\u0165 Adderall online - Lacn\u00fd Adderall na predaj 30 mg | Dobr\u00ed predajcovia liekov","isPartOf":{"@id":"https:\/\/gooddealersmeds.com\/sk\/#website"},"primaryImageOfPage":{"@id":"https:\/\/gooddealersmeds.com\/sk\/product\/buy-adderall-online\/#primaryimage"},"image":{"@id":"https:\/\/gooddealersmeds.com\/sk\/product\/buy-adderall-online\/#primaryimage"},"thumbnailUrl":"https:\/\/gooddealersmeds.com\/sk\/wp-content\/uploads\/sites\/9\/2022\/03\/buy-adderall-online1.jpg","datePublished":"2022-03-17T23:13:27+00:00","dateModified":"2022-10-03T22:09:13+00:00","description":"K\u00fapte si adderall online 30 mg bez lek\u00e1rskeho predpisu za n\u00edzku cenu od Good Dealers Meds na lie\u010dbu ADHD a narkolepsie.","breadcrumb":{"@id":"https:\/\/gooddealersmeds.com\/sk\/product\/buy-adderall-online\/#breadcrumb"},"inLanguage":"en-US","potentialAction":[{"@type":"ReadAction","target":["https:\/\/gooddealersmeds.com\/sk\/product\/buy-adderall-online\/"]}]},{"@type":"ImageObject","inLanguage":"en-US","@id":"https:\/\/gooddealersmeds.com\/sk\/product\/buy-adderall-online\/#primaryimage","url":"https:\/\/gooddealersmeds.com\/sk\/wp-content\/uploads\/sites\/9\/2022\/03\/buy-adderall-online1.jpg","contentUrl":"https:\/\/gooddealersmeds.com\/sk\/wp-content\/uploads\/sites\/9\/2022\/03\/buy-adderall-online1.jpg","width":300,"height":300,"caption":"Buy Adderall Online"},{"@type":"BreadcrumbList","@id":"https:\/\/gooddealersmeds.com\/sk\/product\/buy-adderall-online\/#breadcrumb","itemListElement":[{"@type":"ListItem","position":1,"name":"Home","item":"https:\/\/gooddealersmeds.com\/sk\/"},{"@type":"ListItem","position":2,"name":"Produkty","item":"https:\/\/gooddealersmeds.com\/sk\/produkty\/"},{"@type":"ListItem","position":3,"name":"K\u00fapi\u0165 Adderall online"}]},{"@type":"WebSite","@id":"https:\/\/gooddealersmeds.com\/sk\/#website","url":"https:\/\/gooddealersmeds.com\/sk\/","name":"Good Dealers Meds","description":"All our best","publisher":{"@id":"https:\/\/gooddealersmeds.com\/sk\/#organization"},"potentialAction":[{"@type":"SearchAction","target":{"@type":"EntryPoint","urlTemplate":"https:\/\/gooddealersmeds.com\/sk\/?s={search_term_string}"},"query-input":{"@type":"PropertyValueSpecification","valueRequired":true,"valueName":"search_term_string"}}],"inLanguage":"en-US"},{"@type":"Organization","@id":"https:\/\/gooddealersmeds.com\/sk\/#organization","name":"Good Dealers Meds","url":"https:\/\/gooddealersmeds.com\/sk\/","logo":{"@type":"ImageObject","inLanguage":"en-US","@id":"https:\/\/gooddealersmeds.com\/sk\/#\/schema\/logo\/image\/","url":"https:\/\/gooddealersmeds.com\/sk\/wp-content\/uploads\/sites\/9\/2022\/03\/gooddealersmeds__logo__20220317T222800Z.00.png","contentUrl":"https:\/\/gooddealersmeds.com\/sk\/wp-content\/uploads\/sites\/9\/2022\/03\/gooddealersmeds__logo__20220317T222800Z.00.png","width":500,"height":325,"caption":"Good Dealers Meds"},"image":{"@id":"https:\/\/gooddealersmeds.com\/sk\/#\/schema\/logo\/image\/"}}]}},"_links":{"self":[{"href":"https:\/\/gooddealersmeds.com\/sk\/wp-json\/wp\/v2\/product\/1524","targetHints":{"allow":["GET"]}}],"collection":[{"href":"https:\/\/gooddealersmeds.com\/sk\/wp-json\/wp\/v2\/product"}],"about":[{"href":"https:\/\/gooddealersmeds.com\/sk\/wp-json\/wp\/v2\/types\/product"}],"replies":[{"embeddable":true,"href":"https:\/\/gooddealersmeds.com\/sk\/wp-json\/wp\/v2\/comments?post=1524"}],"wp:featuredmedia":[{"embeddable":true,"href":"https:\/\/gooddealersmeds.com\/sk\/wp-json\/wp\/v2\/media\/1532"}],"wp:attachment":[{"href":"https:\/\/gooddealersmeds.com\/sk\/wp-json\/wp\/v2\/media?parent=1524"}],"wp:term":[{"taxonomy":"product_brand","embeddable":true,"href":"https:\/\/gooddealersmeds.com\/sk\/wp-json\/wp\/v2\/product_brand?post=1524"},{"taxonomy":"product_cat","embeddable":true,"href":"https:\/\/gooddealersmeds.com\/sk\/wp-json\/wp\/v2\/product_cat?post=1524"},{"taxonomy":"product_tag","embeddable":true,"href":"https:\/\/gooddealersmeds.com\/sk\/wp-json\/wp\/v2\/product_tag?post=1524"}],"curies":[{"name":"wp","href":"https:\/\/api.w.org\/{rel}","templated":true}]}}