{"id":2217,"date":"2023-01-08T19:08:08","date_gmt":"2023-01-08T19:08:08","guid":{"rendered":"https:\/\/gooddealersmeds.com\/no\/?post_type=product&#038;p=2217"},"modified":"2025-01-09T11:56:08","modified_gmt":"2025-01-09T11:56:08","slug":"kjop-kalium-cyanid","status":"publish","type":"product","link":"https:\/\/gooddealersmeds.com\/no\/product\/kjop-kalium-cyanid\/","title":{"rendered":"Kj\u00f8p kalium-cyanid"},"content":{"rendered":"<h2>Kj\u00f8p kaliumcyanid p\u00e5 nett<strong><br \/>\n<\/strong><\/h2>\n<p>Kaliumcyanid er et sv\u00e6rt giftig salt av uorganisk cyanid som folk kan bruke som erstatning for det mer popul\u00e6re natriumcyanid. Kj\u00f8p kaliumcyanid p\u00e5 nett =\u00a0 Dens kjemiske formel er KCN. Folk tar hovedsakelig kaliumcyanid i tablett- eller pulverform. Hvis du sender fra oss er den tilgjengelige dosen 300 mg oral pille og minimumsbestilling for 100 gram pulverform, kj\u00f8p lovlig kaliumcyanid, kj\u00f8p kaliumcyanid i Canada, kj\u00f8p kaliumcyanid i USA, kj\u00f8p kaliumcyanid i Australia, kj\u00f8p kaliumcyanid, kj\u00f8p kalium cyanid i Storbritannia, kj\u00f8p kaliumcyanid i n\u00e6rheten av meg, kj\u00f8p giftig <a href=\"https:\/\/gooddealersmeds.com\/no\/product\/kjop-kalium-cyanid\/\">kaliumcyanid<\/a>, kj\u00f8p kaliumcyanid, kj\u00f8p kaliumcyanidgull, kj\u00f8p kaliumcyanid Australia, kj\u00f8p kaliumcyanid i bulk, hvor kan jeg kj\u00f8pe kaliumcyanid i London, kj\u00f8p kaliumcyanid, hvor i engrossalg \u00e5 kj\u00f8pe kaliumcyanid i hele verden, kj\u00f8pe kaliumcyanid p\u00e5 nettet<\/p>\n<p>&nbsp;<\/p>\n<p>V\u00e5rt laboratorium produserer og distribuerer den beste kvaliteten kalium som er en fargel\u00f8s krystallinsk forbindelse. V\u00e5rt kaliumcyanid er kjent av smykkeforhandlere for sine ekstreme og eksepsjonelle h\u00f8ykvalitets kjemiske forgyllings- og poleringsegenskaper. Gullutvinningen v\u00e5r. organisk syntese. og elektropletteringskunder har aldri sett noe sted siden de testet kaliumcyanid. Kaliumcyanid tilbys i pulver eller sylindrisk tablett hver tablett som veier 100 gram. Det er en uorganisk forbindelse med formelen KCN. Denne fargel\u00f8se krystallinske forbindelsen. ligner sukker i utseende. er sv\u00e6rt l\u00f8selig i vann. Mest KCN brukes i gullgruvedrift. organisk syntese. beg\u00e5r selvmord og galvanisering. Bestill Kalium-cyanid p\u00e5 nett, Kalium-cyanid til salgs<\/p>\n","protected":false},"excerpt":{"rendered":"<p>Kj\u00f8p kalium-cyanid p\u00e5 nettet til rimelige priser og f\u00e5 det levert p\u00e5 d\u00f8ren. Vi sender over hele verden. Kalium-cyanid til salgs<\/p>\n","protected":false},"featured_media":2247,"comment_status":"open","ping_status":"closed","template":"","meta":{"inline_featured_image":false},"product_brand":[],"product_cat":[343],"product_tag":[],"class_list":{"0":"post-2217","1":"product","2":"type-product","3":"status-publish","4":"has-post-thumbnail","6":"product_cat-andre","8":"first","9":"instock","10":"shipping-taxable","11":"purchasable","12":"product-type-variable","13":"has-default-attributes"},"yoast_head":"<!-- This site is optimized with the Yoast SEO Premium plugin v20.6 (Yoast SEO v27.4) - https:\/\/yoast.com\/product\/yoast-seo-premium-wordpress\/ -->\n<title>Kj\u00f8p kaliumcyanid p\u00e5 nett | Kalium-cyanid til salgs til god pris<\/title>\n<meta name=\"description\" content=\"Kj\u00f8p kaliumcyanid p\u00e5 nett til rimelige priser og f\u00e5 det levert p\u00e5 d\u00f8ren. Vi sender over hele verden. Kalium-cyanid til salgs\" \/>\n<meta name=\"robots\" content=\"index, follow, max-snippet:-1, max-image-preview:large, max-video-preview:-1\" \/>\n<link rel=\"canonical\" href=\"https:\/\/gooddealersmeds.com\/no\/product\/kjop-kalium-cyanid\/\" \/>\n<meta property=\"og:locale\" content=\"en_US\" \/>\n<meta property=\"og:type\" content=\"article\" \/>\n<meta property=\"og:title\" content=\"Kj\u00f8p kalium-cyanid\" \/>\n<meta property=\"og:description\" content=\"Kj\u00f8p kaliumcyanid p\u00e5 nett til rimelige priser og f\u00e5 det levert p\u00e5 d\u00f8ren. Vi sender over hele verden. Kalium-cyanid til salgs\" \/>\n<meta property=\"og:url\" content=\"https:\/\/gooddealersmeds.com\/no\/product\/kjop-kalium-cyanid\/\" \/>\n<meta property=\"og:site_name\" content=\"Good Dealers Meds\" \/>\n<meta property=\"article:modified_time\" content=\"2025-01-09T11:56:08+00:00\" \/>\n<meta property=\"og:image\" content=\"https:\/\/gooddealersmeds.com\/no\/wp-content\/uploads\/sites\/8\/2023\/01\/potassium-cyanide.jpg\" \/>\n\t<meta property=\"og:image:width\" content=\"503\" \/>\n\t<meta property=\"og:image:height\" content=\"505\" \/>\n\t<meta property=\"og:image:type\" content=\"image\/jpeg\" \/>\n<meta name=\"twitter:card\" content=\"summary_large_image\" \/>\n<meta name=\"twitter:label1\" content=\"Est. reading time\" \/>\n\t<meta name=\"twitter:data1\" content=\"1 minute\" \/>\n<script type=\"application\/ld+json\" class=\"yoast-schema-graph\">{\"@context\":\"https:\\\/\\\/schema.org\",\"@graph\":[{\"@type\":\"WebPage\",\"@id\":\"https:\\\/\\\/gooddealersmeds.com\\\/no\\\/product\\\/kjop-kalium-cyanid\\\/\",\"url\":\"https:\\\/\\\/gooddealersmeds.com\\\/no\\\/product\\\/kjop-kalium-cyanid\\\/\",\"name\":\"Kj\u00f8p kaliumcyanid p\u00e5 nett | Kalium-cyanid til salgs til god pris\",\"isPartOf\":{\"@id\":\"https:\\\/\\\/gooddealersmeds.com\\\/no\\\/#website\"},\"primaryImageOfPage\":{\"@id\":\"https:\\\/\\\/gooddealersmeds.com\\\/no\\\/product\\\/kjop-kalium-cyanid\\\/#primaryimage\"},\"image\":{\"@id\":\"https:\\\/\\\/gooddealersmeds.com\\\/no\\\/product\\\/kjop-kalium-cyanid\\\/#primaryimage\"},\"thumbnailUrl\":\"https:\\\/\\\/gooddealersmeds.com\\\/no\\\/wp-content\\\/uploads\\\/sites\\\/8\\\/2023\\\/01\\\/potassium-cyanide.jpg\",\"datePublished\":\"2023-01-08T19:08:08+00:00\",\"dateModified\":\"2025-01-09T11:56:08+00:00\",\"description\":\"Kj\u00f8p kaliumcyanid p\u00e5 nett til rimelige priser og f\u00e5 det levert p\u00e5 d\u00f8ren. Vi sender over hele verden. Kalium-cyanid til salgs\",\"breadcrumb\":{\"@id\":\"https:\\\/\\\/gooddealersmeds.com\\\/no\\\/product\\\/kjop-kalium-cyanid\\\/#breadcrumb\"},\"inLanguage\":\"en-US\",\"potentialAction\":[{\"@type\":\"ReadAction\",\"target\":[\"https:\\\/\\\/gooddealersmeds.com\\\/no\\\/product\\\/kjop-kalium-cyanid\\\/\"]}]},{\"@type\":\"ImageObject\",\"inLanguage\":\"en-US\",\"@id\":\"https:\\\/\\\/gooddealersmeds.com\\\/no\\\/product\\\/kjop-kalium-cyanid\\\/#primaryimage\",\"url\":\"https:\\\/\\\/gooddealersmeds.com\\\/no\\\/wp-content\\\/uploads\\\/sites\\\/8\\\/2023\\\/01\\\/potassium-cyanide.jpg\",\"contentUrl\":\"https:\\\/\\\/gooddealersmeds.com\\\/no\\\/wp-content\\\/uploads\\\/sites\\\/8\\\/2023\\\/01\\\/potassium-cyanide.jpg\",\"width\":503,\"height\":505},{\"@type\":\"BreadcrumbList\",\"@id\":\"https:\\\/\\\/gooddealersmeds.com\\\/no\\\/product\\\/kjop-kalium-cyanid\\\/#breadcrumb\",\"itemListElement\":[{\"@type\":\"ListItem\",\"position\":1,\"name\":\"Home\",\"item\":\"https:\\\/\\\/gooddealersmeds.com\\\/no\\\/\"},{\"@type\":\"ListItem\",\"position\":2,\"name\":\"Produkter\",\"item\":\"https:\\\/\\\/gooddealersmeds.com\\\/no\\\/produkter\\\/\"},{\"@type\":\"ListItem\",\"position\":3,\"name\":\"Kj\u00f8p kalium-cyanid\"}]},{\"@type\":\"WebSite\",\"@id\":\"https:\\\/\\\/gooddealersmeds.com\\\/no\\\/#website\",\"url\":\"https:\\\/\\\/gooddealersmeds.com\\\/no\\\/\",\"name\":\"Good Dealers Meds\",\"description\":\"All our best\",\"publisher\":{\"@id\":\"https:\\\/\\\/gooddealersmeds.com\\\/no\\\/#organization\"},\"potentialAction\":[{\"@type\":\"SearchAction\",\"target\":{\"@type\":\"EntryPoint\",\"urlTemplate\":\"https:\\\/\\\/gooddealersmeds.com\\\/no\\\/?s={search_term_string}\"},\"query-input\":{\"@type\":\"PropertyValueSpecification\",\"valueRequired\":true,\"valueName\":\"search_term_string\"}}],\"inLanguage\":\"en-US\"},{\"@type\":\"Organization\",\"@id\":\"https:\\\/\\\/gooddealersmeds.com\\\/no\\\/#organization\",\"name\":\"Good Dealers Meds\",\"url\":\"https:\\\/\\\/gooddealersmeds.com\\\/no\\\/\",\"logo\":{\"@type\":\"ImageObject\",\"inLanguage\":\"en-US\",\"@id\":\"https:\\\/\\\/gooddealersmeds.com\\\/no\\\/#\\\/schema\\\/logo\\\/image\\\/\",\"url\":\"https:\\\/\\\/gooddealersmeds.com\\\/no\\\/wp-content\\\/uploads\\\/sites\\\/8\\\/2022\\\/03\\\/gooddealersmeds__logo__20220317T222800Z.00.png\",\"contentUrl\":\"https:\\\/\\\/gooddealersmeds.com\\\/no\\\/wp-content\\\/uploads\\\/sites\\\/8\\\/2022\\\/03\\\/gooddealersmeds__logo__20220317T222800Z.00.png\",\"width\":500,\"height\":325,\"caption\":\"Good Dealers Meds\"},\"image\":{\"@id\":\"https:\\\/\\\/gooddealersmeds.com\\\/no\\\/#\\\/schema\\\/logo\\\/image\\\/\"}}]}<\/script>\n<!-- \/ Yoast SEO Premium plugin. -->","yoast_head_json":{"title":"Kj\u00f8p kaliumcyanid p\u00e5 nett | Kalium-cyanid til salgs til god pris","description":"Kj\u00f8p kaliumcyanid p\u00e5 nett til rimelige priser og f\u00e5 det levert p\u00e5 d\u00f8ren. Vi sender over hele verden. Kalium-cyanid til salgs","robots":{"index":"index","follow":"follow","max-snippet":"max-snippet:-1","max-image-preview":"max-image-preview:large","max-video-preview":"max-video-preview:-1"},"canonical":"https:\/\/gooddealersmeds.com\/no\/product\/kjop-kalium-cyanid\/","og_locale":"en_US","og_type":"article","og_title":"Kj\u00f8p kalium-cyanid","og_description":"Kj\u00f8p kaliumcyanid p\u00e5 nett til rimelige priser og f\u00e5 det levert p\u00e5 d\u00f8ren. Vi sender over hele verden. Kalium-cyanid til salgs","og_url":"https:\/\/gooddealersmeds.com\/no\/product\/kjop-kalium-cyanid\/","og_site_name":"Good Dealers Meds","article_modified_time":"2025-01-09T11:56:08+00:00","og_image":[{"width":503,"height":505,"url":"https:\/\/gooddealersmeds.com\/no\/wp-content\/uploads\/sites\/8\/2023\/01\/potassium-cyanide.jpg","type":"image\/jpeg"}],"twitter_card":"summary_large_image","twitter_misc":{"Est. reading time":"1 minute"},"schema":{"@context":"https:\/\/schema.org","@graph":[{"@type":"WebPage","@id":"https:\/\/gooddealersmeds.com\/no\/product\/kjop-kalium-cyanid\/","url":"https:\/\/gooddealersmeds.com\/no\/product\/kjop-kalium-cyanid\/","name":"Kj\u00f8p kaliumcyanid p\u00e5 nett | Kalium-cyanid til salgs til god pris","isPartOf":{"@id":"https:\/\/gooddealersmeds.com\/no\/#website"},"primaryImageOfPage":{"@id":"https:\/\/gooddealersmeds.com\/no\/product\/kjop-kalium-cyanid\/#primaryimage"},"image":{"@id":"https:\/\/gooddealersmeds.com\/no\/product\/kjop-kalium-cyanid\/#primaryimage"},"thumbnailUrl":"https:\/\/gooddealersmeds.com\/no\/wp-content\/uploads\/sites\/8\/2023\/01\/potassium-cyanide.jpg","datePublished":"2023-01-08T19:08:08+00:00","dateModified":"2025-01-09T11:56:08+00:00","description":"Kj\u00f8p kaliumcyanid p\u00e5 nett til rimelige priser og f\u00e5 det levert p\u00e5 d\u00f8ren. Vi sender over hele verden. Kalium-cyanid til salgs","breadcrumb":{"@id":"https:\/\/gooddealersmeds.com\/no\/product\/kjop-kalium-cyanid\/#breadcrumb"},"inLanguage":"en-US","potentialAction":[{"@type":"ReadAction","target":["https:\/\/gooddealersmeds.com\/no\/product\/kjop-kalium-cyanid\/"]}]},{"@type":"ImageObject","inLanguage":"en-US","@id":"https:\/\/gooddealersmeds.com\/no\/product\/kjop-kalium-cyanid\/#primaryimage","url":"https:\/\/gooddealersmeds.com\/no\/wp-content\/uploads\/sites\/8\/2023\/01\/potassium-cyanide.jpg","contentUrl":"https:\/\/gooddealersmeds.com\/no\/wp-content\/uploads\/sites\/8\/2023\/01\/potassium-cyanide.jpg","width":503,"height":505},{"@type":"BreadcrumbList","@id":"https:\/\/gooddealersmeds.com\/no\/product\/kjop-kalium-cyanid\/#breadcrumb","itemListElement":[{"@type":"ListItem","position":1,"name":"Home","item":"https:\/\/gooddealersmeds.com\/no\/"},{"@type":"ListItem","position":2,"name":"Produkter","item":"https:\/\/gooddealersmeds.com\/no\/produkter\/"},{"@type":"ListItem","position":3,"name":"Kj\u00f8p kalium-cyanid"}]},{"@type":"WebSite","@id":"https:\/\/gooddealersmeds.com\/no\/#website","url":"https:\/\/gooddealersmeds.com\/no\/","name":"Good Dealers Meds","description":"All our best","publisher":{"@id":"https:\/\/gooddealersmeds.com\/no\/#organization"},"potentialAction":[{"@type":"SearchAction","target":{"@type":"EntryPoint","urlTemplate":"https:\/\/gooddealersmeds.com\/no\/?s={search_term_string}"},"query-input":{"@type":"PropertyValueSpecification","valueRequired":true,"valueName":"search_term_string"}}],"inLanguage":"en-US"},{"@type":"Organization","@id":"https:\/\/gooddealersmeds.com\/no\/#organization","name":"Good Dealers Meds","url":"https:\/\/gooddealersmeds.com\/no\/","logo":{"@type":"ImageObject","inLanguage":"en-US","@id":"https:\/\/gooddealersmeds.com\/no\/#\/schema\/logo\/image\/","url":"https:\/\/gooddealersmeds.com\/no\/wp-content\/uploads\/sites\/8\/2022\/03\/gooddealersmeds__logo__20220317T222800Z.00.png","contentUrl":"https:\/\/gooddealersmeds.com\/no\/wp-content\/uploads\/sites\/8\/2022\/03\/gooddealersmeds__logo__20220317T222800Z.00.png","width":500,"height":325,"caption":"Good Dealers Meds"},"image":{"@id":"https:\/\/gooddealersmeds.com\/no\/#\/schema\/logo\/image\/"}}]}},"_links":{"self":[{"href":"https:\/\/gooddealersmeds.com\/no\/wp-json\/wp\/v2\/product\/2217","targetHints":{"allow":["GET"]}}],"collection":[{"href":"https:\/\/gooddealersmeds.com\/no\/wp-json\/wp\/v2\/product"}],"about":[{"href":"https:\/\/gooddealersmeds.com\/no\/wp-json\/wp\/v2\/types\/product"}],"replies":[{"embeddable":true,"href":"https:\/\/gooddealersmeds.com\/no\/wp-json\/wp\/v2\/comments?post=2217"}],"wp:featuredmedia":[{"embeddable":true,"href":"https:\/\/gooddealersmeds.com\/no\/wp-json\/wp\/v2\/media\/2247"}],"wp:attachment":[{"href":"https:\/\/gooddealersmeds.com\/no\/wp-json\/wp\/v2\/media?parent=2217"}],"wp:term":[{"taxonomy":"product_brand","embeddable":true,"href":"https:\/\/gooddealersmeds.com\/no\/wp-json\/wp\/v2\/product_brand?post=2217"},{"taxonomy":"product_cat","embeddable":true,"href":"https:\/\/gooddealersmeds.com\/no\/wp-json\/wp\/v2\/product_cat?post=2217"},{"taxonomy":"product_tag","embeddable":true,"href":"https:\/\/gooddealersmeds.com\/no\/wp-json\/wp\/v2\/product_tag?post=2217"}],"curies":[{"name":"wp","href":"https:\/\/api.w.org\/{rel}","templated":true}]}}