{"id":2216,"date":"2023-01-08T19:08:08","date_gmt":"2023-01-08T19:08:08","guid":{"rendered":"https:\/\/gooddealersmeds.com\/no\/?post_type=product&#038;p=2216"},"modified":"2023-03-13T00:24:47","modified_gmt":"2023-03-13T00:24:47","slug":"gamma-butyrolactone-gbl-vaeske","status":"publish","type":"product","link":"https:\/\/gooddealersmeds.com\/no\/product\/gamma-butyrolactone-gbl-vaeske\/","title":{"rendered":"Gamma Butyrolactone (Gbl) V\u00e6ske"},"content":{"rendered":"<h2>Hvor kan du kj\u00f8pe GBL, Kj\u00f8p gammabutyrolakton p\u00e5 nettet<\/h2>\n<p>Kj\u00f8p gammabutyrolakton p\u00e5 nett. Hvor kan du kj\u00f8pe GBL, gamma-butyrolakton er funnet i ekstrakter fra pr\u00f8ver av uforfalskede viner. Dette funnet indikerer at\u00a0<a href=\"https:\/\/www.hiv-drogen.de\/\">GBL<\/a>\u00a0er en naturlig forekommende komponent i enkelte viner og kan forekomme i lignende produkter. Konsentrasjonen som ble oppdaget var omtrent 5 \u00b5g\/ml og ble lett observert ved bruk av en enkel ekstraksjonsteknikk etterfulgt av GC\/MS-analyse. GBL finnes i ostesmak, men resulterer vanligvis i et innhold p\u00e5 0,0002\u00a0%\u00a0GBL\u00a0i den endelige matvaren.<\/p>\n<p>Gamma-butyrolakton er et kjemikalie. Folk bruker det som medisin. V\u00e6r forsiktig s\u00e5 du ikke forveksler\u00a0gamma-butyrolakton\u00a0(GBL) med\u00a0gamma-hydroksybutyrat\u00a0(GHB). Til tross for alvorlige sikkerhetsproblemer og ulovligheter, bruker folk gammabutyrolakton for \u00e5 forbedre atletisk ytelse, s\u00f8vn og seksuell ytelse og nytelse. Kj\u00f8p gammabutyrolakton p\u00e5 nett,\u00a0forskning kjemisk p\u00e5 nett europa<\/p>\n<p>V\u00e5re fordeler. Hvor kan du bestille gamma-butyrolakton<\/p>\n<p>\u2013 Vi selger produkter av h\u00f8y kvalitet fra de beste produsentene,<\/p>\n<p>&#8211; tilbudte varer er tilgjengelig p\u00e5 lageret,<\/p>\n<p>-forsendelser er veldig godt pakket,<\/p>\n<p>-Forsendelsen skjer alltid i ekspresstempo,<\/p>\n<p>-Vi er et lovlig operativt selskap.<\/p>\n<p>-du f\u00e5r alltid kvittering eller faktura p\u00e5 varene som er kj\u00f8pt.<\/p>\n<p>GoodDealChem tilbyr den beste gamma-butyrolakton, Vi selger produkter av god kvalitet Hvor kan du kj\u00f8pe gamma-butyrolakton<\/p>\n<p>bestill gamma-butyrolakton i usa, bestill gamma-butyrolakton p\u00e5 amazon, bestill gamma-butyrolakton p\u00e5 nett usa, gamma-butyrolakton-rens kj\u00f8p usa, hvor kan du bestille gamma-butyrolaktoner, gamma-butyrolakton-renser usa, gamma-butyrolakton til salgs p\u00e5 nett, kj\u00f8p gamma-butyrolakton , bestill gamma-butyrolakton online australia, gamma-butyrolakton online for salg, magisk rensemiddel gamma-butyrolakton, bestill gamma-butyrolakton online India, leverand\u00f8rer av gamma-butyrolakton, gamma-butyrolakton-renser amazon, beste stedet \u00e5 bestille gamma-butyrolakton, gamma-butyrolakton til salgs, gamma-butyrolakton ebay, beste stedet \u00e5 bestille gamma-butyrolakton, gamma-butyrolakton-produkter, gamma-butyrolakton-leverand\u00f8rer i india, gamma-butyrolakton-pris, ren gamma-butyrolakton til salgs, gamma-butyrolakton-leverand\u00f8rer, gamma-butyrolakton ebay<br \/>\nhvor kan man kj\u00f8pe gbl reddit, hvor man kan kj\u00f8pe gbl i canada, gamma-butyrolaktonprodukter, beste sted \u00e5 kj\u00f8pe gbl uk, beste sted \u00e5 kj\u00f8pe gbl, gamma-butyrolaktonprodukter i australia, gamma-butyrolaktonprodukter nz, kj\u00f8p av gamma-butyrolakton, hvordan \u00e5 trekke ut gamma-butyrolakton, gamma-butyrolakton leverand\u00f8rer gamma-butyrolakton malingsfjerner, rene gbl-produkter australia, rengj\u00f8ringsprodukter som inneholder gbl<b><\/b><b><\/b><\/p>\n<p>Beskrivelse<br \/>\nFargel\u00f8s v\u00e6ske (kj\u00f8pes i sm\u00e5 flasker), fargede kapsler.<br \/>\nTerapeutisk bruk<br \/>\nBed\u00f8velse med en beroligende kvalitet. GHB har blitt brukt som en premedisinering til kirurgi, og i senere tid har det blitt brukt i behandling av s\u00f8vnforstyrrelser.<br \/>\nTilbaketrekking gir en opphisset tilstand, som med andre typer beroligende medisiner<\/p>\n","protected":false},"excerpt":{"rendered":"<p>Vi leverer GBL med h\u00f8y renhet over hele verden, Hvor kan du kj\u00f8pe GBL, V\u00e5r kvalitet er den beste du kan finne rundt, bestill GBL her med ekspressfrakt.<\/p>\n","protected":false},"featured_media":2246,"comment_status":"open","ping_status":"closed","template":"","meta":{"inline_featured_image":false},"product_brand":[],"product_cat":[344],"product_tag":[],"class_list":{"0":"post-2216","1":"product","2":"type-product","3":"status-publish","4":"has-post-thumbnail","6":"product_cat-forsknings-kjemikalier","8":"first","9":"instock","10":"shipping-taxable","11":"purchasable","12":"product-type-variable","13":"has-default-attributes"},"yoast_head":"<!-- This site is optimized with the Yoast SEO Premium plugin v20.6 (Yoast SEO v27.4) - https:\/\/yoast.com\/product\/yoast-seo-premium-wordpress\/ -->\n<title>Hvor kan du kj\u00f8pe GBL | GBL til salgs | Bestill GBL online | Kj\u00f8p GBL.<\/title>\n<meta name=\"description\" content=\"Vi leverer GBL med h\u00f8y renhet over hele verden, Hvor kan du kj\u00f8pe GBL, V\u00e5r kvalitet er den beste du kan finne rundt, bestill GBL her med ekspressfrakt.\" \/>\n<meta name=\"robots\" content=\"index, follow, max-snippet:-1, max-image-preview:large, max-video-preview:-1\" \/>\n<link rel=\"canonical\" href=\"https:\/\/gooddealersmeds.com\/no\/product\/gamma-butyrolactone-gbl-vaeske\/\" \/>\n<meta property=\"og:locale\" content=\"en_US\" \/>\n<meta property=\"og:type\" content=\"article\" \/>\n<meta property=\"og:title\" content=\"Gamma Butyrolactone (Gbl) V\u00e6ske\" \/>\n<meta property=\"og:description\" content=\"Vi leverer GBL med h\u00f8y renhet over hele verden, Hvor kan du kj\u00f8pe GBL, V\u00e5r kvalitet er den beste du kan finne rundt, bestill GBL her med ekspressfrakt.\" \/>\n<meta property=\"og:url\" content=\"https:\/\/gooddealersmeds.com\/no\/product\/gamma-butyrolactone-gbl-vaeske\/\" \/>\n<meta property=\"og:site_name\" content=\"Good Dealers Meds\" \/>\n<meta property=\"article:modified_time\" content=\"2023-03-13T00:24:47+00:00\" \/>\n<meta property=\"og:image\" content=\"https:\/\/gooddealersmeds.com\/no\/wp-content\/uploads\/sites\/8\/2023\/01\/ht.jpg\" \/>\n\t<meta property=\"og:image:width\" content=\"600\" \/>\n\t<meta property=\"og:image:height\" content=\"600\" \/>\n\t<meta property=\"og:image:type\" content=\"image\/jpeg\" \/>\n<meta name=\"twitter:card\" content=\"summary_large_image\" \/>\n<meta name=\"twitter:label1\" content=\"Est. reading time\" \/>\n\t<meta name=\"twitter:data1\" content=\"2 minutes\" \/>\n<script type=\"application\/ld+json\" class=\"yoast-schema-graph\">{\"@context\":\"https:\\\/\\\/schema.org\",\"@graph\":[{\"@type\":\"WebPage\",\"@id\":\"https:\\\/\\\/gooddealersmeds.com\\\/no\\\/product\\\/gamma-butyrolactone-gbl-vaeske\\\/\",\"url\":\"https:\\\/\\\/gooddealersmeds.com\\\/no\\\/product\\\/gamma-butyrolactone-gbl-vaeske\\\/\",\"name\":\"Hvor kan du kj\u00f8pe GBL | GBL til salgs | Bestill GBL online | Kj\u00f8p GBL.\",\"isPartOf\":{\"@id\":\"https:\\\/\\\/gooddealersmeds.com\\\/no\\\/#website\"},\"primaryImageOfPage\":{\"@id\":\"https:\\\/\\\/gooddealersmeds.com\\\/no\\\/product\\\/gamma-butyrolactone-gbl-vaeske\\\/#primaryimage\"},\"image\":{\"@id\":\"https:\\\/\\\/gooddealersmeds.com\\\/no\\\/product\\\/gamma-butyrolactone-gbl-vaeske\\\/#primaryimage\"},\"thumbnailUrl\":\"https:\\\/\\\/gooddealersmeds.com\\\/no\\\/wp-content\\\/uploads\\\/sites\\\/8\\\/2023\\\/01\\\/ht.jpg\",\"datePublished\":\"2023-01-08T19:08:08+00:00\",\"dateModified\":\"2023-03-13T00:24:47+00:00\",\"description\":\"Vi leverer GBL med h\u00f8y renhet over hele verden, Hvor kan du kj\u00f8pe GBL, V\u00e5r kvalitet er den beste du kan finne rundt, bestill GBL her med ekspressfrakt.\",\"breadcrumb\":{\"@id\":\"https:\\\/\\\/gooddealersmeds.com\\\/no\\\/product\\\/gamma-butyrolactone-gbl-vaeske\\\/#breadcrumb\"},\"inLanguage\":\"en-US\",\"potentialAction\":[{\"@type\":\"ReadAction\",\"target\":[\"https:\\\/\\\/gooddealersmeds.com\\\/no\\\/product\\\/gamma-butyrolactone-gbl-vaeske\\\/\"]}]},{\"@type\":\"ImageObject\",\"inLanguage\":\"en-US\",\"@id\":\"https:\\\/\\\/gooddealersmeds.com\\\/no\\\/product\\\/gamma-butyrolactone-gbl-vaeske\\\/#primaryimage\",\"url\":\"https:\\\/\\\/gooddealersmeds.com\\\/no\\\/wp-content\\\/uploads\\\/sites\\\/8\\\/2023\\\/01\\\/ht.jpg\",\"contentUrl\":\"https:\\\/\\\/gooddealersmeds.com\\\/no\\\/wp-content\\\/uploads\\\/sites\\\/8\\\/2023\\\/01\\\/ht.jpg\",\"width\":600,\"height\":600},{\"@type\":\"BreadcrumbList\",\"@id\":\"https:\\\/\\\/gooddealersmeds.com\\\/no\\\/product\\\/gamma-butyrolactone-gbl-vaeske\\\/#breadcrumb\",\"itemListElement\":[{\"@type\":\"ListItem\",\"position\":1,\"name\":\"Home\",\"item\":\"https:\\\/\\\/gooddealersmeds.com\\\/no\\\/\"},{\"@type\":\"ListItem\",\"position\":2,\"name\":\"Produkter\",\"item\":\"https:\\\/\\\/gooddealersmeds.com\\\/no\\\/produkter\\\/\"},{\"@type\":\"ListItem\",\"position\":3,\"name\":\"Gamma Butyrolactone (Gbl) V\u00e6ske\"}]},{\"@type\":\"WebSite\",\"@id\":\"https:\\\/\\\/gooddealersmeds.com\\\/no\\\/#website\",\"url\":\"https:\\\/\\\/gooddealersmeds.com\\\/no\\\/\",\"name\":\"Good Dealers Meds\",\"description\":\"All our best\",\"publisher\":{\"@id\":\"https:\\\/\\\/gooddealersmeds.com\\\/no\\\/#organization\"},\"potentialAction\":[{\"@type\":\"SearchAction\",\"target\":{\"@type\":\"EntryPoint\",\"urlTemplate\":\"https:\\\/\\\/gooddealersmeds.com\\\/no\\\/?s={search_term_string}\"},\"query-input\":{\"@type\":\"PropertyValueSpecification\",\"valueRequired\":true,\"valueName\":\"search_term_string\"}}],\"inLanguage\":\"en-US\"},{\"@type\":\"Organization\",\"@id\":\"https:\\\/\\\/gooddealersmeds.com\\\/no\\\/#organization\",\"name\":\"Good Dealers Meds\",\"url\":\"https:\\\/\\\/gooddealersmeds.com\\\/no\\\/\",\"logo\":{\"@type\":\"ImageObject\",\"inLanguage\":\"en-US\",\"@id\":\"https:\\\/\\\/gooddealersmeds.com\\\/no\\\/#\\\/schema\\\/logo\\\/image\\\/\",\"url\":\"https:\\\/\\\/gooddealersmeds.com\\\/no\\\/wp-content\\\/uploads\\\/sites\\\/8\\\/2022\\\/03\\\/gooddealersmeds__logo__20220317T222800Z.00.png\",\"contentUrl\":\"https:\\\/\\\/gooddealersmeds.com\\\/no\\\/wp-content\\\/uploads\\\/sites\\\/8\\\/2022\\\/03\\\/gooddealersmeds__logo__20220317T222800Z.00.png\",\"width\":500,\"height\":325,\"caption\":\"Good Dealers Meds\"},\"image\":{\"@id\":\"https:\\\/\\\/gooddealersmeds.com\\\/no\\\/#\\\/schema\\\/logo\\\/image\\\/\"}}]}<\/script>\n<!-- \/ Yoast SEO Premium plugin. -->","yoast_head_json":{"title":"Hvor kan du kj\u00f8pe GBL | GBL til salgs | Bestill GBL online | Kj\u00f8p GBL.","description":"Vi leverer GBL med h\u00f8y renhet over hele verden, Hvor kan du kj\u00f8pe GBL, V\u00e5r kvalitet er den beste du kan finne rundt, bestill GBL her med ekspressfrakt.","robots":{"index":"index","follow":"follow","max-snippet":"max-snippet:-1","max-image-preview":"max-image-preview:large","max-video-preview":"max-video-preview:-1"},"canonical":"https:\/\/gooddealersmeds.com\/no\/product\/gamma-butyrolactone-gbl-vaeske\/","og_locale":"en_US","og_type":"article","og_title":"Gamma Butyrolactone (Gbl) V\u00e6ske","og_description":"Vi leverer GBL med h\u00f8y renhet over hele verden, Hvor kan du kj\u00f8pe GBL, V\u00e5r kvalitet er den beste du kan finne rundt, bestill GBL her med ekspressfrakt.","og_url":"https:\/\/gooddealersmeds.com\/no\/product\/gamma-butyrolactone-gbl-vaeske\/","og_site_name":"Good Dealers Meds","article_modified_time":"2023-03-13T00:24:47+00:00","og_image":[{"width":600,"height":600,"url":"https:\/\/gooddealersmeds.com\/no\/wp-content\/uploads\/sites\/8\/2023\/01\/ht.jpg","type":"image\/jpeg"}],"twitter_card":"summary_large_image","twitter_misc":{"Est. reading time":"2 minutes"},"schema":{"@context":"https:\/\/schema.org","@graph":[{"@type":"WebPage","@id":"https:\/\/gooddealersmeds.com\/no\/product\/gamma-butyrolactone-gbl-vaeske\/","url":"https:\/\/gooddealersmeds.com\/no\/product\/gamma-butyrolactone-gbl-vaeske\/","name":"Hvor kan du kj\u00f8pe GBL | GBL til salgs | Bestill GBL online | Kj\u00f8p GBL.","isPartOf":{"@id":"https:\/\/gooddealersmeds.com\/no\/#website"},"primaryImageOfPage":{"@id":"https:\/\/gooddealersmeds.com\/no\/product\/gamma-butyrolactone-gbl-vaeske\/#primaryimage"},"image":{"@id":"https:\/\/gooddealersmeds.com\/no\/product\/gamma-butyrolactone-gbl-vaeske\/#primaryimage"},"thumbnailUrl":"https:\/\/gooddealersmeds.com\/no\/wp-content\/uploads\/sites\/8\/2023\/01\/ht.jpg","datePublished":"2023-01-08T19:08:08+00:00","dateModified":"2023-03-13T00:24:47+00:00","description":"Vi leverer GBL med h\u00f8y renhet over hele verden, Hvor kan du kj\u00f8pe GBL, V\u00e5r kvalitet er den beste du kan finne rundt, bestill GBL her med ekspressfrakt.","breadcrumb":{"@id":"https:\/\/gooddealersmeds.com\/no\/product\/gamma-butyrolactone-gbl-vaeske\/#breadcrumb"},"inLanguage":"en-US","potentialAction":[{"@type":"ReadAction","target":["https:\/\/gooddealersmeds.com\/no\/product\/gamma-butyrolactone-gbl-vaeske\/"]}]},{"@type":"ImageObject","inLanguage":"en-US","@id":"https:\/\/gooddealersmeds.com\/no\/product\/gamma-butyrolactone-gbl-vaeske\/#primaryimage","url":"https:\/\/gooddealersmeds.com\/no\/wp-content\/uploads\/sites\/8\/2023\/01\/ht.jpg","contentUrl":"https:\/\/gooddealersmeds.com\/no\/wp-content\/uploads\/sites\/8\/2023\/01\/ht.jpg","width":600,"height":600},{"@type":"BreadcrumbList","@id":"https:\/\/gooddealersmeds.com\/no\/product\/gamma-butyrolactone-gbl-vaeske\/#breadcrumb","itemListElement":[{"@type":"ListItem","position":1,"name":"Home","item":"https:\/\/gooddealersmeds.com\/no\/"},{"@type":"ListItem","position":2,"name":"Produkter","item":"https:\/\/gooddealersmeds.com\/no\/produkter\/"},{"@type":"ListItem","position":3,"name":"Gamma Butyrolactone (Gbl) V\u00e6ske"}]},{"@type":"WebSite","@id":"https:\/\/gooddealersmeds.com\/no\/#website","url":"https:\/\/gooddealersmeds.com\/no\/","name":"Good Dealers Meds","description":"All our best","publisher":{"@id":"https:\/\/gooddealersmeds.com\/no\/#organization"},"potentialAction":[{"@type":"SearchAction","target":{"@type":"EntryPoint","urlTemplate":"https:\/\/gooddealersmeds.com\/no\/?s={search_term_string}"},"query-input":{"@type":"PropertyValueSpecification","valueRequired":true,"valueName":"search_term_string"}}],"inLanguage":"en-US"},{"@type":"Organization","@id":"https:\/\/gooddealersmeds.com\/no\/#organization","name":"Good Dealers Meds","url":"https:\/\/gooddealersmeds.com\/no\/","logo":{"@type":"ImageObject","inLanguage":"en-US","@id":"https:\/\/gooddealersmeds.com\/no\/#\/schema\/logo\/image\/","url":"https:\/\/gooddealersmeds.com\/no\/wp-content\/uploads\/sites\/8\/2022\/03\/gooddealersmeds__logo__20220317T222800Z.00.png","contentUrl":"https:\/\/gooddealersmeds.com\/no\/wp-content\/uploads\/sites\/8\/2022\/03\/gooddealersmeds__logo__20220317T222800Z.00.png","width":500,"height":325,"caption":"Good Dealers Meds"},"image":{"@id":"https:\/\/gooddealersmeds.com\/no\/#\/schema\/logo\/image\/"}}]}},"_links":{"self":[{"href":"https:\/\/gooddealersmeds.com\/no\/wp-json\/wp\/v2\/product\/2216","targetHints":{"allow":["GET"]}}],"collection":[{"href":"https:\/\/gooddealersmeds.com\/no\/wp-json\/wp\/v2\/product"}],"about":[{"href":"https:\/\/gooddealersmeds.com\/no\/wp-json\/wp\/v2\/types\/product"}],"replies":[{"embeddable":true,"href":"https:\/\/gooddealersmeds.com\/no\/wp-json\/wp\/v2\/comments?post=2216"}],"wp:featuredmedia":[{"embeddable":true,"href":"https:\/\/gooddealersmeds.com\/no\/wp-json\/wp\/v2\/media\/2246"}],"wp:attachment":[{"href":"https:\/\/gooddealersmeds.com\/no\/wp-json\/wp\/v2\/media?parent=2216"}],"wp:term":[{"taxonomy":"product_brand","embeddable":true,"href":"https:\/\/gooddealersmeds.com\/no\/wp-json\/wp\/v2\/product_brand?post=2216"},{"taxonomy":"product_cat","embeddable":true,"href":"https:\/\/gooddealersmeds.com\/no\/wp-json\/wp\/v2\/product_cat?post=2216"},{"taxonomy":"product_tag","embeddable":true,"href":"https:\/\/gooddealersmeds.com\/no\/wp-json\/wp\/v2\/product_tag?post=2216"}],"curies":[{"name":"wp","href":"https:\/\/api.w.org\/{rel}","templated":true}]}}