{"id":2215,"date":"2023-01-08T19:08:08","date_gmt":"2023-01-08T19:08:08","guid":{"rendered":"https:\/\/gooddealersmeds.com\/no\/?post_type=product&#038;p=2215"},"modified":"2023-03-13T00:26:01","modified_gmt":"2023-03-13T00:26:01","slug":"bestill-apaan-alpha-phenylacetoacetonitril-online","status":"publish","type":"product","link":"https:\/\/gooddealersmeds.com\/no\/product\/bestill-apaan-alpha-phenylacetoacetonitril-online\/","title":{"rendered":"Bestill APAAN (Alpha-Phenylacetoacetonitril) Online"},"content":{"rendered":"<h2>Kj\u00f8p APAAN (alfa-fenylacetoacetonitril) p\u00e5 nettet \u2013 Bestill APAAN p\u00e5 nett<\/h2>\n<p>Bestill APAAN online. APAAN (ogs\u00e5 kalt: apane) eller alfa-Phenylacetoacetonitril (engelsk: alpha-Phenylacetoacetonitrile) er en organisk forbindelse som brukes til fremstilling av flere legemidler. APAAN inneholder en nitrilgruppe og en benzenring (fenylgruppe).<\/p>\n<p>Stoffet fungerer som en medikamentprekursor for produksjon av stoffet fenylaceton (ogs\u00e5 kjent som BMK = benzyl methyl keton) og brukes til produksjon av det sentralstimulerende stoffet metamfetamin og amfetamin. Det finnes andre m\u00e5ter \u00e5 lage metamfetamin p\u00e5. Spesielt nevner det amerikanske utenriksdepartementet Nederland som et sted hvor APAAN brukes. [1] Det europeiske overv\u00e5kingssenteret for narkotika og narkotikamisbruk (EONN) nevner spesielt Polen. Kj\u00f8p APAAN (<a href=\"https:\/\/nl.wikipedia.org\/wiki\/APAAN\">alfa-fenylacetoacetonitril<\/a>) p\u00e5 nettet<\/p>\n<p>&nbsp;<\/p>\n<p>Vanligvis er det aldri vanskelig \u00e5 finne noe som er tilgjengelig for kj\u00f8p. Problemet kommer med \u00e5 kj\u00f8pe den tingen. N\u00e5r det kommer til APAAN, er det s\u00e5 mange leverand\u00f8rer der ute som vil love \u00e5 selge produktet til deg til en sv\u00e6rt rimelig pris. Du b\u00f8r imidlertid merke deg at APAAN er et kontrollert stoff i de fleste nasjoner, og det er ingen m\u00e5te at det vil v\u00e6re s\u00e5 lett tilgjengelig. Det er for mange risikoer involvert n\u00e5r det kommer til salg av APAAN, og disse kan v\u00e6re svindlere som pr\u00f8ver \u00e5 svindle deg for dine hardt opptjente penger, Bestill APAAN online<\/p>\n<h3>S\u00e5 hvor f\u00e5r du APAAN til salgs?<\/h3>\n<p>En enkel m\u00e5te \u00e5 f\u00e5 APAAN p\u00e5 er \u00e5 gj\u00f8re det fra en nettbutikk. Ettersom nettvirksomheten fortsetter \u00e5 vokse, blir det lettere \u00e5 f\u00e5 tak i kontrollerte stoffer. Alt du trenger \u00e5 gj\u00f8re er \u00e5 finne et godt nettselskap som diskret leverer produktet ditt. Vi er et slikt selskap.<\/p>\n<p>Vi har solgt APAAN og andre relaterte stoffer til en sv\u00e6rt rimelig pris. Etter \u00e5 ha v\u00e6rt i virksomhet i en lengre periode, vet vi n\u00f8yaktig hva alle v\u00e5re kunder \u00f8nsker og fortjener. Vi handler om kvalitetstjenester og produkter. Hver gang du kj\u00f8per fra oss, vil du f\u00e5 det beste.<\/p>\n<p>N\u00e5r det gjelder leveranser, s\u00f8rger vi for at de er diskrete og s\u00e5 raske som mulig. Pakken din sendes innen 24 timer etter at vi har mottatt betalingen din, og vi sender den via en rask leveringsbud slik at du mottar pakken innen fem dager etter at vi har sendt. Du f\u00e5r ogs\u00e5 en e-post som inneholder sporingsnummeret til pakken din. Vi refunderer ogs\u00e5 pakker som kan bli borte underveis eller \u00f8delagte. Vi kan imidlertid garantere at disse tilfellene er sv\u00e6rt f\u00e5 siden vi hver dag streber etter \u00e5 tilby deg akkurat de kvalitetstjenestene du fortjener. N\u00e5r det gjelder fraktgebyrer, vil de inkludere pakke- og ekspedisjonsgebyrer samt kostnader for porto. Merk at fraktgebyret vil avhenge av mengden du har bestillingen og destinasjonen for pakken.<\/p>\n<p>Vi s\u00f8rger ogs\u00e5 for at sikkerheten din blir tatt i betraktning. Vi sender diskret og direkte for \u00e5 sikre at pakken din ikke kommer i kontakt med noen. Vi har ogs\u00e5 investert i den nyeste krypteringsteknologien for \u00e5 beskytte din personlige og \u00f8konomiske informasjon fra enhver hacker.<\/p>\n","protected":false},"excerpt":{"rendered":"<p>Bestill APAAN online, vi er p\u00e5litelig og p\u00e5litelig leverand\u00f8r av APAAN, med rask levering100% garantert &amp; klarert. Kj\u00f8p billig APAAN p\u00e5 nett.<\/p>\n","protected":false},"featured_media":2245,"comment_status":"open","ping_status":"closed","template":"","meta":{"inline_featured_image":false},"product_brand":[],"product_cat":[344],"product_tag":[642,644,643,646,647,645],"class_list":{"0":"post-2215","1":"product","2":"type-product","3":"status-publish","4":"has-post-thumbnail","6":"product_cat-forsknings-kjemikalier","7":"product_tag-alfa-fenylacetoacetonitril-bulkpris","8":"product_tag-apaan-engros-pa-nett","9":"product_tag-apaan-produsenter-pa-nett","10":"product_tag-bestill-apaan-til-gode-priser","11":"product_tag-hvor-kan-du-kjope-apaan-pa-nett","12":"product_tag-kjop-apaan-pa-nett","14":"first","15":"instock","16":"shipping-taxable","17":"purchasable","18":"product-type-variable","19":"has-default-attributes"},"yoast_head":"<!-- This site is optimized with the Yoast SEO Premium plugin v20.6 (Yoast SEO v27.4) - https:\/\/yoast.com\/product\/yoast-seo-premium-wordpress\/ -->\n<title>Bestill APAAN online | APAAN til salgs | Kj\u00f8p billig APAAN<\/title>\n<meta name=\"description\" content=\"Bestill APAAN online, vi er en p\u00e5litelig og p\u00e5litelig leverand\u00f8r av APAAN, med rask levering 100% garantert og p\u00e5litelig. Kj\u00f8p billig APAAN p\u00e5 nett.\" \/>\n<meta name=\"robots\" content=\"index, follow, max-snippet:-1, max-image-preview:large, max-video-preview:-1\" \/>\n<link rel=\"canonical\" href=\"https:\/\/gooddealersmeds.com\/no\/product\/bestill-apaan-alpha-phenylacetoacetonitril-online\/\" \/>\n<meta property=\"og:locale\" content=\"en_US\" \/>\n<meta property=\"og:type\" content=\"article\" \/>\n<meta property=\"og:title\" content=\"Bestill APAAN (Alpha-Phenylacetoacetonitril) Online\" \/>\n<meta property=\"og:description\" content=\"Bestill APAAN online, vi er en p\u00e5litelig og p\u00e5litelig leverand\u00f8r av APAAN, med rask levering 100% garantert og p\u00e5litelig. Kj\u00f8p billig APAAN p\u00e5 nett.\" \/>\n<meta property=\"og:url\" content=\"https:\/\/gooddealersmeds.com\/no\/product\/bestill-apaan-alpha-phenylacetoacetonitril-online\/\" \/>\n<meta property=\"og:site_name\" content=\"Good Dealers Meds\" \/>\n<meta property=\"article:modified_time\" content=\"2023-03-13T00:26:01+00:00\" \/>\n<meta property=\"og:image\" content=\"https:\/\/gooddealersmeds.com\/no\/wp-content\/uploads\/sites\/8\/2023\/01\/apaan.jpg\" \/>\n\t<meta property=\"og:image:width\" content=\"600\" \/>\n\t<meta property=\"og:image:height\" content=\"600\" \/>\n\t<meta property=\"og:image:type\" content=\"image\/jpeg\" \/>\n<meta name=\"twitter:card\" content=\"summary_large_image\" \/>\n<meta name=\"twitter:label1\" content=\"Est. reading time\" \/>\n\t<meta name=\"twitter:data1\" content=\"2 minutes\" \/>\n<script type=\"application\/ld+json\" class=\"yoast-schema-graph\">{\"@context\":\"https:\\\/\\\/schema.org\",\"@graph\":[{\"@type\":\"WebPage\",\"@id\":\"https:\\\/\\\/gooddealersmeds.com\\\/no\\\/product\\\/bestill-apaan-alpha-phenylacetoacetonitril-online\\\/\",\"url\":\"https:\\\/\\\/gooddealersmeds.com\\\/no\\\/product\\\/bestill-apaan-alpha-phenylacetoacetonitril-online\\\/\",\"name\":\"Bestill APAAN online | APAAN til salgs | Kj\u00f8p billig APAAN\",\"isPartOf\":{\"@id\":\"https:\\\/\\\/gooddealersmeds.com\\\/no\\\/#website\"},\"primaryImageOfPage\":{\"@id\":\"https:\\\/\\\/gooddealersmeds.com\\\/no\\\/product\\\/bestill-apaan-alpha-phenylacetoacetonitril-online\\\/#primaryimage\"},\"image\":{\"@id\":\"https:\\\/\\\/gooddealersmeds.com\\\/no\\\/product\\\/bestill-apaan-alpha-phenylacetoacetonitril-online\\\/#primaryimage\"},\"thumbnailUrl\":\"https:\\\/\\\/gooddealersmeds.com\\\/no\\\/wp-content\\\/uploads\\\/sites\\\/8\\\/2023\\\/01\\\/apaan.jpg\",\"datePublished\":\"2023-01-08T19:08:08+00:00\",\"dateModified\":\"2023-03-13T00:26:01+00:00\",\"description\":\"Bestill APAAN online, vi er en p\u00e5litelig og p\u00e5litelig leverand\u00f8r av APAAN, med rask levering 100% garantert og p\u00e5litelig. Kj\u00f8p billig APAAN p\u00e5 nett.\",\"breadcrumb\":{\"@id\":\"https:\\\/\\\/gooddealersmeds.com\\\/no\\\/product\\\/bestill-apaan-alpha-phenylacetoacetonitril-online\\\/#breadcrumb\"},\"inLanguage\":\"en-US\",\"potentialAction\":[{\"@type\":\"ReadAction\",\"target\":[\"https:\\\/\\\/gooddealersmeds.com\\\/no\\\/product\\\/bestill-apaan-alpha-phenylacetoacetonitril-online\\\/\"]}]},{\"@type\":\"ImageObject\",\"inLanguage\":\"en-US\",\"@id\":\"https:\\\/\\\/gooddealersmeds.com\\\/no\\\/product\\\/bestill-apaan-alpha-phenylacetoacetonitril-online\\\/#primaryimage\",\"url\":\"https:\\\/\\\/gooddealersmeds.com\\\/no\\\/wp-content\\\/uploads\\\/sites\\\/8\\\/2023\\\/01\\\/apaan.jpg\",\"contentUrl\":\"https:\\\/\\\/gooddealersmeds.com\\\/no\\\/wp-content\\\/uploads\\\/sites\\\/8\\\/2023\\\/01\\\/apaan.jpg\",\"width\":600,\"height\":600},{\"@type\":\"BreadcrumbList\",\"@id\":\"https:\\\/\\\/gooddealersmeds.com\\\/no\\\/product\\\/bestill-apaan-alpha-phenylacetoacetonitril-online\\\/#breadcrumb\",\"itemListElement\":[{\"@type\":\"ListItem\",\"position\":1,\"name\":\"Home\",\"item\":\"https:\\\/\\\/gooddealersmeds.com\\\/no\\\/\"},{\"@type\":\"ListItem\",\"position\":2,\"name\":\"Produkter\",\"item\":\"https:\\\/\\\/gooddealersmeds.com\\\/no\\\/produkter\\\/\"},{\"@type\":\"ListItem\",\"position\":3,\"name\":\"Bestill APAAN (Alpha-Phenylacetoacetonitril) Online\"}]},{\"@type\":\"WebSite\",\"@id\":\"https:\\\/\\\/gooddealersmeds.com\\\/no\\\/#website\",\"url\":\"https:\\\/\\\/gooddealersmeds.com\\\/no\\\/\",\"name\":\"Good Dealers Meds\",\"description\":\"All our best\",\"publisher\":{\"@id\":\"https:\\\/\\\/gooddealersmeds.com\\\/no\\\/#organization\"},\"potentialAction\":[{\"@type\":\"SearchAction\",\"target\":{\"@type\":\"EntryPoint\",\"urlTemplate\":\"https:\\\/\\\/gooddealersmeds.com\\\/no\\\/?s={search_term_string}\"},\"query-input\":{\"@type\":\"PropertyValueSpecification\",\"valueRequired\":true,\"valueName\":\"search_term_string\"}}],\"inLanguage\":\"en-US\"},{\"@type\":\"Organization\",\"@id\":\"https:\\\/\\\/gooddealersmeds.com\\\/no\\\/#organization\",\"name\":\"Good Dealers Meds\",\"url\":\"https:\\\/\\\/gooddealersmeds.com\\\/no\\\/\",\"logo\":{\"@type\":\"ImageObject\",\"inLanguage\":\"en-US\",\"@id\":\"https:\\\/\\\/gooddealersmeds.com\\\/no\\\/#\\\/schema\\\/logo\\\/image\\\/\",\"url\":\"https:\\\/\\\/gooddealersmeds.com\\\/no\\\/wp-content\\\/uploads\\\/sites\\\/8\\\/2022\\\/03\\\/gooddealersmeds__logo__20220317T222800Z.00.png\",\"contentUrl\":\"https:\\\/\\\/gooddealersmeds.com\\\/no\\\/wp-content\\\/uploads\\\/sites\\\/8\\\/2022\\\/03\\\/gooddealersmeds__logo__20220317T222800Z.00.png\",\"width\":500,\"height\":325,\"caption\":\"Good Dealers Meds\"},\"image\":{\"@id\":\"https:\\\/\\\/gooddealersmeds.com\\\/no\\\/#\\\/schema\\\/logo\\\/image\\\/\"}}]}<\/script>\n<!-- \/ Yoast SEO Premium plugin. -->","yoast_head_json":{"title":"Bestill APAAN online | APAAN til salgs | Kj\u00f8p billig APAAN","description":"Bestill APAAN online, vi er en p\u00e5litelig og p\u00e5litelig leverand\u00f8r av APAAN, med rask levering 100% garantert og p\u00e5litelig. Kj\u00f8p billig APAAN p\u00e5 nett.","robots":{"index":"index","follow":"follow","max-snippet":"max-snippet:-1","max-image-preview":"max-image-preview:large","max-video-preview":"max-video-preview:-1"},"canonical":"https:\/\/gooddealersmeds.com\/no\/product\/bestill-apaan-alpha-phenylacetoacetonitril-online\/","og_locale":"en_US","og_type":"article","og_title":"Bestill APAAN (Alpha-Phenylacetoacetonitril) Online","og_description":"Bestill APAAN online, vi er en p\u00e5litelig og p\u00e5litelig leverand\u00f8r av APAAN, med rask levering 100% garantert og p\u00e5litelig. Kj\u00f8p billig APAAN p\u00e5 nett.","og_url":"https:\/\/gooddealersmeds.com\/no\/product\/bestill-apaan-alpha-phenylacetoacetonitril-online\/","og_site_name":"Good Dealers Meds","article_modified_time":"2023-03-13T00:26:01+00:00","og_image":[{"width":600,"height":600,"url":"https:\/\/gooddealersmeds.com\/no\/wp-content\/uploads\/sites\/8\/2023\/01\/apaan.jpg","type":"image\/jpeg"}],"twitter_card":"summary_large_image","twitter_misc":{"Est. reading time":"2 minutes"},"schema":{"@context":"https:\/\/schema.org","@graph":[{"@type":"WebPage","@id":"https:\/\/gooddealersmeds.com\/no\/product\/bestill-apaan-alpha-phenylacetoacetonitril-online\/","url":"https:\/\/gooddealersmeds.com\/no\/product\/bestill-apaan-alpha-phenylacetoacetonitril-online\/","name":"Bestill APAAN online | APAAN til salgs | Kj\u00f8p billig APAAN","isPartOf":{"@id":"https:\/\/gooddealersmeds.com\/no\/#website"},"primaryImageOfPage":{"@id":"https:\/\/gooddealersmeds.com\/no\/product\/bestill-apaan-alpha-phenylacetoacetonitril-online\/#primaryimage"},"image":{"@id":"https:\/\/gooddealersmeds.com\/no\/product\/bestill-apaan-alpha-phenylacetoacetonitril-online\/#primaryimage"},"thumbnailUrl":"https:\/\/gooddealersmeds.com\/no\/wp-content\/uploads\/sites\/8\/2023\/01\/apaan.jpg","datePublished":"2023-01-08T19:08:08+00:00","dateModified":"2023-03-13T00:26:01+00:00","description":"Bestill APAAN online, vi er en p\u00e5litelig og p\u00e5litelig leverand\u00f8r av APAAN, med rask levering 100% garantert og p\u00e5litelig. Kj\u00f8p billig APAAN p\u00e5 nett.","breadcrumb":{"@id":"https:\/\/gooddealersmeds.com\/no\/product\/bestill-apaan-alpha-phenylacetoacetonitril-online\/#breadcrumb"},"inLanguage":"en-US","potentialAction":[{"@type":"ReadAction","target":["https:\/\/gooddealersmeds.com\/no\/product\/bestill-apaan-alpha-phenylacetoacetonitril-online\/"]}]},{"@type":"ImageObject","inLanguage":"en-US","@id":"https:\/\/gooddealersmeds.com\/no\/product\/bestill-apaan-alpha-phenylacetoacetonitril-online\/#primaryimage","url":"https:\/\/gooddealersmeds.com\/no\/wp-content\/uploads\/sites\/8\/2023\/01\/apaan.jpg","contentUrl":"https:\/\/gooddealersmeds.com\/no\/wp-content\/uploads\/sites\/8\/2023\/01\/apaan.jpg","width":600,"height":600},{"@type":"BreadcrumbList","@id":"https:\/\/gooddealersmeds.com\/no\/product\/bestill-apaan-alpha-phenylacetoacetonitril-online\/#breadcrumb","itemListElement":[{"@type":"ListItem","position":1,"name":"Home","item":"https:\/\/gooddealersmeds.com\/no\/"},{"@type":"ListItem","position":2,"name":"Produkter","item":"https:\/\/gooddealersmeds.com\/no\/produkter\/"},{"@type":"ListItem","position":3,"name":"Bestill APAAN (Alpha-Phenylacetoacetonitril) Online"}]},{"@type":"WebSite","@id":"https:\/\/gooddealersmeds.com\/no\/#website","url":"https:\/\/gooddealersmeds.com\/no\/","name":"Good Dealers Meds","description":"All our best","publisher":{"@id":"https:\/\/gooddealersmeds.com\/no\/#organization"},"potentialAction":[{"@type":"SearchAction","target":{"@type":"EntryPoint","urlTemplate":"https:\/\/gooddealersmeds.com\/no\/?s={search_term_string}"},"query-input":{"@type":"PropertyValueSpecification","valueRequired":true,"valueName":"search_term_string"}}],"inLanguage":"en-US"},{"@type":"Organization","@id":"https:\/\/gooddealersmeds.com\/no\/#organization","name":"Good Dealers Meds","url":"https:\/\/gooddealersmeds.com\/no\/","logo":{"@type":"ImageObject","inLanguage":"en-US","@id":"https:\/\/gooddealersmeds.com\/no\/#\/schema\/logo\/image\/","url":"https:\/\/gooddealersmeds.com\/no\/wp-content\/uploads\/sites\/8\/2022\/03\/gooddealersmeds__logo__20220317T222800Z.00.png","contentUrl":"https:\/\/gooddealersmeds.com\/no\/wp-content\/uploads\/sites\/8\/2022\/03\/gooddealersmeds__logo__20220317T222800Z.00.png","width":500,"height":325,"caption":"Good Dealers Meds"},"image":{"@id":"https:\/\/gooddealersmeds.com\/no\/#\/schema\/logo\/image\/"}}]}},"_links":{"self":[{"href":"https:\/\/gooddealersmeds.com\/no\/wp-json\/wp\/v2\/product\/2215","targetHints":{"allow":["GET"]}}],"collection":[{"href":"https:\/\/gooddealersmeds.com\/no\/wp-json\/wp\/v2\/product"}],"about":[{"href":"https:\/\/gooddealersmeds.com\/no\/wp-json\/wp\/v2\/types\/product"}],"replies":[{"embeddable":true,"href":"https:\/\/gooddealersmeds.com\/no\/wp-json\/wp\/v2\/comments?post=2215"}],"wp:featuredmedia":[{"embeddable":true,"href":"https:\/\/gooddealersmeds.com\/no\/wp-json\/wp\/v2\/media\/2245"}],"wp:attachment":[{"href":"https:\/\/gooddealersmeds.com\/no\/wp-json\/wp\/v2\/media?parent=2215"}],"wp:term":[{"taxonomy":"product_brand","embeddable":true,"href":"https:\/\/gooddealersmeds.com\/no\/wp-json\/wp\/v2\/product_brand?post=2215"},{"taxonomy":"product_cat","embeddable":true,"href":"https:\/\/gooddealersmeds.com\/no\/wp-json\/wp\/v2\/product_cat?post=2215"},{"taxonomy":"product_tag","embeddable":true,"href":"https:\/\/gooddealersmeds.com\/no\/wp-json\/wp\/v2\/product_tag?post=2215"}],"curies":[{"name":"wp","href":"https:\/\/api.w.org\/{rel}","templated":true}]}}