{"id":2214,"date":"2023-01-08T19:08:07","date_gmt":"2023-01-08T19:08:07","guid":{"rendered":"https:\/\/gooddealersmeds.com\/no\/?post_type=product&#038;p=2214"},"modified":"2023-03-13T00:43:48","modified_gmt":"2023-03-13T00:43:48","slug":"fenylaceton-vaeske-til-salgs","status":"publish","type":"product","link":"https:\/\/gooddealersmeds.com\/no\/product\/fenylaceton-vaeske-til-salgs\/","title":{"rendered":"Fenylaceton v\u00e6ske til salgs"},"content":{"rendered":"<h2>Kj\u00f8p Fenylaceton p\u00e5 nett \u2013 Fenylaceton flytende til salgs<\/h2>\n<p>Benzyl Methyl Ketone (<a href=\"https:\/\/gooddealersmeds.com\/no\/product\/fenylaceton-vaeske-til-salgs\/\">Phenylacetone<\/a>) er en organisk forbindelse med den kjemiske formelen C6H5CH2COCH3. Fenylaceton v\u00e6ske til salgs, ogs\u00e5 det er en fargel\u00f8s olje som er l\u00f8selig i organiske l\u00f8semidler. Videre brukes dette stoffet til fremstilling av metamfetamin og amfetamin, der det er kjent som <a href=\"https:\/\/en.wikipedia.org\/wiki\/Phenylacetone\">P2P<\/a>. Ogs\u00e5 den mest popul\u00e6re forl\u00f8peren til amfetamin og metamfetamin er fenyl-2-propanon eller fenylaceton. Det er ogs\u00e5 et forbl\u00f8ffende utvalg av syntetiske ruter til denne forbindelsen, b\u00e5de p\u00e5 grunn av den relativt enkle strukturen til forbindelsen, og ogs\u00e5 p\u00e5 grunn av dens popularitet. Endelig kan mange av syntesene ogs\u00e5 justeres for \u00e5 produsere substituerte fenyl-2-propanoner, slik som den stadig popul\u00e6re MDMA-forl\u00f8peren MDP2P (3,4-metylendioksyfenyl-2-propanon) ved \u00e5 bruke utgangsmaterialer med de \u00f8nskelige aromatiske substituentene, Fenylaceton v\u00e6ske til salgs<\/p>\n<p>Fenylacetonbestilling<br \/>\nHvor kan jeg kj\u00f8pe Phenylacetone<br \/>\nFenylaceton til salgs<br \/>\nFenylaceton<br \/>\nkj\u00f8p Phenylacetone online<br \/>\nFenylaceton kj\u00f8p her<br \/>\nbestill Phenylacetone online<br \/>\nBillig Phenylacetone til salgs<br \/>\nFenylaceton her<br \/>\nFenylaceton n\u00e6r meg<br \/>\nFenylaceton hvor du kan bestille<br \/>\nFenylaceton distribut\u00f8r<br \/>\nbestille Phenylacetone online<br \/>\nKj\u00f8pe Phenylacetone online<br \/>\ner fenylaceton lovlig<br \/>\nLegit Phenylacetone leverand\u00f8r<\/p>\n<p>&nbsp;<\/p>\n<p>Vi er medvirkende til \u00e5 gi v\u00e5re verdifulle kunder fenylaceton av utmerket kvalitet som er tilgjengelig med f\u00f8lgende spesifikasjoner: &#8211;<br \/>\nCAS:103-79-7<br \/>\nMolekylformel: C9H10O<br \/>\nFormelvekt: 134,18<\/p>\n<p>&nbsp;<\/p>\n<p>Da 2-nitro-1-fenylpropan ble behandlet med kaninlevermikrosomer, ble det oppdaget at fenylaceton var hovedmetabolitten som ble produsert. \u00d8kningen i produkt med mikrosomalt protein og avhengighet av NADPH og oksygen tjente som bevis p\u00e5 at prosessen var enzymatisk. I tillegg \u00f8kte fenobarbital-induksjon betydelig fenylacetonproduksjonen. Prosessen ble hemmet av karbonmonoksid, noe som indikerer tilstedev\u00e6relsen av et metalloenzym. H2(18)O-eksperimenter viste at karbonyloksygenet kom fra vann. Det antas at en enzymatisk prosess g\u00e5r foran kjemisk hydrolyse av et mellomprodukt, sannsynligvis en sekund\u00e6r nitronsyre, i den mikrosomale metabolismen av 2-nitro-1-fenylpropan.<\/p>\n","protected":false},"excerpt":{"rendered":"<p>Vi er de beste leverand\u00f8rene av Phenylacetone til overkommelig pris og garanterer levering. Bestill den beste kvaliteten, Phenylacetone Liquid til salgs.<\/p>\n","protected":false},"featured_media":2244,"comment_status":"open","ping_status":"closed","template":"","meta":{"inline_featured_image":false},"product_brand":[],"product_cat":[344],"product_tag":[654,662,655,661,663,660,664,666,665,651,652,653,179,648,649,650,657,621,656,659,658],"class_list":{"0":"post-2214","1":"product","2":"type-product","3":"status-publish","4":"has-post-thumbnail","6":"product_cat-forsknings-kjemikalier","7":"product_tag-bestiller-fenylaceton-pa-nett","8":"product_tag-fenylaceton-leverandorer","9":"product_tag-fenylaceton-og-metylamin","10":"product_tag-fenylaceton-pris","11":"product_tag-fenylaceton-til-meth","12":"product_tag-fenylaceton-vaeske-til-salgs","13":"product_tag-hva-er-fenylaceton","14":"product_tag-hvor-kan-jeg-bestille-fenylaceton","15":"product_tag-hvor-kan-jeg-kjope-fenylaceton","16":"product_tag-hvordan-far-man-fenylaceton","17":"product_tag-hvordan-lager-man-fenylaceton","18":"product_tag-hvordan-tilbereder-man-fenylaceton","19":"product_tag-kjp","20":"product_tag-kjop-fenylaceton","21":"product_tag-kjop-fenylacetonkrystall","22":"product_tag-kjop-flytende-fenylaceton","23":"product_tag-leverandor","24":"product_tag-p2p","25":"product_tag-phenylacetone","26":"product_tag-phenylacetone-fenylaceton-vaeske","27":"product_tag-phenylacetoneton","29":"first","30":"instock","31":"shipping-taxable","32":"purchasable","33":"product-type-variable","34":"has-default-attributes"},"yoast_head":"<!-- This site is optimized with the Yoast SEO Premium plugin v20.6 (Yoast SEO v27.3) - https:\/\/yoast.com\/product\/yoast-seo-premium-wordpress\/ -->\n<title>Fenylaceton v\u00e6ske til salgs | Fenylaceton | Kj\u00f8p Phenylacetone her<\/title>\n<meta name=\"description\" content=\"Vi er de beste leverand\u00f8rene av Phenylacetone til overkommelig pris og garanterer levering. Bestill den beste kvaliteten, Fenylaceton v\u00e6ske til salgs\" \/>\n<meta name=\"robots\" content=\"index, follow, max-snippet:-1, max-image-preview:large, max-video-preview:-1\" \/>\n<link rel=\"canonical\" href=\"https:\/\/gooddealersmeds.com\/no\/product\/fenylaceton-vaeske-til-salgs\/\" \/>\n<meta property=\"og:locale\" content=\"en_US\" \/>\n<meta property=\"og:type\" content=\"article\" \/>\n<meta property=\"og:title\" content=\"Fenylaceton v\u00e6ske til salgs\" \/>\n<meta property=\"og:description\" content=\"Vi er de beste leverand\u00f8rene av Phenylacetone til overkommelig pris og garanterer levering. Bestill den beste kvaliteten, Fenylaceton v\u00e6ske til salgs\" \/>\n<meta property=\"og:url\" content=\"https:\/\/gooddealersmeds.com\/no\/product\/fenylaceton-vaeske-til-salgs\/\" \/>\n<meta property=\"og:site_name\" content=\"Good Dealers Meds\" \/>\n<meta property=\"article:modified_time\" content=\"2023-03-13T00:43:48+00:00\" \/>\n<meta property=\"og:image\" content=\"https:\/\/gooddealersmeds.com\/no\/wp-content\/uploads\/sites\/8\/2023\/01\/Phenylacetone-Liquid.jpg\" \/>\n\t<meta property=\"og:image:width\" content=\"600\" \/>\n\t<meta property=\"og:image:height\" content=\"600\" \/>\n\t<meta property=\"og:image:type\" content=\"image\/jpeg\" \/>\n<meta name=\"twitter:card\" content=\"summary_large_image\" \/>\n<meta name=\"twitter:label1\" content=\"Est. reading time\" \/>\n\t<meta name=\"twitter:data1\" content=\"2 minutes\" \/>\n<script type=\"application\/ld+json\" class=\"yoast-schema-graph\">{\"@context\":\"https:\\\/\\\/schema.org\",\"@graph\":[{\"@type\":\"WebPage\",\"@id\":\"https:\\\/\\\/gooddealersmeds.com\\\/no\\\/product\\\/fenylaceton-vaeske-til-salgs\\\/\",\"url\":\"https:\\\/\\\/gooddealersmeds.com\\\/no\\\/product\\\/fenylaceton-vaeske-til-salgs\\\/\",\"name\":\"Fenylaceton v\u00e6ske til salgs | Fenylaceton | Kj\u00f8p Phenylacetone her\",\"isPartOf\":{\"@id\":\"https:\\\/\\\/gooddealersmeds.com\\\/no\\\/#website\"},\"primaryImageOfPage\":{\"@id\":\"https:\\\/\\\/gooddealersmeds.com\\\/no\\\/product\\\/fenylaceton-vaeske-til-salgs\\\/#primaryimage\"},\"image\":{\"@id\":\"https:\\\/\\\/gooddealersmeds.com\\\/no\\\/product\\\/fenylaceton-vaeske-til-salgs\\\/#primaryimage\"},\"thumbnailUrl\":\"https:\\\/\\\/gooddealersmeds.com\\\/no\\\/wp-content\\\/uploads\\\/sites\\\/8\\\/2023\\\/01\\\/Phenylacetone-Liquid.jpg\",\"datePublished\":\"2023-01-08T19:08:07+00:00\",\"dateModified\":\"2023-03-13T00:43:48+00:00\",\"description\":\"Vi er de beste leverand\u00f8rene av Phenylacetone til overkommelig pris og garanterer levering. Bestill den beste kvaliteten, Fenylaceton v\u00e6ske til salgs\",\"breadcrumb\":{\"@id\":\"https:\\\/\\\/gooddealersmeds.com\\\/no\\\/product\\\/fenylaceton-vaeske-til-salgs\\\/#breadcrumb\"},\"inLanguage\":\"en-US\",\"potentialAction\":[{\"@type\":\"ReadAction\",\"target\":[\"https:\\\/\\\/gooddealersmeds.com\\\/no\\\/product\\\/fenylaceton-vaeske-til-salgs\\\/\"]}]},{\"@type\":\"ImageObject\",\"inLanguage\":\"en-US\",\"@id\":\"https:\\\/\\\/gooddealersmeds.com\\\/no\\\/product\\\/fenylaceton-vaeske-til-salgs\\\/#primaryimage\",\"url\":\"https:\\\/\\\/gooddealersmeds.com\\\/no\\\/wp-content\\\/uploads\\\/sites\\\/8\\\/2023\\\/01\\\/Phenylacetone-Liquid.jpg\",\"contentUrl\":\"https:\\\/\\\/gooddealersmeds.com\\\/no\\\/wp-content\\\/uploads\\\/sites\\\/8\\\/2023\\\/01\\\/Phenylacetone-Liquid.jpg\",\"width\":600,\"height\":600},{\"@type\":\"BreadcrumbList\",\"@id\":\"https:\\\/\\\/gooddealersmeds.com\\\/no\\\/product\\\/fenylaceton-vaeske-til-salgs\\\/#breadcrumb\",\"itemListElement\":[{\"@type\":\"ListItem\",\"position\":1,\"name\":\"Home\",\"item\":\"https:\\\/\\\/gooddealersmeds.com\\\/no\\\/\"},{\"@type\":\"ListItem\",\"position\":2,\"name\":\"Produkter\",\"item\":\"https:\\\/\\\/gooddealersmeds.com\\\/no\\\/produkter\\\/\"},{\"@type\":\"ListItem\",\"position\":3,\"name\":\"Fenylaceton v\u00e6ske til salgs\"}]},{\"@type\":\"WebSite\",\"@id\":\"https:\\\/\\\/gooddealersmeds.com\\\/no\\\/#website\",\"url\":\"https:\\\/\\\/gooddealersmeds.com\\\/no\\\/\",\"name\":\"Good Dealers Meds\",\"description\":\"All our best\",\"publisher\":{\"@id\":\"https:\\\/\\\/gooddealersmeds.com\\\/no\\\/#organization\"},\"potentialAction\":[{\"@type\":\"SearchAction\",\"target\":{\"@type\":\"EntryPoint\",\"urlTemplate\":\"https:\\\/\\\/gooddealersmeds.com\\\/no\\\/?s={search_term_string}\"},\"query-input\":{\"@type\":\"PropertyValueSpecification\",\"valueRequired\":true,\"valueName\":\"search_term_string\"}}],\"inLanguage\":\"en-US\"},{\"@type\":\"Organization\",\"@id\":\"https:\\\/\\\/gooddealersmeds.com\\\/no\\\/#organization\",\"name\":\"Good Dealers Meds\",\"url\":\"https:\\\/\\\/gooddealersmeds.com\\\/no\\\/\",\"logo\":{\"@type\":\"ImageObject\",\"inLanguage\":\"en-US\",\"@id\":\"https:\\\/\\\/gooddealersmeds.com\\\/no\\\/#\\\/schema\\\/logo\\\/image\\\/\",\"url\":\"https:\\\/\\\/gooddealersmeds.com\\\/no\\\/wp-content\\\/uploads\\\/sites\\\/8\\\/2022\\\/03\\\/gooddealersmeds__logo__20220317T222800Z.00.png\",\"contentUrl\":\"https:\\\/\\\/gooddealersmeds.com\\\/no\\\/wp-content\\\/uploads\\\/sites\\\/8\\\/2022\\\/03\\\/gooddealersmeds__logo__20220317T222800Z.00.png\",\"width\":500,\"height\":325,\"caption\":\"Good Dealers Meds\"},\"image\":{\"@id\":\"https:\\\/\\\/gooddealersmeds.com\\\/no\\\/#\\\/schema\\\/logo\\\/image\\\/\"}}]}<\/script>\n<!-- \/ Yoast SEO Premium plugin. -->","yoast_head_json":{"title":"Fenylaceton v\u00e6ske til salgs | Fenylaceton | Kj\u00f8p Phenylacetone her","description":"Vi er de beste leverand\u00f8rene av Phenylacetone til overkommelig pris og garanterer levering. Bestill den beste kvaliteten, Fenylaceton v\u00e6ske til salgs","robots":{"index":"index","follow":"follow","max-snippet":"max-snippet:-1","max-image-preview":"max-image-preview:large","max-video-preview":"max-video-preview:-1"},"canonical":"https:\/\/gooddealersmeds.com\/no\/product\/fenylaceton-vaeske-til-salgs\/","og_locale":"en_US","og_type":"article","og_title":"Fenylaceton v\u00e6ske til salgs","og_description":"Vi er de beste leverand\u00f8rene av Phenylacetone til overkommelig pris og garanterer levering. Bestill den beste kvaliteten, Fenylaceton v\u00e6ske til salgs","og_url":"https:\/\/gooddealersmeds.com\/no\/product\/fenylaceton-vaeske-til-salgs\/","og_site_name":"Good Dealers Meds","article_modified_time":"2023-03-13T00:43:48+00:00","og_image":[{"width":600,"height":600,"url":"https:\/\/gooddealersmeds.com\/no\/wp-content\/uploads\/sites\/8\/2023\/01\/Phenylacetone-Liquid.jpg","type":"image\/jpeg"}],"twitter_card":"summary_large_image","twitter_misc":{"Est. reading time":"2 minutes"},"schema":{"@context":"https:\/\/schema.org","@graph":[{"@type":"WebPage","@id":"https:\/\/gooddealersmeds.com\/no\/product\/fenylaceton-vaeske-til-salgs\/","url":"https:\/\/gooddealersmeds.com\/no\/product\/fenylaceton-vaeske-til-salgs\/","name":"Fenylaceton v\u00e6ske til salgs | Fenylaceton | Kj\u00f8p Phenylacetone her","isPartOf":{"@id":"https:\/\/gooddealersmeds.com\/no\/#website"},"primaryImageOfPage":{"@id":"https:\/\/gooddealersmeds.com\/no\/product\/fenylaceton-vaeske-til-salgs\/#primaryimage"},"image":{"@id":"https:\/\/gooddealersmeds.com\/no\/product\/fenylaceton-vaeske-til-salgs\/#primaryimage"},"thumbnailUrl":"https:\/\/gooddealersmeds.com\/no\/wp-content\/uploads\/sites\/8\/2023\/01\/Phenylacetone-Liquid.jpg","datePublished":"2023-01-08T19:08:07+00:00","dateModified":"2023-03-13T00:43:48+00:00","description":"Vi er de beste leverand\u00f8rene av Phenylacetone til overkommelig pris og garanterer levering. Bestill den beste kvaliteten, Fenylaceton v\u00e6ske til salgs","breadcrumb":{"@id":"https:\/\/gooddealersmeds.com\/no\/product\/fenylaceton-vaeske-til-salgs\/#breadcrumb"},"inLanguage":"en-US","potentialAction":[{"@type":"ReadAction","target":["https:\/\/gooddealersmeds.com\/no\/product\/fenylaceton-vaeske-til-salgs\/"]}]},{"@type":"ImageObject","inLanguage":"en-US","@id":"https:\/\/gooddealersmeds.com\/no\/product\/fenylaceton-vaeske-til-salgs\/#primaryimage","url":"https:\/\/gooddealersmeds.com\/no\/wp-content\/uploads\/sites\/8\/2023\/01\/Phenylacetone-Liquid.jpg","contentUrl":"https:\/\/gooddealersmeds.com\/no\/wp-content\/uploads\/sites\/8\/2023\/01\/Phenylacetone-Liquid.jpg","width":600,"height":600},{"@type":"BreadcrumbList","@id":"https:\/\/gooddealersmeds.com\/no\/product\/fenylaceton-vaeske-til-salgs\/#breadcrumb","itemListElement":[{"@type":"ListItem","position":1,"name":"Home","item":"https:\/\/gooddealersmeds.com\/no\/"},{"@type":"ListItem","position":2,"name":"Produkter","item":"https:\/\/gooddealersmeds.com\/no\/produkter\/"},{"@type":"ListItem","position":3,"name":"Fenylaceton v\u00e6ske til salgs"}]},{"@type":"WebSite","@id":"https:\/\/gooddealersmeds.com\/no\/#website","url":"https:\/\/gooddealersmeds.com\/no\/","name":"Good Dealers Meds","description":"All our best","publisher":{"@id":"https:\/\/gooddealersmeds.com\/no\/#organization"},"potentialAction":[{"@type":"SearchAction","target":{"@type":"EntryPoint","urlTemplate":"https:\/\/gooddealersmeds.com\/no\/?s={search_term_string}"},"query-input":{"@type":"PropertyValueSpecification","valueRequired":true,"valueName":"search_term_string"}}],"inLanguage":"en-US"},{"@type":"Organization","@id":"https:\/\/gooddealersmeds.com\/no\/#organization","name":"Good Dealers Meds","url":"https:\/\/gooddealersmeds.com\/no\/","logo":{"@type":"ImageObject","inLanguage":"en-US","@id":"https:\/\/gooddealersmeds.com\/no\/#\/schema\/logo\/image\/","url":"https:\/\/gooddealersmeds.com\/no\/wp-content\/uploads\/sites\/8\/2022\/03\/gooddealersmeds__logo__20220317T222800Z.00.png","contentUrl":"https:\/\/gooddealersmeds.com\/no\/wp-content\/uploads\/sites\/8\/2022\/03\/gooddealersmeds__logo__20220317T222800Z.00.png","width":500,"height":325,"caption":"Good Dealers Meds"},"image":{"@id":"https:\/\/gooddealersmeds.com\/no\/#\/schema\/logo\/image\/"}}]}},"_links":{"self":[{"href":"https:\/\/gooddealersmeds.com\/no\/wp-json\/wp\/v2\/product\/2214","targetHints":{"allow":["GET"]}}],"collection":[{"href":"https:\/\/gooddealersmeds.com\/no\/wp-json\/wp\/v2\/product"}],"about":[{"href":"https:\/\/gooddealersmeds.com\/no\/wp-json\/wp\/v2\/types\/product"}],"replies":[{"embeddable":true,"href":"https:\/\/gooddealersmeds.com\/no\/wp-json\/wp\/v2\/comments?post=2214"}],"wp:featuredmedia":[{"embeddable":true,"href":"https:\/\/gooddealersmeds.com\/no\/wp-json\/wp\/v2\/media\/2244"}],"wp:attachment":[{"href":"https:\/\/gooddealersmeds.com\/no\/wp-json\/wp\/v2\/media?parent=2214"}],"wp:term":[{"taxonomy":"product_brand","embeddable":true,"href":"https:\/\/gooddealersmeds.com\/no\/wp-json\/wp\/v2\/product_brand?post=2214"},{"taxonomy":"product_cat","embeddable":true,"href":"https:\/\/gooddealersmeds.com\/no\/wp-json\/wp\/v2\/product_cat?post=2214"},{"taxonomy":"product_tag","embeddable":true,"href":"https:\/\/gooddealersmeds.com\/no\/wp-json\/wp\/v2\/product_tag?post=2214"}],"curies":[{"name":"wp","href":"https:\/\/api.w.org\/{rel}","templated":true}]}}