{"id":2213,"date":"2023-01-08T19:08:07","date_gmt":"2023-01-08T19:08:07","guid":{"rendered":"https:\/\/gooddealersmeds.com\/no\/?post_type=product&#038;p=2213"},"modified":"2023-03-13T00:40:37","modified_gmt":"2023-03-13T00:40:37","slug":"kjop-pmk-piperonyl-methyl-ketone-oil","status":"publish","type":"product","link":"https:\/\/gooddealersmeds.com\/no\/product\/kjop-pmk-piperonyl-methyl-ketone-oil\/","title":{"rendered":"Kj\u00f8p PMK (Piperonyl Methyl Ketone) Olje"},"content":{"rendered":"<h2><strong>Kj\u00f8p PMK (Piperonyl Methyl Ketone) Olje online<\/strong><\/h2>\n<p>Kj\u00f8p PMK Olje (<a href=\"https:\/\/gooddealersmeds.com\/no\/product\/kjop-pmk-piperonyl-methyl-ketone-oil\/\">Piperonyl Methyl Ketone<\/a>) online. 3,4-metylendioksyfenylpropan-2-on eller piperonylmetylketon (MDP2P eller PMK) er en kjemisk forbindelse som best\u00e5r av en fenylacetondel substituert med en funksjonell metylendioksygruppe. Det syntetiseres vanligvis enten fra safrol (i motsetning til 3-[3,4-(metylendioksy)fenyl]-2-propen) eller fra isosafrolisomeren ved oksidasjon ved bruk av Wacker-oksidasjonsmetoden eller peroksysyreoksidasjon. <a href=\"https:\/\/en.wikipedia.org\/wiki\/JWH-250\">MDP2P<\/a> er ustabil ved romtemperatur og b\u00f8r plasseres i fryseren for riktig oppbevaring.<\/p>\n<p>MDP2P er en forl\u00f8per i den kjemiske syntesen av metylendioksyfenetylamin (MDxx)-klassen av forbindelser, et klassisk eksempel p\u00e5 disse er 3,4-metylendioksy-N-metylamfetamin (MDMA), og er ogs\u00e5 et mellomprodukt mellom MDxx-familien og de mer fjerne forl\u00f8per, safrol eller isosafrol. P\u00e5 grunn av dets tilordninger til kjemiske klasser MDxx, MDP2P, samt safrol og isosaphrol, er det oppf\u00f8rt p\u00e5 Schedule I-kjemikalier under United States Drug Administration&#8217;s Controlled Substances Act (USAA) som styrer kjemikalier og Chemicals Act. Menneskehandel (CDTA). Det regnes ogs\u00e5 som et kategori 1-utgangsmateriale i EU, Kj\u00f8p PMK Olje Online<\/p>\n<p>&nbsp;<\/p>\n<p>3,4-metylendioksyfenylpropan-2-on<br \/>\nPMK<br \/>\nMDP2P<br \/>\nNSC 16688<br \/>\nPVI-2<\/p>\n<h3><strong>Hvor kan du bestille PMK?<\/strong><\/h3>\n<p>Har du nettopp v\u00e5knet kanskje om natten og tankene dine ble fascinert av en god tanke: \u00abkan jeg lage min egen molly\/ecstasy? Vel, du kan, men det er vanskelig enn du tror. Du trenger visse forl\u00f8pere som PMK for \u00e5 gj\u00f8re det. Eller kanskje du ikke vil at PMK skal lage MDMA? Du vil ha det til forskningsform\u00e5l eller slike ting. Hvor kan du kj\u00f8pe det? Eller hvor f\u00e5r du tak i PMK?<\/p>\n","protected":false},"excerpt":{"rendered":"<p>Kj\u00f8p PMK Oil Online, Vi er p\u00e5litelig og p\u00e5litelig leverand\u00f8r av PMK (Piperonyl Methyl Ketone) Oil, med rask levering 100% garantert &amp; klarert.<\/p>\n","protected":false},"featured_media":2243,"comment_status":"open","ping_status":"closed","template":"","meta":{"inline_featured_image":false},"product_brand":[],"product_cat":[344],"product_tag":[],"class_list":{"0":"post-2213","1":"product","2":"type-product","3":"status-publish","4":"has-post-thumbnail","6":"product_cat-forsknings-kjemikalier","8":"first","9":"instock","10":"shipping-taxable","11":"purchasable","12":"product-type-variable","13":"has-default-attributes"},"yoast_head":"<!-- This site is optimized with the Yoast SEO Premium plugin v20.6 (Yoast SEO v27.4) - https:\/\/yoast.com\/product\/yoast-seo-premium-wordpress\/ -->\n<title>Kj\u00f8p PMK Olje Online | Bestill PMK (Piperonyl Methyl Ketone) Olje<\/title>\n<meta name=\"description\" content=\"Kj\u00f8p PMK Olje Online, Vi er en p\u00e5litelig og p\u00e5litelig leverand\u00f8r av PMK (Piperonyl Methyl Ketone) Oil, med rask levering 100% garantert og p\u00e5litelig.\" \/>\n<meta name=\"robots\" content=\"index, follow, max-snippet:-1, max-image-preview:large, max-video-preview:-1\" \/>\n<link rel=\"canonical\" href=\"https:\/\/gooddealersmeds.com\/no\/product\/kjop-pmk-piperonyl-methyl-ketone-oil\/\" \/>\n<meta property=\"og:locale\" content=\"en_US\" \/>\n<meta property=\"og:type\" content=\"article\" \/>\n<meta property=\"og:title\" content=\"Kj\u00f8p PMK (Piperonyl Methyl Ketone) Olje\" \/>\n<meta property=\"og:description\" content=\"Kj\u00f8p PMK Olje Online, Vi er en p\u00e5litelig og p\u00e5litelig leverand\u00f8r av PMK (Piperonyl Methyl Ketone) Oil, med rask levering 100% garantert og p\u00e5litelig.\" \/>\n<meta property=\"og:url\" content=\"https:\/\/gooddealersmeds.com\/no\/product\/kjop-pmk-piperonyl-methyl-ketone-oil\/\" \/>\n<meta property=\"og:site_name\" content=\"Good Dealers Meds\" \/>\n<meta property=\"article:modified_time\" content=\"2023-03-13T00:40:37+00:00\" \/>\n<meta property=\"og:image\" content=\"https:\/\/gooddealersmeds.com\/no\/wp-content\/uploads\/sites\/8\/2023\/01\/PMK-Piperonyl-Methyl-Ketone-Oil-1.jpg\" \/>\n\t<meta property=\"og:image:width\" content=\"600\" \/>\n\t<meta property=\"og:image:height\" content=\"600\" \/>\n\t<meta property=\"og:image:type\" content=\"image\/jpeg\" \/>\n<meta name=\"twitter:card\" content=\"summary_large_image\" \/>\n<meta name=\"twitter:label1\" content=\"Est. reading time\" \/>\n\t<meta name=\"twitter:data1\" content=\"1 minute\" \/>\n<script type=\"application\/ld+json\" class=\"yoast-schema-graph\">{\"@context\":\"https:\\\/\\\/schema.org\",\"@graph\":[{\"@type\":\"WebPage\",\"@id\":\"https:\\\/\\\/gooddealersmeds.com\\\/no\\\/product\\\/kjop-pmk-piperonyl-methyl-ketone-oil\\\/\",\"url\":\"https:\\\/\\\/gooddealersmeds.com\\\/no\\\/product\\\/kjop-pmk-piperonyl-methyl-ketone-oil\\\/\",\"name\":\"Kj\u00f8p PMK Olje Online | Bestill PMK (Piperonyl Methyl Ketone) Olje\",\"isPartOf\":{\"@id\":\"https:\\\/\\\/gooddealersmeds.com\\\/no\\\/#website\"},\"primaryImageOfPage\":{\"@id\":\"https:\\\/\\\/gooddealersmeds.com\\\/no\\\/product\\\/kjop-pmk-piperonyl-methyl-ketone-oil\\\/#primaryimage\"},\"image\":{\"@id\":\"https:\\\/\\\/gooddealersmeds.com\\\/no\\\/product\\\/kjop-pmk-piperonyl-methyl-ketone-oil\\\/#primaryimage\"},\"thumbnailUrl\":\"https:\\\/\\\/gooddealersmeds.com\\\/no\\\/wp-content\\\/uploads\\\/sites\\\/8\\\/2023\\\/01\\\/PMK-Piperonyl-Methyl-Ketone-Oil-1.jpg\",\"datePublished\":\"2023-01-08T19:08:07+00:00\",\"dateModified\":\"2023-03-13T00:40:37+00:00\",\"description\":\"Kj\u00f8p PMK Olje Online, Vi er en p\u00e5litelig og p\u00e5litelig leverand\u00f8r av PMK (Piperonyl Methyl Ketone) Oil, med rask levering 100% garantert og p\u00e5litelig.\",\"breadcrumb\":{\"@id\":\"https:\\\/\\\/gooddealersmeds.com\\\/no\\\/product\\\/kjop-pmk-piperonyl-methyl-ketone-oil\\\/#breadcrumb\"},\"inLanguage\":\"en-US\",\"potentialAction\":[{\"@type\":\"ReadAction\",\"target\":[\"https:\\\/\\\/gooddealersmeds.com\\\/no\\\/product\\\/kjop-pmk-piperonyl-methyl-ketone-oil\\\/\"]}]},{\"@type\":\"ImageObject\",\"inLanguage\":\"en-US\",\"@id\":\"https:\\\/\\\/gooddealersmeds.com\\\/no\\\/product\\\/kjop-pmk-piperonyl-methyl-ketone-oil\\\/#primaryimage\",\"url\":\"https:\\\/\\\/gooddealersmeds.com\\\/no\\\/wp-content\\\/uploads\\\/sites\\\/8\\\/2023\\\/01\\\/PMK-Piperonyl-Methyl-Ketone-Oil-1.jpg\",\"contentUrl\":\"https:\\\/\\\/gooddealersmeds.com\\\/no\\\/wp-content\\\/uploads\\\/sites\\\/8\\\/2023\\\/01\\\/PMK-Piperonyl-Methyl-Ketone-Oil-1.jpg\",\"width\":600,\"height\":600},{\"@type\":\"BreadcrumbList\",\"@id\":\"https:\\\/\\\/gooddealersmeds.com\\\/no\\\/product\\\/kjop-pmk-piperonyl-methyl-ketone-oil\\\/#breadcrumb\",\"itemListElement\":[{\"@type\":\"ListItem\",\"position\":1,\"name\":\"Home\",\"item\":\"https:\\\/\\\/gooddealersmeds.com\\\/no\\\/\"},{\"@type\":\"ListItem\",\"position\":2,\"name\":\"Produkter\",\"item\":\"https:\\\/\\\/gooddealersmeds.com\\\/no\\\/produkter\\\/\"},{\"@type\":\"ListItem\",\"position\":3,\"name\":\"Kj\u00f8p PMK (Piperonyl Methyl Ketone) Olje\"}]},{\"@type\":\"WebSite\",\"@id\":\"https:\\\/\\\/gooddealersmeds.com\\\/no\\\/#website\",\"url\":\"https:\\\/\\\/gooddealersmeds.com\\\/no\\\/\",\"name\":\"Good Dealers Meds\",\"description\":\"All our best\",\"publisher\":{\"@id\":\"https:\\\/\\\/gooddealersmeds.com\\\/no\\\/#organization\"},\"potentialAction\":[{\"@type\":\"SearchAction\",\"target\":{\"@type\":\"EntryPoint\",\"urlTemplate\":\"https:\\\/\\\/gooddealersmeds.com\\\/no\\\/?s={search_term_string}\"},\"query-input\":{\"@type\":\"PropertyValueSpecification\",\"valueRequired\":true,\"valueName\":\"search_term_string\"}}],\"inLanguage\":\"en-US\"},{\"@type\":\"Organization\",\"@id\":\"https:\\\/\\\/gooddealersmeds.com\\\/no\\\/#organization\",\"name\":\"Good Dealers Meds\",\"url\":\"https:\\\/\\\/gooddealersmeds.com\\\/no\\\/\",\"logo\":{\"@type\":\"ImageObject\",\"inLanguage\":\"en-US\",\"@id\":\"https:\\\/\\\/gooddealersmeds.com\\\/no\\\/#\\\/schema\\\/logo\\\/image\\\/\",\"url\":\"https:\\\/\\\/gooddealersmeds.com\\\/no\\\/wp-content\\\/uploads\\\/sites\\\/8\\\/2022\\\/03\\\/gooddealersmeds__logo__20220317T222800Z.00.png\",\"contentUrl\":\"https:\\\/\\\/gooddealersmeds.com\\\/no\\\/wp-content\\\/uploads\\\/sites\\\/8\\\/2022\\\/03\\\/gooddealersmeds__logo__20220317T222800Z.00.png\",\"width\":500,\"height\":325,\"caption\":\"Good Dealers Meds\"},\"image\":{\"@id\":\"https:\\\/\\\/gooddealersmeds.com\\\/no\\\/#\\\/schema\\\/logo\\\/image\\\/\"}}]}<\/script>\n<!-- \/ Yoast SEO Premium plugin. -->","yoast_head_json":{"title":"Kj\u00f8p PMK Olje Online | Bestill PMK (Piperonyl Methyl Ketone) Olje","description":"Kj\u00f8p PMK Olje Online, Vi er en p\u00e5litelig og p\u00e5litelig leverand\u00f8r av PMK (Piperonyl Methyl Ketone) Oil, med rask levering 100% garantert og p\u00e5litelig.","robots":{"index":"index","follow":"follow","max-snippet":"max-snippet:-1","max-image-preview":"max-image-preview:large","max-video-preview":"max-video-preview:-1"},"canonical":"https:\/\/gooddealersmeds.com\/no\/product\/kjop-pmk-piperonyl-methyl-ketone-oil\/","og_locale":"en_US","og_type":"article","og_title":"Kj\u00f8p PMK (Piperonyl Methyl Ketone) Olje","og_description":"Kj\u00f8p PMK Olje Online, Vi er en p\u00e5litelig og p\u00e5litelig leverand\u00f8r av PMK (Piperonyl Methyl Ketone) Oil, med rask levering 100% garantert og p\u00e5litelig.","og_url":"https:\/\/gooddealersmeds.com\/no\/product\/kjop-pmk-piperonyl-methyl-ketone-oil\/","og_site_name":"Good Dealers Meds","article_modified_time":"2023-03-13T00:40:37+00:00","og_image":[{"width":600,"height":600,"url":"https:\/\/gooddealersmeds.com\/no\/wp-content\/uploads\/sites\/8\/2023\/01\/PMK-Piperonyl-Methyl-Ketone-Oil-1.jpg","type":"image\/jpeg"}],"twitter_card":"summary_large_image","twitter_misc":{"Est. reading time":"1 minute"},"schema":{"@context":"https:\/\/schema.org","@graph":[{"@type":"WebPage","@id":"https:\/\/gooddealersmeds.com\/no\/product\/kjop-pmk-piperonyl-methyl-ketone-oil\/","url":"https:\/\/gooddealersmeds.com\/no\/product\/kjop-pmk-piperonyl-methyl-ketone-oil\/","name":"Kj\u00f8p PMK Olje Online | Bestill PMK (Piperonyl Methyl Ketone) Olje","isPartOf":{"@id":"https:\/\/gooddealersmeds.com\/no\/#website"},"primaryImageOfPage":{"@id":"https:\/\/gooddealersmeds.com\/no\/product\/kjop-pmk-piperonyl-methyl-ketone-oil\/#primaryimage"},"image":{"@id":"https:\/\/gooddealersmeds.com\/no\/product\/kjop-pmk-piperonyl-methyl-ketone-oil\/#primaryimage"},"thumbnailUrl":"https:\/\/gooddealersmeds.com\/no\/wp-content\/uploads\/sites\/8\/2023\/01\/PMK-Piperonyl-Methyl-Ketone-Oil-1.jpg","datePublished":"2023-01-08T19:08:07+00:00","dateModified":"2023-03-13T00:40:37+00:00","description":"Kj\u00f8p PMK Olje Online, Vi er en p\u00e5litelig og p\u00e5litelig leverand\u00f8r av PMK (Piperonyl Methyl Ketone) Oil, med rask levering 100% garantert og p\u00e5litelig.","breadcrumb":{"@id":"https:\/\/gooddealersmeds.com\/no\/product\/kjop-pmk-piperonyl-methyl-ketone-oil\/#breadcrumb"},"inLanguage":"en-US","potentialAction":[{"@type":"ReadAction","target":["https:\/\/gooddealersmeds.com\/no\/product\/kjop-pmk-piperonyl-methyl-ketone-oil\/"]}]},{"@type":"ImageObject","inLanguage":"en-US","@id":"https:\/\/gooddealersmeds.com\/no\/product\/kjop-pmk-piperonyl-methyl-ketone-oil\/#primaryimage","url":"https:\/\/gooddealersmeds.com\/no\/wp-content\/uploads\/sites\/8\/2023\/01\/PMK-Piperonyl-Methyl-Ketone-Oil-1.jpg","contentUrl":"https:\/\/gooddealersmeds.com\/no\/wp-content\/uploads\/sites\/8\/2023\/01\/PMK-Piperonyl-Methyl-Ketone-Oil-1.jpg","width":600,"height":600},{"@type":"BreadcrumbList","@id":"https:\/\/gooddealersmeds.com\/no\/product\/kjop-pmk-piperonyl-methyl-ketone-oil\/#breadcrumb","itemListElement":[{"@type":"ListItem","position":1,"name":"Home","item":"https:\/\/gooddealersmeds.com\/no\/"},{"@type":"ListItem","position":2,"name":"Produkter","item":"https:\/\/gooddealersmeds.com\/no\/produkter\/"},{"@type":"ListItem","position":3,"name":"Kj\u00f8p PMK (Piperonyl Methyl Ketone) Olje"}]},{"@type":"WebSite","@id":"https:\/\/gooddealersmeds.com\/no\/#website","url":"https:\/\/gooddealersmeds.com\/no\/","name":"Good Dealers Meds","description":"All our best","publisher":{"@id":"https:\/\/gooddealersmeds.com\/no\/#organization"},"potentialAction":[{"@type":"SearchAction","target":{"@type":"EntryPoint","urlTemplate":"https:\/\/gooddealersmeds.com\/no\/?s={search_term_string}"},"query-input":{"@type":"PropertyValueSpecification","valueRequired":true,"valueName":"search_term_string"}}],"inLanguage":"en-US"},{"@type":"Organization","@id":"https:\/\/gooddealersmeds.com\/no\/#organization","name":"Good Dealers Meds","url":"https:\/\/gooddealersmeds.com\/no\/","logo":{"@type":"ImageObject","inLanguage":"en-US","@id":"https:\/\/gooddealersmeds.com\/no\/#\/schema\/logo\/image\/","url":"https:\/\/gooddealersmeds.com\/no\/wp-content\/uploads\/sites\/8\/2022\/03\/gooddealersmeds__logo__20220317T222800Z.00.png","contentUrl":"https:\/\/gooddealersmeds.com\/no\/wp-content\/uploads\/sites\/8\/2022\/03\/gooddealersmeds__logo__20220317T222800Z.00.png","width":500,"height":325,"caption":"Good Dealers Meds"},"image":{"@id":"https:\/\/gooddealersmeds.com\/no\/#\/schema\/logo\/image\/"}}]}},"_links":{"self":[{"href":"https:\/\/gooddealersmeds.com\/no\/wp-json\/wp\/v2\/product\/2213","targetHints":{"allow":["GET"]}}],"collection":[{"href":"https:\/\/gooddealersmeds.com\/no\/wp-json\/wp\/v2\/product"}],"about":[{"href":"https:\/\/gooddealersmeds.com\/no\/wp-json\/wp\/v2\/types\/product"}],"replies":[{"embeddable":true,"href":"https:\/\/gooddealersmeds.com\/no\/wp-json\/wp\/v2\/comments?post=2213"}],"wp:featuredmedia":[{"embeddable":true,"href":"https:\/\/gooddealersmeds.com\/no\/wp-json\/wp\/v2\/media\/2243"}],"wp:attachment":[{"href":"https:\/\/gooddealersmeds.com\/no\/wp-json\/wp\/v2\/media?parent=2213"}],"wp:term":[{"taxonomy":"product_brand","embeddable":true,"href":"https:\/\/gooddealersmeds.com\/no\/wp-json\/wp\/v2\/product_brand?post=2213"},{"taxonomy":"product_cat","embeddable":true,"href":"https:\/\/gooddealersmeds.com\/no\/wp-json\/wp\/v2\/product_cat?post=2213"},{"taxonomy":"product_tag","embeddable":true,"href":"https:\/\/gooddealersmeds.com\/no\/wp-json\/wp\/v2\/product_tag?post=2213"}],"curies":[{"name":"wp","href":"https:\/\/api.w.org\/{rel}","templated":true}]}}