{"id":2212,"date":"2023-01-08T19:08:07","date_gmt":"2023-01-08T19:08:07","guid":{"rendered":"https:\/\/gooddealersmeds.com\/no\/?post_type=product&#038;p=2212"},"modified":"2023-03-13T00:36:56","modified_gmt":"2023-03-13T00:36:56","slug":"kjop-jwh-250-pa-nett","status":"publish","type":"product","link":"https:\/\/gooddealersmeds.com\/no\/product\/kjop-jwh-250-pa-nett\/","title":{"rendered":"Kj\u00f8p JWH-250 p\u00e5 nett"},"content":{"rendered":"<h2>Kj\u00f8p JWH-250 p\u00e5 nett<\/h2>\n<p>JWH-250 er et indol cannabimimetikum som viser h\u00f8y affinitet for sentrale og perifere cannabinoidreseptorer. Kj\u00f8p JWH-250 p\u00e5 nett har blitt identifisert som en komponent i flere forskjellige &#8220;urte-r\u00f8kelse&#8221;-produkter, ofte solgt som &#8220;ikke-menneskelige&#8221;. JWH-250 tilh\u00f8rer kategorien syntetiske cannabinoidreseptoragonister (SCRA) medikamenter og har effekter som ligner p\u00e5 THC. Mengden JWH-250 i en pakke kan variere betydelig, noe som \u00f8ker sjansen for en overdose fordi forbrukerne ikke er helt klar over hva som er i dette urteproduktet. Rapporterte overdoseeffekter inkluderer takykardi, hypertensjon, agitasjon, hallusinasjoner, mild forh\u00f8yet blodsukker, hypokalemi og oppkast. JWH-250.<\/p>\n<p>&nbsp;<\/p>\n<p>Kj\u00f8p JWH-250 p\u00e5 nett. JWH-250\u00a0er en syntetisk cannabinoidreseptoragonist som har blitt oppdaget i produkter siden slutten av 2000-tallet. Den ble laget av Dr. John W. Huffman og en rapport om den ble utgitt i 2005 av Huffman et al. Kj\u00f8p JWH-250 p\u00e5 nett<\/p>\n<p>&nbsp;<\/p>\n<p>Legemidlet er en fenylacetylindol og fungerer som en agonist ved CB1- og CB2-reseptorer. Den har en affinitet p\u00e5 ~11 nM ved CB1 og ~33 nM ved CB2.<\/p>\n<p>Noen \u00e5r etter at den f\u00f8rst ble nevnt i litteraturen, dukket JWH-250 opp p\u00e5 markedet.<\/p>\n<p>Det er ogs\u00e5 oppdaget i pulver og blandinger solgt via internett til forskere i Japan. Disse pr\u00f8vene inneholdt 77-165 mg per produkt.<\/p>\n<p>P\u00e5 grunn av m\u00e5ten den har blitt solgt p\u00e5, er det sannsynlig at folk har m\u00f8tt JWH-250 uten \u00e5 v\u00e6re klar over det.<\/p>\n<p>Molar masse:\u00a0335,439\u00a0g\/mol<\/p>\n<p>ChEMBL-ID:\u00a0188031<\/p>\n<p>ChemSpider ID:\u00a023256117<\/p>\n<p>PubChem CID:\u00a044397540<\/p>\n<p>Formel:\u00a0C22H25NO2<\/p>\n<p>&nbsp;<\/p>\n<p>kj\u00f8p legit JWH-250 til salgs nettside, hvordan kj\u00f8pe billig JWH-250 verdensomspennende frakt, JWH-250 medisin til salgs, JWH-250 badesalt til salgs, JWH-250 til salgs, JWH-250\u00a0 plantemat til salgs, kvalitets JWH -250 til salgs, JWH-250 kj\u00f8psnettsteder, hvor kan man kj\u00f8pe JWH-250, bestille JWH-250, JWH-250 salg, hvor kan jeg kj\u00f8pe JWH-250, JWH-250 hvor man kan kj\u00f8pe, beste sted \u00e5 kj\u00f8pe JWH-250 ,mJWH-250 leverand\u00f8rer, kj\u00f8p JWH-250, ren JWH-250, kj\u00f8p JWH-250, JWH-250 butikk, JWH-250 engros, JWH-250 kj\u00f8p, JWH-250 til salgs, kj\u00f8p JWH-250 , kj\u00f8p billig JWH -250 p\u00e5 nettet, kj\u00f8p billig mefedron p\u00e5 nett, hvor kan man kj\u00f8pe billig JWH-250-butikk, kj\u00f8pe billig JWH-250 for plantebruk, hvor man kan kj\u00f8pe JWH-250 for personlig bruk,\u00a0kj\u00f8p billig JWH-250, hvor man kan f\u00e5 JWH-250 for salg , kj\u00f8p bulk JWH-250, kj\u00f8p JWH-250 til rimelige priser, kj\u00f8p JWH-250 for personlig bruk, kj\u00f8p JWH-250\u00a0for salg, kvalitet JWH-250 til salgs, kj\u00f8p JWH-250 p\u00e5 internett,<\/p>\n","protected":false},"excerpt":{"rendered":"<p>JWH-250 er et indol cannabimimetikum som viser h\u00f8y affinitet for sentrale og perifere cannabinoidreseptorer. Kj\u00f8p JWH-250 online har blitt identifisert som en komponent i flere forskjellige &#8220;urte-r\u00f8kelse&#8221;-produkter, ofte solgt som &#8220;ikke-menneskelige&#8221;.<\/p>\n","protected":false},"featured_media":2242,"comment_status":"open","ping_status":"closed","template":"","meta":{"inline_featured_image":false},"product_brand":[],"product_cat":[344],"product_tag":[],"class_list":{"0":"post-2212","1":"product","2":"type-product","3":"status-publish","4":"has-post-thumbnail","6":"product_cat-forsknings-kjemikalier","8":"first","9":"instock","10":"shipping-taxable","11":"purchasable","12":"product-type-variable","13":"has-default-attributes"},"yoast_head":"<!-- This site is optimized with the Yoast SEO Premium plugin v20.6 (Yoast SEO v27.4) - https:\/\/yoast.com\/product\/yoast-seo-premium-wordpress\/ -->\n<title>Kj\u00f8p JWH-250 p\u00e5 nett | Bestill JWH-250 | JWH-250 til salgs<\/title>\n<meta name=\"description\" content=\"Kj\u00f8p JWH-250 p\u00e5 nett til en overkommelig pris, vi er en p\u00e5litelig og p\u00e5litelig leverand\u00f8r av JWH-250, med rask levering 100 % garantert og p\u00e5litelig.\" \/>\n<meta name=\"robots\" content=\"index, follow, max-snippet:-1, max-image-preview:large, max-video-preview:-1\" \/>\n<link rel=\"canonical\" href=\"https:\/\/gooddealersmeds.com\/no\/product\/kjop-jwh-250-pa-nett\/\" \/>\n<meta property=\"og:locale\" content=\"en_US\" \/>\n<meta property=\"og:type\" content=\"article\" \/>\n<meta property=\"og:title\" content=\"Kj\u00f8p JWH-250 p\u00e5 nett\" \/>\n<meta property=\"og:description\" content=\"Kj\u00f8p JWH-250 p\u00e5 nett til en overkommelig pris, vi er en p\u00e5litelig og p\u00e5litelig leverand\u00f8r av JWH-250, med rask levering 100 % garantert og p\u00e5litelig.\" \/>\n<meta property=\"og:url\" content=\"https:\/\/gooddealersmeds.com\/no\/product\/kjop-jwh-250-pa-nett\/\" \/>\n<meta property=\"og:site_name\" content=\"Good Dealers Meds\" \/>\n<meta property=\"article:modified_time\" content=\"2023-03-13T00:36:56+00:00\" \/>\n<meta property=\"og:image\" content=\"https:\/\/gooddealersmeds.com\/no\/wp-content\/uploads\/sites\/8\/2023\/01\/jhw.png\" \/>\n\t<meta property=\"og:image:width\" content=\"267\" \/>\n\t<meta property=\"og:image:height\" content=\"189\" \/>\n\t<meta property=\"og:image:type\" content=\"image\/png\" \/>\n<meta name=\"twitter:card\" content=\"summary_large_image\" \/>\n<meta name=\"twitter:label1\" content=\"Est. reading time\" \/>\n\t<meta name=\"twitter:data1\" content=\"2 minutes\" \/>\n<script type=\"application\/ld+json\" class=\"yoast-schema-graph\">{\"@context\":\"https:\\\/\\\/schema.org\",\"@graph\":[{\"@type\":\"WebPage\",\"@id\":\"https:\\\/\\\/gooddealersmeds.com\\\/no\\\/product\\\/kjop-jwh-250-pa-nett\\\/\",\"url\":\"https:\\\/\\\/gooddealersmeds.com\\\/no\\\/product\\\/kjop-jwh-250-pa-nett\\\/\",\"name\":\"Kj\u00f8p JWH-250 p\u00e5 nett | Bestill JWH-250 | JWH-250 til salgs\",\"isPartOf\":{\"@id\":\"https:\\\/\\\/gooddealersmeds.com\\\/no\\\/#website\"},\"primaryImageOfPage\":{\"@id\":\"https:\\\/\\\/gooddealersmeds.com\\\/no\\\/product\\\/kjop-jwh-250-pa-nett\\\/#primaryimage\"},\"image\":{\"@id\":\"https:\\\/\\\/gooddealersmeds.com\\\/no\\\/product\\\/kjop-jwh-250-pa-nett\\\/#primaryimage\"},\"thumbnailUrl\":\"https:\\\/\\\/gooddealersmeds.com\\\/no\\\/wp-content\\\/uploads\\\/sites\\\/8\\\/2023\\\/01\\\/jhw.png\",\"datePublished\":\"2023-01-08T19:08:07+00:00\",\"dateModified\":\"2023-03-13T00:36:56+00:00\",\"description\":\"Kj\u00f8p JWH-250 p\u00e5 nett til en overkommelig pris, vi er en p\u00e5litelig og p\u00e5litelig leverand\u00f8r av JWH-250, med rask levering 100 % garantert og p\u00e5litelig.\",\"breadcrumb\":{\"@id\":\"https:\\\/\\\/gooddealersmeds.com\\\/no\\\/product\\\/kjop-jwh-250-pa-nett\\\/#breadcrumb\"},\"inLanguage\":\"en-US\",\"potentialAction\":[{\"@type\":\"ReadAction\",\"target\":[\"https:\\\/\\\/gooddealersmeds.com\\\/no\\\/product\\\/kjop-jwh-250-pa-nett\\\/\"]}]},{\"@type\":\"ImageObject\",\"inLanguage\":\"en-US\",\"@id\":\"https:\\\/\\\/gooddealersmeds.com\\\/no\\\/product\\\/kjop-jwh-250-pa-nett\\\/#primaryimage\",\"url\":\"https:\\\/\\\/gooddealersmeds.com\\\/no\\\/wp-content\\\/uploads\\\/sites\\\/8\\\/2023\\\/01\\\/jhw.png\",\"contentUrl\":\"https:\\\/\\\/gooddealersmeds.com\\\/no\\\/wp-content\\\/uploads\\\/sites\\\/8\\\/2023\\\/01\\\/jhw.png\",\"width\":267,\"height\":189},{\"@type\":\"BreadcrumbList\",\"@id\":\"https:\\\/\\\/gooddealersmeds.com\\\/no\\\/product\\\/kjop-jwh-250-pa-nett\\\/#breadcrumb\",\"itemListElement\":[{\"@type\":\"ListItem\",\"position\":1,\"name\":\"Home\",\"item\":\"https:\\\/\\\/gooddealersmeds.com\\\/no\\\/\"},{\"@type\":\"ListItem\",\"position\":2,\"name\":\"Produkter\",\"item\":\"https:\\\/\\\/gooddealersmeds.com\\\/no\\\/produkter\\\/\"},{\"@type\":\"ListItem\",\"position\":3,\"name\":\"Kj\u00f8p JWH-250 p\u00e5 nett\"}]},{\"@type\":\"WebSite\",\"@id\":\"https:\\\/\\\/gooddealersmeds.com\\\/no\\\/#website\",\"url\":\"https:\\\/\\\/gooddealersmeds.com\\\/no\\\/\",\"name\":\"Good Dealers Meds\",\"description\":\"All our best\",\"publisher\":{\"@id\":\"https:\\\/\\\/gooddealersmeds.com\\\/no\\\/#organization\"},\"potentialAction\":[{\"@type\":\"SearchAction\",\"target\":{\"@type\":\"EntryPoint\",\"urlTemplate\":\"https:\\\/\\\/gooddealersmeds.com\\\/no\\\/?s={search_term_string}\"},\"query-input\":{\"@type\":\"PropertyValueSpecification\",\"valueRequired\":true,\"valueName\":\"search_term_string\"}}],\"inLanguage\":\"en-US\"},{\"@type\":\"Organization\",\"@id\":\"https:\\\/\\\/gooddealersmeds.com\\\/no\\\/#organization\",\"name\":\"Good Dealers Meds\",\"url\":\"https:\\\/\\\/gooddealersmeds.com\\\/no\\\/\",\"logo\":{\"@type\":\"ImageObject\",\"inLanguage\":\"en-US\",\"@id\":\"https:\\\/\\\/gooddealersmeds.com\\\/no\\\/#\\\/schema\\\/logo\\\/image\\\/\",\"url\":\"https:\\\/\\\/gooddealersmeds.com\\\/no\\\/wp-content\\\/uploads\\\/sites\\\/8\\\/2022\\\/03\\\/gooddealersmeds__logo__20220317T222800Z.00.png\",\"contentUrl\":\"https:\\\/\\\/gooddealersmeds.com\\\/no\\\/wp-content\\\/uploads\\\/sites\\\/8\\\/2022\\\/03\\\/gooddealersmeds__logo__20220317T222800Z.00.png\",\"width\":500,\"height\":325,\"caption\":\"Good Dealers Meds\"},\"image\":{\"@id\":\"https:\\\/\\\/gooddealersmeds.com\\\/no\\\/#\\\/schema\\\/logo\\\/image\\\/\"}}]}<\/script>\n<!-- \/ Yoast SEO Premium plugin. -->","yoast_head_json":{"title":"Kj\u00f8p JWH-250 p\u00e5 nett | Bestill JWH-250 | JWH-250 til salgs","description":"Kj\u00f8p JWH-250 p\u00e5 nett til en overkommelig pris, vi er en p\u00e5litelig og p\u00e5litelig leverand\u00f8r av JWH-250, med rask levering 100 % garantert og p\u00e5litelig.","robots":{"index":"index","follow":"follow","max-snippet":"max-snippet:-1","max-image-preview":"max-image-preview:large","max-video-preview":"max-video-preview:-1"},"canonical":"https:\/\/gooddealersmeds.com\/no\/product\/kjop-jwh-250-pa-nett\/","og_locale":"en_US","og_type":"article","og_title":"Kj\u00f8p JWH-250 p\u00e5 nett","og_description":"Kj\u00f8p JWH-250 p\u00e5 nett til en overkommelig pris, vi er en p\u00e5litelig og p\u00e5litelig leverand\u00f8r av JWH-250, med rask levering 100 % garantert og p\u00e5litelig.","og_url":"https:\/\/gooddealersmeds.com\/no\/product\/kjop-jwh-250-pa-nett\/","og_site_name":"Good Dealers Meds","article_modified_time":"2023-03-13T00:36:56+00:00","og_image":[{"width":267,"height":189,"url":"https:\/\/gooddealersmeds.com\/no\/wp-content\/uploads\/sites\/8\/2023\/01\/jhw.png","type":"image\/png"}],"twitter_card":"summary_large_image","twitter_misc":{"Est. reading time":"2 minutes"},"schema":{"@context":"https:\/\/schema.org","@graph":[{"@type":"WebPage","@id":"https:\/\/gooddealersmeds.com\/no\/product\/kjop-jwh-250-pa-nett\/","url":"https:\/\/gooddealersmeds.com\/no\/product\/kjop-jwh-250-pa-nett\/","name":"Kj\u00f8p JWH-250 p\u00e5 nett | Bestill JWH-250 | JWH-250 til salgs","isPartOf":{"@id":"https:\/\/gooddealersmeds.com\/no\/#website"},"primaryImageOfPage":{"@id":"https:\/\/gooddealersmeds.com\/no\/product\/kjop-jwh-250-pa-nett\/#primaryimage"},"image":{"@id":"https:\/\/gooddealersmeds.com\/no\/product\/kjop-jwh-250-pa-nett\/#primaryimage"},"thumbnailUrl":"https:\/\/gooddealersmeds.com\/no\/wp-content\/uploads\/sites\/8\/2023\/01\/jhw.png","datePublished":"2023-01-08T19:08:07+00:00","dateModified":"2023-03-13T00:36:56+00:00","description":"Kj\u00f8p JWH-250 p\u00e5 nett til en overkommelig pris, vi er en p\u00e5litelig og p\u00e5litelig leverand\u00f8r av JWH-250, med rask levering 100 % garantert og p\u00e5litelig.","breadcrumb":{"@id":"https:\/\/gooddealersmeds.com\/no\/product\/kjop-jwh-250-pa-nett\/#breadcrumb"},"inLanguage":"en-US","potentialAction":[{"@type":"ReadAction","target":["https:\/\/gooddealersmeds.com\/no\/product\/kjop-jwh-250-pa-nett\/"]}]},{"@type":"ImageObject","inLanguage":"en-US","@id":"https:\/\/gooddealersmeds.com\/no\/product\/kjop-jwh-250-pa-nett\/#primaryimage","url":"https:\/\/gooddealersmeds.com\/no\/wp-content\/uploads\/sites\/8\/2023\/01\/jhw.png","contentUrl":"https:\/\/gooddealersmeds.com\/no\/wp-content\/uploads\/sites\/8\/2023\/01\/jhw.png","width":267,"height":189},{"@type":"BreadcrumbList","@id":"https:\/\/gooddealersmeds.com\/no\/product\/kjop-jwh-250-pa-nett\/#breadcrumb","itemListElement":[{"@type":"ListItem","position":1,"name":"Home","item":"https:\/\/gooddealersmeds.com\/no\/"},{"@type":"ListItem","position":2,"name":"Produkter","item":"https:\/\/gooddealersmeds.com\/no\/produkter\/"},{"@type":"ListItem","position":3,"name":"Kj\u00f8p JWH-250 p\u00e5 nett"}]},{"@type":"WebSite","@id":"https:\/\/gooddealersmeds.com\/no\/#website","url":"https:\/\/gooddealersmeds.com\/no\/","name":"Good Dealers Meds","description":"All our best","publisher":{"@id":"https:\/\/gooddealersmeds.com\/no\/#organization"},"potentialAction":[{"@type":"SearchAction","target":{"@type":"EntryPoint","urlTemplate":"https:\/\/gooddealersmeds.com\/no\/?s={search_term_string}"},"query-input":{"@type":"PropertyValueSpecification","valueRequired":true,"valueName":"search_term_string"}}],"inLanguage":"en-US"},{"@type":"Organization","@id":"https:\/\/gooddealersmeds.com\/no\/#organization","name":"Good Dealers Meds","url":"https:\/\/gooddealersmeds.com\/no\/","logo":{"@type":"ImageObject","inLanguage":"en-US","@id":"https:\/\/gooddealersmeds.com\/no\/#\/schema\/logo\/image\/","url":"https:\/\/gooddealersmeds.com\/no\/wp-content\/uploads\/sites\/8\/2022\/03\/gooddealersmeds__logo__20220317T222800Z.00.png","contentUrl":"https:\/\/gooddealersmeds.com\/no\/wp-content\/uploads\/sites\/8\/2022\/03\/gooddealersmeds__logo__20220317T222800Z.00.png","width":500,"height":325,"caption":"Good Dealers Meds"},"image":{"@id":"https:\/\/gooddealersmeds.com\/no\/#\/schema\/logo\/image\/"}}]}},"_links":{"self":[{"href":"https:\/\/gooddealersmeds.com\/no\/wp-json\/wp\/v2\/product\/2212","targetHints":{"allow":["GET"]}}],"collection":[{"href":"https:\/\/gooddealersmeds.com\/no\/wp-json\/wp\/v2\/product"}],"about":[{"href":"https:\/\/gooddealersmeds.com\/no\/wp-json\/wp\/v2\/types\/product"}],"replies":[{"embeddable":true,"href":"https:\/\/gooddealersmeds.com\/no\/wp-json\/wp\/v2\/comments?post=2212"}],"wp:featuredmedia":[{"embeddable":true,"href":"https:\/\/gooddealersmeds.com\/no\/wp-json\/wp\/v2\/media\/2242"}],"wp:attachment":[{"href":"https:\/\/gooddealersmeds.com\/no\/wp-json\/wp\/v2\/media?parent=2212"}],"wp:term":[{"taxonomy":"product_brand","embeddable":true,"href":"https:\/\/gooddealersmeds.com\/no\/wp-json\/wp\/v2\/product_brand?post=2212"},{"taxonomy":"product_cat","embeddable":true,"href":"https:\/\/gooddealersmeds.com\/no\/wp-json\/wp\/v2\/product_cat?post=2212"},{"taxonomy":"product_tag","embeddable":true,"href":"https:\/\/gooddealersmeds.com\/no\/wp-json\/wp\/v2\/product_tag?post=2212"}],"curies":[{"name":"wp","href":"https:\/\/api.w.org\/{rel}","templated":true}]}}