{"id":2211,"date":"2023-01-08T19:08:07","date_gmt":"2023-01-08T19:08:07","guid":{"rendered":"https:\/\/gooddealersmeds.com\/no\/?post_type=product&#038;p=2211"},"modified":"2023-03-13T00:35:38","modified_gmt":"2023-03-13T00:35:38","slug":"kjop-jwh-018-pa-nett","status":"publish","type":"product","link":"https:\/\/gooddealersmeds.com\/no\/product\/kjop-jwh-018-pa-nett\/","title":{"rendered":"Kj\u00f8p JWH-018 p\u00e5 nett"},"content":{"rendered":"<h2><strong>JWH 018-pulver: Kj\u00f8p JWH-018 online<\/strong><\/h2>\n<p>Kj\u00f8p JWH-018 Online er et analytisk referansemateriale klassifisert som en\u00a0<a href=\"https:\/\/www.frontiersin.org\/articles\/10.3389\/fpsyt.2018.00055\/full\">syntetisk cannabinoid<\/a>. 1. Finnes i urteblandinger av typen Spice\/K2 og kan ha nevrotoksiske egenskaper. JWH-018 ble ogs\u00e5 hentet fra tre forskjellige ikke-tradisjonelle nettkilder: <a href=\"https:\/\/gooddealersmeds.com\/no\/product\/kjop-jwh-018-pa-nett\/\">jwh018<\/a>.<\/p>\n<p>Se og kj\u00f8p JWH 018 i h\u00f8y renhet. JWH-018 er en syntetisk cannabinoid agonist uten den klassiske cannabinoid kjemiske strukturen. Det har blitt brukt i forskning som et forskningsverkt\u00f8y.<\/p>\n<p>JWH-018 bestilling<br \/>\nhvor kan jeg kj\u00f8pe JWH-018<br \/>\nJWH-018 til salgs<br \/>\nJWH-018<br \/>\nkj\u00f8p JWH-018 online<br \/>\nJWH-018 kj\u00f8p her<\/p>\n<p>&nbsp;<\/p>\n<p><strong>JWH-018 til salgs<\/strong><\/p>\n<p>Vi er forpliktet til \u00e5 hjelpe kunder over hele verden med deres ulike behov ved \u00e5 tilby omfattende og profesjonelle tjenester. Nyt et godt rykte blant v\u00e5re forretningspartnere og kunder for h\u00f8ykvalitetsprodukter, opprettholder de h\u00f8yeste standardene i produksjonen av v\u00e5re produkter og utvalget av alle produktene vi inkluderer i v\u00e5rt sortiment med mange \u00e5rs erfaring.<\/p>\n<p>I denne bransjen har vi bygget et rykte som en av de mest p\u00e5litelige leverand\u00f8rene i Storbritannia, Europa og verden.<\/p>\n<p>Vi vet at det er mange forskjellige alternativer for din forskningskjemiske levering,<\/p>\n<p>S\u00e5 ta deg tid til \u00e5 lese hva som skiller oss fra resten.<\/p>\n<p>bestill JWH-018 online<br \/>\nBillig JWH-018 til salgs<br \/>\nJWH-018 her<br \/>\nJWH-018 i n\u00e6rheten av meg<br \/>\nJWH-018 hvor du kan bestille<br \/>\nJWH-018 distribut\u00f8r<\/p>\n","protected":false},"excerpt":{"rendered":"<p><strong>Kj\u00f8p JWH 018 online:<\/strong><\/p>\n<p>Mange JWH 018-kunder bestiller fra oss. Vi selger den beste kvaliteten JWH-018 online og v\u00e5r beste betalingsmetode. Du kan bestille JWH-018 og f\u00e5 den levert over natten, levering skjer med omhu, ingen signatur kreves. Gooddealchem.com er din l\u00f8sning for \u00e5 kj\u00f8pe JWH-018 online.<\/p>\n","protected":false},"featured_media":2241,"comment_status":"open","ping_status":"closed","template":"","meta":{"inline_featured_image":false},"product_brand":[],"product_cat":[344],"product_tag":[667,668,669],"class_list":{"0":"post-2211","1":"product","2":"type-product","3":"status-publish","4":"has-post-thumbnail","6":"product_cat-forsknings-kjemikalier","7":"product_tag-a-kjope-jwh-018-online","8":"product_tag-er-jwh-018-lovlig","9":"product_tag-legitim-jwh-018-leverandor","11":"first","12":"instock","13":"shipping-taxable","14":"purchasable","15":"product-type-variable","16":"has-default-attributes"},"yoast_head":"<!-- This site is optimized with the Yoast SEO Premium plugin v20.6 (Yoast SEO v27.4) - https:\/\/yoast.com\/product\/yoast-seo-premium-wordpress\/ -->\n<title>Kj\u00f8p JWH-018 online | Bestill JWH-018 her | JWH-018 til salgs.<\/title>\n<meta name=\"description\" content=\"Kj\u00f8p JWH-018 online, vi er de beste leverand\u00f8rene av JWH-018 til overkommelig pris og garanti for levering. Bestill det beste kvalitetsproduktet.\" \/>\n<meta name=\"robots\" content=\"index, follow, max-snippet:-1, max-image-preview:large, max-video-preview:-1\" \/>\n<link rel=\"canonical\" href=\"https:\/\/gooddealersmeds.com\/no\/product\/kjop-jwh-018-pa-nett\/\" \/>\n<meta property=\"og:locale\" content=\"en_US\" \/>\n<meta property=\"og:type\" content=\"article\" \/>\n<meta property=\"og:title\" content=\"Kj\u00f8p JWH-018 p\u00e5 nett\" \/>\n<meta property=\"og:description\" content=\"Kj\u00f8p JWH-018 online, vi er de beste leverand\u00f8rene av JWH-018 til overkommelig pris og garanti for levering. Bestill det beste kvalitetsproduktet.\" \/>\n<meta property=\"og:url\" content=\"https:\/\/gooddealersmeds.com\/no\/product\/kjop-jwh-018-pa-nett\/\" \/>\n<meta property=\"og:site_name\" content=\"Good Dealers Meds\" \/>\n<meta property=\"article:modified_time\" content=\"2023-03-13T00:35:38+00:00\" \/>\n<meta property=\"og:image\" content=\"https:\/\/gooddealersmeds.com\/no\/wp-content\/uploads\/sites\/8\/2023\/01\/JHW-018-1.jpg\" \/>\n\t<meta property=\"og:image:width\" content=\"600\" \/>\n\t<meta property=\"og:image:height\" content=\"600\" \/>\n\t<meta property=\"og:image:type\" content=\"image\/jpeg\" \/>\n<meta name=\"twitter:card\" content=\"summary_large_image\" \/>\n<meta name=\"twitter:label1\" content=\"Est. reading time\" \/>\n\t<meta name=\"twitter:data1\" content=\"1 minute\" \/>\n<script type=\"application\/ld+json\" class=\"yoast-schema-graph\">{\"@context\":\"https:\\\/\\\/schema.org\",\"@graph\":[{\"@type\":\"WebPage\",\"@id\":\"https:\\\/\\\/gooddealersmeds.com\\\/no\\\/product\\\/kjop-jwh-018-pa-nett\\\/\",\"url\":\"https:\\\/\\\/gooddealersmeds.com\\\/no\\\/product\\\/kjop-jwh-018-pa-nett\\\/\",\"name\":\"Kj\u00f8p JWH-018 online | Bestill JWH-018 her | JWH-018 til salgs.\",\"isPartOf\":{\"@id\":\"https:\\\/\\\/gooddealersmeds.com\\\/no\\\/#website\"},\"primaryImageOfPage\":{\"@id\":\"https:\\\/\\\/gooddealersmeds.com\\\/no\\\/product\\\/kjop-jwh-018-pa-nett\\\/#primaryimage\"},\"image\":{\"@id\":\"https:\\\/\\\/gooddealersmeds.com\\\/no\\\/product\\\/kjop-jwh-018-pa-nett\\\/#primaryimage\"},\"thumbnailUrl\":\"https:\\\/\\\/gooddealersmeds.com\\\/no\\\/wp-content\\\/uploads\\\/sites\\\/8\\\/2023\\\/01\\\/JHW-018-1.jpg\",\"datePublished\":\"2023-01-08T19:08:07+00:00\",\"dateModified\":\"2023-03-13T00:35:38+00:00\",\"description\":\"Kj\u00f8p JWH-018 online, vi er de beste leverand\u00f8rene av JWH-018 til overkommelig pris og garanti for levering. Bestill det beste kvalitetsproduktet.\",\"breadcrumb\":{\"@id\":\"https:\\\/\\\/gooddealersmeds.com\\\/no\\\/product\\\/kjop-jwh-018-pa-nett\\\/#breadcrumb\"},\"inLanguage\":\"en-US\",\"potentialAction\":[{\"@type\":\"ReadAction\",\"target\":[\"https:\\\/\\\/gooddealersmeds.com\\\/no\\\/product\\\/kjop-jwh-018-pa-nett\\\/\"]}]},{\"@type\":\"ImageObject\",\"inLanguage\":\"en-US\",\"@id\":\"https:\\\/\\\/gooddealersmeds.com\\\/no\\\/product\\\/kjop-jwh-018-pa-nett\\\/#primaryimage\",\"url\":\"https:\\\/\\\/gooddealersmeds.com\\\/no\\\/wp-content\\\/uploads\\\/sites\\\/8\\\/2023\\\/01\\\/JHW-018-1.jpg\",\"contentUrl\":\"https:\\\/\\\/gooddealersmeds.com\\\/no\\\/wp-content\\\/uploads\\\/sites\\\/8\\\/2023\\\/01\\\/JHW-018-1.jpg\",\"width\":600,\"height\":600},{\"@type\":\"BreadcrumbList\",\"@id\":\"https:\\\/\\\/gooddealersmeds.com\\\/no\\\/product\\\/kjop-jwh-018-pa-nett\\\/#breadcrumb\",\"itemListElement\":[{\"@type\":\"ListItem\",\"position\":1,\"name\":\"Home\",\"item\":\"https:\\\/\\\/gooddealersmeds.com\\\/no\\\/\"},{\"@type\":\"ListItem\",\"position\":2,\"name\":\"Produkter\",\"item\":\"https:\\\/\\\/gooddealersmeds.com\\\/no\\\/produkter\\\/\"},{\"@type\":\"ListItem\",\"position\":3,\"name\":\"Kj\u00f8p JWH-018 p\u00e5 nett\"}]},{\"@type\":\"WebSite\",\"@id\":\"https:\\\/\\\/gooddealersmeds.com\\\/no\\\/#website\",\"url\":\"https:\\\/\\\/gooddealersmeds.com\\\/no\\\/\",\"name\":\"Good Dealers Meds\",\"description\":\"All our best\",\"publisher\":{\"@id\":\"https:\\\/\\\/gooddealersmeds.com\\\/no\\\/#organization\"},\"potentialAction\":[{\"@type\":\"SearchAction\",\"target\":{\"@type\":\"EntryPoint\",\"urlTemplate\":\"https:\\\/\\\/gooddealersmeds.com\\\/no\\\/?s={search_term_string}\"},\"query-input\":{\"@type\":\"PropertyValueSpecification\",\"valueRequired\":true,\"valueName\":\"search_term_string\"}}],\"inLanguage\":\"en-US\"},{\"@type\":\"Organization\",\"@id\":\"https:\\\/\\\/gooddealersmeds.com\\\/no\\\/#organization\",\"name\":\"Good Dealers Meds\",\"url\":\"https:\\\/\\\/gooddealersmeds.com\\\/no\\\/\",\"logo\":{\"@type\":\"ImageObject\",\"inLanguage\":\"en-US\",\"@id\":\"https:\\\/\\\/gooddealersmeds.com\\\/no\\\/#\\\/schema\\\/logo\\\/image\\\/\",\"url\":\"https:\\\/\\\/gooddealersmeds.com\\\/no\\\/wp-content\\\/uploads\\\/sites\\\/8\\\/2022\\\/03\\\/gooddealersmeds__logo__20220317T222800Z.00.png\",\"contentUrl\":\"https:\\\/\\\/gooddealersmeds.com\\\/no\\\/wp-content\\\/uploads\\\/sites\\\/8\\\/2022\\\/03\\\/gooddealersmeds__logo__20220317T222800Z.00.png\",\"width\":500,\"height\":325,\"caption\":\"Good Dealers Meds\"},\"image\":{\"@id\":\"https:\\\/\\\/gooddealersmeds.com\\\/no\\\/#\\\/schema\\\/logo\\\/image\\\/\"}}]}<\/script>\n<!-- \/ Yoast SEO Premium plugin. -->","yoast_head_json":{"title":"Kj\u00f8p JWH-018 online | Bestill JWH-018 her | JWH-018 til salgs.","description":"Kj\u00f8p JWH-018 online, vi er de beste leverand\u00f8rene av JWH-018 til overkommelig pris og garanti for levering. Bestill det beste kvalitetsproduktet.","robots":{"index":"index","follow":"follow","max-snippet":"max-snippet:-1","max-image-preview":"max-image-preview:large","max-video-preview":"max-video-preview:-1"},"canonical":"https:\/\/gooddealersmeds.com\/no\/product\/kjop-jwh-018-pa-nett\/","og_locale":"en_US","og_type":"article","og_title":"Kj\u00f8p JWH-018 p\u00e5 nett","og_description":"Kj\u00f8p JWH-018 online, vi er de beste leverand\u00f8rene av JWH-018 til overkommelig pris og garanti for levering. Bestill det beste kvalitetsproduktet.","og_url":"https:\/\/gooddealersmeds.com\/no\/product\/kjop-jwh-018-pa-nett\/","og_site_name":"Good Dealers Meds","article_modified_time":"2023-03-13T00:35:38+00:00","og_image":[{"width":600,"height":600,"url":"https:\/\/gooddealersmeds.com\/no\/wp-content\/uploads\/sites\/8\/2023\/01\/JHW-018-1.jpg","type":"image\/jpeg"}],"twitter_card":"summary_large_image","twitter_misc":{"Est. reading time":"1 minute"},"schema":{"@context":"https:\/\/schema.org","@graph":[{"@type":"WebPage","@id":"https:\/\/gooddealersmeds.com\/no\/product\/kjop-jwh-018-pa-nett\/","url":"https:\/\/gooddealersmeds.com\/no\/product\/kjop-jwh-018-pa-nett\/","name":"Kj\u00f8p JWH-018 online | Bestill JWH-018 her | JWH-018 til salgs.","isPartOf":{"@id":"https:\/\/gooddealersmeds.com\/no\/#website"},"primaryImageOfPage":{"@id":"https:\/\/gooddealersmeds.com\/no\/product\/kjop-jwh-018-pa-nett\/#primaryimage"},"image":{"@id":"https:\/\/gooddealersmeds.com\/no\/product\/kjop-jwh-018-pa-nett\/#primaryimage"},"thumbnailUrl":"https:\/\/gooddealersmeds.com\/no\/wp-content\/uploads\/sites\/8\/2023\/01\/JHW-018-1.jpg","datePublished":"2023-01-08T19:08:07+00:00","dateModified":"2023-03-13T00:35:38+00:00","description":"Kj\u00f8p JWH-018 online, vi er de beste leverand\u00f8rene av JWH-018 til overkommelig pris og garanti for levering. Bestill det beste kvalitetsproduktet.","breadcrumb":{"@id":"https:\/\/gooddealersmeds.com\/no\/product\/kjop-jwh-018-pa-nett\/#breadcrumb"},"inLanguage":"en-US","potentialAction":[{"@type":"ReadAction","target":["https:\/\/gooddealersmeds.com\/no\/product\/kjop-jwh-018-pa-nett\/"]}]},{"@type":"ImageObject","inLanguage":"en-US","@id":"https:\/\/gooddealersmeds.com\/no\/product\/kjop-jwh-018-pa-nett\/#primaryimage","url":"https:\/\/gooddealersmeds.com\/no\/wp-content\/uploads\/sites\/8\/2023\/01\/JHW-018-1.jpg","contentUrl":"https:\/\/gooddealersmeds.com\/no\/wp-content\/uploads\/sites\/8\/2023\/01\/JHW-018-1.jpg","width":600,"height":600},{"@type":"BreadcrumbList","@id":"https:\/\/gooddealersmeds.com\/no\/product\/kjop-jwh-018-pa-nett\/#breadcrumb","itemListElement":[{"@type":"ListItem","position":1,"name":"Home","item":"https:\/\/gooddealersmeds.com\/no\/"},{"@type":"ListItem","position":2,"name":"Produkter","item":"https:\/\/gooddealersmeds.com\/no\/produkter\/"},{"@type":"ListItem","position":3,"name":"Kj\u00f8p JWH-018 p\u00e5 nett"}]},{"@type":"WebSite","@id":"https:\/\/gooddealersmeds.com\/no\/#website","url":"https:\/\/gooddealersmeds.com\/no\/","name":"Good Dealers Meds","description":"All our best","publisher":{"@id":"https:\/\/gooddealersmeds.com\/no\/#organization"},"potentialAction":[{"@type":"SearchAction","target":{"@type":"EntryPoint","urlTemplate":"https:\/\/gooddealersmeds.com\/no\/?s={search_term_string}"},"query-input":{"@type":"PropertyValueSpecification","valueRequired":true,"valueName":"search_term_string"}}],"inLanguage":"en-US"},{"@type":"Organization","@id":"https:\/\/gooddealersmeds.com\/no\/#organization","name":"Good Dealers Meds","url":"https:\/\/gooddealersmeds.com\/no\/","logo":{"@type":"ImageObject","inLanguage":"en-US","@id":"https:\/\/gooddealersmeds.com\/no\/#\/schema\/logo\/image\/","url":"https:\/\/gooddealersmeds.com\/no\/wp-content\/uploads\/sites\/8\/2022\/03\/gooddealersmeds__logo__20220317T222800Z.00.png","contentUrl":"https:\/\/gooddealersmeds.com\/no\/wp-content\/uploads\/sites\/8\/2022\/03\/gooddealersmeds__logo__20220317T222800Z.00.png","width":500,"height":325,"caption":"Good Dealers Meds"},"image":{"@id":"https:\/\/gooddealersmeds.com\/no\/#\/schema\/logo\/image\/"}}]}},"_links":{"self":[{"href":"https:\/\/gooddealersmeds.com\/no\/wp-json\/wp\/v2\/product\/2211","targetHints":{"allow":["GET"]}}],"collection":[{"href":"https:\/\/gooddealersmeds.com\/no\/wp-json\/wp\/v2\/product"}],"about":[{"href":"https:\/\/gooddealersmeds.com\/no\/wp-json\/wp\/v2\/types\/product"}],"replies":[{"embeddable":true,"href":"https:\/\/gooddealersmeds.com\/no\/wp-json\/wp\/v2\/comments?post=2211"}],"wp:featuredmedia":[{"embeddable":true,"href":"https:\/\/gooddealersmeds.com\/no\/wp-json\/wp\/v2\/media\/2241"}],"wp:attachment":[{"href":"https:\/\/gooddealersmeds.com\/no\/wp-json\/wp\/v2\/media?parent=2211"}],"wp:term":[{"taxonomy":"product_brand","embeddable":true,"href":"https:\/\/gooddealersmeds.com\/no\/wp-json\/wp\/v2\/product_brand?post=2211"},{"taxonomy":"product_cat","embeddable":true,"href":"https:\/\/gooddealersmeds.com\/no\/wp-json\/wp\/v2\/product_cat?post=2211"},{"taxonomy":"product_tag","embeddable":true,"href":"https:\/\/gooddealersmeds.com\/no\/wp-json\/wp\/v2\/product_tag?post=2211"}],"curies":[{"name":"wp","href":"https:\/\/api.w.org\/{rel}","templated":true}]}}