{"id":2210,"date":"2023-01-08T19:08:07","date_gmt":"2023-01-08T19:08:07","guid":{"rendered":"https:\/\/gooddealersmeds.com\/no\/?post_type=product&#038;p=2210"},"modified":"2023-03-13T00:34:47","modified_gmt":"2023-03-13T00:34:47","slug":"kjop-caluanie-muelear-oxidize","status":"publish","type":"product","link":"https:\/\/gooddealersmeds.com\/no\/product\/kjop-caluanie-muelear-oxidize\/","title":{"rendered":"Kj\u00f8p Caluanie Muelear Oxidize"},"content":{"rendered":"<h2><strong>Kj\u00f8p Caluanie Muelear Oxidiz<\/strong><\/h2>\n<p>Kj\u00f8p Caluanie Muelear Oxidize, det <a href=\"https:\/\/en.wikipedia.org\/wiki\/Research_chemical\">kjemiske<\/a> produktet fra Caluanie er en lysebrun visk\u00f8s v\u00e6ske hentet fra, Caluanie brukes i kjemisk industri og malingsindustri som et hygroskopisk middel og er mye brukt i malings-, malings-, plast- og trykkfargeindustrien.<\/p>\n<p>&nbsp;<\/p>\n<p><strong>Vi tilbyr Caluanie Muelear Oxidize for salg.<\/strong><\/p>\n<p>Produkter:\u00a0<a href=\"https:\/\/gooddealersmeds.com\/no\/product\/kjop-caluanie-muelear-oxidize\/\">Caluanie Muelear Oxidize<\/a>\u00a0(Caluanie r\u00e5 99 % produsert av Muelearoxide), Caluanie (oksidativ distribusjonstermostat, tungtvann):<\/p>\n<p>Dette produktet brukes til \u00e5 knuse og bearbeide edle metaller og halvedelstener. Den brukes i bearbeiding av edelstener og halvedelstener, samt for knusing av metaller i kjemisk industri. Caluanie Mulear Oxid online USA<\/p>\n<p>Tilgjengelig pakning: 5L og 20L, 50L, 100L bulkpakke eller p\u00e5 kj\u00f8pers foresp\u00f8rsel.,<\/p>\n<p>Kj\u00f8p Caluanie Mulear Oxide online Europa<br \/>\nHvor kan du kj\u00f8pe Caluanie Mulear Oxide online Europa<br \/>\nEngros Caluanie Mulear Oxide online Europa<\/p>\n<p>Vi er et p\u00e5litelig leverand\u00f8rselskap og oppn\u00e5r 100 % suksess i alle land.<br \/>\nTungt vann endrer egenskapene til metaller og gj\u00f8r dem spr\u00f8. Men p\u00e5 tidspunktet for tungtvannsfordampning g\u00e5r metallet tilbake til sin opprinnelige tilstand<\/p>\n<p>Caluanie Muelear Oxidize ordre<br \/>\nhvor kan jeg kj\u00f8pe Caluanie Muelear Oxidize<br \/>\nCaluanie Muelear Oxidize til salgs<br \/>\nCaluanie Muelear Oxidize<br \/>\nkj\u00f8p Caluanie Muelear Oxidize online<br \/>\nCaluanie Muelear Oxidize kj\u00f8p her<br \/>\nCaluanie Muelear Oxidize<br \/>\nbestill Caluanie Muelear Oxidize online<br \/>\nBillig Caluanie Muelear Oxidize til salgs<br \/>\nCaluanie Muelear Oxidize her<br \/>\nCaluanie Muelear Oxidize n\u00e6r meg<br \/>\nCaluanie Muelear Oxidize hvor du kan bestille<br \/>\nCaluanie Muelear Oxidize-distribut\u00f8r<\/p>\n<p>Bestill Caluanie Mulear Oxide online Europa<br \/>\nHvor kan du bestille Caluanie Mulear Oxide online Europa<br \/>\nEngros Caluanie Mulear Oxide online<\/p>\n<p>Vi tilbyr Caluanie Muelear Oxidize til salgs<\/p>\n","protected":false},"excerpt":{"rendered":"<p><strong>Kj\u00f8p USA-laget Caluanie Muelear Oxidize for metallknusing<\/strong><\/p>\n<p>Vi tilbyr Caluanie Muelear Oxidize til salgs. Produkt: Caluanie Muelear Oxidize (R\u00e5 Caluanie 99% produsert av Muelearoxidize) Caluanie (Termostat for oksidativ partisanisering, tungtvann): Pris per boks (1 stk) -5 L.<\/p>\n","protected":false},"featured_media":2240,"comment_status":"open","ping_status":"closed","template":"","meta":{"inline_featured_image":false},"product_brand":[],"product_cat":[344],"product_tag":[676,675,599,601,672,674,673,670,671,678,677],"class_list":{"0":"post-2210","1":"product","2":"type-product","3":"status-publish","4":"has-post-thumbnail","6":"product_cat-forsknings-kjemikalier","7":"product_tag-bestill-caluanie-muelear-oxidize-online","8":"product_tag-bestille","9":"product_tag-caluanie-muelear-oxidize","10":"product_tag-caluanie-muelear-oxidize-distributor","11":"product_tag-caluanie-muelear-oxidize-her","12":"product_tag-caluanie-muelear-oxidize-hvor-du-skal-caluanie-muelear-oxidize","13":"product_tag-caluanie-muelear-oxidize-i-naerheten-av-meg","14":"product_tag-caluanie-muelear-oxidize-kjop-her","15":"product_tag-caluanie-muelear-oxidize-til-salgs","16":"product_tag-hvor-kan-jeg-kjope-caluanie-muelear-oxidize","17":"product_tag-kjop-caluanie-muelear-oxidize-online","19":"first","20":"instock","21":"shipping-taxable","22":"purchasable","23":"product-type-variable","24":"has-default-attributes"},"yoast_head":"<!-- This site is optimized with the Yoast SEO Premium plugin v20.6 (Yoast SEO v27.3) - https:\/\/yoast.com\/product\/yoast-seo-premium-wordpress\/ -->\n<title>Kj\u00f8p Caluanie Muelear Oxidize | Caluanie Muelear Oxidize til salgs.<\/title>\n<meta name=\"description\" content=\"Vi er de beste leverand\u00f8rene av Caluanie Muelear Oxidize til overkommelig pris og garanterer levering. Kj\u00f8p Caluanie Muelear Oxidize.\" \/>\n<meta name=\"robots\" content=\"index, follow, max-snippet:-1, max-image-preview:large, max-video-preview:-1\" \/>\n<link rel=\"canonical\" href=\"https:\/\/gooddealersmeds.com\/no\/product\/kjop-caluanie-muelear-oxidize\/\" \/>\n<meta property=\"og:locale\" content=\"en_US\" \/>\n<meta property=\"og:type\" content=\"article\" \/>\n<meta property=\"og:title\" content=\"Kj\u00f8p Caluanie Muelear Oxidize\" \/>\n<meta property=\"og:description\" content=\"Vi er de beste leverand\u00f8rene av Caluanie Muelear Oxidize til overkommelig pris og garanterer levering. Kj\u00f8p Caluanie Muelear Oxidize.\" \/>\n<meta property=\"og:url\" content=\"https:\/\/gooddealersmeds.com\/no\/product\/kjop-caluanie-muelear-oxidize\/\" \/>\n<meta property=\"og:site_name\" content=\"Good Dealers Meds\" \/>\n<meta property=\"article:modified_time\" content=\"2023-03-13T00:34:47+00:00\" \/>\n<meta property=\"og:image\" content=\"https:\/\/gooddealersmeds.com\/no\/wp-content\/uploads\/sites\/8\/2023\/01\/Caluanie-Muelear-Oxidize-for-sal.jpg\" \/>\n\t<meta property=\"og:image:width\" content=\"600\" \/>\n\t<meta property=\"og:image:height\" content=\"600\" \/>\n\t<meta property=\"og:image:type\" content=\"image\/jpeg\" \/>\n<meta name=\"twitter:card\" content=\"summary_large_image\" \/>\n<meta name=\"twitter:label1\" content=\"Est. reading time\" \/>\n\t<meta name=\"twitter:data1\" content=\"1 minute\" \/>\n<script type=\"application\/ld+json\" class=\"yoast-schema-graph\">{\"@context\":\"https:\\\/\\\/schema.org\",\"@graph\":[{\"@type\":\"WebPage\",\"@id\":\"https:\\\/\\\/gooddealersmeds.com\\\/no\\\/product\\\/kjop-caluanie-muelear-oxidize\\\/\",\"url\":\"https:\\\/\\\/gooddealersmeds.com\\\/no\\\/product\\\/kjop-caluanie-muelear-oxidize\\\/\",\"name\":\"Kj\u00f8p Caluanie Muelear Oxidize | Caluanie Muelear Oxidize til salgs.\",\"isPartOf\":{\"@id\":\"https:\\\/\\\/gooddealersmeds.com\\\/no\\\/#website\"},\"primaryImageOfPage\":{\"@id\":\"https:\\\/\\\/gooddealersmeds.com\\\/no\\\/product\\\/kjop-caluanie-muelear-oxidize\\\/#primaryimage\"},\"image\":{\"@id\":\"https:\\\/\\\/gooddealersmeds.com\\\/no\\\/product\\\/kjop-caluanie-muelear-oxidize\\\/#primaryimage\"},\"thumbnailUrl\":\"https:\\\/\\\/gooddealersmeds.com\\\/no\\\/wp-content\\\/uploads\\\/sites\\\/8\\\/2023\\\/01\\\/Caluanie-Muelear-Oxidize-for-sal.jpg\",\"datePublished\":\"2023-01-08T19:08:07+00:00\",\"dateModified\":\"2023-03-13T00:34:47+00:00\",\"description\":\"Vi er de beste leverand\u00f8rene av Caluanie Muelear Oxidize til overkommelig pris og garanterer levering. Kj\u00f8p Caluanie Muelear Oxidize.\",\"breadcrumb\":{\"@id\":\"https:\\\/\\\/gooddealersmeds.com\\\/no\\\/product\\\/kjop-caluanie-muelear-oxidize\\\/#breadcrumb\"},\"inLanguage\":\"en-US\",\"potentialAction\":[{\"@type\":\"ReadAction\",\"target\":[\"https:\\\/\\\/gooddealersmeds.com\\\/no\\\/product\\\/kjop-caluanie-muelear-oxidize\\\/\"]}]},{\"@type\":\"ImageObject\",\"inLanguage\":\"en-US\",\"@id\":\"https:\\\/\\\/gooddealersmeds.com\\\/no\\\/product\\\/kjop-caluanie-muelear-oxidize\\\/#primaryimage\",\"url\":\"https:\\\/\\\/gooddealersmeds.com\\\/no\\\/wp-content\\\/uploads\\\/sites\\\/8\\\/2023\\\/01\\\/Caluanie-Muelear-Oxidize-for-sal.jpg\",\"contentUrl\":\"https:\\\/\\\/gooddealersmeds.com\\\/no\\\/wp-content\\\/uploads\\\/sites\\\/8\\\/2023\\\/01\\\/Caluanie-Muelear-Oxidize-for-sal.jpg\",\"width\":600,\"height\":600},{\"@type\":\"BreadcrumbList\",\"@id\":\"https:\\\/\\\/gooddealersmeds.com\\\/no\\\/product\\\/kjop-caluanie-muelear-oxidize\\\/#breadcrumb\",\"itemListElement\":[{\"@type\":\"ListItem\",\"position\":1,\"name\":\"Home\",\"item\":\"https:\\\/\\\/gooddealersmeds.com\\\/no\\\/\"},{\"@type\":\"ListItem\",\"position\":2,\"name\":\"Produkter\",\"item\":\"https:\\\/\\\/gooddealersmeds.com\\\/no\\\/produkter\\\/\"},{\"@type\":\"ListItem\",\"position\":3,\"name\":\"Kj\u00f8p Caluanie Muelear Oxidize\"}]},{\"@type\":\"WebSite\",\"@id\":\"https:\\\/\\\/gooddealersmeds.com\\\/no\\\/#website\",\"url\":\"https:\\\/\\\/gooddealersmeds.com\\\/no\\\/\",\"name\":\"Good Dealers Meds\",\"description\":\"All our best\",\"publisher\":{\"@id\":\"https:\\\/\\\/gooddealersmeds.com\\\/no\\\/#organization\"},\"potentialAction\":[{\"@type\":\"SearchAction\",\"target\":{\"@type\":\"EntryPoint\",\"urlTemplate\":\"https:\\\/\\\/gooddealersmeds.com\\\/no\\\/?s={search_term_string}\"},\"query-input\":{\"@type\":\"PropertyValueSpecification\",\"valueRequired\":true,\"valueName\":\"search_term_string\"}}],\"inLanguage\":\"en-US\"},{\"@type\":\"Organization\",\"@id\":\"https:\\\/\\\/gooddealersmeds.com\\\/no\\\/#organization\",\"name\":\"Good Dealers Meds\",\"url\":\"https:\\\/\\\/gooddealersmeds.com\\\/no\\\/\",\"logo\":{\"@type\":\"ImageObject\",\"inLanguage\":\"en-US\",\"@id\":\"https:\\\/\\\/gooddealersmeds.com\\\/no\\\/#\\\/schema\\\/logo\\\/image\\\/\",\"url\":\"https:\\\/\\\/gooddealersmeds.com\\\/no\\\/wp-content\\\/uploads\\\/sites\\\/8\\\/2022\\\/03\\\/gooddealersmeds__logo__20220317T222800Z.00.png\",\"contentUrl\":\"https:\\\/\\\/gooddealersmeds.com\\\/no\\\/wp-content\\\/uploads\\\/sites\\\/8\\\/2022\\\/03\\\/gooddealersmeds__logo__20220317T222800Z.00.png\",\"width\":500,\"height\":325,\"caption\":\"Good Dealers Meds\"},\"image\":{\"@id\":\"https:\\\/\\\/gooddealersmeds.com\\\/no\\\/#\\\/schema\\\/logo\\\/image\\\/\"}}]}<\/script>\n<!-- \/ Yoast SEO Premium plugin. -->","yoast_head_json":{"title":"Kj\u00f8p Caluanie Muelear Oxidize | Caluanie Muelear Oxidize til salgs.","description":"Vi er de beste leverand\u00f8rene av Caluanie Muelear Oxidize til overkommelig pris og garanterer levering. Kj\u00f8p Caluanie Muelear Oxidize.","robots":{"index":"index","follow":"follow","max-snippet":"max-snippet:-1","max-image-preview":"max-image-preview:large","max-video-preview":"max-video-preview:-1"},"canonical":"https:\/\/gooddealersmeds.com\/no\/product\/kjop-caluanie-muelear-oxidize\/","og_locale":"en_US","og_type":"article","og_title":"Kj\u00f8p Caluanie Muelear Oxidize","og_description":"Vi er de beste leverand\u00f8rene av Caluanie Muelear Oxidize til overkommelig pris og garanterer levering. Kj\u00f8p Caluanie Muelear Oxidize.","og_url":"https:\/\/gooddealersmeds.com\/no\/product\/kjop-caluanie-muelear-oxidize\/","og_site_name":"Good Dealers Meds","article_modified_time":"2023-03-13T00:34:47+00:00","og_image":[{"width":600,"height":600,"url":"https:\/\/gooddealersmeds.com\/no\/wp-content\/uploads\/sites\/8\/2023\/01\/Caluanie-Muelear-Oxidize-for-sal.jpg","type":"image\/jpeg"}],"twitter_card":"summary_large_image","twitter_misc":{"Est. reading time":"1 minute"},"schema":{"@context":"https:\/\/schema.org","@graph":[{"@type":"WebPage","@id":"https:\/\/gooddealersmeds.com\/no\/product\/kjop-caluanie-muelear-oxidize\/","url":"https:\/\/gooddealersmeds.com\/no\/product\/kjop-caluanie-muelear-oxidize\/","name":"Kj\u00f8p Caluanie Muelear Oxidize | Caluanie Muelear Oxidize til salgs.","isPartOf":{"@id":"https:\/\/gooddealersmeds.com\/no\/#website"},"primaryImageOfPage":{"@id":"https:\/\/gooddealersmeds.com\/no\/product\/kjop-caluanie-muelear-oxidize\/#primaryimage"},"image":{"@id":"https:\/\/gooddealersmeds.com\/no\/product\/kjop-caluanie-muelear-oxidize\/#primaryimage"},"thumbnailUrl":"https:\/\/gooddealersmeds.com\/no\/wp-content\/uploads\/sites\/8\/2023\/01\/Caluanie-Muelear-Oxidize-for-sal.jpg","datePublished":"2023-01-08T19:08:07+00:00","dateModified":"2023-03-13T00:34:47+00:00","description":"Vi er de beste leverand\u00f8rene av Caluanie Muelear Oxidize til overkommelig pris og garanterer levering. Kj\u00f8p Caluanie Muelear Oxidize.","breadcrumb":{"@id":"https:\/\/gooddealersmeds.com\/no\/product\/kjop-caluanie-muelear-oxidize\/#breadcrumb"},"inLanguage":"en-US","potentialAction":[{"@type":"ReadAction","target":["https:\/\/gooddealersmeds.com\/no\/product\/kjop-caluanie-muelear-oxidize\/"]}]},{"@type":"ImageObject","inLanguage":"en-US","@id":"https:\/\/gooddealersmeds.com\/no\/product\/kjop-caluanie-muelear-oxidize\/#primaryimage","url":"https:\/\/gooddealersmeds.com\/no\/wp-content\/uploads\/sites\/8\/2023\/01\/Caluanie-Muelear-Oxidize-for-sal.jpg","contentUrl":"https:\/\/gooddealersmeds.com\/no\/wp-content\/uploads\/sites\/8\/2023\/01\/Caluanie-Muelear-Oxidize-for-sal.jpg","width":600,"height":600},{"@type":"BreadcrumbList","@id":"https:\/\/gooddealersmeds.com\/no\/product\/kjop-caluanie-muelear-oxidize\/#breadcrumb","itemListElement":[{"@type":"ListItem","position":1,"name":"Home","item":"https:\/\/gooddealersmeds.com\/no\/"},{"@type":"ListItem","position":2,"name":"Produkter","item":"https:\/\/gooddealersmeds.com\/no\/produkter\/"},{"@type":"ListItem","position":3,"name":"Kj\u00f8p Caluanie Muelear Oxidize"}]},{"@type":"WebSite","@id":"https:\/\/gooddealersmeds.com\/no\/#website","url":"https:\/\/gooddealersmeds.com\/no\/","name":"Good Dealers Meds","description":"All our best","publisher":{"@id":"https:\/\/gooddealersmeds.com\/no\/#organization"},"potentialAction":[{"@type":"SearchAction","target":{"@type":"EntryPoint","urlTemplate":"https:\/\/gooddealersmeds.com\/no\/?s={search_term_string}"},"query-input":{"@type":"PropertyValueSpecification","valueRequired":true,"valueName":"search_term_string"}}],"inLanguage":"en-US"},{"@type":"Organization","@id":"https:\/\/gooddealersmeds.com\/no\/#organization","name":"Good Dealers Meds","url":"https:\/\/gooddealersmeds.com\/no\/","logo":{"@type":"ImageObject","inLanguage":"en-US","@id":"https:\/\/gooddealersmeds.com\/no\/#\/schema\/logo\/image\/","url":"https:\/\/gooddealersmeds.com\/no\/wp-content\/uploads\/sites\/8\/2022\/03\/gooddealersmeds__logo__20220317T222800Z.00.png","contentUrl":"https:\/\/gooddealersmeds.com\/no\/wp-content\/uploads\/sites\/8\/2022\/03\/gooddealersmeds__logo__20220317T222800Z.00.png","width":500,"height":325,"caption":"Good Dealers Meds"},"image":{"@id":"https:\/\/gooddealersmeds.com\/no\/#\/schema\/logo\/image\/"}}]}},"_links":{"self":[{"href":"https:\/\/gooddealersmeds.com\/no\/wp-json\/wp\/v2\/product\/2210","targetHints":{"allow":["GET"]}}],"collection":[{"href":"https:\/\/gooddealersmeds.com\/no\/wp-json\/wp\/v2\/product"}],"about":[{"href":"https:\/\/gooddealersmeds.com\/no\/wp-json\/wp\/v2\/types\/product"}],"replies":[{"embeddable":true,"href":"https:\/\/gooddealersmeds.com\/no\/wp-json\/wp\/v2\/comments?post=2210"}],"wp:featuredmedia":[{"embeddable":true,"href":"https:\/\/gooddealersmeds.com\/no\/wp-json\/wp\/v2\/media\/2240"}],"wp:attachment":[{"href":"https:\/\/gooddealersmeds.com\/no\/wp-json\/wp\/v2\/media?parent=2210"}],"wp:term":[{"taxonomy":"product_brand","embeddable":true,"href":"https:\/\/gooddealersmeds.com\/no\/wp-json\/wp\/v2\/product_brand?post=2210"},{"taxonomy":"product_cat","embeddable":true,"href":"https:\/\/gooddealersmeds.com\/no\/wp-json\/wp\/v2\/product_cat?post=2210"},{"taxonomy":"product_tag","embeddable":true,"href":"https:\/\/gooddealersmeds.com\/no\/wp-json\/wp\/v2\/product_tag?post=2210"}],"curies":[{"name":"wp","href":"https:\/\/api.w.org\/{rel}","templated":true}]}}