{"id":2209,"date":"2023-01-08T19:08:07","date_gmt":"2023-01-08T19:08:07","guid":{"rendered":"https:\/\/gooddealersmeds.com\/no\/?post_type=product&#038;p=2209"},"modified":"2023-03-13T00:29:05","modified_gmt":"2023-03-13T00:29:05","slug":"kjop-a-oil-amfetaminolje","status":"publish","type":"product","link":"https:\/\/gooddealersmeds.com\/no\/product\/kjop-a-oil-amfetaminolje\/","title":{"rendered":"Kj\u00f8p A-olje(amfetaminolje)"},"content":{"rendered":"<h2>Kj\u00f8p amfetaminolje (A-olje) online n\u00e5<\/h2>\n<p>Kj\u00f8p amfetaminolje (A-olje) online. <a href=\"https:\/\/www.emcdda.europa.eu\/publications\/drug-profiles\/amphetamine_en\">A-amfetamin<\/a>\u00a0olje brukes i gryteaksjonen for \u00e5 syntetisere amfetamin, men dette stoffet er vanskelig \u00e5 isolere og rense. N\u00e5r det varmes opp med maursyre, danner N-formylamphetamin en blanding av fenylakton og formamfetamid, som hydrolyseres for \u00e5 gi amfetaminhydroklorid. Amfetaminolje oppn\u00e5s etter n\u00f8ytralisering med en mykere base. Amfetaminoljen blir deretter dampdestillert for \u00e5 produsere rent amfetamin. Svovelsyre brukes deretter til \u00e5 behandle basisk amfetamin for \u00e5 produsere et krystallinsk salt. bestill amfetaminolje (A-olje) online, Online leverand\u00f8r av amfetaminolje, bestill bulk amfetaminolje til billig pris, kall amfetaminolje ogs\u00e5 A-olje, Hvordan bruke amfetaminolje,<\/p>\n<p>En annen mulighet er \u00e5 syntetisere amfetamin ved reduktiv aminering av fenylaceton. N\u00e5r det gjelder ammoniakkgass, produseres fenylaceton av amfetamin n\u00e5r det reduseres katalytisk (Pd\/C eller Pt2O).<\/p>\n<p>Syntese av metamfetamin og skjult amfetamin med -oljeredusert amfetamin. Reduksjonstrinnet i syntesen p\u00e5 ett punkt er sentralt i de ulike publiserte rutene for syntese av amfetamin og metamfetamin. Av de 95 referansene som ble vurdert for syntese, brukte alle unntatt ti en reduksjonistisk tiln\u00e6rming. Gitt dette mangfoldet, vurderer vi en gjennomgang av kjemien og diskusjonen av den sammensatte litteraturen. hvor bestiller man amfetaminolje, bestiller A-olje p\u00e5 nett, amfetaminolje til salgs, Hvordan f\u00e5r man amfetaminolje, bestiller amfetaminolje, A-olje til salgs, Hvordan kj\u00f8per man en olje p\u00e5 nett,<\/p>\n","protected":false},"excerpt":{"rendered":"<p>Kj\u00f8p amfetaminolje (A-olje) p\u00e5 nett. A-amfetaminolje brukes i grytereaksjonen for \u00e5 syntetisere amfetamin, men dette stoffet er vanskelig \u00e5 isolere og rense.<\/p>\n","protected":false},"featured_media":2239,"comment_status":"open","ping_status":"closed","template":"","meta":{"inline_featured_image":false},"product_brand":[],"product_cat":[344],"product_tag":[],"class_list":{"0":"post-2209","1":"product","2":"type-product","3":"status-publish","4":"has-post-thumbnail","6":"product_cat-forsknings-kjemikalier","8":"first","9":"instock","10":"shipping-taxable","11":"purchasable","12":"product-type-variable","13":"has-default-attributes"},"yoast_head":"<!-- This site is optimized with the Yoast SEO Premium plugin v20.6 (Yoast SEO v27.5) - https:\/\/yoast.com\/product\/yoast-seo-premium-wordpress\/ -->\n<title>Kj\u00f8p amfetaminolje (A-olje) online | amfetaminolje (A-olje) til salgs | En olje<\/title>\n<meta name=\"description\" content=\"Kj\u00f8p amfetaminolje (A-olje) online til rimelige priser og f\u00e5 den levert p\u00e5 d\u00f8ren. Vi sender over hele verden. ordre om amfetaminolje\" \/>\n<meta name=\"robots\" content=\"index, follow, max-snippet:-1, max-image-preview:large, max-video-preview:-1\" \/>\n<link rel=\"canonical\" href=\"https:\/\/gooddealersmeds.com\/no\/product\/kjop-a-oil-amfetaminolje\/\" \/>\n<meta property=\"og:locale\" content=\"en_US\" \/>\n<meta property=\"og:type\" content=\"article\" \/>\n<meta property=\"og:title\" content=\"Kj\u00f8p A-olje(amfetaminolje)\" \/>\n<meta property=\"og:description\" content=\"Kj\u00f8p amfetaminolje (A-olje) online til rimelige priser og f\u00e5 den levert p\u00e5 d\u00f8ren. Vi sender over hele verden. ordre om amfetaminolje\" \/>\n<meta property=\"og:url\" content=\"https:\/\/gooddealersmeds.com\/no\/product\/kjop-a-oil-amfetaminolje\/\" \/>\n<meta property=\"og:site_name\" content=\"Good Dealers Meds\" \/>\n<meta property=\"article:modified_time\" content=\"2023-03-13T00:29:05+00:00\" \/>\n<meta property=\"og:image\" content=\"https:\/\/gooddealersmeds.com\/no\/wp-content\/uploads\/sites\/8\/2023\/01\/A-Oil-Amphetamine-Oil-1.jpg\" \/>\n\t<meta property=\"og:image:width\" content=\"600\" \/>\n\t<meta property=\"og:image:height\" content=\"600\" \/>\n\t<meta property=\"og:image:type\" content=\"image\/jpeg\" \/>\n<meta name=\"twitter:card\" content=\"summary_large_image\" \/>\n<meta name=\"twitter:label1\" content=\"Est. reading time\" \/>\n\t<meta name=\"twitter:data1\" content=\"1 minute\" \/>\n<script type=\"application\/ld+json\" class=\"yoast-schema-graph\">{\"@context\":\"https:\\\/\\\/schema.org\",\"@graph\":[{\"@type\":\"WebPage\",\"@id\":\"https:\\\/\\\/gooddealersmeds.com\\\/no\\\/product\\\/kjop-a-oil-amfetaminolje\\\/\",\"url\":\"https:\\\/\\\/gooddealersmeds.com\\\/no\\\/product\\\/kjop-a-oil-amfetaminolje\\\/\",\"name\":\"Kj\u00f8p amfetaminolje (A-olje) online | amfetaminolje (A-olje) til salgs | En olje\",\"isPartOf\":{\"@id\":\"https:\\\/\\\/gooddealersmeds.com\\\/no\\\/#website\"},\"primaryImageOfPage\":{\"@id\":\"https:\\\/\\\/gooddealersmeds.com\\\/no\\\/product\\\/kjop-a-oil-amfetaminolje\\\/#primaryimage\"},\"image\":{\"@id\":\"https:\\\/\\\/gooddealersmeds.com\\\/no\\\/product\\\/kjop-a-oil-amfetaminolje\\\/#primaryimage\"},\"thumbnailUrl\":\"https:\\\/\\\/gooddealersmeds.com\\\/no\\\/wp-content\\\/uploads\\\/sites\\\/8\\\/2023\\\/01\\\/A-Oil-Amphetamine-Oil-1.jpg\",\"datePublished\":\"2023-01-08T19:08:07+00:00\",\"dateModified\":\"2023-03-13T00:29:05+00:00\",\"description\":\"Kj\u00f8p amfetaminolje (A-olje) online til rimelige priser og f\u00e5 den levert p\u00e5 d\u00f8ren. Vi sender over hele verden. ordre om amfetaminolje\",\"breadcrumb\":{\"@id\":\"https:\\\/\\\/gooddealersmeds.com\\\/no\\\/product\\\/kjop-a-oil-amfetaminolje\\\/#breadcrumb\"},\"inLanguage\":\"en-US\",\"potentialAction\":[{\"@type\":\"ReadAction\",\"target\":[\"https:\\\/\\\/gooddealersmeds.com\\\/no\\\/product\\\/kjop-a-oil-amfetaminolje\\\/\"]}]},{\"@type\":\"ImageObject\",\"inLanguage\":\"en-US\",\"@id\":\"https:\\\/\\\/gooddealersmeds.com\\\/no\\\/product\\\/kjop-a-oil-amfetaminolje\\\/#primaryimage\",\"url\":\"https:\\\/\\\/gooddealersmeds.com\\\/no\\\/wp-content\\\/uploads\\\/sites\\\/8\\\/2023\\\/01\\\/A-Oil-Amphetamine-Oil-1.jpg\",\"contentUrl\":\"https:\\\/\\\/gooddealersmeds.com\\\/no\\\/wp-content\\\/uploads\\\/sites\\\/8\\\/2023\\\/01\\\/A-Oil-Amphetamine-Oil-1.jpg\",\"width\":600,\"height\":600},{\"@type\":\"BreadcrumbList\",\"@id\":\"https:\\\/\\\/gooddealersmeds.com\\\/no\\\/product\\\/kjop-a-oil-amfetaminolje\\\/#breadcrumb\",\"itemListElement\":[{\"@type\":\"ListItem\",\"position\":1,\"name\":\"Home\",\"item\":\"https:\\\/\\\/gooddealersmeds.com\\\/no\\\/\"},{\"@type\":\"ListItem\",\"position\":2,\"name\":\"Produkter\",\"item\":\"https:\\\/\\\/gooddealersmeds.com\\\/no\\\/produkter\\\/\"},{\"@type\":\"ListItem\",\"position\":3,\"name\":\"Kj\u00f8p A-olje(amfetaminolje)\"}]},{\"@type\":\"WebSite\",\"@id\":\"https:\\\/\\\/gooddealersmeds.com\\\/no\\\/#website\",\"url\":\"https:\\\/\\\/gooddealersmeds.com\\\/no\\\/\",\"name\":\"Good Dealers Meds\",\"description\":\"All our best\",\"publisher\":{\"@id\":\"https:\\\/\\\/gooddealersmeds.com\\\/no\\\/#organization\"},\"potentialAction\":[{\"@type\":\"SearchAction\",\"target\":{\"@type\":\"EntryPoint\",\"urlTemplate\":\"https:\\\/\\\/gooddealersmeds.com\\\/no\\\/?s={search_term_string}\"},\"query-input\":{\"@type\":\"PropertyValueSpecification\",\"valueRequired\":true,\"valueName\":\"search_term_string\"}}],\"inLanguage\":\"en-US\"},{\"@type\":\"Organization\",\"@id\":\"https:\\\/\\\/gooddealersmeds.com\\\/no\\\/#organization\",\"name\":\"Good Dealers Meds\",\"url\":\"https:\\\/\\\/gooddealersmeds.com\\\/no\\\/\",\"logo\":{\"@type\":\"ImageObject\",\"inLanguage\":\"en-US\",\"@id\":\"https:\\\/\\\/gooddealersmeds.com\\\/no\\\/#\\\/schema\\\/logo\\\/image\\\/\",\"url\":\"https:\\\/\\\/gooddealersmeds.com\\\/no\\\/wp-content\\\/uploads\\\/sites\\\/8\\\/2022\\\/03\\\/gooddealersmeds__logo__20220317T222800Z.00.png\",\"contentUrl\":\"https:\\\/\\\/gooddealersmeds.com\\\/no\\\/wp-content\\\/uploads\\\/sites\\\/8\\\/2022\\\/03\\\/gooddealersmeds__logo__20220317T222800Z.00.png\",\"width\":500,\"height\":325,\"caption\":\"Good Dealers Meds\"},\"image\":{\"@id\":\"https:\\\/\\\/gooddealersmeds.com\\\/no\\\/#\\\/schema\\\/logo\\\/image\\\/\"}}]}<\/script>\n<!-- \/ Yoast SEO Premium plugin. -->","yoast_head_json":{"title":"Kj\u00f8p amfetaminolje (A-olje) online | amfetaminolje (A-olje) til salgs | En olje","description":"Kj\u00f8p amfetaminolje (A-olje) online til rimelige priser og f\u00e5 den levert p\u00e5 d\u00f8ren. Vi sender over hele verden. ordre om amfetaminolje","robots":{"index":"index","follow":"follow","max-snippet":"max-snippet:-1","max-image-preview":"max-image-preview:large","max-video-preview":"max-video-preview:-1"},"canonical":"https:\/\/gooddealersmeds.com\/no\/product\/kjop-a-oil-amfetaminolje\/","og_locale":"en_US","og_type":"article","og_title":"Kj\u00f8p A-olje(amfetaminolje)","og_description":"Kj\u00f8p amfetaminolje (A-olje) online til rimelige priser og f\u00e5 den levert p\u00e5 d\u00f8ren. Vi sender over hele verden. ordre om amfetaminolje","og_url":"https:\/\/gooddealersmeds.com\/no\/product\/kjop-a-oil-amfetaminolje\/","og_site_name":"Good Dealers Meds","article_modified_time":"2023-03-13T00:29:05+00:00","og_image":[{"width":600,"height":600,"url":"https:\/\/gooddealersmeds.com\/no\/wp-content\/uploads\/sites\/8\/2023\/01\/A-Oil-Amphetamine-Oil-1.jpg","type":"image\/jpeg"}],"twitter_card":"summary_large_image","twitter_misc":{"Est. reading time":"1 minute"},"schema":{"@context":"https:\/\/schema.org","@graph":[{"@type":"WebPage","@id":"https:\/\/gooddealersmeds.com\/no\/product\/kjop-a-oil-amfetaminolje\/","url":"https:\/\/gooddealersmeds.com\/no\/product\/kjop-a-oil-amfetaminolje\/","name":"Kj\u00f8p amfetaminolje (A-olje) online | amfetaminolje (A-olje) til salgs | En olje","isPartOf":{"@id":"https:\/\/gooddealersmeds.com\/no\/#website"},"primaryImageOfPage":{"@id":"https:\/\/gooddealersmeds.com\/no\/product\/kjop-a-oil-amfetaminolje\/#primaryimage"},"image":{"@id":"https:\/\/gooddealersmeds.com\/no\/product\/kjop-a-oil-amfetaminolje\/#primaryimage"},"thumbnailUrl":"https:\/\/gooddealersmeds.com\/no\/wp-content\/uploads\/sites\/8\/2023\/01\/A-Oil-Amphetamine-Oil-1.jpg","datePublished":"2023-01-08T19:08:07+00:00","dateModified":"2023-03-13T00:29:05+00:00","description":"Kj\u00f8p amfetaminolje (A-olje) online til rimelige priser og f\u00e5 den levert p\u00e5 d\u00f8ren. Vi sender over hele verden. ordre om amfetaminolje","breadcrumb":{"@id":"https:\/\/gooddealersmeds.com\/no\/product\/kjop-a-oil-amfetaminolje\/#breadcrumb"},"inLanguage":"en-US","potentialAction":[{"@type":"ReadAction","target":["https:\/\/gooddealersmeds.com\/no\/product\/kjop-a-oil-amfetaminolje\/"]}]},{"@type":"ImageObject","inLanguage":"en-US","@id":"https:\/\/gooddealersmeds.com\/no\/product\/kjop-a-oil-amfetaminolje\/#primaryimage","url":"https:\/\/gooddealersmeds.com\/no\/wp-content\/uploads\/sites\/8\/2023\/01\/A-Oil-Amphetamine-Oil-1.jpg","contentUrl":"https:\/\/gooddealersmeds.com\/no\/wp-content\/uploads\/sites\/8\/2023\/01\/A-Oil-Amphetamine-Oil-1.jpg","width":600,"height":600},{"@type":"BreadcrumbList","@id":"https:\/\/gooddealersmeds.com\/no\/product\/kjop-a-oil-amfetaminolje\/#breadcrumb","itemListElement":[{"@type":"ListItem","position":1,"name":"Home","item":"https:\/\/gooddealersmeds.com\/no\/"},{"@type":"ListItem","position":2,"name":"Produkter","item":"https:\/\/gooddealersmeds.com\/no\/produkter\/"},{"@type":"ListItem","position":3,"name":"Kj\u00f8p A-olje(amfetaminolje)"}]},{"@type":"WebSite","@id":"https:\/\/gooddealersmeds.com\/no\/#website","url":"https:\/\/gooddealersmeds.com\/no\/","name":"Good Dealers Meds","description":"All our best","publisher":{"@id":"https:\/\/gooddealersmeds.com\/no\/#organization"},"potentialAction":[{"@type":"SearchAction","target":{"@type":"EntryPoint","urlTemplate":"https:\/\/gooddealersmeds.com\/no\/?s={search_term_string}"},"query-input":{"@type":"PropertyValueSpecification","valueRequired":true,"valueName":"search_term_string"}}],"inLanguage":"en-US"},{"@type":"Organization","@id":"https:\/\/gooddealersmeds.com\/no\/#organization","name":"Good Dealers Meds","url":"https:\/\/gooddealersmeds.com\/no\/","logo":{"@type":"ImageObject","inLanguage":"en-US","@id":"https:\/\/gooddealersmeds.com\/no\/#\/schema\/logo\/image\/","url":"https:\/\/gooddealersmeds.com\/no\/wp-content\/uploads\/sites\/8\/2022\/03\/gooddealersmeds__logo__20220317T222800Z.00.png","contentUrl":"https:\/\/gooddealersmeds.com\/no\/wp-content\/uploads\/sites\/8\/2022\/03\/gooddealersmeds__logo__20220317T222800Z.00.png","width":500,"height":325,"caption":"Good Dealers Meds"},"image":{"@id":"https:\/\/gooddealersmeds.com\/no\/#\/schema\/logo\/image\/"}}]}},"_links":{"self":[{"href":"https:\/\/gooddealersmeds.com\/no\/wp-json\/wp\/v2\/product\/2209","targetHints":{"allow":["GET"]}}],"collection":[{"href":"https:\/\/gooddealersmeds.com\/no\/wp-json\/wp\/v2\/product"}],"about":[{"href":"https:\/\/gooddealersmeds.com\/no\/wp-json\/wp\/v2\/types\/product"}],"replies":[{"embeddable":true,"href":"https:\/\/gooddealersmeds.com\/no\/wp-json\/wp\/v2\/comments?post=2209"}],"wp:featuredmedia":[{"embeddable":true,"href":"https:\/\/gooddealersmeds.com\/no\/wp-json\/wp\/v2\/media\/2239"}],"wp:attachment":[{"href":"https:\/\/gooddealersmeds.com\/no\/wp-json\/wp\/v2\/media?parent=2209"}],"wp:term":[{"taxonomy":"product_brand","embeddable":true,"href":"https:\/\/gooddealersmeds.com\/no\/wp-json\/wp\/v2\/product_brand?post=2209"},{"taxonomy":"product_cat","embeddable":true,"href":"https:\/\/gooddealersmeds.com\/no\/wp-json\/wp\/v2\/product_cat?post=2209"},{"taxonomy":"product_tag","embeddable":true,"href":"https:\/\/gooddealersmeds.com\/no\/wp-json\/wp\/v2\/product_tag?post=2209"}],"curies":[{"name":"wp","href":"https:\/\/api.w.org\/{rel}","templated":true}]}}