{"id":2208,"date":"2023-01-08T19:08:06","date_gmt":"2023-01-08T19:08:06","guid":{"rendered":"https:\/\/gooddealersmeds.com\/no\/?post_type=product&#038;p=2208"},"modified":"2023-03-13T00:47:30","modified_gmt":"2023-03-13T00:47:30","slug":"benzyl-methyl-ketone-bmk-olje","status":"publish","type":"product","link":"https:\/\/gooddealersmeds.com\/no\/product\/benzyl-methyl-ketone-bmk-olje\/","title":{"rendered":"Benzyl Methyl Ketone (BMK) olje"},"content":{"rendered":"<h2>Hvor kan du bestille BMK olje<\/h2>\n<p>Vi leverer i stor og liten skala. Hvor kan du bestille BMK olje \u00a0Vi forholder oss kun til seri\u00f8se kj\u00f8pere. Vennligst ikke kontakt oss hvis du ikke har tenkt \u00e5 kj\u00f8pe. Vi leverer innen Europa og resten av verden kj\u00f8per vei, luft og gj\u00f8r ogs\u00e5 drops og levering er 100% garantert. For mer informasjon om produktene v\u00e5re og hvordan du plasserer og bestiller oss kontaktene nedenfor: CAS 4676-39-5; A-Olje; <a href=\"https:\/\/gooddealersmeds.com\/no\/product\/benzyl-methyl-ketone-bmk-olje\/\">BMK olje<\/a>; Fenylaceton; PMK olje; MDP2P olje; CAS 103-79-7<\/p>\n<p>KJ\u00d8P BENZYL METYL KETONE (BMK) OLJE<\/p>\n<p>Benzyl Methyl Ketone (BMK) Pulver<\/p>\n<p>Benzyl Methyl Ketone (BMK) olje<\/p>\n<p>Fenylaceton: Pulver<\/p>\n<p>Kj\u00f8p fenylaceton 99,34 % renhet<\/p>\n<p>Fenylaceton (ogs\u00e5 kjent som 2-fenyl-2on,\u00a0<a href=\"https:\/\/pubs.rsc.org\/\">benzylmentylmetylketon<\/a> eller benzylketonbromid), er en organisk forbindelse. Det er klar olje med en brytningsindeks p\u00e5 1,5168. Denne Sunstance i produksjonen av metafetamin og amfetamin som et r\u00e5materiale eller intermidiate, der det ofte refereres til som P2P ogs\u00e5. Kj\u00f8p fenylacetonolje til salgs p\u00e5 nett, Hvor kan\u00a0 bestille BMK olje<\/p>\n<p>Fenylaceton er en organisk forbindelse som er klar olje med en brytningsindeks p\u00e5 1,5168. Disse tingene brukes i produksjonen av metamfetamin og amfetamin der det er kjent som P2P. Fenylaceton er fjerningsproduktet av amfetamin i menneskekroppen. Fenylaceton har ogs\u00e5 noen andre navn som fenylpropan-2-on, benzylmetylketon eller metylbenzylketon.<\/p>\n<h3>BRUK AV BMK OLJE<\/h3>\n<p>Ulike legemidler produseres ved \u00e5 bruke denne fenyl 2-propanonen<\/p>\n<p>Det brukes som smaksstoff i mat.<\/p>\n<p>Det brukes til produksjon av kjemikalier som metamfetamin og amfetamin som startingrediens.<\/p>\n<h3>HVOR KJ\u00d8PES BMK OLJE ELLER FENYLACETONOLJE FOR SALG P\u00c5 NETT?<\/h3>\n<p>Kj\u00f8p bmk olje, bestill bmk olje, billig bmk oljebestilling, bmk til salgs, kj\u00f8p bmk olje kina, BMK kina,<\/p>\n","protected":false},"excerpt":{"rendered":"<p>Vi leverer i stor og liten skala av BMK Oil, Hvor kan du bestille BMK Oil, Vi h\u00e5ndterer kun seri\u00f8se kj\u00f8pere. kontakt oss for \u00e5 kj\u00f8pe BMK olje<\/p>\n","protected":false},"featured_media":2238,"comment_status":"open","ping_status":"closed","template":"","meta":{"inline_featured_image":false},"product_brand":[],"product_cat":[344],"product_tag":[595,679,681,680],"class_list":{"0":"post-2208","1":"product","2":"type-product","3":"status-publish","4":"has-post-thumbnail","6":"product_cat-forsknings-kjemikalier","7":"product_tag-bmk-oil","8":"product_tag-bmk-oil-til-salgs","9":"product_tag-hvor-bestilles-bmk-oil","10":"product_tag-kjop-bmk-oil","12":"first","13":"instock","14":"shipping-taxable","15":"purchasable","16":"product-type-variable","17":"has-default-attributes"},"yoast_head":"<!-- This site is optimized with the Yoast SEO Premium plugin v20.6 (Yoast SEO v27.5) - https:\/\/yoast.com\/product\/yoast-seo-premium-wordpress\/ -->\n<title>Hvor kan du bestille BMK olje | Kj\u00f8p BMK olje | BMK olje til salgs<\/title>\n<meta name=\"description\" content=\"Vi leverer i stor og liten skala av BMK olje, Hvor kan du bestille BMK Oil, Vi h\u00e5ndterer kun seri\u00f8se kj\u00f8pere. kontakt oss for \u00e5 kj\u00f8pe BMK olje\" \/>\n<meta name=\"robots\" content=\"index, follow, max-snippet:-1, max-image-preview:large, max-video-preview:-1\" \/>\n<link rel=\"canonical\" href=\"https:\/\/gooddealersmeds.com\/no\/product\/benzyl-methyl-ketone-bmk-olje\/\" \/>\n<meta property=\"og:locale\" content=\"en_US\" \/>\n<meta property=\"og:type\" content=\"article\" \/>\n<meta property=\"og:title\" content=\"Benzyl Methyl Ketone (BMK) olje\" \/>\n<meta property=\"og:description\" content=\"Vi leverer i stor og liten skala av BMK olje, Hvor kan du bestille BMK Oil, Vi h\u00e5ndterer kun seri\u00f8se kj\u00f8pere. kontakt oss for \u00e5 kj\u00f8pe BMK olje\" \/>\n<meta property=\"og:url\" content=\"https:\/\/gooddealersmeds.com\/no\/product\/benzyl-methyl-ketone-bmk-olje\/\" \/>\n<meta property=\"og:site_name\" content=\"Good Dealers Meds\" \/>\n<meta property=\"article:modified_time\" content=\"2023-03-13T00:47:30+00:00\" \/>\n<meta property=\"og:image\" content=\"https:\/\/gooddealersmeds.com\/no\/wp-content\/uploads\/sites\/8\/2023\/01\/bmk-oil.jpg\" \/>\n\t<meta property=\"og:image:width\" content=\"600\" \/>\n\t<meta property=\"og:image:height\" content=\"600\" \/>\n\t<meta property=\"og:image:type\" content=\"image\/jpeg\" \/>\n<meta name=\"twitter:card\" content=\"summary_large_image\" \/>\n<meta name=\"twitter:label1\" content=\"Est. reading time\" \/>\n\t<meta name=\"twitter:data1\" content=\"1 minute\" \/>\n<script type=\"application\/ld+json\" class=\"yoast-schema-graph\">{\"@context\":\"https:\\\/\\\/schema.org\",\"@graph\":[{\"@type\":\"WebPage\",\"@id\":\"https:\\\/\\\/gooddealersmeds.com\\\/no\\\/product\\\/benzyl-methyl-ketone-bmk-olje\\\/\",\"url\":\"https:\\\/\\\/gooddealersmeds.com\\\/no\\\/product\\\/benzyl-methyl-ketone-bmk-olje\\\/\",\"name\":\"Hvor kan du bestille BMK olje | Kj\u00f8p BMK olje | BMK olje til salgs\",\"isPartOf\":{\"@id\":\"https:\\\/\\\/gooddealersmeds.com\\\/no\\\/#website\"},\"primaryImageOfPage\":{\"@id\":\"https:\\\/\\\/gooddealersmeds.com\\\/no\\\/product\\\/benzyl-methyl-ketone-bmk-olje\\\/#primaryimage\"},\"image\":{\"@id\":\"https:\\\/\\\/gooddealersmeds.com\\\/no\\\/product\\\/benzyl-methyl-ketone-bmk-olje\\\/#primaryimage\"},\"thumbnailUrl\":\"https:\\\/\\\/gooddealersmeds.com\\\/no\\\/wp-content\\\/uploads\\\/sites\\\/8\\\/2023\\\/01\\\/bmk-oil.jpg\",\"datePublished\":\"2023-01-08T19:08:06+00:00\",\"dateModified\":\"2023-03-13T00:47:30+00:00\",\"description\":\"Vi leverer i stor og liten skala av BMK olje, Hvor kan du bestille BMK Oil, Vi h\u00e5ndterer kun seri\u00f8se kj\u00f8pere. kontakt oss for \u00e5 kj\u00f8pe BMK olje\",\"breadcrumb\":{\"@id\":\"https:\\\/\\\/gooddealersmeds.com\\\/no\\\/product\\\/benzyl-methyl-ketone-bmk-olje\\\/#breadcrumb\"},\"inLanguage\":\"en-US\",\"potentialAction\":[{\"@type\":\"ReadAction\",\"target\":[\"https:\\\/\\\/gooddealersmeds.com\\\/no\\\/product\\\/benzyl-methyl-ketone-bmk-olje\\\/\"]}]},{\"@type\":\"ImageObject\",\"inLanguage\":\"en-US\",\"@id\":\"https:\\\/\\\/gooddealersmeds.com\\\/no\\\/product\\\/benzyl-methyl-ketone-bmk-olje\\\/#primaryimage\",\"url\":\"https:\\\/\\\/gooddealersmeds.com\\\/no\\\/wp-content\\\/uploads\\\/sites\\\/8\\\/2023\\\/01\\\/bmk-oil.jpg\",\"contentUrl\":\"https:\\\/\\\/gooddealersmeds.com\\\/no\\\/wp-content\\\/uploads\\\/sites\\\/8\\\/2023\\\/01\\\/bmk-oil.jpg\",\"width\":600,\"height\":600},{\"@type\":\"BreadcrumbList\",\"@id\":\"https:\\\/\\\/gooddealersmeds.com\\\/no\\\/product\\\/benzyl-methyl-ketone-bmk-olje\\\/#breadcrumb\",\"itemListElement\":[{\"@type\":\"ListItem\",\"position\":1,\"name\":\"Home\",\"item\":\"https:\\\/\\\/gooddealersmeds.com\\\/no\\\/\"},{\"@type\":\"ListItem\",\"position\":2,\"name\":\"Produkter\",\"item\":\"https:\\\/\\\/gooddealersmeds.com\\\/no\\\/produkter\\\/\"},{\"@type\":\"ListItem\",\"position\":3,\"name\":\"Benzyl Methyl Ketone (BMK) olje\"}]},{\"@type\":\"WebSite\",\"@id\":\"https:\\\/\\\/gooddealersmeds.com\\\/no\\\/#website\",\"url\":\"https:\\\/\\\/gooddealersmeds.com\\\/no\\\/\",\"name\":\"Good Dealers Meds\",\"description\":\"All our best\",\"publisher\":{\"@id\":\"https:\\\/\\\/gooddealersmeds.com\\\/no\\\/#organization\"},\"potentialAction\":[{\"@type\":\"SearchAction\",\"target\":{\"@type\":\"EntryPoint\",\"urlTemplate\":\"https:\\\/\\\/gooddealersmeds.com\\\/no\\\/?s={search_term_string}\"},\"query-input\":{\"@type\":\"PropertyValueSpecification\",\"valueRequired\":true,\"valueName\":\"search_term_string\"}}],\"inLanguage\":\"en-US\"},{\"@type\":\"Organization\",\"@id\":\"https:\\\/\\\/gooddealersmeds.com\\\/no\\\/#organization\",\"name\":\"Good Dealers Meds\",\"url\":\"https:\\\/\\\/gooddealersmeds.com\\\/no\\\/\",\"logo\":{\"@type\":\"ImageObject\",\"inLanguage\":\"en-US\",\"@id\":\"https:\\\/\\\/gooddealersmeds.com\\\/no\\\/#\\\/schema\\\/logo\\\/image\\\/\",\"url\":\"https:\\\/\\\/gooddealersmeds.com\\\/no\\\/wp-content\\\/uploads\\\/sites\\\/8\\\/2022\\\/03\\\/gooddealersmeds__logo__20220317T222800Z.00.png\",\"contentUrl\":\"https:\\\/\\\/gooddealersmeds.com\\\/no\\\/wp-content\\\/uploads\\\/sites\\\/8\\\/2022\\\/03\\\/gooddealersmeds__logo__20220317T222800Z.00.png\",\"width\":500,\"height\":325,\"caption\":\"Good Dealers Meds\"},\"image\":{\"@id\":\"https:\\\/\\\/gooddealersmeds.com\\\/no\\\/#\\\/schema\\\/logo\\\/image\\\/\"}}]}<\/script>\n<!-- \/ Yoast SEO Premium plugin. -->","yoast_head_json":{"title":"Hvor kan du bestille BMK olje | Kj\u00f8p BMK olje | BMK olje til salgs","description":"Vi leverer i stor og liten skala av BMK olje, Hvor kan du bestille BMK Oil, Vi h\u00e5ndterer kun seri\u00f8se kj\u00f8pere. kontakt oss for \u00e5 kj\u00f8pe BMK olje","robots":{"index":"index","follow":"follow","max-snippet":"max-snippet:-1","max-image-preview":"max-image-preview:large","max-video-preview":"max-video-preview:-1"},"canonical":"https:\/\/gooddealersmeds.com\/no\/product\/benzyl-methyl-ketone-bmk-olje\/","og_locale":"en_US","og_type":"article","og_title":"Benzyl Methyl Ketone (BMK) olje","og_description":"Vi leverer i stor og liten skala av BMK olje, Hvor kan du bestille BMK Oil, Vi h\u00e5ndterer kun seri\u00f8se kj\u00f8pere. kontakt oss for \u00e5 kj\u00f8pe BMK olje","og_url":"https:\/\/gooddealersmeds.com\/no\/product\/benzyl-methyl-ketone-bmk-olje\/","og_site_name":"Good Dealers Meds","article_modified_time":"2023-03-13T00:47:30+00:00","og_image":[{"width":600,"height":600,"url":"https:\/\/gooddealersmeds.com\/no\/wp-content\/uploads\/sites\/8\/2023\/01\/bmk-oil.jpg","type":"image\/jpeg"}],"twitter_card":"summary_large_image","twitter_misc":{"Est. reading time":"1 minute"},"schema":{"@context":"https:\/\/schema.org","@graph":[{"@type":"WebPage","@id":"https:\/\/gooddealersmeds.com\/no\/product\/benzyl-methyl-ketone-bmk-olje\/","url":"https:\/\/gooddealersmeds.com\/no\/product\/benzyl-methyl-ketone-bmk-olje\/","name":"Hvor kan du bestille BMK olje | Kj\u00f8p BMK olje | BMK olje til salgs","isPartOf":{"@id":"https:\/\/gooddealersmeds.com\/no\/#website"},"primaryImageOfPage":{"@id":"https:\/\/gooddealersmeds.com\/no\/product\/benzyl-methyl-ketone-bmk-olje\/#primaryimage"},"image":{"@id":"https:\/\/gooddealersmeds.com\/no\/product\/benzyl-methyl-ketone-bmk-olje\/#primaryimage"},"thumbnailUrl":"https:\/\/gooddealersmeds.com\/no\/wp-content\/uploads\/sites\/8\/2023\/01\/bmk-oil.jpg","datePublished":"2023-01-08T19:08:06+00:00","dateModified":"2023-03-13T00:47:30+00:00","description":"Vi leverer i stor og liten skala av BMK olje, Hvor kan du bestille BMK Oil, Vi h\u00e5ndterer kun seri\u00f8se kj\u00f8pere. kontakt oss for \u00e5 kj\u00f8pe BMK olje","breadcrumb":{"@id":"https:\/\/gooddealersmeds.com\/no\/product\/benzyl-methyl-ketone-bmk-olje\/#breadcrumb"},"inLanguage":"en-US","potentialAction":[{"@type":"ReadAction","target":["https:\/\/gooddealersmeds.com\/no\/product\/benzyl-methyl-ketone-bmk-olje\/"]}]},{"@type":"ImageObject","inLanguage":"en-US","@id":"https:\/\/gooddealersmeds.com\/no\/product\/benzyl-methyl-ketone-bmk-olje\/#primaryimage","url":"https:\/\/gooddealersmeds.com\/no\/wp-content\/uploads\/sites\/8\/2023\/01\/bmk-oil.jpg","contentUrl":"https:\/\/gooddealersmeds.com\/no\/wp-content\/uploads\/sites\/8\/2023\/01\/bmk-oil.jpg","width":600,"height":600},{"@type":"BreadcrumbList","@id":"https:\/\/gooddealersmeds.com\/no\/product\/benzyl-methyl-ketone-bmk-olje\/#breadcrumb","itemListElement":[{"@type":"ListItem","position":1,"name":"Home","item":"https:\/\/gooddealersmeds.com\/no\/"},{"@type":"ListItem","position":2,"name":"Produkter","item":"https:\/\/gooddealersmeds.com\/no\/produkter\/"},{"@type":"ListItem","position":3,"name":"Benzyl Methyl Ketone (BMK) olje"}]},{"@type":"WebSite","@id":"https:\/\/gooddealersmeds.com\/no\/#website","url":"https:\/\/gooddealersmeds.com\/no\/","name":"Good Dealers Meds","description":"All our best","publisher":{"@id":"https:\/\/gooddealersmeds.com\/no\/#organization"},"potentialAction":[{"@type":"SearchAction","target":{"@type":"EntryPoint","urlTemplate":"https:\/\/gooddealersmeds.com\/no\/?s={search_term_string}"},"query-input":{"@type":"PropertyValueSpecification","valueRequired":true,"valueName":"search_term_string"}}],"inLanguage":"en-US"},{"@type":"Organization","@id":"https:\/\/gooddealersmeds.com\/no\/#organization","name":"Good Dealers Meds","url":"https:\/\/gooddealersmeds.com\/no\/","logo":{"@type":"ImageObject","inLanguage":"en-US","@id":"https:\/\/gooddealersmeds.com\/no\/#\/schema\/logo\/image\/","url":"https:\/\/gooddealersmeds.com\/no\/wp-content\/uploads\/sites\/8\/2022\/03\/gooddealersmeds__logo__20220317T222800Z.00.png","contentUrl":"https:\/\/gooddealersmeds.com\/no\/wp-content\/uploads\/sites\/8\/2022\/03\/gooddealersmeds__logo__20220317T222800Z.00.png","width":500,"height":325,"caption":"Good Dealers Meds"},"image":{"@id":"https:\/\/gooddealersmeds.com\/no\/#\/schema\/logo\/image\/"}}]}},"_links":{"self":[{"href":"https:\/\/gooddealersmeds.com\/no\/wp-json\/wp\/v2\/product\/2208","targetHints":{"allow":["GET"]}}],"collection":[{"href":"https:\/\/gooddealersmeds.com\/no\/wp-json\/wp\/v2\/product"}],"about":[{"href":"https:\/\/gooddealersmeds.com\/no\/wp-json\/wp\/v2\/types\/product"}],"replies":[{"embeddable":true,"href":"https:\/\/gooddealersmeds.com\/no\/wp-json\/wp\/v2\/comments?post=2208"}],"wp:featuredmedia":[{"embeddable":true,"href":"https:\/\/gooddealersmeds.com\/no\/wp-json\/wp\/v2\/media\/2238"}],"wp:attachment":[{"href":"https:\/\/gooddealersmeds.com\/no\/wp-json\/wp\/v2\/media?parent=2208"}],"wp:term":[{"taxonomy":"product_brand","embeddable":true,"href":"https:\/\/gooddealersmeds.com\/no\/wp-json\/wp\/v2\/product_brand?post=2208"},{"taxonomy":"product_cat","embeddable":true,"href":"https:\/\/gooddealersmeds.com\/no\/wp-json\/wp\/v2\/product_cat?post=2208"},{"taxonomy":"product_tag","embeddable":true,"href":"https:\/\/gooddealersmeds.com\/no\/wp-json\/wp\/v2\/product_tag?post=2208"}],"curies":[{"name":"wp","href":"https:\/\/api.w.org\/{rel}","templated":true}]}}