{"id":2009,"date":"2022-07-03T14:50:24","date_gmt":"2022-07-03T14:50:24","guid":{"rendered":"https:\/\/gooddealersmeds.com\/no\/?post_type=product&#038;p=2009"},"modified":"2022-10-03T21:22:21","modified_gmt":"2022-10-03T21:22:21","slug":"buy-liquid-lsd-200ug-drop-online","status":"publish","type":"product","link":"https:\/\/gooddealersmeds.com\/no\/product\/buy-liquid-lsd-200ug-drop-online\/","title":{"rendered":"Kj\u00f8p flytende LSD 200ug Drop Online"},"content":{"rendered":"<h1><strong>Kj\u00f8p flytende LSD 200ug Drop Online. <\/strong><\/h1>\n<p>Leter du etter en m\u00e5te \u00e5 kj\u00f8pe Liquid LSD 200ug Drop online?<\/p>\n<p><a href=\"https:\/\/gooddealersmeds.com\/no\/product\/buy -liquid-lsd-200ug-drop-online\/\">Liquid LSD 200ug drop<\/a> er et medikament som kan brukes til rekreasjons- og terapeutiske form\u00e5l.<\/p>\n<p>Vel, det er to hovedm\u00e5ter: av legge dr\u00e5per rett under tungen eller blande den med alkohol eller vann og drikke den ned som en cocktail. Den sistnevnte metoden anses generelt som mer farlig fordi den krever mer forsiktighet og gir en sterkere effekt p\u00e5 kroppen raskere enn n\u00f8dvendig for omtrent alle andre stoffer &#8211; men hvis det ikke er noe som bekymrer deg for mye, s\u00e5 fortsett og bruk enten metode!<\/p>\n<p>Husk at selv en enkelt dr\u00e5pe flytende LSD kan v\u00e6re for sterk.<\/p>\n<p>Hvis du er ny p\u00e5 dette, b\u00f8r du ta en dr\u00e5pe. Den er fortsatt veldig sterk og vil ha en god effekt p\u00e5 kroppen din, men den vil ikke vare s\u00e5 lenge.<\/p>\n<h2><strong>Hvorfor bestille Liquid LSD 200ug Drop Online?<\/strong><\/h2>\n<p>Vi vet at det ikke er s\u00e5 enkelt \u00e5 kj\u00f8pe flytende LSD som \u00e5 treffe din lokale narkohandler. Det tar tid, kunnskap og penger \u2013 og hvis du er ute etter \u00e5 kj\u00f8pe p\u00e5 nettet, vil du sannsynligvis m\u00e5tte forholde deg til lyssky forhandlere som \u00f8nsker \u00e5 rive deg av.<\/p>\n<p>Uansett hvor du bor i denne verden , vil du kunne finne en p\u00e5litelig kilde for LSD og andre rusmidler uten problemer.<\/p>\n<h3><strong>Hvor kan jeg kj\u00f8pe Liquid LSD 200ug Drop Online?<\/strong><\/h3>\n<p> For \u00e5 h\u00f8ste fordelene av akkurat denne medisinen, trenger du litt flytende LSD 200ug Drop. Du kan kj\u00f8pe det online hos Good Dealers Meds.<\/p>\n<p>Vi har de beste tilbudene p\u00e5 internett, og prisene v\u00e5re er alltid konkurransedyktige. Vi har over 10 \u00e5rs erfaring i bransjen, s\u00e5 stol p\u00e5 oss n\u00e5r vi sier at du f\u00e5r en god avtale. S\u00e5 s\u00f8ket etter \u00e5 kj\u00f8pe Liquid LSD 200ug Drops online er over!<\/p>\n","protected":false},"excerpt":{"rendered":"<p>Kj\u00f8p flytende lsd 200ug &amp; drop Online Billig. \u00c5 kj\u00f8pe\u00a0<em>LSD<\/em>\u00a0er veldig enkelt, det er lett tilgjengelig p\u00e5 nettbutikken i USA.<\/p>\n<p><strong>1 ml = 20 dr\u00e5per = 20 blotters<\/strong><\/p>\n","protected":false},"featured_media":2010,"comment_status":"open","ping_status":"closed","template":"","meta":{"inline_featured_image":false},"product_brand":[],"product_cat":[345],"product_tag":[575,574,585,580,576,105,583,587,584,578,582,579,577,581,586,107],"class_list":{"0":"post-2009","1":"product","2":"type-product","3":"status-publish","4":"has-post-thumbnail","6":"product_cat-psykedeliske-stoffer","7":"product_tag-buy-liquid-lsd-200ug-drop","8":"product_tag-buy-liquid-lsd-200ug-drop-online-buy-liquid-lsd","9":"product_tag-buy-liquid-lsd-200ug-drop-pills-online-usa","10":"product_tag-buy-liquid-lsd-200ug-online","11":"product_tag-buy-liquid-lsd-online","12":"product_tag-canada","13":"product_tag-du-kan-fortsatt-f-liquid-lsd-200ug-drop","14":"product_tag-is-liquid-lsd-200ug-drop-legal-in-canada","15":"product_tag-is-liquid-lsd-200ug-drop-legal-in-usa","16":"product_tag-vske-lsd-200ug-drpe-til-salg","17":"product_tag-vske-lsd-200ug-drpe-til-salg-i-usa","18":"product_tag-flytende-lsd-til-salg","19":"product_tag-where-to-buy-liquid-lsd-200ug-drop","20":"product_tag-where-to-buy-liquid-lsd-200ug-drop-online","21":"product_tag-how-to-bestille-liquid-lsd-200ug-drop","22":"product_tag-kjpe","24":"first","25":"instock","26":"shipping-taxable","27":"purchasable","28":"product-type-variable","29":"has-default-attributes"},"yoast_head":"<!-- This site is optimized with the Yoast SEO Premium plugin v20.6 (Yoast SEO v27.5) - https:\/\/yoast.com\/product\/yoast-seo-premium-wordpress\/ -->\n<title>Kj\u00f8p flytende LSD Drop online (200ug) - Bestill LSD Drop | Good Dealers Meds<\/title>\n<meta name=\"description\" content=\"Kj\u00f8p flytende lsd 200ug &amp; slipp Online til Billig pris med h\u00f8yeste renhet. Den er lett tilgjengelig p\u00e5 nettbutikken til Europa.\" \/>\n<meta name=\"robots\" content=\"index, follow, max-snippet:-1, max-image-preview:large, max-video-preview:-1\" \/>\n<link rel=\"canonical\" href=\"https:\/\/gooddealersmeds.com\/no\/product\/buy-liquid-lsd-200ug-drop-online\/\" \/>\n<meta property=\"og:locale\" content=\"en_US\" \/>\n<meta property=\"og:type\" content=\"article\" \/>\n<meta property=\"og:title\" content=\"Kj\u00f8p flytende LSD 200ug Drop Online\" \/>\n<meta property=\"og:description\" content=\"Kj\u00f8p flytende lsd 200ug &amp; slipp Online til Billig pris med h\u00f8yeste renhet. Den er lett tilgjengelig p\u00e5 nettbutikken til Europa.\" \/>\n<meta property=\"og:url\" content=\"https:\/\/gooddealersmeds.com\/no\/product\/buy-liquid-lsd-200ug-drop-online\/\" \/>\n<meta property=\"og:site_name\" content=\"Good Dealers Meds\" \/>\n<meta property=\"article:modified_time\" content=\"2022-10-03T21:22:21+00:00\" \/>\n<meta property=\"og:image\" content=\"https:\/\/gooddealersmeds.com\/no\/wp-content\/uploads\/sites\/8\/2022\/07\/buy-liquid-lsd-200ug-drop-online-cheap-1.jpg\" \/>\n\t<meta property=\"og:image:width\" content=\"600\" \/>\n\t<meta property=\"og:image:height\" content=\"600\" \/>\n\t<meta property=\"og:image:type\" content=\"image\/jpeg\" \/>\n<meta name=\"twitter:card\" content=\"summary_large_image\" \/>\n<meta name=\"twitter:label1\" content=\"Est. reading time\" \/>\n\t<meta name=\"twitter:data1\" content=\"2 minutes\" \/>\n<script type=\"application\/ld+json\" class=\"yoast-schema-graph\">{\"@context\":\"https:\\\/\\\/schema.org\",\"@graph\":[{\"@type\":\"WebPage\",\"@id\":\"https:\\\/\\\/gooddealersmeds.com\\\/no\\\/product\\\/buy-liquid-lsd-200ug-drop-online\\\/\",\"url\":\"https:\\\/\\\/gooddealersmeds.com\\\/no\\\/product\\\/buy-liquid-lsd-200ug-drop-online\\\/\",\"name\":\"Kj\u00f8p flytende LSD Drop online (200ug) - Bestill LSD Drop | Good Dealers Meds\",\"isPartOf\":{\"@id\":\"https:\\\/\\\/gooddealersmeds.com\\\/no\\\/#website\"},\"primaryImageOfPage\":{\"@id\":\"https:\\\/\\\/gooddealersmeds.com\\\/no\\\/product\\\/buy-liquid-lsd-200ug-drop-online\\\/#primaryimage\"},\"image\":{\"@id\":\"https:\\\/\\\/gooddealersmeds.com\\\/no\\\/product\\\/buy-liquid-lsd-200ug-drop-online\\\/#primaryimage\"},\"thumbnailUrl\":\"https:\\\/\\\/gooddealersmeds.com\\\/no\\\/wp-content\\\/uploads\\\/sites\\\/8\\\/2022\\\/07\\\/buy-liquid-lsd-200ug-drop-online-cheap-1.jpg\",\"datePublished\":\"2022-07-03T14:50:24+00:00\",\"dateModified\":\"2022-10-03T21:22:21+00:00\",\"description\":\"Kj\u00f8p flytende lsd 200ug & slipp Online til Billig pris med h\u00f8yeste renhet. Den er lett tilgjengelig p\u00e5 nettbutikken til Europa.\",\"breadcrumb\":{\"@id\":\"https:\\\/\\\/gooddealersmeds.com\\\/no\\\/product\\\/buy-liquid-lsd-200ug-drop-online\\\/#breadcrumb\"},\"inLanguage\":\"en-US\",\"potentialAction\":[{\"@type\":\"ReadAction\",\"target\":[\"https:\\\/\\\/gooddealersmeds.com\\\/no\\\/product\\\/buy-liquid-lsd-200ug-drop-online\\\/\"]}]},{\"@type\":\"ImageObject\",\"inLanguage\":\"en-US\",\"@id\":\"https:\\\/\\\/gooddealersmeds.com\\\/no\\\/product\\\/buy-liquid-lsd-200ug-drop-online\\\/#primaryimage\",\"url\":\"https:\\\/\\\/gooddealersmeds.com\\\/no\\\/wp-content\\\/uploads\\\/sites\\\/8\\\/2022\\\/07\\\/buy-liquid-lsd-200ug-drop-online-cheap-1.jpg\",\"contentUrl\":\"https:\\\/\\\/gooddealersmeds.com\\\/no\\\/wp-content\\\/uploads\\\/sites\\\/8\\\/2022\\\/07\\\/buy-liquid-lsd-200ug-drop-online-cheap-1.jpg\",\"width\":600,\"height\":600,\"caption\":\"Buy liquid LSD Drop\"},{\"@type\":\"BreadcrumbList\",\"@id\":\"https:\\\/\\\/gooddealersmeds.com\\\/no\\\/product\\\/buy-liquid-lsd-200ug-drop-online\\\/#breadcrumb\",\"itemListElement\":[{\"@type\":\"ListItem\",\"position\":1,\"name\":\"Home\",\"item\":\"https:\\\/\\\/gooddealersmeds.com\\\/no\\\/\"},{\"@type\":\"ListItem\",\"position\":2,\"name\":\"Produkter\",\"item\":\"https:\\\/\\\/gooddealersmeds.com\\\/no\\\/produkter\\\/\"},{\"@type\":\"ListItem\",\"position\":3,\"name\":\"Kj\u00f8p flytende LSD 200ug Drop Online\"}]},{\"@type\":\"WebSite\",\"@id\":\"https:\\\/\\\/gooddealersmeds.com\\\/no\\\/#website\",\"url\":\"https:\\\/\\\/gooddealersmeds.com\\\/no\\\/\",\"name\":\"Good Dealers Meds\",\"description\":\"All our best\",\"publisher\":{\"@id\":\"https:\\\/\\\/gooddealersmeds.com\\\/no\\\/#organization\"},\"potentialAction\":[{\"@type\":\"SearchAction\",\"target\":{\"@type\":\"EntryPoint\",\"urlTemplate\":\"https:\\\/\\\/gooddealersmeds.com\\\/no\\\/?s={search_term_string}\"},\"query-input\":{\"@type\":\"PropertyValueSpecification\",\"valueRequired\":true,\"valueName\":\"search_term_string\"}}],\"inLanguage\":\"en-US\"},{\"@type\":\"Organization\",\"@id\":\"https:\\\/\\\/gooddealersmeds.com\\\/no\\\/#organization\",\"name\":\"Good Dealers Meds\",\"url\":\"https:\\\/\\\/gooddealersmeds.com\\\/no\\\/\",\"logo\":{\"@type\":\"ImageObject\",\"inLanguage\":\"en-US\",\"@id\":\"https:\\\/\\\/gooddealersmeds.com\\\/no\\\/#\\\/schema\\\/logo\\\/image\\\/\",\"url\":\"https:\\\/\\\/gooddealersmeds.com\\\/no\\\/wp-content\\\/uploads\\\/sites\\\/8\\\/2022\\\/03\\\/gooddealersmeds__logo__20220317T222800Z.00.png\",\"contentUrl\":\"https:\\\/\\\/gooddealersmeds.com\\\/no\\\/wp-content\\\/uploads\\\/sites\\\/8\\\/2022\\\/03\\\/gooddealersmeds__logo__20220317T222800Z.00.png\",\"width\":500,\"height\":325,\"caption\":\"Good Dealers Meds\"},\"image\":{\"@id\":\"https:\\\/\\\/gooddealersmeds.com\\\/no\\\/#\\\/schema\\\/logo\\\/image\\\/\"}}]}<\/script>\n<!-- \/ Yoast SEO Premium plugin. -->","yoast_head_json":{"title":"Kj\u00f8p flytende LSD Drop online (200ug) - Bestill LSD Drop | Good Dealers Meds","description":"Kj\u00f8p flytende lsd 200ug & slipp Online til Billig pris med h\u00f8yeste renhet. Den er lett tilgjengelig p\u00e5 nettbutikken til Europa.","robots":{"index":"index","follow":"follow","max-snippet":"max-snippet:-1","max-image-preview":"max-image-preview:large","max-video-preview":"max-video-preview:-1"},"canonical":"https:\/\/gooddealersmeds.com\/no\/product\/buy-liquid-lsd-200ug-drop-online\/","og_locale":"en_US","og_type":"article","og_title":"Kj\u00f8p flytende LSD 200ug Drop Online","og_description":"Kj\u00f8p flytende lsd 200ug & slipp Online til Billig pris med h\u00f8yeste renhet. Den er lett tilgjengelig p\u00e5 nettbutikken til Europa.","og_url":"https:\/\/gooddealersmeds.com\/no\/product\/buy-liquid-lsd-200ug-drop-online\/","og_site_name":"Good Dealers Meds","article_modified_time":"2022-10-03T21:22:21+00:00","og_image":[{"width":600,"height":600,"url":"https:\/\/gooddealersmeds.com\/no\/wp-content\/uploads\/sites\/8\/2022\/07\/buy-liquid-lsd-200ug-drop-online-cheap-1.jpg","type":"image\/jpeg"}],"twitter_card":"summary_large_image","twitter_misc":{"Est. reading time":"2 minutes"},"schema":{"@context":"https:\/\/schema.org","@graph":[{"@type":"WebPage","@id":"https:\/\/gooddealersmeds.com\/no\/product\/buy-liquid-lsd-200ug-drop-online\/","url":"https:\/\/gooddealersmeds.com\/no\/product\/buy-liquid-lsd-200ug-drop-online\/","name":"Kj\u00f8p flytende LSD Drop online (200ug) - Bestill LSD Drop | Good Dealers Meds","isPartOf":{"@id":"https:\/\/gooddealersmeds.com\/no\/#website"},"primaryImageOfPage":{"@id":"https:\/\/gooddealersmeds.com\/no\/product\/buy-liquid-lsd-200ug-drop-online\/#primaryimage"},"image":{"@id":"https:\/\/gooddealersmeds.com\/no\/product\/buy-liquid-lsd-200ug-drop-online\/#primaryimage"},"thumbnailUrl":"https:\/\/gooddealersmeds.com\/no\/wp-content\/uploads\/sites\/8\/2022\/07\/buy-liquid-lsd-200ug-drop-online-cheap-1.jpg","datePublished":"2022-07-03T14:50:24+00:00","dateModified":"2022-10-03T21:22:21+00:00","description":"Kj\u00f8p flytende lsd 200ug & slipp Online til Billig pris med h\u00f8yeste renhet. Den er lett tilgjengelig p\u00e5 nettbutikken til Europa.","breadcrumb":{"@id":"https:\/\/gooddealersmeds.com\/no\/product\/buy-liquid-lsd-200ug-drop-online\/#breadcrumb"},"inLanguage":"en-US","potentialAction":[{"@type":"ReadAction","target":["https:\/\/gooddealersmeds.com\/no\/product\/buy-liquid-lsd-200ug-drop-online\/"]}]},{"@type":"ImageObject","inLanguage":"en-US","@id":"https:\/\/gooddealersmeds.com\/no\/product\/buy-liquid-lsd-200ug-drop-online\/#primaryimage","url":"https:\/\/gooddealersmeds.com\/no\/wp-content\/uploads\/sites\/8\/2022\/07\/buy-liquid-lsd-200ug-drop-online-cheap-1.jpg","contentUrl":"https:\/\/gooddealersmeds.com\/no\/wp-content\/uploads\/sites\/8\/2022\/07\/buy-liquid-lsd-200ug-drop-online-cheap-1.jpg","width":600,"height":600,"caption":"Buy liquid LSD Drop"},{"@type":"BreadcrumbList","@id":"https:\/\/gooddealersmeds.com\/no\/product\/buy-liquid-lsd-200ug-drop-online\/#breadcrumb","itemListElement":[{"@type":"ListItem","position":1,"name":"Home","item":"https:\/\/gooddealersmeds.com\/no\/"},{"@type":"ListItem","position":2,"name":"Produkter","item":"https:\/\/gooddealersmeds.com\/no\/produkter\/"},{"@type":"ListItem","position":3,"name":"Kj\u00f8p flytende LSD 200ug Drop Online"}]},{"@type":"WebSite","@id":"https:\/\/gooddealersmeds.com\/no\/#website","url":"https:\/\/gooddealersmeds.com\/no\/","name":"Good Dealers Meds","description":"All our best","publisher":{"@id":"https:\/\/gooddealersmeds.com\/no\/#organization"},"potentialAction":[{"@type":"SearchAction","target":{"@type":"EntryPoint","urlTemplate":"https:\/\/gooddealersmeds.com\/no\/?s={search_term_string}"},"query-input":{"@type":"PropertyValueSpecification","valueRequired":true,"valueName":"search_term_string"}}],"inLanguage":"en-US"},{"@type":"Organization","@id":"https:\/\/gooddealersmeds.com\/no\/#organization","name":"Good Dealers Meds","url":"https:\/\/gooddealersmeds.com\/no\/","logo":{"@type":"ImageObject","inLanguage":"en-US","@id":"https:\/\/gooddealersmeds.com\/no\/#\/schema\/logo\/image\/","url":"https:\/\/gooddealersmeds.com\/no\/wp-content\/uploads\/sites\/8\/2022\/03\/gooddealersmeds__logo__20220317T222800Z.00.png","contentUrl":"https:\/\/gooddealersmeds.com\/no\/wp-content\/uploads\/sites\/8\/2022\/03\/gooddealersmeds__logo__20220317T222800Z.00.png","width":500,"height":325,"caption":"Good Dealers Meds"},"image":{"@id":"https:\/\/gooddealersmeds.com\/no\/#\/schema\/logo\/image\/"}}]}},"_links":{"self":[{"href":"https:\/\/gooddealersmeds.com\/no\/wp-json\/wp\/v2\/product\/2009","targetHints":{"allow":["GET"]}}],"collection":[{"href":"https:\/\/gooddealersmeds.com\/no\/wp-json\/wp\/v2\/product"}],"about":[{"href":"https:\/\/gooddealersmeds.com\/no\/wp-json\/wp\/v2\/types\/product"}],"replies":[{"embeddable":true,"href":"https:\/\/gooddealersmeds.com\/no\/wp-json\/wp\/v2\/comments?post=2009"}],"wp:featuredmedia":[{"embeddable":true,"href":"https:\/\/gooddealersmeds.com\/no\/wp-json\/wp\/v2\/media\/2010"}],"wp:attachment":[{"href":"https:\/\/gooddealersmeds.com\/no\/wp-json\/wp\/v2\/media?parent=2009"}],"wp:term":[{"taxonomy":"product_brand","embeddable":true,"href":"https:\/\/gooddealersmeds.com\/no\/wp-json\/wp\/v2\/product_brand?post=2009"},{"taxonomy":"product_cat","embeddable":true,"href":"https:\/\/gooddealersmeds.com\/no\/wp-json\/wp\/v2\/product_cat?post=2009"},{"taxonomy":"product_tag","embeddable":true,"href":"https:\/\/gooddealersmeds.com\/no\/wp-json\/wp\/v2\/product_tag?post=2009"}],"curies":[{"name":"wp","href":"https:\/\/api.w.org\/{rel}","templated":true}]}}