{"id":2002,"date":"2022-08-01T19:12:36","date_gmt":"2022-08-01T19:12:36","guid":{"rendered":"https:\/\/gooddealersmeds.com\/no\/?post_type=product&#038;p=2002"},"modified":"2022-10-03T21:22:14","modified_gmt":"2022-10-03T21:22:14","slug":"kjop-kvalitet-fencyklidin-pcp-vaeske","status":"publish","type":"product","link":"https:\/\/gooddealersmeds.com\/no\/product\/kjop-kvalitet-fencyklidin-pcp-vaeske\/","title":{"rendered":"Kj\u00f8p Quality Phencyclidine (PCP) v\u00e6ske"},"content":{"rendered":"<h1><strong>Fencyklidinv\u00e6ske (PCP)<\/strong><\/h1>\n<p>Fencyklidinv\u00e6ske (PCP) er et psykedelisk stoff som brukes for sin evne til \u00e5 endre virkeligheten. Det er et rekreasjonsmiddel; det kan ogs\u00e5 injiseres siden det er i flytende tilstand Kj\u00f8p fencyklidin v\u00e6ske p\u00e5 nett. Det kan ogs\u00e5 blandes med tobakk eller marihuana avhengig av individuelle preferanser, <a href=\"https:\/\/gooddealersmeds.com\/no\/product\/buy-quality-phencyclidine-pcp-liquid\/\">hvor man kan bestille Phencyclidine Liquid<\/a> a&gt;. Fencyklidin er medlem av arylcykloheksylamin-klassen av legemidler og er et dissosiativt bed\u00f8velsesmiddel. Det bidrar til \u00e5 redusere smerte betydelig avhengig av dosen som tas; det kan ogs\u00e5 virke som et bed\u00f8velsesmiddel, stimulerende eller depressivt middel. Bivirkninger som uklart syn, oppkast og svimmelhet kan v\u00e6re forbundet med \u00e5 ta betydelig h\u00f8ye doser. Ved moderat bruk f\u00e5r du deg til \u00e5 f\u00f8le deg l\u00f8srevet fra virkeligheten og gir en f\u00f8lelse av eufori. Det har v\u00e6rt kjent for \u00e5 etterligne nesten som om du har overmenneskelig styrke og du ikke er redd for noe.<\/p>\n<h2><strong>Fencyklidinbruk\u00a0<\/strong><\/h2>\n<p>Fencyklidinv\u00e6ske (PCP) har en rask reaksjonstid ved injeksjon direkte inn i kroppen. Det slites vanligvis ut etter 6-24 timer avhengig av doseringen som brukes. Faren for betydelige bivirkninger og overdose \u00f8ker n\u00e5r PCP kombineres med andre legemidler, inkludert reseptbelagte, <a href=\"https:\/\/gooddealersmeds.com\/no\/product\/buy-quality-phencyclidine-pcp-liquid\/\">PCP for salg over-the-counter (OTC)<\/a>, og andre rekreasjonsopioider. Dette gjelder spesielt n\u00e5r du kombinerer medisiner som demper sentralnervesystemet. Det kan redusere pusten din betydelig, og det kan f\u00f8re til en \u00f8kning i blodtrykket.<\/p>\n<h3><strong>PCP-dose<\/strong><\/h3>\n<p>Fencyklidinv\u00e6ske (PCP) b\u00f8r ikke brukes ofte fordi hyppig og langvarig bruk kan ha ubehagelige effekter. Den b\u00f8r ikke brukes alene fordi brukeren kan oppleve hallusinasjoner som kan f\u00f8re til merkelig oppf\u00f8rsel og forvirring; \u00e5 ha en f\u00f8lgesvenn eller et selskap ville v\u00e6re utmerket og fordelaktig i tilfelle problemer. Hold deg alltid hydrert n\u00e5r du bruker PCP for \u00e5 unng\u00e5 dehydrering og forh\u00f8yet kroppstemperatur. Det er alltid en god id\u00e9 \u00e5 unng\u00e5 \u00e5 blande PCP med alkohol. Det er en risiko for \u00e5 bli avhengig av dette stoffet, spesielt n\u00e5r du bruker det konstant, det b\u00f8r tas i moderate doser, og du kan kontakte legene v\u00e5re for \u00e5 f\u00e5 riktig oppl\u00e6ring om bruk.<\/p>\n","protected":false},"excerpt":{"rendered":"<p>Fencyklidinv\u00e6ske (PCP) Fencyklidinv\u00e6ske (PCP) er et psykedelisk stoff som brukes for sin evne til \u00e5 endre virkeligheten. Det er et rekreasjonsmiddel; det kan ogs\u00e5 injiseres siden det er i flytende tilstand Kj\u00f8p fencyklidin v\u00e6ske p\u00e5 nett. Det kan ogs\u00e5 blandes med tobakk eller marihuana avhengig av individuelle preferanser, hvor man kan bestille Phencyclidine Liquid a&gt;&#8230;.<\/p>\n","protected":false},"featured_media":2003,"comment_status":"open","ping_status":"closed","template":"","meta":{"inline_featured_image":false},"product_brand":[],"product_cat":[345],"product_tag":[],"class_list":{"0":"post-2002","1":"product","2":"type-product","3":"status-publish","4":"has-post-thumbnail","6":"product_cat-psykedeliske-stoffer","8":"first","9":"instock","10":"shipping-taxable","11":"product-type-simple"},"yoast_head":"<!-- This site is optimized with the Yoast SEO Premium plugin v20.6 (Yoast SEO v27.3) - https:\/\/yoast.com\/product\/yoast-seo-premium-wordpress\/ -->\n<title>Kj\u00f8p phencyclidine v\u00e6ske p\u00e5 nett - Bestill PCP Liquid | Good Dealers Meds<\/title>\n<meta name=\"description\" content=\"Kj\u00f8p phencyclidine v\u00e6ske p\u00e5 nettet (ogs\u00e5 kjent som englest\u00f8v) til en overkommelig pris fra p\u00e5litelige leverand\u00f8rer med h\u00f8yeste renhet.\" \/>\n<meta name=\"robots\" content=\"index, follow, max-snippet:-1, max-image-preview:large, max-video-preview:-1\" \/>\n<link rel=\"canonical\" href=\"https:\/\/gooddealersmeds.com\/no\/product\/kjop-kvalitet-fencyklidin-pcp-vaeske\/\" \/>\n<meta property=\"og:locale\" content=\"en_US\" \/>\n<meta property=\"og:type\" content=\"article\" \/>\n<meta property=\"og:title\" content=\"Kj\u00f8p Quality Phencyclidine (PCP) v\u00e6ske\" \/>\n<meta property=\"og:description\" content=\"Kj\u00f8p phencyclidine v\u00e6ske p\u00e5 nettet (ogs\u00e5 kjent som englest\u00f8v) til en overkommelig pris fra p\u00e5litelige leverand\u00f8rer med h\u00f8yeste renhet.\" \/>\n<meta property=\"og:url\" content=\"https:\/\/gooddealersmeds.com\/no\/product\/kjop-kvalitet-fencyklidin-pcp-vaeske\/\" \/>\n<meta property=\"og:site_name\" content=\"Good Dealers Meds\" \/>\n<meta property=\"article:modified_time\" content=\"2022-10-03T21:22:14+00:00\" \/>\n<meta property=\"og:image\" content=\"https:\/\/gooddealersmeds.com\/no\/wp-content\/uploads\/sites\/8\/2022\/07\/pcp-angel-dust-solution.jpg\" \/>\n\t<meta property=\"og:image:width\" content=\"718\" \/>\n\t<meta property=\"og:image:height\" content=\"539\" \/>\n\t<meta property=\"og:image:type\" content=\"image\/jpeg\" \/>\n<meta name=\"twitter:card\" content=\"summary_large_image\" \/>\n<meta name=\"twitter:label1\" content=\"Est. reading time\" \/>\n\t<meta name=\"twitter:data1\" content=\"2 minutes\" \/>\n<script type=\"application\/ld+json\" class=\"yoast-schema-graph\">{\"@context\":\"https:\\\/\\\/schema.org\",\"@graph\":[{\"@type\":\"WebPage\",\"@id\":\"https:\\\/\\\/gooddealersmeds.com\\\/no\\\/product\\\/kjop-kvalitet-fencyklidin-pcp-vaeske\\\/\",\"url\":\"https:\\\/\\\/gooddealersmeds.com\\\/no\\\/product\\\/kjop-kvalitet-fencyklidin-pcp-vaeske\\\/\",\"name\":\"Kj\u00f8p phencyclidine v\u00e6ske p\u00e5 nett - Bestill PCP Liquid | Good Dealers Meds\",\"isPartOf\":{\"@id\":\"https:\\\/\\\/gooddealersmeds.com\\\/no\\\/#website\"},\"primaryImageOfPage\":{\"@id\":\"https:\\\/\\\/gooddealersmeds.com\\\/no\\\/product\\\/kjop-kvalitet-fencyklidin-pcp-vaeske\\\/#primaryimage\"},\"image\":{\"@id\":\"https:\\\/\\\/gooddealersmeds.com\\\/no\\\/product\\\/kjop-kvalitet-fencyklidin-pcp-vaeske\\\/#primaryimage\"},\"thumbnailUrl\":\"https:\\\/\\\/gooddealersmeds.com\\\/no\\\/wp-content\\\/uploads\\\/sites\\\/8\\\/2022\\\/07\\\/pcp-angel-dust-solution.jpg\",\"datePublished\":\"2022-08-01T19:12:36+00:00\",\"dateModified\":\"2022-10-03T21:22:14+00:00\",\"description\":\"Kj\u00f8p phencyclidine v\u00e6ske p\u00e5 nettet (ogs\u00e5 kjent som englest\u00f8v) til en overkommelig pris fra p\u00e5litelige leverand\u00f8rer med h\u00f8yeste renhet.\",\"breadcrumb\":{\"@id\":\"https:\\\/\\\/gooddealersmeds.com\\\/no\\\/product\\\/kjop-kvalitet-fencyklidin-pcp-vaeske\\\/#breadcrumb\"},\"inLanguage\":\"en-US\",\"potentialAction\":[{\"@type\":\"ReadAction\",\"target\":[\"https:\\\/\\\/gooddealersmeds.com\\\/no\\\/product\\\/kjop-kvalitet-fencyklidin-pcp-vaeske\\\/\"]}]},{\"@type\":\"ImageObject\",\"inLanguage\":\"en-US\",\"@id\":\"https:\\\/\\\/gooddealersmeds.com\\\/no\\\/product\\\/kjop-kvalitet-fencyklidin-pcp-vaeske\\\/#primaryimage\",\"url\":\"https:\\\/\\\/gooddealersmeds.com\\\/no\\\/wp-content\\\/uploads\\\/sites\\\/8\\\/2022\\\/07\\\/pcp-angel-dust-solution.jpg\",\"contentUrl\":\"https:\\\/\\\/gooddealersmeds.com\\\/no\\\/wp-content\\\/uploads\\\/sites\\\/8\\\/2022\\\/07\\\/pcp-angel-dust-solution.jpg\",\"width\":718,\"height\":539,\"caption\":\"buy pcp powder\"},{\"@type\":\"BreadcrumbList\",\"@id\":\"https:\\\/\\\/gooddealersmeds.com\\\/no\\\/product\\\/kjop-kvalitet-fencyklidin-pcp-vaeske\\\/#breadcrumb\",\"itemListElement\":[{\"@type\":\"ListItem\",\"position\":1,\"name\":\"Home\",\"item\":\"https:\\\/\\\/gooddealersmeds.com\\\/no\\\/\"},{\"@type\":\"ListItem\",\"position\":2,\"name\":\"Produkter\",\"item\":\"https:\\\/\\\/gooddealersmeds.com\\\/no\\\/produkter\\\/\"},{\"@type\":\"ListItem\",\"position\":3,\"name\":\"Kj\u00f8p Quality Phencyclidine (PCP) v\u00e6ske\"}]},{\"@type\":\"WebSite\",\"@id\":\"https:\\\/\\\/gooddealersmeds.com\\\/no\\\/#website\",\"url\":\"https:\\\/\\\/gooddealersmeds.com\\\/no\\\/\",\"name\":\"Good Dealers Meds\",\"description\":\"All our best\",\"publisher\":{\"@id\":\"https:\\\/\\\/gooddealersmeds.com\\\/no\\\/#organization\"},\"potentialAction\":[{\"@type\":\"SearchAction\",\"target\":{\"@type\":\"EntryPoint\",\"urlTemplate\":\"https:\\\/\\\/gooddealersmeds.com\\\/no\\\/?s={search_term_string}\"},\"query-input\":{\"@type\":\"PropertyValueSpecification\",\"valueRequired\":true,\"valueName\":\"search_term_string\"}}],\"inLanguage\":\"en-US\"},{\"@type\":\"Organization\",\"@id\":\"https:\\\/\\\/gooddealersmeds.com\\\/no\\\/#organization\",\"name\":\"Good Dealers Meds\",\"url\":\"https:\\\/\\\/gooddealersmeds.com\\\/no\\\/\",\"logo\":{\"@type\":\"ImageObject\",\"inLanguage\":\"en-US\",\"@id\":\"https:\\\/\\\/gooddealersmeds.com\\\/no\\\/#\\\/schema\\\/logo\\\/image\\\/\",\"url\":\"https:\\\/\\\/gooddealersmeds.com\\\/no\\\/wp-content\\\/uploads\\\/sites\\\/8\\\/2022\\\/03\\\/gooddealersmeds__logo__20220317T222800Z.00.png\",\"contentUrl\":\"https:\\\/\\\/gooddealersmeds.com\\\/no\\\/wp-content\\\/uploads\\\/sites\\\/8\\\/2022\\\/03\\\/gooddealersmeds__logo__20220317T222800Z.00.png\",\"width\":500,\"height\":325,\"caption\":\"Good Dealers Meds\"},\"image\":{\"@id\":\"https:\\\/\\\/gooddealersmeds.com\\\/no\\\/#\\\/schema\\\/logo\\\/image\\\/\"}}]}<\/script>\n<!-- \/ Yoast SEO Premium plugin. -->","yoast_head_json":{"title":"Kj\u00f8p phencyclidine v\u00e6ske p\u00e5 nett - Bestill PCP Liquid | Good Dealers Meds","description":"Kj\u00f8p phencyclidine v\u00e6ske p\u00e5 nettet (ogs\u00e5 kjent som englest\u00f8v) til en overkommelig pris fra p\u00e5litelige leverand\u00f8rer med h\u00f8yeste renhet.","robots":{"index":"index","follow":"follow","max-snippet":"max-snippet:-1","max-image-preview":"max-image-preview:large","max-video-preview":"max-video-preview:-1"},"canonical":"https:\/\/gooddealersmeds.com\/no\/product\/kjop-kvalitet-fencyklidin-pcp-vaeske\/","og_locale":"en_US","og_type":"article","og_title":"Kj\u00f8p Quality Phencyclidine (PCP) v\u00e6ske","og_description":"Kj\u00f8p phencyclidine v\u00e6ske p\u00e5 nettet (ogs\u00e5 kjent som englest\u00f8v) til en overkommelig pris fra p\u00e5litelige leverand\u00f8rer med h\u00f8yeste renhet.","og_url":"https:\/\/gooddealersmeds.com\/no\/product\/kjop-kvalitet-fencyklidin-pcp-vaeske\/","og_site_name":"Good Dealers Meds","article_modified_time":"2022-10-03T21:22:14+00:00","og_image":[{"width":718,"height":539,"url":"https:\/\/gooddealersmeds.com\/no\/wp-content\/uploads\/sites\/8\/2022\/07\/pcp-angel-dust-solution.jpg","type":"image\/jpeg"}],"twitter_card":"summary_large_image","twitter_misc":{"Est. reading time":"2 minutes"},"schema":{"@context":"https:\/\/schema.org","@graph":[{"@type":"WebPage","@id":"https:\/\/gooddealersmeds.com\/no\/product\/kjop-kvalitet-fencyklidin-pcp-vaeske\/","url":"https:\/\/gooddealersmeds.com\/no\/product\/kjop-kvalitet-fencyklidin-pcp-vaeske\/","name":"Kj\u00f8p phencyclidine v\u00e6ske p\u00e5 nett - Bestill PCP Liquid | Good Dealers Meds","isPartOf":{"@id":"https:\/\/gooddealersmeds.com\/no\/#website"},"primaryImageOfPage":{"@id":"https:\/\/gooddealersmeds.com\/no\/product\/kjop-kvalitet-fencyklidin-pcp-vaeske\/#primaryimage"},"image":{"@id":"https:\/\/gooddealersmeds.com\/no\/product\/kjop-kvalitet-fencyklidin-pcp-vaeske\/#primaryimage"},"thumbnailUrl":"https:\/\/gooddealersmeds.com\/no\/wp-content\/uploads\/sites\/8\/2022\/07\/pcp-angel-dust-solution.jpg","datePublished":"2022-08-01T19:12:36+00:00","dateModified":"2022-10-03T21:22:14+00:00","description":"Kj\u00f8p phencyclidine v\u00e6ske p\u00e5 nettet (ogs\u00e5 kjent som englest\u00f8v) til en overkommelig pris fra p\u00e5litelige leverand\u00f8rer med h\u00f8yeste renhet.","breadcrumb":{"@id":"https:\/\/gooddealersmeds.com\/no\/product\/kjop-kvalitet-fencyklidin-pcp-vaeske\/#breadcrumb"},"inLanguage":"en-US","potentialAction":[{"@type":"ReadAction","target":["https:\/\/gooddealersmeds.com\/no\/product\/kjop-kvalitet-fencyklidin-pcp-vaeske\/"]}]},{"@type":"ImageObject","inLanguage":"en-US","@id":"https:\/\/gooddealersmeds.com\/no\/product\/kjop-kvalitet-fencyklidin-pcp-vaeske\/#primaryimage","url":"https:\/\/gooddealersmeds.com\/no\/wp-content\/uploads\/sites\/8\/2022\/07\/pcp-angel-dust-solution.jpg","contentUrl":"https:\/\/gooddealersmeds.com\/no\/wp-content\/uploads\/sites\/8\/2022\/07\/pcp-angel-dust-solution.jpg","width":718,"height":539,"caption":"buy pcp powder"},{"@type":"BreadcrumbList","@id":"https:\/\/gooddealersmeds.com\/no\/product\/kjop-kvalitet-fencyklidin-pcp-vaeske\/#breadcrumb","itemListElement":[{"@type":"ListItem","position":1,"name":"Home","item":"https:\/\/gooddealersmeds.com\/no\/"},{"@type":"ListItem","position":2,"name":"Produkter","item":"https:\/\/gooddealersmeds.com\/no\/produkter\/"},{"@type":"ListItem","position":3,"name":"Kj\u00f8p Quality Phencyclidine (PCP) v\u00e6ske"}]},{"@type":"WebSite","@id":"https:\/\/gooddealersmeds.com\/no\/#website","url":"https:\/\/gooddealersmeds.com\/no\/","name":"Good Dealers Meds","description":"All our best","publisher":{"@id":"https:\/\/gooddealersmeds.com\/no\/#organization"},"potentialAction":[{"@type":"SearchAction","target":{"@type":"EntryPoint","urlTemplate":"https:\/\/gooddealersmeds.com\/no\/?s={search_term_string}"},"query-input":{"@type":"PropertyValueSpecification","valueRequired":true,"valueName":"search_term_string"}}],"inLanguage":"en-US"},{"@type":"Organization","@id":"https:\/\/gooddealersmeds.com\/no\/#organization","name":"Good Dealers Meds","url":"https:\/\/gooddealersmeds.com\/no\/","logo":{"@type":"ImageObject","inLanguage":"en-US","@id":"https:\/\/gooddealersmeds.com\/no\/#\/schema\/logo\/image\/","url":"https:\/\/gooddealersmeds.com\/no\/wp-content\/uploads\/sites\/8\/2022\/03\/gooddealersmeds__logo__20220317T222800Z.00.png","contentUrl":"https:\/\/gooddealersmeds.com\/no\/wp-content\/uploads\/sites\/8\/2022\/03\/gooddealersmeds__logo__20220317T222800Z.00.png","width":500,"height":325,"caption":"Good Dealers Meds"},"image":{"@id":"https:\/\/gooddealersmeds.com\/no\/#\/schema\/logo\/image\/"}}]}},"_links":{"self":[{"href":"https:\/\/gooddealersmeds.com\/no\/wp-json\/wp\/v2\/product\/2002","targetHints":{"allow":["GET"]}}],"collection":[{"href":"https:\/\/gooddealersmeds.com\/no\/wp-json\/wp\/v2\/product"}],"about":[{"href":"https:\/\/gooddealersmeds.com\/no\/wp-json\/wp\/v2\/types\/product"}],"replies":[{"embeddable":true,"href":"https:\/\/gooddealersmeds.com\/no\/wp-json\/wp\/v2\/comments?post=2002"}],"wp:featuredmedia":[{"embeddable":true,"href":"https:\/\/gooddealersmeds.com\/no\/wp-json\/wp\/v2\/media\/2003"}],"wp:attachment":[{"href":"https:\/\/gooddealersmeds.com\/no\/wp-json\/wp\/v2\/media?parent=2002"}],"wp:term":[{"taxonomy":"product_brand","embeddable":true,"href":"https:\/\/gooddealersmeds.com\/no\/wp-json\/wp\/v2\/product_brand?post=2002"},{"taxonomy":"product_cat","embeddable":true,"href":"https:\/\/gooddealersmeds.com\/no\/wp-json\/wp\/v2\/product_cat?post=2002"},{"taxonomy":"product_tag","embeddable":true,"href":"https:\/\/gooddealersmeds.com\/no\/wp-json\/wp\/v2\/product_tag?post=2002"}],"curies":[{"name":"wp","href":"https:\/\/api.w.org\/{rel}","templated":true}]}}