{"id":2001,"date":"2022-07-03T14:45:15","date_gmt":"2022-07-03T14:45:15","guid":{"rendered":"https:\/\/gooddealersmeds.com\/no\/?post_type=product&#038;p=2001"},"modified":"2022-10-03T21:22:32","modified_gmt":"2022-10-03T21:22:32","slug":"kjop-ketamin-pulver-pa-nettet","status":"publish","type":"product","link":"https:\/\/gooddealersmeds.com\/no\/product\/kjop-ketamin-pulver-pa-nettet\/","title":{"rendered":"Kj\u00f8p ketaminpulver p\u00e5 nett"},"content":{"rendered":"<h1><strong>Ketaminpulver<\/strong><\/h1>\n<p>Ketamin er et dissosiativt bed\u00f8velsesmiddel. Det brukes av leger for \u00e5 starte generell anestesi &#8211; Kj\u00f8p ketaminpulver p\u00e5 nett. Det kan brukes til \u00e5 behandle depresjon hos pasienter som ikke responderer godt p\u00e5 andre former for behandlinger. Det kan brukes til \u00e5 behandle angstproblemer. Alkohol og ketamin er sentralnervesystemets depressiva, og som s\u00e5dan er ketamin kombinert med alkohol ikke tilr\u00e5delig fordi det kan ha d\u00f8delige effekter. Det er et popul\u00e6rt rekreasjonsmiddel som kan gi en f\u00f8lelse av eufori n\u00e5r det tas. Det kan ogs\u00e5 brukes til \u00e5 lindre smerte, spesielt n\u00e5r andre medisiner ikke ser ut til \u00e5 f\u00e5 jobben gjort. Ketamin fungerer ikke som andre bed\u00f8velsesmidler som blokkerer smertesignaler, det virker p\u00e5 en slik m\u00e5te at det kobler hjernen fra kroppen. Det hindrer hjernens evne til \u00e5 behandle smertesignaler. Ketamin er kjent for \u00e5 \u00f8ke nevral aktivitet, og noen studier har vist at det kan. <a href=\"https:\/\/gooddealersmeds.com\/no\/product\/buy-ketamine-powder-online\/\">Hvordan kan jeg bestille ketamin<\/a><\/p>\n<p>&nbsp;<\/p>\n<p>brukes til \u00e5 behandle noen psykiske sykdommer. Den kan brukes til \u00e5 lindre smerter som f\u00f8lge av brannskader. Den kan brukes til \u00e5 behandle skader p\u00e5 slagmarken. Det har ogs\u00e5 blitt brukt til smertebehandling hos barn som ikke kan bruke andre anestesimidler p\u00e5 grunn av bivirkninger eller allergier. Effekten merkes vanligvis noen minutter etter at den er tatt. Reaksjonstiden avhenger av bruksm\u00e5ten &#8211; Ketaminpulver til salgs. N\u00e5r den tas, varierer tiden det tar f\u00f8r den begynner \u00e5 virke fra noen f\u00e5 sekunder til 30 minutter. Brukere av ketamin har blitt rapportert \u00e5 oppleve en h\u00f8y som kan f\u00e5 dem til \u00e5 f\u00f8le seg glade og veltilpas. I tillegg kan de f\u00f8le seg l\u00f8srevet fra kroppen p\u00e5 grunn av det faktum at det er en dissosiativ bed\u00f8velse. Medisinen p\u00e5virker glutaminreseptorer, og reparerer og reaktiverer synapser, og forbedrer dermed hjernens tilpasningsevne som kan bidra til \u00e5 overvinne depresjon.<\/p>\n<p>&nbsp;<\/p>\n<p>Ketamin har blitt rapportert \u00e5 gj\u00f8re antidepressiva eller psykoterapi effektiv selv om de ikke var s\u00e5 effektive i begynnelsen. Det kan ogs\u00e5 forklare hvorfor ketamin kan gj\u00f8re antidepressiva eller psykoterapi effektive etter at de ikke var det f\u00f8r. Noen brukere hevder at det gir en fin f\u00f8lelse og f\u00e5r dem til \u00e5 f\u00f8le seg i ett med kosmos. \u00c5 ta det i selskap med venner i en rolig &#8211; bestill ketaminpulver her, avslappede omgivelser kan v\u00e6re \u00e5ndelig og beroligende; \u00e5 ta det i en klubb kan v\u00e6re spennende med \u00f8kt energi og en god high.<\/p>\n<p>&nbsp;<\/p>\n<p>Ketamin kan ogs\u00e5 ha andre ugunstige bivirkninger, som angst, svimmelhet eller tap av balansere. Det er ogs\u00e5 et veldig avhengighetsskapende stoff, det er luktfritt og fargel\u00f8st og kan brukes til \u00e5 skade hvis forsiktighet ikke tas riktig. Ketamin til salgs R\u00e5df\u00f8r deg med legene v\u00e5re for riktig r\u00e5d.<\/p>\n","protected":false},"excerpt":{"rendered":"<p>Kj\u00f8p ketaminpulver p\u00e5 nett. Kj\u00f8p ketamin HCL pulver til salgs p\u00e5 nettet &#8211; ketamin pulver til salgs online &#8211; Bestill ketamin pulver<\/p>\n","protected":false},"featured_media":2008,"comment_status":"open","ping_status":"closed","template":"","meta":{"inline_featured_image":false},"product_brand":[],"product_cat":[345],"product_tag":[563,562,561,571,203,105,569,573,570,564,567,572,565,566,568,107,108,110,109,106,104],"class_list":{"0":"post-2001","1":"product","2":"type-product","3":"status-publish","4":"has-post-thumbnail","6":"product_cat-psykedeliske-stoffer","7":"product_tag-buy-ketamine-online","8":"product_tag-buy-ketamine-powder","9":"product_tag-buy-ketamine-powder-online-buy-powder","10":"product_tag-buy-ketamine-powder-online-usa","11":"product_tag-buy-powder-online","12":"product_tag-canada","13":"product_tag-du-kan-fortsatt-f-ketamin-pulver","14":"product_tag-er-ketamin-pulver-lovlig-i-canada","15":"product_tag-er-ketamin-pulver-lovlig-i-usa","16":"product_tag-hvor-kan-kjpes-ketamin-pulver","17":"product_tag-hvor-kan-kjpes-ketamin-pulver-p-nettet","18":"product_tag-hvordan-bestille-ketamin-pulver","19":"product_tag-ketamin-pulver-til-salg","20":"product_tag-ketamin-til-salg","21":"product_tag-ketamin-pulver-til-salg-i-usa","22":"product_tag-kjpe","23":"product_tag-p-nett","24":"product_tag-sikker-levering","25":"product_tag-suppliers","26":"product_tag-uk","27":"product_tag-usa","29":"first","30":"instock","31":"shipping-taxable","32":"purchasable","33":"product-type-variable","34":"has-default-attributes"},"yoast_head":"<!-- This site is optimized with the Yoast SEO Premium plugin v20.6 (Yoast SEO v27.3) - https:\/\/yoast.com\/product\/yoast-seo-premium-wordpress\/ -->\n<title>Kj\u00f8p ketaminpulver p\u00e5 nett - Kj\u00f8p ketamin | Good Dealers Meds<\/title>\n<meta name=\"description\" content=\"Kj\u00f8p ketaminpulver p\u00e5 nett. Ketamin HCL til salgs \u2013 Bestill ketamin til en overkommelig pris med garantert tilfredshet og rask levering.\" \/>\n<meta name=\"robots\" content=\"index, follow, max-snippet:-1, max-image-preview:large, max-video-preview:-1\" \/>\n<link rel=\"canonical\" href=\"https:\/\/gooddealersmeds.com\/no\/product\/kjop-ketamin-pulver-pa-nettet\/\" \/>\n<meta property=\"og:locale\" content=\"en_US\" \/>\n<meta property=\"og:type\" content=\"article\" \/>\n<meta property=\"og:title\" content=\"Kj\u00f8p ketaminpulver p\u00e5 nett\" \/>\n<meta property=\"og:description\" content=\"Kj\u00f8p ketaminpulver p\u00e5 nett. Ketamin HCL til salgs \u2013 Bestill ketamin til en overkommelig pris med garantert tilfredshet og rask levering.\" \/>\n<meta property=\"og:url\" content=\"https:\/\/gooddealersmeds.com\/no\/product\/kjop-ketamin-pulver-pa-nettet\/\" \/>\n<meta property=\"og:site_name\" content=\"Good Dealers Meds\" \/>\n<meta property=\"article:modified_time\" content=\"2022-10-03T21:22:32+00:00\" \/>\n<meta property=\"og:image\" content=\"https:\/\/gooddealersmeds.com\/no\/wp-content\/uploads\/sites\/8\/2022\/07\/ketamine-powder.jpg\" \/>\n\t<meta property=\"og:image:width\" content=\"600\" \/>\n\t<meta property=\"og:image:height\" content=\"600\" \/>\n\t<meta property=\"og:image:type\" content=\"image\/jpeg\" \/>\n<meta name=\"twitter:card\" content=\"summary_large_image\" \/>\n<meta name=\"twitter:label1\" content=\"Est. reading time\" \/>\n\t<meta name=\"twitter:data1\" content=\"2 minutes\" \/>\n<script type=\"application\/ld+json\" class=\"yoast-schema-graph\">{\"@context\":\"https:\\\/\\\/schema.org\",\"@graph\":[{\"@type\":\"WebPage\",\"@id\":\"https:\\\/\\\/gooddealersmeds.com\\\/no\\\/product\\\/kjop-ketamin-pulver-pa-nettet\\\/\",\"url\":\"https:\\\/\\\/gooddealersmeds.com\\\/no\\\/product\\\/kjop-ketamin-pulver-pa-nettet\\\/\",\"name\":\"Kj\u00f8p ketaminpulver p\u00e5 nett - Kj\u00f8p ketamin | Good Dealers Meds\",\"isPartOf\":{\"@id\":\"https:\\\/\\\/gooddealersmeds.com\\\/no\\\/#website\"},\"primaryImageOfPage\":{\"@id\":\"https:\\\/\\\/gooddealersmeds.com\\\/no\\\/product\\\/kjop-ketamin-pulver-pa-nettet\\\/#primaryimage\"},\"image\":{\"@id\":\"https:\\\/\\\/gooddealersmeds.com\\\/no\\\/product\\\/kjop-ketamin-pulver-pa-nettet\\\/#primaryimage\"},\"thumbnailUrl\":\"https:\\\/\\\/gooddealersmeds.com\\\/no\\\/wp-content\\\/uploads\\\/sites\\\/8\\\/2022\\\/07\\\/ketamine-powder.jpg\",\"datePublished\":\"2022-07-03T14:45:15+00:00\",\"dateModified\":\"2022-10-03T21:22:32+00:00\",\"description\":\"Kj\u00f8p ketaminpulver p\u00e5 nett. Ketamin HCL til salgs \u2013 Bestill ketamin til en overkommelig pris med garantert tilfredshet og rask levering.\",\"breadcrumb\":{\"@id\":\"https:\\\/\\\/gooddealersmeds.com\\\/no\\\/product\\\/kjop-ketamin-pulver-pa-nettet\\\/#breadcrumb\"},\"inLanguage\":\"en-US\",\"potentialAction\":[{\"@type\":\"ReadAction\",\"target\":[\"https:\\\/\\\/gooddealersmeds.com\\\/no\\\/product\\\/kjop-ketamin-pulver-pa-nettet\\\/\"]}]},{\"@type\":\"ImageObject\",\"inLanguage\":\"en-US\",\"@id\":\"https:\\\/\\\/gooddealersmeds.com\\\/no\\\/product\\\/kjop-ketamin-pulver-pa-nettet\\\/#primaryimage\",\"url\":\"https:\\\/\\\/gooddealersmeds.com\\\/no\\\/wp-content\\\/uploads\\\/sites\\\/8\\\/2022\\\/07\\\/ketamine-powder.jpg\",\"contentUrl\":\"https:\\\/\\\/gooddealersmeds.com\\\/no\\\/wp-content\\\/uploads\\\/sites\\\/8\\\/2022\\\/07\\\/ketamine-powder.jpg\",\"width\":600,\"height\":600,\"caption\":\"Buy Ketamine Powder Online\"},{\"@type\":\"BreadcrumbList\",\"@id\":\"https:\\\/\\\/gooddealersmeds.com\\\/no\\\/product\\\/kjop-ketamin-pulver-pa-nettet\\\/#breadcrumb\",\"itemListElement\":[{\"@type\":\"ListItem\",\"position\":1,\"name\":\"Home\",\"item\":\"https:\\\/\\\/gooddealersmeds.com\\\/no\\\/\"},{\"@type\":\"ListItem\",\"position\":2,\"name\":\"Produkter\",\"item\":\"https:\\\/\\\/gooddealersmeds.com\\\/no\\\/produkter\\\/\"},{\"@type\":\"ListItem\",\"position\":3,\"name\":\"Kj\u00f8p ketaminpulver p\u00e5 nett\"}]},{\"@type\":\"WebSite\",\"@id\":\"https:\\\/\\\/gooddealersmeds.com\\\/no\\\/#website\",\"url\":\"https:\\\/\\\/gooddealersmeds.com\\\/no\\\/\",\"name\":\"Good Dealers Meds\",\"description\":\"All our best\",\"publisher\":{\"@id\":\"https:\\\/\\\/gooddealersmeds.com\\\/no\\\/#organization\"},\"potentialAction\":[{\"@type\":\"SearchAction\",\"target\":{\"@type\":\"EntryPoint\",\"urlTemplate\":\"https:\\\/\\\/gooddealersmeds.com\\\/no\\\/?s={search_term_string}\"},\"query-input\":{\"@type\":\"PropertyValueSpecification\",\"valueRequired\":true,\"valueName\":\"search_term_string\"}}],\"inLanguage\":\"en-US\"},{\"@type\":\"Organization\",\"@id\":\"https:\\\/\\\/gooddealersmeds.com\\\/no\\\/#organization\",\"name\":\"Good Dealers Meds\",\"url\":\"https:\\\/\\\/gooddealersmeds.com\\\/no\\\/\",\"logo\":{\"@type\":\"ImageObject\",\"inLanguage\":\"en-US\",\"@id\":\"https:\\\/\\\/gooddealersmeds.com\\\/no\\\/#\\\/schema\\\/logo\\\/image\\\/\",\"url\":\"https:\\\/\\\/gooddealersmeds.com\\\/no\\\/wp-content\\\/uploads\\\/sites\\\/8\\\/2022\\\/03\\\/gooddealersmeds__logo__20220317T222800Z.00.png\",\"contentUrl\":\"https:\\\/\\\/gooddealersmeds.com\\\/no\\\/wp-content\\\/uploads\\\/sites\\\/8\\\/2022\\\/03\\\/gooddealersmeds__logo__20220317T222800Z.00.png\",\"width\":500,\"height\":325,\"caption\":\"Good Dealers Meds\"},\"image\":{\"@id\":\"https:\\\/\\\/gooddealersmeds.com\\\/no\\\/#\\\/schema\\\/logo\\\/image\\\/\"}}]}<\/script>\n<!-- \/ Yoast SEO Premium plugin. -->","yoast_head_json":{"title":"Kj\u00f8p ketaminpulver p\u00e5 nett - Kj\u00f8p ketamin | Good Dealers Meds","description":"Kj\u00f8p ketaminpulver p\u00e5 nett. Ketamin HCL til salgs \u2013 Bestill ketamin til en overkommelig pris med garantert tilfredshet og rask levering.","robots":{"index":"index","follow":"follow","max-snippet":"max-snippet:-1","max-image-preview":"max-image-preview:large","max-video-preview":"max-video-preview:-1"},"canonical":"https:\/\/gooddealersmeds.com\/no\/product\/kjop-ketamin-pulver-pa-nettet\/","og_locale":"en_US","og_type":"article","og_title":"Kj\u00f8p ketaminpulver p\u00e5 nett","og_description":"Kj\u00f8p ketaminpulver p\u00e5 nett. Ketamin HCL til salgs \u2013 Bestill ketamin til en overkommelig pris med garantert tilfredshet og rask levering.","og_url":"https:\/\/gooddealersmeds.com\/no\/product\/kjop-ketamin-pulver-pa-nettet\/","og_site_name":"Good Dealers Meds","article_modified_time":"2022-10-03T21:22:32+00:00","og_image":[{"width":600,"height":600,"url":"https:\/\/gooddealersmeds.com\/no\/wp-content\/uploads\/sites\/8\/2022\/07\/ketamine-powder.jpg","type":"image\/jpeg"}],"twitter_card":"summary_large_image","twitter_misc":{"Est. reading time":"2 minutes"},"schema":{"@context":"https:\/\/schema.org","@graph":[{"@type":"WebPage","@id":"https:\/\/gooddealersmeds.com\/no\/product\/kjop-ketamin-pulver-pa-nettet\/","url":"https:\/\/gooddealersmeds.com\/no\/product\/kjop-ketamin-pulver-pa-nettet\/","name":"Kj\u00f8p ketaminpulver p\u00e5 nett - Kj\u00f8p ketamin | Good Dealers Meds","isPartOf":{"@id":"https:\/\/gooddealersmeds.com\/no\/#website"},"primaryImageOfPage":{"@id":"https:\/\/gooddealersmeds.com\/no\/product\/kjop-ketamin-pulver-pa-nettet\/#primaryimage"},"image":{"@id":"https:\/\/gooddealersmeds.com\/no\/product\/kjop-ketamin-pulver-pa-nettet\/#primaryimage"},"thumbnailUrl":"https:\/\/gooddealersmeds.com\/no\/wp-content\/uploads\/sites\/8\/2022\/07\/ketamine-powder.jpg","datePublished":"2022-07-03T14:45:15+00:00","dateModified":"2022-10-03T21:22:32+00:00","description":"Kj\u00f8p ketaminpulver p\u00e5 nett. Ketamin HCL til salgs \u2013 Bestill ketamin til en overkommelig pris med garantert tilfredshet og rask levering.","breadcrumb":{"@id":"https:\/\/gooddealersmeds.com\/no\/product\/kjop-ketamin-pulver-pa-nettet\/#breadcrumb"},"inLanguage":"en-US","potentialAction":[{"@type":"ReadAction","target":["https:\/\/gooddealersmeds.com\/no\/product\/kjop-ketamin-pulver-pa-nettet\/"]}]},{"@type":"ImageObject","inLanguage":"en-US","@id":"https:\/\/gooddealersmeds.com\/no\/product\/kjop-ketamin-pulver-pa-nettet\/#primaryimage","url":"https:\/\/gooddealersmeds.com\/no\/wp-content\/uploads\/sites\/8\/2022\/07\/ketamine-powder.jpg","contentUrl":"https:\/\/gooddealersmeds.com\/no\/wp-content\/uploads\/sites\/8\/2022\/07\/ketamine-powder.jpg","width":600,"height":600,"caption":"Buy Ketamine Powder Online"},{"@type":"BreadcrumbList","@id":"https:\/\/gooddealersmeds.com\/no\/product\/kjop-ketamin-pulver-pa-nettet\/#breadcrumb","itemListElement":[{"@type":"ListItem","position":1,"name":"Home","item":"https:\/\/gooddealersmeds.com\/no\/"},{"@type":"ListItem","position":2,"name":"Produkter","item":"https:\/\/gooddealersmeds.com\/no\/produkter\/"},{"@type":"ListItem","position":3,"name":"Kj\u00f8p ketaminpulver p\u00e5 nett"}]},{"@type":"WebSite","@id":"https:\/\/gooddealersmeds.com\/no\/#website","url":"https:\/\/gooddealersmeds.com\/no\/","name":"Good Dealers Meds","description":"All our best","publisher":{"@id":"https:\/\/gooddealersmeds.com\/no\/#organization"},"potentialAction":[{"@type":"SearchAction","target":{"@type":"EntryPoint","urlTemplate":"https:\/\/gooddealersmeds.com\/no\/?s={search_term_string}"},"query-input":{"@type":"PropertyValueSpecification","valueRequired":true,"valueName":"search_term_string"}}],"inLanguage":"en-US"},{"@type":"Organization","@id":"https:\/\/gooddealersmeds.com\/no\/#organization","name":"Good Dealers Meds","url":"https:\/\/gooddealersmeds.com\/no\/","logo":{"@type":"ImageObject","inLanguage":"en-US","@id":"https:\/\/gooddealersmeds.com\/no\/#\/schema\/logo\/image\/","url":"https:\/\/gooddealersmeds.com\/no\/wp-content\/uploads\/sites\/8\/2022\/03\/gooddealersmeds__logo__20220317T222800Z.00.png","contentUrl":"https:\/\/gooddealersmeds.com\/no\/wp-content\/uploads\/sites\/8\/2022\/03\/gooddealersmeds__logo__20220317T222800Z.00.png","width":500,"height":325,"caption":"Good Dealers Meds"},"image":{"@id":"https:\/\/gooddealersmeds.com\/no\/#\/schema\/logo\/image\/"}}]}},"_links":{"self":[{"href":"https:\/\/gooddealersmeds.com\/no\/wp-json\/wp\/v2\/product\/2001","targetHints":{"allow":["GET"]}}],"collection":[{"href":"https:\/\/gooddealersmeds.com\/no\/wp-json\/wp\/v2\/product"}],"about":[{"href":"https:\/\/gooddealersmeds.com\/no\/wp-json\/wp\/v2\/types\/product"}],"replies":[{"embeddable":true,"href":"https:\/\/gooddealersmeds.com\/no\/wp-json\/wp\/v2\/comments?post=2001"}],"wp:featuredmedia":[{"embeddable":true,"href":"https:\/\/gooddealersmeds.com\/no\/wp-json\/wp\/v2\/media\/2008"}],"wp:attachment":[{"href":"https:\/\/gooddealersmeds.com\/no\/wp-json\/wp\/v2\/media?parent=2001"}],"wp:term":[{"taxonomy":"product_brand","embeddable":true,"href":"https:\/\/gooddealersmeds.com\/no\/wp-json\/wp\/v2\/product_brand?post=2001"},{"taxonomy":"product_cat","embeddable":true,"href":"https:\/\/gooddealersmeds.com\/no\/wp-json\/wp\/v2\/product_cat?post=2001"},{"taxonomy":"product_tag","embeddable":true,"href":"https:\/\/gooddealersmeds.com\/no\/wp-json\/wp\/v2\/product_tag?post=2001"}],"curies":[{"name":"wp","href":"https:\/\/api.w.org\/{rel}","templated":true}]}}