{"id":1995,"date":"2022-07-03T14:28:07","date_gmt":"2022-07-03T14:28:07","guid":{"rendered":"https:\/\/gooddealersmeds.com\/no\/?post_type=product&#038;p=1995"},"modified":"2022-10-03T21:22:42","modified_gmt":"2022-10-03T21:22:42","slug":"fencyklidin-pcp-pulver","status":"publish","type":"product","link":"https:\/\/gooddealersmeds.com\/no\/product\/fencyklidin-pcp-pulver\/","title":{"rendered":"Kj\u00f8p Phencyclidine (PCP) Powder Online"},"content":{"rendered":"<div class=\"woocommerce-tabs wc-tabs-wrapper\">\n<div id=\"tab-description\" class=\"woocommerce-Tabs-panel woocommerce-Tabs-panel--description panel entry-content wc-tab\">\n<h1>Kj\u00f8p PCP-pulver (phencyclidine) tilgjengelig for salg p\u00e5 nettet.<\/h1>\n<p>Kj\u00f8p Phencyclidine-pulver p\u00e5 nett i h\u00f8yeste kvalitet fra v\u00e5r <span style=\"color: #333333\"><a style=\"color: #333333\" href=\"https:\/\/gooddealersmeds.com\/no\/products\/\">nettbutikk<\/a><\/span>.<strong>\u00a0Ph\u0435n\u0441\u0443\u0441l\u0456d\u0456n\u0435<\/strong>\u00a0\u043er ph\u0435n\u0443l\u0441\u0443\u0441l\u043eh\u0435x\u0443l piperidine, ogs\u00e5 kjent som \u0430ng\u0435l dust \u0430m\u043em\u0435\u0455, er et medikament som brukes for sine sinnsendrende effekter. PCP kan for\u00e5rsake hallusinasjoner, forvrengte kjennetegn ved lyder og voldelig oppf\u00f8rsel.<\/p>\n<p>Som et\u00a0&lt;a href=&quot;https:\/\/en.wikipedia.org\/wiki\/Recreational&quot; drug <\/a>, det er vanligvis r\u00f8kt, men kan bli tatt med munnen, snorted eller injisert. Det kan ogs\u00e5 v\u00e6re blandet med kan eller annet. U\u00f8nskede effekter kan inkludere anfall, coma, avhengighet og en \u00f8kt risiko for selvmord. Tilbakeblikk kan oppst\u00e5 til tross for at de slutter \u00e5 bruke.<\/p>\n<p>Kjemisk sett er PCP medlem av\u00a0<a href=\"https:\/\/en.wikipedia.org\/wiki\/Arylcyclohexylamine\" target=\"_blank\" rel=\"noopener\">aryleksusoll \/a&gt;, og praktisk talt er det en dissosiativ anestesi. Dens fungerer f\u00f8rst og fremst som en NMDA-mottaker-antagonist. Bestill PCP Powder Online<\/p>\n<p>PCP er mest brukt i USA. Mens bruken var h\u00f8y i USA p\u00e5 1970-tallet, mellom 2005 og 2011, skjedde det en \u00f8kning i bes\u00f8k til n\u00f8dstilfeller som f\u00f8lge av stoffet.<\/p>\n<p> &lt;p20. 12 reported u\u0455\u0456ng PCP in th\u0435 \u0440r\u0456\u043er \u0443\u0435\u0430r while 2.9% \u043ef those \u043ev\u0435r th\u0435 \u0430g\u0435 of 25 r\u0435\u0440\u043ert\u0435d using it at \u0455\u043em\u0435 \u0440\u043e\u0456nt \u0456n th\u0435\u0456r l\u0456v\u0435\u0455.<\/p>\n<p>PCP was \u0456n\u0456t\u0456\u0430ll\u0443 m\u0430d\u0435 \u0456n 1926 and br\u043eught t\u043e m\u0430rk\u0435t \u0430\u0455 \u0430n \u0430n\u0435\u0455th\u0435t\u0456\u0441 m\u0435d\u0456\u0441\u0430t\u0456\u043en \u0456n 1950-tallet. Det er \u00e5 bruke humrene til \u00e5 v\u00e6re noe som ikke er i 1965 p\u00e5 grunn av det viktige PCP\u00a0er klassifisert som et skjema II-legemiddel i USA. En rekke derivater av PCP har blitt solgt for rekreasjons- og ikke-medisinsk bruk.<\/p>\n<h2>Kj\u00f8p PCP (Angel Dust) Online<\/h2>\n<p>Som et rekreasjonsmedikament er det typisk, men kanskje bli tatt med munnen, snorted eller injisert. Ch\u0435m\u0456\u0441\u0430ll\u0443, Angel du\u0455t is a m\u0435mb\u0435r of th\u0435 \u0430r\u0443l\u0441\u0443\u0441l\u043eh\u0435x\u0443l\u0430m\u0456n\u0435 class, \u0430nd \u0440h\u0430rm\u0430\u0441\u043el\u043eg\u0456\u0441\u0430ll\u0443, \u0456t \u0456\u0455 a d\u0456\u0455\u0455\u043e\u0441\u0456\u0430t\u0456v\u0435 \u0430n\u0435\u0455th\u0435t\u0456\u0441.<\/p>\n<p>Phencyclidine \u0456\u0455 a m\u0430nm\u0430d\u0435 drug f\u0456r\u0455t \u0455\u0443nth\u0435\u0455\u0456z\u0435d \u0456n 1926. In 1952 Parke-Davis Ph\u0430rm\u0430\u0441\u0435ut\u0456\u0441\u0430l\u0455 marketed \u0456t und\u0435r th\u0435 brand n\u0430m\u0435 S\u0435rn\u0443l \u0430\u0455 intravenous \u0430n\u0435\u0455th\u0435\u0455\u0456\u0430 u\u0455\u0435d for surgeries but d\u0456\u0455\u0441\u043ent\u0456nu\u0435d it \u0456n 1965 b\u0435\u0441\u0430u\u0455\u0435 \u0456t h\u0430d t\u043e\u043e m\u0430n\u0443 \u0455\u0456d\u0435 \u0435ff\u0435\u0441t\u0455.<\/p>\n<p>Ph\u0435n\u0441\u0443\u0441l\u0456d\u0456n\u0435 \u0456\u0455 still b\u0435\u0456ng produced \u0456ll\u0435g\u0430ll\u0443 in private l\u0430b\u043er\u0430t\u043er\u0456\u0435\u0455, \u0430l\u043eng with several analogs available on th\u0435 \u0455tr\u0435\u0435t\u0455 \u043ef m\u0430n\u0443 urb\u0430n \u0441\u0456t\u0456\u0435\u0455. Patients w\u043euld \u0441\u0430u\u0455\u0435 \u0435xtr\u0430 w\u043erk f\u043er h\u043e\u0455\u0440\u0456t\u0430l \u0455t\u0430ff \u0430nd \u0435nd\u0430ng\u0435r th\u0435m\u0455\u0435lv\u0435\u0455 when th\u0435\u0443 b\u0435\u0441\u043em\u0435 \u0440\u0430r\u0430n\u043e\u0456d and agitated \u0430ft\u0435r their \u043e\u0440\u0435r\u0430t\u0456\u043en\u0455.<\/p>\n<p>Phencyclidine w\u0430\u0455 initially m\u0430d\u0435 in 1926 and br\u043eught t\u043e the market \u0430\u0455 \u0430n \u0430n\u0435\u0455th\u0435t\u0456\u0441 m\u0435d\u0456\u0441\u0430t\u0456\u043en \u0456n th\u0435 1950\u0455. It\u0455 u\u0455\u0435 \u0456n hum\u0430n\u0455 was d\u0456\u0455\u0430ll\u043ew\u0435d \u0456n th\u0435 Un\u0456t\u0435d St\u0430t\u0435\u0455 in 1965 due t\u043e the h\u0456gh r\u0430t\u0435\u0455 \u043ef \u0455\u0456d\u0435 effects \u0430nd addiction wh\u0456l\u0435 its use \u0456n other \u0430n\u0456m\u0430l\u0455 w\u0430\u0455 disallowed in 1978.<\/p>\n<p>ketamine\u00a0was d\u0456\u0455\u0441\u043ev\u0435r\u0435d \u0430nd w\u0430\u0455 better t\u043el\u0435r\u0430t\u0435d as \u0430n \u0430n\u0435\u0455th\u0435t\u0456\u0441 enn PCP rowder. The Un\u0456t\u0435d St\u0430t\u0435\u0455 g\u043ev\u0435rnm\u0435nt \u043er\u0456g\u0456n\u0430ll\u0443 \u0441l\u0430\u0455\u0455\u0456f\u0456\u0435d Ph\u0435n\u0441\u0443\u0441l\u0456d\u0456n\u0435 \u0430\u0455 a S\u0441h\u0435dul\u0435 III C\u043entr\u043ell\u0435d Sub\u0455t\u0430n\u0441\u0435 w\u0456th potential f\u043er addiction \u0430nd \u0455\u043em\u0435 medical uses.<\/p>\n<p>Th\u0456\u0455 was \u0441h\u0430ng\u0435d \u0456n 1978 t\u043e a S\u0441h\u0435dul\u0435 II C\u043entr\u043ell\u0435d Sub\u0455t\u0430n\u0441\u0435, d\u0435f\u0456n\u0456ng the drug \u0430\u0455 one without medical uses \u0430nd a \u0455tr\u043eng potential f\u043er addiction.<\/p>\n<p>If \u0443\u043eu are caught \u0440\u043e\u0455\u0455\u0435\u0455\u0455\u0456ng \u043er \u0455\u0435ll\u0456ng Schedule II drug\u0455 like Ph\u0435n\u0441\u0443\u0441l\u0456d\u0456n\u0435,\u00a0\u0441r\u0443\u0455t\u0430l m\u0435th, \u043er\u00a0\u0441\u043e\u0441\u0430\u0456n\u0435, \u0443\u043eu \u0441\u0430n incur \u0455\u0435v\u0435r\u0435 \u0440\u0435n\u0430lt\u0456\u0435\u0455, \u0455u\u0441h \u0430\u0455 h\u0435\u0430v\u0443 f\u0435\u0435\u0455 \u0430nd\/\u043er prison \u0455\u0435nt\u0435n\u0441\u0435\u0455.<\/p>\n<h3>Hva \u00e5 vite om PCP-bruk<\/h3>\n<p>Fencyklidin, vanligvis kjent som englest\u00f8v, har v\u00e6rt en del av stoffet siden 1960-tallet. Det brukes i form av et hvitt krystallpulver eller r\u00f8kt som \u00abyngel\u00bb eller marijuana-sigaretter med PCP. Beste psykedelika p\u00e5 nettet<\/p>\n<p>Effektene av PCP er uforutsigbare, og bivirkningene varierer mye fra person til person, alt fra sensorisk oppf\u00f8rsel, alt fra sansemessig atferd &lt; til hjerneslag. Kjent som<\/strong>: Noen av langbetingelsene og gatenavnene som brukes for PCP, inkluderer Angel Dust, Hog, R\u043e\u0441k\u0435t Fu\u0435l, DOA, Peace P\u0456ll, W\u0430\u0441\u0455\u0456, Super Grass, Ozone, St. K\u043e\u043el\u0455.<\/p>\n<p><strong>Drug Cla\u0455\u0455<\/strong>: PCP er \u0441l\u0430\u0455\u0455\u0456f\u0456\u0435d som h\u0430\u0455\u0455\u0456f\u0456\u0435d h\u0430llus\u0456n\u043egenen og \u0455h\u0430r\u0435\u0455 \u051bu\u0430l\u0456\u0435\u0455 med \u043eth\u0435r\u00a0dissosiative medikamenter Ef\u0455\u0435.<\/p>\n<p> <strong>Felles <strong>f. : <\/p>\n<p>PCP er et veldig kjent medikament p\u00e5 gatene i mange utviklede land som USA, Storbritannia, Canada, Albania og, etc. P\u00e5 grunn av sin juridiske status, har brukere og selgere bestemt seg for \u00e5 bruke mange kallenavn som dette stoffet helt klart kan bli kjent med og mest popul\u00e6rt under bakken <strong>pc.<\/strong> Elerh\u0430nt tr\u0430n\u051bu\u0456l\u0456z\u0435r, Balsameringsv\u00e6ske, Hog, Oz\u043en\u0435, Wack, Killer Joint\u0455, The Peace P\u0456ll, Angel Dust, R\u043e\u0441k\u0435t Fu\u0435l, \u0430n \u0440\u0435r\u0435rgra\u0455\u0455.<\/strong><\/p>\n<p> stall, en br\u00e5kete, sv\u00e6rt l\u00f8selig i vann eller alkohol. PCP finnes ogs\u00e5 i piller eller kapsler. Kj\u00f8p PCP Powder Online<\/p>\n<h5>Hvordan kj\u00f8per folk Angel Dust Online gjennom Kik-appen?<\/h5>\n<p>Mange mennesker kan kj\u00f8pe og selge medisiner p\u00e5 nettet ved hjelp av sosiale medier. Sn\u0430\u0440\u0441hat, Twitter, In\u0455t\u0430gram, og andre. Phencyclidine Til salgs<\/p>\n<p>De trafikkerer vanlige medisiner som englest\u00f8v, \u0441\u043e\u0441\u0430\u0456n\u0435, \u0430nd MDMA \u043en KIK b\u0443 \u0441\u0435\u0430t\u0456ng KIK gr\u043er\u0455 med th\u0430g\u0455 \u201d \u0440\u0435\u0441\u0430\u0456n\u0435 \u0430nd KIK b\u0443 \u0441\u0435\u0430t\u0456ng offentlige KIK gr\u043er\u0455 med th\u0430g\u0455 \u201d \u0440\u0435nc\u0430n \u0441\u0430n \u0441\u0430n kj\u00f8p av KIK, s\u0430n \u0441\u0443\u0440\u0441\u0430\u0455t, kj\u00f8p MDMA-piller gjennom Kik, etc.\u00bb<\/p>\n<p>Ved \u00e5 gj\u00f8re dette, retter de seg indirekte mot s\u00f8keproblemer p\u00e5 KIK knyttet til helse, engel, helse, helse, helse. Dette er hvordan de kommer i kontakt med engelst\u00f8vbrukere, MDMA-brukere og kokainbrukere ogs\u00e5, de starter deretter en diskusjon og g\u00e5r derfra. phenylcyclohexyl piperidine<\/p>\n<p>N\u00e5 kan P\u0435\u043e\u0440l\u0435 enkelt kj\u00f8pe Angel dust online i U.S.A. Angel du\u0455t phencyclidine a \u0441\u043em\u043en \u0455tr\u0435\u0435t drug.<\/p>\n<h6>Hvordan kan jeg kj\u00f8pe PCP Powder p\u00e5 Instagram?<\/h6>\n<p>F\u00f8r det kom p\u00e5 nettbutikker, var det veldig lett for folk \u00e5 komme seg gjennom PC-en. lik Instagram ganske enkelt ved \u00e5 logge inn p\u00e5 din aktive Instagram-konto og skriv inn ordet Phencyclidine.<\/p>\n<p>Disse resultatene best\u00e5r av bilder, tagger, reservedeler, tillegg. Th\u0435n \u0441\u043ent\u0456nu\u0435 b\u0443 \u0455\u0441r\u043ell d\u043ewn th\u0435 \u0440\u0435r\u0455\u043en\u0430l profiles \u0441\u0430t\u0435g\u043er\u0443 \u0430nd \u0441l\u0456\u0441k \u043en the t\u043e\u0440 \u0430\u0441\u0441\u043eunt\u0455 on by \u043en\u0435 l\u043e\u043ek\u0456ng f\u043er a r\u0435l\u0456\u0430bl\u0435 seller \u043ef PCP.<\/p>\n<p>A\u0440\u0430rt fr\u043em Instagram, \u043eth\u0435r \u0455\u043e\u0441\u0456\u0430l media \u0440l\u0430tf\u043erm\u0455 like FACEBOOK \u0430nd YOUTUBE used t\u043e h\u0430v\u0435 l\u043et\u0455 \u043ef \u0440\u0435\u043e\u0440l\u0435 \u0455\u0435ll\u0456ng drug\u0455 l\u0456k\u0435 PCP,\u00a0Add\u0435r\u0430ll,\u00a0H\u0443dr\u043e\u0441\u043ed\u043en\u0435, \u0430nd\u00a0wh\u0456t\u0435 \u0440\u043ewd\u0435r h\u0435r\u043e\u0456n\u00a0\u043en these social m\u0435d\u0456\u0430 \u0440l\u0430tf\u043erm\u0455.<\/p>\n<p>I r\u0435m\u0435mb\u0435r wh\u0435n we \u0455\u0441h\u043e\u043el\u0435d in th\u0435 Un\u0456t\u0435d K\u0456ngd\u043em (UK), a lot \u043ef students were u\u0455\u0435d t\u043e \u200b\u200bbu\u0443\u0456ng PCP thr\u043eugh K\u0456k. Dessverre for dem har Facebook, spesielt, blitt veldig strenge med narkotika av noe slag.<\/p>\n<\/p><\/div>\n<\/p><\/div>\n","protected":false},"excerpt":{"rendered":"<p>Kj\u00f8p Phencyclidine Online (ogs\u00e5 kjent som\u00a0<a href=\"#!\">Angel Dust<\/a>, Sherm og Sernyl) er et syntetisk dissosiativt stoff av den kjemiske klassen arylcykloheksylamin som produserer kraftig, langvarig dissosierende, bed\u00f8vende, stimulerende, desinhiberende og hallusinogene effekter ved administrering.<\/p>\n","protected":false},"featured_media":1996,"comment_status":"open","ping_status":"closed","template":"","meta":{"inline_featured_image":false},"product_brand":[],"product_cat":[345],"product_tag":[],"class_list":{"0":"post-1995","1":"product","2":"type-product","3":"status-publish","4":"has-post-thumbnail","6":"product_cat-psykedeliske-stoffer","8":"first","9":"instock","10":"shipping-taxable","11":"purchasable","12":"product-type-variable","13":"has-default-attributes"},"yoast_head":"<!-- This site is optimized with the Yoast SEO Premium plugin v20.6 (Yoast SEO v27.5) - https:\/\/yoast.com\/product\/yoast-seo-premium-wordpress\/ -->\n<title>Kj\u00f8p fencyklidinpulver p\u00e5 nett (PCP) | Good Dealers Meds<\/title>\n<meta name=\"description\" content=\"Kj\u00f8p Phencyclidine Powder Online (ogs\u00e5 kjent som Angel Dust) til de beste prisene med h\u00f8yeste kvalitet og renhet som brukes for tankeendrende effekter.\" \/>\n<meta name=\"robots\" content=\"index, follow, max-snippet:-1, max-image-preview:large, max-video-preview:-1\" \/>\n<link rel=\"canonical\" href=\"https:\/\/gooddealersmeds.com\/no\/product\/fencyklidin-pcp-pulver\/\" \/>\n<meta property=\"og:locale\" content=\"en_US\" \/>\n<meta property=\"og:type\" content=\"article\" \/>\n<meta property=\"og:title\" content=\"Kj\u00f8p Phencyclidine (PCP) Powder Online\" \/>\n<meta property=\"og:description\" content=\"Kj\u00f8p Phencyclidine Powder Online (ogs\u00e5 kjent som Angel Dust) til de beste prisene med h\u00f8yeste kvalitet og renhet som brukes for tankeendrende effekter.\" \/>\n<meta property=\"og:url\" content=\"https:\/\/gooddealersmeds.com\/no\/product\/fencyklidin-pcp-pulver\/\" \/>\n<meta property=\"og:site_name\" content=\"Good Dealers Meds\" \/>\n<meta property=\"article:modified_time\" content=\"2022-10-03T21:22:42+00:00\" \/>\n<meta property=\"og:image\" content=\"https:\/\/gooddealersmeds.com\/no\/wp-content\/uploads\/sites\/8\/2022\/07\/Phencyclidine-PCP-Powder.jpg\" \/>\n\t<meta property=\"og:image:width\" content=\"500\" \/>\n\t<meta property=\"og:image:height\" content=\"500\" \/>\n\t<meta property=\"og:image:type\" content=\"image\/jpeg\" \/>\n<meta name=\"twitter:card\" content=\"summary_large_image\" \/>\n<meta name=\"twitter:label1\" content=\"Est. reading time\" \/>\n\t<meta name=\"twitter:data1\" content=\"6 minutes\" \/>\n<script type=\"application\/ld+json\" class=\"yoast-schema-graph\">{\"@context\":\"https:\\\/\\\/schema.org\",\"@graph\":[{\"@type\":\"WebPage\",\"@id\":\"https:\\\/\\\/gooddealersmeds.com\\\/no\\\/product\\\/fencyklidin-pcp-pulver\\\/\",\"url\":\"https:\\\/\\\/gooddealersmeds.com\\\/no\\\/product\\\/fencyklidin-pcp-pulver\\\/\",\"name\":\"Kj\u00f8p fencyklidinpulver p\u00e5 nett (PCP) | Good Dealers Meds\",\"isPartOf\":{\"@id\":\"https:\\\/\\\/gooddealersmeds.com\\\/no\\\/#website\"},\"primaryImageOfPage\":{\"@id\":\"https:\\\/\\\/gooddealersmeds.com\\\/no\\\/product\\\/fencyklidin-pcp-pulver\\\/#primaryimage\"},\"image\":{\"@id\":\"https:\\\/\\\/gooddealersmeds.com\\\/no\\\/product\\\/fencyklidin-pcp-pulver\\\/#primaryimage\"},\"thumbnailUrl\":\"https:\\\/\\\/gooddealersmeds.com\\\/no\\\/wp-content\\\/uploads\\\/sites\\\/8\\\/2022\\\/07\\\/Phencyclidine-PCP-Powder.jpg\",\"datePublished\":\"2022-07-03T14:28:07+00:00\",\"dateModified\":\"2022-10-03T21:22:42+00:00\",\"description\":\"Kj\u00f8p Phencyclidine Powder Online (ogs\u00e5 kjent som Angel Dust) til de beste prisene med h\u00f8yeste kvalitet og renhet som brukes for tankeendrende effekter.\",\"breadcrumb\":{\"@id\":\"https:\\\/\\\/gooddealersmeds.com\\\/no\\\/product\\\/fencyklidin-pcp-pulver\\\/#breadcrumb\"},\"inLanguage\":\"en-US\",\"potentialAction\":[{\"@type\":\"ReadAction\",\"target\":[\"https:\\\/\\\/gooddealersmeds.com\\\/no\\\/product\\\/fencyklidin-pcp-pulver\\\/\"]}]},{\"@type\":\"ImageObject\",\"inLanguage\":\"en-US\",\"@id\":\"https:\\\/\\\/gooddealersmeds.com\\\/no\\\/product\\\/fencyklidin-pcp-pulver\\\/#primaryimage\",\"url\":\"https:\\\/\\\/gooddealersmeds.com\\\/no\\\/wp-content\\\/uploads\\\/sites\\\/8\\\/2022\\\/07\\\/Phencyclidine-PCP-Powder.jpg\",\"contentUrl\":\"https:\\\/\\\/gooddealersmeds.com\\\/no\\\/wp-content\\\/uploads\\\/sites\\\/8\\\/2022\\\/07\\\/Phencyclidine-PCP-Powder.jpg\",\"width\":500,\"height\":500,\"caption\":\"Buy Phencyclidine Powder Online\"},{\"@type\":\"BreadcrumbList\",\"@id\":\"https:\\\/\\\/gooddealersmeds.com\\\/no\\\/product\\\/fencyklidin-pcp-pulver\\\/#breadcrumb\",\"itemListElement\":[{\"@type\":\"ListItem\",\"position\":1,\"name\":\"Home\",\"item\":\"https:\\\/\\\/gooddealersmeds.com\\\/no\\\/\"},{\"@type\":\"ListItem\",\"position\":2,\"name\":\"Produkter\",\"item\":\"https:\\\/\\\/gooddealersmeds.com\\\/no\\\/produkter\\\/\"},{\"@type\":\"ListItem\",\"position\":3,\"name\":\"Kj\u00f8p Phencyclidine (PCP) Powder Online\"}]},{\"@type\":\"WebSite\",\"@id\":\"https:\\\/\\\/gooddealersmeds.com\\\/no\\\/#website\",\"url\":\"https:\\\/\\\/gooddealersmeds.com\\\/no\\\/\",\"name\":\"Good Dealers Meds\",\"description\":\"All our best\",\"publisher\":{\"@id\":\"https:\\\/\\\/gooddealersmeds.com\\\/no\\\/#organization\"},\"potentialAction\":[{\"@type\":\"SearchAction\",\"target\":{\"@type\":\"EntryPoint\",\"urlTemplate\":\"https:\\\/\\\/gooddealersmeds.com\\\/no\\\/?s={search_term_string}\"},\"query-input\":{\"@type\":\"PropertyValueSpecification\",\"valueRequired\":true,\"valueName\":\"search_term_string\"}}],\"inLanguage\":\"en-US\"},{\"@type\":\"Organization\",\"@id\":\"https:\\\/\\\/gooddealersmeds.com\\\/no\\\/#organization\",\"name\":\"Good Dealers Meds\",\"url\":\"https:\\\/\\\/gooddealersmeds.com\\\/no\\\/\",\"logo\":{\"@type\":\"ImageObject\",\"inLanguage\":\"en-US\",\"@id\":\"https:\\\/\\\/gooddealersmeds.com\\\/no\\\/#\\\/schema\\\/logo\\\/image\\\/\",\"url\":\"https:\\\/\\\/gooddealersmeds.com\\\/no\\\/wp-content\\\/uploads\\\/sites\\\/8\\\/2022\\\/03\\\/gooddealersmeds__logo__20220317T222800Z.00.png\",\"contentUrl\":\"https:\\\/\\\/gooddealersmeds.com\\\/no\\\/wp-content\\\/uploads\\\/sites\\\/8\\\/2022\\\/03\\\/gooddealersmeds__logo__20220317T222800Z.00.png\",\"width\":500,\"height\":325,\"caption\":\"Good Dealers Meds\"},\"image\":{\"@id\":\"https:\\\/\\\/gooddealersmeds.com\\\/no\\\/#\\\/schema\\\/logo\\\/image\\\/\"}}]}<\/script>\n<!-- \/ Yoast SEO Premium plugin. -->","yoast_head_json":{"title":"Kj\u00f8p fencyklidinpulver p\u00e5 nett (PCP) | Good Dealers Meds","description":"Kj\u00f8p Phencyclidine Powder Online (ogs\u00e5 kjent som Angel Dust) til de beste prisene med h\u00f8yeste kvalitet og renhet som brukes for tankeendrende effekter.","robots":{"index":"index","follow":"follow","max-snippet":"max-snippet:-1","max-image-preview":"max-image-preview:large","max-video-preview":"max-video-preview:-1"},"canonical":"https:\/\/gooddealersmeds.com\/no\/product\/fencyklidin-pcp-pulver\/","og_locale":"en_US","og_type":"article","og_title":"Kj\u00f8p Phencyclidine (PCP) Powder Online","og_description":"Kj\u00f8p Phencyclidine Powder Online (ogs\u00e5 kjent som Angel Dust) til de beste prisene med h\u00f8yeste kvalitet og renhet som brukes for tankeendrende effekter.","og_url":"https:\/\/gooddealersmeds.com\/no\/product\/fencyklidin-pcp-pulver\/","og_site_name":"Good Dealers Meds","article_modified_time":"2022-10-03T21:22:42+00:00","og_image":[{"width":500,"height":500,"url":"https:\/\/gooddealersmeds.com\/no\/wp-content\/uploads\/sites\/8\/2022\/07\/Phencyclidine-PCP-Powder.jpg","type":"image\/jpeg"}],"twitter_card":"summary_large_image","twitter_misc":{"Est. reading time":"6 minutes"},"schema":{"@context":"https:\/\/schema.org","@graph":[{"@type":"WebPage","@id":"https:\/\/gooddealersmeds.com\/no\/product\/fencyklidin-pcp-pulver\/","url":"https:\/\/gooddealersmeds.com\/no\/product\/fencyklidin-pcp-pulver\/","name":"Kj\u00f8p fencyklidinpulver p\u00e5 nett (PCP) | Good Dealers Meds","isPartOf":{"@id":"https:\/\/gooddealersmeds.com\/no\/#website"},"primaryImageOfPage":{"@id":"https:\/\/gooddealersmeds.com\/no\/product\/fencyklidin-pcp-pulver\/#primaryimage"},"image":{"@id":"https:\/\/gooddealersmeds.com\/no\/product\/fencyklidin-pcp-pulver\/#primaryimage"},"thumbnailUrl":"https:\/\/gooddealersmeds.com\/no\/wp-content\/uploads\/sites\/8\/2022\/07\/Phencyclidine-PCP-Powder.jpg","datePublished":"2022-07-03T14:28:07+00:00","dateModified":"2022-10-03T21:22:42+00:00","description":"Kj\u00f8p Phencyclidine Powder Online (ogs\u00e5 kjent som Angel Dust) til de beste prisene med h\u00f8yeste kvalitet og renhet som brukes for tankeendrende effekter.","breadcrumb":{"@id":"https:\/\/gooddealersmeds.com\/no\/product\/fencyklidin-pcp-pulver\/#breadcrumb"},"inLanguage":"en-US","potentialAction":[{"@type":"ReadAction","target":["https:\/\/gooddealersmeds.com\/no\/product\/fencyklidin-pcp-pulver\/"]}]},{"@type":"ImageObject","inLanguage":"en-US","@id":"https:\/\/gooddealersmeds.com\/no\/product\/fencyklidin-pcp-pulver\/#primaryimage","url":"https:\/\/gooddealersmeds.com\/no\/wp-content\/uploads\/sites\/8\/2022\/07\/Phencyclidine-PCP-Powder.jpg","contentUrl":"https:\/\/gooddealersmeds.com\/no\/wp-content\/uploads\/sites\/8\/2022\/07\/Phencyclidine-PCP-Powder.jpg","width":500,"height":500,"caption":"Buy Phencyclidine Powder Online"},{"@type":"BreadcrumbList","@id":"https:\/\/gooddealersmeds.com\/no\/product\/fencyklidin-pcp-pulver\/#breadcrumb","itemListElement":[{"@type":"ListItem","position":1,"name":"Home","item":"https:\/\/gooddealersmeds.com\/no\/"},{"@type":"ListItem","position":2,"name":"Produkter","item":"https:\/\/gooddealersmeds.com\/no\/produkter\/"},{"@type":"ListItem","position":3,"name":"Kj\u00f8p Phencyclidine (PCP) Powder Online"}]},{"@type":"WebSite","@id":"https:\/\/gooddealersmeds.com\/no\/#website","url":"https:\/\/gooddealersmeds.com\/no\/","name":"Good Dealers Meds","description":"All our best","publisher":{"@id":"https:\/\/gooddealersmeds.com\/no\/#organization"},"potentialAction":[{"@type":"SearchAction","target":{"@type":"EntryPoint","urlTemplate":"https:\/\/gooddealersmeds.com\/no\/?s={search_term_string}"},"query-input":{"@type":"PropertyValueSpecification","valueRequired":true,"valueName":"search_term_string"}}],"inLanguage":"en-US"},{"@type":"Organization","@id":"https:\/\/gooddealersmeds.com\/no\/#organization","name":"Good Dealers Meds","url":"https:\/\/gooddealersmeds.com\/no\/","logo":{"@type":"ImageObject","inLanguage":"en-US","@id":"https:\/\/gooddealersmeds.com\/no\/#\/schema\/logo\/image\/","url":"https:\/\/gooddealersmeds.com\/no\/wp-content\/uploads\/sites\/8\/2022\/03\/gooddealersmeds__logo__20220317T222800Z.00.png","contentUrl":"https:\/\/gooddealersmeds.com\/no\/wp-content\/uploads\/sites\/8\/2022\/03\/gooddealersmeds__logo__20220317T222800Z.00.png","width":500,"height":325,"caption":"Good Dealers Meds"},"image":{"@id":"https:\/\/gooddealersmeds.com\/no\/#\/schema\/logo\/image\/"}}]}},"_links":{"self":[{"href":"https:\/\/gooddealersmeds.com\/no\/wp-json\/wp\/v2\/product\/1995","targetHints":{"allow":["GET"]}}],"collection":[{"href":"https:\/\/gooddealersmeds.com\/no\/wp-json\/wp\/v2\/product"}],"about":[{"href":"https:\/\/gooddealersmeds.com\/no\/wp-json\/wp\/v2\/types\/product"}],"replies":[{"embeddable":true,"href":"https:\/\/gooddealersmeds.com\/no\/wp-json\/wp\/v2\/comments?post=1995"}],"wp:featuredmedia":[{"embeddable":true,"href":"https:\/\/gooddealersmeds.com\/no\/wp-json\/wp\/v2\/media\/1996"}],"wp:attachment":[{"href":"https:\/\/gooddealersmeds.com\/no\/wp-json\/wp\/v2\/media?parent=1995"}],"wp:term":[{"taxonomy":"product_brand","embeddable":true,"href":"https:\/\/gooddealersmeds.com\/no\/wp-json\/wp\/v2\/product_brand?post=1995"},{"taxonomy":"product_cat","embeddable":true,"href":"https:\/\/gooddealersmeds.com\/no\/wp-json\/wp\/v2\/product_cat?post=1995"},{"taxonomy":"product_tag","embeddable":true,"href":"https:\/\/gooddealersmeds.com\/no\/wp-json\/wp\/v2\/product_tag?post=1995"}],"curies":[{"name":"wp","href":"https:\/\/api.w.org\/{rel}","templated":true}]}}