{"id":1986,"date":"2022-07-03T13:54:43","date_gmt":"2022-07-03T13:54:43","guid":{"rendered":"https:\/\/gooddealersmeds.com\/no\/?post_type=product&#038;p=1986"},"modified":"2022-10-03T21:22:50","modified_gmt":"2022-10-03T21:22:50","slug":"al-lad-150mcg-blottere","status":"publish","type":"product","link":"https:\/\/gooddealersmeds.com\/no\/product\/al-lad-150mcg-blottere\/","title":{"rendered":"Kj\u00f8p AL-LAD 150mcg Blotters"},"content":{"rendered":"<h1><strong>Kj\u00f8p AL-LAD 150mcg Blotters Online.<\/strong><\/h1>\n<p>AL-LAD 150mcg Blotters Online er et psykedelisk kjemikalie av Lysergamide-klassen. Sammenlignet med 1P-LSD og LSD-25 har den \u00f8kte visuelle hallusinasjoner og milde psykologiske effekter. Dette ble f\u00f8rst utviklet p\u00e5 midten av 1980-tallet for forskningsform\u00e5l. Dette ble f\u00f8rst utviklet p\u00e5 midten av 1980-tallet for forskningsform\u00e5l. Dette ble f\u00f8rst utviklet p\u00e5 midten av 1980-tallet for forskningsform\u00e5l. Imidlertid har den n\u00e5 blitt tilgjengelig for rekreasjonsbruk.<\/p>\n<p>AL-LAD 150mcg Blotters Online blir ofte referert til som den mest &#8220;rekreative&#8221; av lysergamide-analogene.<\/p>\n<p>Det er ogs\u00e5 kjent som et potent entaktogen \u2013 som f\u00e5r deg til \u00e5 f\u00f8le deg n\u00e6rmere deg selv og andre \u2013 og en lav dose kan gi sterke effekter uten \u00e5 for\u00e5rsake fysisk ubehag.<\/p>\n<p>&nbsp;<\/p>\n<h2><strong>Hvorfor kj\u00f8pe AL-LAD 150mcg Blotters Online?<\/strong><\/h2>\n<p>&nbsp;<\/p>\n<p>AL-LAD brukes ofte av folk som s\u00f8ker et alternativ til LSD p\u00e5 grunn av dens h\u00f8yere styrke, mildere effekter og lavere kostnad. Det er en perfekt id\u00e9 \u00e5 kj\u00f8pe forskningskjemikalier p\u00e5 nettet for \u00e5 spare penger. Ingen skjulte kostnader er knyttet til noen av disse produktene, da de selges til en overkommelig pris. Som en ekstra bekvemmelighet kan du f\u00e5 dem levert rett p\u00e5 d\u00f8rstokken uten \u00e5 m\u00e5tte g\u00e5 gjennom noe problem.<\/p>\n<p><strong>\u00a0<\/strong><\/p>\n<p><strong>Det beste stedet \u00e5 Kj\u00f8p AL-LAD 150mcg Blotters Online<\/strong><\/p>\n<p>Hvis du vil <a href=\"https:\/\/gooddealersmeds.com\/no\/product\/al-lad-150mcg-blotters\/\">kj\u00f8pe AL-LAD 150mcg Blotters online<\/a>, du har nettopp landet p\u00e5 det beste stedet. GoodDealersMeds tilbyr AL-LAD 150mcg Blotters til rimelige priser p\u00e5 alle bestillinger som legges inn via nettstedet v\u00e5rt ELLER gjennom anrop mottatt p\u00e5 +31645886273.<\/p>\n<p>Kj\u00f8p AL-LAD 150mcg Blotters Online i dag for \u00e5 spare noen kroner.<\/p>\n","protected":false},"excerpt":{"rendered":"<p>AL-LAD, teknisk referert til som 6-allyl-6-nor-lysergsyredietylamid, er en relativt ny analog av LSD-25. Det antas \u00e5 ha en lignende virkningsmekanisme, og virker prim\u00e6rt ved \u00e5 binde seg til hjernens serotoninreseptorer. Det antas ogs\u00e5 \u00e5 v\u00e6re et prodrug av LSD-25, selv om dette ikke er bekreftet i laboratoriemilj\u00f8er.<\/p>\n","protected":false},"featured_media":1987,"comment_status":"open","ping_status":"closed","template":"","meta":{"inline_featured_image":false},"product_brand":[],"product_cat":[345],"product_tag":[],"class_list":{"0":"post-1986","1":"product","2":"type-product","3":"status-publish","4":"has-post-thumbnail","6":"product_cat-psykedeliske-stoffer","8":"first","9":"instock","10":"shipping-taxable","11":"purchasable","12":"product-type-variable","13":"has-default-attributes"},"yoast_head":"<!-- This site is optimized with the Yoast SEO Premium plugin v20.6 (Yoast SEO v27.3) - https:\/\/yoast.com\/product\/yoast-seo-premium-wordpress\/ -->\n<title>Kj\u00f8p AL-LAD Blotters Online 150mcg | AL-LAD-bestilling \u2013 Good Dealers Meds<\/title>\n<meta name=\"description\" content=\"Kj\u00f8p AL-LAD Blotters Online (6-allyl-6-nor-LSD eller N-AN-ally-nor-lysergic) er et psykedelisk kjemikalie av Lysergamide-klassen.\" \/>\n<meta name=\"robots\" content=\"index, follow, max-snippet:-1, max-image-preview:large, max-video-preview:-1\" \/>\n<link rel=\"canonical\" href=\"https:\/\/gooddealersmeds.com\/no\/product\/al-lad-150mcg-blottere\/\" \/>\n<meta property=\"og:locale\" content=\"en_US\" \/>\n<meta property=\"og:type\" content=\"article\" \/>\n<meta property=\"og:title\" content=\"Kj\u00f8p AL-LAD 150mcg Blotters\" \/>\n<meta property=\"og:description\" content=\"Kj\u00f8p AL-LAD Blotters Online (6-allyl-6-nor-LSD eller N-AN-ally-nor-lysergic) er et psykedelisk kjemikalie av Lysergamide-klassen.\" \/>\n<meta property=\"og:url\" content=\"https:\/\/gooddealersmeds.com\/no\/product\/al-lad-150mcg-blottere\/\" \/>\n<meta property=\"og:site_name\" content=\"Good Dealers Meds\" \/>\n<meta property=\"article:modified_time\" content=\"2022-10-03T21:22:50+00:00\" \/>\n<meta property=\"og:image\" content=\"https:\/\/gooddealersmeds.com\/no\/wp-content\/uploads\/sites\/8\/2022\/07\/AL-LAD-150mcg-Blotters.webp\" \/>\n\t<meta property=\"og:image:width\" content=\"1553\" \/>\n\t<meta property=\"og:image:height\" content=\"1553\" \/>\n\t<meta property=\"og:image:type\" content=\"image\/webp\" \/>\n<meta name=\"twitter:card\" content=\"summary_large_image\" \/>\n<meta name=\"twitter:label1\" content=\"Est. reading time\" \/>\n\t<meta name=\"twitter:data1\" content=\"1 minute\" \/>\n<script type=\"application\/ld+json\" class=\"yoast-schema-graph\">{\"@context\":\"https:\\\/\\\/schema.org\",\"@graph\":[{\"@type\":\"WebPage\",\"@id\":\"https:\\\/\\\/gooddealersmeds.com\\\/no\\\/product\\\/al-lad-150mcg-blottere\\\/\",\"url\":\"https:\\\/\\\/gooddealersmeds.com\\\/no\\\/product\\\/al-lad-150mcg-blottere\\\/\",\"name\":\"Kj\u00f8p AL-LAD Blotters Online 150mcg | AL-LAD-bestilling \u2013 Good Dealers Meds\",\"isPartOf\":{\"@id\":\"https:\\\/\\\/gooddealersmeds.com\\\/no\\\/#website\"},\"primaryImageOfPage\":{\"@id\":\"https:\\\/\\\/gooddealersmeds.com\\\/no\\\/product\\\/al-lad-150mcg-blottere\\\/#primaryimage\"},\"image\":{\"@id\":\"https:\\\/\\\/gooddealersmeds.com\\\/no\\\/product\\\/al-lad-150mcg-blottere\\\/#primaryimage\"},\"thumbnailUrl\":\"https:\\\/\\\/gooddealersmeds.com\\\/no\\\/wp-content\\\/uploads\\\/sites\\\/8\\\/2022\\\/07\\\/AL-LAD-150mcg-Blotters.webp\",\"datePublished\":\"2022-07-03T13:54:43+00:00\",\"dateModified\":\"2022-10-03T21:22:50+00:00\",\"description\":\"Kj\u00f8p AL-LAD Blotters Online (6-allyl-6-nor-LSD eller N-AN-ally-nor-lysergic) er et psykedelisk kjemikalie av Lysergamide-klassen.\",\"breadcrumb\":{\"@id\":\"https:\\\/\\\/gooddealersmeds.com\\\/no\\\/product\\\/al-lad-150mcg-blottere\\\/#breadcrumb\"},\"inLanguage\":\"en-US\",\"potentialAction\":[{\"@type\":\"ReadAction\",\"target\":[\"https:\\\/\\\/gooddealersmeds.com\\\/no\\\/product\\\/al-lad-150mcg-blottere\\\/\"]}]},{\"@type\":\"ImageObject\",\"inLanguage\":\"en-US\",\"@id\":\"https:\\\/\\\/gooddealersmeds.com\\\/no\\\/product\\\/al-lad-150mcg-blottere\\\/#primaryimage\",\"url\":\"https:\\\/\\\/gooddealersmeds.com\\\/no\\\/wp-content\\\/uploads\\\/sites\\\/8\\\/2022\\\/07\\\/AL-LAD-150mcg-Blotters.webp\",\"contentUrl\":\"https:\\\/\\\/gooddealersmeds.com\\\/no\\\/wp-content\\\/uploads\\\/sites\\\/8\\\/2022\\\/07\\\/AL-LAD-150mcg-Blotters.webp\",\"width\":1553,\"height\":1553,\"caption\":\"AL-LAD Blotters\"},{\"@type\":\"BreadcrumbList\",\"@id\":\"https:\\\/\\\/gooddealersmeds.com\\\/no\\\/product\\\/al-lad-150mcg-blottere\\\/#breadcrumb\",\"itemListElement\":[{\"@type\":\"ListItem\",\"position\":1,\"name\":\"Home\",\"item\":\"https:\\\/\\\/gooddealersmeds.com\\\/no\\\/\"},{\"@type\":\"ListItem\",\"position\":2,\"name\":\"Produkter\",\"item\":\"https:\\\/\\\/gooddealersmeds.com\\\/no\\\/produkter\\\/\"},{\"@type\":\"ListItem\",\"position\":3,\"name\":\"Kj\u00f8p AL-LAD 150mcg Blotters\"}]},{\"@type\":\"WebSite\",\"@id\":\"https:\\\/\\\/gooddealersmeds.com\\\/no\\\/#website\",\"url\":\"https:\\\/\\\/gooddealersmeds.com\\\/no\\\/\",\"name\":\"Good Dealers Meds\",\"description\":\"All our best\",\"publisher\":{\"@id\":\"https:\\\/\\\/gooddealersmeds.com\\\/no\\\/#organization\"},\"potentialAction\":[{\"@type\":\"SearchAction\",\"target\":{\"@type\":\"EntryPoint\",\"urlTemplate\":\"https:\\\/\\\/gooddealersmeds.com\\\/no\\\/?s={search_term_string}\"},\"query-input\":{\"@type\":\"PropertyValueSpecification\",\"valueRequired\":true,\"valueName\":\"search_term_string\"}}],\"inLanguage\":\"en-US\"},{\"@type\":\"Organization\",\"@id\":\"https:\\\/\\\/gooddealersmeds.com\\\/no\\\/#organization\",\"name\":\"Good Dealers Meds\",\"url\":\"https:\\\/\\\/gooddealersmeds.com\\\/no\\\/\",\"logo\":{\"@type\":\"ImageObject\",\"inLanguage\":\"en-US\",\"@id\":\"https:\\\/\\\/gooddealersmeds.com\\\/no\\\/#\\\/schema\\\/logo\\\/image\\\/\",\"url\":\"https:\\\/\\\/gooddealersmeds.com\\\/no\\\/wp-content\\\/uploads\\\/sites\\\/8\\\/2022\\\/03\\\/gooddealersmeds__logo__20220317T222800Z.00.png\",\"contentUrl\":\"https:\\\/\\\/gooddealersmeds.com\\\/no\\\/wp-content\\\/uploads\\\/sites\\\/8\\\/2022\\\/03\\\/gooddealersmeds__logo__20220317T222800Z.00.png\",\"width\":500,\"height\":325,\"caption\":\"Good Dealers Meds\"},\"image\":{\"@id\":\"https:\\\/\\\/gooddealersmeds.com\\\/no\\\/#\\\/schema\\\/logo\\\/image\\\/\"}}]}<\/script>\n<!-- \/ Yoast SEO Premium plugin. -->","yoast_head_json":{"title":"Kj\u00f8p AL-LAD Blotters Online 150mcg | AL-LAD-bestilling \u2013 Good Dealers Meds","description":"Kj\u00f8p AL-LAD Blotters Online (6-allyl-6-nor-LSD eller N-AN-ally-nor-lysergic) er et psykedelisk kjemikalie av Lysergamide-klassen.","robots":{"index":"index","follow":"follow","max-snippet":"max-snippet:-1","max-image-preview":"max-image-preview:large","max-video-preview":"max-video-preview:-1"},"canonical":"https:\/\/gooddealersmeds.com\/no\/product\/al-lad-150mcg-blottere\/","og_locale":"en_US","og_type":"article","og_title":"Kj\u00f8p AL-LAD 150mcg Blotters","og_description":"Kj\u00f8p AL-LAD Blotters Online (6-allyl-6-nor-LSD eller N-AN-ally-nor-lysergic) er et psykedelisk kjemikalie av Lysergamide-klassen.","og_url":"https:\/\/gooddealersmeds.com\/no\/product\/al-lad-150mcg-blottere\/","og_site_name":"Good Dealers Meds","article_modified_time":"2022-10-03T21:22:50+00:00","og_image":[{"width":1553,"height":1553,"url":"https:\/\/gooddealersmeds.com\/no\/wp-content\/uploads\/sites\/8\/2022\/07\/AL-LAD-150mcg-Blotters.webp","type":"image\/webp"}],"twitter_card":"summary_large_image","twitter_misc":{"Est. reading time":"1 minute"},"schema":{"@context":"https:\/\/schema.org","@graph":[{"@type":"WebPage","@id":"https:\/\/gooddealersmeds.com\/no\/product\/al-lad-150mcg-blottere\/","url":"https:\/\/gooddealersmeds.com\/no\/product\/al-lad-150mcg-blottere\/","name":"Kj\u00f8p AL-LAD Blotters Online 150mcg | AL-LAD-bestilling \u2013 Good Dealers Meds","isPartOf":{"@id":"https:\/\/gooddealersmeds.com\/no\/#website"},"primaryImageOfPage":{"@id":"https:\/\/gooddealersmeds.com\/no\/product\/al-lad-150mcg-blottere\/#primaryimage"},"image":{"@id":"https:\/\/gooddealersmeds.com\/no\/product\/al-lad-150mcg-blottere\/#primaryimage"},"thumbnailUrl":"https:\/\/gooddealersmeds.com\/no\/wp-content\/uploads\/sites\/8\/2022\/07\/AL-LAD-150mcg-Blotters.webp","datePublished":"2022-07-03T13:54:43+00:00","dateModified":"2022-10-03T21:22:50+00:00","description":"Kj\u00f8p AL-LAD Blotters Online (6-allyl-6-nor-LSD eller N-AN-ally-nor-lysergic) er et psykedelisk kjemikalie av Lysergamide-klassen.","breadcrumb":{"@id":"https:\/\/gooddealersmeds.com\/no\/product\/al-lad-150mcg-blottere\/#breadcrumb"},"inLanguage":"en-US","potentialAction":[{"@type":"ReadAction","target":["https:\/\/gooddealersmeds.com\/no\/product\/al-lad-150mcg-blottere\/"]}]},{"@type":"ImageObject","inLanguage":"en-US","@id":"https:\/\/gooddealersmeds.com\/no\/product\/al-lad-150mcg-blottere\/#primaryimage","url":"https:\/\/gooddealersmeds.com\/no\/wp-content\/uploads\/sites\/8\/2022\/07\/AL-LAD-150mcg-Blotters.webp","contentUrl":"https:\/\/gooddealersmeds.com\/no\/wp-content\/uploads\/sites\/8\/2022\/07\/AL-LAD-150mcg-Blotters.webp","width":1553,"height":1553,"caption":"AL-LAD Blotters"},{"@type":"BreadcrumbList","@id":"https:\/\/gooddealersmeds.com\/no\/product\/al-lad-150mcg-blottere\/#breadcrumb","itemListElement":[{"@type":"ListItem","position":1,"name":"Home","item":"https:\/\/gooddealersmeds.com\/no\/"},{"@type":"ListItem","position":2,"name":"Produkter","item":"https:\/\/gooddealersmeds.com\/no\/produkter\/"},{"@type":"ListItem","position":3,"name":"Kj\u00f8p AL-LAD 150mcg Blotters"}]},{"@type":"WebSite","@id":"https:\/\/gooddealersmeds.com\/no\/#website","url":"https:\/\/gooddealersmeds.com\/no\/","name":"Good Dealers Meds","description":"All our best","publisher":{"@id":"https:\/\/gooddealersmeds.com\/no\/#organization"},"potentialAction":[{"@type":"SearchAction","target":{"@type":"EntryPoint","urlTemplate":"https:\/\/gooddealersmeds.com\/no\/?s={search_term_string}"},"query-input":{"@type":"PropertyValueSpecification","valueRequired":true,"valueName":"search_term_string"}}],"inLanguage":"en-US"},{"@type":"Organization","@id":"https:\/\/gooddealersmeds.com\/no\/#organization","name":"Good Dealers Meds","url":"https:\/\/gooddealersmeds.com\/no\/","logo":{"@type":"ImageObject","inLanguage":"en-US","@id":"https:\/\/gooddealersmeds.com\/no\/#\/schema\/logo\/image\/","url":"https:\/\/gooddealersmeds.com\/no\/wp-content\/uploads\/sites\/8\/2022\/03\/gooddealersmeds__logo__20220317T222800Z.00.png","contentUrl":"https:\/\/gooddealersmeds.com\/no\/wp-content\/uploads\/sites\/8\/2022\/03\/gooddealersmeds__logo__20220317T222800Z.00.png","width":500,"height":325,"caption":"Good Dealers Meds"},"image":{"@id":"https:\/\/gooddealersmeds.com\/no\/#\/schema\/logo\/image\/"}}]}},"_links":{"self":[{"href":"https:\/\/gooddealersmeds.com\/no\/wp-json\/wp\/v2\/product\/1986","targetHints":{"allow":["GET"]}}],"collection":[{"href":"https:\/\/gooddealersmeds.com\/no\/wp-json\/wp\/v2\/product"}],"about":[{"href":"https:\/\/gooddealersmeds.com\/no\/wp-json\/wp\/v2\/types\/product"}],"replies":[{"embeddable":true,"href":"https:\/\/gooddealersmeds.com\/no\/wp-json\/wp\/v2\/comments?post=1986"}],"wp:featuredmedia":[{"embeddable":true,"href":"https:\/\/gooddealersmeds.com\/no\/wp-json\/wp\/v2\/media\/1987"}],"wp:attachment":[{"href":"https:\/\/gooddealersmeds.com\/no\/wp-json\/wp\/v2\/media?parent=1986"}],"wp:term":[{"taxonomy":"product_brand","embeddable":true,"href":"https:\/\/gooddealersmeds.com\/no\/wp-json\/wp\/v2\/product_brand?post=1986"},{"taxonomy":"product_cat","embeddable":true,"href":"https:\/\/gooddealersmeds.com\/no\/wp-json\/wp\/v2\/product_cat?post=1986"},{"taxonomy":"product_tag","embeddable":true,"href":"https:\/\/gooddealersmeds.com\/no\/wp-json\/wp\/v2\/product_tag?post=1986"}],"curies":[{"name":"wp","href":"https:\/\/api.w.org\/{rel}","templated":true}]}}