{"id":1984,"date":"2022-07-03T13:39:25","date_gmt":"2022-07-03T13:39:25","guid":{"rendered":"https:\/\/gooddealersmeds.com\/no\/?post_type=product&#038;p=1984"},"modified":"2022-10-03T21:22:58","modified_gmt":"2022-10-03T21:22:58","slug":"kjop-gamma-hydroksybutyrat-ghb-vaeske","status":"publish","type":"product","link":"https:\/\/gooddealersmeds.com\/no\/product\/kjop-gamma-hydroksybutyrat-ghb-vaeske\/","title":{"rendered":"Kj\u00f8p Gamma Hydroxybutyrate (GHB) v\u00e6ske"},"content":{"rendered":"<h1><strong>Kj\u00f8p flytende gammahydroksybutyrat (GHB) p\u00e5 nettet <\/strong><\/h1>\n<p>Gammahydroksybutyrat (GHB) er et dempende middel som kan tas oralt, via injeksjon eller fordampes i en medikamentfordamper. Det er en klar v\u00e6ske med beroligende effekter og kan for\u00e5rsake d\u00f8sighet og nedsatt motorisk funksjon. Kj\u00f8p Gamma Hydroxybutyrate Liquid<\/p>\n<p>GHB blir noen ganger referert til som et &#8220;designer drug&#8221; eller &#8220;<a href=\"https:\/\/gooddealersmeds.com\/no\/product\/buy-gamma-hydroxybutyrate-ghb-liquid \/\">flytende ecstasy<\/a>&#8221; fordi den opprinnelig ble utviklet p\u00e5 1960-tallet av forskere. Det opprinnelige form\u00e5let med GHB var \u00e5 hjelpe personer som lider av narkolepsi til \u00e5 sovne lettere; Imidlertid ble denne medisinen snart popul\u00e6r blant klubbgjengere og klubbgjengere som brukte den som et stoff for \u00e5 nyte \u00e5 v\u00e6re full uten \u00e5 faktisk bli beruset. Siden den gang har GHB blitt brukt p\u00e5 mange andre m\u00e5ter: for behandling av overdreven s\u00f8vnighet p\u00e5 dagtid og noen ganger opioider.<\/p>\n<p><strong>\u00a0<\/strong><\/p>\n<p><strong>Hvorfor kj\u00f8pe GHB online? <\/strong><\/p>\n<p><strong>\u00a0<\/strong><\/p>\n<p>Det er mange grunner til \u00e5 kj\u00f8pe GHB-v\u00e6sken p\u00e5 nettet. La oss fortelle deg noen av dem:<\/p>\n<ul>\n<li>Ved \u00e5 kj\u00f8pe GHB p\u00e5 nettet kan du kj\u00f8pe stoffet ditt til attraktive priser. Noen ganger tilbyr nettapoteker ogs\u00e5 lojalitetskort eller kampanjekoder for \u00e5 benytte deg av rabattmulighetene.<\/li>\n<li>Du finner flere nettsteder p\u00e5 nettet som selger GHB-v\u00e6ske. S\u00e5 det er lettere \u00e5 sammenligne priser p\u00e5 nettet.<\/li>\n<li>Medikamenter som gammahydroksybutyrat (GHB) er ofte sjeldne \u00e5 finne p\u00e5 apotek. Derfor kan du kj\u00f8pe dem p\u00e5 nettet.<\/li>\n<li>F\u00e5 bestillingen din ved \u00e5 trykke p\u00e5 noen f\u00e5 knapper \u2013 s\u00e5 enkelt er det!<\/li>\n<\/ul>\n<p><strong>\u00a0<\/strong><\/p>\n<p><strong>Hvor kan jeg kj\u00f8pe GHB p\u00e5 nettet?<\/strong><\/p>\n<p>&nbsp;<\/p>\n<p>Mange apotek tilbyr GHB p\u00e5 nettet, men det beste stedet er GoodDealersMeds. Vi tilbyr gratis frakt slik at du kan bestille favorittmedisinene dine raskt og enkelt fra hvor som helst i verden.<\/p>\n","protected":false},"excerpt":{"rendered":"<p>Gamma-hydroksybutyrat er et beroligende middel som brukes b\u00e5de som et reseptbelagte sovemiddel og som et rekreasjonsrus hvor man kan f\u00e5 tak i GHB. Det er kjent for sin evne til \u00e5 indusere en kort (flere timer) koma-lignende s\u00f8vn ved h\u00f8ye doser.<\/p>\n","protected":false},"featured_media":1985,"comment_status":"open","ping_status":"closed","template":"","meta":{"inline_featured_image":false},"product_brand":[],"product_cat":[345],"product_tag":[525,542,551,523,527,541,546,547,552,529,543,531,532,533,535,526,545,536,553,550,524,528,544,540,537,549,534,539,555,554,530,538,548],"class_list":{"0":"post-1984","1":"product","2":"type-product","3":"status-publish","4":"has-post-thumbnail","6":"product_cat-psykedeliske-stoffer","7":"product_tag-billig-dieldrin-online","8":"product_tag-billig-gamma-hydroksybutyrat-online","9":"product_tag-buy-bromomethane-online","10":"product_tag-buy-dieldrin-online","11":"product_tag-buy-endosulfan-online","12":"product_tag-buy-legal-gamma-hydroxybutyrate-online","13":"product_tag-buy-wholesale-gamma-butyrolactone","14":"product_tag-buy-wholesale-gamma-butyrolactone-online","15":"product_tag-engros-brommetan-online","16":"product_tag-engros-endosulfan-online","17":"product_tag-gamma-butyrolakton-engrossalg","18":"product_tag-gamma-butyrolakton-som-et-medikament","19":"product_tag-gamma-butyrolakton-til-salg","20":"product_tag-ghb-buy-australia","21":"product_tag-ghb-buy-canada","22":"product_tag-how-to-buy-dieldrin-online","23":"product_tag-how-to-buy-gamma-butyrolactone","24":"product_tag-hvor-kan-bestille-ghb-online","25":"product_tag-hvor-kan-kjpe-brommetan-online","26":"product_tag-hvor-kan-kjpes-forhandler-gamma-butyrolakton-online","27":"product_tag-hvor-kan-kjpe-dieldrin-online","28":"product_tag-hvor-kan-kjpe-endosulfan-online","29":"product_tag-hvor-kan-kjpes-gamma-butyrolakton","30":"product_tag-hvor-kan-kjpe-gamma-hydroksybutyrat-online","31":"product_tag-hvordan-bestille-ghb-online","32":"product_tag-kjp-forhandler-gamma-butyrolakton","33":"product_tag-gamma-hydroksybutyrat-kjp","34":"product_tag-kjp-gamma-hydroksybutyrat-online","35":"product_tag-kjp-metylheksanamin-online","36":"product_tag-lovlig-brommetan-online","37":"product_tag-lovlig-endosulfan-online","38":"product_tag-lovlig-gamma-hydroksybutyrat-online","39":"product_tag-where-to-buy-whole-sale-gamma-butyrolactone","41":"first","42":"instock","43":"shipping-taxable","44":"purchasable","45":"product-type-simple"},"yoast_head":"<!-- This site is optimized with the Yoast SEO Premium plugin v20.6 (Yoast SEO v27.3) - https:\/\/yoast.com\/product\/yoast-seo-premium-wordpress\/ -->\n<title>Kj\u00f8p Gamma Hydroxybutyrate Liquid (GHB) | Good Dealers Meds<\/title>\n<meta name=\"description\" content=\"Kj\u00f8p Gamma-hydroksybutyrat-v\u00e6ske p\u00e5 nett fra v\u00e5re forhandlere, brukt b\u00e5de som reseptbelagte sovemidler og som rekreasjonsrus.\" \/>\n<meta name=\"robots\" content=\"index, follow, max-snippet:-1, max-image-preview:large, max-video-preview:-1\" \/>\n<link rel=\"canonical\" href=\"https:\/\/gooddealersmeds.com\/no\/product\/kjop-gamma-hydroksybutyrat-ghb-vaeske\/\" \/>\n<meta property=\"og:locale\" content=\"en_US\" \/>\n<meta property=\"og:type\" content=\"article\" \/>\n<meta property=\"og:title\" content=\"Kj\u00f8p Gamma Hydroxybutyrate (GHB) v\u00e6ske\" \/>\n<meta property=\"og:description\" content=\"Kj\u00f8p Gamma-hydroksybutyrat-v\u00e6ske p\u00e5 nett fra v\u00e5re forhandlere, brukt b\u00e5de som reseptbelagte sovemidler og som rekreasjonsrus.\" \/>\n<meta property=\"og:url\" content=\"https:\/\/gooddealersmeds.com\/no\/product\/kjop-gamma-hydroksybutyrat-ghb-vaeske\/\" \/>\n<meta property=\"og:site_name\" content=\"Good Dealers Meds\" \/>\n<meta property=\"article:modified_time\" content=\"2022-10-03T21:22:58+00:00\" \/>\n<meta property=\"og:image\" content=\"https:\/\/gooddealersmeds.com\/no\/wp-content\/uploads\/sites\/8\/2022\/07\/Buy-Gamma-Hydroxybutyrate-Ghb-Liquid.jpg\" \/>\n\t<meta property=\"og:image:width\" content=\"600\" \/>\n\t<meta property=\"og:image:height\" content=\"600\" \/>\n\t<meta property=\"og:image:type\" content=\"image\/jpeg\" \/>\n<meta name=\"twitter:card\" content=\"summary_large_image\" \/>\n<meta name=\"twitter:label1\" content=\"Est. reading time\" \/>\n\t<meta name=\"twitter:data1\" content=\"1 minute\" \/>\n<script type=\"application\/ld+json\" class=\"yoast-schema-graph\">{\"@context\":\"https:\\\/\\\/schema.org\",\"@graph\":[{\"@type\":\"WebPage\",\"@id\":\"https:\\\/\\\/gooddealersmeds.com\\\/no\\\/product\\\/kjop-gamma-hydroksybutyrat-ghb-vaeske\\\/\",\"url\":\"https:\\\/\\\/gooddealersmeds.com\\\/no\\\/product\\\/kjop-gamma-hydroksybutyrat-ghb-vaeske\\\/\",\"name\":\"Kj\u00f8p Gamma Hydroxybutyrate Liquid (GHB) | Good Dealers Meds\",\"isPartOf\":{\"@id\":\"https:\\\/\\\/gooddealersmeds.com\\\/no\\\/#website\"},\"primaryImageOfPage\":{\"@id\":\"https:\\\/\\\/gooddealersmeds.com\\\/no\\\/product\\\/kjop-gamma-hydroksybutyrat-ghb-vaeske\\\/#primaryimage\"},\"image\":{\"@id\":\"https:\\\/\\\/gooddealersmeds.com\\\/no\\\/product\\\/kjop-gamma-hydroksybutyrat-ghb-vaeske\\\/#primaryimage\"},\"thumbnailUrl\":\"https:\\\/\\\/gooddealersmeds.com\\\/no\\\/wp-content\\\/uploads\\\/sites\\\/8\\\/2022\\\/07\\\/Buy-Gamma-Hydroxybutyrate-Ghb-Liquid.jpg\",\"datePublished\":\"2022-07-03T13:39:25+00:00\",\"dateModified\":\"2022-10-03T21:22:58+00:00\",\"description\":\"Kj\u00f8p Gamma-hydroksybutyrat-v\u00e6ske p\u00e5 nett fra v\u00e5re forhandlere, brukt b\u00e5de som reseptbelagte sovemidler og som rekreasjonsrus.\",\"breadcrumb\":{\"@id\":\"https:\\\/\\\/gooddealersmeds.com\\\/no\\\/product\\\/kjop-gamma-hydroksybutyrat-ghb-vaeske\\\/#breadcrumb\"},\"inLanguage\":\"en-US\",\"potentialAction\":[{\"@type\":\"ReadAction\",\"target\":[\"https:\\\/\\\/gooddealersmeds.com\\\/no\\\/product\\\/kjop-gamma-hydroksybutyrat-ghb-vaeske\\\/\"]}]},{\"@type\":\"ImageObject\",\"inLanguage\":\"en-US\",\"@id\":\"https:\\\/\\\/gooddealersmeds.com\\\/no\\\/product\\\/kjop-gamma-hydroksybutyrat-ghb-vaeske\\\/#primaryimage\",\"url\":\"https:\\\/\\\/gooddealersmeds.com\\\/no\\\/wp-content\\\/uploads\\\/sites\\\/8\\\/2022\\\/07\\\/Buy-Gamma-Hydroxybutyrate-Ghb-Liquid.jpg\",\"contentUrl\":\"https:\\\/\\\/gooddealersmeds.com\\\/no\\\/wp-content\\\/uploads\\\/sites\\\/8\\\/2022\\\/07\\\/Buy-Gamma-Hydroxybutyrate-Ghb-Liquid.jpg\",\"width\":600,\"height\":600,\"caption\":\"Buy Gamma Hydroxybutyrate Liquid\"},{\"@type\":\"BreadcrumbList\",\"@id\":\"https:\\\/\\\/gooddealersmeds.com\\\/no\\\/product\\\/kjop-gamma-hydroksybutyrat-ghb-vaeske\\\/#breadcrumb\",\"itemListElement\":[{\"@type\":\"ListItem\",\"position\":1,\"name\":\"Home\",\"item\":\"https:\\\/\\\/gooddealersmeds.com\\\/no\\\/\"},{\"@type\":\"ListItem\",\"position\":2,\"name\":\"Produkter\",\"item\":\"https:\\\/\\\/gooddealersmeds.com\\\/no\\\/produkter\\\/\"},{\"@type\":\"ListItem\",\"position\":3,\"name\":\"Kj\u00f8p Gamma Hydroxybutyrate (GHB) v\u00e6ske\"}]},{\"@type\":\"WebSite\",\"@id\":\"https:\\\/\\\/gooddealersmeds.com\\\/no\\\/#website\",\"url\":\"https:\\\/\\\/gooddealersmeds.com\\\/no\\\/\",\"name\":\"Good Dealers Meds\",\"description\":\"All our best\",\"publisher\":{\"@id\":\"https:\\\/\\\/gooddealersmeds.com\\\/no\\\/#organization\"},\"potentialAction\":[{\"@type\":\"SearchAction\",\"target\":{\"@type\":\"EntryPoint\",\"urlTemplate\":\"https:\\\/\\\/gooddealersmeds.com\\\/no\\\/?s={search_term_string}\"},\"query-input\":{\"@type\":\"PropertyValueSpecification\",\"valueRequired\":true,\"valueName\":\"search_term_string\"}}],\"inLanguage\":\"en-US\"},{\"@type\":\"Organization\",\"@id\":\"https:\\\/\\\/gooddealersmeds.com\\\/no\\\/#organization\",\"name\":\"Good Dealers Meds\",\"url\":\"https:\\\/\\\/gooddealersmeds.com\\\/no\\\/\",\"logo\":{\"@type\":\"ImageObject\",\"inLanguage\":\"en-US\",\"@id\":\"https:\\\/\\\/gooddealersmeds.com\\\/no\\\/#\\\/schema\\\/logo\\\/image\\\/\",\"url\":\"https:\\\/\\\/gooddealersmeds.com\\\/no\\\/wp-content\\\/uploads\\\/sites\\\/8\\\/2022\\\/03\\\/gooddealersmeds__logo__20220317T222800Z.00.png\",\"contentUrl\":\"https:\\\/\\\/gooddealersmeds.com\\\/no\\\/wp-content\\\/uploads\\\/sites\\\/8\\\/2022\\\/03\\\/gooddealersmeds__logo__20220317T222800Z.00.png\",\"width\":500,\"height\":325,\"caption\":\"Good Dealers Meds\"},\"image\":{\"@id\":\"https:\\\/\\\/gooddealersmeds.com\\\/no\\\/#\\\/schema\\\/logo\\\/image\\\/\"}}]}<\/script>\n<!-- \/ Yoast SEO Premium plugin. -->","yoast_head_json":{"title":"Kj\u00f8p Gamma Hydroxybutyrate Liquid (GHB) | Good Dealers Meds","description":"Kj\u00f8p Gamma-hydroksybutyrat-v\u00e6ske p\u00e5 nett fra v\u00e5re forhandlere, brukt b\u00e5de som reseptbelagte sovemidler og som rekreasjonsrus.","robots":{"index":"index","follow":"follow","max-snippet":"max-snippet:-1","max-image-preview":"max-image-preview:large","max-video-preview":"max-video-preview:-1"},"canonical":"https:\/\/gooddealersmeds.com\/no\/product\/kjop-gamma-hydroksybutyrat-ghb-vaeske\/","og_locale":"en_US","og_type":"article","og_title":"Kj\u00f8p Gamma Hydroxybutyrate (GHB) v\u00e6ske","og_description":"Kj\u00f8p Gamma-hydroksybutyrat-v\u00e6ske p\u00e5 nett fra v\u00e5re forhandlere, brukt b\u00e5de som reseptbelagte sovemidler og som rekreasjonsrus.","og_url":"https:\/\/gooddealersmeds.com\/no\/product\/kjop-gamma-hydroksybutyrat-ghb-vaeske\/","og_site_name":"Good Dealers Meds","article_modified_time":"2022-10-03T21:22:58+00:00","og_image":[{"width":600,"height":600,"url":"https:\/\/gooddealersmeds.com\/no\/wp-content\/uploads\/sites\/8\/2022\/07\/Buy-Gamma-Hydroxybutyrate-Ghb-Liquid.jpg","type":"image\/jpeg"}],"twitter_card":"summary_large_image","twitter_misc":{"Est. reading time":"1 minute"},"schema":{"@context":"https:\/\/schema.org","@graph":[{"@type":"WebPage","@id":"https:\/\/gooddealersmeds.com\/no\/product\/kjop-gamma-hydroksybutyrat-ghb-vaeske\/","url":"https:\/\/gooddealersmeds.com\/no\/product\/kjop-gamma-hydroksybutyrat-ghb-vaeske\/","name":"Kj\u00f8p Gamma Hydroxybutyrate Liquid (GHB) | Good Dealers Meds","isPartOf":{"@id":"https:\/\/gooddealersmeds.com\/no\/#website"},"primaryImageOfPage":{"@id":"https:\/\/gooddealersmeds.com\/no\/product\/kjop-gamma-hydroksybutyrat-ghb-vaeske\/#primaryimage"},"image":{"@id":"https:\/\/gooddealersmeds.com\/no\/product\/kjop-gamma-hydroksybutyrat-ghb-vaeske\/#primaryimage"},"thumbnailUrl":"https:\/\/gooddealersmeds.com\/no\/wp-content\/uploads\/sites\/8\/2022\/07\/Buy-Gamma-Hydroxybutyrate-Ghb-Liquid.jpg","datePublished":"2022-07-03T13:39:25+00:00","dateModified":"2022-10-03T21:22:58+00:00","description":"Kj\u00f8p Gamma-hydroksybutyrat-v\u00e6ske p\u00e5 nett fra v\u00e5re forhandlere, brukt b\u00e5de som reseptbelagte sovemidler og som rekreasjonsrus.","breadcrumb":{"@id":"https:\/\/gooddealersmeds.com\/no\/product\/kjop-gamma-hydroksybutyrat-ghb-vaeske\/#breadcrumb"},"inLanguage":"en-US","potentialAction":[{"@type":"ReadAction","target":["https:\/\/gooddealersmeds.com\/no\/product\/kjop-gamma-hydroksybutyrat-ghb-vaeske\/"]}]},{"@type":"ImageObject","inLanguage":"en-US","@id":"https:\/\/gooddealersmeds.com\/no\/product\/kjop-gamma-hydroksybutyrat-ghb-vaeske\/#primaryimage","url":"https:\/\/gooddealersmeds.com\/no\/wp-content\/uploads\/sites\/8\/2022\/07\/Buy-Gamma-Hydroxybutyrate-Ghb-Liquid.jpg","contentUrl":"https:\/\/gooddealersmeds.com\/no\/wp-content\/uploads\/sites\/8\/2022\/07\/Buy-Gamma-Hydroxybutyrate-Ghb-Liquid.jpg","width":600,"height":600,"caption":"Buy Gamma Hydroxybutyrate Liquid"},{"@type":"BreadcrumbList","@id":"https:\/\/gooddealersmeds.com\/no\/product\/kjop-gamma-hydroksybutyrat-ghb-vaeske\/#breadcrumb","itemListElement":[{"@type":"ListItem","position":1,"name":"Home","item":"https:\/\/gooddealersmeds.com\/no\/"},{"@type":"ListItem","position":2,"name":"Produkter","item":"https:\/\/gooddealersmeds.com\/no\/produkter\/"},{"@type":"ListItem","position":3,"name":"Kj\u00f8p Gamma Hydroxybutyrate (GHB) v\u00e6ske"}]},{"@type":"WebSite","@id":"https:\/\/gooddealersmeds.com\/no\/#website","url":"https:\/\/gooddealersmeds.com\/no\/","name":"Good Dealers Meds","description":"All our best","publisher":{"@id":"https:\/\/gooddealersmeds.com\/no\/#organization"},"potentialAction":[{"@type":"SearchAction","target":{"@type":"EntryPoint","urlTemplate":"https:\/\/gooddealersmeds.com\/no\/?s={search_term_string}"},"query-input":{"@type":"PropertyValueSpecification","valueRequired":true,"valueName":"search_term_string"}}],"inLanguage":"en-US"},{"@type":"Organization","@id":"https:\/\/gooddealersmeds.com\/no\/#organization","name":"Good Dealers Meds","url":"https:\/\/gooddealersmeds.com\/no\/","logo":{"@type":"ImageObject","inLanguage":"en-US","@id":"https:\/\/gooddealersmeds.com\/no\/#\/schema\/logo\/image\/","url":"https:\/\/gooddealersmeds.com\/no\/wp-content\/uploads\/sites\/8\/2022\/03\/gooddealersmeds__logo__20220317T222800Z.00.png","contentUrl":"https:\/\/gooddealersmeds.com\/no\/wp-content\/uploads\/sites\/8\/2022\/03\/gooddealersmeds__logo__20220317T222800Z.00.png","width":500,"height":325,"caption":"Good Dealers Meds"},"image":{"@id":"https:\/\/gooddealersmeds.com\/no\/#\/schema\/logo\/image\/"}}]}},"_links":{"self":[{"href":"https:\/\/gooddealersmeds.com\/no\/wp-json\/wp\/v2\/product\/1984","targetHints":{"allow":["GET"]}}],"collection":[{"href":"https:\/\/gooddealersmeds.com\/no\/wp-json\/wp\/v2\/product"}],"about":[{"href":"https:\/\/gooddealersmeds.com\/no\/wp-json\/wp\/v2\/types\/product"}],"replies":[{"embeddable":true,"href":"https:\/\/gooddealersmeds.com\/no\/wp-json\/wp\/v2\/comments?post=1984"}],"wp:featuredmedia":[{"embeddable":true,"href":"https:\/\/gooddealersmeds.com\/no\/wp-json\/wp\/v2\/media\/1985"}],"wp:attachment":[{"href":"https:\/\/gooddealersmeds.com\/no\/wp-json\/wp\/v2\/media?parent=1984"}],"wp:term":[{"taxonomy":"product_brand","embeddable":true,"href":"https:\/\/gooddealersmeds.com\/no\/wp-json\/wp\/v2\/product_brand?post=1984"},{"taxonomy":"product_cat","embeddable":true,"href":"https:\/\/gooddealersmeds.com\/no\/wp-json\/wp\/v2\/product_cat?post=1984"},{"taxonomy":"product_tag","embeddable":true,"href":"https:\/\/gooddealersmeds.com\/no\/wp-json\/wp\/v2\/product_tag?post=1984"}],"curies":[{"name":"wp","href":"https:\/\/api.w.org\/{rel}","templated":true}]}}