{"id":1974,"date":"2022-07-03T13:35:45","date_gmt":"2022-07-03T13:35:45","guid":{"rendered":"https:\/\/gooddealersmeds.com\/no\/?post_type=product&#038;p=1974"},"modified":"2022-10-03T21:23:06","modified_gmt":"2022-10-03T21:23:06","slug":"gamma-hydroksybutyrat-ghb-pulver","status":"publish","type":"product","link":"https:\/\/gooddealersmeds.com\/no\/product\/gamma-hydroksybutyrat-ghb-pulver\/","title":{"rendered":"Kj\u00f8p Gamma Hydroxybutyrate (GHB) Pulver"},"content":{"rendered":"<p><strong>Kj\u00f8p Gamma Hydroxybutyrate (GHB) Powder Online<\/strong><\/p>\n<p>Gamma Hydroxybutyrate (GHB) pulver er et medikament som virker dempende p\u00e5 sentralnervesystemet, som p\u00e5virker hjernen, hjerte og andre organer. Det brukes til \u00e5 redusere angst, indusere s\u00f8vn og forbedre hum\u00f8ret. GHB-pulver kan brukes i sm\u00e5 mengder for \u00e5 behandle milde tilfeller av s\u00f8vnl\u00f8shet eller forhindre bakrus etter mye drikking.<\/p>\n<p>GHB-pulver eller v\u00e6ske er begge former for det samme stoffet, som inneholder Gamma HydroxyButyrate (GHB). Det er et vanedannende stoff som for\u00e5rsaker alkohollignende effekter p\u00e5 kropp og sinn n\u00e5r det konsumeres i store doser over tid.<\/p>\n<p>&nbsp;<\/p>\n<p><strong>Hvorfor<\/strong> <strong> &gt;Kj\u00f8pe Gamma Hydroxybutyrate (GHB) Powder Online?<\/strong><\/p>\n<p>\u00c5 kj\u00f8pe medisiner som GHB-pulver p\u00e5 nettet har gjort livet v\u00e5rt mye enklere. Det var ikke lett \u00e5 kj\u00f8pe slike rusmidler p\u00e5 nett f\u00f8r. \u00c5 kj\u00f8pe GHB-pulver p\u00e5 nett er n\u00e5 bare en knapp unna. Du trenger bare \u00e5 klikke p\u00e5 en knapp, og bestillingen er plassert.<\/p>\n<p>&nbsp;<\/p>\n<p><strong>Kj\u00f8p Gamma Hydroxybutyrate (GHB)-pulver n\u00e5.<\/strong><\/p>\n<p><a href=\"https:\/\/gooddealersmeds.com\/no\/product\/gamma-hydroxybutyrate-ghb-powder\/\">GHB-pulver<\/a> er tilgjengelig p\u00e5 nettet gjennom flere kilder, inkludert spesialapotek og nettbutikker . Det beste stedet \u00e5 kj\u00f8pe GHB p\u00e5 nettet er Good Dealers Meds, som gir mange alternativer for \u00e5 kj\u00f8pe dette popul\u00e6re illegale stoffet til en overkommelig pris.<\/p>\n<p>&nbsp;<\/p>\n<p>I tillegg til GoodDealersMeds brede utvalg av produkter og konkurransedyktige priser, brukere ogs\u00e5 dra nytte av Good Dealers Meds enest\u00e5ende kundeserviceteam, som gir eksepsjonell st\u00f8tte n\u00e5r det trengs.<\/p>\n","protected":false},"excerpt":{"rendered":"<p>Ser du etter hvor du kan kj\u00f8pe GHB-pulver? da kan vi levere et kvalitetsprodukt med n\u00f8yaktig h\u00f8y renhet til en rimelig pris.<\/p>\n","protected":false},"featured_media":1975,"comment_status":"open","ping_status":"closed","template":"","meta":{"inline_featured_image":false},"product_brand":[],"product_cat":[345],"product_tag":[519,520,522,517,521,518],"class_list":{"0":"post-1974","1":"product","2":"type-product","3":"status-publish","4":"has-post-thumbnail","6":"product_cat-psykedeliske-stoffer","7":"product_tag-ghb-pulver-kjp-p-nett","8":"product_tag-ghb-pulver-til-salg-online","9":"product_tag-hvor-kan-jeg-f-ghb-pulver","10":"product_tag-kjp-ghb-pulver-online-usa","11":"product_tag-kjp-ghb-pulver-online","12":"product_tag-kjp-ghb-kosttilskudd","14":"first","15":"instock","16":"shipping-taxable","17":"purchasable","18":"product-type-variable","19":"has-default-attributes"},"yoast_head":"<!-- This site is optimized with the Yoast SEO Premium plugin v20.6 (Yoast SEO v27.3) - https:\/\/yoast.com\/product\/yoast-seo-premium-wordpress\/ -->\n<title>Kj\u00f8p gammahydroksybutyratpulver (GHB) | Good Dealers Meds<\/title>\n<meta name=\"description\" content=\"Ser du etter hvor du kan kj\u00f8pe Gamma Hydroxybutyrate Powder? Vi kan levere deg et kvalitetsprodukt med n\u00f8yaktig h\u00f8y renhet til en rimelig pris.\" \/>\n<meta name=\"robots\" content=\"index, follow, max-snippet:-1, max-image-preview:large, max-video-preview:-1\" \/>\n<link rel=\"canonical\" href=\"https:\/\/gooddealersmeds.com\/no\/product\/gamma-hydroksybutyrat-ghb-pulver\/\" \/>\n<meta property=\"og:locale\" content=\"en_US\" \/>\n<meta property=\"og:type\" content=\"article\" \/>\n<meta property=\"og:title\" content=\"Kj\u00f8p Gamma Hydroxybutyrate (GHB) Pulver\" \/>\n<meta property=\"og:description\" content=\"Ser du etter hvor du kan kj\u00f8pe Gamma Hydroxybutyrate Powder? Vi kan levere deg et kvalitetsprodukt med n\u00f8yaktig h\u00f8y renhet til en rimelig pris.\" \/>\n<meta property=\"og:url\" content=\"https:\/\/gooddealersmeds.com\/no\/product\/gamma-hydroksybutyrat-ghb-pulver\/\" \/>\n<meta property=\"og:site_name\" content=\"Good Dealers Meds\" \/>\n<meta property=\"article:modified_time\" content=\"2022-10-03T21:23:06+00:00\" \/>\n<meta property=\"og:image\" content=\"https:\/\/gooddealersmeds.com\/no\/wp-content\/uploads\/sites\/8\/2022\/07\/Gamma-Hydroxybutyrate-Ghb-Powder.jpg\" \/>\n\t<meta property=\"og:image:width\" content=\"600\" \/>\n\t<meta property=\"og:image:height\" content=\"600\" \/>\n\t<meta property=\"og:image:type\" content=\"image\/jpeg\" \/>\n<meta name=\"twitter:card\" content=\"summary_large_image\" \/>\n<meta name=\"twitter:label1\" content=\"Est. reading time\" \/>\n\t<meta name=\"twitter:data1\" content=\"1 minute\" \/>\n<script type=\"application\/ld+json\" class=\"yoast-schema-graph\">{\"@context\":\"https:\\\/\\\/schema.org\",\"@graph\":[{\"@type\":\"WebPage\",\"@id\":\"https:\\\/\\\/gooddealersmeds.com\\\/no\\\/product\\\/gamma-hydroksybutyrat-ghb-pulver\\\/\",\"url\":\"https:\\\/\\\/gooddealersmeds.com\\\/no\\\/product\\\/gamma-hydroksybutyrat-ghb-pulver\\\/\",\"name\":\"Kj\u00f8p gammahydroksybutyratpulver (GHB) | Good Dealers Meds\",\"isPartOf\":{\"@id\":\"https:\\\/\\\/gooddealersmeds.com\\\/no\\\/#website\"},\"primaryImageOfPage\":{\"@id\":\"https:\\\/\\\/gooddealersmeds.com\\\/no\\\/product\\\/gamma-hydroksybutyrat-ghb-pulver\\\/#primaryimage\"},\"image\":{\"@id\":\"https:\\\/\\\/gooddealersmeds.com\\\/no\\\/product\\\/gamma-hydroksybutyrat-ghb-pulver\\\/#primaryimage\"},\"thumbnailUrl\":\"https:\\\/\\\/gooddealersmeds.com\\\/no\\\/wp-content\\\/uploads\\\/sites\\\/8\\\/2022\\\/07\\\/Gamma-Hydroxybutyrate-Ghb-Powder.jpg\",\"datePublished\":\"2022-07-03T13:35:45+00:00\",\"dateModified\":\"2022-10-03T21:23:06+00:00\",\"description\":\"Ser du etter hvor du kan kj\u00f8pe Gamma Hydroxybutyrate Powder? Vi kan levere deg et kvalitetsprodukt med n\u00f8yaktig h\u00f8y renhet til en rimelig pris.\",\"breadcrumb\":{\"@id\":\"https:\\\/\\\/gooddealersmeds.com\\\/no\\\/product\\\/gamma-hydroksybutyrat-ghb-pulver\\\/#breadcrumb\"},\"inLanguage\":\"en-US\",\"potentialAction\":[{\"@type\":\"ReadAction\",\"target\":[\"https:\\\/\\\/gooddealersmeds.com\\\/no\\\/product\\\/gamma-hydroksybutyrat-ghb-pulver\\\/\"]}]},{\"@type\":\"ImageObject\",\"inLanguage\":\"en-US\",\"@id\":\"https:\\\/\\\/gooddealersmeds.com\\\/no\\\/product\\\/gamma-hydroksybutyrat-ghb-pulver\\\/#primaryimage\",\"url\":\"https:\\\/\\\/gooddealersmeds.com\\\/no\\\/wp-content\\\/uploads\\\/sites\\\/8\\\/2022\\\/07\\\/Gamma-Hydroxybutyrate-Ghb-Powder.jpg\",\"contentUrl\":\"https:\\\/\\\/gooddealersmeds.com\\\/no\\\/wp-content\\\/uploads\\\/sites\\\/8\\\/2022\\\/07\\\/Gamma-Hydroxybutyrate-Ghb-Powder.jpg\",\"width\":600,\"height\":600,\"caption\":\"Buy Gamma Hydroxybutyrate Powder\"},{\"@type\":\"BreadcrumbList\",\"@id\":\"https:\\\/\\\/gooddealersmeds.com\\\/no\\\/product\\\/gamma-hydroksybutyrat-ghb-pulver\\\/#breadcrumb\",\"itemListElement\":[{\"@type\":\"ListItem\",\"position\":1,\"name\":\"Home\",\"item\":\"https:\\\/\\\/gooddealersmeds.com\\\/no\\\/\"},{\"@type\":\"ListItem\",\"position\":2,\"name\":\"Produkter\",\"item\":\"https:\\\/\\\/gooddealersmeds.com\\\/no\\\/produkter\\\/\"},{\"@type\":\"ListItem\",\"position\":3,\"name\":\"Kj\u00f8p Gamma Hydroxybutyrate (GHB) Pulver\"}]},{\"@type\":\"WebSite\",\"@id\":\"https:\\\/\\\/gooddealersmeds.com\\\/no\\\/#website\",\"url\":\"https:\\\/\\\/gooddealersmeds.com\\\/no\\\/\",\"name\":\"Good Dealers Meds\",\"description\":\"All our best\",\"publisher\":{\"@id\":\"https:\\\/\\\/gooddealersmeds.com\\\/no\\\/#organization\"},\"potentialAction\":[{\"@type\":\"SearchAction\",\"target\":{\"@type\":\"EntryPoint\",\"urlTemplate\":\"https:\\\/\\\/gooddealersmeds.com\\\/no\\\/?s={search_term_string}\"},\"query-input\":{\"@type\":\"PropertyValueSpecification\",\"valueRequired\":true,\"valueName\":\"search_term_string\"}}],\"inLanguage\":\"en-US\"},{\"@type\":\"Organization\",\"@id\":\"https:\\\/\\\/gooddealersmeds.com\\\/no\\\/#organization\",\"name\":\"Good Dealers Meds\",\"url\":\"https:\\\/\\\/gooddealersmeds.com\\\/no\\\/\",\"logo\":{\"@type\":\"ImageObject\",\"inLanguage\":\"en-US\",\"@id\":\"https:\\\/\\\/gooddealersmeds.com\\\/no\\\/#\\\/schema\\\/logo\\\/image\\\/\",\"url\":\"https:\\\/\\\/gooddealersmeds.com\\\/no\\\/wp-content\\\/uploads\\\/sites\\\/8\\\/2022\\\/03\\\/gooddealersmeds__logo__20220317T222800Z.00.png\",\"contentUrl\":\"https:\\\/\\\/gooddealersmeds.com\\\/no\\\/wp-content\\\/uploads\\\/sites\\\/8\\\/2022\\\/03\\\/gooddealersmeds__logo__20220317T222800Z.00.png\",\"width\":500,\"height\":325,\"caption\":\"Good Dealers Meds\"},\"image\":{\"@id\":\"https:\\\/\\\/gooddealersmeds.com\\\/no\\\/#\\\/schema\\\/logo\\\/image\\\/\"}}]}<\/script>\n<!-- \/ Yoast SEO Premium plugin. -->","yoast_head_json":{"title":"Kj\u00f8p gammahydroksybutyratpulver (GHB) | Good Dealers Meds","description":"Ser du etter hvor du kan kj\u00f8pe Gamma Hydroxybutyrate Powder? Vi kan levere deg et kvalitetsprodukt med n\u00f8yaktig h\u00f8y renhet til en rimelig pris.","robots":{"index":"index","follow":"follow","max-snippet":"max-snippet:-1","max-image-preview":"max-image-preview:large","max-video-preview":"max-video-preview:-1"},"canonical":"https:\/\/gooddealersmeds.com\/no\/product\/gamma-hydroksybutyrat-ghb-pulver\/","og_locale":"en_US","og_type":"article","og_title":"Kj\u00f8p Gamma Hydroxybutyrate (GHB) Pulver","og_description":"Ser du etter hvor du kan kj\u00f8pe Gamma Hydroxybutyrate Powder? Vi kan levere deg et kvalitetsprodukt med n\u00f8yaktig h\u00f8y renhet til en rimelig pris.","og_url":"https:\/\/gooddealersmeds.com\/no\/product\/gamma-hydroksybutyrat-ghb-pulver\/","og_site_name":"Good Dealers Meds","article_modified_time":"2022-10-03T21:23:06+00:00","og_image":[{"width":600,"height":600,"url":"https:\/\/gooddealersmeds.com\/no\/wp-content\/uploads\/sites\/8\/2022\/07\/Gamma-Hydroxybutyrate-Ghb-Powder.jpg","type":"image\/jpeg"}],"twitter_card":"summary_large_image","twitter_misc":{"Est. reading time":"1 minute"},"schema":{"@context":"https:\/\/schema.org","@graph":[{"@type":"WebPage","@id":"https:\/\/gooddealersmeds.com\/no\/product\/gamma-hydroksybutyrat-ghb-pulver\/","url":"https:\/\/gooddealersmeds.com\/no\/product\/gamma-hydroksybutyrat-ghb-pulver\/","name":"Kj\u00f8p gammahydroksybutyratpulver (GHB) | Good Dealers Meds","isPartOf":{"@id":"https:\/\/gooddealersmeds.com\/no\/#website"},"primaryImageOfPage":{"@id":"https:\/\/gooddealersmeds.com\/no\/product\/gamma-hydroksybutyrat-ghb-pulver\/#primaryimage"},"image":{"@id":"https:\/\/gooddealersmeds.com\/no\/product\/gamma-hydroksybutyrat-ghb-pulver\/#primaryimage"},"thumbnailUrl":"https:\/\/gooddealersmeds.com\/no\/wp-content\/uploads\/sites\/8\/2022\/07\/Gamma-Hydroxybutyrate-Ghb-Powder.jpg","datePublished":"2022-07-03T13:35:45+00:00","dateModified":"2022-10-03T21:23:06+00:00","description":"Ser du etter hvor du kan kj\u00f8pe Gamma Hydroxybutyrate Powder? Vi kan levere deg et kvalitetsprodukt med n\u00f8yaktig h\u00f8y renhet til en rimelig pris.","breadcrumb":{"@id":"https:\/\/gooddealersmeds.com\/no\/product\/gamma-hydroksybutyrat-ghb-pulver\/#breadcrumb"},"inLanguage":"en-US","potentialAction":[{"@type":"ReadAction","target":["https:\/\/gooddealersmeds.com\/no\/product\/gamma-hydroksybutyrat-ghb-pulver\/"]}]},{"@type":"ImageObject","inLanguage":"en-US","@id":"https:\/\/gooddealersmeds.com\/no\/product\/gamma-hydroksybutyrat-ghb-pulver\/#primaryimage","url":"https:\/\/gooddealersmeds.com\/no\/wp-content\/uploads\/sites\/8\/2022\/07\/Gamma-Hydroxybutyrate-Ghb-Powder.jpg","contentUrl":"https:\/\/gooddealersmeds.com\/no\/wp-content\/uploads\/sites\/8\/2022\/07\/Gamma-Hydroxybutyrate-Ghb-Powder.jpg","width":600,"height":600,"caption":"Buy Gamma Hydroxybutyrate Powder"},{"@type":"BreadcrumbList","@id":"https:\/\/gooddealersmeds.com\/no\/product\/gamma-hydroksybutyrat-ghb-pulver\/#breadcrumb","itemListElement":[{"@type":"ListItem","position":1,"name":"Home","item":"https:\/\/gooddealersmeds.com\/no\/"},{"@type":"ListItem","position":2,"name":"Produkter","item":"https:\/\/gooddealersmeds.com\/no\/produkter\/"},{"@type":"ListItem","position":3,"name":"Kj\u00f8p Gamma Hydroxybutyrate (GHB) Pulver"}]},{"@type":"WebSite","@id":"https:\/\/gooddealersmeds.com\/no\/#website","url":"https:\/\/gooddealersmeds.com\/no\/","name":"Good Dealers Meds","description":"All our best","publisher":{"@id":"https:\/\/gooddealersmeds.com\/no\/#organization"},"potentialAction":[{"@type":"SearchAction","target":{"@type":"EntryPoint","urlTemplate":"https:\/\/gooddealersmeds.com\/no\/?s={search_term_string}"},"query-input":{"@type":"PropertyValueSpecification","valueRequired":true,"valueName":"search_term_string"}}],"inLanguage":"en-US"},{"@type":"Organization","@id":"https:\/\/gooddealersmeds.com\/no\/#organization","name":"Good Dealers Meds","url":"https:\/\/gooddealersmeds.com\/no\/","logo":{"@type":"ImageObject","inLanguage":"en-US","@id":"https:\/\/gooddealersmeds.com\/no\/#\/schema\/logo\/image\/","url":"https:\/\/gooddealersmeds.com\/no\/wp-content\/uploads\/sites\/8\/2022\/03\/gooddealersmeds__logo__20220317T222800Z.00.png","contentUrl":"https:\/\/gooddealersmeds.com\/no\/wp-content\/uploads\/sites\/8\/2022\/03\/gooddealersmeds__logo__20220317T222800Z.00.png","width":500,"height":325,"caption":"Good Dealers Meds"},"image":{"@id":"https:\/\/gooddealersmeds.com\/no\/#\/schema\/logo\/image\/"}}]}},"_links":{"self":[{"href":"https:\/\/gooddealersmeds.com\/no\/wp-json\/wp\/v2\/product\/1974","targetHints":{"allow":["GET"]}}],"collection":[{"href":"https:\/\/gooddealersmeds.com\/no\/wp-json\/wp\/v2\/product"}],"about":[{"href":"https:\/\/gooddealersmeds.com\/no\/wp-json\/wp\/v2\/types\/product"}],"replies":[{"embeddable":true,"href":"https:\/\/gooddealersmeds.com\/no\/wp-json\/wp\/v2\/comments?post=1974"}],"wp:featuredmedia":[{"embeddable":true,"href":"https:\/\/gooddealersmeds.com\/no\/wp-json\/wp\/v2\/media\/1975"}],"wp:attachment":[{"href":"https:\/\/gooddealersmeds.com\/no\/wp-json\/wp\/v2\/media?parent=1974"}],"wp:term":[{"taxonomy":"product_brand","embeddable":true,"href":"https:\/\/gooddealersmeds.com\/no\/wp-json\/wp\/v2\/product_brand?post=1974"},{"taxonomy":"product_cat","embeddable":true,"href":"https:\/\/gooddealersmeds.com\/no\/wp-json\/wp\/v2\/product_cat?post=1974"},{"taxonomy":"product_tag","embeddable":true,"href":"https:\/\/gooddealersmeds.com\/no\/wp-json\/wp\/v2\/product_tag?post=1974"}],"curies":[{"name":"wp","href":"https:\/\/api.w.org\/{rel}","templated":true}]}}