{"id":1967,"date":"2022-07-03T13:18:30","date_gmt":"2022-07-03T13:18:30","guid":{"rendered":"https:\/\/gooddealersmeds.com\/no\/?post_type=product&#038;p=1967"},"modified":"2022-10-03T21:23:13","modified_gmt":"2022-10-03T21:23:13","slug":"kjop-nembutal-pulver","status":"publish","type":"product","link":"https:\/\/gooddealersmeds.com\/no\/product\/kjop-nembutal-pulver\/","title":{"rendered":"Kj\u00f8p Purity Nembutal Powder"},"content":{"rendered":"<p>Kj\u00f8p Purity Nembutal Powder fra v\u00e5r nettbutikk. Hvis du er villig til \u00e5 kj\u00f8pe Nembutal Powder online fra de beste Nembutal Powder-leverand\u00f8rene, s\u00e5 er apoteket v\u00e5rt det rette stedet for \u00e5 oppn\u00e5 det. Ta kontakt med oss \u200b\u200bi dag og f\u00e5 dine behov fullf\u00f8rt innen kort tid. Legemidlet ditt vil n\u00e5 deg p\u00e5 \u00f8nsket sted. Bestill for \u00e5 kj\u00f8pe Nembutal-pulver p\u00e5 nett til beste pris n\u00e5!<\/p>\n<p>Har du problemer med \u00e5 sove om natten? F\u00f8ler du deg tr\u00f8tt etter \u00e5 ha v\u00e5knet om morgenen? S\u00f8vnmangel kan forstyrre din daglige rutine. Det gj\u00f8r deg ikke bare mindre produktiv, men det kan ogs\u00e5 f\u00f8re til alvorlige konsekvenser som fedme, svekket immunsystem og hjerteproblemer. En av de vanskeligste utfordringene vi st\u00e5r overfor er \u00e5 endre livsstilen v\u00e5r. Det kan v\u00e6re lurt \u00e5 gj\u00f8re det, men p\u00e5 grunn av lange arbeidstimer og andre forpliktelser g\u00e5r du stadig tilbake til utgangspunktet.<\/p>\n<p>Nembutal Powder er kjent for \u00e5 indusere s\u00f8vn hos pasienter med s\u00f8vnproblemer som s\u00f8vnl\u00f8shet eller problemer sover. I mange tilfeller brukes det ogs\u00e5 som et beroligende middel mot nerv\u00f8sitet. Hvis du har de samme m\u00e5lene i tankene, er det en klok avgj\u00f8relse \u00e5 kj\u00f8pe Nembutal Powder p\u00e5 nett fra v\u00e5rt nettapotek.<\/p>\n<p>Kvaliteten p\u00e5 legemidler spiller en viktig rolle i \u00e5 bestemme hvilken type effekt de vil ha p\u00e5 din kropp. man b\u00f8r avst\u00e5 fra \u00e5 kj\u00f8pe legemidler som ikke er godkjent for konsum.<\/p>\n<p>N\u00e5r du bestiller nembutalpulver fra v\u00e5r nettbutikk, kan du v\u00e6re trygg p\u00e5 kvaliteten. Vi opererer b\u00e6rekraftig for \u00e5 garantere maksimale resultater fra produktene v\u00e5re. Vi tilbyr h\u00f8ykvalitets Nembutal 99,8% renhet til de beste konkurransedyktige prisene. Vi bygget v\u00e5rt ypperlige <br \/> rykte ved \u00e5 tilby v\u00e5re kunder utmerket kvalitet\/h\u00f8y renhet Nembutal med diskret levering og vennlig kundest\u00f8tte. Vi tilbyr utmerket renhet, sikker betaling, veldig diskret, rask og effektiv levering.<\/p>\n","protected":false},"excerpt":{"rendered":"<p>Vi tilbyr alle de ovenfor beskrevne produktene til sv\u00e6rt rimelige priser, og vi leverer til alle steder rundt om i verden. S\u00e5 vi er stolte av \u00e5 v\u00e6re at v\u00e5re frakttjenester er 100 % garanterte og trygge. V\u00e5re produkter er godt sikret for \u00e5 unng\u00e5 avskj\u00e6ringer. V\u00e5re hovedprodukter er: Nembutals pulver, barbiturat-testsett, Nembutal-piller, oral v\u00e6ske og alt vises i nettbutikken v\u00e5r.<\/p>\n","protected":false},"featured_media":1968,"comment_status":"open","ping_status":"closed","template":"","meta":{"inline_featured_image":false},"product_brand":[],"product_cat":[343],"product_tag":[],"class_list":{"0":"post-1967","1":"product","2":"type-product","3":"status-publish","4":"has-post-thumbnail","6":"product_cat-andre","8":"first","9":"instock","10":"shipping-taxable","11":"purchasable","12":"product-type-variable","13":"has-default-attributes"},"yoast_head":"<!-- This site is optimized with the Yoast SEO Premium plugin v20.6 (Yoast SEO v27.3) - https:\/\/yoast.com\/product\/yoast-seo-premium-wordpress\/ -->\n<title>Nembutal Powder Online - Kj\u00f8p i beste kvalitet |<\/title>\n<meta name=\"description\" content=\"Kj\u00f8p nembutalpulver p\u00e5 nett (Pentobarbital) og f\u00e5 det sendt hjem til deg. Vi leverer det til alle steder\/land rundt om i verden.\" \/>\n<meta name=\"robots\" content=\"index, follow, max-snippet:-1, max-image-preview:large, max-video-preview:-1\" \/>\n<link rel=\"canonical\" href=\"https:\/\/gooddealersmeds.com\/no\/product\/kjop-nembutal-pulver\/\" \/>\n<meta property=\"og:locale\" content=\"en_US\" \/>\n<meta property=\"og:type\" content=\"article\" \/>\n<meta property=\"og:title\" content=\"Kj\u00f8p Purity Nembutal Powder\" \/>\n<meta property=\"og:description\" content=\"Kj\u00f8p nembutalpulver p\u00e5 nett (Pentobarbital) og f\u00e5 det sendt hjem til deg. Vi leverer det til alle steder\/land rundt om i verden.\" \/>\n<meta property=\"og:url\" content=\"https:\/\/gooddealersmeds.com\/no\/product\/kjop-nembutal-pulver\/\" \/>\n<meta property=\"og:site_name\" content=\"Good Dealers Meds\" \/>\n<meta property=\"article:modified_time\" content=\"2022-10-03T21:23:13+00:00\" \/>\n<meta property=\"og:image\" content=\"https:\/\/gooddealersmeds.com\/no\/wp-content\/uploads\/sites\/8\/2022\/07\/nembutal-powder.jpg\" \/>\n\t<meta property=\"og:image:width\" content=\"600\" \/>\n\t<meta property=\"og:image:height\" content=\"450\" \/>\n\t<meta property=\"og:image:type\" content=\"image\/jpeg\" \/>\n<meta name=\"twitter:card\" content=\"summary_large_image\" \/>\n<meta name=\"twitter:label1\" content=\"Est. reading time\" \/>\n\t<meta name=\"twitter:data1\" content=\"2 minutes\" \/>\n<script type=\"application\/ld+json\" class=\"yoast-schema-graph\">{\"@context\":\"https:\\\/\\\/schema.org\",\"@graph\":[{\"@type\":\"WebPage\",\"@id\":\"https:\\\/\\\/gooddealersmeds.com\\\/no\\\/product\\\/kjop-nembutal-pulver\\\/\",\"url\":\"https:\\\/\\\/gooddealersmeds.com\\\/no\\\/product\\\/kjop-nembutal-pulver\\\/\",\"name\":\"Nembutal Powder Online - Kj\u00f8p i beste kvalitet |\",\"isPartOf\":{\"@id\":\"https:\\\/\\\/gooddealersmeds.com\\\/no\\\/#website\"},\"primaryImageOfPage\":{\"@id\":\"https:\\\/\\\/gooddealersmeds.com\\\/no\\\/product\\\/kjop-nembutal-pulver\\\/#primaryimage\"},\"image\":{\"@id\":\"https:\\\/\\\/gooddealersmeds.com\\\/no\\\/product\\\/kjop-nembutal-pulver\\\/#primaryimage\"},\"thumbnailUrl\":\"https:\\\/\\\/gooddealersmeds.com\\\/no\\\/wp-content\\\/uploads\\\/sites\\\/8\\\/2022\\\/07\\\/nembutal-powder.jpg\",\"datePublished\":\"2022-07-03T13:18:30+00:00\",\"dateModified\":\"2022-10-03T21:23:13+00:00\",\"description\":\"Kj\u00f8p nembutalpulver p\u00e5 nett (Pentobarbital) og f\u00e5 det sendt hjem til deg. Vi leverer det til alle steder\\\/land rundt om i verden.\",\"breadcrumb\":{\"@id\":\"https:\\\/\\\/gooddealersmeds.com\\\/no\\\/product\\\/kjop-nembutal-pulver\\\/#breadcrumb\"},\"inLanguage\":\"en-US\",\"potentialAction\":[{\"@type\":\"ReadAction\",\"target\":[\"https:\\\/\\\/gooddealersmeds.com\\\/no\\\/product\\\/kjop-nembutal-pulver\\\/\"]}]},{\"@type\":\"ImageObject\",\"inLanguage\":\"en-US\",\"@id\":\"https:\\\/\\\/gooddealersmeds.com\\\/no\\\/product\\\/kjop-nembutal-pulver\\\/#primaryimage\",\"url\":\"https:\\\/\\\/gooddealersmeds.com\\\/no\\\/wp-content\\\/uploads\\\/sites\\\/8\\\/2022\\\/07\\\/nembutal-powder.jpg\",\"contentUrl\":\"https:\\\/\\\/gooddealersmeds.com\\\/no\\\/wp-content\\\/uploads\\\/sites\\\/8\\\/2022\\\/07\\\/nembutal-powder.jpg\",\"width\":600,\"height\":450,\"caption\":\"Nembutal Powder Online\"},{\"@type\":\"BreadcrumbList\",\"@id\":\"https:\\\/\\\/gooddealersmeds.com\\\/no\\\/product\\\/kjop-nembutal-pulver\\\/#breadcrumb\",\"itemListElement\":[{\"@type\":\"ListItem\",\"position\":1,\"name\":\"Home\",\"item\":\"https:\\\/\\\/gooddealersmeds.com\\\/no\\\/\"},{\"@type\":\"ListItem\",\"position\":2,\"name\":\"Produkter\",\"item\":\"https:\\\/\\\/gooddealersmeds.com\\\/no\\\/produkter\\\/\"},{\"@type\":\"ListItem\",\"position\":3,\"name\":\"Kj\u00f8p Purity Nembutal Powder\"}]},{\"@type\":\"WebSite\",\"@id\":\"https:\\\/\\\/gooddealersmeds.com\\\/no\\\/#website\",\"url\":\"https:\\\/\\\/gooddealersmeds.com\\\/no\\\/\",\"name\":\"Good Dealers Meds\",\"description\":\"All our best\",\"publisher\":{\"@id\":\"https:\\\/\\\/gooddealersmeds.com\\\/no\\\/#organization\"},\"potentialAction\":[{\"@type\":\"SearchAction\",\"target\":{\"@type\":\"EntryPoint\",\"urlTemplate\":\"https:\\\/\\\/gooddealersmeds.com\\\/no\\\/?s={search_term_string}\"},\"query-input\":{\"@type\":\"PropertyValueSpecification\",\"valueRequired\":true,\"valueName\":\"search_term_string\"}}],\"inLanguage\":\"en-US\"},{\"@type\":\"Organization\",\"@id\":\"https:\\\/\\\/gooddealersmeds.com\\\/no\\\/#organization\",\"name\":\"Good Dealers Meds\",\"url\":\"https:\\\/\\\/gooddealersmeds.com\\\/no\\\/\",\"logo\":{\"@type\":\"ImageObject\",\"inLanguage\":\"en-US\",\"@id\":\"https:\\\/\\\/gooddealersmeds.com\\\/no\\\/#\\\/schema\\\/logo\\\/image\\\/\",\"url\":\"https:\\\/\\\/gooddealersmeds.com\\\/no\\\/wp-content\\\/uploads\\\/sites\\\/8\\\/2022\\\/03\\\/gooddealersmeds__logo__20220317T222800Z.00.png\",\"contentUrl\":\"https:\\\/\\\/gooddealersmeds.com\\\/no\\\/wp-content\\\/uploads\\\/sites\\\/8\\\/2022\\\/03\\\/gooddealersmeds__logo__20220317T222800Z.00.png\",\"width\":500,\"height\":325,\"caption\":\"Good Dealers Meds\"},\"image\":{\"@id\":\"https:\\\/\\\/gooddealersmeds.com\\\/no\\\/#\\\/schema\\\/logo\\\/image\\\/\"}}]}<\/script>\n<!-- \/ Yoast SEO Premium plugin. -->","yoast_head_json":{"title":"Nembutal Powder Online - Kj\u00f8p i beste kvalitet |","description":"Kj\u00f8p nembutalpulver p\u00e5 nett (Pentobarbital) og f\u00e5 det sendt hjem til deg. Vi leverer det til alle steder\/land rundt om i verden.","robots":{"index":"index","follow":"follow","max-snippet":"max-snippet:-1","max-image-preview":"max-image-preview:large","max-video-preview":"max-video-preview:-1"},"canonical":"https:\/\/gooddealersmeds.com\/no\/product\/kjop-nembutal-pulver\/","og_locale":"en_US","og_type":"article","og_title":"Kj\u00f8p Purity Nembutal Powder","og_description":"Kj\u00f8p nembutalpulver p\u00e5 nett (Pentobarbital) og f\u00e5 det sendt hjem til deg. Vi leverer det til alle steder\/land rundt om i verden.","og_url":"https:\/\/gooddealersmeds.com\/no\/product\/kjop-nembutal-pulver\/","og_site_name":"Good Dealers Meds","article_modified_time":"2022-10-03T21:23:13+00:00","og_image":[{"width":600,"height":450,"url":"https:\/\/gooddealersmeds.com\/no\/wp-content\/uploads\/sites\/8\/2022\/07\/nembutal-powder.jpg","type":"image\/jpeg"}],"twitter_card":"summary_large_image","twitter_misc":{"Est. reading time":"2 minutes"},"schema":{"@context":"https:\/\/schema.org","@graph":[{"@type":"WebPage","@id":"https:\/\/gooddealersmeds.com\/no\/product\/kjop-nembutal-pulver\/","url":"https:\/\/gooddealersmeds.com\/no\/product\/kjop-nembutal-pulver\/","name":"Nembutal Powder Online - Kj\u00f8p i beste kvalitet |","isPartOf":{"@id":"https:\/\/gooddealersmeds.com\/no\/#website"},"primaryImageOfPage":{"@id":"https:\/\/gooddealersmeds.com\/no\/product\/kjop-nembutal-pulver\/#primaryimage"},"image":{"@id":"https:\/\/gooddealersmeds.com\/no\/product\/kjop-nembutal-pulver\/#primaryimage"},"thumbnailUrl":"https:\/\/gooddealersmeds.com\/no\/wp-content\/uploads\/sites\/8\/2022\/07\/nembutal-powder.jpg","datePublished":"2022-07-03T13:18:30+00:00","dateModified":"2022-10-03T21:23:13+00:00","description":"Kj\u00f8p nembutalpulver p\u00e5 nett (Pentobarbital) og f\u00e5 det sendt hjem til deg. Vi leverer det til alle steder\/land rundt om i verden.","breadcrumb":{"@id":"https:\/\/gooddealersmeds.com\/no\/product\/kjop-nembutal-pulver\/#breadcrumb"},"inLanguage":"en-US","potentialAction":[{"@type":"ReadAction","target":["https:\/\/gooddealersmeds.com\/no\/product\/kjop-nembutal-pulver\/"]}]},{"@type":"ImageObject","inLanguage":"en-US","@id":"https:\/\/gooddealersmeds.com\/no\/product\/kjop-nembutal-pulver\/#primaryimage","url":"https:\/\/gooddealersmeds.com\/no\/wp-content\/uploads\/sites\/8\/2022\/07\/nembutal-powder.jpg","contentUrl":"https:\/\/gooddealersmeds.com\/no\/wp-content\/uploads\/sites\/8\/2022\/07\/nembutal-powder.jpg","width":600,"height":450,"caption":"Nembutal Powder Online"},{"@type":"BreadcrumbList","@id":"https:\/\/gooddealersmeds.com\/no\/product\/kjop-nembutal-pulver\/#breadcrumb","itemListElement":[{"@type":"ListItem","position":1,"name":"Home","item":"https:\/\/gooddealersmeds.com\/no\/"},{"@type":"ListItem","position":2,"name":"Produkter","item":"https:\/\/gooddealersmeds.com\/no\/produkter\/"},{"@type":"ListItem","position":3,"name":"Kj\u00f8p Purity Nembutal Powder"}]},{"@type":"WebSite","@id":"https:\/\/gooddealersmeds.com\/no\/#website","url":"https:\/\/gooddealersmeds.com\/no\/","name":"Good Dealers Meds","description":"All our best","publisher":{"@id":"https:\/\/gooddealersmeds.com\/no\/#organization"},"potentialAction":[{"@type":"SearchAction","target":{"@type":"EntryPoint","urlTemplate":"https:\/\/gooddealersmeds.com\/no\/?s={search_term_string}"},"query-input":{"@type":"PropertyValueSpecification","valueRequired":true,"valueName":"search_term_string"}}],"inLanguage":"en-US"},{"@type":"Organization","@id":"https:\/\/gooddealersmeds.com\/no\/#organization","name":"Good Dealers Meds","url":"https:\/\/gooddealersmeds.com\/no\/","logo":{"@type":"ImageObject","inLanguage":"en-US","@id":"https:\/\/gooddealersmeds.com\/no\/#\/schema\/logo\/image\/","url":"https:\/\/gooddealersmeds.com\/no\/wp-content\/uploads\/sites\/8\/2022\/03\/gooddealersmeds__logo__20220317T222800Z.00.png","contentUrl":"https:\/\/gooddealersmeds.com\/no\/wp-content\/uploads\/sites\/8\/2022\/03\/gooddealersmeds__logo__20220317T222800Z.00.png","width":500,"height":325,"caption":"Good Dealers Meds"},"image":{"@id":"https:\/\/gooddealersmeds.com\/no\/#\/schema\/logo\/image\/"}}]}},"_links":{"self":[{"href":"https:\/\/gooddealersmeds.com\/no\/wp-json\/wp\/v2\/product\/1967","targetHints":{"allow":["GET"]}}],"collection":[{"href":"https:\/\/gooddealersmeds.com\/no\/wp-json\/wp\/v2\/product"}],"about":[{"href":"https:\/\/gooddealersmeds.com\/no\/wp-json\/wp\/v2\/types\/product"}],"replies":[{"embeddable":true,"href":"https:\/\/gooddealersmeds.com\/no\/wp-json\/wp\/v2\/comments?post=1967"}],"wp:featuredmedia":[{"embeddable":true,"href":"https:\/\/gooddealersmeds.com\/no\/wp-json\/wp\/v2\/media\/1968"}],"wp:attachment":[{"href":"https:\/\/gooddealersmeds.com\/no\/wp-json\/wp\/v2\/media?parent=1967"}],"wp:term":[{"taxonomy":"product_brand","embeddable":true,"href":"https:\/\/gooddealersmeds.com\/no\/wp-json\/wp\/v2\/product_brand?post=1967"},{"taxonomy":"product_cat","embeddable":true,"href":"https:\/\/gooddealersmeds.com\/no\/wp-json\/wp\/v2\/product_cat?post=1967"},{"taxonomy":"product_tag","embeddable":true,"href":"https:\/\/gooddealersmeds.com\/no\/wp-json\/wp\/v2\/product_tag?post=1967"}],"curies":[{"name":"wp","href":"https:\/\/api.w.org\/{rel}","templated":true}]}}