{"id":1965,"date":"2022-07-03T13:10:22","date_gmt":"2022-07-03T13:10:22","guid":{"rendered":"https:\/\/gooddealersmeds.com\/no\/?post_type=product&#038;p=1965"},"modified":"2022-10-03T21:23:20","modified_gmt":"2022-10-03T21:23:20","slug":"kjop-konsert-online","status":"publish","type":"product","link":"https:\/\/gooddealersmeds.com\/no\/product\/kjop-konsert-online\/","title":{"rendered":"Kj\u00f8p Concerta p\u00e5 nett"},"content":{"rendered":"<h1><strong>Konserter til salgs p\u00e5 nett<\/strong><\/h1>\n<p>&nbsp;<\/p>\n<p>Concerta er et legemiddel som hjelper til med \u00e5 behandle oppmerksomhetssvikt (ADD) hos voksne. Den inneholder metylfenidat, designet for \u00e5 hjelpe folk med \u00e5 fokusere og konsentrere seg mer. Concerta behandler ADD hos voksne som ikke reagerer godt p\u00e5 andre behandlinger. Det kan ogs\u00e5 brukes som behandling for narkolepsi hos voksne som opplever overdreven s\u00f8vnighet p\u00e5 dagtid.<\/p>\n<p>Medikamentet kommer i piller, og det tas en gang daglig, med eller uten mat. Ikke bland det med alkohol eller andre rusmidler. Det er et langtidsvirkende stoff som varer i 12 timer etter at du har tatt det, s\u00e5 det kan hjelpe deg med \u00e5 holde fokus og v\u00e5ken hele dagen.<\/p>\n<p>Det har ogs\u00e5 et lavt potensiale for misbruk, noe som betyr at det er usannsynlig gi bivirkninger som h\u00f8yt blodtrykk eller hjerteproblemer. Concerta virker ved \u00e5 \u00f8ke dopaminniv\u00e5et i hjernen din, noe som bidrar til \u00e5 forbedre fokus, oppmerksomhet og impulskontroll.<\/p>\n<p>I et n\u00f8tteskall er Concerta foreskrevet for personer som har problemer med \u00e5 fokusere og v\u00e6re oppmerksom. Det hjelper ogs\u00e5 med \u00e5 kontrollere hyperaktivitet, for eksempel \u00e5 r\u00f8re eller bevege seg for mye n\u00e5r du ikke skal.<\/p>\n<p>Ikke bruk dette stoffet hvis du er gravid eller ammer p\u00e5 grunn av risikoen for medf\u00f8dte funksjonshemminger eller abstinenssymptomer hvis du slutter \u00e5 ta medisinen plutselig etter langvarig bruk (mer enn to uker).<\/p>\n<p><strong>\u00a0<\/strong><\/p>\n<h2><strong>Hvorfor bestille Concerta Online?<\/strong><\/h2>\n<p><strong>\u00a0<\/strong><\/p>\n<p>Det er mange fordeler ved \u00e5 kj\u00f8pe Concerta p\u00e5 nettet. Si at du ikke trenger \u00e5 vise noen resept til selgeren din for \u00e5 <a href=\"https:\/\/gooddealersmeds.com\/no\/product\/buy-concerta-online\/\">kj\u00f8pe Concerta<\/a> p\u00e5 nettet. Hvis du bare er 21+ \u00e5r, er du klar. Dessuten kan du bestille \u00f8nsket produkt uten andre begrensninger. Det ogs\u00e5, uten \u00e5 flytte p\u00e5 rumpa eller gj\u00f8re noe hardt arbeid.<\/p>\n<p><strong>\u00a0<\/strong><\/p>\n<p><strong>Hva er det beste stedet \u00e5 kj\u00f8pe Concerta online?<\/strong><\/p>\n<p><strong>\u00a0<\/strong><\/p>\n<p>Konsertpulver kan kj\u00f8pes p\u00e5 nett. Det beste stedet \u00e5 kj\u00f8pe metylfenidat p\u00e5 nettet er fra et p\u00e5litelig selskap som GoodDealersMeds fordi vi har v\u00e6rt i virksomhet i over 10 \u00e5r og har vist oss p\u00e5litelige. Vi har mange produkter, inkludert metylfenidat, men v\u00e5rt hovedfokus er \u00e5 yte service av h\u00f8y kvalitet og kundetilfredshet.<\/p>\n","protected":false},"excerpt":{"rendered":"<p>Kj\u00f8p Concerta Online brukes til \u00e5 behandle oppmerksomhetsunderskudd hyperaktivitetsforstyrrelse \u2013 ADHD. Det fungerer ved \u00e5 endre mengden av visse naturlige stoffer i hjernen. Metylfenidat tilh\u00f8rer en klasse legemidler kjent som sentralstimulerende midler. Det kan bidra til \u00e5 \u00f8ke din evne til \u00e5 v\u00e6re oppmerksom, holde fokus p\u00e5 en aktivitet og kontrollere atferdsproblemer. Det kan ogs\u00e5 hjelpe deg med \u00e5 organisere oppgavene dine og forbedre lytteferdighetene.<\/p>\n","protected":false},"featured_media":1966,"comment_status":"open","ping_status":"closed","template":"","meta":{"inline_featured_image":false},"product_brand":[],"product_cat":[346],"product_tag":[],"class_list":{"0":"post-1965","1":"product","2":"type-product","3":"status-publish","4":"has-post-thumbnail","6":"product_cat-sentralstimulerende-midler","8":"first","9":"instock","10":"shipping-taxable","11":"purchasable","12":"product-type-simple"},"yoast_head":"<!-- This site is optimized with the Yoast SEO Premium plugin v20.6 (Yoast SEO v27.3) - https:\/\/yoast.com\/product\/yoast-seo-premium-wordpress\/ -->\n<title>Kj\u00f8p Concerta Online (Methylphenidate HCL) | Good Dealers Meds<\/title>\n<meta name=\"description\" content=\"Kj\u00f8p Concerta Online; brukes til \u00e5 behandle oppmerksomhetsunderskudd hyperaktivitetsforstyrrelse. Det virker ved \u00e5 endre naturlige stoffer i hjernen.\" \/>\n<meta name=\"robots\" content=\"index, follow, max-snippet:-1, max-image-preview:large, max-video-preview:-1\" \/>\n<link rel=\"canonical\" href=\"https:\/\/gooddealersmeds.com\/no\/product\/kjop-konsert-online\/\" \/>\n<meta property=\"og:locale\" content=\"en_US\" \/>\n<meta property=\"og:type\" content=\"article\" \/>\n<meta property=\"og:title\" content=\"Kj\u00f8p Concerta p\u00e5 nett\" \/>\n<meta property=\"og:description\" content=\"Kj\u00f8p Concerta Online; brukes til \u00e5 behandle oppmerksomhetsunderskudd hyperaktivitetsforstyrrelse. Det virker ved \u00e5 endre naturlige stoffer i hjernen.\" \/>\n<meta property=\"og:url\" content=\"https:\/\/gooddealersmeds.com\/no\/product\/kjop-konsert-online\/\" \/>\n<meta property=\"og:site_name\" content=\"Good Dealers Meds\" \/>\n<meta property=\"article:modified_time\" content=\"2022-10-03T21:23:20+00:00\" \/>\n<meta property=\"og:image\" content=\"https:\/\/gooddealersmeds.com\/no\/wp-content\/uploads\/sites\/8\/2022\/07\/concerta-36mg-500x500-1.png\" \/>\n\t<meta property=\"og:image:width\" content=\"500\" \/>\n\t<meta property=\"og:image:height\" content=\"500\" \/>\n\t<meta property=\"og:image:type\" content=\"image\/png\" \/>\n<meta name=\"twitter:card\" content=\"summary_large_image\" \/>\n<meta name=\"twitter:label1\" content=\"Est. reading time\" \/>\n\t<meta name=\"twitter:data1\" content=\"2 minutes\" \/>\n<script type=\"application\/ld+json\" class=\"yoast-schema-graph\">{\"@context\":\"https:\\\/\\\/schema.org\",\"@graph\":[{\"@type\":\"WebPage\",\"@id\":\"https:\\\/\\\/gooddealersmeds.com\\\/no\\\/product\\\/kjop-konsert-online\\\/\",\"url\":\"https:\\\/\\\/gooddealersmeds.com\\\/no\\\/product\\\/kjop-konsert-online\\\/\",\"name\":\"Kj\u00f8p Concerta Online (Methylphenidate HCL) | Good Dealers Meds\",\"isPartOf\":{\"@id\":\"https:\\\/\\\/gooddealersmeds.com\\\/no\\\/#website\"},\"primaryImageOfPage\":{\"@id\":\"https:\\\/\\\/gooddealersmeds.com\\\/no\\\/product\\\/kjop-konsert-online\\\/#primaryimage\"},\"image\":{\"@id\":\"https:\\\/\\\/gooddealersmeds.com\\\/no\\\/product\\\/kjop-konsert-online\\\/#primaryimage\"},\"thumbnailUrl\":\"https:\\\/\\\/gooddealersmeds.com\\\/no\\\/wp-content\\\/uploads\\\/sites\\\/8\\\/2022\\\/07\\\/concerta-36mg-500x500-1.png\",\"datePublished\":\"2022-07-03T13:10:22+00:00\",\"dateModified\":\"2022-10-03T21:23:20+00:00\",\"description\":\"Kj\u00f8p Concerta Online; brukes til \u00e5 behandle oppmerksomhetsunderskudd hyperaktivitetsforstyrrelse. Det virker ved \u00e5 endre naturlige stoffer i hjernen.\",\"breadcrumb\":{\"@id\":\"https:\\\/\\\/gooddealersmeds.com\\\/no\\\/product\\\/kjop-konsert-online\\\/#breadcrumb\"},\"inLanguage\":\"en-US\",\"potentialAction\":[{\"@type\":\"ReadAction\",\"target\":[\"https:\\\/\\\/gooddealersmeds.com\\\/no\\\/product\\\/kjop-konsert-online\\\/\"]}]},{\"@type\":\"ImageObject\",\"inLanguage\":\"en-US\",\"@id\":\"https:\\\/\\\/gooddealersmeds.com\\\/no\\\/product\\\/kjop-konsert-online\\\/#primaryimage\",\"url\":\"https:\\\/\\\/gooddealersmeds.com\\\/no\\\/wp-content\\\/uploads\\\/sites\\\/8\\\/2022\\\/07\\\/concerta-36mg-500x500-1.png\",\"contentUrl\":\"https:\\\/\\\/gooddealersmeds.com\\\/no\\\/wp-content\\\/uploads\\\/sites\\\/8\\\/2022\\\/07\\\/concerta-36mg-500x500-1.png\",\"width\":500,\"height\":500,\"caption\":\"Buy Concerta Online\"},{\"@type\":\"BreadcrumbList\",\"@id\":\"https:\\\/\\\/gooddealersmeds.com\\\/no\\\/product\\\/kjop-konsert-online\\\/#breadcrumb\",\"itemListElement\":[{\"@type\":\"ListItem\",\"position\":1,\"name\":\"Home\",\"item\":\"https:\\\/\\\/gooddealersmeds.com\\\/no\\\/\"},{\"@type\":\"ListItem\",\"position\":2,\"name\":\"Produkter\",\"item\":\"https:\\\/\\\/gooddealersmeds.com\\\/no\\\/produkter\\\/\"},{\"@type\":\"ListItem\",\"position\":3,\"name\":\"Kj\u00f8p Concerta p\u00e5 nett\"}]},{\"@type\":\"WebSite\",\"@id\":\"https:\\\/\\\/gooddealersmeds.com\\\/no\\\/#website\",\"url\":\"https:\\\/\\\/gooddealersmeds.com\\\/no\\\/\",\"name\":\"Good Dealers Meds\",\"description\":\"All our best\",\"publisher\":{\"@id\":\"https:\\\/\\\/gooddealersmeds.com\\\/no\\\/#organization\"},\"potentialAction\":[{\"@type\":\"SearchAction\",\"target\":{\"@type\":\"EntryPoint\",\"urlTemplate\":\"https:\\\/\\\/gooddealersmeds.com\\\/no\\\/?s={search_term_string}\"},\"query-input\":{\"@type\":\"PropertyValueSpecification\",\"valueRequired\":true,\"valueName\":\"search_term_string\"}}],\"inLanguage\":\"en-US\"},{\"@type\":\"Organization\",\"@id\":\"https:\\\/\\\/gooddealersmeds.com\\\/no\\\/#organization\",\"name\":\"Good Dealers Meds\",\"url\":\"https:\\\/\\\/gooddealersmeds.com\\\/no\\\/\",\"logo\":{\"@type\":\"ImageObject\",\"inLanguage\":\"en-US\",\"@id\":\"https:\\\/\\\/gooddealersmeds.com\\\/no\\\/#\\\/schema\\\/logo\\\/image\\\/\",\"url\":\"https:\\\/\\\/gooddealersmeds.com\\\/no\\\/wp-content\\\/uploads\\\/sites\\\/8\\\/2022\\\/03\\\/gooddealersmeds__logo__20220317T222800Z.00.png\",\"contentUrl\":\"https:\\\/\\\/gooddealersmeds.com\\\/no\\\/wp-content\\\/uploads\\\/sites\\\/8\\\/2022\\\/03\\\/gooddealersmeds__logo__20220317T222800Z.00.png\",\"width\":500,\"height\":325,\"caption\":\"Good Dealers Meds\"},\"image\":{\"@id\":\"https:\\\/\\\/gooddealersmeds.com\\\/no\\\/#\\\/schema\\\/logo\\\/image\\\/\"}}]}<\/script>\n<!-- \/ Yoast SEO Premium plugin. -->","yoast_head_json":{"title":"Kj\u00f8p Concerta Online (Methylphenidate HCL) | Good Dealers Meds","description":"Kj\u00f8p Concerta Online; brukes til \u00e5 behandle oppmerksomhetsunderskudd hyperaktivitetsforstyrrelse. Det virker ved \u00e5 endre naturlige stoffer i hjernen.","robots":{"index":"index","follow":"follow","max-snippet":"max-snippet:-1","max-image-preview":"max-image-preview:large","max-video-preview":"max-video-preview:-1"},"canonical":"https:\/\/gooddealersmeds.com\/no\/product\/kjop-konsert-online\/","og_locale":"en_US","og_type":"article","og_title":"Kj\u00f8p Concerta p\u00e5 nett","og_description":"Kj\u00f8p Concerta Online; brukes til \u00e5 behandle oppmerksomhetsunderskudd hyperaktivitetsforstyrrelse. Det virker ved \u00e5 endre naturlige stoffer i hjernen.","og_url":"https:\/\/gooddealersmeds.com\/no\/product\/kjop-konsert-online\/","og_site_name":"Good Dealers Meds","article_modified_time":"2022-10-03T21:23:20+00:00","og_image":[{"width":500,"height":500,"url":"https:\/\/gooddealersmeds.com\/no\/wp-content\/uploads\/sites\/8\/2022\/07\/concerta-36mg-500x500-1.png","type":"image\/png"}],"twitter_card":"summary_large_image","twitter_misc":{"Est. reading time":"2 minutes"},"schema":{"@context":"https:\/\/schema.org","@graph":[{"@type":"WebPage","@id":"https:\/\/gooddealersmeds.com\/no\/product\/kjop-konsert-online\/","url":"https:\/\/gooddealersmeds.com\/no\/product\/kjop-konsert-online\/","name":"Kj\u00f8p Concerta Online (Methylphenidate HCL) | Good Dealers Meds","isPartOf":{"@id":"https:\/\/gooddealersmeds.com\/no\/#website"},"primaryImageOfPage":{"@id":"https:\/\/gooddealersmeds.com\/no\/product\/kjop-konsert-online\/#primaryimage"},"image":{"@id":"https:\/\/gooddealersmeds.com\/no\/product\/kjop-konsert-online\/#primaryimage"},"thumbnailUrl":"https:\/\/gooddealersmeds.com\/no\/wp-content\/uploads\/sites\/8\/2022\/07\/concerta-36mg-500x500-1.png","datePublished":"2022-07-03T13:10:22+00:00","dateModified":"2022-10-03T21:23:20+00:00","description":"Kj\u00f8p Concerta Online; brukes til \u00e5 behandle oppmerksomhetsunderskudd hyperaktivitetsforstyrrelse. Det virker ved \u00e5 endre naturlige stoffer i hjernen.","breadcrumb":{"@id":"https:\/\/gooddealersmeds.com\/no\/product\/kjop-konsert-online\/#breadcrumb"},"inLanguage":"en-US","potentialAction":[{"@type":"ReadAction","target":["https:\/\/gooddealersmeds.com\/no\/product\/kjop-konsert-online\/"]}]},{"@type":"ImageObject","inLanguage":"en-US","@id":"https:\/\/gooddealersmeds.com\/no\/product\/kjop-konsert-online\/#primaryimage","url":"https:\/\/gooddealersmeds.com\/no\/wp-content\/uploads\/sites\/8\/2022\/07\/concerta-36mg-500x500-1.png","contentUrl":"https:\/\/gooddealersmeds.com\/no\/wp-content\/uploads\/sites\/8\/2022\/07\/concerta-36mg-500x500-1.png","width":500,"height":500,"caption":"Buy Concerta Online"},{"@type":"BreadcrumbList","@id":"https:\/\/gooddealersmeds.com\/no\/product\/kjop-konsert-online\/#breadcrumb","itemListElement":[{"@type":"ListItem","position":1,"name":"Home","item":"https:\/\/gooddealersmeds.com\/no\/"},{"@type":"ListItem","position":2,"name":"Produkter","item":"https:\/\/gooddealersmeds.com\/no\/produkter\/"},{"@type":"ListItem","position":3,"name":"Kj\u00f8p Concerta p\u00e5 nett"}]},{"@type":"WebSite","@id":"https:\/\/gooddealersmeds.com\/no\/#website","url":"https:\/\/gooddealersmeds.com\/no\/","name":"Good Dealers Meds","description":"All our best","publisher":{"@id":"https:\/\/gooddealersmeds.com\/no\/#organization"},"potentialAction":[{"@type":"SearchAction","target":{"@type":"EntryPoint","urlTemplate":"https:\/\/gooddealersmeds.com\/no\/?s={search_term_string}"},"query-input":{"@type":"PropertyValueSpecification","valueRequired":true,"valueName":"search_term_string"}}],"inLanguage":"en-US"},{"@type":"Organization","@id":"https:\/\/gooddealersmeds.com\/no\/#organization","name":"Good Dealers Meds","url":"https:\/\/gooddealersmeds.com\/no\/","logo":{"@type":"ImageObject","inLanguage":"en-US","@id":"https:\/\/gooddealersmeds.com\/no\/#\/schema\/logo\/image\/","url":"https:\/\/gooddealersmeds.com\/no\/wp-content\/uploads\/sites\/8\/2022\/03\/gooddealersmeds__logo__20220317T222800Z.00.png","contentUrl":"https:\/\/gooddealersmeds.com\/no\/wp-content\/uploads\/sites\/8\/2022\/03\/gooddealersmeds__logo__20220317T222800Z.00.png","width":500,"height":325,"caption":"Good Dealers Meds"},"image":{"@id":"https:\/\/gooddealersmeds.com\/no\/#\/schema\/logo\/image\/"}}]}},"_links":{"self":[{"href":"https:\/\/gooddealersmeds.com\/no\/wp-json\/wp\/v2\/product\/1965","targetHints":{"allow":["GET"]}}],"collection":[{"href":"https:\/\/gooddealersmeds.com\/no\/wp-json\/wp\/v2\/product"}],"about":[{"href":"https:\/\/gooddealersmeds.com\/no\/wp-json\/wp\/v2\/types\/product"}],"replies":[{"embeddable":true,"href":"https:\/\/gooddealersmeds.com\/no\/wp-json\/wp\/v2\/comments?post=1965"}],"wp:featuredmedia":[{"embeddable":true,"href":"https:\/\/gooddealersmeds.com\/no\/wp-json\/wp\/v2\/media\/1966"}],"wp:attachment":[{"href":"https:\/\/gooddealersmeds.com\/no\/wp-json\/wp\/v2\/media?parent=1965"}],"wp:term":[{"taxonomy":"product_brand","embeddable":true,"href":"https:\/\/gooddealersmeds.com\/no\/wp-json\/wp\/v2\/product_brand?post=1965"},{"taxonomy":"product_cat","embeddable":true,"href":"https:\/\/gooddealersmeds.com\/no\/wp-json\/wp\/v2\/product_cat?post=1965"},{"taxonomy":"product_tag","embeddable":true,"href":"https:\/\/gooddealersmeds.com\/no\/wp-json\/wp\/v2\/product_tag?post=1965"}],"curies":[{"name":"wp","href":"https:\/\/api.w.org\/{rel}","templated":true}]}}