{"id":1951,"date":"2022-07-03T13:05:03","date_gmt":"2022-07-03T13:05:03","guid":{"rendered":"https:\/\/gooddealersmeds.com\/no\/?post_type=product&#038;p=1951"},"modified":"2022-10-03T21:23:26","modified_gmt":"2022-10-03T21:23:26","slug":"kjope-ritalin-piller","status":"publish","type":"product","link":"https:\/\/gooddealersmeds.com\/no\/product\/kjope-ritalin-piller\/","title":{"rendered":"Kj\u00f8p Ritalin-piller"},"content":{"rendered":"<p>Kj\u00f8p ritalin-piller fra v\u00e5r nettbutikk uten resept. Ritalin Tablet er et sentralnervesystemstimulerende middel som behandler oppmerksomhetsunderskudd hyperaktivitetsforstyrrelse (ADHD). Denne lidelsen inkluderer ukontrollerbare handlinger, mer problemer med \u00e5 fokusere og forbli stille sammenlignet med andre mennesker i samme aldersgruppe. Denne pillen behandler ogs\u00e5 narkolepsi, en s\u00f8vnforstyrrelse som for\u00e5rsaker plutselige s\u00f8vnanfall og s\u00f8vnighet p\u00e5 dagtid. Denne pillen kan ogs\u00e5 hjelpe deg med \u00e5 organisere oppgavene dine og forbedre lytteferdighetene dine. I tillegg reduserer dette nettbrettet symptomene p\u00e5 atferdsproblemer og \u00f8ker din evne til \u00e5 holde fokus og v\u00e6re oppmerksom. Ritalin brukes ogs\u00e5 i r\u00e5dgivning eller andre terapier.<\/p>\n<p>Ritalin er et kraftig sentralstimulerende middel som kan hjelpe deg med \u00e5 redusere symptomene p\u00e5 oppmerksomhetssvikt. Leger og farmas\u00f8yter anser Ritalin som en av de mest effektive behandlingene for s\u00f8vnighet p\u00e5 dagtid eller uventede s\u00f8vnanfall. Ritalin er effektivt innen tjue til tretti minutter etter administrering og har en halveringstid p\u00e5 omtrent \u00e5tte timer. Videre hjelper denne pillen deg med \u00e5 fokusere og ta hensyn til oppgavene dine.<\/p>\n<p>Ritalin er et av de beste alternativene for \u00e5 forebygge og behandle oppmerksomhetsunderskudd hyperaktivitetsforstyrrelser eller s\u00f8vnproblemer. Dette nettbrettet lar deg endre mengden av naturlige stoffer i hjernen din. Videre anses Ritalin som trygt for barn over seks \u00e5r, voksne og eldre som har hyperaktivitetsforstyrrelser eller s\u00f8vnproblemer.<\/p>\n<p>Methylphenidate Hydrochloride, den aktive ingrediensen i Ritalin, tilh\u00f8rer en klasse av medisiner kjent som sentralnervesystemstimulerende midler. Disse sentralstimulerende stoffene \u00f8ker katekolaminniv\u00e5et (et kjemikalie) i hjernen din, noe som \u00f8ker energi, \u00e5rv\u00e5kenhet og oppmerksomhet.<\/p>\n<p>Ritalin virker ved \u00e5 endre konsentrasjonen av naturlige stoffer i hjernen (katekolamin). Denne medisinen hjelper deg ogs\u00e5 \u00e5 holde fokus, forbedrer oppmerksomhetsevnen din og h\u00e5ndterer atferdsproblemer.<\/p>\n<p>Vanligvis anbefales det \u00e5 bruke Ritalin etter legens r\u00e5d. Men for \u00e5 behandle oppmerksomhetsunderskudd hyperaktivitetsforstyrrelser eller plutselige s\u00f8vnanfall, vil du bruke Ritalin som en langtidsbehandling. Du kan kj\u00f8pe ritalin-piller fra v\u00e5r <a href=\"https:\/\/gooddealersmeds.com\/no\/products\/\">nettbutikk<\/a> med sikker frakt.<\/p>\n<p>&nbsp;<\/p>\n","protected":false},"excerpt":{"rendered":"<p>Kj\u00f8p Ritalin LA 10mg Capsules 30 online, tilgjengelig n\u00e5. Bla gjennom nettbutikken v\u00e5r. F\u00e5 online Ritalin 100 % tilfredshetsgaranti. Hvordan kan jeg f\u00e5 Ritalin uten resept.<\/p>\n","protected":false},"featured_media":1963,"comment_status":"open","ping_status":"closed","template":"","meta":{"inline_featured_image":false},"product_brand":[],"product_cat":[346],"product_tag":[514,515,516,502,503,504,506,505,508,509,507,510,511,512,513],"class_list":{"0":"post-1951","1":"product","2":"type-product","3":"status-publish","4":"has-post-thumbnail","6":"product_cat-sentralstimulerende-midler","7":"product_tag-hvor-kan-kjpes-ritalin-online","8":"product_tag-hvor-kan-kjpes-ritalin-online-ikke-reseptpliktig","9":"product_tag-hvor-kan-kjpes-ritalin-online-no-rx-required","10":"product_tag-kjp-20mg-ritalin-online","11":"product_tag-kjp-generisk-ritalin-online","12":"product_tag-kjp-online-resept-ritalin-ikke-resept","13":"product_tag-kjp-ritalin-10mg-online-i-usa","14":"product_tag-kjp-ritalin-10mg-online","15":"product_tag-kjp-ritalin-nettforum","16":"product_tag-kjp-ritalin-online-no-rx","17":"product_tag-kjp-ritalin-online","18":"product_tag-kjpe-ritalin-piller","19":"product_tag-kjpe-ritalin-piller-i-sr-afrika","20":"product_tag-reddit-buy-ritalin-online-no-resept","21":"product_tag-ritalin-kjp-online","23":"first","24":"instock","25":"shipping-taxable","26":"purchasable","27":"product-type-variable","28":"has-default-attributes"},"yoast_head":"<!-- This site is optimized with the Yoast SEO Premium plugin v20.6 (Yoast SEO v27.4) - https:\/\/yoast.com\/product\/yoast-seo-premium-wordpress\/ -->\n<title>Kj\u00f8p Ritalin-piller (metylfenidat-hcl) | Good Dealers Meds<\/title>\n<meta name=\"description\" content=\"Kj\u00f8p Ritalin LA 10mg piller 30 online. Bla gjennom v\u00e5r nettbutikk uten resept. F\u00e5 online Ritalin med 100 % tilfredshet.\" \/>\n<meta name=\"robots\" content=\"index, follow, max-snippet:-1, max-image-preview:large, max-video-preview:-1\" \/>\n<link rel=\"canonical\" href=\"https:\/\/gooddealersmeds.com\/no\/product\/kjope-ritalin-piller\/\" \/>\n<meta property=\"og:locale\" content=\"en_US\" \/>\n<meta property=\"og:type\" content=\"article\" \/>\n<meta property=\"og:title\" content=\"Kj\u00f8p Ritalin-piller\" \/>\n<meta property=\"og:description\" content=\"Kj\u00f8p Ritalin LA 10mg piller 30 online. Bla gjennom v\u00e5r nettbutikk uten resept. F\u00e5 online Ritalin med 100 % tilfredshet.\" \/>\n<meta property=\"og:url\" content=\"https:\/\/gooddealersmeds.com\/no\/product\/kjope-ritalin-piller\/\" \/>\n<meta property=\"og:site_name\" content=\"Good Dealers Meds\" \/>\n<meta property=\"article:modified_time\" content=\"2022-10-03T21:23:26+00:00\" \/>\n<meta property=\"og:image\" content=\"https:\/\/gooddealersmeds.com\/no\/wp-content\/uploads\/sites\/8\/2022\/07\/buy-ritalin-online.jpg\" \/>\n\t<meta property=\"og:image:width\" content=\"1464\" \/>\n\t<meta property=\"og:image:height\" content=\"975\" \/>\n\t<meta property=\"og:image:type\" content=\"image\/jpeg\" \/>\n<meta name=\"twitter:card\" content=\"summary_large_image\" \/>\n<meta name=\"twitter:label1\" content=\"Est. reading time\" \/>\n\t<meta name=\"twitter:data1\" content=\"2 minutes\" \/>\n<script type=\"application\/ld+json\" class=\"yoast-schema-graph\">{\"@context\":\"https:\\\/\\\/schema.org\",\"@graph\":[{\"@type\":\"WebPage\",\"@id\":\"https:\\\/\\\/gooddealersmeds.com\\\/no\\\/product\\\/kjope-ritalin-piller\\\/\",\"url\":\"https:\\\/\\\/gooddealersmeds.com\\\/no\\\/product\\\/kjope-ritalin-piller\\\/\",\"name\":\"Kj\u00f8p Ritalin-piller (metylfenidat-hcl) | Good Dealers Meds\",\"isPartOf\":{\"@id\":\"https:\\\/\\\/gooddealersmeds.com\\\/no\\\/#website\"},\"primaryImageOfPage\":{\"@id\":\"https:\\\/\\\/gooddealersmeds.com\\\/no\\\/product\\\/kjope-ritalin-piller\\\/#primaryimage\"},\"image\":{\"@id\":\"https:\\\/\\\/gooddealersmeds.com\\\/no\\\/product\\\/kjope-ritalin-piller\\\/#primaryimage\"},\"thumbnailUrl\":\"https:\\\/\\\/gooddealersmeds.com\\\/no\\\/wp-content\\\/uploads\\\/sites\\\/8\\\/2022\\\/07\\\/buy-ritalin-online.jpg\",\"datePublished\":\"2022-07-03T13:05:03+00:00\",\"dateModified\":\"2022-10-03T21:23:26+00:00\",\"description\":\"Kj\u00f8p Ritalin LA 10mg piller 30 online. Bla gjennom v\u00e5r nettbutikk uten resept. F\u00e5 online Ritalin med 100 % tilfredshet.\",\"breadcrumb\":{\"@id\":\"https:\\\/\\\/gooddealersmeds.com\\\/no\\\/product\\\/kjope-ritalin-piller\\\/#breadcrumb\"},\"inLanguage\":\"en-US\",\"potentialAction\":[{\"@type\":\"ReadAction\",\"target\":[\"https:\\\/\\\/gooddealersmeds.com\\\/no\\\/product\\\/kjope-ritalin-piller\\\/\"]}]},{\"@type\":\"ImageObject\",\"inLanguage\":\"en-US\",\"@id\":\"https:\\\/\\\/gooddealersmeds.com\\\/no\\\/product\\\/kjope-ritalin-piller\\\/#primaryimage\",\"url\":\"https:\\\/\\\/gooddealersmeds.com\\\/no\\\/wp-content\\\/uploads\\\/sites\\\/8\\\/2022\\\/07\\\/buy-ritalin-online.jpg\",\"contentUrl\":\"https:\\\/\\\/gooddealersmeds.com\\\/no\\\/wp-content\\\/uploads\\\/sites\\\/8\\\/2022\\\/07\\\/buy-ritalin-online.jpg\",\"width\":1464,\"height\":975,\"caption\":\"Buy Ritalin Pills\"},{\"@type\":\"BreadcrumbList\",\"@id\":\"https:\\\/\\\/gooddealersmeds.com\\\/no\\\/product\\\/kjope-ritalin-piller\\\/#breadcrumb\",\"itemListElement\":[{\"@type\":\"ListItem\",\"position\":1,\"name\":\"Home\",\"item\":\"https:\\\/\\\/gooddealersmeds.com\\\/no\\\/\"},{\"@type\":\"ListItem\",\"position\":2,\"name\":\"Produkter\",\"item\":\"https:\\\/\\\/gooddealersmeds.com\\\/no\\\/produkter\\\/\"},{\"@type\":\"ListItem\",\"position\":3,\"name\":\"Kj\u00f8p Ritalin-piller\"}]},{\"@type\":\"WebSite\",\"@id\":\"https:\\\/\\\/gooddealersmeds.com\\\/no\\\/#website\",\"url\":\"https:\\\/\\\/gooddealersmeds.com\\\/no\\\/\",\"name\":\"Good Dealers Meds\",\"description\":\"All our best\",\"publisher\":{\"@id\":\"https:\\\/\\\/gooddealersmeds.com\\\/no\\\/#organization\"},\"potentialAction\":[{\"@type\":\"SearchAction\",\"target\":{\"@type\":\"EntryPoint\",\"urlTemplate\":\"https:\\\/\\\/gooddealersmeds.com\\\/no\\\/?s={search_term_string}\"},\"query-input\":{\"@type\":\"PropertyValueSpecification\",\"valueRequired\":true,\"valueName\":\"search_term_string\"}}],\"inLanguage\":\"en-US\"},{\"@type\":\"Organization\",\"@id\":\"https:\\\/\\\/gooddealersmeds.com\\\/no\\\/#organization\",\"name\":\"Good Dealers Meds\",\"url\":\"https:\\\/\\\/gooddealersmeds.com\\\/no\\\/\",\"logo\":{\"@type\":\"ImageObject\",\"inLanguage\":\"en-US\",\"@id\":\"https:\\\/\\\/gooddealersmeds.com\\\/no\\\/#\\\/schema\\\/logo\\\/image\\\/\",\"url\":\"https:\\\/\\\/gooddealersmeds.com\\\/no\\\/wp-content\\\/uploads\\\/sites\\\/8\\\/2022\\\/03\\\/gooddealersmeds__logo__20220317T222800Z.00.png\",\"contentUrl\":\"https:\\\/\\\/gooddealersmeds.com\\\/no\\\/wp-content\\\/uploads\\\/sites\\\/8\\\/2022\\\/03\\\/gooddealersmeds__logo__20220317T222800Z.00.png\",\"width\":500,\"height\":325,\"caption\":\"Good Dealers Meds\"},\"image\":{\"@id\":\"https:\\\/\\\/gooddealersmeds.com\\\/no\\\/#\\\/schema\\\/logo\\\/image\\\/\"}}]}<\/script>\n<!-- \/ Yoast SEO Premium plugin. -->","yoast_head_json":{"title":"Kj\u00f8p Ritalin-piller (metylfenidat-hcl) | Good Dealers Meds","description":"Kj\u00f8p Ritalin LA 10mg piller 30 online. Bla gjennom v\u00e5r nettbutikk uten resept. F\u00e5 online Ritalin med 100 % tilfredshet.","robots":{"index":"index","follow":"follow","max-snippet":"max-snippet:-1","max-image-preview":"max-image-preview:large","max-video-preview":"max-video-preview:-1"},"canonical":"https:\/\/gooddealersmeds.com\/no\/product\/kjope-ritalin-piller\/","og_locale":"en_US","og_type":"article","og_title":"Kj\u00f8p Ritalin-piller","og_description":"Kj\u00f8p Ritalin LA 10mg piller 30 online. Bla gjennom v\u00e5r nettbutikk uten resept. F\u00e5 online Ritalin med 100 % tilfredshet.","og_url":"https:\/\/gooddealersmeds.com\/no\/product\/kjope-ritalin-piller\/","og_site_name":"Good Dealers Meds","article_modified_time":"2022-10-03T21:23:26+00:00","og_image":[{"width":1464,"height":975,"url":"https:\/\/gooddealersmeds.com\/no\/wp-content\/uploads\/sites\/8\/2022\/07\/buy-ritalin-online.jpg","type":"image\/jpeg"}],"twitter_card":"summary_large_image","twitter_misc":{"Est. reading time":"2 minutes"},"schema":{"@context":"https:\/\/schema.org","@graph":[{"@type":"WebPage","@id":"https:\/\/gooddealersmeds.com\/no\/product\/kjope-ritalin-piller\/","url":"https:\/\/gooddealersmeds.com\/no\/product\/kjope-ritalin-piller\/","name":"Kj\u00f8p Ritalin-piller (metylfenidat-hcl) | Good Dealers Meds","isPartOf":{"@id":"https:\/\/gooddealersmeds.com\/no\/#website"},"primaryImageOfPage":{"@id":"https:\/\/gooddealersmeds.com\/no\/product\/kjope-ritalin-piller\/#primaryimage"},"image":{"@id":"https:\/\/gooddealersmeds.com\/no\/product\/kjope-ritalin-piller\/#primaryimage"},"thumbnailUrl":"https:\/\/gooddealersmeds.com\/no\/wp-content\/uploads\/sites\/8\/2022\/07\/buy-ritalin-online.jpg","datePublished":"2022-07-03T13:05:03+00:00","dateModified":"2022-10-03T21:23:26+00:00","description":"Kj\u00f8p Ritalin LA 10mg piller 30 online. Bla gjennom v\u00e5r nettbutikk uten resept. F\u00e5 online Ritalin med 100 % tilfredshet.","breadcrumb":{"@id":"https:\/\/gooddealersmeds.com\/no\/product\/kjope-ritalin-piller\/#breadcrumb"},"inLanguage":"en-US","potentialAction":[{"@type":"ReadAction","target":["https:\/\/gooddealersmeds.com\/no\/product\/kjope-ritalin-piller\/"]}]},{"@type":"ImageObject","inLanguage":"en-US","@id":"https:\/\/gooddealersmeds.com\/no\/product\/kjope-ritalin-piller\/#primaryimage","url":"https:\/\/gooddealersmeds.com\/no\/wp-content\/uploads\/sites\/8\/2022\/07\/buy-ritalin-online.jpg","contentUrl":"https:\/\/gooddealersmeds.com\/no\/wp-content\/uploads\/sites\/8\/2022\/07\/buy-ritalin-online.jpg","width":1464,"height":975,"caption":"Buy Ritalin Pills"},{"@type":"BreadcrumbList","@id":"https:\/\/gooddealersmeds.com\/no\/product\/kjope-ritalin-piller\/#breadcrumb","itemListElement":[{"@type":"ListItem","position":1,"name":"Home","item":"https:\/\/gooddealersmeds.com\/no\/"},{"@type":"ListItem","position":2,"name":"Produkter","item":"https:\/\/gooddealersmeds.com\/no\/produkter\/"},{"@type":"ListItem","position":3,"name":"Kj\u00f8p Ritalin-piller"}]},{"@type":"WebSite","@id":"https:\/\/gooddealersmeds.com\/no\/#website","url":"https:\/\/gooddealersmeds.com\/no\/","name":"Good Dealers Meds","description":"All our best","publisher":{"@id":"https:\/\/gooddealersmeds.com\/no\/#organization"},"potentialAction":[{"@type":"SearchAction","target":{"@type":"EntryPoint","urlTemplate":"https:\/\/gooddealersmeds.com\/no\/?s={search_term_string}"},"query-input":{"@type":"PropertyValueSpecification","valueRequired":true,"valueName":"search_term_string"}}],"inLanguage":"en-US"},{"@type":"Organization","@id":"https:\/\/gooddealersmeds.com\/no\/#organization","name":"Good Dealers Meds","url":"https:\/\/gooddealersmeds.com\/no\/","logo":{"@type":"ImageObject","inLanguage":"en-US","@id":"https:\/\/gooddealersmeds.com\/no\/#\/schema\/logo\/image\/","url":"https:\/\/gooddealersmeds.com\/no\/wp-content\/uploads\/sites\/8\/2022\/03\/gooddealersmeds__logo__20220317T222800Z.00.png","contentUrl":"https:\/\/gooddealersmeds.com\/no\/wp-content\/uploads\/sites\/8\/2022\/03\/gooddealersmeds__logo__20220317T222800Z.00.png","width":500,"height":325,"caption":"Good Dealers Meds"},"image":{"@id":"https:\/\/gooddealersmeds.com\/no\/#\/schema\/logo\/image\/"}}]}},"_links":{"self":[{"href":"https:\/\/gooddealersmeds.com\/no\/wp-json\/wp\/v2\/product\/1951","targetHints":{"allow":["GET"]}}],"collection":[{"href":"https:\/\/gooddealersmeds.com\/no\/wp-json\/wp\/v2\/product"}],"about":[{"href":"https:\/\/gooddealersmeds.com\/no\/wp-json\/wp\/v2\/types\/product"}],"replies":[{"embeddable":true,"href":"https:\/\/gooddealersmeds.com\/no\/wp-json\/wp\/v2\/comments?post=1951"}],"wp:featuredmedia":[{"embeddable":true,"href":"https:\/\/gooddealersmeds.com\/no\/wp-json\/wp\/v2\/media\/1963"}],"wp:attachment":[{"href":"https:\/\/gooddealersmeds.com\/no\/wp-json\/wp\/v2\/media?parent=1951"}],"wp:term":[{"taxonomy":"product_brand","embeddable":true,"href":"https:\/\/gooddealersmeds.com\/no\/wp-json\/wp\/v2\/product_brand?post=1951"},{"taxonomy":"product_cat","embeddable":true,"href":"https:\/\/gooddealersmeds.com\/no\/wp-json\/wp\/v2\/product_cat?post=1951"},{"taxonomy":"product_tag","embeddable":true,"href":"https:\/\/gooddealersmeds.com\/no\/wp-json\/wp\/v2\/product_tag?post=1951"}],"curies":[{"name":"wp","href":"https:\/\/api.w.org\/{rel}","templated":true}]}}