{"id":1944,"date":"2022-07-03T12:27:49","date_gmt":"2022-07-03T12:27:49","guid":{"rendered":"https:\/\/gooddealersmeds.com\/no\/?post_type=product&#038;p=1944"},"modified":"2022-10-03T21:23:34","modified_gmt":"2022-10-03T21:23:34","slug":"buy-dexedrine-er-pills-online","status":"publish","type":"product","link":"https:\/\/gooddealersmeds.com\/no\/product\/buy-dexedrine-er-pills-online\/","title":{"rendered":"Buy Dexedrine Er Pills Online"},"content":{"rendered":"<p>Kj\u00f8p Dexedrine online , levering over natten tilgjengelig til alle europeiske stater. Dexedrine tilh\u00f8rer familien av medisiner kjent som sentralstimulerende midler. Dexedrine (dexamfetamin) er et medikament som brukes til \u00e5 behandle oppmerksomhetsunderskudd hyperaktivitetsforstyrrelse (ADHD) og narkolepsi (sovne p\u00e5 upassende tidspunkt uten kontroll). Det fungerer for \u00e5 behandle narkolepsi ved \u00e5 fungere som et hjernestimulerende middel. Du kan kj\u00f8pe Dexedrine Er Pills online for salg fra Good Dealers Meds.<\/p>\n<p>Denne medisinen brukes til \u00e5 behandle ADHD, ogs\u00e5 kjent som oppmerksomhetsunderskudd hyperaktivitetsforstyrrelse. Det fungerer ved \u00e5 endre konsentrasjonen av visse naturlige kjemikalier i hjernen. Dextroamfetamin er en type medisin kjent som en pacemaker. Dette kan hjelpe deg med \u00e5 forbedre kapasiteten din til \u00e5 fokusere p\u00e5 en aktivitet og kontrollere atferdsproblemer. Det kan ogs\u00e5 hjelpe deg med \u00e5 organisere og forbedre oppgavene dine. Denne medisinen brukes ogs\u00e5 til \u00e5 behandle et s\u00f8vnproblem (narkolepsi), som lar deg holde deg v\u00e5ken hele dagen. Det b\u00f8r ikke brukes til \u00e5 kurere utmattelse eller for \u00e5 holde folk fra \u00e5 sove som ikke har en s\u00f8vnforstyrrelse v\u00e5kne.<\/p>\n<p>I tillegg til den \u00f8nskede virkningen, kan denne medisinen for\u00e5rsake noen effekter, spesielt:<\/p>\n<ul>\n<li>Det kan redusere appetitten din<\/li>\n<li>Det kan for\u00e5rsake diar\u00e9 eller forstoppelse, avhengig av personen<\/li>\n<li>Det kan for\u00e5rsake hodepine<\/li>\n<li>Det kan for\u00e5rsake s\u00f8vnforstyrrelser eller s\u00f8vnl\u00f8shet<\/li>\n<\/ul>\n<p><a href=\"https:\/\/gooddealersmeds.com\/no\/product\/buy-dexedrine-er-pills-online\/\">Dexedrine<\/a> Er Piller, som de fleste legemidler, b\u00f8r oppbevares i romtemperatur. Den b\u00f8r oppbevares p\u00e5 et trygt sted unna overdreven varme, fuktighet og direkte solskinn. S\u00f8rg for at eventuelle rester blir kastet p\u00e5 riktig m\u00e5te.<\/p>\n<p>Ta denne medisinen med eller uten mat, vanligvis 1 til 3 ganger per dag, som anbefalt av legen din. Den f\u00f8rste dosen gis vanligvis f\u00f8rst om morgenen. Hvis legen din foreskriver flere doser, ta dem som angitt, vanligvis med 4-6 timers mellomrom. \u00c5 ta dette stoffet sent p\u00e5 dagen kan gj\u00f8re det vanskelig \u00e5 sove.<\/p>\n<p>Du kan kj\u00f8pe Dexedrine Er piller (15 mg tabletter) online uten resept (ingen RX) fra Good Dealers Meds Online.<\/p>\n","protected":false},"excerpt":{"rendered":"<p>Kj\u00f8p Dexedrine Er piller online uten resept. Bestill dexedrin veldig raskt og enkelt. V\u00e5r leveringstjeneste vil gi deg bestillingen din p\u00e5 Dextroamphetamine p\u00e5 kortest mulig tid!<\/p>\n","protected":false},"featured_media":1949,"comment_status":"open","ping_status":"closed","template":"","meta":{"inline_featured_image":false},"product_brand":[],"product_cat":[346],"product_tag":[500,491,492,493,494,495,496,497,499,498,501],"class_list":{"0":"post-1944","1":"product","2":"type-product","3":"status-publish","4":"has-post-thumbnail","6":"product_cat-sentralstimulerende-midler","7":"product_tag-bestille-dexedrine-online","8":"product_tag-buy-cheap-dexedrine","9":"product_tag-buy-dexedrine-5mg-canada","10":"product_tag-buy-dexedrine-5mg-online","11":"product_tag-buy-dexedrine-5mg-tablets-online","12":"product_tag-buy-dexedrine-5mg-usa","13":"product_tag-buy-dexedrine-australia","14":"product_tag-dexedrin-5mg-usa","15":"product_tag-dekstroamfetamin-5mg-leverandr","16":"product_tag-dextroamfetamin-5mg-usa","17":"product_tag-kjp-dexedrin-online","19":"first","20":"instock","21":"shipping-taxable","22":"purchasable","23":"product-type-variable","24":"has-default-attributes"},"yoast_head":"<!-- This site is optimized with the Yoast SEO Premium plugin v20.6 (Yoast SEO v27.4) - https:\/\/yoast.com\/product\/yoast-seo-premium-wordpress\/ -->\n<title>Kj\u00f8p Dexedrine Er piller online uten resept | Good Dealers Meds<\/title>\n<meta name=\"description\" content=\"Kj\u00f8p Dexedrine Er piller p\u00e5 nett uten resept. Bestill dexedrin p\u00e5 nett fra v\u00e5r nettbutikk og f\u00e5 sv\u00e6rt rask levering over hele verden.\" \/>\n<meta name=\"robots\" content=\"index, follow, max-snippet:-1, max-image-preview:large, max-video-preview:-1\" \/>\n<link rel=\"canonical\" href=\"https:\/\/gooddealersmeds.com\/no\/product\/buy-dexedrine-er-pills-online\/\" \/>\n<meta property=\"og:locale\" content=\"en_US\" \/>\n<meta property=\"og:type\" content=\"article\" \/>\n<meta property=\"og:title\" content=\"Buy Dexedrine Er Pills Online\" \/>\n<meta property=\"og:description\" content=\"Kj\u00f8p Dexedrine Er piller p\u00e5 nett uten resept. Bestill dexedrin p\u00e5 nett fra v\u00e5r nettbutikk og f\u00e5 sv\u00e6rt rask levering over hele verden.\" \/>\n<meta property=\"og:url\" content=\"https:\/\/gooddealersmeds.com\/no\/product\/buy-dexedrine-er-pills-online\/\" \/>\n<meta property=\"og:site_name\" content=\"Good Dealers Meds\" \/>\n<meta property=\"article:modified_time\" content=\"2022-10-03T21:23:34+00:00\" \/>\n<meta property=\"og:image\" content=\"https:\/\/gooddealersmeds.com\/no\/wp-content\/uploads\/sites\/8\/2022\/07\/Buy-Dexedrine-Er-Pills-Online.png\" \/>\n\t<meta property=\"og:image:width\" content=\"600\" \/>\n\t<meta property=\"og:image:height\" content=\"600\" \/>\n\t<meta property=\"og:image:type\" content=\"image\/png\" \/>\n<meta name=\"twitter:card\" content=\"summary_large_image\" \/>\n<meta name=\"twitter:label1\" content=\"Est. reading time\" \/>\n\t<meta name=\"twitter:data1\" content=\"2 minutes\" \/>\n<script type=\"application\/ld+json\" class=\"yoast-schema-graph\">{\"@context\":\"https:\\\/\\\/schema.org\",\"@graph\":[{\"@type\":\"WebPage\",\"@id\":\"https:\\\/\\\/gooddealersmeds.com\\\/no\\\/product\\\/buy-dexedrine-er-pills-online\\\/\",\"url\":\"https:\\\/\\\/gooddealersmeds.com\\\/no\\\/product\\\/buy-dexedrine-er-pills-online\\\/\",\"name\":\"Kj\u00f8p Dexedrine Er piller online uten resept | Good Dealers Meds\",\"isPartOf\":{\"@id\":\"https:\\\/\\\/gooddealersmeds.com\\\/no\\\/#website\"},\"primaryImageOfPage\":{\"@id\":\"https:\\\/\\\/gooddealersmeds.com\\\/no\\\/product\\\/buy-dexedrine-er-pills-online\\\/#primaryimage\"},\"image\":{\"@id\":\"https:\\\/\\\/gooddealersmeds.com\\\/no\\\/product\\\/buy-dexedrine-er-pills-online\\\/#primaryimage\"},\"thumbnailUrl\":\"https:\\\/\\\/gooddealersmeds.com\\\/no\\\/wp-content\\\/uploads\\\/sites\\\/8\\\/2022\\\/07\\\/Buy-Dexedrine-Er-Pills-Online.png\",\"datePublished\":\"2022-07-03T12:27:49+00:00\",\"dateModified\":\"2022-10-03T21:23:34+00:00\",\"description\":\"Kj\u00f8p Dexedrine Er piller p\u00e5 nett uten resept. Bestill dexedrin p\u00e5 nett fra v\u00e5r nettbutikk og f\u00e5 sv\u00e6rt rask levering over hele verden.\",\"breadcrumb\":{\"@id\":\"https:\\\/\\\/gooddealersmeds.com\\\/no\\\/product\\\/buy-dexedrine-er-pills-online\\\/#breadcrumb\"},\"inLanguage\":\"en-US\",\"potentialAction\":[{\"@type\":\"ReadAction\",\"target\":[\"https:\\\/\\\/gooddealersmeds.com\\\/no\\\/product\\\/buy-dexedrine-er-pills-online\\\/\"]}]},{\"@type\":\"ImageObject\",\"inLanguage\":\"en-US\",\"@id\":\"https:\\\/\\\/gooddealersmeds.com\\\/no\\\/product\\\/buy-dexedrine-er-pills-online\\\/#primaryimage\",\"url\":\"https:\\\/\\\/gooddealersmeds.com\\\/no\\\/wp-content\\\/uploads\\\/sites\\\/8\\\/2022\\\/07\\\/Buy-Dexedrine-Er-Pills-Online.png\",\"contentUrl\":\"https:\\\/\\\/gooddealersmeds.com\\\/no\\\/wp-content\\\/uploads\\\/sites\\\/8\\\/2022\\\/07\\\/Buy-Dexedrine-Er-Pills-Online.png\",\"width\":600,\"height\":600,\"caption\":\"Buy Dexedrine Er Pills Online\"},{\"@type\":\"BreadcrumbList\",\"@id\":\"https:\\\/\\\/gooddealersmeds.com\\\/no\\\/product\\\/buy-dexedrine-er-pills-online\\\/#breadcrumb\",\"itemListElement\":[{\"@type\":\"ListItem\",\"position\":1,\"name\":\"Home\",\"item\":\"https:\\\/\\\/gooddealersmeds.com\\\/no\\\/\"},{\"@type\":\"ListItem\",\"position\":2,\"name\":\"Produkter\",\"item\":\"https:\\\/\\\/gooddealersmeds.com\\\/no\\\/produkter\\\/\"},{\"@type\":\"ListItem\",\"position\":3,\"name\":\"Buy Dexedrine Er Pills Online\"}]},{\"@type\":\"WebSite\",\"@id\":\"https:\\\/\\\/gooddealersmeds.com\\\/no\\\/#website\",\"url\":\"https:\\\/\\\/gooddealersmeds.com\\\/no\\\/\",\"name\":\"Good Dealers Meds\",\"description\":\"All our best\",\"publisher\":{\"@id\":\"https:\\\/\\\/gooddealersmeds.com\\\/no\\\/#organization\"},\"potentialAction\":[{\"@type\":\"SearchAction\",\"target\":{\"@type\":\"EntryPoint\",\"urlTemplate\":\"https:\\\/\\\/gooddealersmeds.com\\\/no\\\/?s={search_term_string}\"},\"query-input\":{\"@type\":\"PropertyValueSpecification\",\"valueRequired\":true,\"valueName\":\"search_term_string\"}}],\"inLanguage\":\"en-US\"},{\"@type\":\"Organization\",\"@id\":\"https:\\\/\\\/gooddealersmeds.com\\\/no\\\/#organization\",\"name\":\"Good Dealers Meds\",\"url\":\"https:\\\/\\\/gooddealersmeds.com\\\/no\\\/\",\"logo\":{\"@type\":\"ImageObject\",\"inLanguage\":\"en-US\",\"@id\":\"https:\\\/\\\/gooddealersmeds.com\\\/no\\\/#\\\/schema\\\/logo\\\/image\\\/\",\"url\":\"https:\\\/\\\/gooddealersmeds.com\\\/no\\\/wp-content\\\/uploads\\\/sites\\\/8\\\/2022\\\/03\\\/gooddealersmeds__logo__20220317T222800Z.00.png\",\"contentUrl\":\"https:\\\/\\\/gooddealersmeds.com\\\/no\\\/wp-content\\\/uploads\\\/sites\\\/8\\\/2022\\\/03\\\/gooddealersmeds__logo__20220317T222800Z.00.png\",\"width\":500,\"height\":325,\"caption\":\"Good Dealers Meds\"},\"image\":{\"@id\":\"https:\\\/\\\/gooddealersmeds.com\\\/no\\\/#\\\/schema\\\/logo\\\/image\\\/\"}}]}<\/script>\n<!-- \/ Yoast SEO Premium plugin. -->","yoast_head_json":{"title":"Kj\u00f8p Dexedrine Er piller online uten resept | Good Dealers Meds","description":"Kj\u00f8p Dexedrine Er piller p\u00e5 nett uten resept. Bestill dexedrin p\u00e5 nett fra v\u00e5r nettbutikk og f\u00e5 sv\u00e6rt rask levering over hele verden.","robots":{"index":"index","follow":"follow","max-snippet":"max-snippet:-1","max-image-preview":"max-image-preview:large","max-video-preview":"max-video-preview:-1"},"canonical":"https:\/\/gooddealersmeds.com\/no\/product\/buy-dexedrine-er-pills-online\/","og_locale":"en_US","og_type":"article","og_title":"Buy Dexedrine Er Pills Online","og_description":"Kj\u00f8p Dexedrine Er piller p\u00e5 nett uten resept. Bestill dexedrin p\u00e5 nett fra v\u00e5r nettbutikk og f\u00e5 sv\u00e6rt rask levering over hele verden.","og_url":"https:\/\/gooddealersmeds.com\/no\/product\/buy-dexedrine-er-pills-online\/","og_site_name":"Good Dealers Meds","article_modified_time":"2022-10-03T21:23:34+00:00","og_image":[{"width":600,"height":600,"url":"https:\/\/gooddealersmeds.com\/no\/wp-content\/uploads\/sites\/8\/2022\/07\/Buy-Dexedrine-Er-Pills-Online.png","type":"image\/png"}],"twitter_card":"summary_large_image","twitter_misc":{"Est. reading time":"2 minutes"},"schema":{"@context":"https:\/\/schema.org","@graph":[{"@type":"WebPage","@id":"https:\/\/gooddealersmeds.com\/no\/product\/buy-dexedrine-er-pills-online\/","url":"https:\/\/gooddealersmeds.com\/no\/product\/buy-dexedrine-er-pills-online\/","name":"Kj\u00f8p Dexedrine Er piller online uten resept | Good Dealers Meds","isPartOf":{"@id":"https:\/\/gooddealersmeds.com\/no\/#website"},"primaryImageOfPage":{"@id":"https:\/\/gooddealersmeds.com\/no\/product\/buy-dexedrine-er-pills-online\/#primaryimage"},"image":{"@id":"https:\/\/gooddealersmeds.com\/no\/product\/buy-dexedrine-er-pills-online\/#primaryimage"},"thumbnailUrl":"https:\/\/gooddealersmeds.com\/no\/wp-content\/uploads\/sites\/8\/2022\/07\/Buy-Dexedrine-Er-Pills-Online.png","datePublished":"2022-07-03T12:27:49+00:00","dateModified":"2022-10-03T21:23:34+00:00","description":"Kj\u00f8p Dexedrine Er piller p\u00e5 nett uten resept. Bestill dexedrin p\u00e5 nett fra v\u00e5r nettbutikk og f\u00e5 sv\u00e6rt rask levering over hele verden.","breadcrumb":{"@id":"https:\/\/gooddealersmeds.com\/no\/product\/buy-dexedrine-er-pills-online\/#breadcrumb"},"inLanguage":"en-US","potentialAction":[{"@type":"ReadAction","target":["https:\/\/gooddealersmeds.com\/no\/product\/buy-dexedrine-er-pills-online\/"]}]},{"@type":"ImageObject","inLanguage":"en-US","@id":"https:\/\/gooddealersmeds.com\/no\/product\/buy-dexedrine-er-pills-online\/#primaryimage","url":"https:\/\/gooddealersmeds.com\/no\/wp-content\/uploads\/sites\/8\/2022\/07\/Buy-Dexedrine-Er-Pills-Online.png","contentUrl":"https:\/\/gooddealersmeds.com\/no\/wp-content\/uploads\/sites\/8\/2022\/07\/Buy-Dexedrine-Er-Pills-Online.png","width":600,"height":600,"caption":"Buy Dexedrine Er Pills Online"},{"@type":"BreadcrumbList","@id":"https:\/\/gooddealersmeds.com\/no\/product\/buy-dexedrine-er-pills-online\/#breadcrumb","itemListElement":[{"@type":"ListItem","position":1,"name":"Home","item":"https:\/\/gooddealersmeds.com\/no\/"},{"@type":"ListItem","position":2,"name":"Produkter","item":"https:\/\/gooddealersmeds.com\/no\/produkter\/"},{"@type":"ListItem","position":3,"name":"Buy Dexedrine Er Pills Online"}]},{"@type":"WebSite","@id":"https:\/\/gooddealersmeds.com\/no\/#website","url":"https:\/\/gooddealersmeds.com\/no\/","name":"Good Dealers Meds","description":"All our best","publisher":{"@id":"https:\/\/gooddealersmeds.com\/no\/#organization"},"potentialAction":[{"@type":"SearchAction","target":{"@type":"EntryPoint","urlTemplate":"https:\/\/gooddealersmeds.com\/no\/?s={search_term_string}"},"query-input":{"@type":"PropertyValueSpecification","valueRequired":true,"valueName":"search_term_string"}}],"inLanguage":"en-US"},{"@type":"Organization","@id":"https:\/\/gooddealersmeds.com\/no\/#organization","name":"Good Dealers Meds","url":"https:\/\/gooddealersmeds.com\/no\/","logo":{"@type":"ImageObject","inLanguage":"en-US","@id":"https:\/\/gooddealersmeds.com\/no\/#\/schema\/logo\/image\/","url":"https:\/\/gooddealersmeds.com\/no\/wp-content\/uploads\/sites\/8\/2022\/03\/gooddealersmeds__logo__20220317T222800Z.00.png","contentUrl":"https:\/\/gooddealersmeds.com\/no\/wp-content\/uploads\/sites\/8\/2022\/03\/gooddealersmeds__logo__20220317T222800Z.00.png","width":500,"height":325,"caption":"Good Dealers Meds"},"image":{"@id":"https:\/\/gooddealersmeds.com\/no\/#\/schema\/logo\/image\/"}}]}},"_links":{"self":[{"href":"https:\/\/gooddealersmeds.com\/no\/wp-json\/wp\/v2\/product\/1944","targetHints":{"allow":["GET"]}}],"collection":[{"href":"https:\/\/gooddealersmeds.com\/no\/wp-json\/wp\/v2\/product"}],"about":[{"href":"https:\/\/gooddealersmeds.com\/no\/wp-json\/wp\/v2\/types\/product"}],"replies":[{"embeddable":true,"href":"https:\/\/gooddealersmeds.com\/no\/wp-json\/wp\/v2\/comments?post=1944"}],"wp:featuredmedia":[{"embeddable":true,"href":"https:\/\/gooddealersmeds.com\/no\/wp-json\/wp\/v2\/media\/1949"}],"wp:attachment":[{"href":"https:\/\/gooddealersmeds.com\/no\/wp-json\/wp\/v2\/media?parent=1944"}],"wp:term":[{"taxonomy":"product_brand","embeddable":true,"href":"https:\/\/gooddealersmeds.com\/no\/wp-json\/wp\/v2\/product_brand?post=1944"},{"taxonomy":"product_cat","embeddable":true,"href":"https:\/\/gooddealersmeds.com\/no\/wp-json\/wp\/v2\/product_cat?post=1944"},{"taxonomy":"product_tag","embeddable":true,"href":"https:\/\/gooddealersmeds.com\/no\/wp-json\/wp\/v2\/product_tag?post=1944"}],"curies":[{"name":"wp","href":"https:\/\/api.w.org\/{rel}","templated":true}]}}