{"id":1938,"date":"2022-07-03T12:27:31","date_gmt":"2022-07-03T12:27:31","guid":{"rendered":"https:\/\/gooddealersmeds.com\/no\/?post_type=product&#038;p=1938"},"modified":"2022-10-03T21:23:48","modified_gmt":"2022-10-03T21:23:48","slug":"kjop-dexedrin-5mg-piller-online","status":"publish","type":"product","link":"https:\/\/gooddealersmeds.com\/no\/product\/kjop-dexedrin-5mg-piller-online\/","title":{"rendered":"Kj\u00f8p Dexedrine 5mg piller p\u00e5 nett"},"content":{"rendered":"<p><strong>Kj\u00f8p Dexedrine 5 mg piller online<\/strong><\/p>\n<p><strong>\u00a0<\/strong><\/p>\n<p>Concerta er et legemiddel som brukes til \u00e5 behandle oppmerksomhetsunderskudd hyperaktivitetsforstyrrelse (ADHD) . Det er et amfetamin, noe som betyr at det virker ved \u00e5 stimulere sentralnervesystemet.<\/p>\n<p>Dexedrine inneholder d-amfetaminsalter og administreres oralt eller via injeksjon. Det kan tas med eller uten mat. Den anbefalte dosen for voksne er 10 mg \u00e9n gang daglig, men noen mennesker kan trenge mer eller mindre avhengig av deres individuelle behov. Det skal imidlertid bemerkes at det kan v\u00e6re farlig hvis det tas i h\u00f8yere doser enn legen har foreskrevet.<\/p>\n<p>Concerta kommer i pilleform og kan tas en gang daglig. Den kommer i styrker fra 5 mg til 60 mg per dag. Den anbefalte dosen avhenger av alder og vekt, men de fleste voksne tar 15 mg daglig eller mindre.<\/p>\n<p>&nbsp;<\/p>\n<p>&nbsp;<\/p>\n<p><strong>Hvorfor kj\u00f8pe Dexedrine 5mg piller p\u00e5 nettet?<\/strong><\/p>\n<p>&nbsp;<\/p>\n<p>Du b\u00f8r kanskje vurdere \u00e5 kj\u00f8pe reseptbelagte legemidler p\u00e5 nettet hvis du vil spare penger p\u00e5 dem. Du kan f\u00e5 rabatter mens du kj\u00f8per online, og det er superenkelt \u00e5 gj\u00f8re. Her er grunnen:<\/p>\n<ul>\n<li>\u00c5 kj\u00f8pe medisiner p\u00e5 nettet kan redusere prisen dramatisk.<\/li>\n<li>Du har flere alternativer enn noen gang, med narkotikabutikker som tilbyr alt fra generiske medisiner til merkevarealternativer. <\/li>\n<li>Apoteket krever ikke at du st\u00e5r i k\u00f8 i lange perioder.<\/li>\n<li>Du trenger ikke \u00e5 bekymre deg for \u00e5 bli svindlet eller se noen du kjenner som pr\u00f8ver \u00e5 selge deg noe.<\/li>\n<\/ul>\n<p>&nbsp;<\/p>\n<p><strong>Hvor kan jeg bestille Dexedrine 5 mg piller p\u00e5 nettet?<\/strong><\/p>\n<p>&nbsp;<\/p>\n<p> Mange apoteker selger Dexedrine 5mg piller p\u00e5 nettet, men bare hvis de har tilgang til gode leverand\u00f8rer av h\u00f8y kvalitet! Den gode nyheten er imidlertid at du ogs\u00e5 kan kj\u00f8pe <a href=\"https:\/\/gooddealersmeds.com\/no\/product\/buy-dexedrine-5mg-pills-online\/\">Dexedrine 5mg piller<\/a> online fra gode forhandlere Medisiner.<\/p>\n<p>&nbsp;<\/p>\n<p>Du vil f\u00e5 alle detaljene om bestillingen din f\u00f8r du fortsetter med kj\u00f8psprosessen, s\u00e5 det er ingen grunn til \u00e5 bekymre deg for noe!<\/p>\n","protected":false},"excerpt":{"rendered":"<p>Kj\u00f8p Dexedrine 5mg piller online uten resept. Bestill dexedrin veldig raskt og enkelt. V\u00e5r leveringstjeneste vil gi deg bestillingen din p\u00e5 Dextroamphetamine p\u00e5 kortest mulig tid!<\/p>\n","protected":false},"featured_media":1943,"comment_status":"open","ping_status":"closed","template":"","meta":{"inline_featured_image":false},"product_brand":[],"product_cat":[346],"product_tag":[500,491,492,493,494,495,496,497,499,498,501],"class_list":{"0":"post-1938","1":"product","2":"type-product","3":"status-publish","4":"has-post-thumbnail","6":"product_cat-sentralstimulerende-midler","7":"product_tag-bestille-dexedrine-online","8":"product_tag-buy-cheap-dexedrine","9":"product_tag-buy-dexedrine-5mg-canada","10":"product_tag-buy-dexedrine-5mg-online","11":"product_tag-buy-dexedrine-5mg-tablets-online","12":"product_tag-buy-dexedrine-5mg-usa","13":"product_tag-buy-dexedrine-australia","14":"product_tag-dexedrin-5mg-usa","15":"product_tag-dekstroamfetamin-5mg-leverandr","16":"product_tag-dextroamfetamin-5mg-usa","17":"product_tag-kjp-dexedrin-online","19":"first","20":"instock","21":"shipping-taxable","22":"purchasable","23":"product-type-variable","24":"has-default-attributes"},"yoast_head":"<!-- This site is optimized with the Yoast SEO Premium plugin v20.6 (Yoast SEO v27.3) - https:\/\/yoast.com\/product\/yoast-seo-premium-wordpress\/ -->\n<title>Kj\u00f8p Dexedrine 5mg piller p\u00e5 nett | Good Dealers Meds<\/title>\n<meta name=\"description\" content=\"Kj\u00f8p Dexedrine 5mg piller p\u00e5 nett uten resept. Bestill dexedrin og f\u00e5 leveringsservice p\u00e5 d\u00f8ren p\u00e5 kortest mulig tid!\" \/>\n<meta name=\"robots\" content=\"index, follow, max-snippet:-1, max-image-preview:large, max-video-preview:-1\" \/>\n<link rel=\"canonical\" href=\"https:\/\/gooddealersmeds.com\/no\/product\/kjop-dexedrin-5mg-piller-online\/\" \/>\n<meta property=\"og:locale\" content=\"en_US\" \/>\n<meta property=\"og:type\" content=\"article\" \/>\n<meta property=\"og:title\" content=\"Kj\u00f8p Dexedrine 5mg piller p\u00e5 nett\" \/>\n<meta property=\"og:description\" content=\"Kj\u00f8p Dexedrine 5mg piller p\u00e5 nett uten resept. Bestill dexedrin og f\u00e5 leveringsservice p\u00e5 d\u00f8ren p\u00e5 kortest mulig tid!\" \/>\n<meta property=\"og:url\" content=\"https:\/\/gooddealersmeds.com\/no\/product\/kjop-dexedrin-5mg-piller-online\/\" \/>\n<meta property=\"og:site_name\" content=\"Good Dealers Meds\" \/>\n<meta property=\"article:modified_time\" content=\"2022-10-03T21:23:48+00:00\" \/>\n<meta property=\"og:image\" content=\"https:\/\/gooddealersmeds.com\/no\/wp-content\/uploads\/sites\/8\/2022\/07\/Buy-Dexedrine-5mg-Pills-Online.jpg\" \/>\n\t<meta property=\"og:image:width\" content=\"600\" \/>\n\t<meta property=\"og:image:height\" content=\"600\" \/>\n\t<meta property=\"og:image:type\" content=\"image\/jpeg\" \/>\n<meta name=\"twitter:card\" content=\"summary_large_image\" \/>\n<meta name=\"twitter:label1\" content=\"Est. reading time\" \/>\n\t<meta name=\"twitter:data1\" content=\"2 minutes\" \/>\n<script type=\"application\/ld+json\" class=\"yoast-schema-graph\">{\"@context\":\"https:\\\/\\\/schema.org\",\"@graph\":[{\"@type\":\"WebPage\",\"@id\":\"https:\\\/\\\/gooddealersmeds.com\\\/no\\\/product\\\/kjop-dexedrin-5mg-piller-online\\\/\",\"url\":\"https:\\\/\\\/gooddealersmeds.com\\\/no\\\/product\\\/kjop-dexedrin-5mg-piller-online\\\/\",\"name\":\"Kj\u00f8p Dexedrine 5mg piller p\u00e5 nett | Good Dealers Meds\",\"isPartOf\":{\"@id\":\"https:\\\/\\\/gooddealersmeds.com\\\/no\\\/#website\"},\"primaryImageOfPage\":{\"@id\":\"https:\\\/\\\/gooddealersmeds.com\\\/no\\\/product\\\/kjop-dexedrin-5mg-piller-online\\\/#primaryimage\"},\"image\":{\"@id\":\"https:\\\/\\\/gooddealersmeds.com\\\/no\\\/product\\\/kjop-dexedrin-5mg-piller-online\\\/#primaryimage\"},\"thumbnailUrl\":\"https:\\\/\\\/gooddealersmeds.com\\\/no\\\/wp-content\\\/uploads\\\/sites\\\/8\\\/2022\\\/07\\\/Buy-Dexedrine-5mg-Pills-Online.jpg\",\"datePublished\":\"2022-07-03T12:27:31+00:00\",\"dateModified\":\"2022-10-03T21:23:48+00:00\",\"description\":\"Kj\u00f8p Dexedrine 5mg piller p\u00e5 nett uten resept. Bestill dexedrin og f\u00e5 leveringsservice p\u00e5 d\u00f8ren p\u00e5 kortest mulig tid!\",\"breadcrumb\":{\"@id\":\"https:\\\/\\\/gooddealersmeds.com\\\/no\\\/product\\\/kjop-dexedrin-5mg-piller-online\\\/#breadcrumb\"},\"inLanguage\":\"en-US\",\"potentialAction\":[{\"@type\":\"ReadAction\",\"target\":[\"https:\\\/\\\/gooddealersmeds.com\\\/no\\\/product\\\/kjop-dexedrin-5mg-piller-online\\\/\"]}]},{\"@type\":\"ImageObject\",\"inLanguage\":\"en-US\",\"@id\":\"https:\\\/\\\/gooddealersmeds.com\\\/no\\\/product\\\/kjop-dexedrin-5mg-piller-online\\\/#primaryimage\",\"url\":\"https:\\\/\\\/gooddealersmeds.com\\\/no\\\/wp-content\\\/uploads\\\/sites\\\/8\\\/2022\\\/07\\\/Buy-Dexedrine-5mg-Pills-Online.jpg\",\"contentUrl\":\"https:\\\/\\\/gooddealersmeds.com\\\/no\\\/wp-content\\\/uploads\\\/sites\\\/8\\\/2022\\\/07\\\/Buy-Dexedrine-5mg-Pills-Online.jpg\",\"width\":600,\"height\":600,\"caption\":\"Buy Dexedrine 5mg Pills\"},{\"@type\":\"BreadcrumbList\",\"@id\":\"https:\\\/\\\/gooddealersmeds.com\\\/no\\\/product\\\/kjop-dexedrin-5mg-piller-online\\\/#breadcrumb\",\"itemListElement\":[{\"@type\":\"ListItem\",\"position\":1,\"name\":\"Home\",\"item\":\"https:\\\/\\\/gooddealersmeds.com\\\/no\\\/\"},{\"@type\":\"ListItem\",\"position\":2,\"name\":\"Produkter\",\"item\":\"https:\\\/\\\/gooddealersmeds.com\\\/no\\\/produkter\\\/\"},{\"@type\":\"ListItem\",\"position\":3,\"name\":\"Kj\u00f8p Dexedrine 5mg piller p\u00e5 nett\"}]},{\"@type\":\"WebSite\",\"@id\":\"https:\\\/\\\/gooddealersmeds.com\\\/no\\\/#website\",\"url\":\"https:\\\/\\\/gooddealersmeds.com\\\/no\\\/\",\"name\":\"Good Dealers Meds\",\"description\":\"All our best\",\"publisher\":{\"@id\":\"https:\\\/\\\/gooddealersmeds.com\\\/no\\\/#organization\"},\"potentialAction\":[{\"@type\":\"SearchAction\",\"target\":{\"@type\":\"EntryPoint\",\"urlTemplate\":\"https:\\\/\\\/gooddealersmeds.com\\\/no\\\/?s={search_term_string}\"},\"query-input\":{\"@type\":\"PropertyValueSpecification\",\"valueRequired\":true,\"valueName\":\"search_term_string\"}}],\"inLanguage\":\"en-US\"},{\"@type\":\"Organization\",\"@id\":\"https:\\\/\\\/gooddealersmeds.com\\\/no\\\/#organization\",\"name\":\"Good Dealers Meds\",\"url\":\"https:\\\/\\\/gooddealersmeds.com\\\/no\\\/\",\"logo\":{\"@type\":\"ImageObject\",\"inLanguage\":\"en-US\",\"@id\":\"https:\\\/\\\/gooddealersmeds.com\\\/no\\\/#\\\/schema\\\/logo\\\/image\\\/\",\"url\":\"https:\\\/\\\/gooddealersmeds.com\\\/no\\\/wp-content\\\/uploads\\\/sites\\\/8\\\/2022\\\/03\\\/gooddealersmeds__logo__20220317T222800Z.00.png\",\"contentUrl\":\"https:\\\/\\\/gooddealersmeds.com\\\/no\\\/wp-content\\\/uploads\\\/sites\\\/8\\\/2022\\\/03\\\/gooddealersmeds__logo__20220317T222800Z.00.png\",\"width\":500,\"height\":325,\"caption\":\"Good Dealers Meds\"},\"image\":{\"@id\":\"https:\\\/\\\/gooddealersmeds.com\\\/no\\\/#\\\/schema\\\/logo\\\/image\\\/\"}}]}<\/script>\n<!-- \/ Yoast SEO Premium plugin. -->","yoast_head_json":{"title":"Kj\u00f8p Dexedrine 5mg piller p\u00e5 nett | Good Dealers Meds","description":"Kj\u00f8p Dexedrine 5mg piller p\u00e5 nett uten resept. Bestill dexedrin og f\u00e5 leveringsservice p\u00e5 d\u00f8ren p\u00e5 kortest mulig tid!","robots":{"index":"index","follow":"follow","max-snippet":"max-snippet:-1","max-image-preview":"max-image-preview:large","max-video-preview":"max-video-preview:-1"},"canonical":"https:\/\/gooddealersmeds.com\/no\/product\/kjop-dexedrin-5mg-piller-online\/","og_locale":"en_US","og_type":"article","og_title":"Kj\u00f8p Dexedrine 5mg piller p\u00e5 nett","og_description":"Kj\u00f8p Dexedrine 5mg piller p\u00e5 nett uten resept. Bestill dexedrin og f\u00e5 leveringsservice p\u00e5 d\u00f8ren p\u00e5 kortest mulig tid!","og_url":"https:\/\/gooddealersmeds.com\/no\/product\/kjop-dexedrin-5mg-piller-online\/","og_site_name":"Good Dealers Meds","article_modified_time":"2022-10-03T21:23:48+00:00","og_image":[{"width":600,"height":600,"url":"https:\/\/gooddealersmeds.com\/no\/wp-content\/uploads\/sites\/8\/2022\/07\/Buy-Dexedrine-5mg-Pills-Online.jpg","type":"image\/jpeg"}],"twitter_card":"summary_large_image","twitter_misc":{"Est. reading time":"2 minutes"},"schema":{"@context":"https:\/\/schema.org","@graph":[{"@type":"WebPage","@id":"https:\/\/gooddealersmeds.com\/no\/product\/kjop-dexedrin-5mg-piller-online\/","url":"https:\/\/gooddealersmeds.com\/no\/product\/kjop-dexedrin-5mg-piller-online\/","name":"Kj\u00f8p Dexedrine 5mg piller p\u00e5 nett | Good Dealers Meds","isPartOf":{"@id":"https:\/\/gooddealersmeds.com\/no\/#website"},"primaryImageOfPage":{"@id":"https:\/\/gooddealersmeds.com\/no\/product\/kjop-dexedrin-5mg-piller-online\/#primaryimage"},"image":{"@id":"https:\/\/gooddealersmeds.com\/no\/product\/kjop-dexedrin-5mg-piller-online\/#primaryimage"},"thumbnailUrl":"https:\/\/gooddealersmeds.com\/no\/wp-content\/uploads\/sites\/8\/2022\/07\/Buy-Dexedrine-5mg-Pills-Online.jpg","datePublished":"2022-07-03T12:27:31+00:00","dateModified":"2022-10-03T21:23:48+00:00","description":"Kj\u00f8p Dexedrine 5mg piller p\u00e5 nett uten resept. Bestill dexedrin og f\u00e5 leveringsservice p\u00e5 d\u00f8ren p\u00e5 kortest mulig tid!","breadcrumb":{"@id":"https:\/\/gooddealersmeds.com\/no\/product\/kjop-dexedrin-5mg-piller-online\/#breadcrumb"},"inLanguage":"en-US","potentialAction":[{"@type":"ReadAction","target":["https:\/\/gooddealersmeds.com\/no\/product\/kjop-dexedrin-5mg-piller-online\/"]}]},{"@type":"ImageObject","inLanguage":"en-US","@id":"https:\/\/gooddealersmeds.com\/no\/product\/kjop-dexedrin-5mg-piller-online\/#primaryimage","url":"https:\/\/gooddealersmeds.com\/no\/wp-content\/uploads\/sites\/8\/2022\/07\/Buy-Dexedrine-5mg-Pills-Online.jpg","contentUrl":"https:\/\/gooddealersmeds.com\/no\/wp-content\/uploads\/sites\/8\/2022\/07\/Buy-Dexedrine-5mg-Pills-Online.jpg","width":600,"height":600,"caption":"Buy Dexedrine 5mg Pills"},{"@type":"BreadcrumbList","@id":"https:\/\/gooddealersmeds.com\/no\/product\/kjop-dexedrin-5mg-piller-online\/#breadcrumb","itemListElement":[{"@type":"ListItem","position":1,"name":"Home","item":"https:\/\/gooddealersmeds.com\/no\/"},{"@type":"ListItem","position":2,"name":"Produkter","item":"https:\/\/gooddealersmeds.com\/no\/produkter\/"},{"@type":"ListItem","position":3,"name":"Kj\u00f8p Dexedrine 5mg piller p\u00e5 nett"}]},{"@type":"WebSite","@id":"https:\/\/gooddealersmeds.com\/no\/#website","url":"https:\/\/gooddealersmeds.com\/no\/","name":"Good Dealers Meds","description":"All our best","publisher":{"@id":"https:\/\/gooddealersmeds.com\/no\/#organization"},"potentialAction":[{"@type":"SearchAction","target":{"@type":"EntryPoint","urlTemplate":"https:\/\/gooddealersmeds.com\/no\/?s={search_term_string}"},"query-input":{"@type":"PropertyValueSpecification","valueRequired":true,"valueName":"search_term_string"}}],"inLanguage":"en-US"},{"@type":"Organization","@id":"https:\/\/gooddealersmeds.com\/no\/#organization","name":"Good Dealers Meds","url":"https:\/\/gooddealersmeds.com\/no\/","logo":{"@type":"ImageObject","inLanguage":"en-US","@id":"https:\/\/gooddealersmeds.com\/no\/#\/schema\/logo\/image\/","url":"https:\/\/gooddealersmeds.com\/no\/wp-content\/uploads\/sites\/8\/2022\/03\/gooddealersmeds__logo__20220317T222800Z.00.png","contentUrl":"https:\/\/gooddealersmeds.com\/no\/wp-content\/uploads\/sites\/8\/2022\/03\/gooddealersmeds__logo__20220317T222800Z.00.png","width":500,"height":325,"caption":"Good Dealers Meds"},"image":{"@id":"https:\/\/gooddealersmeds.com\/no\/#\/schema\/logo\/image\/"}}]}},"_links":{"self":[{"href":"https:\/\/gooddealersmeds.com\/no\/wp-json\/wp\/v2\/product\/1938","targetHints":{"allow":["GET"]}}],"collection":[{"href":"https:\/\/gooddealersmeds.com\/no\/wp-json\/wp\/v2\/product"}],"about":[{"href":"https:\/\/gooddealersmeds.com\/no\/wp-json\/wp\/v2\/types\/product"}],"replies":[{"embeddable":true,"href":"https:\/\/gooddealersmeds.com\/no\/wp-json\/wp\/v2\/comments?post=1938"}],"wp:featuredmedia":[{"embeddable":true,"href":"https:\/\/gooddealersmeds.com\/no\/wp-json\/wp\/v2\/media\/1943"}],"wp:attachment":[{"href":"https:\/\/gooddealersmeds.com\/no\/wp-json\/wp\/v2\/media?parent=1938"}],"wp:term":[{"taxonomy":"product_brand","embeddable":true,"href":"https:\/\/gooddealersmeds.com\/no\/wp-json\/wp\/v2\/product_brand?post=1938"},{"taxonomy":"product_cat","embeddable":true,"href":"https:\/\/gooddealersmeds.com\/no\/wp-json\/wp\/v2\/product_cat?post=1938"},{"taxonomy":"product_tag","embeddable":true,"href":"https:\/\/gooddealersmeds.com\/no\/wp-json\/wp\/v2\/product_tag?post=1938"}],"curies":[{"name":"wp","href":"https:\/\/api.w.org\/{rel}","templated":true}]}}