{"id":1932,"date":"2022-07-03T12:18:16","date_gmt":"2022-07-03T12:18:16","guid":{"rendered":"https:\/\/gooddealersmeds.com\/no\/?post_type=product&#038;p=1932"},"modified":"2022-10-03T21:23:58","modified_gmt":"2022-10-03T21:23:58","slug":"4-fea-drugs","status":"publish","type":"product","link":"https:\/\/gooddealersmeds.com\/no\/product\/4-fea-drugs\/","title":{"rendered":"Kj\u00f8p 4-FEA Drugs Online"},"content":{"rendered":"<p><strong>Kj\u00f8p 4-FEA-medisiner p\u00e5 nettet <\/strong><\/p>\n<p>Kortikosteroider er en gruppe medikamenter som har v\u00e6rt brukt i \u00e5revis for \u00e5 behandle alle slags tilstander, inkludert astma og allergiske reaksjoner. De brukes ogs\u00e5 til \u00e5 behandle bipolar lidelse og andre psykiske lidelser.<\/p>\n<p>Men n\u00e5 er en ny generasjon kortikosteroider tilgjengelig \u2013 og det er tryggere enn noen gang! Denne nye generasjonen kommer i form av <a href=\"https:\/\/gooddealersmeds.com\/no\/product\/4-fea-drugs\/\">4-FEA-medisiner<\/a>. Disse legemidlene er utviklet for \u00e5 v\u00e6re lettere for kroppen din enn andre tradisjonelle kortikosteroider, slik at du kan bruke dem uten \u00e5 bekymre deg for bivirkninger.<\/p>\n<p>Lurer du p\u00e5, &#8220;Hvordan virker 4-FEA-medisiner?&#8221;<\/p>\n<p>4-FEA-medisiner virker ved \u00e5 redusere betennelse i kroppen din. De reduserer ogs\u00e5 hevelse og hjelper immunsystemet ditt \u00e5 bekjempe infeksjoner. Fordi de ikke kommer med de samme bivirkningene som andre medikamentelle behandlingsalternativer, er de perfekte for folk som vil ha noe som fungerer raskt uten \u00e5 for\u00e5rsake smerte eller ubehag.<\/p>\n<p>&nbsp;<\/p>\n<p><strong>Hvorfor bestille 4-FEA-medisiner p\u00e5 nettet?<\/strong><\/p>\n<p>&nbsp;<\/p>\n<p>Det er ingen risiko forbundet med \u00e5 kj\u00f8pe 4-FEA-medisiner p\u00e5 nettet som kan v\u00e6re der n\u00e5r du kj\u00f8p dem personlig.<\/p>\n<p>\u00c5 kj\u00f8pe 4-FEA-medisiner p\u00e5 nettet kan v\u00e6re billigere enn \u00e5 kj\u00f8pe dem p\u00e5 et kontor eller p\u00e5 apotek. N\u00e5r du leter etter priser p\u00e5 4-FEA Drugs, s\u00f8rg for \u00e5 sammenligne forskjellige nettsteder og se hva de har \u00e5 tilby.<\/p>\n<p>N\u00e5r du kj\u00f8per 4-FEA Drugs p\u00e5 nettet, kan du f\u00e5 tilgang til alle medisinene dine samtidig. Spesielt hvis du har problemer med \u00e5 huske n\u00e5r reseptene dine forfaller, trenger du ikke lenger \u00e5 bes\u00f8ke flere apotek for \u00e5 f\u00e5 medisinene dine.<\/p>\n<p>&nbsp;<\/p>\n<p><strong>Hvor du skal g\u00e5 for \u00e5 kj\u00f8pe 4 -FEA Drugs Online?<\/strong><\/p>\n<p>&nbsp;<\/p>\n<p>Du kan kj\u00f8pe 4-FEA-medisiner online hos Good Dealers Meds til rimelige priser. Vi tilbyr deg de beste prisene for \u00e5 foreta kj\u00f8pet og ta vare p\u00e5 alt du \u00f8nsker \u00e5 se i medisinkj\u00f8pet ditt p\u00e5 nettet: for eksempel kvalitet, komfort og personvern.<\/p>\n","protected":false},"excerpt":{"rendered":"<p>Kj\u00f8p 4-FEA-medisiner p\u00e5 nettet er et sentralstimulerende stoff relatert til metamfetamin og 4-fluoramfetamin. Det har blitt rapportert \u00e5 selges som et designermedikament, men lite er kjent om dets farmakologi eller toksikologi.<\/p>\n","protected":false},"featured_media":1937,"comment_status":"open","ping_status":"closed","template":"","meta":{"inline_featured_image":false},"product_brand":[],"product_cat":[344],"product_tag":[],"class_list":{"0":"post-1932","1":"product","2":"type-product","3":"status-publish","4":"has-post-thumbnail","6":"product_cat-forsknings-kjemikalier","8":"first","9":"instock","10":"shipping-taxable","11":"purchasable","12":"product-type-variable","13":"has-default-attributes"},"yoast_head":"<!-- This site is optimized with the Yoast SEO Premium plugin v20.6 (Yoast SEO v27.3) - https:\/\/yoast.com\/product\/yoast-seo-premium-wordpress\/ -->\n<title>Kj\u00f8p 4-FEA-medisiner p\u00e5 nett - Legemidler av beste kvalitet |<\/title>\n<meta name=\"description\" content=\"Kj\u00f8p 4-FEA-medisiner p\u00e5 nettet er et sentralstimulerende stoff relatert til metamfetamin og 4-fluoramfetamin fra Good Dealers Meds. 4-FEA legemidler til salgs\" \/>\n<meta name=\"robots\" content=\"index, follow, max-snippet:-1, max-image-preview:large, max-video-preview:-1\" \/>\n<link rel=\"canonical\" href=\"https:\/\/gooddealersmeds.com\/no\/product\/4-fea-drugs\/\" \/>\n<meta property=\"og:locale\" content=\"en_US\" \/>\n<meta property=\"og:type\" content=\"article\" \/>\n<meta property=\"og:title\" content=\"Kj\u00f8p 4-FEA Drugs Online\" \/>\n<meta property=\"og:description\" content=\"Kj\u00f8p 4-FEA-medisiner p\u00e5 nettet er et sentralstimulerende stoff relatert til metamfetamin og 4-fluoramfetamin fra Good Dealers Meds. 4-FEA legemidler til salgs\" \/>\n<meta property=\"og:url\" content=\"https:\/\/gooddealersmeds.com\/no\/product\/4-fea-drugs\/\" \/>\n<meta property=\"og:site_name\" content=\"Good Dealers Meds\" \/>\n<meta property=\"article:modified_time\" content=\"2022-10-03T21:23:58+00:00\" \/>\n<meta property=\"og:image\" content=\"https:\/\/gooddealersmeds.com\/no\/wp-content\/uploads\/sites\/8\/2022\/07\/4-FEA-Drugs.jpg\" \/>\n\t<meta property=\"og:image:width\" content=\"600\" \/>\n\t<meta property=\"og:image:height\" content=\"600\" \/>\n\t<meta property=\"og:image:type\" content=\"image\/jpeg\" \/>\n<meta name=\"twitter:card\" content=\"summary_large_image\" \/>\n<meta name=\"twitter:label1\" content=\"Est. reading time\" \/>\n\t<meta name=\"twitter:data1\" content=\"2 minutes\" \/>\n<script type=\"application\/ld+json\" class=\"yoast-schema-graph\">{\"@context\":\"https:\\\/\\\/schema.org\",\"@graph\":[{\"@type\":\"WebPage\",\"@id\":\"https:\\\/\\\/gooddealersmeds.com\\\/no\\\/product\\\/4-fea-drugs\\\/\",\"url\":\"https:\\\/\\\/gooddealersmeds.com\\\/no\\\/product\\\/4-fea-drugs\\\/\",\"name\":\"Kj\u00f8p 4-FEA-medisiner p\u00e5 nett - Legemidler av beste kvalitet |\",\"isPartOf\":{\"@id\":\"https:\\\/\\\/gooddealersmeds.com\\\/no\\\/#website\"},\"primaryImageOfPage\":{\"@id\":\"https:\\\/\\\/gooddealersmeds.com\\\/no\\\/product\\\/4-fea-drugs\\\/#primaryimage\"},\"image\":{\"@id\":\"https:\\\/\\\/gooddealersmeds.com\\\/no\\\/product\\\/4-fea-drugs\\\/#primaryimage\"},\"thumbnailUrl\":\"https:\\\/\\\/gooddealersmeds.com\\\/no\\\/wp-content\\\/uploads\\\/sites\\\/8\\\/2022\\\/07\\\/4-FEA-Drugs.jpg\",\"datePublished\":\"2022-07-03T12:18:16+00:00\",\"dateModified\":\"2022-10-03T21:23:58+00:00\",\"description\":\"Kj\u00f8p 4-FEA-medisiner p\u00e5 nettet er et sentralstimulerende stoff relatert til metamfetamin og 4-fluoramfetamin fra Good Dealers Meds. 4-FEA legemidler til salgs\",\"breadcrumb\":{\"@id\":\"https:\\\/\\\/gooddealersmeds.com\\\/no\\\/product\\\/4-fea-drugs\\\/#breadcrumb\"},\"inLanguage\":\"en-US\",\"potentialAction\":[{\"@type\":\"ReadAction\",\"target\":[\"https:\\\/\\\/gooddealersmeds.com\\\/no\\\/product\\\/4-fea-drugs\\\/\"]}]},{\"@type\":\"ImageObject\",\"inLanguage\":\"en-US\",\"@id\":\"https:\\\/\\\/gooddealersmeds.com\\\/no\\\/product\\\/4-fea-drugs\\\/#primaryimage\",\"url\":\"https:\\\/\\\/gooddealersmeds.com\\\/no\\\/wp-content\\\/uploads\\\/sites\\\/8\\\/2022\\\/07\\\/4-FEA-Drugs.jpg\",\"contentUrl\":\"https:\\\/\\\/gooddealersmeds.com\\\/no\\\/wp-content\\\/uploads\\\/sites\\\/8\\\/2022\\\/07\\\/4-FEA-Drugs.jpg\",\"width\":600,\"height\":600,\"caption\":\"4-FEA Drugs\"},{\"@type\":\"BreadcrumbList\",\"@id\":\"https:\\\/\\\/gooddealersmeds.com\\\/no\\\/product\\\/4-fea-drugs\\\/#breadcrumb\",\"itemListElement\":[{\"@type\":\"ListItem\",\"position\":1,\"name\":\"Home\",\"item\":\"https:\\\/\\\/gooddealersmeds.com\\\/no\\\/\"},{\"@type\":\"ListItem\",\"position\":2,\"name\":\"Produkter\",\"item\":\"https:\\\/\\\/gooddealersmeds.com\\\/no\\\/produkter\\\/\"},{\"@type\":\"ListItem\",\"position\":3,\"name\":\"Kj\u00f8p 4-FEA Drugs Online\"}]},{\"@type\":\"WebSite\",\"@id\":\"https:\\\/\\\/gooddealersmeds.com\\\/no\\\/#website\",\"url\":\"https:\\\/\\\/gooddealersmeds.com\\\/no\\\/\",\"name\":\"Good Dealers Meds\",\"description\":\"All our best\",\"publisher\":{\"@id\":\"https:\\\/\\\/gooddealersmeds.com\\\/no\\\/#organization\"},\"potentialAction\":[{\"@type\":\"SearchAction\",\"target\":{\"@type\":\"EntryPoint\",\"urlTemplate\":\"https:\\\/\\\/gooddealersmeds.com\\\/no\\\/?s={search_term_string}\"},\"query-input\":{\"@type\":\"PropertyValueSpecification\",\"valueRequired\":true,\"valueName\":\"search_term_string\"}}],\"inLanguage\":\"en-US\"},{\"@type\":\"Organization\",\"@id\":\"https:\\\/\\\/gooddealersmeds.com\\\/no\\\/#organization\",\"name\":\"Good Dealers Meds\",\"url\":\"https:\\\/\\\/gooddealersmeds.com\\\/no\\\/\",\"logo\":{\"@type\":\"ImageObject\",\"inLanguage\":\"en-US\",\"@id\":\"https:\\\/\\\/gooddealersmeds.com\\\/no\\\/#\\\/schema\\\/logo\\\/image\\\/\",\"url\":\"https:\\\/\\\/gooddealersmeds.com\\\/no\\\/wp-content\\\/uploads\\\/sites\\\/8\\\/2022\\\/03\\\/gooddealersmeds__logo__20220317T222800Z.00.png\",\"contentUrl\":\"https:\\\/\\\/gooddealersmeds.com\\\/no\\\/wp-content\\\/uploads\\\/sites\\\/8\\\/2022\\\/03\\\/gooddealersmeds__logo__20220317T222800Z.00.png\",\"width\":500,\"height\":325,\"caption\":\"Good Dealers Meds\"},\"image\":{\"@id\":\"https:\\\/\\\/gooddealersmeds.com\\\/no\\\/#\\\/schema\\\/logo\\\/image\\\/\"}}]}<\/script>\n<!-- \/ Yoast SEO Premium plugin. -->","yoast_head_json":{"title":"Kj\u00f8p 4-FEA-medisiner p\u00e5 nett - Legemidler av beste kvalitet |","description":"Kj\u00f8p 4-FEA-medisiner p\u00e5 nettet er et sentralstimulerende stoff relatert til metamfetamin og 4-fluoramfetamin fra Good Dealers Meds. 4-FEA legemidler til salgs","robots":{"index":"index","follow":"follow","max-snippet":"max-snippet:-1","max-image-preview":"max-image-preview:large","max-video-preview":"max-video-preview:-1"},"canonical":"https:\/\/gooddealersmeds.com\/no\/product\/4-fea-drugs\/","og_locale":"en_US","og_type":"article","og_title":"Kj\u00f8p 4-FEA Drugs Online","og_description":"Kj\u00f8p 4-FEA-medisiner p\u00e5 nettet er et sentralstimulerende stoff relatert til metamfetamin og 4-fluoramfetamin fra Good Dealers Meds. 4-FEA legemidler til salgs","og_url":"https:\/\/gooddealersmeds.com\/no\/product\/4-fea-drugs\/","og_site_name":"Good Dealers Meds","article_modified_time":"2022-10-03T21:23:58+00:00","og_image":[{"width":600,"height":600,"url":"https:\/\/gooddealersmeds.com\/no\/wp-content\/uploads\/sites\/8\/2022\/07\/4-FEA-Drugs.jpg","type":"image\/jpeg"}],"twitter_card":"summary_large_image","twitter_misc":{"Est. reading time":"2 minutes"},"schema":{"@context":"https:\/\/schema.org","@graph":[{"@type":"WebPage","@id":"https:\/\/gooddealersmeds.com\/no\/product\/4-fea-drugs\/","url":"https:\/\/gooddealersmeds.com\/no\/product\/4-fea-drugs\/","name":"Kj\u00f8p 4-FEA-medisiner p\u00e5 nett - Legemidler av beste kvalitet |","isPartOf":{"@id":"https:\/\/gooddealersmeds.com\/no\/#website"},"primaryImageOfPage":{"@id":"https:\/\/gooddealersmeds.com\/no\/product\/4-fea-drugs\/#primaryimage"},"image":{"@id":"https:\/\/gooddealersmeds.com\/no\/product\/4-fea-drugs\/#primaryimage"},"thumbnailUrl":"https:\/\/gooddealersmeds.com\/no\/wp-content\/uploads\/sites\/8\/2022\/07\/4-FEA-Drugs.jpg","datePublished":"2022-07-03T12:18:16+00:00","dateModified":"2022-10-03T21:23:58+00:00","description":"Kj\u00f8p 4-FEA-medisiner p\u00e5 nettet er et sentralstimulerende stoff relatert til metamfetamin og 4-fluoramfetamin fra Good Dealers Meds. 4-FEA legemidler til salgs","breadcrumb":{"@id":"https:\/\/gooddealersmeds.com\/no\/product\/4-fea-drugs\/#breadcrumb"},"inLanguage":"en-US","potentialAction":[{"@type":"ReadAction","target":["https:\/\/gooddealersmeds.com\/no\/product\/4-fea-drugs\/"]}]},{"@type":"ImageObject","inLanguage":"en-US","@id":"https:\/\/gooddealersmeds.com\/no\/product\/4-fea-drugs\/#primaryimage","url":"https:\/\/gooddealersmeds.com\/no\/wp-content\/uploads\/sites\/8\/2022\/07\/4-FEA-Drugs.jpg","contentUrl":"https:\/\/gooddealersmeds.com\/no\/wp-content\/uploads\/sites\/8\/2022\/07\/4-FEA-Drugs.jpg","width":600,"height":600,"caption":"4-FEA Drugs"},{"@type":"BreadcrumbList","@id":"https:\/\/gooddealersmeds.com\/no\/product\/4-fea-drugs\/#breadcrumb","itemListElement":[{"@type":"ListItem","position":1,"name":"Home","item":"https:\/\/gooddealersmeds.com\/no\/"},{"@type":"ListItem","position":2,"name":"Produkter","item":"https:\/\/gooddealersmeds.com\/no\/produkter\/"},{"@type":"ListItem","position":3,"name":"Kj\u00f8p 4-FEA Drugs Online"}]},{"@type":"WebSite","@id":"https:\/\/gooddealersmeds.com\/no\/#website","url":"https:\/\/gooddealersmeds.com\/no\/","name":"Good Dealers Meds","description":"All our best","publisher":{"@id":"https:\/\/gooddealersmeds.com\/no\/#organization"},"potentialAction":[{"@type":"SearchAction","target":{"@type":"EntryPoint","urlTemplate":"https:\/\/gooddealersmeds.com\/no\/?s={search_term_string}"},"query-input":{"@type":"PropertyValueSpecification","valueRequired":true,"valueName":"search_term_string"}}],"inLanguage":"en-US"},{"@type":"Organization","@id":"https:\/\/gooddealersmeds.com\/no\/#organization","name":"Good Dealers Meds","url":"https:\/\/gooddealersmeds.com\/no\/","logo":{"@type":"ImageObject","inLanguage":"en-US","@id":"https:\/\/gooddealersmeds.com\/no\/#\/schema\/logo\/image\/","url":"https:\/\/gooddealersmeds.com\/no\/wp-content\/uploads\/sites\/8\/2022\/03\/gooddealersmeds__logo__20220317T222800Z.00.png","contentUrl":"https:\/\/gooddealersmeds.com\/no\/wp-content\/uploads\/sites\/8\/2022\/03\/gooddealersmeds__logo__20220317T222800Z.00.png","width":500,"height":325,"caption":"Good Dealers Meds"},"image":{"@id":"https:\/\/gooddealersmeds.com\/no\/#\/schema\/logo\/image\/"}}]}},"_links":{"self":[{"href":"https:\/\/gooddealersmeds.com\/no\/wp-json\/wp\/v2\/product\/1932","targetHints":{"allow":["GET"]}}],"collection":[{"href":"https:\/\/gooddealersmeds.com\/no\/wp-json\/wp\/v2\/product"}],"about":[{"href":"https:\/\/gooddealersmeds.com\/no\/wp-json\/wp\/v2\/types\/product"}],"replies":[{"embeddable":true,"href":"https:\/\/gooddealersmeds.com\/no\/wp-json\/wp\/v2\/comments?post=1932"}],"wp:featuredmedia":[{"embeddable":true,"href":"https:\/\/gooddealersmeds.com\/no\/wp-json\/wp\/v2\/media\/1937"}],"wp:attachment":[{"href":"https:\/\/gooddealersmeds.com\/no\/wp-json\/wp\/v2\/media?parent=1932"}],"wp:term":[{"taxonomy":"product_brand","embeddable":true,"href":"https:\/\/gooddealersmeds.com\/no\/wp-json\/wp\/v2\/product_brand?post=1932"},{"taxonomy":"product_cat","embeddable":true,"href":"https:\/\/gooddealersmeds.com\/no\/wp-json\/wp\/v2\/product_cat?post=1932"},{"taxonomy":"product_tag","embeddable":true,"href":"https:\/\/gooddealersmeds.com\/no\/wp-json\/wp\/v2\/product_tag?post=1932"}],"curies":[{"name":"wp","href":"https:\/\/api.w.org\/{rel}","templated":true}]}}