{"id":1925,"date":"2022-07-03T12:14:01","date_gmt":"2022-07-03T12:14:01","guid":{"rendered":"https:\/\/gooddealersmeds.com\/no\/?post_type=product&#038;p=1925"},"modified":"2022-10-03T21:24:07","modified_gmt":"2022-10-03T21:24:07","slug":"2-oxo-pce-legemidler","status":"publish","type":"product","link":"https:\/\/gooddealersmeds.com\/no\/product\/2-oxo-pce-legemidler\/","title":{"rendered":"Bestill 2 Oxo Pce-medisiner"},"content":{"rendered":"<p><strong>Kj\u00f8p 2 Oxo Pce-medisiner p\u00e5 nettet<\/strong><\/p>\n<p>Oxo Pce-medisiner er en type medisin som kan brukes til \u00e5 behandle lavt blodsukker. De virker ved \u00e5 hjelpe bukspyttkjertelen til \u00e5 lage hormonene insulin og glukagon, som bidrar til \u00e5 holde blodsukkerniv\u00e5et ditt stabilt.<\/p>\n<p>I motsetning til de fleste andre antiinflammatoriske midler, virker Oxo-Pce p\u00e5 mer enn bare \u00e9n type betennelse. Det vil hjelpe mot revmatoid artritt, slitasjegikt og andre inflammatoriske sykdommer som psoriasis og gikt.<\/p>\n<p>Medikamentet har ogs\u00e5 vist seg \u00e5 v\u00e6re effektivt for \u00e5 redusere morgenstivhet for\u00e5rsaket av slitasjegikt og revmatoid artritt (RA). Dette hjelper folk med \u00e5 st\u00e5 opp og fungere normalt gjennom dagen uten \u00e5 m\u00e5tte bekymre seg for stive ledd som gj\u00f8r det vanskelig \u00e5 bevege seg eller utf\u00f8re grunnleggende oppgaver som \u00e5 st\u00e5 opp av sengen hver morgen.<\/p>\n<p>&nbsp;<\/p>\n<p><strong>Hvorfor kj\u00f8pe 2 Oxo Pce-medisiner p\u00e5 nettet?<\/strong><\/p>\n<p>De viktigste grunnene til \u00e5 kj\u00f8pe 2 Oxo Pce-medisiner p\u00e5 nettet kan v\u00e6re tre:<\/p>\n<ul>\n<li>Bekvemmelighet <\/li>\n<li>Personvern<\/li>\n<li>Kvalitet<\/li>\n<\/ul>\n<p>Hvis du vil nyte den beste blandingen av alle disse tre komponentene i kj\u00f8pet ditt, m\u00e5 du g\u00e5 for \u00e5 kj\u00f8pe online .<\/p>\n<p>&nbsp;<\/p>\n<p><strong>Det beste stedet \u00e5 bestille 2 Oxo Pce-medisiner p\u00e5 nettet<\/strong><\/p>\n<p><strong>\u00a0<\/strong><\/p>\n<p><a href=\"https:\/\/gooddealersmeds.com\/no\/product\/2-oxo-pce-drugs\/\">Good Dealers Meds<\/a> er det beste stedet \u00e5 selge 2 Oxo Pce-medisiner p\u00e5 nett. Vi selger et bredt utvalg av forskjellige typer medisiner, inkludert 2 Oxo Pce Drugs, s\u00e5 du er sikker p\u00e5 \u00e5 finne det du trenger. Hvis du leter etter en enkel m\u00e5te \u00e5 ta vare p\u00e5 leddgiktssymptomene uten \u00e5 bruke en arm og et ben hver m\u00e5ned p\u00e5 reseptbelagte medisiner, kan 2 Oxo Pce Drugs v\u00e6re riktig for deg!<\/p>\n","protected":false},"excerpt":{"rendered":"<p>Kj\u00f8p 2\u2032-OXO-PCE-medisiner Online er forskningskjemikalier av h\u00f8y kvalitet. Du kan kj\u00f8pe 2\u2032-Oxo-PCE (Eticyclidone, O-PCE) online til engrospris fra tillitsleverand\u00f8ren Virgin Health Pharmacy.<\/p>\n","protected":false},"featured_media":1931,"comment_status":"open","ping_status":"closed","template":"","meta":{"inline_featured_image":false},"product_brand":[],"product_cat":[344],"product_tag":[],"class_list":{"0":"post-1925","1":"product","2":"type-product","3":"status-publish","4":"has-post-thumbnail","6":"product_cat-forsknings-kjemikalier","8":"first","9":"instock","10":"shipping-taxable","11":"purchasable","12":"product-type-variable","13":"has-default-attributes"},"yoast_head":"<!-- This site is optimized with the Yoast SEO Premium plugin v20.6 (Yoast SEO v27.4) - https:\/\/yoast.com\/product\/yoast-seo-premium-wordpress\/ -->\n<title>Kj\u00f8p 2 Oxo Pce-medisiner online | Good Dealers Meds<\/title>\n<meta name=\"description\" content=\"Kj\u00f8p 2 Oxo Pce Drugs online (ogs\u00e5 kjent som Eticyclidone) til engrospris fra p\u00e5litelige leverand\u00f8rer med h\u00f8yeste renhet.\" \/>\n<meta name=\"robots\" content=\"index, follow, max-snippet:-1, max-image-preview:large, max-video-preview:-1\" \/>\n<link rel=\"canonical\" href=\"https:\/\/gooddealersmeds.com\/no\/product\/2-oxo-pce-legemidler\/\" \/>\n<meta property=\"og:locale\" content=\"en_US\" \/>\n<meta property=\"og:type\" content=\"article\" \/>\n<meta property=\"og:title\" content=\"Bestill 2 Oxo Pce-medisiner\" \/>\n<meta property=\"og:description\" content=\"Kj\u00f8p 2 Oxo Pce Drugs online (ogs\u00e5 kjent som Eticyclidone) til engrospris fra p\u00e5litelige leverand\u00f8rer med h\u00f8yeste renhet.\" \/>\n<meta property=\"og:url\" content=\"https:\/\/gooddealersmeds.com\/no\/product\/2-oxo-pce-legemidler\/\" \/>\n<meta property=\"og:site_name\" content=\"Good Dealers Meds\" \/>\n<meta property=\"article:modified_time\" content=\"2022-10-03T21:24:07+00:00\" \/>\n<meta property=\"og:image\" content=\"https:\/\/gooddealersmeds.com\/no\/wp-content\/uploads\/sites\/8\/2022\/07\/2-Oxo-Pce-Drugs.jpg\" \/>\n\t<meta property=\"og:image:width\" content=\"600\" \/>\n\t<meta property=\"og:image:height\" content=\"600\" \/>\n\t<meta property=\"og:image:type\" content=\"image\/jpeg\" \/>\n<meta name=\"twitter:card\" content=\"summary_large_image\" \/>\n<meta name=\"twitter:label1\" content=\"Est. reading time\" \/>\n\t<meta name=\"twitter:data1\" content=\"1 minute\" \/>\n<script type=\"application\/ld+json\" class=\"yoast-schema-graph\">{\"@context\":\"https:\\\/\\\/schema.org\",\"@graph\":[{\"@type\":\"WebPage\",\"@id\":\"https:\\\/\\\/gooddealersmeds.com\\\/no\\\/product\\\/2-oxo-pce-legemidler\\\/\",\"url\":\"https:\\\/\\\/gooddealersmeds.com\\\/no\\\/product\\\/2-oxo-pce-legemidler\\\/\",\"name\":\"Kj\u00f8p 2 Oxo Pce-medisiner online | Good Dealers Meds\",\"isPartOf\":{\"@id\":\"https:\\\/\\\/gooddealersmeds.com\\\/no\\\/#website\"},\"primaryImageOfPage\":{\"@id\":\"https:\\\/\\\/gooddealersmeds.com\\\/no\\\/product\\\/2-oxo-pce-legemidler\\\/#primaryimage\"},\"image\":{\"@id\":\"https:\\\/\\\/gooddealersmeds.com\\\/no\\\/product\\\/2-oxo-pce-legemidler\\\/#primaryimage\"},\"thumbnailUrl\":\"https:\\\/\\\/gooddealersmeds.com\\\/no\\\/wp-content\\\/uploads\\\/sites\\\/8\\\/2022\\\/07\\\/2-Oxo-Pce-Drugs.jpg\",\"datePublished\":\"2022-07-03T12:14:01+00:00\",\"dateModified\":\"2022-10-03T21:24:07+00:00\",\"description\":\"Kj\u00f8p 2 Oxo Pce Drugs online (ogs\u00e5 kjent som Eticyclidone) til engrospris fra p\u00e5litelige leverand\u00f8rer med h\u00f8yeste renhet.\",\"breadcrumb\":{\"@id\":\"https:\\\/\\\/gooddealersmeds.com\\\/no\\\/product\\\/2-oxo-pce-legemidler\\\/#breadcrumb\"},\"inLanguage\":\"en-US\",\"potentialAction\":[{\"@type\":\"ReadAction\",\"target\":[\"https:\\\/\\\/gooddealersmeds.com\\\/no\\\/product\\\/2-oxo-pce-legemidler\\\/\"]}]},{\"@type\":\"ImageObject\",\"inLanguage\":\"en-US\",\"@id\":\"https:\\\/\\\/gooddealersmeds.com\\\/no\\\/product\\\/2-oxo-pce-legemidler\\\/#primaryimage\",\"url\":\"https:\\\/\\\/gooddealersmeds.com\\\/no\\\/wp-content\\\/uploads\\\/sites\\\/8\\\/2022\\\/07\\\/2-Oxo-Pce-Drugs.jpg\",\"contentUrl\":\"https:\\\/\\\/gooddealersmeds.com\\\/no\\\/wp-content\\\/uploads\\\/sites\\\/8\\\/2022\\\/07\\\/2-Oxo-Pce-Drugs.jpg\",\"width\":600,\"height\":600,\"caption\":\"Buy 2 Oxo Pce Drugs Online\"},{\"@type\":\"BreadcrumbList\",\"@id\":\"https:\\\/\\\/gooddealersmeds.com\\\/no\\\/product\\\/2-oxo-pce-legemidler\\\/#breadcrumb\",\"itemListElement\":[{\"@type\":\"ListItem\",\"position\":1,\"name\":\"Home\",\"item\":\"https:\\\/\\\/gooddealersmeds.com\\\/no\\\/\"},{\"@type\":\"ListItem\",\"position\":2,\"name\":\"Produkter\",\"item\":\"https:\\\/\\\/gooddealersmeds.com\\\/no\\\/produkter\\\/\"},{\"@type\":\"ListItem\",\"position\":3,\"name\":\"Bestill 2 Oxo Pce-medisiner\"}]},{\"@type\":\"WebSite\",\"@id\":\"https:\\\/\\\/gooddealersmeds.com\\\/no\\\/#website\",\"url\":\"https:\\\/\\\/gooddealersmeds.com\\\/no\\\/\",\"name\":\"Good Dealers Meds\",\"description\":\"All our best\",\"publisher\":{\"@id\":\"https:\\\/\\\/gooddealersmeds.com\\\/no\\\/#organization\"},\"potentialAction\":[{\"@type\":\"SearchAction\",\"target\":{\"@type\":\"EntryPoint\",\"urlTemplate\":\"https:\\\/\\\/gooddealersmeds.com\\\/no\\\/?s={search_term_string}\"},\"query-input\":{\"@type\":\"PropertyValueSpecification\",\"valueRequired\":true,\"valueName\":\"search_term_string\"}}],\"inLanguage\":\"en-US\"},{\"@type\":\"Organization\",\"@id\":\"https:\\\/\\\/gooddealersmeds.com\\\/no\\\/#organization\",\"name\":\"Good Dealers Meds\",\"url\":\"https:\\\/\\\/gooddealersmeds.com\\\/no\\\/\",\"logo\":{\"@type\":\"ImageObject\",\"inLanguage\":\"en-US\",\"@id\":\"https:\\\/\\\/gooddealersmeds.com\\\/no\\\/#\\\/schema\\\/logo\\\/image\\\/\",\"url\":\"https:\\\/\\\/gooddealersmeds.com\\\/no\\\/wp-content\\\/uploads\\\/sites\\\/8\\\/2022\\\/03\\\/gooddealersmeds__logo__20220317T222800Z.00.png\",\"contentUrl\":\"https:\\\/\\\/gooddealersmeds.com\\\/no\\\/wp-content\\\/uploads\\\/sites\\\/8\\\/2022\\\/03\\\/gooddealersmeds__logo__20220317T222800Z.00.png\",\"width\":500,\"height\":325,\"caption\":\"Good Dealers Meds\"},\"image\":{\"@id\":\"https:\\\/\\\/gooddealersmeds.com\\\/no\\\/#\\\/schema\\\/logo\\\/image\\\/\"}}]}<\/script>\n<!-- \/ Yoast SEO Premium plugin. -->","yoast_head_json":{"title":"Kj\u00f8p 2 Oxo Pce-medisiner online | Good Dealers Meds","description":"Kj\u00f8p 2 Oxo Pce Drugs online (ogs\u00e5 kjent som Eticyclidone) til engrospris fra p\u00e5litelige leverand\u00f8rer med h\u00f8yeste renhet.","robots":{"index":"index","follow":"follow","max-snippet":"max-snippet:-1","max-image-preview":"max-image-preview:large","max-video-preview":"max-video-preview:-1"},"canonical":"https:\/\/gooddealersmeds.com\/no\/product\/2-oxo-pce-legemidler\/","og_locale":"en_US","og_type":"article","og_title":"Bestill 2 Oxo Pce-medisiner","og_description":"Kj\u00f8p 2 Oxo Pce Drugs online (ogs\u00e5 kjent som Eticyclidone) til engrospris fra p\u00e5litelige leverand\u00f8rer med h\u00f8yeste renhet.","og_url":"https:\/\/gooddealersmeds.com\/no\/product\/2-oxo-pce-legemidler\/","og_site_name":"Good Dealers Meds","article_modified_time":"2022-10-03T21:24:07+00:00","og_image":[{"width":600,"height":600,"url":"https:\/\/gooddealersmeds.com\/no\/wp-content\/uploads\/sites\/8\/2022\/07\/2-Oxo-Pce-Drugs.jpg","type":"image\/jpeg"}],"twitter_card":"summary_large_image","twitter_misc":{"Est. reading time":"1 minute"},"schema":{"@context":"https:\/\/schema.org","@graph":[{"@type":"WebPage","@id":"https:\/\/gooddealersmeds.com\/no\/product\/2-oxo-pce-legemidler\/","url":"https:\/\/gooddealersmeds.com\/no\/product\/2-oxo-pce-legemidler\/","name":"Kj\u00f8p 2 Oxo Pce-medisiner online | Good Dealers Meds","isPartOf":{"@id":"https:\/\/gooddealersmeds.com\/no\/#website"},"primaryImageOfPage":{"@id":"https:\/\/gooddealersmeds.com\/no\/product\/2-oxo-pce-legemidler\/#primaryimage"},"image":{"@id":"https:\/\/gooddealersmeds.com\/no\/product\/2-oxo-pce-legemidler\/#primaryimage"},"thumbnailUrl":"https:\/\/gooddealersmeds.com\/no\/wp-content\/uploads\/sites\/8\/2022\/07\/2-Oxo-Pce-Drugs.jpg","datePublished":"2022-07-03T12:14:01+00:00","dateModified":"2022-10-03T21:24:07+00:00","description":"Kj\u00f8p 2 Oxo Pce Drugs online (ogs\u00e5 kjent som Eticyclidone) til engrospris fra p\u00e5litelige leverand\u00f8rer med h\u00f8yeste renhet.","breadcrumb":{"@id":"https:\/\/gooddealersmeds.com\/no\/product\/2-oxo-pce-legemidler\/#breadcrumb"},"inLanguage":"en-US","potentialAction":[{"@type":"ReadAction","target":["https:\/\/gooddealersmeds.com\/no\/product\/2-oxo-pce-legemidler\/"]}]},{"@type":"ImageObject","inLanguage":"en-US","@id":"https:\/\/gooddealersmeds.com\/no\/product\/2-oxo-pce-legemidler\/#primaryimage","url":"https:\/\/gooddealersmeds.com\/no\/wp-content\/uploads\/sites\/8\/2022\/07\/2-Oxo-Pce-Drugs.jpg","contentUrl":"https:\/\/gooddealersmeds.com\/no\/wp-content\/uploads\/sites\/8\/2022\/07\/2-Oxo-Pce-Drugs.jpg","width":600,"height":600,"caption":"Buy 2 Oxo Pce Drugs Online"},{"@type":"BreadcrumbList","@id":"https:\/\/gooddealersmeds.com\/no\/product\/2-oxo-pce-legemidler\/#breadcrumb","itemListElement":[{"@type":"ListItem","position":1,"name":"Home","item":"https:\/\/gooddealersmeds.com\/no\/"},{"@type":"ListItem","position":2,"name":"Produkter","item":"https:\/\/gooddealersmeds.com\/no\/produkter\/"},{"@type":"ListItem","position":3,"name":"Bestill 2 Oxo Pce-medisiner"}]},{"@type":"WebSite","@id":"https:\/\/gooddealersmeds.com\/no\/#website","url":"https:\/\/gooddealersmeds.com\/no\/","name":"Good Dealers Meds","description":"All our best","publisher":{"@id":"https:\/\/gooddealersmeds.com\/no\/#organization"},"potentialAction":[{"@type":"SearchAction","target":{"@type":"EntryPoint","urlTemplate":"https:\/\/gooddealersmeds.com\/no\/?s={search_term_string}"},"query-input":{"@type":"PropertyValueSpecification","valueRequired":true,"valueName":"search_term_string"}}],"inLanguage":"en-US"},{"@type":"Organization","@id":"https:\/\/gooddealersmeds.com\/no\/#organization","name":"Good Dealers Meds","url":"https:\/\/gooddealersmeds.com\/no\/","logo":{"@type":"ImageObject","inLanguage":"en-US","@id":"https:\/\/gooddealersmeds.com\/no\/#\/schema\/logo\/image\/","url":"https:\/\/gooddealersmeds.com\/no\/wp-content\/uploads\/sites\/8\/2022\/03\/gooddealersmeds__logo__20220317T222800Z.00.png","contentUrl":"https:\/\/gooddealersmeds.com\/no\/wp-content\/uploads\/sites\/8\/2022\/03\/gooddealersmeds__logo__20220317T222800Z.00.png","width":500,"height":325,"caption":"Good Dealers Meds"},"image":{"@id":"https:\/\/gooddealersmeds.com\/no\/#\/schema\/logo\/image\/"}}]}},"_links":{"self":[{"href":"https:\/\/gooddealersmeds.com\/no\/wp-json\/wp\/v2\/product\/1925","targetHints":{"allow":["GET"]}}],"collection":[{"href":"https:\/\/gooddealersmeds.com\/no\/wp-json\/wp\/v2\/product"}],"about":[{"href":"https:\/\/gooddealersmeds.com\/no\/wp-json\/wp\/v2\/types\/product"}],"replies":[{"embeddable":true,"href":"https:\/\/gooddealersmeds.com\/no\/wp-json\/wp\/v2\/comments?post=1925"}],"wp:featuredmedia":[{"embeddable":true,"href":"https:\/\/gooddealersmeds.com\/no\/wp-json\/wp\/v2\/media\/1931"}],"wp:attachment":[{"href":"https:\/\/gooddealersmeds.com\/no\/wp-json\/wp\/v2\/media?parent=1925"}],"wp:term":[{"taxonomy":"product_brand","embeddable":true,"href":"https:\/\/gooddealersmeds.com\/no\/wp-json\/wp\/v2\/product_brand?post=1925"},{"taxonomy":"product_cat","embeddable":true,"href":"https:\/\/gooddealersmeds.com\/no\/wp-json\/wp\/v2\/product_cat?post=1925"},{"taxonomy":"product_tag","embeddable":true,"href":"https:\/\/gooddealersmeds.com\/no\/wp-json\/wp\/v2\/product_tag?post=1925"}],"curies":[{"name":"wp","href":"https:\/\/api.w.org\/{rel}","templated":true}]}}