{"id":1918,"date":"2022-07-03T12:09:15","date_gmt":"2022-07-03T12:09:15","guid":{"rendered":"https:\/\/gooddealersmeds.com\/no\/?post_type=product&#038;p=1918"},"modified":"2022-10-03T21:24:15","modified_gmt":"2022-10-03T21:24:15","slug":"2-a1mp-medikament","status":"publish","type":"product","link":"https:\/\/gooddealersmeds.com\/no\/product\/2-a1mp-medikament\/","title":{"rendered":"2- A1MP stoff til salgs"},"content":{"rendered":"<h1><strong>Kj\u00f8p 2-A1MP stoff online<\/strong><\/h1>\n<p>Du har kanskje h\u00f8rt om 2-A1MP f\u00f8r, men hva er det? Det er et FDA-godkjent stoff som brukes til \u00e5 behandle personer med type 2 diabetes. Det virker ved \u00e5 senke blodsukkerniv\u00e5et &#8211; og det har vist seg trygt og effektivt i kliniske studier. Kj\u00f8p 2-A1MP-medisin p\u00e5 nettet<\/p>\n<p>2-A1MP Drug Online er et medikament som kan brukes til \u00e5 behandle brystkreft. Legemidlet reduserer risikoen for tilbakefall av brystkreft og forbedrer progresjonen. Det virker ved \u00e5 hemme \u00f8strogenreseptorer og blokkere effekten av \u00f8strogen p\u00e5 vev i kroppen. Legemidlet hjelper ogs\u00e5 med \u00e5 redusere betennelse og hindre kreftceller i \u00e5 spre seg.<\/p>\n<p>&nbsp;<\/p>\n<p><strong>Hvorfor bestille 2- A1MP legemidler p\u00e5 nettet?<\/strong><\/p>\n<p>Hvis du leter etter et produkt som er godkjent av FDA og som er effektivt til \u00e5 behandle tilstanden din, b\u00f8r du vurdere \u00e5 kj\u00f8pe\u00a0 2- A1MP Drug Online. Denne medisinen kan hjelpe deg med \u00e5 oppn\u00e5 bedre blodsukkerkontroll og redusere risikoen for \u00e5 utvikle komplikasjoner fra diabetes. Det har ogs\u00e5 mindre bivirkninger enn andre medisiner p\u00e5 markedet i dag.<\/p>\n<p><strong>\u00a0<\/strong><\/p>\n<p><strong>Hva er det beste stedet \u00e5 kj\u00f8pe 2- A1MP Drug Online ?<\/strong><\/p>\n<p>Du kan kj\u00f8pe\u00a0 2- A1MP Drug Online mange forskjellige steder. Du kan kj\u00f8pe det fra legen din eller gjennom et apotek som CVS Health eller Walgreens. Hvis dette ikke er et alternativ for deg, anbefaler vi at du bruker et nettapotek som Good Dealers Meds.<\/p>\n<p>Det beste stedet \u00e5 kj\u00f8pe dette legemidlet er online p\u00e5 <a href=\"https:\/\/gooddealersmeds. com\/no\/product\/2-a1mp-drug\/\">Good Dealers Medis<\/a> fordi den er tilgjengelig til en lavere pris med produkter og tjenester av bedre kvalitet.<\/p>\n<p>&nbsp;<\/p>\n","protected":false},"excerpt":{"rendered":"<p>Kj\u00f8p 2-A1MP medikament p\u00e5 nettet er en kjemisk forbindelse av katinonklassen som har blitt solgt online som et designermedikament. Det er beta-ketonversjonen av 5-Methoxy-MDMA.<\/p>\n","protected":false},"featured_media":1924,"comment_status":"open","ping_status":"closed","template":"","meta":{"inline_featured_image":false},"product_brand":[],"product_cat":[344],"product_tag":[],"class_list":{"0":"post-1918","1":"product","2":"type-product","3":"status-publish","4":"has-post-thumbnail","6":"product_cat-forsknings-kjemikalier","8":"first","9":"instock","10":"shipping-taxable","11":"purchasable","12":"product-type-variable","13":"has-default-attributes"},"yoast_head":"<!-- This site is optimized with the Yoast SEO Premium plugin v20.6 (Yoast SEO v27.3) - https:\/\/yoast.com\/product\/yoast-seo-premium-wordpress\/ -->\n<title>Kj\u00f8p 2-A1MP medikament online (5-metoksymetylon) | Good Dealers Meds<\/title>\n<meta name=\"description\" content=\"Kj\u00f8p 2-A1MP medikament (ofte kjent som 5-metoksymetylon) p\u00e5 nettet til engrospris fra p\u00e5litelige leverand\u00f8rer med h\u00f8yeste renhet.\" \/>\n<meta name=\"robots\" content=\"index, follow, max-snippet:-1, max-image-preview:large, max-video-preview:-1\" \/>\n<link rel=\"canonical\" href=\"https:\/\/gooddealersmeds.com\/no\/product\/2-a1mp-medikament\/\" \/>\n<meta property=\"og:locale\" content=\"en_US\" \/>\n<meta property=\"og:type\" content=\"article\" \/>\n<meta property=\"og:title\" content=\"2- A1MP stoff til salgs\" \/>\n<meta property=\"og:description\" content=\"Kj\u00f8p 2-A1MP medikament (ofte kjent som 5-metoksymetylon) p\u00e5 nettet til engrospris fra p\u00e5litelige leverand\u00f8rer med h\u00f8yeste renhet.\" \/>\n<meta property=\"og:url\" content=\"https:\/\/gooddealersmeds.com\/no\/product\/2-a1mp-medikament\/\" \/>\n<meta property=\"og:site_name\" content=\"Good Dealers Meds\" \/>\n<meta property=\"article:modified_time\" content=\"2022-10-03T21:24:15+00:00\" \/>\n<meta property=\"og:image\" content=\"https:\/\/gooddealersmeds.com\/no\/wp-content\/uploads\/sites\/8\/2022\/07\/Buy-2-A1MP-drug-online.jpg\" \/>\n\t<meta property=\"og:image:width\" content=\"600\" \/>\n\t<meta property=\"og:image:height\" content=\"600\" \/>\n\t<meta property=\"og:image:type\" content=\"image\/jpeg\" \/>\n<meta name=\"twitter:card\" content=\"summary_large_image\" \/>\n<meta name=\"twitter:label1\" content=\"Est. reading time\" \/>\n\t<meta name=\"twitter:data1\" content=\"1 minute\" \/>\n<script type=\"application\/ld+json\" class=\"yoast-schema-graph\">{\"@context\":\"https:\\\/\\\/schema.org\",\"@graph\":[{\"@type\":\"WebPage\",\"@id\":\"https:\\\/\\\/gooddealersmeds.com\\\/no\\\/product\\\/2-a1mp-medikament\\\/\",\"url\":\"https:\\\/\\\/gooddealersmeds.com\\\/no\\\/product\\\/2-a1mp-medikament\\\/\",\"name\":\"Kj\u00f8p 2-A1MP medikament online (5-metoksymetylon) | Good Dealers Meds\",\"isPartOf\":{\"@id\":\"https:\\\/\\\/gooddealersmeds.com\\\/no\\\/#website\"},\"primaryImageOfPage\":{\"@id\":\"https:\\\/\\\/gooddealersmeds.com\\\/no\\\/product\\\/2-a1mp-medikament\\\/#primaryimage\"},\"image\":{\"@id\":\"https:\\\/\\\/gooddealersmeds.com\\\/no\\\/product\\\/2-a1mp-medikament\\\/#primaryimage\"},\"thumbnailUrl\":\"https:\\\/\\\/gooddealersmeds.com\\\/no\\\/wp-content\\\/uploads\\\/sites\\\/8\\\/2022\\\/07\\\/Buy-2-A1MP-drug-online.jpg\",\"datePublished\":\"2022-07-03T12:09:15+00:00\",\"dateModified\":\"2022-10-03T21:24:15+00:00\",\"description\":\"Kj\u00f8p 2-A1MP medikament (ofte kjent som 5-metoksymetylon) p\u00e5 nettet til engrospris fra p\u00e5litelige leverand\u00f8rer med h\u00f8yeste renhet.\",\"breadcrumb\":{\"@id\":\"https:\\\/\\\/gooddealersmeds.com\\\/no\\\/product\\\/2-a1mp-medikament\\\/#breadcrumb\"},\"inLanguage\":\"en-US\",\"potentialAction\":[{\"@type\":\"ReadAction\",\"target\":[\"https:\\\/\\\/gooddealersmeds.com\\\/no\\\/product\\\/2-a1mp-medikament\\\/\"]}]},{\"@type\":\"ImageObject\",\"inLanguage\":\"en-US\",\"@id\":\"https:\\\/\\\/gooddealersmeds.com\\\/no\\\/product\\\/2-a1mp-medikament\\\/#primaryimage\",\"url\":\"https:\\\/\\\/gooddealersmeds.com\\\/no\\\/wp-content\\\/uploads\\\/sites\\\/8\\\/2022\\\/07\\\/Buy-2-A1MP-drug-online.jpg\",\"contentUrl\":\"https:\\\/\\\/gooddealersmeds.com\\\/no\\\/wp-content\\\/uploads\\\/sites\\\/8\\\/2022\\\/07\\\/Buy-2-A1MP-drug-online.jpg\",\"width\":600,\"height\":600,\"caption\":\"Buy 2-A1MP drug online\"},{\"@type\":\"BreadcrumbList\",\"@id\":\"https:\\\/\\\/gooddealersmeds.com\\\/no\\\/product\\\/2-a1mp-medikament\\\/#breadcrumb\",\"itemListElement\":[{\"@type\":\"ListItem\",\"position\":1,\"name\":\"Home\",\"item\":\"https:\\\/\\\/gooddealersmeds.com\\\/no\\\/\"},{\"@type\":\"ListItem\",\"position\":2,\"name\":\"Produkter\",\"item\":\"https:\\\/\\\/gooddealersmeds.com\\\/no\\\/produkter\\\/\"},{\"@type\":\"ListItem\",\"position\":3,\"name\":\"2- A1MP stoff til salgs\"}]},{\"@type\":\"WebSite\",\"@id\":\"https:\\\/\\\/gooddealersmeds.com\\\/no\\\/#website\",\"url\":\"https:\\\/\\\/gooddealersmeds.com\\\/no\\\/\",\"name\":\"Good Dealers Meds\",\"description\":\"All our best\",\"publisher\":{\"@id\":\"https:\\\/\\\/gooddealersmeds.com\\\/no\\\/#organization\"},\"potentialAction\":[{\"@type\":\"SearchAction\",\"target\":{\"@type\":\"EntryPoint\",\"urlTemplate\":\"https:\\\/\\\/gooddealersmeds.com\\\/no\\\/?s={search_term_string}\"},\"query-input\":{\"@type\":\"PropertyValueSpecification\",\"valueRequired\":true,\"valueName\":\"search_term_string\"}}],\"inLanguage\":\"en-US\"},{\"@type\":\"Organization\",\"@id\":\"https:\\\/\\\/gooddealersmeds.com\\\/no\\\/#organization\",\"name\":\"Good Dealers Meds\",\"url\":\"https:\\\/\\\/gooddealersmeds.com\\\/no\\\/\",\"logo\":{\"@type\":\"ImageObject\",\"inLanguage\":\"en-US\",\"@id\":\"https:\\\/\\\/gooddealersmeds.com\\\/no\\\/#\\\/schema\\\/logo\\\/image\\\/\",\"url\":\"https:\\\/\\\/gooddealersmeds.com\\\/no\\\/wp-content\\\/uploads\\\/sites\\\/8\\\/2022\\\/03\\\/gooddealersmeds__logo__20220317T222800Z.00.png\",\"contentUrl\":\"https:\\\/\\\/gooddealersmeds.com\\\/no\\\/wp-content\\\/uploads\\\/sites\\\/8\\\/2022\\\/03\\\/gooddealersmeds__logo__20220317T222800Z.00.png\",\"width\":500,\"height\":325,\"caption\":\"Good Dealers Meds\"},\"image\":{\"@id\":\"https:\\\/\\\/gooddealersmeds.com\\\/no\\\/#\\\/schema\\\/logo\\\/image\\\/\"}}]}<\/script>\n<!-- \/ Yoast SEO Premium plugin. -->","yoast_head_json":{"title":"Kj\u00f8p 2-A1MP medikament online (5-metoksymetylon) | Good Dealers Meds","description":"Kj\u00f8p 2-A1MP medikament (ofte kjent som 5-metoksymetylon) p\u00e5 nettet til engrospris fra p\u00e5litelige leverand\u00f8rer med h\u00f8yeste renhet.","robots":{"index":"index","follow":"follow","max-snippet":"max-snippet:-1","max-image-preview":"max-image-preview:large","max-video-preview":"max-video-preview:-1"},"canonical":"https:\/\/gooddealersmeds.com\/no\/product\/2-a1mp-medikament\/","og_locale":"en_US","og_type":"article","og_title":"2- A1MP stoff til salgs","og_description":"Kj\u00f8p 2-A1MP medikament (ofte kjent som 5-metoksymetylon) p\u00e5 nettet til engrospris fra p\u00e5litelige leverand\u00f8rer med h\u00f8yeste renhet.","og_url":"https:\/\/gooddealersmeds.com\/no\/product\/2-a1mp-medikament\/","og_site_name":"Good Dealers Meds","article_modified_time":"2022-10-03T21:24:15+00:00","og_image":[{"width":600,"height":600,"url":"https:\/\/gooddealersmeds.com\/no\/wp-content\/uploads\/sites\/8\/2022\/07\/Buy-2-A1MP-drug-online.jpg","type":"image\/jpeg"}],"twitter_card":"summary_large_image","twitter_misc":{"Est. reading time":"1 minute"},"schema":{"@context":"https:\/\/schema.org","@graph":[{"@type":"WebPage","@id":"https:\/\/gooddealersmeds.com\/no\/product\/2-a1mp-medikament\/","url":"https:\/\/gooddealersmeds.com\/no\/product\/2-a1mp-medikament\/","name":"Kj\u00f8p 2-A1MP medikament online (5-metoksymetylon) | Good Dealers Meds","isPartOf":{"@id":"https:\/\/gooddealersmeds.com\/no\/#website"},"primaryImageOfPage":{"@id":"https:\/\/gooddealersmeds.com\/no\/product\/2-a1mp-medikament\/#primaryimage"},"image":{"@id":"https:\/\/gooddealersmeds.com\/no\/product\/2-a1mp-medikament\/#primaryimage"},"thumbnailUrl":"https:\/\/gooddealersmeds.com\/no\/wp-content\/uploads\/sites\/8\/2022\/07\/Buy-2-A1MP-drug-online.jpg","datePublished":"2022-07-03T12:09:15+00:00","dateModified":"2022-10-03T21:24:15+00:00","description":"Kj\u00f8p 2-A1MP medikament (ofte kjent som 5-metoksymetylon) p\u00e5 nettet til engrospris fra p\u00e5litelige leverand\u00f8rer med h\u00f8yeste renhet.","breadcrumb":{"@id":"https:\/\/gooddealersmeds.com\/no\/product\/2-a1mp-medikament\/#breadcrumb"},"inLanguage":"en-US","potentialAction":[{"@type":"ReadAction","target":["https:\/\/gooddealersmeds.com\/no\/product\/2-a1mp-medikament\/"]}]},{"@type":"ImageObject","inLanguage":"en-US","@id":"https:\/\/gooddealersmeds.com\/no\/product\/2-a1mp-medikament\/#primaryimage","url":"https:\/\/gooddealersmeds.com\/no\/wp-content\/uploads\/sites\/8\/2022\/07\/Buy-2-A1MP-drug-online.jpg","contentUrl":"https:\/\/gooddealersmeds.com\/no\/wp-content\/uploads\/sites\/8\/2022\/07\/Buy-2-A1MP-drug-online.jpg","width":600,"height":600,"caption":"Buy 2-A1MP drug online"},{"@type":"BreadcrumbList","@id":"https:\/\/gooddealersmeds.com\/no\/product\/2-a1mp-medikament\/#breadcrumb","itemListElement":[{"@type":"ListItem","position":1,"name":"Home","item":"https:\/\/gooddealersmeds.com\/no\/"},{"@type":"ListItem","position":2,"name":"Produkter","item":"https:\/\/gooddealersmeds.com\/no\/produkter\/"},{"@type":"ListItem","position":3,"name":"2- A1MP stoff til salgs"}]},{"@type":"WebSite","@id":"https:\/\/gooddealersmeds.com\/no\/#website","url":"https:\/\/gooddealersmeds.com\/no\/","name":"Good Dealers Meds","description":"All our best","publisher":{"@id":"https:\/\/gooddealersmeds.com\/no\/#organization"},"potentialAction":[{"@type":"SearchAction","target":{"@type":"EntryPoint","urlTemplate":"https:\/\/gooddealersmeds.com\/no\/?s={search_term_string}"},"query-input":{"@type":"PropertyValueSpecification","valueRequired":true,"valueName":"search_term_string"}}],"inLanguage":"en-US"},{"@type":"Organization","@id":"https:\/\/gooddealersmeds.com\/no\/#organization","name":"Good Dealers Meds","url":"https:\/\/gooddealersmeds.com\/no\/","logo":{"@type":"ImageObject","inLanguage":"en-US","@id":"https:\/\/gooddealersmeds.com\/no\/#\/schema\/logo\/image\/","url":"https:\/\/gooddealersmeds.com\/no\/wp-content\/uploads\/sites\/8\/2022\/03\/gooddealersmeds__logo__20220317T222800Z.00.png","contentUrl":"https:\/\/gooddealersmeds.com\/no\/wp-content\/uploads\/sites\/8\/2022\/03\/gooddealersmeds__logo__20220317T222800Z.00.png","width":500,"height":325,"caption":"Good Dealers Meds"},"image":{"@id":"https:\/\/gooddealersmeds.com\/no\/#\/schema\/logo\/image\/"}}]}},"_links":{"self":[{"href":"https:\/\/gooddealersmeds.com\/no\/wp-json\/wp\/v2\/product\/1918","targetHints":{"allow":["GET"]}}],"collection":[{"href":"https:\/\/gooddealersmeds.com\/no\/wp-json\/wp\/v2\/product"}],"about":[{"href":"https:\/\/gooddealersmeds.com\/no\/wp-json\/wp\/v2\/types\/product"}],"replies":[{"embeddable":true,"href":"https:\/\/gooddealersmeds.com\/no\/wp-json\/wp\/v2\/comments?post=1918"}],"wp:featuredmedia":[{"embeddable":true,"href":"https:\/\/gooddealersmeds.com\/no\/wp-json\/wp\/v2\/media\/1924"}],"wp:attachment":[{"href":"https:\/\/gooddealersmeds.com\/no\/wp-json\/wp\/v2\/media?parent=1918"}],"wp:term":[{"taxonomy":"product_brand","embeddable":true,"href":"https:\/\/gooddealersmeds.com\/no\/wp-json\/wp\/v2\/product_brand?post=1918"},{"taxonomy":"product_cat","embeddable":true,"href":"https:\/\/gooddealersmeds.com\/no\/wp-json\/wp\/v2\/product_cat?post=1918"},{"taxonomy":"product_tag","embeddable":true,"href":"https:\/\/gooddealersmeds.com\/no\/wp-json\/wp\/v2\/product_tag?post=1918"}],"curies":[{"name":"wp","href":"https:\/\/api.w.org\/{rel}","templated":true}]}}