{"id":1912,"date":"2022-07-03T12:03:51","date_gmt":"2022-07-03T12:03:51","guid":{"rendered":"https:\/\/gooddealersmeds.com\/no\/?post_type=product&#038;p=1912"},"modified":"2022-10-03T21:24:22","modified_gmt":"2022-10-03T21:24:22","slug":"2-fdck-medikament","status":"publish","type":"product","link":"https:\/\/gooddealersmeds.com\/no\/product\/2-fdck-medikament\/","title":{"rendered":"Kj\u00f8p 2-Fdck Drug Online"},"content":{"rendered":"<h1><strong>Kj\u00f8p 2-Fdck Drug Online<\/strong><\/h1>\n<p>&nbsp;<\/p>\n<p>2-Fdck Drug Online er en type medisin som kan brukes til \u00e5 behandle erektil dysfunksjon eller for tidlig utl\u00f8sning. Det er ofte referert til som Viagra, Levitra, Cialis eller Stendra. Denne medisinen virker ved \u00e5 forbedre blodstr\u00f8mmen til penis og gj\u00f8re blodet tykkere, slik at det kan forbli oppreist i lengre perioder.<\/p>\n<p>2-Fdck-medikamentet p\u00e5 nett er tilgjengelig i form av tabletter og injeksjoner, hver av dem har sine egne fordeler og ulemper. Injeksjonsversjonen kan tas umiddelbart etter sex, men det tar lengre tid enn en pilleform \u00e5 virke magien. Tablettformen kan tas opptil 36 timer f\u00f8r seksuell aktivitet finner sted; Det kan imidlertid ta opptil fire timer f\u00f8r du begynner \u00e5 merke noen effekter.<\/p>\n<p><strong>\u00a0<\/strong><\/p>\n<p><strong>Hvorfor kj\u00f8pe 2-Fdck-medisiner p\u00e5 nettet?<\/strong><\/p>\n<p><strong>\u00a0<\/strong><\/p>\n<p>Det f\u00f8rste som gj\u00f8r kj\u00f8p <a href=\"https:\/\/gooddealersmeds.com\/no\/product\/2-fdck- drug\/\">2-Fdck Drug Online<\/a> s\u00e5 flott er at det er enkelt. Det er ingen rotete resepter eller lange linjer med papirarbeid, bare et nettsted som er lett \u00e5 navigere og ferdige pakker med medisiner som gir deg alt du trenger uten problemer i det hele tatt.<\/p>\n<p><strong>\u00a0<\/strong><\/p>\n<p><strong>Go-to-stedet for \u00e5 kj\u00f8pe 2-Fdck Drug Online<\/strong><\/p>\n<p><strong>\u00a0<\/strong><\/p>\n<p>Er du ute etter \u00e5 kj\u00f8pe 2-Fdck Drug Online? Du er ikke alene.<\/p>\n<p>Mange har funnet ut at dette produktet kan hjelpe dem med \u00e5 forbedre sexlivet, men det er viktig \u00e5 v\u00e6re forsiktig n\u00e5r du kj\u00f8per dette produktet.<\/p>\n<p>Det er mange forskjellige steder hvor du kan bestille 2-Fdck Drug Online, og hvis du ikke leser anmeldelsene n\u00f8ye, kan du ende opp med et produkt som ikke fungerer like bra som andre. Det beste stedet \u00e5 kj\u00f8pe 2-Fdck Drug Online er gjennom nettsiden v\u00e5r fordi vi har solgt denne typen produkter i \u00e5revis, og vi vet hva som fungerer og hva som ikke gj\u00f8r det, s\u00e5 vi kan s\u00f8rge for at alle som kj\u00f8per fra oss ender opp med best mulig opplevelse.<\/p>\n","protected":false},"excerpt":{"rendered":"<p>Kj\u00f8p 2-FDCK stoffet Purity online, 2-FDCK (ogs\u00e5 kjent som 2-Fl-2\u2032-Oxo-PCM, Fluoroketamine og 2-Fluorodeschloroketamine) er et dissosiativt bed\u00f8velsesmiddel. Det er en analog av ketamin hvor klorgruppen er erstattet med fluor.<\/p>\n","protected":false},"featured_media":1917,"comment_status":"open","ping_status":"closed","template":"","meta":{"inline_featured_image":false},"product_brand":[],"product_cat":[344],"product_tag":[],"class_list":{"0":"post-1912","1":"product","2":"type-product","3":"status-publish","4":"has-post-thumbnail","6":"product_cat-forsknings-kjemikalier","8":"first","9":"instock","10":"shipping-taxable","11":"purchasable","12":"product-type-variable","13":"has-default-attributes"},"yoast_head":"<!-- This site is optimized with the Yoast SEO Premium plugin v20.6 (Yoast SEO v27.3) - https:\/\/yoast.com\/product\/yoast-seo-premium-wordpress\/ -->\n<title>Kj\u00f8p 2-Fdck Drug Online - ( 2-fdck Til salgs ) |<\/title>\n<meta name=\"description\" content=\"Kj\u00f8p 2-FDCK medikament online, 2-FDCK (ogs\u00e5 kjent som 2-Fl-2\u2032-Oxo-PCM, Fluoroketamine og 2-Fluorodeschloroketamine) er et dissosiativt anestesimiddel.\" \/>\n<meta name=\"robots\" content=\"index, follow, max-snippet:-1, max-image-preview:large, max-video-preview:-1\" \/>\n<link rel=\"canonical\" href=\"https:\/\/gooddealersmeds.com\/no\/product\/2-fdck-medikament\/\" \/>\n<meta property=\"og:locale\" content=\"en_US\" \/>\n<meta property=\"og:type\" content=\"article\" \/>\n<meta property=\"og:title\" content=\"Kj\u00f8p 2-Fdck Drug Online\" \/>\n<meta property=\"og:description\" content=\"Kj\u00f8p 2-FDCK medikament online, 2-FDCK (ogs\u00e5 kjent som 2-Fl-2\u2032-Oxo-PCM, Fluoroketamine og 2-Fluorodeschloroketamine) er et dissosiativt anestesimiddel.\" \/>\n<meta property=\"og:url\" content=\"https:\/\/gooddealersmeds.com\/no\/product\/2-fdck-medikament\/\" \/>\n<meta property=\"og:site_name\" content=\"Good Dealers Meds\" \/>\n<meta property=\"article:modified_time\" content=\"2022-10-03T21:24:22+00:00\" \/>\n<meta property=\"og:image\" content=\"https:\/\/gooddealersmeds.com\/no\/wp-content\/uploads\/sites\/8\/2022\/07\/2-Fdck-Drug.jpg\" \/>\n\t<meta property=\"og:image:width\" content=\"600\" \/>\n\t<meta property=\"og:image:height\" content=\"600\" \/>\n\t<meta property=\"og:image:type\" content=\"image\/jpeg\" \/>\n<meta name=\"twitter:card\" content=\"summary_large_image\" \/>\n<meta name=\"twitter:label1\" content=\"Est. reading time\" \/>\n\t<meta name=\"twitter:data1\" content=\"2 minutes\" \/>\n<script type=\"application\/ld+json\" class=\"yoast-schema-graph\">{\"@context\":\"https:\\\/\\\/schema.org\",\"@graph\":[{\"@type\":\"WebPage\",\"@id\":\"https:\\\/\\\/gooddealersmeds.com\\\/no\\\/product\\\/2-fdck-medikament\\\/\",\"url\":\"https:\\\/\\\/gooddealersmeds.com\\\/no\\\/product\\\/2-fdck-medikament\\\/\",\"name\":\"Kj\u00f8p 2-Fdck Drug Online - ( 2-fdck Til salgs ) |\",\"isPartOf\":{\"@id\":\"https:\\\/\\\/gooddealersmeds.com\\\/no\\\/#website\"},\"primaryImageOfPage\":{\"@id\":\"https:\\\/\\\/gooddealersmeds.com\\\/no\\\/product\\\/2-fdck-medikament\\\/#primaryimage\"},\"image\":{\"@id\":\"https:\\\/\\\/gooddealersmeds.com\\\/no\\\/product\\\/2-fdck-medikament\\\/#primaryimage\"},\"thumbnailUrl\":\"https:\\\/\\\/gooddealersmeds.com\\\/no\\\/wp-content\\\/uploads\\\/sites\\\/8\\\/2022\\\/07\\\/2-Fdck-Drug.jpg\",\"datePublished\":\"2022-07-03T12:03:51+00:00\",\"dateModified\":\"2022-10-03T21:24:22+00:00\",\"description\":\"Kj\u00f8p 2-FDCK medikament online, 2-FDCK (ogs\u00e5 kjent som 2-Fl-2\u2032-Oxo-PCM, Fluoroketamine og 2-Fluorodeschloroketamine) er et dissosiativt anestesimiddel.\",\"breadcrumb\":{\"@id\":\"https:\\\/\\\/gooddealersmeds.com\\\/no\\\/product\\\/2-fdck-medikament\\\/#breadcrumb\"},\"inLanguage\":\"en-US\",\"potentialAction\":[{\"@type\":\"ReadAction\",\"target\":[\"https:\\\/\\\/gooddealersmeds.com\\\/no\\\/product\\\/2-fdck-medikament\\\/\"]}]},{\"@type\":\"ImageObject\",\"inLanguage\":\"en-US\",\"@id\":\"https:\\\/\\\/gooddealersmeds.com\\\/no\\\/product\\\/2-fdck-medikament\\\/#primaryimage\",\"url\":\"https:\\\/\\\/gooddealersmeds.com\\\/no\\\/wp-content\\\/uploads\\\/sites\\\/8\\\/2022\\\/07\\\/2-Fdck-Drug.jpg\",\"contentUrl\":\"https:\\\/\\\/gooddealersmeds.com\\\/no\\\/wp-content\\\/uploads\\\/sites\\\/8\\\/2022\\\/07\\\/2-Fdck-Drug.jpg\",\"width\":600,\"height\":600,\"caption\":\"Buy 2-Fdck Drug Online\"},{\"@type\":\"BreadcrumbList\",\"@id\":\"https:\\\/\\\/gooddealersmeds.com\\\/no\\\/product\\\/2-fdck-medikament\\\/#breadcrumb\",\"itemListElement\":[{\"@type\":\"ListItem\",\"position\":1,\"name\":\"Home\",\"item\":\"https:\\\/\\\/gooddealersmeds.com\\\/no\\\/\"},{\"@type\":\"ListItem\",\"position\":2,\"name\":\"Produkter\",\"item\":\"https:\\\/\\\/gooddealersmeds.com\\\/no\\\/produkter\\\/\"},{\"@type\":\"ListItem\",\"position\":3,\"name\":\"Kj\u00f8p 2-Fdck Drug Online\"}]},{\"@type\":\"WebSite\",\"@id\":\"https:\\\/\\\/gooddealersmeds.com\\\/no\\\/#website\",\"url\":\"https:\\\/\\\/gooddealersmeds.com\\\/no\\\/\",\"name\":\"Good Dealers Meds\",\"description\":\"All our best\",\"publisher\":{\"@id\":\"https:\\\/\\\/gooddealersmeds.com\\\/no\\\/#organization\"},\"potentialAction\":[{\"@type\":\"SearchAction\",\"target\":{\"@type\":\"EntryPoint\",\"urlTemplate\":\"https:\\\/\\\/gooddealersmeds.com\\\/no\\\/?s={search_term_string}\"},\"query-input\":{\"@type\":\"PropertyValueSpecification\",\"valueRequired\":true,\"valueName\":\"search_term_string\"}}],\"inLanguage\":\"en-US\"},{\"@type\":\"Organization\",\"@id\":\"https:\\\/\\\/gooddealersmeds.com\\\/no\\\/#organization\",\"name\":\"Good Dealers Meds\",\"url\":\"https:\\\/\\\/gooddealersmeds.com\\\/no\\\/\",\"logo\":{\"@type\":\"ImageObject\",\"inLanguage\":\"en-US\",\"@id\":\"https:\\\/\\\/gooddealersmeds.com\\\/no\\\/#\\\/schema\\\/logo\\\/image\\\/\",\"url\":\"https:\\\/\\\/gooddealersmeds.com\\\/no\\\/wp-content\\\/uploads\\\/sites\\\/8\\\/2022\\\/03\\\/gooddealersmeds__logo__20220317T222800Z.00.png\",\"contentUrl\":\"https:\\\/\\\/gooddealersmeds.com\\\/no\\\/wp-content\\\/uploads\\\/sites\\\/8\\\/2022\\\/03\\\/gooddealersmeds__logo__20220317T222800Z.00.png\",\"width\":500,\"height\":325,\"caption\":\"Good Dealers Meds\"},\"image\":{\"@id\":\"https:\\\/\\\/gooddealersmeds.com\\\/no\\\/#\\\/schema\\\/logo\\\/image\\\/\"}}]}<\/script>\n<!-- \/ Yoast SEO Premium plugin. -->","yoast_head_json":{"title":"Kj\u00f8p 2-Fdck Drug Online - ( 2-fdck Til salgs ) |","description":"Kj\u00f8p 2-FDCK medikament online, 2-FDCK (ogs\u00e5 kjent som 2-Fl-2\u2032-Oxo-PCM, Fluoroketamine og 2-Fluorodeschloroketamine) er et dissosiativt anestesimiddel.","robots":{"index":"index","follow":"follow","max-snippet":"max-snippet:-1","max-image-preview":"max-image-preview:large","max-video-preview":"max-video-preview:-1"},"canonical":"https:\/\/gooddealersmeds.com\/no\/product\/2-fdck-medikament\/","og_locale":"en_US","og_type":"article","og_title":"Kj\u00f8p 2-Fdck Drug Online","og_description":"Kj\u00f8p 2-FDCK medikament online, 2-FDCK (ogs\u00e5 kjent som 2-Fl-2\u2032-Oxo-PCM, Fluoroketamine og 2-Fluorodeschloroketamine) er et dissosiativt anestesimiddel.","og_url":"https:\/\/gooddealersmeds.com\/no\/product\/2-fdck-medikament\/","og_site_name":"Good Dealers Meds","article_modified_time":"2022-10-03T21:24:22+00:00","og_image":[{"width":600,"height":600,"url":"https:\/\/gooddealersmeds.com\/no\/wp-content\/uploads\/sites\/8\/2022\/07\/2-Fdck-Drug.jpg","type":"image\/jpeg"}],"twitter_card":"summary_large_image","twitter_misc":{"Est. reading time":"2 minutes"},"schema":{"@context":"https:\/\/schema.org","@graph":[{"@type":"WebPage","@id":"https:\/\/gooddealersmeds.com\/no\/product\/2-fdck-medikament\/","url":"https:\/\/gooddealersmeds.com\/no\/product\/2-fdck-medikament\/","name":"Kj\u00f8p 2-Fdck Drug Online - ( 2-fdck Til salgs ) |","isPartOf":{"@id":"https:\/\/gooddealersmeds.com\/no\/#website"},"primaryImageOfPage":{"@id":"https:\/\/gooddealersmeds.com\/no\/product\/2-fdck-medikament\/#primaryimage"},"image":{"@id":"https:\/\/gooddealersmeds.com\/no\/product\/2-fdck-medikament\/#primaryimage"},"thumbnailUrl":"https:\/\/gooddealersmeds.com\/no\/wp-content\/uploads\/sites\/8\/2022\/07\/2-Fdck-Drug.jpg","datePublished":"2022-07-03T12:03:51+00:00","dateModified":"2022-10-03T21:24:22+00:00","description":"Kj\u00f8p 2-FDCK medikament online, 2-FDCK (ogs\u00e5 kjent som 2-Fl-2\u2032-Oxo-PCM, Fluoroketamine og 2-Fluorodeschloroketamine) er et dissosiativt anestesimiddel.","breadcrumb":{"@id":"https:\/\/gooddealersmeds.com\/no\/product\/2-fdck-medikament\/#breadcrumb"},"inLanguage":"en-US","potentialAction":[{"@type":"ReadAction","target":["https:\/\/gooddealersmeds.com\/no\/product\/2-fdck-medikament\/"]}]},{"@type":"ImageObject","inLanguage":"en-US","@id":"https:\/\/gooddealersmeds.com\/no\/product\/2-fdck-medikament\/#primaryimage","url":"https:\/\/gooddealersmeds.com\/no\/wp-content\/uploads\/sites\/8\/2022\/07\/2-Fdck-Drug.jpg","contentUrl":"https:\/\/gooddealersmeds.com\/no\/wp-content\/uploads\/sites\/8\/2022\/07\/2-Fdck-Drug.jpg","width":600,"height":600,"caption":"Buy 2-Fdck Drug Online"},{"@type":"BreadcrumbList","@id":"https:\/\/gooddealersmeds.com\/no\/product\/2-fdck-medikament\/#breadcrumb","itemListElement":[{"@type":"ListItem","position":1,"name":"Home","item":"https:\/\/gooddealersmeds.com\/no\/"},{"@type":"ListItem","position":2,"name":"Produkter","item":"https:\/\/gooddealersmeds.com\/no\/produkter\/"},{"@type":"ListItem","position":3,"name":"Kj\u00f8p 2-Fdck Drug Online"}]},{"@type":"WebSite","@id":"https:\/\/gooddealersmeds.com\/no\/#website","url":"https:\/\/gooddealersmeds.com\/no\/","name":"Good Dealers Meds","description":"All our best","publisher":{"@id":"https:\/\/gooddealersmeds.com\/no\/#organization"},"potentialAction":[{"@type":"SearchAction","target":{"@type":"EntryPoint","urlTemplate":"https:\/\/gooddealersmeds.com\/no\/?s={search_term_string}"},"query-input":{"@type":"PropertyValueSpecification","valueRequired":true,"valueName":"search_term_string"}}],"inLanguage":"en-US"},{"@type":"Organization","@id":"https:\/\/gooddealersmeds.com\/no\/#organization","name":"Good Dealers Meds","url":"https:\/\/gooddealersmeds.com\/no\/","logo":{"@type":"ImageObject","inLanguage":"en-US","@id":"https:\/\/gooddealersmeds.com\/no\/#\/schema\/logo\/image\/","url":"https:\/\/gooddealersmeds.com\/no\/wp-content\/uploads\/sites\/8\/2022\/03\/gooddealersmeds__logo__20220317T222800Z.00.png","contentUrl":"https:\/\/gooddealersmeds.com\/no\/wp-content\/uploads\/sites\/8\/2022\/03\/gooddealersmeds__logo__20220317T222800Z.00.png","width":500,"height":325,"caption":"Good Dealers Meds"},"image":{"@id":"https:\/\/gooddealersmeds.com\/no\/#\/schema\/logo\/image\/"}}]}},"_links":{"self":[{"href":"https:\/\/gooddealersmeds.com\/no\/wp-json\/wp\/v2\/product\/1912","targetHints":{"allow":["GET"]}}],"collection":[{"href":"https:\/\/gooddealersmeds.com\/no\/wp-json\/wp\/v2\/product"}],"about":[{"href":"https:\/\/gooddealersmeds.com\/no\/wp-json\/wp\/v2\/types\/product"}],"replies":[{"embeddable":true,"href":"https:\/\/gooddealersmeds.com\/no\/wp-json\/wp\/v2\/comments?post=1912"}],"wp:featuredmedia":[{"embeddable":true,"href":"https:\/\/gooddealersmeds.com\/no\/wp-json\/wp\/v2\/media\/1917"}],"wp:attachment":[{"href":"https:\/\/gooddealersmeds.com\/no\/wp-json\/wp\/v2\/media?parent=1912"}],"wp:term":[{"taxonomy":"product_brand","embeddable":true,"href":"https:\/\/gooddealersmeds.com\/no\/wp-json\/wp\/v2\/product_brand?post=1912"},{"taxonomy":"product_cat","embeddable":true,"href":"https:\/\/gooddealersmeds.com\/no\/wp-json\/wp\/v2\/product_cat?post=1912"},{"taxonomy":"product_tag","embeddable":true,"href":"https:\/\/gooddealersmeds.com\/no\/wp-json\/wp\/v2\/product_tag?post=1912"}],"curies":[{"name":"wp","href":"https:\/\/api.w.org\/{rel}","templated":true}]}}