{"id":1905,"date":"2022-07-03T11:59:56","date_gmt":"2022-07-03T11:59:56","guid":{"rendered":"https:\/\/gooddealersmeds.com\/no\/?post_type=product&#038;p=1905"},"modified":"2022-10-03T21:24:29","modified_gmt":"2022-10-03T21:24:29","slug":"25i-nboh-medisiner","status":"publish","type":"product","link":"https:\/\/gooddealersmeds.com\/no\/product\/25i-nboh-medisiner\/","title":{"rendered":"Kj\u00f8p 25i NBOH Drugs Online"},"content":{"rendered":"<p>25i NBOH, eller fenetylamin klasse 2C-I-NBOH, er et nytt syntetisk psykedelisk stoff som er n\u00e6rt beslektet med 25I-NBOMe. 25i NBOH er et fenetylamin-avledet hallusinogen 2C-I-derivat. Et team fra Purdue University oppdaget det i 2006.<\/p>\n<p>Det har blitt unders\u00f8kt som et potensielt medikament for kartlegging av positronemisjonstomografi av 5-HT2A-reseptorer i hjernen. Selv om deres fysiologiske og toksikologiske egenskaper ikke er fullstendig karakterisert, foresl\u00e5s NBOH-forbindelsene som et lovlig alternativ til NBOH-forbindelsene.<\/p>\n<p>NBOH-forbindelser er N-benzylhydroksyderivater av 2C-hallusinogener-familien som ofte inneholder et halogen gruppe (dvs. klor, brom eller jod) i posisjon 4 i A-ringen og en hydroksylgruppe i posisjon 2&#8242; i B-ringen. Selv om deres fysiologiske og toksikologiske egenskaper ikke er fullstendig karakterisert, foresl\u00e5s NBOH-forbindelsene som et lovlig alternativ til NBOH-forbindelsene.<\/p>\n<ul>\n<li>NBOH-forbindelser er inaktive og b\u00f8r kun tas sublingualt og p\u00e5 en m\u00e5te som gir rask absorpsjon.<\/li>\n<li>Hvis blotters ikke fungerer s\u00e5 raskt som du forventer, ikke anta at de er av lav kvalitet; de kan inkludere et annet medikament som tar lengre tid \u00e5 virke.<\/li>\n<li>Denne medisinen b\u00f8r brukes med forsiktighet. Du b\u00f8r begynne med en liten dose. Unng\u00e5 \u00e5 kombinere det med andre stoffer, for eksempel alkohol eller foreskrevne medisiner.<\/li>\n<\/ul>\n<p><strong>Kjemi:<\/strong><\/p>\n<p>Fenetylamin 2C-I er et fenetylaminderivat av 25I-NBOH. Denne medisinen er et serotoninergt N-benzyl-derivat. Metoksygruppene CH3O og jod er tilstede i den kjemiske sammensetningen av 25I-NBOH.<\/p>\n<p><strong>Utseende:<\/strong><\/p>\n<p>Krystallinsk fast stoff, pulver<\/p>\n<p><strong>Frakt &amp; Lagring:<\/strong><\/p>\n<ul>\n<li>Lagring: -20 C<\/li>\n<li>I v\u00e5t is<\/li>\n<li>Stabilitet: Ca. 2 \u00e5r<\/li>\n<\/ul>\n<p><strong>Forsiktighet:<\/strong><\/p>\n<p>Hvis du eller noen du er sammen med blir syk, s\u00f8k lege umiddelbart! Ring sykehuset med en gang og bli hos dem. Hvis du deltar p\u00e5 et arrangement eller en festival, vil det v\u00e6re medisinsk personell og velferdspersonell tilgjengelig for \u00e5 hjelpe deg.<\/p>\n<p><strong>Tilgjengelighet:<\/strong><\/p>\n<p>Du kan kj\u00f8pe 25i NBOH Narkotika p\u00e5 nett fra butikken v\u00e5r med garantert levering.<\/p>\n","protected":false},"excerpt":{"rendered":"<p>Kj\u00f8p 25I-NBOH-medisiner p\u00e5 nettet er forskningskjemikalier av h\u00f8y kvalitet. Du kan kj\u00f8pe 25I-NBOH online til engrospris fra tillitsleverand\u00f8r. Sikker frakt 25I-NBOH til USA, BRASIL, EU, Storbritannia og andre land.<\/p>\n","protected":false},"featured_media":1911,"comment_status":"open","ping_status":"closed","template":"","meta":{"inline_featured_image":false},"product_brand":[],"product_cat":[344],"product_tag":[],"class_list":{"0":"post-1905","1":"product","2":"type-product","3":"status-publish","4":"has-post-thumbnail","6":"product_cat-forsknings-kjemikalier","8":"first","9":"instock","10":"shipping-taxable","11":"purchasable","12":"product-type-variable","13":"has-default-attributes"},"yoast_head":"<!-- This site is optimized with the Yoast SEO Premium plugin v20.6 (Yoast SEO v27.3) - https:\/\/yoast.com\/product\/yoast-seo-premium-wordpress\/ -->\n<title>25i NBOH Drugs - Kj\u00f8p online med beste kvalitet |<\/title>\n<meta name=\"description\" content=\"Kj\u00f8p 25i NBOH medisiner online til engrospris fra tillitsleverand\u00f8r. Sikker frakt 25I-NBOH til USA, BRASIL, EU, Storbritannia og andre land.\" \/>\n<meta name=\"robots\" content=\"index, follow, max-snippet:-1, max-image-preview:large, max-video-preview:-1\" \/>\n<link rel=\"canonical\" href=\"https:\/\/gooddealersmeds.com\/no\/product\/25i-nboh-medisiner\/\" \/>\n<meta property=\"og:locale\" content=\"en_US\" \/>\n<meta property=\"og:type\" content=\"article\" \/>\n<meta property=\"og:title\" content=\"Kj\u00f8p 25i NBOH Drugs Online\" \/>\n<meta property=\"og:description\" content=\"Kj\u00f8p 25i NBOH medisiner online til engrospris fra tillitsleverand\u00f8r. Sikker frakt 25I-NBOH til USA, BRASIL, EU, Storbritannia og andre land.\" \/>\n<meta property=\"og:url\" content=\"https:\/\/gooddealersmeds.com\/no\/product\/25i-nboh-medisiner\/\" \/>\n<meta property=\"og:site_name\" content=\"Good Dealers Meds\" \/>\n<meta property=\"article:modified_time\" content=\"2022-10-03T21:24:29+00:00\" \/>\n<meta property=\"og:image\" content=\"https:\/\/gooddealersmeds.com\/no\/wp-content\/uploads\/sites\/8\/2022\/07\/25i-NBOH-Drugs.png\" \/>\n\t<meta property=\"og:image:width\" content=\"600\" \/>\n\t<meta property=\"og:image:height\" content=\"600\" \/>\n\t<meta property=\"og:image:type\" content=\"image\/png\" \/>\n<meta name=\"twitter:card\" content=\"summary_large_image\" \/>\n<meta name=\"twitter:label1\" content=\"Est. reading time\" \/>\n\t<meta name=\"twitter:data1\" content=\"2 minutes\" \/>\n<script type=\"application\/ld+json\" class=\"yoast-schema-graph\">{\"@context\":\"https:\\\/\\\/schema.org\",\"@graph\":[{\"@type\":\"WebPage\",\"@id\":\"https:\\\/\\\/gooddealersmeds.com\\\/no\\\/product\\\/25i-nboh-medisiner\\\/\",\"url\":\"https:\\\/\\\/gooddealersmeds.com\\\/no\\\/product\\\/25i-nboh-medisiner\\\/\",\"name\":\"25i NBOH Drugs - Kj\u00f8p online med beste kvalitet |\",\"isPartOf\":{\"@id\":\"https:\\\/\\\/gooddealersmeds.com\\\/no\\\/#website\"},\"primaryImageOfPage\":{\"@id\":\"https:\\\/\\\/gooddealersmeds.com\\\/no\\\/product\\\/25i-nboh-medisiner\\\/#primaryimage\"},\"image\":{\"@id\":\"https:\\\/\\\/gooddealersmeds.com\\\/no\\\/product\\\/25i-nboh-medisiner\\\/#primaryimage\"},\"thumbnailUrl\":\"https:\\\/\\\/gooddealersmeds.com\\\/no\\\/wp-content\\\/uploads\\\/sites\\\/8\\\/2022\\\/07\\\/25i-NBOH-Drugs.png\",\"datePublished\":\"2022-07-03T11:59:56+00:00\",\"dateModified\":\"2022-10-03T21:24:29+00:00\",\"description\":\"Kj\u00f8p 25i NBOH medisiner online til engrospris fra tillitsleverand\u00f8r. Sikker frakt 25I-NBOH til USA, BRASIL, EU, Storbritannia og andre land.\",\"breadcrumb\":{\"@id\":\"https:\\\/\\\/gooddealersmeds.com\\\/no\\\/product\\\/25i-nboh-medisiner\\\/#breadcrumb\"},\"inLanguage\":\"en-US\",\"potentialAction\":[{\"@type\":\"ReadAction\",\"target\":[\"https:\\\/\\\/gooddealersmeds.com\\\/no\\\/product\\\/25i-nboh-medisiner\\\/\"]}]},{\"@type\":\"ImageObject\",\"inLanguage\":\"en-US\",\"@id\":\"https:\\\/\\\/gooddealersmeds.com\\\/no\\\/product\\\/25i-nboh-medisiner\\\/#primaryimage\",\"url\":\"https:\\\/\\\/gooddealersmeds.com\\\/no\\\/wp-content\\\/uploads\\\/sites\\\/8\\\/2022\\\/07\\\/25i-NBOH-Drugs.png\",\"contentUrl\":\"https:\\\/\\\/gooddealersmeds.com\\\/no\\\/wp-content\\\/uploads\\\/sites\\\/8\\\/2022\\\/07\\\/25i-NBOH-Drugs.png\",\"width\":600,\"height\":600,\"caption\":\"25i NBOH Drugs\"},{\"@type\":\"BreadcrumbList\",\"@id\":\"https:\\\/\\\/gooddealersmeds.com\\\/no\\\/product\\\/25i-nboh-medisiner\\\/#breadcrumb\",\"itemListElement\":[{\"@type\":\"ListItem\",\"position\":1,\"name\":\"Home\",\"item\":\"https:\\\/\\\/gooddealersmeds.com\\\/no\\\/\"},{\"@type\":\"ListItem\",\"position\":2,\"name\":\"Produkter\",\"item\":\"https:\\\/\\\/gooddealersmeds.com\\\/no\\\/produkter\\\/\"},{\"@type\":\"ListItem\",\"position\":3,\"name\":\"Kj\u00f8p 25i NBOH Drugs Online\"}]},{\"@type\":\"WebSite\",\"@id\":\"https:\\\/\\\/gooddealersmeds.com\\\/no\\\/#website\",\"url\":\"https:\\\/\\\/gooddealersmeds.com\\\/no\\\/\",\"name\":\"Good Dealers Meds\",\"description\":\"All our best\",\"publisher\":{\"@id\":\"https:\\\/\\\/gooddealersmeds.com\\\/no\\\/#organization\"},\"potentialAction\":[{\"@type\":\"SearchAction\",\"target\":{\"@type\":\"EntryPoint\",\"urlTemplate\":\"https:\\\/\\\/gooddealersmeds.com\\\/no\\\/?s={search_term_string}\"},\"query-input\":{\"@type\":\"PropertyValueSpecification\",\"valueRequired\":true,\"valueName\":\"search_term_string\"}}],\"inLanguage\":\"en-US\"},{\"@type\":\"Organization\",\"@id\":\"https:\\\/\\\/gooddealersmeds.com\\\/no\\\/#organization\",\"name\":\"Good Dealers Meds\",\"url\":\"https:\\\/\\\/gooddealersmeds.com\\\/no\\\/\",\"logo\":{\"@type\":\"ImageObject\",\"inLanguage\":\"en-US\",\"@id\":\"https:\\\/\\\/gooddealersmeds.com\\\/no\\\/#\\\/schema\\\/logo\\\/image\\\/\",\"url\":\"https:\\\/\\\/gooddealersmeds.com\\\/no\\\/wp-content\\\/uploads\\\/sites\\\/8\\\/2022\\\/03\\\/gooddealersmeds__logo__20220317T222800Z.00.png\",\"contentUrl\":\"https:\\\/\\\/gooddealersmeds.com\\\/no\\\/wp-content\\\/uploads\\\/sites\\\/8\\\/2022\\\/03\\\/gooddealersmeds__logo__20220317T222800Z.00.png\",\"width\":500,\"height\":325,\"caption\":\"Good Dealers Meds\"},\"image\":{\"@id\":\"https:\\\/\\\/gooddealersmeds.com\\\/no\\\/#\\\/schema\\\/logo\\\/image\\\/\"}}]}<\/script>\n<!-- \/ Yoast SEO Premium plugin. -->","yoast_head_json":{"title":"25i NBOH Drugs - Kj\u00f8p online med beste kvalitet |","description":"Kj\u00f8p 25i NBOH medisiner online til engrospris fra tillitsleverand\u00f8r. Sikker frakt 25I-NBOH til USA, BRASIL, EU, Storbritannia og andre land.","robots":{"index":"index","follow":"follow","max-snippet":"max-snippet:-1","max-image-preview":"max-image-preview:large","max-video-preview":"max-video-preview:-1"},"canonical":"https:\/\/gooddealersmeds.com\/no\/product\/25i-nboh-medisiner\/","og_locale":"en_US","og_type":"article","og_title":"Kj\u00f8p 25i NBOH Drugs Online","og_description":"Kj\u00f8p 25i NBOH medisiner online til engrospris fra tillitsleverand\u00f8r. Sikker frakt 25I-NBOH til USA, BRASIL, EU, Storbritannia og andre land.","og_url":"https:\/\/gooddealersmeds.com\/no\/product\/25i-nboh-medisiner\/","og_site_name":"Good Dealers Meds","article_modified_time":"2022-10-03T21:24:29+00:00","og_image":[{"width":600,"height":600,"url":"https:\/\/gooddealersmeds.com\/no\/wp-content\/uploads\/sites\/8\/2022\/07\/25i-NBOH-Drugs.png","type":"image\/png"}],"twitter_card":"summary_large_image","twitter_misc":{"Est. reading time":"2 minutes"},"schema":{"@context":"https:\/\/schema.org","@graph":[{"@type":"WebPage","@id":"https:\/\/gooddealersmeds.com\/no\/product\/25i-nboh-medisiner\/","url":"https:\/\/gooddealersmeds.com\/no\/product\/25i-nboh-medisiner\/","name":"25i NBOH Drugs - Kj\u00f8p online med beste kvalitet |","isPartOf":{"@id":"https:\/\/gooddealersmeds.com\/no\/#website"},"primaryImageOfPage":{"@id":"https:\/\/gooddealersmeds.com\/no\/product\/25i-nboh-medisiner\/#primaryimage"},"image":{"@id":"https:\/\/gooddealersmeds.com\/no\/product\/25i-nboh-medisiner\/#primaryimage"},"thumbnailUrl":"https:\/\/gooddealersmeds.com\/no\/wp-content\/uploads\/sites\/8\/2022\/07\/25i-NBOH-Drugs.png","datePublished":"2022-07-03T11:59:56+00:00","dateModified":"2022-10-03T21:24:29+00:00","description":"Kj\u00f8p 25i NBOH medisiner online til engrospris fra tillitsleverand\u00f8r. Sikker frakt 25I-NBOH til USA, BRASIL, EU, Storbritannia og andre land.","breadcrumb":{"@id":"https:\/\/gooddealersmeds.com\/no\/product\/25i-nboh-medisiner\/#breadcrumb"},"inLanguage":"en-US","potentialAction":[{"@type":"ReadAction","target":["https:\/\/gooddealersmeds.com\/no\/product\/25i-nboh-medisiner\/"]}]},{"@type":"ImageObject","inLanguage":"en-US","@id":"https:\/\/gooddealersmeds.com\/no\/product\/25i-nboh-medisiner\/#primaryimage","url":"https:\/\/gooddealersmeds.com\/no\/wp-content\/uploads\/sites\/8\/2022\/07\/25i-NBOH-Drugs.png","contentUrl":"https:\/\/gooddealersmeds.com\/no\/wp-content\/uploads\/sites\/8\/2022\/07\/25i-NBOH-Drugs.png","width":600,"height":600,"caption":"25i NBOH Drugs"},{"@type":"BreadcrumbList","@id":"https:\/\/gooddealersmeds.com\/no\/product\/25i-nboh-medisiner\/#breadcrumb","itemListElement":[{"@type":"ListItem","position":1,"name":"Home","item":"https:\/\/gooddealersmeds.com\/no\/"},{"@type":"ListItem","position":2,"name":"Produkter","item":"https:\/\/gooddealersmeds.com\/no\/produkter\/"},{"@type":"ListItem","position":3,"name":"Kj\u00f8p 25i NBOH Drugs Online"}]},{"@type":"WebSite","@id":"https:\/\/gooddealersmeds.com\/no\/#website","url":"https:\/\/gooddealersmeds.com\/no\/","name":"Good Dealers Meds","description":"All our best","publisher":{"@id":"https:\/\/gooddealersmeds.com\/no\/#organization"},"potentialAction":[{"@type":"SearchAction","target":{"@type":"EntryPoint","urlTemplate":"https:\/\/gooddealersmeds.com\/no\/?s={search_term_string}"},"query-input":{"@type":"PropertyValueSpecification","valueRequired":true,"valueName":"search_term_string"}}],"inLanguage":"en-US"},{"@type":"Organization","@id":"https:\/\/gooddealersmeds.com\/no\/#organization","name":"Good Dealers Meds","url":"https:\/\/gooddealersmeds.com\/no\/","logo":{"@type":"ImageObject","inLanguage":"en-US","@id":"https:\/\/gooddealersmeds.com\/no\/#\/schema\/logo\/image\/","url":"https:\/\/gooddealersmeds.com\/no\/wp-content\/uploads\/sites\/8\/2022\/03\/gooddealersmeds__logo__20220317T222800Z.00.png","contentUrl":"https:\/\/gooddealersmeds.com\/no\/wp-content\/uploads\/sites\/8\/2022\/03\/gooddealersmeds__logo__20220317T222800Z.00.png","width":500,"height":325,"caption":"Good Dealers Meds"},"image":{"@id":"https:\/\/gooddealersmeds.com\/no\/#\/schema\/logo\/image\/"}}]}},"_links":{"self":[{"href":"https:\/\/gooddealersmeds.com\/no\/wp-json\/wp\/v2\/product\/1905","targetHints":{"allow":["GET"]}}],"collection":[{"href":"https:\/\/gooddealersmeds.com\/no\/wp-json\/wp\/v2\/product"}],"about":[{"href":"https:\/\/gooddealersmeds.com\/no\/wp-json\/wp\/v2\/types\/product"}],"replies":[{"embeddable":true,"href":"https:\/\/gooddealersmeds.com\/no\/wp-json\/wp\/v2\/comments?post=1905"}],"wp:featuredmedia":[{"embeddable":true,"href":"https:\/\/gooddealersmeds.com\/no\/wp-json\/wp\/v2\/media\/1911"}],"wp:attachment":[{"href":"https:\/\/gooddealersmeds.com\/no\/wp-json\/wp\/v2\/media?parent=1905"}],"wp:term":[{"taxonomy":"product_brand","embeddable":true,"href":"https:\/\/gooddealersmeds.com\/no\/wp-json\/wp\/v2\/product_brand?post=1905"},{"taxonomy":"product_cat","embeddable":true,"href":"https:\/\/gooddealersmeds.com\/no\/wp-json\/wp\/v2\/product_cat?post=1905"},{"taxonomy":"product_tag","embeddable":true,"href":"https:\/\/gooddealersmeds.com\/no\/wp-json\/wp\/v2\/product_tag?post=1905"}],"curies":[{"name":"wp","href":"https:\/\/api.w.org\/{rel}","templated":true}]}}