{"id":1898,"date":"2022-07-03T11:54:52","date_gmt":"2022-07-03T11:54:52","guid":{"rendered":"https:\/\/gooddealersmeds.com\/no\/?post_type=product&#038;p=1898"},"modified":"2022-10-03T21:24:36","modified_gmt":"2022-10-03T21:24:36","slug":"25i-nbome-medikament","status":"publish","type":"product","link":"https:\/\/gooddealersmeds.com\/no\/product\/25i-nbome-medikament\/","title":{"rendered":"Bestill 25i NBOME Drug"},"content":{"rendered":"<p><strong>Kj\u00f8p 25i NBOME-medisin p\u00e5 nett<\/strong><\/p>\n<p>25i NBOME-medisin er en type medikament som brukes til \u00e5 behandle en lang rekke medisinske tilstander. Legemidlet er kjent som 1-metyl-4-fenyl-1,2,3,6-tetrahydropyridin (MPTP) og har tidligere blitt brukt til \u00e5 behandle Parkinsons sykdom. Imidlertid har det n\u00e5 blitt forbudt p\u00e5 grunn av dets toksiske effekter p\u00e5 hjernen, og det har blitt klart at bruken av dette stoffet kan for\u00e5rsake permanent skade p\u00e5 nervesystemet ditt.<\/p>\n<p>Hvis du tenker p\u00e5 \u00e5 kj\u00f8pe 25i NB Drug Online, da b\u00f8r du vite at denne medisinen har blitt brukt i kliniske studier. Resultatene av disse studiene viste at det hadde en generell fordel for pasienter som led av ulike typer kreft, inkludert lungekreft og lymfom. I tillegg ble det funnet \u00e5 v\u00e6re effektivt mot flere typer kreft samtidig.<\/p>\n<p><strong>\u00a0<\/strong><\/p>\n<p><strong>Hvorfor kj\u00f8pe 25i NBOME Drug Online?<\/strong><\/p>\n<p>Mange mennesker som har brukt dette stoffet i \u00e5revis har rapportert at de f\u00f8ler seg deprimerte eller har d\u00e5rlig konsentrasjon etter \u00e5 ha brukt det for lenge. Selv om dette kan v\u00e6re fordi de har n\u00e5dd dosegrensen eller sluttet \u00e5 ta den helt, vil noen fortsette \u00e5 lide av disse symptomene selv etter at de slutter \u00e5 ta 25i NBOME-medisiner p\u00e5 nettet. Dette betyr at det er mange mennesker som har lidd av bivirkninger som f\u00f8lge av \u00e5 bruke dette stoffet uten \u00e5 vite om farene p\u00e5 forh\u00e5nd!<\/p>\n<p><strong>\u00a0<\/strong><\/p>\n<p><strong>Hvor kan du kj\u00f8pe 25i NBOME Drug Online?<\/strong><\/p>\n<p>Hvis du \u00f8nsker \u00e5 bli kvitt de giftige effektene p\u00e5 hjernen din, sjekk ut 25i NBOME Drug Online. Good Dealers Meds tilbyr et bredt spekter av produkter for alle dine hjernebehov.<\/p>\n<p>Vi har det du trenger, enten du leter etter noe som hjelper deg \u00e5 slappe av eller komme deg p\u00e5 beina. Vi selger ogs\u00e5 andre medisiner som kan v\u00e6re nyttige. Selvf\u00f8lgelig, hvis du \u00f8nsker \u00e5 kj\u00f8pe noen av disse medisinene uten \u00e5 m\u00e5tte reise til et faktisk apotek, s\u00e5 er vi stedet for deg!<\/p>\n<p><strong>\u00a0<\/strong><\/p>\n","protected":false},"excerpt":{"rendered":"<p>Kj\u00f8p 25I NBOMe Drug Online er forskningskjemikalier av h\u00f8y kvalitet. Du kan kj\u00f8pe 25I-NBOMe online til engrospris. Trygg levering av 25I-NBOMe til USA, EU, Storbritannia og andre land.<\/p>\n","protected":false},"featured_media":1904,"comment_status":"open","ping_status":"closed","template":"","meta":{"inline_featured_image":false},"product_brand":[],"product_cat":[344],"product_tag":[],"class_list":{"0":"post-1898","1":"product","2":"type-product","3":"status-publish","4":"has-post-thumbnail","6":"product_cat-forsknings-kjemikalier","8":"first","9":"instock","10":"shipping-taxable","11":"purchasable","12":"product-type-variable","13":"has-default-attributes"},"yoast_head":"<!-- This site is optimized with the Yoast SEO Premium plugin v20.6 (Yoast SEO v27.5) - https:\/\/yoast.com\/product\/yoast-seo-premium-wordpress\/ -->\n<title>Kj\u00f8p 25I NBOMe Drug Online - 25I NBOMe til salgs | Good Dealers Meds<\/title>\n<meta name=\"description\" content=\"Kj\u00f8p 25I NBOMe Drug Online, Du kan kj\u00f8pe 25I-NBOMe online til engrospris. Sikker frakt 25I-NBOMe til USA, EU, Storbritannia og andre land.\" \/>\n<meta name=\"robots\" content=\"index, follow, max-snippet:-1, max-image-preview:large, max-video-preview:-1\" \/>\n<link rel=\"canonical\" href=\"https:\/\/gooddealersmeds.com\/no\/product\/25i-nbome-medikament\/\" \/>\n<meta property=\"og:locale\" content=\"en_US\" \/>\n<meta property=\"og:type\" content=\"article\" \/>\n<meta property=\"og:title\" content=\"Bestill 25i NBOME Drug\" \/>\n<meta property=\"og:description\" content=\"Kj\u00f8p 25I NBOMe Drug Online, Du kan kj\u00f8pe 25I-NBOMe online til engrospris. Sikker frakt 25I-NBOMe til USA, EU, Storbritannia og andre land.\" \/>\n<meta property=\"og:url\" content=\"https:\/\/gooddealersmeds.com\/no\/product\/25i-nbome-medikament\/\" \/>\n<meta property=\"og:site_name\" content=\"Good Dealers Meds\" \/>\n<meta property=\"article:modified_time\" content=\"2022-10-03T21:24:36+00:00\" \/>\n<meta property=\"og:image\" content=\"https:\/\/gooddealersmeds.com\/no\/wp-content\/uploads\/sites\/8\/2022\/07\/25i-NBOME-Drug.jpg\" \/>\n\t<meta property=\"og:image:width\" content=\"600\" \/>\n\t<meta property=\"og:image:height\" content=\"600\" \/>\n\t<meta property=\"og:image:type\" content=\"image\/jpeg\" \/>\n<meta name=\"twitter:card\" content=\"summary_large_image\" \/>\n<meta name=\"twitter:label1\" content=\"Est. reading time\" \/>\n\t<meta name=\"twitter:data1\" content=\"2 minutes\" \/>\n<script type=\"application\/ld+json\" class=\"yoast-schema-graph\">{\"@context\":\"https:\\\/\\\/schema.org\",\"@graph\":[{\"@type\":\"WebPage\",\"@id\":\"https:\\\/\\\/gooddealersmeds.com\\\/no\\\/product\\\/25i-nbome-medikament\\\/\",\"url\":\"https:\\\/\\\/gooddealersmeds.com\\\/no\\\/product\\\/25i-nbome-medikament\\\/\",\"name\":\"Kj\u00f8p 25I NBOMe Drug Online - 25I NBOMe til salgs | Good Dealers Meds\",\"isPartOf\":{\"@id\":\"https:\\\/\\\/gooddealersmeds.com\\\/no\\\/#website\"},\"primaryImageOfPage\":{\"@id\":\"https:\\\/\\\/gooddealersmeds.com\\\/no\\\/product\\\/25i-nbome-medikament\\\/#primaryimage\"},\"image\":{\"@id\":\"https:\\\/\\\/gooddealersmeds.com\\\/no\\\/product\\\/25i-nbome-medikament\\\/#primaryimage\"},\"thumbnailUrl\":\"https:\\\/\\\/gooddealersmeds.com\\\/no\\\/wp-content\\\/uploads\\\/sites\\\/8\\\/2022\\\/07\\\/25i-NBOME-Drug.jpg\",\"datePublished\":\"2022-07-03T11:54:52+00:00\",\"dateModified\":\"2022-10-03T21:24:36+00:00\",\"description\":\"Kj\u00f8p 25I NBOMe Drug Online, Du kan kj\u00f8pe 25I-NBOMe online til engrospris. Sikker frakt 25I-NBOMe til USA, EU, Storbritannia og andre land.\",\"breadcrumb\":{\"@id\":\"https:\\\/\\\/gooddealersmeds.com\\\/no\\\/product\\\/25i-nbome-medikament\\\/#breadcrumb\"},\"inLanguage\":\"en-US\",\"potentialAction\":[{\"@type\":\"ReadAction\",\"target\":[\"https:\\\/\\\/gooddealersmeds.com\\\/no\\\/product\\\/25i-nbome-medikament\\\/\"]}]},{\"@type\":\"ImageObject\",\"inLanguage\":\"en-US\",\"@id\":\"https:\\\/\\\/gooddealersmeds.com\\\/no\\\/product\\\/25i-nbome-medikament\\\/#primaryimage\",\"url\":\"https:\\\/\\\/gooddealersmeds.com\\\/no\\\/wp-content\\\/uploads\\\/sites\\\/8\\\/2022\\\/07\\\/25i-NBOME-Drug.jpg\",\"contentUrl\":\"https:\\\/\\\/gooddealersmeds.com\\\/no\\\/wp-content\\\/uploads\\\/sites\\\/8\\\/2022\\\/07\\\/25i-NBOME-Drug.jpg\",\"width\":600,\"height\":600,\"caption\":\"Buy 25I NBOMe Drug\"},{\"@type\":\"BreadcrumbList\",\"@id\":\"https:\\\/\\\/gooddealersmeds.com\\\/no\\\/product\\\/25i-nbome-medikament\\\/#breadcrumb\",\"itemListElement\":[{\"@type\":\"ListItem\",\"position\":1,\"name\":\"Home\",\"item\":\"https:\\\/\\\/gooddealersmeds.com\\\/no\\\/\"},{\"@type\":\"ListItem\",\"position\":2,\"name\":\"Produkter\",\"item\":\"https:\\\/\\\/gooddealersmeds.com\\\/no\\\/produkter\\\/\"},{\"@type\":\"ListItem\",\"position\":3,\"name\":\"Bestill 25i NBOME Drug\"}]},{\"@type\":\"WebSite\",\"@id\":\"https:\\\/\\\/gooddealersmeds.com\\\/no\\\/#website\",\"url\":\"https:\\\/\\\/gooddealersmeds.com\\\/no\\\/\",\"name\":\"Good Dealers Meds\",\"description\":\"All our best\",\"publisher\":{\"@id\":\"https:\\\/\\\/gooddealersmeds.com\\\/no\\\/#organization\"},\"potentialAction\":[{\"@type\":\"SearchAction\",\"target\":{\"@type\":\"EntryPoint\",\"urlTemplate\":\"https:\\\/\\\/gooddealersmeds.com\\\/no\\\/?s={search_term_string}\"},\"query-input\":{\"@type\":\"PropertyValueSpecification\",\"valueRequired\":true,\"valueName\":\"search_term_string\"}}],\"inLanguage\":\"en-US\"},{\"@type\":\"Organization\",\"@id\":\"https:\\\/\\\/gooddealersmeds.com\\\/no\\\/#organization\",\"name\":\"Good Dealers Meds\",\"url\":\"https:\\\/\\\/gooddealersmeds.com\\\/no\\\/\",\"logo\":{\"@type\":\"ImageObject\",\"inLanguage\":\"en-US\",\"@id\":\"https:\\\/\\\/gooddealersmeds.com\\\/no\\\/#\\\/schema\\\/logo\\\/image\\\/\",\"url\":\"https:\\\/\\\/gooddealersmeds.com\\\/no\\\/wp-content\\\/uploads\\\/sites\\\/8\\\/2022\\\/03\\\/gooddealersmeds__logo__20220317T222800Z.00.png\",\"contentUrl\":\"https:\\\/\\\/gooddealersmeds.com\\\/no\\\/wp-content\\\/uploads\\\/sites\\\/8\\\/2022\\\/03\\\/gooddealersmeds__logo__20220317T222800Z.00.png\",\"width\":500,\"height\":325,\"caption\":\"Good Dealers Meds\"},\"image\":{\"@id\":\"https:\\\/\\\/gooddealersmeds.com\\\/no\\\/#\\\/schema\\\/logo\\\/image\\\/\"}}]}<\/script>\n<!-- \/ Yoast SEO Premium plugin. -->","yoast_head_json":{"title":"Kj\u00f8p 25I NBOMe Drug Online - 25I NBOMe til salgs | Good Dealers Meds","description":"Kj\u00f8p 25I NBOMe Drug Online, Du kan kj\u00f8pe 25I-NBOMe online til engrospris. Sikker frakt 25I-NBOMe til USA, EU, Storbritannia og andre land.","robots":{"index":"index","follow":"follow","max-snippet":"max-snippet:-1","max-image-preview":"max-image-preview:large","max-video-preview":"max-video-preview:-1"},"canonical":"https:\/\/gooddealersmeds.com\/no\/product\/25i-nbome-medikament\/","og_locale":"en_US","og_type":"article","og_title":"Bestill 25i NBOME Drug","og_description":"Kj\u00f8p 25I NBOMe Drug Online, Du kan kj\u00f8pe 25I-NBOMe online til engrospris. Sikker frakt 25I-NBOMe til USA, EU, Storbritannia og andre land.","og_url":"https:\/\/gooddealersmeds.com\/no\/product\/25i-nbome-medikament\/","og_site_name":"Good Dealers Meds","article_modified_time":"2022-10-03T21:24:36+00:00","og_image":[{"width":600,"height":600,"url":"https:\/\/gooddealersmeds.com\/no\/wp-content\/uploads\/sites\/8\/2022\/07\/25i-NBOME-Drug.jpg","type":"image\/jpeg"}],"twitter_card":"summary_large_image","twitter_misc":{"Est. reading time":"2 minutes"},"schema":{"@context":"https:\/\/schema.org","@graph":[{"@type":"WebPage","@id":"https:\/\/gooddealersmeds.com\/no\/product\/25i-nbome-medikament\/","url":"https:\/\/gooddealersmeds.com\/no\/product\/25i-nbome-medikament\/","name":"Kj\u00f8p 25I NBOMe Drug Online - 25I NBOMe til salgs | Good Dealers Meds","isPartOf":{"@id":"https:\/\/gooddealersmeds.com\/no\/#website"},"primaryImageOfPage":{"@id":"https:\/\/gooddealersmeds.com\/no\/product\/25i-nbome-medikament\/#primaryimage"},"image":{"@id":"https:\/\/gooddealersmeds.com\/no\/product\/25i-nbome-medikament\/#primaryimage"},"thumbnailUrl":"https:\/\/gooddealersmeds.com\/no\/wp-content\/uploads\/sites\/8\/2022\/07\/25i-NBOME-Drug.jpg","datePublished":"2022-07-03T11:54:52+00:00","dateModified":"2022-10-03T21:24:36+00:00","description":"Kj\u00f8p 25I NBOMe Drug Online, Du kan kj\u00f8pe 25I-NBOMe online til engrospris. Sikker frakt 25I-NBOMe til USA, EU, Storbritannia og andre land.","breadcrumb":{"@id":"https:\/\/gooddealersmeds.com\/no\/product\/25i-nbome-medikament\/#breadcrumb"},"inLanguage":"en-US","potentialAction":[{"@type":"ReadAction","target":["https:\/\/gooddealersmeds.com\/no\/product\/25i-nbome-medikament\/"]}]},{"@type":"ImageObject","inLanguage":"en-US","@id":"https:\/\/gooddealersmeds.com\/no\/product\/25i-nbome-medikament\/#primaryimage","url":"https:\/\/gooddealersmeds.com\/no\/wp-content\/uploads\/sites\/8\/2022\/07\/25i-NBOME-Drug.jpg","contentUrl":"https:\/\/gooddealersmeds.com\/no\/wp-content\/uploads\/sites\/8\/2022\/07\/25i-NBOME-Drug.jpg","width":600,"height":600,"caption":"Buy 25I NBOMe Drug"},{"@type":"BreadcrumbList","@id":"https:\/\/gooddealersmeds.com\/no\/product\/25i-nbome-medikament\/#breadcrumb","itemListElement":[{"@type":"ListItem","position":1,"name":"Home","item":"https:\/\/gooddealersmeds.com\/no\/"},{"@type":"ListItem","position":2,"name":"Produkter","item":"https:\/\/gooddealersmeds.com\/no\/produkter\/"},{"@type":"ListItem","position":3,"name":"Bestill 25i NBOME Drug"}]},{"@type":"WebSite","@id":"https:\/\/gooddealersmeds.com\/no\/#website","url":"https:\/\/gooddealersmeds.com\/no\/","name":"Good Dealers Meds","description":"All our best","publisher":{"@id":"https:\/\/gooddealersmeds.com\/no\/#organization"},"potentialAction":[{"@type":"SearchAction","target":{"@type":"EntryPoint","urlTemplate":"https:\/\/gooddealersmeds.com\/no\/?s={search_term_string}"},"query-input":{"@type":"PropertyValueSpecification","valueRequired":true,"valueName":"search_term_string"}}],"inLanguage":"en-US"},{"@type":"Organization","@id":"https:\/\/gooddealersmeds.com\/no\/#organization","name":"Good Dealers Meds","url":"https:\/\/gooddealersmeds.com\/no\/","logo":{"@type":"ImageObject","inLanguage":"en-US","@id":"https:\/\/gooddealersmeds.com\/no\/#\/schema\/logo\/image\/","url":"https:\/\/gooddealersmeds.com\/no\/wp-content\/uploads\/sites\/8\/2022\/03\/gooddealersmeds__logo__20220317T222800Z.00.png","contentUrl":"https:\/\/gooddealersmeds.com\/no\/wp-content\/uploads\/sites\/8\/2022\/03\/gooddealersmeds__logo__20220317T222800Z.00.png","width":500,"height":325,"caption":"Good Dealers Meds"},"image":{"@id":"https:\/\/gooddealersmeds.com\/no\/#\/schema\/logo\/image\/"}}]}},"_links":{"self":[{"href":"https:\/\/gooddealersmeds.com\/no\/wp-json\/wp\/v2\/product\/1898","targetHints":{"allow":["GET"]}}],"collection":[{"href":"https:\/\/gooddealersmeds.com\/no\/wp-json\/wp\/v2\/product"}],"about":[{"href":"https:\/\/gooddealersmeds.com\/no\/wp-json\/wp\/v2\/types\/product"}],"replies":[{"embeddable":true,"href":"https:\/\/gooddealersmeds.com\/no\/wp-json\/wp\/v2\/comments?post=1898"}],"wp:featuredmedia":[{"embeddable":true,"href":"https:\/\/gooddealersmeds.com\/no\/wp-json\/wp\/v2\/media\/1904"}],"wp:attachment":[{"href":"https:\/\/gooddealersmeds.com\/no\/wp-json\/wp\/v2\/media?parent=1898"}],"wp:term":[{"taxonomy":"product_brand","embeddable":true,"href":"https:\/\/gooddealersmeds.com\/no\/wp-json\/wp\/v2\/product_brand?post=1898"},{"taxonomy":"product_cat","embeddable":true,"href":"https:\/\/gooddealersmeds.com\/no\/wp-json\/wp\/v2\/product_cat?post=1898"},{"taxonomy":"product_tag","embeddable":true,"href":"https:\/\/gooddealersmeds.com\/no\/wp-json\/wp\/v2\/product_tag?post=1898"}],"curies":[{"name":"wp","href":"https:\/\/api.w.org\/{rel}","templated":true}]}}